{"id":31526,"date":"2025-12-12T18:35:32","date_gmt":"2025-12-12T17:35:32","guid":{"rendered":"https:\/\/test.ecbeaute.com\/?post_type=product&#038;p=31526"},"modified":"2025-12-12T18:35:37","modified_gmt":"2025-12-12T17:35:37","slug":"hei-poa-eau-de-toilette-tresor-de-polynesie-50ml","status":"publish","type":"product","link":"https:\/\/paracherkaoui.ma\/index.php\/produit\/hei-poa-eau-de-toilette-tresor-de-polynesie-50ml\/","title":{"rendered":"HEI POA EAU DE TOILETTE TRESOR DE POLYNESIE 50ML"},"content":{"rendered":"<p>L\u2019Eau de Toilette Tr\u00e9sor de Polyn\u00e9sie se d\u00e9voile par des senteurs fruit\u00e9es puis s\u2019ouvre sur un bouquet de fleurs de tiar\u00e9 et de jasmin pour conclure sur la chaleur de la vanille. Ces notes exhalent une senteur de mono\u00ef, v\u00e9ritable tr\u00e9sor de Tahiti, procurant un moment d\u2019\u00e9vasion en Polyn\u00e9sie. Pr\u00e9cautions d&#8217;emploi : Usage externe. Tenir hors de la port\u00e9e des enfants. Ne pas vaporiser dans les yeux. Inflammable. Ne pas utiliser pr\u00e8s d\u2019une flamme.<\/p>\n","protected":false},"excerpt":{"rendered":"<p>L\u2019Eau de Toilette Tr\u00e9sor de Polyn\u00e9sie se d\u00e9voile par des senteurs fruit\u00e9es puis s\u2019ouvre sur un bouquet de fleurs de<\/p>\n","protected":false},"featured_media":31569,"comment_status":"open","ping_status":"closed","template":"","meta":[],"product_brand":[274],"product_cat":[569],"product_tag":[],"class_list":{"0":"post-31526","1":"product","2":"type-product","3":"status-publish","4":"has-post-thumbnail","6":"product_brand-hei-poa","7":"product_cat-parfums","9":"first","10":"instock","11":"sale","12":"shipping-taxable","13":"purchasable","14":"product-type-simple"},"yoast_head":"<!-- This site is optimized with the Yoast SEO plugin v26.6 - https:\/\/yoast.com\/wordpress\/plugins\/seo\/ -->\r\n<title>HEI POA EAU DE TOILETTE TRESOR DE POLYNESIE 50ML - Paracherkaoui.ma<\/title>\r\n<meta name=\"robots\" content=\"index, follow, max-snippet:-1, max-image-preview:large, max-video-preview:-1\" \/>\r\n<link rel=\"canonical\" href=\"https:\/\/paracherkaoui.ma\/index.php\/produit\/hei-poa-eau-de-toilette-tresor-de-polynesie-50ml\/\" \/>\r\n<meta property=\"og:locale\" content=\"fr_FR\" \/>\r\n<meta property=\"og:type\" content=\"article\" \/>\r\n<meta property=\"og:title\" content=\"HEI POA EAU DE TOILETTE TRESOR DE POLYNESIE 50ML - Paracherkaoui.ma\" \/>\r\n<meta property=\"og:description\" content=\"L\u2019Eau de Toilette Tr\u00e9sor de Polyn\u00e9sie se d\u00e9voile par des senteurs fruit\u00e9es puis s\u2019ouvre sur un bouquet de fleurs de\" \/>\r\n<meta property=\"og:url\" content=\"https:\/\/paracherkaoui.ma\/index.php\/produit\/hei-poa-eau-de-toilette-tresor-de-polynesie-50ml\/\" \/>\r\n<meta property=\"og:site_name\" content=\"Paracherkaoui.ma\" \/>\r\n<meta property=\"article:modified_time\" content=\"2025-12-12T17:35:37+00:00\" \/>\r\n<meta property=\"og:image\" content=\"https:\/\/paracherkaoui.ma\/wp-content\/uploads\/2025\/12\/hei-poa-hei-poa-eau-de-toilette-tresor-de-polynesie-50ml-parfums.jpg\" \/>\r\n\t<meta property=\"og:image:width\" content=\"700\" \/>\r\n\t<meta property=\"og:image:height\" content=\"700\" \/>\r\n\t<meta property=\"og:image:type\" content=\"image\/jpeg\" \/>\r\n<meta name=\"twitter:card\" content=\"summary_large_image\" \/>\r\n<script type=\"application\/ld+json\" class=\"yoast-schema-graph\">{\"@context\":\"https:\/\/schema.org\",\"@graph\":[{\"@type\":\"WebPage\",\"@id\":\"https:\/\/paracherkaoui.ma\/index.php\/produit\/hei-poa-eau-de-toilette-tresor-de-polynesie-50ml\/\",\"url\":\"https:\/\/paracherkaoui.ma\/index.php\/produit\/hei-poa-eau-de-toilette-tresor-de-polynesie-50ml\/\",\"name\":\"HEI POA EAU DE TOILETTE TRESOR DE POLYNESIE 50ML - Paracherkaoui.ma\",\"isPartOf\":{\"@id\":\"https:\/\/paracherkaoui.ma\/#website\"},\"primaryImageOfPage\":{\"@id\":\"https:\/\/paracherkaoui.ma\/index.php\/produit\/hei-poa-eau-de-toilette-tresor-de-polynesie-50ml\/#primaryimage\"},\"image\":{\"@id\":\"https:\/\/paracherkaoui.ma\/index.php\/produit\/hei-poa-eau-de-toilette-tresor-de-polynesie-50ml\/#primaryimage\"},\"thumbnailUrl\":\"https:\/\/paracherkaoui.ma\/wp-content\/uploads\/2025\/12\/hei-poa-hei-poa-eau-de-toilette-tresor-de-polynesie-50ml-parfums.jpg\",\"datePublished\":\"2025-12-12T17:35:32+00:00\",\"dateModified\":\"2025-12-12T17:35:37+00:00\",\"breadcrumb\":{\"@id\":\"https:\/\/paracherkaoui.ma\/index.php\/produit\/hei-poa-eau-de-toilette-tresor-de-polynesie-50ml\/#breadcrumb\"},\"inLanguage\":\"fr-FR\",\"potentialAction\":[{\"@type\":\"ReadAction\",\"target\":[\"https:\/\/paracherkaoui.ma\/index.php\/produit\/hei-poa-eau-de-toilette-tresor-de-polynesie-50ml\/\"]}]},{\"@type\":\"ImageObject\",\"inLanguage\":\"fr-FR\",\"@id\":\"https:\/\/paracherkaoui.ma\/index.php\/produit\/hei-poa-eau-de-toilette-tresor-de-polynesie-50ml\/#primaryimage\",\"url\":\"https:\/\/paracherkaoui.ma\/wp-content\/uploads\/2025\/12\/hei-poa-hei-poa-eau-de-toilette-tresor-de-polynesie-50ml-parfums.jpg\",\"contentUrl\":\"https:\/\/paracherkaoui.ma\/wp-content\/uploads\/2025\/12\/hei-poa-hei-poa-eau-de-toilette-tresor-de-polynesie-50ml-parfums.jpg\",\"width\":700,\"height\":700},{\"@type\":\"BreadcrumbList\",\"@id\":\"https:\/\/paracherkaoui.ma\/index.php\/produit\/hei-poa-eau-de-toilette-tresor-de-polynesie-50ml\/#breadcrumb\",\"itemListElement\":[{\"@type\":\"ListItem\",\"position\":1,\"name\":\"Accueil\",\"item\":\"https:\/\/paracherkaoui.ma\/\"},{\"@type\":\"ListItem\",\"position\":2,\"name\":\"Boutique\",\"item\":\"https:\/\/paracherkaoui.ma\/index.php\/boutique\/\"},{\"@type\":\"ListItem\",\"position\":3,\"name\":\"HEI POA EAU DE TOILETTE TRESOR DE POLYNESIE 50ML\"}]},{\"@type\":\"WebSite\",\"@id\":\"https:\/\/paracherkaoui.ma\/#website\",\"url\":\"https:\/\/paracherkaoui.ma\/\",\"name\":\"Paracherkaoui.ma\",\"description\":\"Achetez en ligne sur Paracherkaoui.ma\",\"potentialAction\":[{\"@type\":\"SearchAction\",\"target\":{\"@type\":\"EntryPoint\",\"urlTemplate\":\"https:\/\/paracherkaoui.ma\/?s={search_term_string}\"},\"query-input\":{\"@type\":\"PropertyValueSpecification\",\"valueRequired\":true,\"valueName\":\"search_term_string\"}}],\"inLanguage\":\"fr-FR\"}]}<\/script>\r\n<!-- \/ Yoast SEO plugin. -->","yoast_head_json":{"title":"HEI POA EAU DE TOILETTE TRESOR DE POLYNESIE 50ML - Paracherkaoui.ma","robots":{"index":"index","follow":"follow","max-snippet":"max-snippet:-1","max-image-preview":"max-image-preview:large","max-video-preview":"max-video-preview:-1"},"canonical":"https:\/\/paracherkaoui.ma\/index.php\/produit\/hei-poa-eau-de-toilette-tresor-de-polynesie-50ml\/","og_locale":"fr_FR","og_type":"article","og_title":"HEI POA EAU DE TOILETTE TRESOR DE POLYNESIE 50ML - Paracherkaoui.ma","og_description":"L\u2019Eau de Toilette Tr\u00e9sor de Polyn\u00e9sie se d\u00e9voile par des senteurs fruit\u00e9es puis s\u2019ouvre sur un bouquet de fleurs de","og_url":"https:\/\/paracherkaoui.ma\/index.php\/produit\/hei-poa-eau-de-toilette-tresor-de-polynesie-50ml\/","og_site_name":"Paracherkaoui.ma","article_modified_time":"2025-12-12T17:35:37+00:00","og_image":[{"width":700,"height":700,"url":"https:\/\/paracherkaoui.ma\/wp-content\/uploads\/2025\/12\/hei-poa-hei-poa-eau-de-toilette-tresor-de-polynesie-50ml-parfums.jpg","type":"image\/jpeg"}],"twitter_card":"summary_large_image","schema":{"@context":"https:\/\/schema.org","@graph":[{"@type":"WebPage","@id":"https:\/\/paracherkaoui.ma\/index.php\/produit\/hei-poa-eau-de-toilette-tresor-de-polynesie-50ml\/","url":"https:\/\/paracherkaoui.ma\/index.php\/produit\/hei-poa-eau-de-toilette-tresor-de-polynesie-50ml\/","name":"HEI POA EAU DE TOILETTE TRESOR DE POLYNESIE 50ML - Paracherkaoui.ma","isPartOf":{"@id":"https:\/\/paracherkaoui.ma\/#website"},"primaryImageOfPage":{"@id":"https:\/\/paracherkaoui.ma\/index.php\/produit\/hei-poa-eau-de-toilette-tresor-de-polynesie-50ml\/#primaryimage"},"image":{"@id":"https:\/\/paracherkaoui.ma\/index.php\/produit\/hei-poa-eau-de-toilette-tresor-de-polynesie-50ml\/#primaryimage"},"thumbnailUrl":"https:\/\/paracherkaoui.ma\/wp-content\/uploads\/2025\/12\/hei-poa-hei-poa-eau-de-toilette-tresor-de-polynesie-50ml-parfums.jpg","datePublished":"2025-12-12T17:35:32+00:00","dateModified":"2025-12-12T17:35:37+00:00","breadcrumb":{"@id":"https:\/\/paracherkaoui.ma\/index.php\/produit\/hei-poa-eau-de-toilette-tresor-de-polynesie-50ml\/#breadcrumb"},"inLanguage":"fr-FR","potentialAction":[{"@type":"ReadAction","target":["https:\/\/paracherkaoui.ma\/index.php\/produit\/hei-poa-eau-de-toilette-tresor-de-polynesie-50ml\/"]}]},{"@type":"ImageObject","inLanguage":"fr-FR","@id":"https:\/\/paracherkaoui.ma\/index.php\/produit\/hei-poa-eau-de-toilette-tresor-de-polynesie-50ml\/#primaryimage","url":"https:\/\/paracherkaoui.ma\/wp-content\/uploads\/2025\/12\/hei-poa-hei-poa-eau-de-toilette-tresor-de-polynesie-50ml-parfums.jpg","contentUrl":"https:\/\/paracherkaoui.ma\/wp-content\/uploads\/2025\/12\/hei-poa-hei-poa-eau-de-toilette-tresor-de-polynesie-50ml-parfums.jpg","width":700,"height":700},{"@type":"BreadcrumbList","@id":"https:\/\/paracherkaoui.ma\/index.php\/produit\/hei-poa-eau-de-toilette-tresor-de-polynesie-50ml\/#breadcrumb","itemListElement":[{"@type":"ListItem","position":1,"name":"Accueil","item":"https:\/\/paracherkaoui.ma\/"},{"@type":"ListItem","position":2,"name":"Boutique","item":"https:\/\/paracherkaoui.ma\/index.php\/boutique\/"},{"@type":"ListItem","position":3,"name":"HEI POA EAU DE TOILETTE TRESOR DE POLYNESIE 50ML"}]},{"@type":"WebSite","@id":"https:\/\/paracherkaoui.ma\/#website","url":"https:\/\/paracherkaoui.ma\/","name":"Paracherkaoui.ma","description":"Achetez en ligne sur Paracherkaoui.ma","potentialAction":[{"@type":"SearchAction","target":{"@type":"EntryPoint","urlTemplate":"https:\/\/paracherkaoui.ma\/?s={search_term_string}"},"query-input":{"@type":"PropertyValueSpecification","valueRequired":true,"valueName":"search_term_string"}}],"inLanguage":"fr-FR"}]}},"_links":{"self":[{"href":"https:\/\/paracherkaoui.ma\/index.php\/wp-json\/wp\/v2\/product\/31526","targetHints":{"allow":["GET"]}}],"collection":[{"href":"https:\/\/paracherkaoui.ma\/index.php\/wp-json\/wp\/v2\/product"}],"about":[{"href":"https:\/\/paracherkaoui.ma\/index.php\/wp-json\/wp\/v2\/types\/product"}],"replies":[{"embeddable":true,"href":"https:\/\/paracherkaoui.ma\/index.php\/wp-json\/wp\/v2\/comments?post=31526"}],"version-history":[{"count":1,"href":"https:\/\/paracherkaoui.ma\/index.php\/wp-json\/wp\/v2\/product\/31526\/revisions"}],"predecessor-version":[{"id":31570,"href":"https:\/\/paracherkaoui.ma\/index.php\/wp-json\/wp\/v2\/product\/31526\/revisions\/31570"}],"wp:featuredmedia":[{"embeddable":true,"href":"https:\/\/paracherkaoui.ma\/index.php\/wp-json\/wp\/v2\/media\/31569"}],"wp:attachment":[{"href":"https:\/\/paracherkaoui.ma\/index.php\/wp-json\/wp\/v2\/media?parent=31526"}],"wp:term":[{"taxonomy":"product_brand","embeddable":true,"href":"https:\/\/paracherkaoui.ma\/index.php\/wp-json\/wp\/v2\/product_brand?post=31526"},{"taxonomy":"product_cat","embeddable":true,"href":"https:\/\/paracherkaoui.ma\/index.php\/wp-json\/wp\/v2\/product_cat?post=31526"},{"taxonomy":"product_tag","embeddable":true,"href":"https:\/\/paracherkaoui.ma\/index.php\/wp-json\/wp\/v2\/product_tag?post=31526"}],"curies":[{"name":"wp","href":"https:\/\/api.w.org\/{rel}","templated":true}]}}