{"id":31358,"date":"2025-12-12T18:35:09","date_gmt":"2025-12-12T17:35:09","guid":{"rendered":"https:\/\/test.ecbeaute.com\/?post_type=product&#038;p=31358"},"modified":"2025-12-12T18:35:20","modified_gmt":"2025-12-12T17:35:20","slug":"leal-cosmetics-nuage-sucre-brume-hydratante-parfumee-100ml","status":"publish","type":"product","link":"https:\/\/paracherkaoui.ma\/index.php\/produit\/leal-cosmetics-nuage-sucre-brume-hydratante-parfumee-100ml\/","title":{"rendered":"LEAL COSMETICS NUAGE SUCRE BRUME HYDRATANTE PARFUMEE 100ML"},"content":{"rendered":"<p>Leal Cosmetics, expert en soins sensoriels, a formul\u00e9 cette brume r\u00e9volutionnaire pour une action compl\u00e8te et une efficacit\u00e9 prouv\u00e9e :<br \/>\nUn Soin qui Allie Hydratation et Parfum : La force de ce produit r\u00e9side dans sa dualit\u00e9. Nuage Sucr\u00e9 est une brume hydratante qui ne se contente pas de parfumer. Sa formule est enrichie en ingr\u00e9dients hydratants qui agissent pour nourrir votre peau en profondeur. Elle laisse votre \u00e9piderme souple, velout\u00e9 et lumineux, tout en l&rsquo;enveloppant d&rsquo;un parfum irr\u00e9sistible. C&rsquo;est le soin id\u00e9al pour une peau saine, belle et qui sent divinement bon.<br \/>\nUne Texture L\u00e9g\u00e8re et P\u00e9n\u00e9trante : Le Confort Absolu ! L&rsquo;un des atouts majeurs de cette brume est sa texture. Sa formule douce et l\u00e9g\u00e8re p\u00e9n\u00e8tre rapidement sans coller, vous permettant de vous habiller imm\u00e9diatement apr\u00e8s l&rsquo;application. C&rsquo;est la solution parfaite pour une hydratation express, que ce soit apr\u00e8s la douche ou \u00e0 tout moment de la journ\u00e9e, pour une sensation de fra\u00eecheur et de confort imm\u00e9diate.<br \/>\nUne Exp\u00e9rience Sensorielle Gourmande : Laissez-vous transporter par son parfum irr\u00e9sistible. La fragrance Nuage Sucr\u00e9 est une v\u00e9ritable invitation \u00e0 la gourmandise, une odeur douce et d\u00e9licate qui reste sur la peau et les cheveux tout au long de la journ\u00e9e. C&rsquo;est le petit plaisir qui fait la diff\u00e9rence, un nuage de douceur qui vous suit partout.<br \/>\nPolyvalence et Praticit\u00e9 : Votre Alli\u00e9 Quotidien ! La brume Nuage Sucr\u00e9 est un soin tout-en-un. Elle est parfaite pour le corps et les cheveux, qu&rsquo;elle hydrate et parfume d\u00e9licatement. Son format compact de 100ml est id\u00e9al \u00e0 glisser dans votre sac \u00e0 main ou votre sac de sport, pour un geste de soin et de fra\u00eecheur o\u00f9 que vous soyez.<br \/>\nUne signature unique et addictive :<br \/>\n\u2022 Musk rose<br \/>\n\u2022 Vanille cr\u00e9meuse<br \/>\n\u2022 Framboise juteuse<br \/>\n\u2022 Fleur de nectarine d\u00e9licate<br \/>\nConseils d&rsquo;utilisation :<br \/>\nVous pouvez utiliser la brume \u00e0 tout moment de la journ\u00e9e, aussi souvent que vous le souhaitez, pour hydrater et rafra\u00eechir votre peau et vos cheveux.<\/p>\n","protected":false},"excerpt":{"rendered":"<p>Leal Cosmetics, expert en soins sensoriels, a formul\u00e9 cette brume r\u00e9volutionnaire pour une action compl\u00e8te et une efficacit\u00e9 prouv\u00e9e :<\/p>\n","protected":false},"featured_media":31413,"comment_status":"open","ping_status":"closed","template":"","meta":[],"product_brand":[348],"product_cat":[569],"product_tag":[],"class_list":{"0":"post-31358","1":"product","2":"type-product","3":"status-publish","4":"has-post-thumbnail","6":"product_brand-leals-cosmetics","7":"product_cat-parfums","9":"first","10":"instock","11":"sale","12":"shipping-taxable","13":"purchasable","14":"product-type-simple"},"yoast_head":"<!-- This site is optimized with the Yoast SEO plugin v26.6 - https:\/\/yoast.com\/wordpress\/plugins\/seo\/ -->\r\n<title>LEAL COSMETICS NUAGE SUCRE BRUME HYDRATANTE PARFUMEE 100ML - Paracherkaoui.ma<\/title>\r\n<meta name=\"robots\" content=\"index, follow, max-snippet:-1, max-image-preview:large, max-video-preview:-1\" \/>\r\n<link rel=\"canonical\" href=\"https:\/\/paracherkaoui.ma\/index.php\/produit\/leal-cosmetics-nuage-sucre-brume-hydratante-parfumee-100ml\/\" \/>\r\n<meta property=\"og:locale\" content=\"fr_FR\" \/>\r\n<meta property=\"og:type\" content=\"article\" \/>\r\n<meta property=\"og:title\" content=\"LEAL COSMETICS NUAGE SUCRE BRUME HYDRATANTE PARFUMEE 100ML - Paracherkaoui.ma\" \/>\r\n<meta property=\"og:description\" content=\"Leal Cosmetics, expert en soins sensoriels, a formul\u00e9 cette brume r\u00e9volutionnaire pour une action compl\u00e8te et une efficacit\u00e9 prouv\u00e9e :\" \/>\r\n<meta property=\"og:url\" content=\"https:\/\/paracherkaoui.ma\/index.php\/produit\/leal-cosmetics-nuage-sucre-brume-hydratante-parfumee-100ml\/\" \/>\r\n<meta property=\"og:site_name\" content=\"Paracherkaoui.ma\" \/>\r\n<meta property=\"article:modified_time\" content=\"2025-12-12T17:35:20+00:00\" \/>\r\n<meta property=\"og:image\" content=\"https:\/\/paracherkaoui.ma\/wp-content\/uploads\/2025\/12\/leal-cosmetics-nuage-sucre-brume-hydratante-parfumee-100ml.jpg\" \/>\r\n\t<meta property=\"og:image:width\" content=\"700\" \/>\r\n\t<meta property=\"og:image:height\" content=\"700\" \/>\r\n\t<meta property=\"og:image:type\" content=\"image\/jpeg\" \/>\r\n<meta name=\"twitter:card\" content=\"summary_large_image\" \/>\r\n<meta name=\"twitter:label1\" content=\"Dur\u00e9e de lecture estim\u00e9e\" \/>\n\t<meta name=\"twitter:data1\" content=\"2 minutes\" \/>\r\n<script type=\"application\/ld+json\" class=\"yoast-schema-graph\">{\"@context\":\"https:\/\/schema.org\",\"@graph\":[{\"@type\":\"WebPage\",\"@id\":\"https:\/\/paracherkaoui.ma\/index.php\/produit\/leal-cosmetics-nuage-sucre-brume-hydratante-parfumee-100ml\/\",\"url\":\"https:\/\/paracherkaoui.ma\/index.php\/produit\/leal-cosmetics-nuage-sucre-brume-hydratante-parfumee-100ml\/\",\"name\":\"LEAL COSMETICS NUAGE SUCRE BRUME HYDRATANTE PARFUMEE 100ML - Paracherkaoui.ma\",\"isPartOf\":{\"@id\":\"https:\/\/paracherkaoui.ma\/#website\"},\"primaryImageOfPage\":{\"@id\":\"https:\/\/paracherkaoui.ma\/index.php\/produit\/leal-cosmetics-nuage-sucre-brume-hydratante-parfumee-100ml\/#primaryimage\"},\"image\":{\"@id\":\"https:\/\/paracherkaoui.ma\/index.php\/produit\/leal-cosmetics-nuage-sucre-brume-hydratante-parfumee-100ml\/#primaryimage\"},\"thumbnailUrl\":\"https:\/\/paracherkaoui.ma\/wp-content\/uploads\/2025\/12\/leal-cosmetics-nuage-sucre-brume-hydratante-parfumee-100ml.jpg\",\"datePublished\":\"2025-12-12T17:35:09+00:00\",\"dateModified\":\"2025-12-12T17:35:20+00:00\",\"breadcrumb\":{\"@id\":\"https:\/\/paracherkaoui.ma\/index.php\/produit\/leal-cosmetics-nuage-sucre-brume-hydratante-parfumee-100ml\/#breadcrumb\"},\"inLanguage\":\"fr-FR\",\"potentialAction\":[{\"@type\":\"ReadAction\",\"target\":[\"https:\/\/paracherkaoui.ma\/index.php\/produit\/leal-cosmetics-nuage-sucre-brume-hydratante-parfumee-100ml\/\"]}]},{\"@type\":\"ImageObject\",\"inLanguage\":\"fr-FR\",\"@id\":\"https:\/\/paracherkaoui.ma\/index.php\/produit\/leal-cosmetics-nuage-sucre-brume-hydratante-parfumee-100ml\/#primaryimage\",\"url\":\"https:\/\/paracherkaoui.ma\/wp-content\/uploads\/2025\/12\/leal-cosmetics-nuage-sucre-brume-hydratante-parfumee-100ml.jpg\",\"contentUrl\":\"https:\/\/paracherkaoui.ma\/wp-content\/uploads\/2025\/12\/leal-cosmetics-nuage-sucre-brume-hydratante-parfumee-100ml.jpg\",\"width\":700,\"height\":700},{\"@type\":\"BreadcrumbList\",\"@id\":\"https:\/\/paracherkaoui.ma\/index.php\/produit\/leal-cosmetics-nuage-sucre-brume-hydratante-parfumee-100ml\/#breadcrumb\",\"itemListElement\":[{\"@type\":\"ListItem\",\"position\":1,\"name\":\"Accueil\",\"item\":\"https:\/\/paracherkaoui.ma\/\"},{\"@type\":\"ListItem\",\"position\":2,\"name\":\"Boutique\",\"item\":\"https:\/\/paracherkaoui.ma\/index.php\/boutique\/\"},{\"@type\":\"ListItem\",\"position\":3,\"name\":\"LEAL COSMETICS NUAGE SUCRE BRUME HYDRATANTE PARFUMEE 100ML\"}]},{\"@type\":\"WebSite\",\"@id\":\"https:\/\/paracherkaoui.ma\/#website\",\"url\":\"https:\/\/paracherkaoui.ma\/\",\"name\":\"Paracherkaoui.ma\",\"description\":\"Achetez en ligne sur Paracherkaoui.ma\",\"potentialAction\":[{\"@type\":\"SearchAction\",\"target\":{\"@type\":\"EntryPoint\",\"urlTemplate\":\"https:\/\/paracherkaoui.ma\/?s={search_term_string}\"},\"query-input\":{\"@type\":\"PropertyValueSpecification\",\"valueRequired\":true,\"valueName\":\"search_term_string\"}}],\"inLanguage\":\"fr-FR\"}]}<\/script>\r\n<!-- \/ Yoast SEO plugin. -->","yoast_head_json":{"title":"LEAL COSMETICS NUAGE SUCRE BRUME HYDRATANTE PARFUMEE 100ML - Paracherkaoui.ma","robots":{"index":"index","follow":"follow","max-snippet":"max-snippet:-1","max-image-preview":"max-image-preview:large","max-video-preview":"max-video-preview:-1"},"canonical":"https:\/\/paracherkaoui.ma\/index.php\/produit\/leal-cosmetics-nuage-sucre-brume-hydratante-parfumee-100ml\/","og_locale":"fr_FR","og_type":"article","og_title":"LEAL COSMETICS NUAGE SUCRE BRUME HYDRATANTE PARFUMEE 100ML - Paracherkaoui.ma","og_description":"Leal Cosmetics, expert en soins sensoriels, a formul\u00e9 cette brume r\u00e9volutionnaire pour une action compl\u00e8te et une efficacit\u00e9 prouv\u00e9e :","og_url":"https:\/\/paracherkaoui.ma\/index.php\/produit\/leal-cosmetics-nuage-sucre-brume-hydratante-parfumee-100ml\/","og_site_name":"Paracherkaoui.ma","article_modified_time":"2025-12-12T17:35:20+00:00","og_image":[{"width":700,"height":700,"url":"https:\/\/paracherkaoui.ma\/wp-content\/uploads\/2025\/12\/leal-cosmetics-nuage-sucre-brume-hydratante-parfumee-100ml.jpg","type":"image\/jpeg"}],"twitter_card":"summary_large_image","twitter_misc":{"Dur\u00e9e de lecture estim\u00e9e":"2 minutes"},"schema":{"@context":"https:\/\/schema.org","@graph":[{"@type":"WebPage","@id":"https:\/\/paracherkaoui.ma\/index.php\/produit\/leal-cosmetics-nuage-sucre-brume-hydratante-parfumee-100ml\/","url":"https:\/\/paracherkaoui.ma\/index.php\/produit\/leal-cosmetics-nuage-sucre-brume-hydratante-parfumee-100ml\/","name":"LEAL COSMETICS NUAGE SUCRE BRUME HYDRATANTE PARFUMEE 100ML - Paracherkaoui.ma","isPartOf":{"@id":"https:\/\/paracherkaoui.ma\/#website"},"primaryImageOfPage":{"@id":"https:\/\/paracherkaoui.ma\/index.php\/produit\/leal-cosmetics-nuage-sucre-brume-hydratante-parfumee-100ml\/#primaryimage"},"image":{"@id":"https:\/\/paracherkaoui.ma\/index.php\/produit\/leal-cosmetics-nuage-sucre-brume-hydratante-parfumee-100ml\/#primaryimage"},"thumbnailUrl":"https:\/\/paracherkaoui.ma\/wp-content\/uploads\/2025\/12\/leal-cosmetics-nuage-sucre-brume-hydratante-parfumee-100ml.jpg","datePublished":"2025-12-12T17:35:09+00:00","dateModified":"2025-12-12T17:35:20+00:00","breadcrumb":{"@id":"https:\/\/paracherkaoui.ma\/index.php\/produit\/leal-cosmetics-nuage-sucre-brume-hydratante-parfumee-100ml\/#breadcrumb"},"inLanguage":"fr-FR","potentialAction":[{"@type":"ReadAction","target":["https:\/\/paracherkaoui.ma\/index.php\/produit\/leal-cosmetics-nuage-sucre-brume-hydratante-parfumee-100ml\/"]}]},{"@type":"ImageObject","inLanguage":"fr-FR","@id":"https:\/\/paracherkaoui.ma\/index.php\/produit\/leal-cosmetics-nuage-sucre-brume-hydratante-parfumee-100ml\/#primaryimage","url":"https:\/\/paracherkaoui.ma\/wp-content\/uploads\/2025\/12\/leal-cosmetics-nuage-sucre-brume-hydratante-parfumee-100ml.jpg","contentUrl":"https:\/\/paracherkaoui.ma\/wp-content\/uploads\/2025\/12\/leal-cosmetics-nuage-sucre-brume-hydratante-parfumee-100ml.jpg","width":700,"height":700},{"@type":"BreadcrumbList","@id":"https:\/\/paracherkaoui.ma\/index.php\/produit\/leal-cosmetics-nuage-sucre-brume-hydratante-parfumee-100ml\/#breadcrumb","itemListElement":[{"@type":"ListItem","position":1,"name":"Accueil","item":"https:\/\/paracherkaoui.ma\/"},{"@type":"ListItem","position":2,"name":"Boutique","item":"https:\/\/paracherkaoui.ma\/index.php\/boutique\/"},{"@type":"ListItem","position":3,"name":"LEAL COSMETICS NUAGE SUCRE BRUME HYDRATANTE PARFUMEE 100ML"}]},{"@type":"WebSite","@id":"https:\/\/paracherkaoui.ma\/#website","url":"https:\/\/paracherkaoui.ma\/","name":"Paracherkaoui.ma","description":"Achetez en ligne sur Paracherkaoui.ma","potentialAction":[{"@type":"SearchAction","target":{"@type":"EntryPoint","urlTemplate":"https:\/\/paracherkaoui.ma\/?s={search_term_string}"},"query-input":{"@type":"PropertyValueSpecification","valueRequired":true,"valueName":"search_term_string"}}],"inLanguage":"fr-FR"}]}},"_links":{"self":[{"href":"https:\/\/paracherkaoui.ma\/index.php\/wp-json\/wp\/v2\/product\/31358","targetHints":{"allow":["GET"]}}],"collection":[{"href":"https:\/\/paracherkaoui.ma\/index.php\/wp-json\/wp\/v2\/product"}],"about":[{"href":"https:\/\/paracherkaoui.ma\/index.php\/wp-json\/wp\/v2\/types\/product"}],"replies":[{"embeddable":true,"href":"https:\/\/paracherkaoui.ma\/index.php\/wp-json\/wp\/v2\/comments?post=31358"}],"version-history":[{"count":1,"href":"https:\/\/paracherkaoui.ma\/index.php\/wp-json\/wp\/v2\/product\/31358\/revisions"}],"predecessor-version":[{"id":31414,"href":"https:\/\/paracherkaoui.ma\/index.php\/wp-json\/wp\/v2\/product\/31358\/revisions\/31414"}],"wp:featuredmedia":[{"embeddable":true,"href":"https:\/\/paracherkaoui.ma\/index.php\/wp-json\/wp\/v2\/media\/31413"}],"wp:attachment":[{"href":"https:\/\/paracherkaoui.ma\/index.php\/wp-json\/wp\/v2\/media?parent=31358"}],"wp:term":[{"taxonomy":"product_brand","embeddable":true,"href":"https:\/\/paracherkaoui.ma\/index.php\/wp-json\/wp\/v2\/product_brand?post=31358"},{"taxonomy":"product_cat","embeddable":true,"href":"https:\/\/paracherkaoui.ma\/index.php\/wp-json\/wp\/v2\/product_cat?post=31358"},{"taxonomy":"product_tag","embeddable":true,"href":"https:\/\/paracherkaoui.ma\/index.php\/wp-json\/wp\/v2\/product_tag?post=31358"}],"curies":[{"name":"wp","href":"https:\/\/api.w.org\/{rel}","templated":true}]}}