{"id":31345,"date":"2025-12-12T18:35:07","date_gmt":"2025-12-12T17:35:07","guid":{"rendered":"https:\/\/test.ecbeaute.com\/?post_type=product&#038;p=31345"},"modified":"2025-12-12T18:35:14","modified_gmt":"2025-12-12T17:35:14","slug":"nuxe-prodigieux-neroli-le-parfum-50-ml","status":"publish","type":"product","link":"https:\/\/paracherkaoui.ma\/index.php\/produit\/nuxe-prodigieux-neroli-le-parfum-50-ml\/","title":{"rendered":"NUXE PRODIGIEUX NEROLI LE PARFUM 50 ML"},"content":{"rendered":"<p>Respirez en plein coeur avec cette fragrance inspir\u00e9e de l&rsquo;Huile Prodigieuse\u00ae N\u00e9roli<br \/>\nCette fragrance s&rsquo;ouvre en t\u00eate avec des notes d&rsquo;agrumes (Petit Grain et Bergamote) \u00e0 la fra\u00eecheur aromatique de la verveine exotique. Son c\u0153ur floral de Lavandin et de la Fleur d\u2019Oranger distille l\u2019\u00e9nergie sereine de ses p\u00e9tales immacul\u00e9s. Enfin, son fond musqu\u00e9 se d\u00e9veloppe \u00e0 fleur de peau, laissant la fragrance s\u2019\u00e9panouir dans la dur\u00e9e pour retrouver les notes apaisantes de l&rsquo;Huile Prodigieuse\u00ae N\u00e9roli.<\/p>\n","protected":false},"excerpt":{"rendered":"<p>Respirez en plein coeur avec cette fragrance inspir\u00e9e de l&rsquo;Huile Prodigieuse\u00ae N\u00e9roli Cette fragrance s&rsquo;ouvre en t\u00eate avec des notes<\/p>\n","protected":false},"featured_media":31387,"comment_status":"open","ping_status":"closed","template":"","meta":[],"product_brand":[230],"product_cat":[569],"product_tag":[],"class_list":{"0":"post-31345","1":"product","2":"type-product","3":"status-publish","4":"has-post-thumbnail","6":"product_brand-nuxe","7":"product_cat-parfums","9":"first","10":"instock","11":"sale","12":"shipping-taxable","13":"purchasable","14":"product-type-simple"},"yoast_head":"<!-- This site is optimized with the Yoast SEO plugin v26.6 - https:\/\/yoast.com\/wordpress\/plugins\/seo\/ -->\r\n<title>NUXE PRODIGIEUX NEROLI LE PARFUM 50 ML - Paracherkaoui.ma<\/title>\r\n<meta name=\"robots\" content=\"index, follow, max-snippet:-1, max-image-preview:large, max-video-preview:-1\" \/>\r\n<link rel=\"canonical\" href=\"https:\/\/paracherkaoui.ma\/index.php\/produit\/nuxe-prodigieux-neroli-le-parfum-50-ml\/\" \/>\r\n<meta property=\"og:locale\" content=\"fr_FR\" \/>\r\n<meta property=\"og:type\" content=\"article\" \/>\r\n<meta property=\"og:title\" content=\"NUXE PRODIGIEUX NEROLI LE PARFUM 50 ML - Paracherkaoui.ma\" \/>\r\n<meta property=\"og:description\" content=\"Respirez en plein coeur avec cette fragrance inspir\u00e9e de l&rsquo;Huile Prodigieuse\u00ae N\u00e9roli Cette fragrance s&rsquo;ouvre en t\u00eate avec des notes\" \/>\r\n<meta property=\"og:url\" content=\"https:\/\/paracherkaoui.ma\/index.php\/produit\/nuxe-prodigieux-neroli-le-parfum-50-ml\/\" \/>\r\n<meta property=\"og:site_name\" content=\"Paracherkaoui.ma\" \/>\r\n<meta property=\"article:modified_time\" content=\"2025-12-12T17:35:14+00:00\" \/>\r\n<meta property=\"og:image\" content=\"https:\/\/paracherkaoui.ma\/wp-content\/uploads\/2025\/12\/nuxe-nuxe-prodigieux-neroli-le-parfum-50-ml-parfums.jpg\" \/>\r\n\t<meta property=\"og:image:width\" content=\"700\" \/>\r\n\t<meta property=\"og:image:height\" content=\"700\" \/>\r\n\t<meta property=\"og:image:type\" content=\"image\/jpeg\" \/>\r\n<meta name=\"twitter:card\" content=\"summary_large_image\" \/>\r\n<script type=\"application\/ld+json\" class=\"yoast-schema-graph\">{\"@context\":\"https:\/\/schema.org\",\"@graph\":[{\"@type\":\"WebPage\",\"@id\":\"https:\/\/paracherkaoui.ma\/index.php\/produit\/nuxe-prodigieux-neroli-le-parfum-50-ml\/\",\"url\":\"https:\/\/paracherkaoui.ma\/index.php\/produit\/nuxe-prodigieux-neroli-le-parfum-50-ml\/\",\"name\":\"NUXE PRODIGIEUX NEROLI LE PARFUM 50 ML - Paracherkaoui.ma\",\"isPartOf\":{\"@id\":\"https:\/\/paracherkaoui.ma\/#website\"},\"primaryImageOfPage\":{\"@id\":\"https:\/\/paracherkaoui.ma\/index.php\/produit\/nuxe-prodigieux-neroli-le-parfum-50-ml\/#primaryimage\"},\"image\":{\"@id\":\"https:\/\/paracherkaoui.ma\/index.php\/produit\/nuxe-prodigieux-neroli-le-parfum-50-ml\/#primaryimage\"},\"thumbnailUrl\":\"https:\/\/paracherkaoui.ma\/wp-content\/uploads\/2025\/12\/nuxe-nuxe-prodigieux-neroli-le-parfum-50-ml-parfums.jpg\",\"datePublished\":\"2025-12-12T17:35:07+00:00\",\"dateModified\":\"2025-12-12T17:35:14+00:00\",\"breadcrumb\":{\"@id\":\"https:\/\/paracherkaoui.ma\/index.php\/produit\/nuxe-prodigieux-neroli-le-parfum-50-ml\/#breadcrumb\"},\"inLanguage\":\"fr-FR\",\"potentialAction\":[{\"@type\":\"ReadAction\",\"target\":[\"https:\/\/paracherkaoui.ma\/index.php\/produit\/nuxe-prodigieux-neroli-le-parfum-50-ml\/\"]}]},{\"@type\":\"ImageObject\",\"inLanguage\":\"fr-FR\",\"@id\":\"https:\/\/paracherkaoui.ma\/index.php\/produit\/nuxe-prodigieux-neroli-le-parfum-50-ml\/#primaryimage\",\"url\":\"https:\/\/paracherkaoui.ma\/wp-content\/uploads\/2025\/12\/nuxe-nuxe-prodigieux-neroli-le-parfum-50-ml-parfums.jpg\",\"contentUrl\":\"https:\/\/paracherkaoui.ma\/wp-content\/uploads\/2025\/12\/nuxe-nuxe-prodigieux-neroli-le-parfum-50-ml-parfums.jpg\",\"width\":700,\"height\":700},{\"@type\":\"BreadcrumbList\",\"@id\":\"https:\/\/paracherkaoui.ma\/index.php\/produit\/nuxe-prodigieux-neroli-le-parfum-50-ml\/#breadcrumb\",\"itemListElement\":[{\"@type\":\"ListItem\",\"position\":1,\"name\":\"Accueil\",\"item\":\"https:\/\/paracherkaoui.ma\/\"},{\"@type\":\"ListItem\",\"position\":2,\"name\":\"Boutique\",\"item\":\"https:\/\/paracherkaoui.ma\/index.php\/boutique\/\"},{\"@type\":\"ListItem\",\"position\":3,\"name\":\"NUXE PRODIGIEUX NEROLI LE PARFUM 50 ML\"}]},{\"@type\":\"WebSite\",\"@id\":\"https:\/\/paracherkaoui.ma\/#website\",\"url\":\"https:\/\/paracherkaoui.ma\/\",\"name\":\"Paracherkaoui.ma\",\"description\":\"Achetez en ligne sur Paracherkaoui.ma\",\"potentialAction\":[{\"@type\":\"SearchAction\",\"target\":{\"@type\":\"EntryPoint\",\"urlTemplate\":\"https:\/\/paracherkaoui.ma\/?s={search_term_string}\"},\"query-input\":{\"@type\":\"PropertyValueSpecification\",\"valueRequired\":true,\"valueName\":\"search_term_string\"}}],\"inLanguage\":\"fr-FR\"}]}<\/script>\r\n<!-- \/ Yoast SEO plugin. -->","yoast_head_json":{"title":"NUXE PRODIGIEUX NEROLI LE PARFUM 50 ML - Paracherkaoui.ma","robots":{"index":"index","follow":"follow","max-snippet":"max-snippet:-1","max-image-preview":"max-image-preview:large","max-video-preview":"max-video-preview:-1"},"canonical":"https:\/\/paracherkaoui.ma\/index.php\/produit\/nuxe-prodigieux-neroli-le-parfum-50-ml\/","og_locale":"fr_FR","og_type":"article","og_title":"NUXE PRODIGIEUX NEROLI LE PARFUM 50 ML - Paracherkaoui.ma","og_description":"Respirez en plein coeur avec cette fragrance inspir\u00e9e de l&rsquo;Huile Prodigieuse\u00ae N\u00e9roli Cette fragrance s&rsquo;ouvre en t\u00eate avec des notes","og_url":"https:\/\/paracherkaoui.ma\/index.php\/produit\/nuxe-prodigieux-neroli-le-parfum-50-ml\/","og_site_name":"Paracherkaoui.ma","article_modified_time":"2025-12-12T17:35:14+00:00","og_image":[{"width":700,"height":700,"url":"https:\/\/paracherkaoui.ma\/wp-content\/uploads\/2025\/12\/nuxe-nuxe-prodigieux-neroli-le-parfum-50-ml-parfums.jpg","type":"image\/jpeg"}],"twitter_card":"summary_large_image","schema":{"@context":"https:\/\/schema.org","@graph":[{"@type":"WebPage","@id":"https:\/\/paracherkaoui.ma\/index.php\/produit\/nuxe-prodigieux-neroli-le-parfum-50-ml\/","url":"https:\/\/paracherkaoui.ma\/index.php\/produit\/nuxe-prodigieux-neroli-le-parfum-50-ml\/","name":"NUXE PRODIGIEUX NEROLI LE PARFUM 50 ML - Paracherkaoui.ma","isPartOf":{"@id":"https:\/\/paracherkaoui.ma\/#website"},"primaryImageOfPage":{"@id":"https:\/\/paracherkaoui.ma\/index.php\/produit\/nuxe-prodigieux-neroli-le-parfum-50-ml\/#primaryimage"},"image":{"@id":"https:\/\/paracherkaoui.ma\/index.php\/produit\/nuxe-prodigieux-neroli-le-parfum-50-ml\/#primaryimage"},"thumbnailUrl":"https:\/\/paracherkaoui.ma\/wp-content\/uploads\/2025\/12\/nuxe-nuxe-prodigieux-neroli-le-parfum-50-ml-parfums.jpg","datePublished":"2025-12-12T17:35:07+00:00","dateModified":"2025-12-12T17:35:14+00:00","breadcrumb":{"@id":"https:\/\/paracherkaoui.ma\/index.php\/produit\/nuxe-prodigieux-neroli-le-parfum-50-ml\/#breadcrumb"},"inLanguage":"fr-FR","potentialAction":[{"@type":"ReadAction","target":["https:\/\/paracherkaoui.ma\/index.php\/produit\/nuxe-prodigieux-neroli-le-parfum-50-ml\/"]}]},{"@type":"ImageObject","inLanguage":"fr-FR","@id":"https:\/\/paracherkaoui.ma\/index.php\/produit\/nuxe-prodigieux-neroli-le-parfum-50-ml\/#primaryimage","url":"https:\/\/paracherkaoui.ma\/wp-content\/uploads\/2025\/12\/nuxe-nuxe-prodigieux-neroli-le-parfum-50-ml-parfums.jpg","contentUrl":"https:\/\/paracherkaoui.ma\/wp-content\/uploads\/2025\/12\/nuxe-nuxe-prodigieux-neroli-le-parfum-50-ml-parfums.jpg","width":700,"height":700},{"@type":"BreadcrumbList","@id":"https:\/\/paracherkaoui.ma\/index.php\/produit\/nuxe-prodigieux-neroli-le-parfum-50-ml\/#breadcrumb","itemListElement":[{"@type":"ListItem","position":1,"name":"Accueil","item":"https:\/\/paracherkaoui.ma\/"},{"@type":"ListItem","position":2,"name":"Boutique","item":"https:\/\/paracherkaoui.ma\/index.php\/boutique\/"},{"@type":"ListItem","position":3,"name":"NUXE PRODIGIEUX NEROLI LE PARFUM 50 ML"}]},{"@type":"WebSite","@id":"https:\/\/paracherkaoui.ma\/#website","url":"https:\/\/paracherkaoui.ma\/","name":"Paracherkaoui.ma","description":"Achetez en ligne sur Paracherkaoui.ma","potentialAction":[{"@type":"SearchAction","target":{"@type":"EntryPoint","urlTemplate":"https:\/\/paracherkaoui.ma\/?s={search_term_string}"},"query-input":{"@type":"PropertyValueSpecification","valueRequired":true,"valueName":"search_term_string"}}],"inLanguage":"fr-FR"}]}},"_links":{"self":[{"href":"https:\/\/paracherkaoui.ma\/index.php\/wp-json\/wp\/v2\/product\/31345","targetHints":{"allow":["GET"]}}],"collection":[{"href":"https:\/\/paracherkaoui.ma\/index.php\/wp-json\/wp\/v2\/product"}],"about":[{"href":"https:\/\/paracherkaoui.ma\/index.php\/wp-json\/wp\/v2\/types\/product"}],"replies":[{"embeddable":true,"href":"https:\/\/paracherkaoui.ma\/index.php\/wp-json\/wp\/v2\/comments?post=31345"}],"version-history":[{"count":1,"href":"https:\/\/paracherkaoui.ma\/index.php\/wp-json\/wp\/v2\/product\/31345\/revisions"}],"predecessor-version":[{"id":31388,"href":"https:\/\/paracherkaoui.ma\/index.php\/wp-json\/wp\/v2\/product\/31345\/revisions\/31388"}],"wp:featuredmedia":[{"embeddable":true,"href":"https:\/\/paracherkaoui.ma\/index.php\/wp-json\/wp\/v2\/media\/31387"}],"wp:attachment":[{"href":"https:\/\/paracherkaoui.ma\/index.php\/wp-json\/wp\/v2\/media?parent=31345"}],"wp:term":[{"taxonomy":"product_brand","embeddable":true,"href":"https:\/\/paracherkaoui.ma\/index.php\/wp-json\/wp\/v2\/product_brand?post=31345"},{"taxonomy":"product_cat","embeddable":true,"href":"https:\/\/paracherkaoui.ma\/index.php\/wp-json\/wp\/v2\/product_cat?post=31345"},{"taxonomy":"product_tag","embeddable":true,"href":"https:\/\/paracherkaoui.ma\/index.php\/wp-json\/wp\/v2\/product_tag?post=31345"}],"curies":[{"name":"wp","href":"https:\/\/api.w.org\/{rel}","templated":true}]}}