{"id":31004,"date":"2025-12-12T18:34:04","date_gmt":"2025-12-12T17:34:04","guid":{"rendered":"https:\/\/test.ecbeaute.com\/?post_type=product&#038;p=31004"},"modified":"2025-12-12T18:34:06","modified_gmt":"2025-12-12T17:34:06","slug":"begobano-eau-de-cologne-750-ml","status":"publish","type":"product","link":"https:\/\/paracherkaoui.ma\/index.php\/produit\/begobano-eau-de-cologne-750-ml\/","title":{"rendered":"BEGOBANO EAU DE COLOGNE 750 ML"},"content":{"rendered":"<p>D\u00e9couvrez Begobano Cologne, une eau de cologne de 750 ml recommand\u00e9e pour une utilisation quotidienne apr\u00e8s la toilette personnelle. Adapt\u00e9e \u00e0 tous les types de peau et \u00e0 toutes les tranches d\u2019\u00e2ges, cette formule unique hydrate efficacement la peau en profondeur, la rendant plus saine, moins s\u00e8che et moins sensible aux agressions ext\u00e9rieures. La composition de Begobano Cologne est soigneusement \u00e9labor\u00e9e pour offrir fra\u00eecheur et l\u00e9g\u00e8ret\u00e9 \u00e0 tout moment de la journ\u00e9e.<\/p>\n","protected":false},"excerpt":{"rendered":"<p>D\u00e9couvrez Begobano Cologne, une eau de cologne de 750 ml recommand\u00e9e pour une utilisation quotidienne apr\u00e8s la toilette personnelle. Adapt\u00e9e<\/p>\n","protected":false},"featured_media":31035,"comment_status":"open","ping_status":"closed","template":"","meta":[],"product_brand":[326],"product_cat":[569],"product_tag":[],"class_list":{"0":"post-31004","1":"product","2":"type-product","3":"status-publish","4":"has-post-thumbnail","6":"product_brand-begobano","7":"product_cat-parfums","9":"first","10":"instock","11":"shipping-taxable","12":"purchasable","13":"product-type-simple"},"yoast_head":"<!-- This site is optimized with the Yoast SEO plugin v26.6 - https:\/\/yoast.com\/wordpress\/plugins\/seo\/ -->\r\n<title>BEGOBANO EAU DE COLOGNE 750 ML - Paracherkaoui.ma<\/title>\r\n<meta name=\"robots\" content=\"index, follow, max-snippet:-1, max-image-preview:large, max-video-preview:-1\" \/>\r\n<link rel=\"canonical\" href=\"https:\/\/paracherkaoui.ma\/index.php\/produit\/begobano-eau-de-cologne-750-ml\/\" \/>\r\n<meta property=\"og:locale\" content=\"fr_FR\" \/>\r\n<meta property=\"og:type\" content=\"article\" \/>\r\n<meta property=\"og:title\" content=\"BEGOBANO EAU DE COLOGNE 750 ML - Paracherkaoui.ma\" \/>\r\n<meta property=\"og:description\" content=\"D\u00e9couvrez Begobano Cologne, une eau de cologne de 750 ml recommand\u00e9e pour une utilisation quotidienne apr\u00e8s la toilette personnelle. Adapt\u00e9e\" \/>\r\n<meta property=\"og:url\" content=\"https:\/\/paracherkaoui.ma\/index.php\/produit\/begobano-eau-de-cologne-750-ml\/\" \/>\r\n<meta property=\"og:site_name\" content=\"Paracherkaoui.ma\" \/>\r\n<meta property=\"article:modified_time\" content=\"2025-12-12T17:34:06+00:00\" \/>\r\n<meta property=\"og:image\" content=\"https:\/\/paracherkaoui.ma\/wp-content\/uploads\/2025\/12\/begobano-begobano-eau-de-cologne-750-ml-parfums.jpg\" \/>\r\n\t<meta property=\"og:image:width\" content=\"700\" \/>\r\n\t<meta property=\"og:image:height\" content=\"700\" \/>\r\n\t<meta property=\"og:image:type\" content=\"image\/jpeg\" \/>\r\n<meta name=\"twitter:card\" content=\"summary_large_image\" \/>\r\n<script type=\"application\/ld+json\" class=\"yoast-schema-graph\">{\"@context\":\"https:\/\/schema.org\",\"@graph\":[{\"@type\":\"WebPage\",\"@id\":\"https:\/\/paracherkaoui.ma\/index.php\/produit\/begobano-eau-de-cologne-750-ml\/\",\"url\":\"https:\/\/paracherkaoui.ma\/index.php\/produit\/begobano-eau-de-cologne-750-ml\/\",\"name\":\"BEGOBANO EAU DE COLOGNE 750 ML - Paracherkaoui.ma\",\"isPartOf\":{\"@id\":\"https:\/\/paracherkaoui.ma\/#website\"},\"primaryImageOfPage\":{\"@id\":\"https:\/\/paracherkaoui.ma\/index.php\/produit\/begobano-eau-de-cologne-750-ml\/#primaryimage\"},\"image\":{\"@id\":\"https:\/\/paracherkaoui.ma\/index.php\/produit\/begobano-eau-de-cologne-750-ml\/#primaryimage\"},\"thumbnailUrl\":\"https:\/\/paracherkaoui.ma\/wp-content\/uploads\/2025\/12\/begobano-begobano-eau-de-cologne-750-ml-parfums.jpg\",\"datePublished\":\"2025-12-12T17:34:04+00:00\",\"dateModified\":\"2025-12-12T17:34:06+00:00\",\"breadcrumb\":{\"@id\":\"https:\/\/paracherkaoui.ma\/index.php\/produit\/begobano-eau-de-cologne-750-ml\/#breadcrumb\"},\"inLanguage\":\"fr-FR\",\"potentialAction\":[{\"@type\":\"ReadAction\",\"target\":[\"https:\/\/paracherkaoui.ma\/index.php\/produit\/begobano-eau-de-cologne-750-ml\/\"]}]},{\"@type\":\"ImageObject\",\"inLanguage\":\"fr-FR\",\"@id\":\"https:\/\/paracherkaoui.ma\/index.php\/produit\/begobano-eau-de-cologne-750-ml\/#primaryimage\",\"url\":\"https:\/\/paracherkaoui.ma\/wp-content\/uploads\/2025\/12\/begobano-begobano-eau-de-cologne-750-ml-parfums.jpg\",\"contentUrl\":\"https:\/\/paracherkaoui.ma\/wp-content\/uploads\/2025\/12\/begobano-begobano-eau-de-cologne-750-ml-parfums.jpg\",\"width\":700,\"height\":700},{\"@type\":\"BreadcrumbList\",\"@id\":\"https:\/\/paracherkaoui.ma\/index.php\/produit\/begobano-eau-de-cologne-750-ml\/#breadcrumb\",\"itemListElement\":[{\"@type\":\"ListItem\",\"position\":1,\"name\":\"Accueil\",\"item\":\"https:\/\/paracherkaoui.ma\/\"},{\"@type\":\"ListItem\",\"position\":2,\"name\":\"Boutique\",\"item\":\"https:\/\/paracherkaoui.ma\/index.php\/boutique\/\"},{\"@type\":\"ListItem\",\"position\":3,\"name\":\"BEGOBANO EAU DE COLOGNE 750 ML\"}]},{\"@type\":\"WebSite\",\"@id\":\"https:\/\/paracherkaoui.ma\/#website\",\"url\":\"https:\/\/paracherkaoui.ma\/\",\"name\":\"Paracherkaoui.ma\",\"description\":\"Achetez en ligne sur Paracherkaoui.ma\",\"potentialAction\":[{\"@type\":\"SearchAction\",\"target\":{\"@type\":\"EntryPoint\",\"urlTemplate\":\"https:\/\/paracherkaoui.ma\/?s={search_term_string}\"},\"query-input\":{\"@type\":\"PropertyValueSpecification\",\"valueRequired\":true,\"valueName\":\"search_term_string\"}}],\"inLanguage\":\"fr-FR\"}]}<\/script>\r\n<!-- \/ Yoast SEO plugin. -->","yoast_head_json":{"title":"BEGOBANO EAU DE COLOGNE 750 ML - Paracherkaoui.ma","robots":{"index":"index","follow":"follow","max-snippet":"max-snippet:-1","max-image-preview":"max-image-preview:large","max-video-preview":"max-video-preview:-1"},"canonical":"https:\/\/paracherkaoui.ma\/index.php\/produit\/begobano-eau-de-cologne-750-ml\/","og_locale":"fr_FR","og_type":"article","og_title":"BEGOBANO EAU DE COLOGNE 750 ML - Paracherkaoui.ma","og_description":"D\u00e9couvrez Begobano Cologne, une eau de cologne de 750 ml recommand\u00e9e pour une utilisation quotidienne apr\u00e8s la toilette personnelle. Adapt\u00e9e","og_url":"https:\/\/paracherkaoui.ma\/index.php\/produit\/begobano-eau-de-cologne-750-ml\/","og_site_name":"Paracherkaoui.ma","article_modified_time":"2025-12-12T17:34:06+00:00","og_image":[{"width":700,"height":700,"url":"https:\/\/paracherkaoui.ma\/wp-content\/uploads\/2025\/12\/begobano-begobano-eau-de-cologne-750-ml-parfums.jpg","type":"image\/jpeg"}],"twitter_card":"summary_large_image","schema":{"@context":"https:\/\/schema.org","@graph":[{"@type":"WebPage","@id":"https:\/\/paracherkaoui.ma\/index.php\/produit\/begobano-eau-de-cologne-750-ml\/","url":"https:\/\/paracherkaoui.ma\/index.php\/produit\/begobano-eau-de-cologne-750-ml\/","name":"BEGOBANO EAU DE COLOGNE 750 ML - Paracherkaoui.ma","isPartOf":{"@id":"https:\/\/paracherkaoui.ma\/#website"},"primaryImageOfPage":{"@id":"https:\/\/paracherkaoui.ma\/index.php\/produit\/begobano-eau-de-cologne-750-ml\/#primaryimage"},"image":{"@id":"https:\/\/paracherkaoui.ma\/index.php\/produit\/begobano-eau-de-cologne-750-ml\/#primaryimage"},"thumbnailUrl":"https:\/\/paracherkaoui.ma\/wp-content\/uploads\/2025\/12\/begobano-begobano-eau-de-cologne-750-ml-parfums.jpg","datePublished":"2025-12-12T17:34:04+00:00","dateModified":"2025-12-12T17:34:06+00:00","breadcrumb":{"@id":"https:\/\/paracherkaoui.ma\/index.php\/produit\/begobano-eau-de-cologne-750-ml\/#breadcrumb"},"inLanguage":"fr-FR","potentialAction":[{"@type":"ReadAction","target":["https:\/\/paracherkaoui.ma\/index.php\/produit\/begobano-eau-de-cologne-750-ml\/"]}]},{"@type":"ImageObject","inLanguage":"fr-FR","@id":"https:\/\/paracherkaoui.ma\/index.php\/produit\/begobano-eau-de-cologne-750-ml\/#primaryimage","url":"https:\/\/paracherkaoui.ma\/wp-content\/uploads\/2025\/12\/begobano-begobano-eau-de-cologne-750-ml-parfums.jpg","contentUrl":"https:\/\/paracherkaoui.ma\/wp-content\/uploads\/2025\/12\/begobano-begobano-eau-de-cologne-750-ml-parfums.jpg","width":700,"height":700},{"@type":"BreadcrumbList","@id":"https:\/\/paracherkaoui.ma\/index.php\/produit\/begobano-eau-de-cologne-750-ml\/#breadcrumb","itemListElement":[{"@type":"ListItem","position":1,"name":"Accueil","item":"https:\/\/paracherkaoui.ma\/"},{"@type":"ListItem","position":2,"name":"Boutique","item":"https:\/\/paracherkaoui.ma\/index.php\/boutique\/"},{"@type":"ListItem","position":3,"name":"BEGOBANO EAU DE COLOGNE 750 ML"}]},{"@type":"WebSite","@id":"https:\/\/paracherkaoui.ma\/#website","url":"https:\/\/paracherkaoui.ma\/","name":"Paracherkaoui.ma","description":"Achetez en ligne sur Paracherkaoui.ma","potentialAction":[{"@type":"SearchAction","target":{"@type":"EntryPoint","urlTemplate":"https:\/\/paracherkaoui.ma\/?s={search_term_string}"},"query-input":{"@type":"PropertyValueSpecification","valueRequired":true,"valueName":"search_term_string"}}],"inLanguage":"fr-FR"}]}},"_links":{"self":[{"href":"https:\/\/paracherkaoui.ma\/index.php\/wp-json\/wp\/v2\/product\/31004","targetHints":{"allow":["GET"]}}],"collection":[{"href":"https:\/\/paracherkaoui.ma\/index.php\/wp-json\/wp\/v2\/product"}],"about":[{"href":"https:\/\/paracherkaoui.ma\/index.php\/wp-json\/wp\/v2\/types\/product"}],"replies":[{"embeddable":true,"href":"https:\/\/paracherkaoui.ma\/index.php\/wp-json\/wp\/v2\/comments?post=31004"}],"version-history":[{"count":1,"href":"https:\/\/paracherkaoui.ma\/index.php\/wp-json\/wp\/v2\/product\/31004\/revisions"}],"predecessor-version":[{"id":31036,"href":"https:\/\/paracherkaoui.ma\/index.php\/wp-json\/wp\/v2\/product\/31004\/revisions\/31036"}],"wp:featuredmedia":[{"embeddable":true,"href":"https:\/\/paracherkaoui.ma\/index.php\/wp-json\/wp\/v2\/media\/31035"}],"wp:attachment":[{"href":"https:\/\/paracherkaoui.ma\/index.php\/wp-json\/wp\/v2\/media?parent=31004"}],"wp:term":[{"taxonomy":"product_brand","embeddable":true,"href":"https:\/\/paracherkaoui.ma\/index.php\/wp-json\/wp\/v2\/product_brand?post=31004"},{"taxonomy":"product_cat","embeddable":true,"href":"https:\/\/paracherkaoui.ma\/index.php\/wp-json\/wp\/v2\/product_cat?post=31004"},{"taxonomy":"product_tag","embeddable":true,"href":"https:\/\/paracherkaoui.ma\/index.php\/wp-json\/wp\/v2\/product_tag?post=31004"}],"curies":[{"name":"wp","href":"https:\/\/api.w.org\/{rel}","templated":true}]}}