{"id":30932,"date":"2025-12-12T18:33:57","date_gmt":"2025-12-12T17:33:57","guid":{"rendered":"https:\/\/test.ecbeaute.com\/?post_type=product&#038;p=30932"},"modified":"2025-12-12T18:34:02","modified_gmt":"2025-12-12T17:34:02","slug":"caudalie-les-essentiels-corps-nutrition-huile-de-soin-nourrissante-50-ml","status":"publish","type":"product","link":"https:\/\/paracherkaoui.ma\/index.php\/produit\/caudalie-les-essentiels-corps-nutrition-huile-de-soin-nourrissante-50-ml\/","title":{"rendered":"CAUDALIE LES ESSENTIELS CORPS NUTRITION HUILE DE SOIN NOURRISSANTE 50 ML"},"content":{"rendered":"<p>L&rsquo;Huile de Soin Lissage &#038; Glow est une huile naturelle et multi-usages pour le corps, les cheveux et le d\u00e9collet\u00e9. Enrichie en huiles pr\u00e9cieuses et figue de barbarie, elle nourrit et sublime tous les types de peaux, rend les cheveux brillants et lisse le d\u00e9collet\u00e9.<\/p>\n<p>Son parfum de figue 100% d&rsquo;origine naturelle enveloppe la peau d&rsquo;une fragrance sensuelle et addictive.<\/p>\n","protected":false},"excerpt":{"rendered":"<p>L&rsquo;Huile de Soin Lissage &#038; Glow est une huile naturelle et multi-usages pour le corps, les cheveux et le d\u00e9collet\u00e9.<\/p>\n","protected":false},"featured_media":30981,"comment_status":"open","ping_status":"closed","template":"","meta":[],"product_brand":[358],"product_cat":[569],"product_tag":[],"class_list":{"0":"post-30932","1":"product","2":"type-product","3":"status-publish","4":"has-post-thumbnail","6":"product_brand-caudalie","7":"product_cat-parfums","9":"first","10":"instock","11":"shipping-taxable","12":"purchasable","13":"product-type-simple"},"yoast_head":"<!-- This site is optimized with the Yoast SEO plugin v26.6 - https:\/\/yoast.com\/wordpress\/plugins\/seo\/ -->\r\n<title>CAUDALIE LES ESSENTIELS CORPS NUTRITION HUILE DE SOIN NOURRISSANTE 50 ML - Paracherkaoui.ma<\/title>\r\n<meta name=\"robots\" content=\"index, follow, max-snippet:-1, max-image-preview:large, max-video-preview:-1\" \/>\r\n<link rel=\"canonical\" href=\"https:\/\/paracherkaoui.ma\/index.php\/produit\/caudalie-les-essentiels-corps-nutrition-huile-de-soin-nourrissante-50-ml\/\" \/>\r\n<meta property=\"og:locale\" content=\"fr_FR\" \/>\r\n<meta property=\"og:type\" content=\"article\" \/>\r\n<meta property=\"og:title\" content=\"CAUDALIE LES ESSENTIELS CORPS NUTRITION HUILE DE SOIN NOURRISSANTE 50 ML - Paracherkaoui.ma\" \/>\r\n<meta property=\"og:description\" content=\"L&rsquo;Huile de Soin Lissage &#038; Glow est une huile naturelle et multi-usages pour le corps, les cheveux et le d\u00e9collet\u00e9.\" \/>\r\n<meta property=\"og:url\" content=\"https:\/\/paracherkaoui.ma\/index.php\/produit\/caudalie-les-essentiels-corps-nutrition-huile-de-soin-nourrissante-50-ml\/\" \/>\r\n<meta property=\"og:site_name\" content=\"Paracherkaoui.ma\" \/>\r\n<meta property=\"article:modified_time\" content=\"2025-12-12T17:34:02+00:00\" \/>\r\n<meta property=\"og:image\" content=\"https:\/\/paracherkaoui.ma\/wp-content\/uploads\/2025\/12\/caudalie-caudalie-les-essentiels-corps-nutrition-huile-de-soin-nourrissante-50-ml-parfums.jpg\" \/>\r\n\t<meta property=\"og:image:width\" content=\"700\" \/>\r\n\t<meta property=\"og:image:height\" content=\"700\" \/>\r\n\t<meta property=\"og:image:type\" content=\"image\/jpeg\" \/>\r\n<meta name=\"twitter:card\" content=\"summary_large_image\" \/>\r\n<script type=\"application\/ld+json\" class=\"yoast-schema-graph\">{\"@context\":\"https:\/\/schema.org\",\"@graph\":[{\"@type\":\"WebPage\",\"@id\":\"https:\/\/paracherkaoui.ma\/index.php\/produit\/caudalie-les-essentiels-corps-nutrition-huile-de-soin-nourrissante-50-ml\/\",\"url\":\"https:\/\/paracherkaoui.ma\/index.php\/produit\/caudalie-les-essentiels-corps-nutrition-huile-de-soin-nourrissante-50-ml\/\",\"name\":\"CAUDALIE LES ESSENTIELS CORPS NUTRITION HUILE DE SOIN NOURRISSANTE 50 ML - Paracherkaoui.ma\",\"isPartOf\":{\"@id\":\"https:\/\/paracherkaoui.ma\/#website\"},\"primaryImageOfPage\":{\"@id\":\"https:\/\/paracherkaoui.ma\/index.php\/produit\/caudalie-les-essentiels-corps-nutrition-huile-de-soin-nourrissante-50-ml\/#primaryimage\"},\"image\":{\"@id\":\"https:\/\/paracherkaoui.ma\/index.php\/produit\/caudalie-les-essentiels-corps-nutrition-huile-de-soin-nourrissante-50-ml\/#primaryimage\"},\"thumbnailUrl\":\"https:\/\/paracherkaoui.ma\/wp-content\/uploads\/2025\/12\/caudalie-caudalie-les-essentiels-corps-nutrition-huile-de-soin-nourrissante-50-ml-parfums.jpg\",\"datePublished\":\"2025-12-12T17:33:57+00:00\",\"dateModified\":\"2025-12-12T17:34:02+00:00\",\"breadcrumb\":{\"@id\":\"https:\/\/paracherkaoui.ma\/index.php\/produit\/caudalie-les-essentiels-corps-nutrition-huile-de-soin-nourrissante-50-ml\/#breadcrumb\"},\"inLanguage\":\"fr-FR\",\"potentialAction\":[{\"@type\":\"ReadAction\",\"target\":[\"https:\/\/paracherkaoui.ma\/index.php\/produit\/caudalie-les-essentiels-corps-nutrition-huile-de-soin-nourrissante-50-ml\/\"]}]},{\"@type\":\"ImageObject\",\"inLanguage\":\"fr-FR\",\"@id\":\"https:\/\/paracherkaoui.ma\/index.php\/produit\/caudalie-les-essentiels-corps-nutrition-huile-de-soin-nourrissante-50-ml\/#primaryimage\",\"url\":\"https:\/\/paracherkaoui.ma\/wp-content\/uploads\/2025\/12\/caudalie-caudalie-les-essentiels-corps-nutrition-huile-de-soin-nourrissante-50-ml-parfums.jpg\",\"contentUrl\":\"https:\/\/paracherkaoui.ma\/wp-content\/uploads\/2025\/12\/caudalie-caudalie-les-essentiels-corps-nutrition-huile-de-soin-nourrissante-50-ml-parfums.jpg\",\"width\":700,\"height\":700},{\"@type\":\"BreadcrumbList\",\"@id\":\"https:\/\/paracherkaoui.ma\/index.php\/produit\/caudalie-les-essentiels-corps-nutrition-huile-de-soin-nourrissante-50-ml\/#breadcrumb\",\"itemListElement\":[{\"@type\":\"ListItem\",\"position\":1,\"name\":\"Accueil\",\"item\":\"https:\/\/paracherkaoui.ma\/\"},{\"@type\":\"ListItem\",\"position\":2,\"name\":\"Boutique\",\"item\":\"https:\/\/paracherkaoui.ma\/index.php\/boutique\/\"},{\"@type\":\"ListItem\",\"position\":3,\"name\":\"CAUDALIE LES ESSENTIELS CORPS NUTRITION HUILE DE SOIN NOURRISSANTE 50 ML\"}]},{\"@type\":\"WebSite\",\"@id\":\"https:\/\/paracherkaoui.ma\/#website\",\"url\":\"https:\/\/paracherkaoui.ma\/\",\"name\":\"Paracherkaoui.ma\",\"description\":\"Achetez en ligne sur Paracherkaoui.ma\",\"potentialAction\":[{\"@type\":\"SearchAction\",\"target\":{\"@type\":\"EntryPoint\",\"urlTemplate\":\"https:\/\/paracherkaoui.ma\/?s={search_term_string}\"},\"query-input\":{\"@type\":\"PropertyValueSpecification\",\"valueRequired\":true,\"valueName\":\"search_term_string\"}}],\"inLanguage\":\"fr-FR\"}]}<\/script>\r\n<!-- \/ Yoast SEO plugin. -->","yoast_head_json":{"title":"CAUDALIE LES ESSENTIELS CORPS NUTRITION HUILE DE SOIN NOURRISSANTE 50 ML - Paracherkaoui.ma","robots":{"index":"index","follow":"follow","max-snippet":"max-snippet:-1","max-image-preview":"max-image-preview:large","max-video-preview":"max-video-preview:-1"},"canonical":"https:\/\/paracherkaoui.ma\/index.php\/produit\/caudalie-les-essentiels-corps-nutrition-huile-de-soin-nourrissante-50-ml\/","og_locale":"fr_FR","og_type":"article","og_title":"CAUDALIE LES ESSENTIELS CORPS NUTRITION HUILE DE SOIN NOURRISSANTE 50 ML - Paracherkaoui.ma","og_description":"L&rsquo;Huile de Soin Lissage &#038; Glow est une huile naturelle et multi-usages pour le corps, les cheveux et le d\u00e9collet\u00e9.","og_url":"https:\/\/paracherkaoui.ma\/index.php\/produit\/caudalie-les-essentiels-corps-nutrition-huile-de-soin-nourrissante-50-ml\/","og_site_name":"Paracherkaoui.ma","article_modified_time":"2025-12-12T17:34:02+00:00","og_image":[{"width":700,"height":700,"url":"https:\/\/paracherkaoui.ma\/wp-content\/uploads\/2025\/12\/caudalie-caudalie-les-essentiels-corps-nutrition-huile-de-soin-nourrissante-50-ml-parfums.jpg","type":"image\/jpeg"}],"twitter_card":"summary_large_image","schema":{"@context":"https:\/\/schema.org","@graph":[{"@type":"WebPage","@id":"https:\/\/paracherkaoui.ma\/index.php\/produit\/caudalie-les-essentiels-corps-nutrition-huile-de-soin-nourrissante-50-ml\/","url":"https:\/\/paracherkaoui.ma\/index.php\/produit\/caudalie-les-essentiels-corps-nutrition-huile-de-soin-nourrissante-50-ml\/","name":"CAUDALIE LES ESSENTIELS CORPS NUTRITION HUILE DE SOIN NOURRISSANTE 50 ML - Paracherkaoui.ma","isPartOf":{"@id":"https:\/\/paracherkaoui.ma\/#website"},"primaryImageOfPage":{"@id":"https:\/\/paracherkaoui.ma\/index.php\/produit\/caudalie-les-essentiels-corps-nutrition-huile-de-soin-nourrissante-50-ml\/#primaryimage"},"image":{"@id":"https:\/\/paracherkaoui.ma\/index.php\/produit\/caudalie-les-essentiels-corps-nutrition-huile-de-soin-nourrissante-50-ml\/#primaryimage"},"thumbnailUrl":"https:\/\/paracherkaoui.ma\/wp-content\/uploads\/2025\/12\/caudalie-caudalie-les-essentiels-corps-nutrition-huile-de-soin-nourrissante-50-ml-parfums.jpg","datePublished":"2025-12-12T17:33:57+00:00","dateModified":"2025-12-12T17:34:02+00:00","breadcrumb":{"@id":"https:\/\/paracherkaoui.ma\/index.php\/produit\/caudalie-les-essentiels-corps-nutrition-huile-de-soin-nourrissante-50-ml\/#breadcrumb"},"inLanguage":"fr-FR","potentialAction":[{"@type":"ReadAction","target":["https:\/\/paracherkaoui.ma\/index.php\/produit\/caudalie-les-essentiels-corps-nutrition-huile-de-soin-nourrissante-50-ml\/"]}]},{"@type":"ImageObject","inLanguage":"fr-FR","@id":"https:\/\/paracherkaoui.ma\/index.php\/produit\/caudalie-les-essentiels-corps-nutrition-huile-de-soin-nourrissante-50-ml\/#primaryimage","url":"https:\/\/paracherkaoui.ma\/wp-content\/uploads\/2025\/12\/caudalie-caudalie-les-essentiels-corps-nutrition-huile-de-soin-nourrissante-50-ml-parfums.jpg","contentUrl":"https:\/\/paracherkaoui.ma\/wp-content\/uploads\/2025\/12\/caudalie-caudalie-les-essentiels-corps-nutrition-huile-de-soin-nourrissante-50-ml-parfums.jpg","width":700,"height":700},{"@type":"BreadcrumbList","@id":"https:\/\/paracherkaoui.ma\/index.php\/produit\/caudalie-les-essentiels-corps-nutrition-huile-de-soin-nourrissante-50-ml\/#breadcrumb","itemListElement":[{"@type":"ListItem","position":1,"name":"Accueil","item":"https:\/\/paracherkaoui.ma\/"},{"@type":"ListItem","position":2,"name":"Boutique","item":"https:\/\/paracherkaoui.ma\/index.php\/boutique\/"},{"@type":"ListItem","position":3,"name":"CAUDALIE LES ESSENTIELS CORPS NUTRITION HUILE DE SOIN NOURRISSANTE 50 ML"}]},{"@type":"WebSite","@id":"https:\/\/paracherkaoui.ma\/#website","url":"https:\/\/paracherkaoui.ma\/","name":"Paracherkaoui.ma","description":"Achetez en ligne sur Paracherkaoui.ma","potentialAction":[{"@type":"SearchAction","target":{"@type":"EntryPoint","urlTemplate":"https:\/\/paracherkaoui.ma\/?s={search_term_string}"},"query-input":{"@type":"PropertyValueSpecification","valueRequired":true,"valueName":"search_term_string"}}],"inLanguage":"fr-FR"}]}},"_links":{"self":[{"href":"https:\/\/paracherkaoui.ma\/index.php\/wp-json\/wp\/v2\/product\/30932","targetHints":{"allow":["GET"]}}],"collection":[{"href":"https:\/\/paracherkaoui.ma\/index.php\/wp-json\/wp\/v2\/product"}],"about":[{"href":"https:\/\/paracherkaoui.ma\/index.php\/wp-json\/wp\/v2\/types\/product"}],"replies":[{"embeddable":true,"href":"https:\/\/paracherkaoui.ma\/index.php\/wp-json\/wp\/v2\/comments?post=30932"}],"version-history":[{"count":1,"href":"https:\/\/paracherkaoui.ma\/index.php\/wp-json\/wp\/v2\/product\/30932\/revisions"}],"predecessor-version":[{"id":30982,"href":"https:\/\/paracherkaoui.ma\/index.php\/wp-json\/wp\/v2\/product\/30932\/revisions\/30982"}],"wp:featuredmedia":[{"embeddable":true,"href":"https:\/\/paracherkaoui.ma\/index.php\/wp-json\/wp\/v2\/media\/30981"}],"wp:attachment":[{"href":"https:\/\/paracherkaoui.ma\/index.php\/wp-json\/wp\/v2\/media?parent=30932"}],"wp:term":[{"taxonomy":"product_brand","embeddable":true,"href":"https:\/\/paracherkaoui.ma\/index.php\/wp-json\/wp\/v2\/product_brand?post=30932"},{"taxonomy":"product_cat","embeddable":true,"href":"https:\/\/paracherkaoui.ma\/index.php\/wp-json\/wp\/v2\/product_cat?post=30932"},{"taxonomy":"product_tag","embeddable":true,"href":"https:\/\/paracherkaoui.ma\/index.php\/wp-json\/wp\/v2\/product_tag?post=30932"}],"curies":[{"name":"wp","href":"https:\/\/api.w.org\/{rel}","templated":true}]}}