{"id":30920,"date":"2025-12-12T18:33:56","date_gmt":"2025-12-12T17:33:56","guid":{"rendered":"https:\/\/test.ecbeaute.com\/?post_type=product&#038;p=30920"},"modified":"2025-12-12T18:33:59","modified_gmt":"2025-12-12T17:33:59","slug":"caudalie-eau-de-parfum-ange-des-vignes-50-ml","status":"publish","type":"product","link":"https:\/\/paracherkaoui.ma\/index.php\/produit\/caudalie-eau-de-parfum-ange-des-vignes-50-ml\/","title":{"rendered":"CAUDALIE EAU DE PARFUM ANGE DES VIGNES 50 ML"},"content":{"rendered":"<p>Avec Ange des Vignes, Caudalie signe sa premi\u00e8re Eau de Parfum, \u00e0 la fois voluptueuse et p\u00e9tillante. Sa fragrance chypr\u00e9e d\u00e9voile des notes fruit\u00e9es de raisin framboise, l\u00e9g\u00e8res de n\u00e9roli et enveloppantes de patchouli. Entre ciel et vignes, une envol\u00e9e c\u00e9leste, envo\u00fbtante et sensuelle.<br \/>\nLes notes fruit\u00e9es et joviales du raisin framboise ont \u00e9t\u00e9 recr\u00e9\u00e9es gr\u00e2ce \u00e0 la collaboration du ma\u00eetre parfumeur Anne Flipo avec un aromaticien. Elles sont fabriqu\u00e9es \u00e0 partir de p\u00e9tales de centifolia, de bourgeons de cassis et de frambinone, \u00e9l\u00e9ment cl\u00e9 pour apporter la senteur fruit\u00e9e de la framboise.<br \/>\nConseils d&rsquo;utilisation:<br \/>\nVaporisez l&rsquo;Eau de Parfum Ange des Vignes sur votre peau ou sur vos v\u00eatements, \u00e0 tout moment de la journ\u00e9e.<\/p>\n","protected":false},"excerpt":{"rendered":"<p>Avec Ange des Vignes, Caudalie signe sa premi\u00e8re Eau de Parfum, \u00e0 la fois voluptueuse et p\u00e9tillante. Sa fragrance chypr\u00e9e<\/p>\n","protected":false},"featured_media":30957,"comment_status":"open","ping_status":"closed","template":"","meta":[],"product_brand":[358],"product_cat":[569],"product_tag":[],"class_list":{"0":"post-30920","1":"product","2":"type-product","3":"status-publish","4":"has-post-thumbnail","6":"product_brand-caudalie","7":"product_cat-parfums","9":"first","10":"instock","11":"shipping-taxable","12":"purchasable","13":"product-type-simple"},"yoast_head":"<!-- This site is optimized with the Yoast SEO plugin v26.6 - https:\/\/yoast.com\/wordpress\/plugins\/seo\/ -->\r\n<title>CAUDALIE EAU DE PARFUM ANGE DES VIGNES 50 ML - Paracherkaoui.ma<\/title>\r\n<meta name=\"robots\" content=\"index, follow, max-snippet:-1, max-image-preview:large, max-video-preview:-1\" \/>\r\n<link rel=\"canonical\" href=\"https:\/\/paracherkaoui.ma\/index.php\/produit\/caudalie-eau-de-parfum-ange-des-vignes-50-ml\/\" \/>\r\n<meta property=\"og:locale\" content=\"fr_FR\" \/>\r\n<meta property=\"og:type\" content=\"article\" \/>\r\n<meta property=\"og:title\" content=\"CAUDALIE EAU DE PARFUM ANGE DES VIGNES 50 ML - Paracherkaoui.ma\" \/>\r\n<meta property=\"og:description\" content=\"Avec Ange des Vignes, Caudalie signe sa premi\u00e8re Eau de Parfum, \u00e0 la fois voluptueuse et p\u00e9tillante. Sa fragrance chypr\u00e9e\" \/>\r\n<meta property=\"og:url\" content=\"https:\/\/paracherkaoui.ma\/index.php\/produit\/caudalie-eau-de-parfum-ange-des-vignes-50-ml\/\" \/>\r\n<meta property=\"og:site_name\" content=\"Paracherkaoui.ma\" \/>\r\n<meta property=\"article:modified_time\" content=\"2025-12-12T17:33:59+00:00\" \/>\r\n<meta property=\"og:image\" content=\"https:\/\/paracherkaoui.ma\/wp-content\/uploads\/2025\/12\/caudalie-caudalie-eau-de-parfum-ange-des-vignes-50-ml-parfums.jpg\" \/>\r\n\t<meta property=\"og:image:width\" content=\"700\" \/>\r\n\t<meta property=\"og:image:height\" content=\"700\" \/>\r\n\t<meta property=\"og:image:type\" content=\"image\/jpeg\" \/>\r\n<meta name=\"twitter:card\" content=\"summary_large_image\" \/>\r\n<meta name=\"twitter:label1\" content=\"Dur\u00e9e de lecture estim\u00e9e\" \/>\n\t<meta name=\"twitter:data1\" content=\"1 minute\" \/>\r\n<script type=\"application\/ld+json\" class=\"yoast-schema-graph\">{\"@context\":\"https:\/\/schema.org\",\"@graph\":[{\"@type\":\"WebPage\",\"@id\":\"https:\/\/paracherkaoui.ma\/index.php\/produit\/caudalie-eau-de-parfum-ange-des-vignes-50-ml\/\",\"url\":\"https:\/\/paracherkaoui.ma\/index.php\/produit\/caudalie-eau-de-parfum-ange-des-vignes-50-ml\/\",\"name\":\"CAUDALIE EAU DE PARFUM ANGE DES VIGNES 50 ML - Paracherkaoui.ma\",\"isPartOf\":{\"@id\":\"https:\/\/paracherkaoui.ma\/#website\"},\"primaryImageOfPage\":{\"@id\":\"https:\/\/paracherkaoui.ma\/index.php\/produit\/caudalie-eau-de-parfum-ange-des-vignes-50-ml\/#primaryimage\"},\"image\":{\"@id\":\"https:\/\/paracherkaoui.ma\/index.php\/produit\/caudalie-eau-de-parfum-ange-des-vignes-50-ml\/#primaryimage\"},\"thumbnailUrl\":\"https:\/\/paracherkaoui.ma\/wp-content\/uploads\/2025\/12\/caudalie-caudalie-eau-de-parfum-ange-des-vignes-50-ml-parfums.jpg\",\"datePublished\":\"2025-12-12T17:33:56+00:00\",\"dateModified\":\"2025-12-12T17:33:59+00:00\",\"breadcrumb\":{\"@id\":\"https:\/\/paracherkaoui.ma\/index.php\/produit\/caudalie-eau-de-parfum-ange-des-vignes-50-ml\/#breadcrumb\"},\"inLanguage\":\"fr-FR\",\"potentialAction\":[{\"@type\":\"ReadAction\",\"target\":[\"https:\/\/paracherkaoui.ma\/index.php\/produit\/caudalie-eau-de-parfum-ange-des-vignes-50-ml\/\"]}]},{\"@type\":\"ImageObject\",\"inLanguage\":\"fr-FR\",\"@id\":\"https:\/\/paracherkaoui.ma\/index.php\/produit\/caudalie-eau-de-parfum-ange-des-vignes-50-ml\/#primaryimage\",\"url\":\"https:\/\/paracherkaoui.ma\/wp-content\/uploads\/2025\/12\/caudalie-caudalie-eau-de-parfum-ange-des-vignes-50-ml-parfums.jpg\",\"contentUrl\":\"https:\/\/paracherkaoui.ma\/wp-content\/uploads\/2025\/12\/caudalie-caudalie-eau-de-parfum-ange-des-vignes-50-ml-parfums.jpg\",\"width\":700,\"height\":700},{\"@type\":\"BreadcrumbList\",\"@id\":\"https:\/\/paracherkaoui.ma\/index.php\/produit\/caudalie-eau-de-parfum-ange-des-vignes-50-ml\/#breadcrumb\",\"itemListElement\":[{\"@type\":\"ListItem\",\"position\":1,\"name\":\"Accueil\",\"item\":\"https:\/\/paracherkaoui.ma\/\"},{\"@type\":\"ListItem\",\"position\":2,\"name\":\"Boutique\",\"item\":\"https:\/\/paracherkaoui.ma\/index.php\/boutique\/\"},{\"@type\":\"ListItem\",\"position\":3,\"name\":\"CAUDALIE EAU DE PARFUM ANGE DES VIGNES 50 ML\"}]},{\"@type\":\"WebSite\",\"@id\":\"https:\/\/paracherkaoui.ma\/#website\",\"url\":\"https:\/\/paracherkaoui.ma\/\",\"name\":\"Paracherkaoui.ma\",\"description\":\"Achetez en ligne sur Paracherkaoui.ma\",\"potentialAction\":[{\"@type\":\"SearchAction\",\"target\":{\"@type\":\"EntryPoint\",\"urlTemplate\":\"https:\/\/paracherkaoui.ma\/?s={search_term_string}\"},\"query-input\":{\"@type\":\"PropertyValueSpecification\",\"valueRequired\":true,\"valueName\":\"search_term_string\"}}],\"inLanguage\":\"fr-FR\"}]}<\/script>\r\n<!-- \/ Yoast SEO plugin. -->","yoast_head_json":{"title":"CAUDALIE EAU DE PARFUM ANGE DES VIGNES 50 ML - Paracherkaoui.ma","robots":{"index":"index","follow":"follow","max-snippet":"max-snippet:-1","max-image-preview":"max-image-preview:large","max-video-preview":"max-video-preview:-1"},"canonical":"https:\/\/paracherkaoui.ma\/index.php\/produit\/caudalie-eau-de-parfum-ange-des-vignes-50-ml\/","og_locale":"fr_FR","og_type":"article","og_title":"CAUDALIE EAU DE PARFUM ANGE DES VIGNES 50 ML - Paracherkaoui.ma","og_description":"Avec Ange des Vignes, Caudalie signe sa premi\u00e8re Eau de Parfum, \u00e0 la fois voluptueuse et p\u00e9tillante. Sa fragrance chypr\u00e9e","og_url":"https:\/\/paracherkaoui.ma\/index.php\/produit\/caudalie-eau-de-parfum-ange-des-vignes-50-ml\/","og_site_name":"Paracherkaoui.ma","article_modified_time":"2025-12-12T17:33:59+00:00","og_image":[{"width":700,"height":700,"url":"https:\/\/paracherkaoui.ma\/wp-content\/uploads\/2025\/12\/caudalie-caudalie-eau-de-parfum-ange-des-vignes-50-ml-parfums.jpg","type":"image\/jpeg"}],"twitter_card":"summary_large_image","twitter_misc":{"Dur\u00e9e de lecture estim\u00e9e":"1 minute"},"schema":{"@context":"https:\/\/schema.org","@graph":[{"@type":"WebPage","@id":"https:\/\/paracherkaoui.ma\/index.php\/produit\/caudalie-eau-de-parfum-ange-des-vignes-50-ml\/","url":"https:\/\/paracherkaoui.ma\/index.php\/produit\/caudalie-eau-de-parfum-ange-des-vignes-50-ml\/","name":"CAUDALIE EAU DE PARFUM ANGE DES VIGNES 50 ML - Paracherkaoui.ma","isPartOf":{"@id":"https:\/\/paracherkaoui.ma\/#website"},"primaryImageOfPage":{"@id":"https:\/\/paracherkaoui.ma\/index.php\/produit\/caudalie-eau-de-parfum-ange-des-vignes-50-ml\/#primaryimage"},"image":{"@id":"https:\/\/paracherkaoui.ma\/index.php\/produit\/caudalie-eau-de-parfum-ange-des-vignes-50-ml\/#primaryimage"},"thumbnailUrl":"https:\/\/paracherkaoui.ma\/wp-content\/uploads\/2025\/12\/caudalie-caudalie-eau-de-parfum-ange-des-vignes-50-ml-parfums.jpg","datePublished":"2025-12-12T17:33:56+00:00","dateModified":"2025-12-12T17:33:59+00:00","breadcrumb":{"@id":"https:\/\/paracherkaoui.ma\/index.php\/produit\/caudalie-eau-de-parfum-ange-des-vignes-50-ml\/#breadcrumb"},"inLanguage":"fr-FR","potentialAction":[{"@type":"ReadAction","target":["https:\/\/paracherkaoui.ma\/index.php\/produit\/caudalie-eau-de-parfum-ange-des-vignes-50-ml\/"]}]},{"@type":"ImageObject","inLanguage":"fr-FR","@id":"https:\/\/paracherkaoui.ma\/index.php\/produit\/caudalie-eau-de-parfum-ange-des-vignes-50-ml\/#primaryimage","url":"https:\/\/paracherkaoui.ma\/wp-content\/uploads\/2025\/12\/caudalie-caudalie-eau-de-parfum-ange-des-vignes-50-ml-parfums.jpg","contentUrl":"https:\/\/paracherkaoui.ma\/wp-content\/uploads\/2025\/12\/caudalie-caudalie-eau-de-parfum-ange-des-vignes-50-ml-parfums.jpg","width":700,"height":700},{"@type":"BreadcrumbList","@id":"https:\/\/paracherkaoui.ma\/index.php\/produit\/caudalie-eau-de-parfum-ange-des-vignes-50-ml\/#breadcrumb","itemListElement":[{"@type":"ListItem","position":1,"name":"Accueil","item":"https:\/\/paracherkaoui.ma\/"},{"@type":"ListItem","position":2,"name":"Boutique","item":"https:\/\/paracherkaoui.ma\/index.php\/boutique\/"},{"@type":"ListItem","position":3,"name":"CAUDALIE EAU DE PARFUM ANGE DES VIGNES 50 ML"}]},{"@type":"WebSite","@id":"https:\/\/paracherkaoui.ma\/#website","url":"https:\/\/paracherkaoui.ma\/","name":"Paracherkaoui.ma","description":"Achetez en ligne sur Paracherkaoui.ma","potentialAction":[{"@type":"SearchAction","target":{"@type":"EntryPoint","urlTemplate":"https:\/\/paracherkaoui.ma\/?s={search_term_string}"},"query-input":{"@type":"PropertyValueSpecification","valueRequired":true,"valueName":"search_term_string"}}],"inLanguage":"fr-FR"}]}},"_links":{"self":[{"href":"https:\/\/paracherkaoui.ma\/index.php\/wp-json\/wp\/v2\/product\/30920","targetHints":{"allow":["GET"]}}],"collection":[{"href":"https:\/\/paracherkaoui.ma\/index.php\/wp-json\/wp\/v2\/product"}],"about":[{"href":"https:\/\/paracherkaoui.ma\/index.php\/wp-json\/wp\/v2\/types\/product"}],"replies":[{"embeddable":true,"href":"https:\/\/paracherkaoui.ma\/index.php\/wp-json\/wp\/v2\/comments?post=30920"}],"version-history":[{"count":1,"href":"https:\/\/paracherkaoui.ma\/index.php\/wp-json\/wp\/v2\/product\/30920\/revisions"}],"predecessor-version":[{"id":30958,"href":"https:\/\/paracherkaoui.ma\/index.php\/wp-json\/wp\/v2\/product\/30920\/revisions\/30958"}],"wp:featuredmedia":[{"embeddable":true,"href":"https:\/\/paracherkaoui.ma\/index.php\/wp-json\/wp\/v2\/media\/30957"}],"wp:attachment":[{"href":"https:\/\/paracherkaoui.ma\/index.php\/wp-json\/wp\/v2\/media?parent=30920"}],"wp:term":[{"taxonomy":"product_brand","embeddable":true,"href":"https:\/\/paracherkaoui.ma\/index.php\/wp-json\/wp\/v2\/product_brand?post=30920"},{"taxonomy":"product_cat","embeddable":true,"href":"https:\/\/paracherkaoui.ma\/index.php\/wp-json\/wp\/v2\/product_cat?post=30920"},{"taxonomy":"product_tag","embeddable":true,"href":"https:\/\/paracherkaoui.ma\/index.php\/wp-json\/wp\/v2\/product_tag?post=30920"}],"curies":[{"name":"wp","href":"https:\/\/api.w.org\/{rel}","templated":true}]}}