{"id":30843,"date":"2025-12-12T18:33:48","date_gmt":"2025-12-12T17:33:48","guid":{"rendered":"https:\/\/test.ecbeaute.com\/?post_type=product&#038;p=30843"},"modified":"2025-12-12T18:33:52","modified_gmt":"2025-12-12T17:33:52","slug":"golden-rose-brume-corps-just-romance-200ml","status":"publish","type":"product","link":"https:\/\/paracherkaoui.ma\/index.php\/produit\/golden-rose-brume-corps-just-romance-200ml\/","title":{"rendered":"GOLDEN ROSE BRUME CORPS JUST ROMANCE 200ML"},"content":{"rendered":"<p>D\u00e8s la premi\u00e8re vaporisation, vos sens seront transport\u00e9s par une composition olfactive d\u00e9licate et harmonieuse. En t\u00eate, des notes fruit\u00e9es \u00e9clatent avec l\u00e9g\u00e8ret\u00e9, offrant une ouverture p\u00e9tillante et joyeuse. C&rsquo;est une touche de gourmandise subtile qui \u00e9veille la peau et l&rsquo;esprit, invitant \u00e0 la douceur et \u00e0 la l\u00e9g\u00e8ret\u00e9.<br \/>\nPuis, le c\u0153ur de la fragrance se r\u00e9v\u00e8le avec la d\u00e9licatesse de l&rsquo;accord floral entre la Freesia et la Pivoine. La Freesia, avec ses notes florales fra\u00eeches, l\u00e9g\u00e8rement poivr\u00e9es et vertes, apporte une \u00e9l\u00e9gance a\u00e9rienne et une clart\u00e9 lumineuse. La Pivoine, quant \u00e0 elle, d\u00e9ploie ses p\u00e9tales velout\u00e9s avec ses nuances ros\u00e9es, douces et l\u00e9g\u00e8rement poudr\u00e9es, \u00e9voquant la beaut\u00e9 classique et la f\u00e9minit\u00e9 romantique. Cet accord floral est un v\u00e9ritable bouquet printanier, qui caresse la peau d&rsquo;une senteur raffin\u00e9e et envo\u00fbtante, laissant une impression de puret\u00e9 et de gr\u00e2ce.<br \/>\nL&rsquo;ensemble de la composition laisse la peau agr\u00e9ablement parfum\u00e9e et rafra\u00eechie, sans la lourdeur d&rsquo;un parfum traditionnel. La formule l\u00e9g\u00e8re de cette brume est con\u00e7ue pour \u00eatre appliqu\u00e9e g\u00e9n\u00e9reusement, procurant une sensation de bien-\u00eatre imm\u00e9diate. Elle hydrate subtilement l&rsquo;\u00e9piderme tout en le parfumant d\u00e9licatement, la rendant id\u00e9ale pour un rafra\u00eechissement instantan\u00e9 \u00e0 tout moment de la journ\u00e9e.<br \/>\nConseils d&rsquo;utilisation:<br \/>\nLa Brume Corps Just Romance est id\u00e9ale pour une utilisation quotidienne, \u00e0 tout moment de la journ\u00e9e, pour un coup de frais parfum\u00e9 et une peau rafra\u00eechie.<\/p>\n","protected":false},"excerpt":{"rendered":"<p>D\u00e8s la premi\u00e8re vaporisation, vos sens seront transport\u00e9s par une composition olfactive d\u00e9licate et harmonieuse. En t\u00eate, des notes fruit\u00e9es<\/p>\n","protected":false},"featured_media":30887,"comment_status":"open","ping_status":"closed","template":"","meta":[],"product_brand":[570],"product_cat":[569],"product_tag":[],"class_list":{"0":"post-30843","1":"product","2":"type-product","3":"status-publish","4":"has-post-thumbnail","6":"product_brand-golden-rose","7":"product_cat-parfums","9":"first","10":"instock","11":"shipping-taxable","12":"purchasable","13":"product-type-simple"},"yoast_head":"<!-- This site is optimized with the Yoast SEO plugin v26.6 - https:\/\/yoast.com\/wordpress\/plugins\/seo\/ -->\r\n<title>GOLDEN ROSE BRUME CORPS JUST ROMANCE 200ML - Paracherkaoui.ma<\/title>\r\n<meta name=\"robots\" content=\"index, follow, max-snippet:-1, max-image-preview:large, max-video-preview:-1\" \/>\r\n<link rel=\"canonical\" href=\"https:\/\/paracherkaoui.ma\/index.php\/produit\/golden-rose-brume-corps-just-romance-200ml\/\" \/>\r\n<meta property=\"og:locale\" content=\"fr_FR\" \/>\r\n<meta property=\"og:type\" content=\"article\" \/>\r\n<meta property=\"og:title\" content=\"GOLDEN ROSE BRUME CORPS JUST ROMANCE 200ML - Paracherkaoui.ma\" \/>\r\n<meta property=\"og:description\" content=\"D\u00e8s la premi\u00e8re vaporisation, vos sens seront transport\u00e9s par une composition olfactive d\u00e9licate et harmonieuse. En t\u00eate, des notes fruit\u00e9es\" \/>\r\n<meta property=\"og:url\" content=\"https:\/\/paracherkaoui.ma\/index.php\/produit\/golden-rose-brume-corps-just-romance-200ml\/\" \/>\r\n<meta property=\"og:site_name\" content=\"Paracherkaoui.ma\" \/>\r\n<meta property=\"article:modified_time\" content=\"2025-12-12T17:33:52+00:00\" \/>\r\n<meta property=\"og:image\" content=\"https:\/\/paracherkaoui.ma\/wp-content\/uploads\/2025\/12\/golden-rose-brume-corps-just-romance-200ml.jpg\" \/>\r\n\t<meta property=\"og:image:width\" content=\"700\" \/>\r\n\t<meta property=\"og:image:height\" content=\"700\" \/>\r\n\t<meta property=\"og:image:type\" content=\"image\/jpeg\" \/>\r\n<meta name=\"twitter:card\" content=\"summary_large_image\" \/>\r\n<meta name=\"twitter:label1\" content=\"Dur\u00e9e de lecture estim\u00e9e\" \/>\n\t<meta name=\"twitter:data1\" content=\"1 minute\" \/>\r\n<script type=\"application\/ld+json\" class=\"yoast-schema-graph\">{\"@context\":\"https:\/\/schema.org\",\"@graph\":[{\"@type\":\"WebPage\",\"@id\":\"https:\/\/paracherkaoui.ma\/index.php\/produit\/golden-rose-brume-corps-just-romance-200ml\/\",\"url\":\"https:\/\/paracherkaoui.ma\/index.php\/produit\/golden-rose-brume-corps-just-romance-200ml\/\",\"name\":\"GOLDEN ROSE BRUME CORPS JUST ROMANCE 200ML - Paracherkaoui.ma\",\"isPartOf\":{\"@id\":\"https:\/\/paracherkaoui.ma\/#website\"},\"primaryImageOfPage\":{\"@id\":\"https:\/\/paracherkaoui.ma\/index.php\/produit\/golden-rose-brume-corps-just-romance-200ml\/#primaryimage\"},\"image\":{\"@id\":\"https:\/\/paracherkaoui.ma\/index.php\/produit\/golden-rose-brume-corps-just-romance-200ml\/#primaryimage\"},\"thumbnailUrl\":\"https:\/\/paracherkaoui.ma\/wp-content\/uploads\/2025\/12\/golden-rose-brume-corps-just-romance-200ml.jpg\",\"datePublished\":\"2025-12-12T17:33:48+00:00\",\"dateModified\":\"2025-12-12T17:33:52+00:00\",\"breadcrumb\":{\"@id\":\"https:\/\/paracherkaoui.ma\/index.php\/produit\/golden-rose-brume-corps-just-romance-200ml\/#breadcrumb\"},\"inLanguage\":\"fr-FR\",\"potentialAction\":[{\"@type\":\"ReadAction\",\"target\":[\"https:\/\/paracherkaoui.ma\/index.php\/produit\/golden-rose-brume-corps-just-romance-200ml\/\"]}]},{\"@type\":\"ImageObject\",\"inLanguage\":\"fr-FR\",\"@id\":\"https:\/\/paracherkaoui.ma\/index.php\/produit\/golden-rose-brume-corps-just-romance-200ml\/#primaryimage\",\"url\":\"https:\/\/paracherkaoui.ma\/wp-content\/uploads\/2025\/12\/golden-rose-brume-corps-just-romance-200ml.jpg\",\"contentUrl\":\"https:\/\/paracherkaoui.ma\/wp-content\/uploads\/2025\/12\/golden-rose-brume-corps-just-romance-200ml.jpg\",\"width\":700,\"height\":700},{\"@type\":\"BreadcrumbList\",\"@id\":\"https:\/\/paracherkaoui.ma\/index.php\/produit\/golden-rose-brume-corps-just-romance-200ml\/#breadcrumb\",\"itemListElement\":[{\"@type\":\"ListItem\",\"position\":1,\"name\":\"Accueil\",\"item\":\"https:\/\/paracherkaoui.ma\/\"},{\"@type\":\"ListItem\",\"position\":2,\"name\":\"Boutique\",\"item\":\"https:\/\/paracherkaoui.ma\/index.php\/boutique\/\"},{\"@type\":\"ListItem\",\"position\":3,\"name\":\"GOLDEN ROSE BRUME CORPS JUST ROMANCE 200ML\"}]},{\"@type\":\"WebSite\",\"@id\":\"https:\/\/paracherkaoui.ma\/#website\",\"url\":\"https:\/\/paracherkaoui.ma\/\",\"name\":\"Paracherkaoui.ma\",\"description\":\"Achetez en ligne sur Paracherkaoui.ma\",\"potentialAction\":[{\"@type\":\"SearchAction\",\"target\":{\"@type\":\"EntryPoint\",\"urlTemplate\":\"https:\/\/paracherkaoui.ma\/?s={search_term_string}\"},\"query-input\":{\"@type\":\"PropertyValueSpecification\",\"valueRequired\":true,\"valueName\":\"search_term_string\"}}],\"inLanguage\":\"fr-FR\"}]}<\/script>\r\n<!-- \/ Yoast SEO plugin. -->","yoast_head_json":{"title":"GOLDEN ROSE BRUME CORPS JUST ROMANCE 200ML - Paracherkaoui.ma","robots":{"index":"index","follow":"follow","max-snippet":"max-snippet:-1","max-image-preview":"max-image-preview:large","max-video-preview":"max-video-preview:-1"},"canonical":"https:\/\/paracherkaoui.ma\/index.php\/produit\/golden-rose-brume-corps-just-romance-200ml\/","og_locale":"fr_FR","og_type":"article","og_title":"GOLDEN ROSE BRUME CORPS JUST ROMANCE 200ML - Paracherkaoui.ma","og_description":"D\u00e8s la premi\u00e8re vaporisation, vos sens seront transport\u00e9s par une composition olfactive d\u00e9licate et harmonieuse. En t\u00eate, des notes fruit\u00e9es","og_url":"https:\/\/paracherkaoui.ma\/index.php\/produit\/golden-rose-brume-corps-just-romance-200ml\/","og_site_name":"Paracherkaoui.ma","article_modified_time":"2025-12-12T17:33:52+00:00","og_image":[{"width":700,"height":700,"url":"https:\/\/paracherkaoui.ma\/wp-content\/uploads\/2025\/12\/golden-rose-brume-corps-just-romance-200ml.jpg","type":"image\/jpeg"}],"twitter_card":"summary_large_image","twitter_misc":{"Dur\u00e9e de lecture estim\u00e9e":"1 minute"},"schema":{"@context":"https:\/\/schema.org","@graph":[{"@type":"WebPage","@id":"https:\/\/paracherkaoui.ma\/index.php\/produit\/golden-rose-brume-corps-just-romance-200ml\/","url":"https:\/\/paracherkaoui.ma\/index.php\/produit\/golden-rose-brume-corps-just-romance-200ml\/","name":"GOLDEN ROSE BRUME CORPS JUST ROMANCE 200ML - Paracherkaoui.ma","isPartOf":{"@id":"https:\/\/paracherkaoui.ma\/#website"},"primaryImageOfPage":{"@id":"https:\/\/paracherkaoui.ma\/index.php\/produit\/golden-rose-brume-corps-just-romance-200ml\/#primaryimage"},"image":{"@id":"https:\/\/paracherkaoui.ma\/index.php\/produit\/golden-rose-brume-corps-just-romance-200ml\/#primaryimage"},"thumbnailUrl":"https:\/\/paracherkaoui.ma\/wp-content\/uploads\/2025\/12\/golden-rose-brume-corps-just-romance-200ml.jpg","datePublished":"2025-12-12T17:33:48+00:00","dateModified":"2025-12-12T17:33:52+00:00","breadcrumb":{"@id":"https:\/\/paracherkaoui.ma\/index.php\/produit\/golden-rose-brume-corps-just-romance-200ml\/#breadcrumb"},"inLanguage":"fr-FR","potentialAction":[{"@type":"ReadAction","target":["https:\/\/paracherkaoui.ma\/index.php\/produit\/golden-rose-brume-corps-just-romance-200ml\/"]}]},{"@type":"ImageObject","inLanguage":"fr-FR","@id":"https:\/\/paracherkaoui.ma\/index.php\/produit\/golden-rose-brume-corps-just-romance-200ml\/#primaryimage","url":"https:\/\/paracherkaoui.ma\/wp-content\/uploads\/2025\/12\/golden-rose-brume-corps-just-romance-200ml.jpg","contentUrl":"https:\/\/paracherkaoui.ma\/wp-content\/uploads\/2025\/12\/golden-rose-brume-corps-just-romance-200ml.jpg","width":700,"height":700},{"@type":"BreadcrumbList","@id":"https:\/\/paracherkaoui.ma\/index.php\/produit\/golden-rose-brume-corps-just-romance-200ml\/#breadcrumb","itemListElement":[{"@type":"ListItem","position":1,"name":"Accueil","item":"https:\/\/paracherkaoui.ma\/"},{"@type":"ListItem","position":2,"name":"Boutique","item":"https:\/\/paracherkaoui.ma\/index.php\/boutique\/"},{"@type":"ListItem","position":3,"name":"GOLDEN ROSE BRUME CORPS JUST ROMANCE 200ML"}]},{"@type":"WebSite","@id":"https:\/\/paracherkaoui.ma\/#website","url":"https:\/\/paracherkaoui.ma\/","name":"Paracherkaoui.ma","description":"Achetez en ligne sur Paracherkaoui.ma","potentialAction":[{"@type":"SearchAction","target":{"@type":"EntryPoint","urlTemplate":"https:\/\/paracherkaoui.ma\/?s={search_term_string}"},"query-input":{"@type":"PropertyValueSpecification","valueRequired":true,"valueName":"search_term_string"}}],"inLanguage":"fr-FR"}]}},"_links":{"self":[{"href":"https:\/\/paracherkaoui.ma\/index.php\/wp-json\/wp\/v2\/product\/30843","targetHints":{"allow":["GET"]}}],"collection":[{"href":"https:\/\/paracherkaoui.ma\/index.php\/wp-json\/wp\/v2\/product"}],"about":[{"href":"https:\/\/paracherkaoui.ma\/index.php\/wp-json\/wp\/v2\/types\/product"}],"replies":[{"embeddable":true,"href":"https:\/\/paracherkaoui.ma\/index.php\/wp-json\/wp\/v2\/comments?post=30843"}],"version-history":[{"count":1,"href":"https:\/\/paracherkaoui.ma\/index.php\/wp-json\/wp\/v2\/product\/30843\/revisions"}],"predecessor-version":[{"id":30888,"href":"https:\/\/paracherkaoui.ma\/index.php\/wp-json\/wp\/v2\/product\/30843\/revisions\/30888"}],"wp:featuredmedia":[{"embeddable":true,"href":"https:\/\/paracherkaoui.ma\/index.php\/wp-json\/wp\/v2\/media\/30887"}],"wp:attachment":[{"href":"https:\/\/paracherkaoui.ma\/index.php\/wp-json\/wp\/v2\/media?parent=30843"}],"wp:term":[{"taxonomy":"product_brand","embeddable":true,"href":"https:\/\/paracherkaoui.ma\/index.php\/wp-json\/wp\/v2\/product_brand?post=30843"},{"taxonomy":"product_cat","embeddable":true,"href":"https:\/\/paracherkaoui.ma\/index.php\/wp-json\/wp\/v2\/product_cat?post=30843"},{"taxonomy":"product_tag","embeddable":true,"href":"https:\/\/paracherkaoui.ma\/index.php\/wp-json\/wp\/v2\/product_tag?post=30843"}],"curies":[{"name":"wp","href":"https:\/\/api.w.org\/{rel}","templated":true}]}}