{"id":30840,"date":"2025-12-12T18:33:48","date_gmt":"2025-12-12T17:33:48","guid":{"rendered":"https:\/\/test.ecbeaute.com\/?post_type=product&#038;p=30840"},"modified":"2025-12-12T18:33:52","modified_gmt":"2025-12-12T17:33:52","slug":"cool-enough-studio-headband","status":"publish","type":"product","link":"https:\/\/paracherkaoui.ma\/index.php\/produit\/cool-enough-studio-headband\/","title":{"rendered":"COOL ENOUGH STUDIO HEADBAND"},"content":{"rendered":"<p>Ce bandeau est con\u00e7u pour s&rsquo;int\u00e9grer ais\u00e9ment dans votre routine beaut\u00e9 quotidienne. Le bandeau Cool Enough Studio maintient vos cheveux en arri\u00e8re pour un visage d\u00e9gag\u00e9, facilitant ainsi chaque \u00e9tape de votre routine beaut\u00e9 sans risquer de mouiller ou salir vos m\u00e8ches. Sa mati\u00e8re polaire douce est id\u00e9ale pour les peaux sensibles, offrant un contact agr\u00e9able tout en restant suffisamment solide pour un usage r\u00e9p\u00e9t\u00e9.<br \/>\nConseils d&rsquo;utilisation :<br \/>\nPr\u00e9paration des soins : Utilisez le bandeau pour prot\u00e9ger vos cheveux lorsque vous appliquez vos soins du visage. Il est parfait pour garder les cheveux en place tout en vous offrant un acc\u00e8s complet au visage.<br \/>\nNettoyage et masques : Mettez le bandeau avant de vous laver le visage ou d&rsquo;appliquer un masque. Sa mati\u00e8re polaire douce garantit une exp\u00e9rience agr\u00e9able et pr\u00e9serve vos cheveux des produits.<br \/>\nApr\u00e8s la douche : Gardez le bandeau pour maintenir vos cheveux en arri\u00e8re pendant votre routine hydratante post douche.<\/p>\n","protected":false},"excerpt":{"rendered":"<p>Ce bandeau est con\u00e7u pour s&rsquo;int\u00e9grer ais\u00e9ment dans votre routine beaut\u00e9 quotidienne. Le bandeau Cool Enough Studio maintient vos cheveux<\/p>\n","protected":false},"featured_media":30881,"comment_status":"open","ping_status":"closed","template":"","meta":[],"product_brand":[249],"product_cat":[557],"product_tag":[],"class_list":{"0":"post-30840","1":"product","2":"type-product","3":"status-publish","4":"has-post-thumbnail","6":"product_brand-marque-inconnue","7":"product_cat-accessoires-de-soins-visage","9":"first","10":"instock","11":"shipping-taxable","12":"purchasable","13":"product-type-simple"},"yoast_head":"<!-- This site is optimized with the Yoast SEO plugin v26.6 - https:\/\/yoast.com\/wordpress\/plugins\/seo\/ -->\r\n<title>COOL ENOUGH STUDIO HEADBAND - Paracherkaoui.ma<\/title>\r\n<meta name=\"robots\" content=\"index, follow, max-snippet:-1, max-image-preview:large, max-video-preview:-1\" \/>\r\n<link rel=\"canonical\" href=\"https:\/\/paracherkaoui.ma\/index.php\/produit\/cool-enough-studio-headband\/\" \/>\r\n<meta property=\"og:locale\" content=\"fr_FR\" \/>\r\n<meta property=\"og:type\" content=\"article\" \/>\r\n<meta property=\"og:title\" content=\"COOL ENOUGH STUDIO HEADBAND - Paracherkaoui.ma\" \/>\r\n<meta property=\"og:description\" content=\"Ce bandeau est con\u00e7u pour s&rsquo;int\u00e9grer ais\u00e9ment dans votre routine beaut\u00e9 quotidienne. Le bandeau Cool Enough Studio maintient vos cheveux\" \/>\r\n<meta property=\"og:url\" content=\"https:\/\/paracherkaoui.ma\/index.php\/produit\/cool-enough-studio-headband\/\" \/>\r\n<meta property=\"og:site_name\" content=\"Paracherkaoui.ma\" \/>\r\n<meta property=\"article:modified_time\" content=\"2025-12-12T17:33:52+00:00\" \/>\r\n<meta property=\"og:image\" content=\"https:\/\/paracherkaoui.ma\/wp-content\/uploads\/2025\/12\/cool-enough-studio-headband-accessoires-pour-cheveux.jpg\" \/>\r\n\t<meta property=\"og:image:width\" content=\"700\" \/>\r\n\t<meta property=\"og:image:height\" content=\"700\" \/>\r\n\t<meta property=\"og:image:type\" content=\"image\/jpeg\" \/>\r\n<meta name=\"twitter:card\" content=\"summary_large_image\" \/>\r\n<meta name=\"twitter:label1\" content=\"Dur\u00e9e de lecture estim\u00e9e\" \/>\n\t<meta name=\"twitter:data1\" content=\"1 minute\" \/>\r\n<script type=\"application\/ld+json\" class=\"yoast-schema-graph\">{\"@context\":\"https:\/\/schema.org\",\"@graph\":[{\"@type\":\"WebPage\",\"@id\":\"https:\/\/paracherkaoui.ma\/index.php\/produit\/cool-enough-studio-headband\/\",\"url\":\"https:\/\/paracherkaoui.ma\/index.php\/produit\/cool-enough-studio-headband\/\",\"name\":\"COOL ENOUGH STUDIO HEADBAND - Paracherkaoui.ma\",\"isPartOf\":{\"@id\":\"https:\/\/paracherkaoui.ma\/#website\"},\"primaryImageOfPage\":{\"@id\":\"https:\/\/paracherkaoui.ma\/index.php\/produit\/cool-enough-studio-headband\/#primaryimage\"},\"image\":{\"@id\":\"https:\/\/paracherkaoui.ma\/index.php\/produit\/cool-enough-studio-headband\/#primaryimage\"},\"thumbnailUrl\":\"https:\/\/paracherkaoui.ma\/wp-content\/uploads\/2025\/12\/cool-enough-studio-headband-accessoires-pour-cheveux.jpg\",\"datePublished\":\"2025-12-12T17:33:48+00:00\",\"dateModified\":\"2025-12-12T17:33:52+00:00\",\"breadcrumb\":{\"@id\":\"https:\/\/paracherkaoui.ma\/index.php\/produit\/cool-enough-studio-headband\/#breadcrumb\"},\"inLanguage\":\"fr-FR\",\"potentialAction\":[{\"@type\":\"ReadAction\",\"target\":[\"https:\/\/paracherkaoui.ma\/index.php\/produit\/cool-enough-studio-headband\/\"]}]},{\"@type\":\"ImageObject\",\"inLanguage\":\"fr-FR\",\"@id\":\"https:\/\/paracherkaoui.ma\/index.php\/produit\/cool-enough-studio-headband\/#primaryimage\",\"url\":\"https:\/\/paracherkaoui.ma\/wp-content\/uploads\/2025\/12\/cool-enough-studio-headband-accessoires-pour-cheveux.jpg\",\"contentUrl\":\"https:\/\/paracherkaoui.ma\/wp-content\/uploads\/2025\/12\/cool-enough-studio-headband-accessoires-pour-cheveux.jpg\",\"width\":700,\"height\":700},{\"@type\":\"BreadcrumbList\",\"@id\":\"https:\/\/paracherkaoui.ma\/index.php\/produit\/cool-enough-studio-headband\/#breadcrumb\",\"itemListElement\":[{\"@type\":\"ListItem\",\"position\":1,\"name\":\"Accueil\",\"item\":\"https:\/\/paracherkaoui.ma\/\"},{\"@type\":\"ListItem\",\"position\":2,\"name\":\"Boutique\",\"item\":\"https:\/\/paracherkaoui.ma\/index.php\/boutique\/\"},{\"@type\":\"ListItem\",\"position\":3,\"name\":\"COOL ENOUGH STUDIO HEADBAND\"}]},{\"@type\":\"WebSite\",\"@id\":\"https:\/\/paracherkaoui.ma\/#website\",\"url\":\"https:\/\/paracherkaoui.ma\/\",\"name\":\"Paracherkaoui.ma\",\"description\":\"Achetez en ligne sur Paracherkaoui.ma\",\"potentialAction\":[{\"@type\":\"SearchAction\",\"target\":{\"@type\":\"EntryPoint\",\"urlTemplate\":\"https:\/\/paracherkaoui.ma\/?s={search_term_string}\"},\"query-input\":{\"@type\":\"PropertyValueSpecification\",\"valueRequired\":true,\"valueName\":\"search_term_string\"}}],\"inLanguage\":\"fr-FR\"}]}<\/script>\r\n<!-- \/ Yoast SEO plugin. -->","yoast_head_json":{"title":"COOL ENOUGH STUDIO HEADBAND - Paracherkaoui.ma","robots":{"index":"index","follow":"follow","max-snippet":"max-snippet:-1","max-image-preview":"max-image-preview:large","max-video-preview":"max-video-preview:-1"},"canonical":"https:\/\/paracherkaoui.ma\/index.php\/produit\/cool-enough-studio-headband\/","og_locale":"fr_FR","og_type":"article","og_title":"COOL ENOUGH STUDIO HEADBAND - Paracherkaoui.ma","og_description":"Ce bandeau est con\u00e7u pour s&rsquo;int\u00e9grer ais\u00e9ment dans votre routine beaut\u00e9 quotidienne. Le bandeau Cool Enough Studio maintient vos cheveux","og_url":"https:\/\/paracherkaoui.ma\/index.php\/produit\/cool-enough-studio-headband\/","og_site_name":"Paracherkaoui.ma","article_modified_time":"2025-12-12T17:33:52+00:00","og_image":[{"width":700,"height":700,"url":"https:\/\/paracherkaoui.ma\/wp-content\/uploads\/2025\/12\/cool-enough-studio-headband-accessoires-pour-cheveux.jpg","type":"image\/jpeg"}],"twitter_card":"summary_large_image","twitter_misc":{"Dur\u00e9e de lecture estim\u00e9e":"1 minute"},"schema":{"@context":"https:\/\/schema.org","@graph":[{"@type":"WebPage","@id":"https:\/\/paracherkaoui.ma\/index.php\/produit\/cool-enough-studio-headband\/","url":"https:\/\/paracherkaoui.ma\/index.php\/produit\/cool-enough-studio-headband\/","name":"COOL ENOUGH STUDIO HEADBAND - Paracherkaoui.ma","isPartOf":{"@id":"https:\/\/paracherkaoui.ma\/#website"},"primaryImageOfPage":{"@id":"https:\/\/paracherkaoui.ma\/index.php\/produit\/cool-enough-studio-headband\/#primaryimage"},"image":{"@id":"https:\/\/paracherkaoui.ma\/index.php\/produit\/cool-enough-studio-headband\/#primaryimage"},"thumbnailUrl":"https:\/\/paracherkaoui.ma\/wp-content\/uploads\/2025\/12\/cool-enough-studio-headband-accessoires-pour-cheveux.jpg","datePublished":"2025-12-12T17:33:48+00:00","dateModified":"2025-12-12T17:33:52+00:00","breadcrumb":{"@id":"https:\/\/paracherkaoui.ma\/index.php\/produit\/cool-enough-studio-headband\/#breadcrumb"},"inLanguage":"fr-FR","potentialAction":[{"@type":"ReadAction","target":["https:\/\/paracherkaoui.ma\/index.php\/produit\/cool-enough-studio-headband\/"]}]},{"@type":"ImageObject","inLanguage":"fr-FR","@id":"https:\/\/paracherkaoui.ma\/index.php\/produit\/cool-enough-studio-headband\/#primaryimage","url":"https:\/\/paracherkaoui.ma\/wp-content\/uploads\/2025\/12\/cool-enough-studio-headband-accessoires-pour-cheveux.jpg","contentUrl":"https:\/\/paracherkaoui.ma\/wp-content\/uploads\/2025\/12\/cool-enough-studio-headband-accessoires-pour-cheveux.jpg","width":700,"height":700},{"@type":"BreadcrumbList","@id":"https:\/\/paracherkaoui.ma\/index.php\/produit\/cool-enough-studio-headband\/#breadcrumb","itemListElement":[{"@type":"ListItem","position":1,"name":"Accueil","item":"https:\/\/paracherkaoui.ma\/"},{"@type":"ListItem","position":2,"name":"Boutique","item":"https:\/\/paracherkaoui.ma\/index.php\/boutique\/"},{"@type":"ListItem","position":3,"name":"COOL ENOUGH STUDIO HEADBAND"}]},{"@type":"WebSite","@id":"https:\/\/paracherkaoui.ma\/#website","url":"https:\/\/paracherkaoui.ma\/","name":"Paracherkaoui.ma","description":"Achetez en ligne sur Paracherkaoui.ma","potentialAction":[{"@type":"SearchAction","target":{"@type":"EntryPoint","urlTemplate":"https:\/\/paracherkaoui.ma\/?s={search_term_string}"},"query-input":{"@type":"PropertyValueSpecification","valueRequired":true,"valueName":"search_term_string"}}],"inLanguage":"fr-FR"}]}},"_links":{"self":[{"href":"https:\/\/paracherkaoui.ma\/index.php\/wp-json\/wp\/v2\/product\/30840","targetHints":{"allow":["GET"]}}],"collection":[{"href":"https:\/\/paracherkaoui.ma\/index.php\/wp-json\/wp\/v2\/product"}],"about":[{"href":"https:\/\/paracherkaoui.ma\/index.php\/wp-json\/wp\/v2\/types\/product"}],"replies":[{"embeddable":true,"href":"https:\/\/paracherkaoui.ma\/index.php\/wp-json\/wp\/v2\/comments?post=30840"}],"version-history":[{"count":1,"href":"https:\/\/paracherkaoui.ma\/index.php\/wp-json\/wp\/v2\/product\/30840\/revisions"}],"predecessor-version":[{"id":30882,"href":"https:\/\/paracherkaoui.ma\/index.php\/wp-json\/wp\/v2\/product\/30840\/revisions\/30882"}],"wp:featuredmedia":[{"embeddable":true,"href":"https:\/\/paracherkaoui.ma\/index.php\/wp-json\/wp\/v2\/media\/30881"}],"wp:attachment":[{"href":"https:\/\/paracherkaoui.ma\/index.php\/wp-json\/wp\/v2\/media?parent=30840"}],"wp:term":[{"taxonomy":"product_brand","embeddable":true,"href":"https:\/\/paracherkaoui.ma\/index.php\/wp-json\/wp\/v2\/product_brand?post=30840"},{"taxonomy":"product_cat","embeddable":true,"href":"https:\/\/paracherkaoui.ma\/index.php\/wp-json\/wp\/v2\/product_cat?post=30840"},{"taxonomy":"product_tag","embeddable":true,"href":"https:\/\/paracherkaoui.ma\/index.php\/wp-json\/wp\/v2\/product_tag?post=30840"}],"curies":[{"name":"wp","href":"https:\/\/api.w.org\/{rel}","templated":true}]}}