{"id":30706,"date":"2025-12-12T18:33:24","date_gmt":"2025-12-12T17:33:24","guid":{"rendered":"https:\/\/test.ecbeaute.com\/?post_type=product&#038;p=30706"},"modified":"2025-12-12T18:33:27","modified_gmt":"2025-12-12T17:33:27","slug":"douce-nature-50-ovales-a-demaquiller-coton-bio-50-g-2","status":"publish","type":"product","link":"https:\/\/paracherkaoui.ma\/index.php\/produit\/douce-nature-50-ovales-a-demaquiller-coton-bio-50-g-2\/","title":{"rendered":"DOUCE NATURE 50 OVALES A DEMAQUILLER COTON BIO 50 G"},"content":{"rendered":"<p>50 ovales \u00e0 d\u00e9maquiller Douce Nature pour les \u00e9pidermes les plus sensibles :<br \/>\nId\u00e9al pour d\u00e9maquiller et nettoyer en douceur le visage, le cou et les yeux :<br \/>\n&#8211; tr\u00e8s doux pour la peau<br \/>\n&#8211; utilisation plus confortable gr\u00e2ce \u00e0 une forme adapt\u00e9e \u00e0 la main<br \/>\n&#8211; ne peluche pas, ne se d\u00e9double pas<br \/>\n&#8211; non blanchi au chlore, blanchi \u00e0 l&rsquo;eau oxyg\u00e9n\u00e9e<br \/>\n&#8211; emballage \u00e9cologique : sachet en amidon de ma\u00efs totalement biod\u00e9gradable et compostable et cordonnet 100% coton.<\/p>\n<p>CONSEILS D&rsquo;UTILISATION :<br \/>\nPour nettoyer et d\u00e9maquiller en douceur le visage, les yeux et le cou- convient pour appliquer le Lait D\u00e9maquillant, l&rsquo;Eau Tonique et la Lotion micellaire Douce Nature<\/p>\n<p>INGREDIENTS :<br \/>\n100 % coton*:<br \/>\n*Textile Biologique &#8211; certificat d\u00e9livr\u00e9 par Ecocert Greenlife selon le r\u00e9f\u00e9rentiel GOTS (Global Organic Textile Standard)<\/p>\n<p>ECOCERT<br \/>\nFabriqu\u00e9 en France<\/p>\n<p>50 Ovales \u00e0 d\u00e9maquiller coton bio 50g DOUCE NATURE<br \/>\nLe d\u00e9maquillage est un rituel beaut\u00e9 indispensable de notre quotidien. Afin de laisser notre peau nette et de lui offrir un renouvellement cellulaire optimal au cours de la nuit, il est important de prendre le d\u00e9maquillage au s\u00e9rieux\u00a0: produits, gestuelle, accessoires, douceur. C&rsquo;est pour cela que Douce Nature vous propose les 50 ovales \u00e0 d\u00e9maquiller coton bio. Pour un d\u00e9maquillage efficace, doux et responsable ces cotons sont id\u00e9aux. Respectueux de l&rsquo;environnement et de l&rsquo;\u00e9piderme, les cotons Douce Nature r\u00e9pondent \u00e0 nos besoins.<br \/>\nDouce Nature propose \u00e9galement un lot de 3&#215;80 disques \u00e0 d\u00e9maquiller coton bio ou les 80 disques \u00e0 d\u00e9maquiller coton bio. Si vous souhaitez en savoir plus sur le d\u00e9maquillage nous vous invitons \u00e0 retrouver notre article de blog sur le sujet\u00a0: LE geste beaut\u00e9 qui va vous sauver.<br \/>\n50 ovales \u00e0 d\u00e9maquiller Douce Nature pour les \u00e9pidermes les plus sensibles :<br \/>\nId\u00e9al pour d\u00e9maquiller et nettoyer en douceur le visage, le cou et les yeux :<br \/>\n&#8211; tr\u00e8s doux pour la peau<br \/>\n&#8211; utilisation plus confortable gr\u00e2ce \u00e0 une forme adapt\u00e9e \u00e0 la main<br \/>\n&#8211; ne peluche pas, ne se d\u00e9double pas<br \/>\n&#8211; non blanchi au chlore, blanchi \u00e0 l&rsquo;eau oxyg\u00e9n\u00e9e<br \/>\n&#8211; emballage \u00e9cologique : sachet en amidon de ma\u00efs totalement biod\u00e9gradable et compostable et cordonnet 100% coton.<\/p>\n<p>CONSEILS D&rsquo;UTILISATION :<br \/>\nPour nettoyer et d\u00e9maquiller en douceur le visage, les yeux et le cou- convient pour appliquer le Lait D\u00e9maquillant, l&rsquo;Eau Tonique et la Lotion micellaire Douce Nature<\/p>\n<p>INGREDIENTS :<br \/>\n100 % coton*:<br \/>\n*Textile Biologique &#8211; certificat d\u00e9livr\u00e9 par Ecocert Greenlife selon le r\u00e9f\u00e9rentiel GOTS (Global Organic Textile Standard)<\/p>\n<p>ECOCERT<br \/>\nFabriqu\u00e9 en France<\/p>\n<p>50 Ovales \u00e0 d\u00e9maquiller coton bio 50g DOUCE NATURE<br \/>\nLe d\u00e9maquillage est un rituel beaut\u00e9 indispensable de notre quotidien. Afin de laisser notre peau nette et de lui offrir un renouvellement cellulaire optimal au cours de la nuit, il est important de prendre le d\u00e9maquillage au s\u00e9rieux\u00a0: produits, gestuelle, accessoires, douceur. C&rsquo;est pour cela que Douce Nature vous propose les 50 ovales \u00e0 d\u00e9maquiller coton bio. Pour un d\u00e9maquillage efficace, doux et responsable ces cotons sont id\u00e9aux. Respectueux de l&rsquo;environnement et de l&rsquo;\u00e9piderme, les cotons Douce Nature r\u00e9pondent \u00e0 nos besoins.<br \/>\nDouce Nature propose \u00e9galement un lot de 3&#215;80 disques \u00e0 d\u00e9maquiller coton bio ou les 80 disques \u00e0 d\u00e9maquiller coton bio. Si vous souhaitez en savoir plus sur le d\u00e9maquillage nous vous invitons \u00e0 retrouver notre article de blog sur le sujet\u00a0: LE geste beaut\u00e9 qui va vous sauver.<\/p>\n","protected":false},"excerpt":{"rendered":"<p>50 ovales \u00e0 d\u00e9maquiller Douce Nature pour les \u00e9pidermes les plus sensibles : Id\u00e9al pour d\u00e9maquiller et nettoyer en douceur<\/p>\n","protected":false},"featured_media":19943,"comment_status":"open","ping_status":"closed","template":"","meta":[],"product_brand":[355],"product_cat":[557],"product_tag":[],"class_list":{"0":"post-30706","1":"product","2":"type-product","3":"status-publish","4":"has-post-thumbnail","6":"product_brand-douce-nature","7":"product_cat-accessoires-de-soins-visage","9":"first","10":"instock","11":"shipping-taxable","12":"purchasable","13":"product-type-simple"},"yoast_head":"<!-- This site is optimized with the Yoast SEO plugin v26.6 - https:\/\/yoast.com\/wordpress\/plugins\/seo\/ -->\r\n<title>DOUCE NATURE 50 OVALES A DEMAQUILLER COTON BIO 50 G - Paracherkaoui.ma<\/title>\r\n<meta name=\"robots\" content=\"index, follow, max-snippet:-1, max-image-preview:large, max-video-preview:-1\" \/>\r\n<link rel=\"canonical\" href=\"https:\/\/paracherkaoui.ma\/index.php\/produit\/douce-nature-50-ovales-a-demaquiller-coton-bio-50-g-2\/\" \/>\r\n<meta property=\"og:locale\" content=\"fr_FR\" \/>\r\n<meta property=\"og:type\" content=\"article\" \/>\r\n<meta property=\"og:title\" content=\"DOUCE NATURE 50 OVALES A DEMAQUILLER COTON BIO 50 G - Paracherkaoui.ma\" \/>\r\n<meta property=\"og:description\" content=\"50 ovales \u00e0 d\u00e9maquiller Douce Nature pour les \u00e9pidermes les plus sensibles : Id\u00e9al pour d\u00e9maquiller et nettoyer en douceur\" \/>\r\n<meta property=\"og:url\" content=\"https:\/\/paracherkaoui.ma\/index.php\/produit\/douce-nature-50-ovales-a-demaquiller-coton-bio-50-g-2\/\" \/>\r\n<meta property=\"og:site_name\" content=\"Paracherkaoui.ma\" \/>\r\n<meta property=\"article:modified_time\" content=\"2025-12-12T17:33:27+00:00\" \/>\r\n<meta property=\"og:image\" content=\"https:\/\/paracherkaoui.ma\/wp-content\/uploads\/2025\/12\/douce-nature-douce-nature-50-ovales-a-demaquiller-coton-bio-50-g-accessoires-de-soins-visage.jpg\" \/>\r\n\t<meta property=\"og:image:width\" content=\"700\" \/>\r\n\t<meta property=\"og:image:height\" content=\"700\" \/>\r\n\t<meta property=\"og:image:type\" content=\"image\/jpeg\" \/>\r\n<meta name=\"twitter:card\" content=\"summary_large_image\" \/>\r\n<meta name=\"twitter:label1\" content=\"Dur\u00e9e de lecture estim\u00e9e\" \/>\n\t<meta name=\"twitter:data1\" content=\"3 minutes\" \/>\r\n<script type=\"application\/ld+json\" class=\"yoast-schema-graph\">{\"@context\":\"https:\/\/schema.org\",\"@graph\":[{\"@type\":\"WebPage\",\"@id\":\"https:\/\/paracherkaoui.ma\/index.php\/produit\/douce-nature-50-ovales-a-demaquiller-coton-bio-50-g-2\/\",\"url\":\"https:\/\/paracherkaoui.ma\/index.php\/produit\/douce-nature-50-ovales-a-demaquiller-coton-bio-50-g-2\/\",\"name\":\"DOUCE NATURE 50 OVALES A DEMAQUILLER COTON BIO 50 G - Paracherkaoui.ma\",\"isPartOf\":{\"@id\":\"https:\/\/paracherkaoui.ma\/#website\"},\"primaryImageOfPage\":{\"@id\":\"https:\/\/paracherkaoui.ma\/index.php\/produit\/douce-nature-50-ovales-a-demaquiller-coton-bio-50-g-2\/#primaryimage\"},\"image\":{\"@id\":\"https:\/\/paracherkaoui.ma\/index.php\/produit\/douce-nature-50-ovales-a-demaquiller-coton-bio-50-g-2\/#primaryimage\"},\"thumbnailUrl\":\"https:\/\/paracherkaoui.ma\/wp-content\/uploads\/2025\/12\/douce-nature-douce-nature-50-ovales-a-demaquiller-coton-bio-50-g-accessoires-de-soins-visage.jpg\",\"datePublished\":\"2025-12-12T17:33:24+00:00\",\"dateModified\":\"2025-12-12T17:33:27+00:00\",\"breadcrumb\":{\"@id\":\"https:\/\/paracherkaoui.ma\/index.php\/produit\/douce-nature-50-ovales-a-demaquiller-coton-bio-50-g-2\/#breadcrumb\"},\"inLanguage\":\"fr-FR\",\"potentialAction\":[{\"@type\":\"ReadAction\",\"target\":[\"https:\/\/paracherkaoui.ma\/index.php\/produit\/douce-nature-50-ovales-a-demaquiller-coton-bio-50-g-2\/\"]}]},{\"@type\":\"ImageObject\",\"inLanguage\":\"fr-FR\",\"@id\":\"https:\/\/paracherkaoui.ma\/index.php\/produit\/douce-nature-50-ovales-a-demaquiller-coton-bio-50-g-2\/#primaryimage\",\"url\":\"https:\/\/paracherkaoui.ma\/wp-content\/uploads\/2025\/12\/douce-nature-douce-nature-50-ovales-a-demaquiller-coton-bio-50-g-accessoires-de-soins-visage.jpg\",\"contentUrl\":\"https:\/\/paracherkaoui.ma\/wp-content\/uploads\/2025\/12\/douce-nature-douce-nature-50-ovales-a-demaquiller-coton-bio-50-g-accessoires-de-soins-visage.jpg\",\"width\":700,\"height\":700},{\"@type\":\"BreadcrumbList\",\"@id\":\"https:\/\/paracherkaoui.ma\/index.php\/produit\/douce-nature-50-ovales-a-demaquiller-coton-bio-50-g-2\/#breadcrumb\",\"itemListElement\":[{\"@type\":\"ListItem\",\"position\":1,\"name\":\"Accueil\",\"item\":\"https:\/\/paracherkaoui.ma\/\"},{\"@type\":\"ListItem\",\"position\":2,\"name\":\"Boutique\",\"item\":\"https:\/\/paracherkaoui.ma\/index.php\/boutique\/\"},{\"@type\":\"ListItem\",\"position\":3,\"name\":\"DOUCE NATURE 50 OVALES A DEMAQUILLER COTON BIO 50 G\"}]},{\"@type\":\"WebSite\",\"@id\":\"https:\/\/paracherkaoui.ma\/#website\",\"url\":\"https:\/\/paracherkaoui.ma\/\",\"name\":\"Paracherkaoui.ma\",\"description\":\"Achetez en ligne sur Paracherkaoui.ma\",\"potentialAction\":[{\"@type\":\"SearchAction\",\"target\":{\"@type\":\"EntryPoint\",\"urlTemplate\":\"https:\/\/paracherkaoui.ma\/?s={search_term_string}\"},\"query-input\":{\"@type\":\"PropertyValueSpecification\",\"valueRequired\":true,\"valueName\":\"search_term_string\"}}],\"inLanguage\":\"fr-FR\"}]}<\/script>\r\n<!-- \/ Yoast SEO plugin. -->","yoast_head_json":{"title":"DOUCE NATURE 50 OVALES A DEMAQUILLER COTON BIO 50 G - Paracherkaoui.ma","robots":{"index":"index","follow":"follow","max-snippet":"max-snippet:-1","max-image-preview":"max-image-preview:large","max-video-preview":"max-video-preview:-1"},"canonical":"https:\/\/paracherkaoui.ma\/index.php\/produit\/douce-nature-50-ovales-a-demaquiller-coton-bio-50-g-2\/","og_locale":"fr_FR","og_type":"article","og_title":"DOUCE NATURE 50 OVALES A DEMAQUILLER COTON BIO 50 G - Paracherkaoui.ma","og_description":"50 ovales \u00e0 d\u00e9maquiller Douce Nature pour les \u00e9pidermes les plus sensibles : Id\u00e9al pour d\u00e9maquiller et nettoyer en douceur","og_url":"https:\/\/paracherkaoui.ma\/index.php\/produit\/douce-nature-50-ovales-a-demaquiller-coton-bio-50-g-2\/","og_site_name":"Paracherkaoui.ma","article_modified_time":"2025-12-12T17:33:27+00:00","og_image":[{"width":700,"height":700,"url":"https:\/\/paracherkaoui.ma\/wp-content\/uploads\/2025\/12\/douce-nature-douce-nature-50-ovales-a-demaquiller-coton-bio-50-g-accessoires-de-soins-visage.jpg","type":"image\/jpeg"}],"twitter_card":"summary_large_image","twitter_misc":{"Dur\u00e9e de lecture estim\u00e9e":"3 minutes"},"schema":{"@context":"https:\/\/schema.org","@graph":[{"@type":"WebPage","@id":"https:\/\/paracherkaoui.ma\/index.php\/produit\/douce-nature-50-ovales-a-demaquiller-coton-bio-50-g-2\/","url":"https:\/\/paracherkaoui.ma\/index.php\/produit\/douce-nature-50-ovales-a-demaquiller-coton-bio-50-g-2\/","name":"DOUCE NATURE 50 OVALES A DEMAQUILLER COTON BIO 50 G - Paracherkaoui.ma","isPartOf":{"@id":"https:\/\/paracherkaoui.ma\/#website"},"primaryImageOfPage":{"@id":"https:\/\/paracherkaoui.ma\/index.php\/produit\/douce-nature-50-ovales-a-demaquiller-coton-bio-50-g-2\/#primaryimage"},"image":{"@id":"https:\/\/paracherkaoui.ma\/index.php\/produit\/douce-nature-50-ovales-a-demaquiller-coton-bio-50-g-2\/#primaryimage"},"thumbnailUrl":"https:\/\/paracherkaoui.ma\/wp-content\/uploads\/2025\/12\/douce-nature-douce-nature-50-ovales-a-demaquiller-coton-bio-50-g-accessoires-de-soins-visage.jpg","datePublished":"2025-12-12T17:33:24+00:00","dateModified":"2025-12-12T17:33:27+00:00","breadcrumb":{"@id":"https:\/\/paracherkaoui.ma\/index.php\/produit\/douce-nature-50-ovales-a-demaquiller-coton-bio-50-g-2\/#breadcrumb"},"inLanguage":"fr-FR","potentialAction":[{"@type":"ReadAction","target":["https:\/\/paracherkaoui.ma\/index.php\/produit\/douce-nature-50-ovales-a-demaquiller-coton-bio-50-g-2\/"]}]},{"@type":"ImageObject","inLanguage":"fr-FR","@id":"https:\/\/paracherkaoui.ma\/index.php\/produit\/douce-nature-50-ovales-a-demaquiller-coton-bio-50-g-2\/#primaryimage","url":"https:\/\/paracherkaoui.ma\/wp-content\/uploads\/2025\/12\/douce-nature-douce-nature-50-ovales-a-demaquiller-coton-bio-50-g-accessoires-de-soins-visage.jpg","contentUrl":"https:\/\/paracherkaoui.ma\/wp-content\/uploads\/2025\/12\/douce-nature-douce-nature-50-ovales-a-demaquiller-coton-bio-50-g-accessoires-de-soins-visage.jpg","width":700,"height":700},{"@type":"BreadcrumbList","@id":"https:\/\/paracherkaoui.ma\/index.php\/produit\/douce-nature-50-ovales-a-demaquiller-coton-bio-50-g-2\/#breadcrumb","itemListElement":[{"@type":"ListItem","position":1,"name":"Accueil","item":"https:\/\/paracherkaoui.ma\/"},{"@type":"ListItem","position":2,"name":"Boutique","item":"https:\/\/paracherkaoui.ma\/index.php\/boutique\/"},{"@type":"ListItem","position":3,"name":"DOUCE NATURE 50 OVALES A DEMAQUILLER COTON BIO 50 G"}]},{"@type":"WebSite","@id":"https:\/\/paracherkaoui.ma\/#website","url":"https:\/\/paracherkaoui.ma\/","name":"Paracherkaoui.ma","description":"Achetez en ligne sur Paracherkaoui.ma","potentialAction":[{"@type":"SearchAction","target":{"@type":"EntryPoint","urlTemplate":"https:\/\/paracherkaoui.ma\/?s={search_term_string}"},"query-input":{"@type":"PropertyValueSpecification","valueRequired":true,"valueName":"search_term_string"}}],"inLanguage":"fr-FR"}]}},"_links":{"self":[{"href":"https:\/\/paracherkaoui.ma\/index.php\/wp-json\/wp\/v2\/product\/30706","targetHints":{"allow":["GET"]}}],"collection":[{"href":"https:\/\/paracherkaoui.ma\/index.php\/wp-json\/wp\/v2\/product"}],"about":[{"href":"https:\/\/paracherkaoui.ma\/index.php\/wp-json\/wp\/v2\/types\/product"}],"replies":[{"embeddable":true,"href":"https:\/\/paracherkaoui.ma\/index.php\/wp-json\/wp\/v2\/comments?post=30706"}],"version-history":[{"count":1,"href":"https:\/\/paracherkaoui.ma\/index.php\/wp-json\/wp\/v2\/product\/30706\/revisions"}],"predecessor-version":[{"id":30734,"href":"https:\/\/paracherkaoui.ma\/index.php\/wp-json\/wp\/v2\/product\/30706\/revisions\/30734"}],"wp:featuredmedia":[{"embeddable":true,"href":"https:\/\/paracherkaoui.ma\/index.php\/wp-json\/wp\/v2\/media\/19943"}],"wp:attachment":[{"href":"https:\/\/paracherkaoui.ma\/index.php\/wp-json\/wp\/v2\/media?parent=30706"}],"wp:term":[{"taxonomy":"product_brand","embeddable":true,"href":"https:\/\/paracherkaoui.ma\/index.php\/wp-json\/wp\/v2\/product_brand?post=30706"},{"taxonomy":"product_cat","embeddable":true,"href":"https:\/\/paracherkaoui.ma\/index.php\/wp-json\/wp\/v2\/product_cat?post=30706"},{"taxonomy":"product_tag","embeddable":true,"href":"https:\/\/paracherkaoui.ma\/index.php\/wp-json\/wp\/v2\/product_tag?post=30706"}],"curies":[{"name":"wp","href":"https:\/\/api.w.org\/{rel}","templated":true}]}}