{"id":30704,"date":"2025-12-12T18:33:24","date_gmt":"2025-12-12T17:33:24","guid":{"rendered":"https:\/\/test.ecbeaute.com\/?post_type=product&#038;p=30704"},"modified":"2025-12-12T18:33:27","modified_gmt":"2025-12-12T17:33:27","slug":"beter-3-rasoirs-a-sourcils-ref-22006","status":"publish","type":"product","link":"https:\/\/paracherkaoui.ma\/index.php\/produit\/beter-3-rasoirs-a-sourcils-ref-22006\/","title":{"rendered":"BETER 3 RASOIRS A SOURCILS REF 22006"},"content":{"rendered":"<p>Forme et \u00e9pile les sourcils ainsi que d\u2019autres zones d\u00e9licates du corps, d\u2019une mani\u00e8re propre, douce et confortable. Le rasoir en acier inoxydable permet une coupe pr\u00e9cise. Livr\u00e9 avec capuchon de protection.<br \/>\nCONSEILS D&rsquo;UTILISATION :<br \/>\nAppliquer un peu d\u2019eau savonneuse pour adoucir les poils. Rasez-vous avec le rasoir dans le sens de la pousse des poils, rincez et appliquez une cr\u00e8me hydratante.<\/p>\n","protected":false},"excerpt":{"rendered":"<p>Forme et \u00e9pile les sourcils ainsi que d\u2019autres zones d\u00e9licates du corps, d\u2019une mani\u00e8re propre, douce et confortable. Le rasoir<\/p>\n","protected":false},"featured_media":30731,"comment_status":"open","ping_status":"closed","template":"","meta":[],"product_brand":[400],"product_cat":[557],"product_tag":[],"class_list":{"0":"post-30704","1":"product","2":"type-product","3":"status-publish","4":"has-post-thumbnail","6":"product_brand-beter","7":"product_cat-accessoires-de-soins-visage","9":"first","10":"instock","11":"sale","12":"shipping-taxable","13":"purchasable","14":"product-type-simple"},"yoast_head":"<!-- This site is optimized with the Yoast SEO plugin v26.6 - https:\/\/yoast.com\/wordpress\/plugins\/seo\/ -->\r\n<title>BETER 3 RASOIRS A SOURCILS REF 22006 - Paracherkaoui.ma<\/title>\r\n<meta name=\"robots\" content=\"index, follow, max-snippet:-1, max-image-preview:large, max-video-preview:-1\" \/>\r\n<link rel=\"canonical\" href=\"https:\/\/paracherkaoui.ma\/index.php\/produit\/beter-3-rasoirs-a-sourcils-ref-22006\/\" \/>\r\n<meta property=\"og:locale\" content=\"fr_FR\" \/>\r\n<meta property=\"og:type\" content=\"article\" \/>\r\n<meta property=\"og:title\" content=\"BETER 3 RASOIRS A SOURCILS REF 22006 - Paracherkaoui.ma\" \/>\r\n<meta property=\"og:description\" content=\"Forme et \u00e9pile les sourcils ainsi que d\u2019autres zones d\u00e9licates du corps, d\u2019une mani\u00e8re propre, douce et confortable. Le rasoir\" \/>\r\n<meta property=\"og:url\" content=\"https:\/\/paracherkaoui.ma\/index.php\/produit\/beter-3-rasoirs-a-sourcils-ref-22006\/\" \/>\r\n<meta property=\"og:site_name\" content=\"Paracherkaoui.ma\" \/>\r\n<meta property=\"article:modified_time\" content=\"2025-12-12T17:33:27+00:00\" \/>\r\n<meta property=\"og:image\" content=\"https:\/\/paracherkaoui.ma\/wp-content\/uploads\/2025\/12\/beter-beter-3-rasoirs-a-sourcils-ref-22006-accessoires.jpg\" \/>\r\n\t<meta property=\"og:image:width\" content=\"700\" \/>\r\n\t<meta property=\"og:image:height\" content=\"700\" \/>\r\n\t<meta property=\"og:image:type\" content=\"image\/jpeg\" \/>\r\n<meta name=\"twitter:card\" content=\"summary_large_image\" \/>\r\n<script type=\"application\/ld+json\" class=\"yoast-schema-graph\">{\"@context\":\"https:\/\/schema.org\",\"@graph\":[{\"@type\":\"WebPage\",\"@id\":\"https:\/\/paracherkaoui.ma\/index.php\/produit\/beter-3-rasoirs-a-sourcils-ref-22006\/\",\"url\":\"https:\/\/paracherkaoui.ma\/index.php\/produit\/beter-3-rasoirs-a-sourcils-ref-22006\/\",\"name\":\"BETER 3 RASOIRS A SOURCILS REF 22006 - Paracherkaoui.ma\",\"isPartOf\":{\"@id\":\"https:\/\/paracherkaoui.ma\/#website\"},\"primaryImageOfPage\":{\"@id\":\"https:\/\/paracherkaoui.ma\/index.php\/produit\/beter-3-rasoirs-a-sourcils-ref-22006\/#primaryimage\"},\"image\":{\"@id\":\"https:\/\/paracherkaoui.ma\/index.php\/produit\/beter-3-rasoirs-a-sourcils-ref-22006\/#primaryimage\"},\"thumbnailUrl\":\"https:\/\/paracherkaoui.ma\/wp-content\/uploads\/2025\/12\/beter-beter-3-rasoirs-a-sourcils-ref-22006-accessoires.jpg\",\"datePublished\":\"2025-12-12T17:33:24+00:00\",\"dateModified\":\"2025-12-12T17:33:27+00:00\",\"breadcrumb\":{\"@id\":\"https:\/\/paracherkaoui.ma\/index.php\/produit\/beter-3-rasoirs-a-sourcils-ref-22006\/#breadcrumb\"},\"inLanguage\":\"fr-FR\",\"potentialAction\":[{\"@type\":\"ReadAction\",\"target\":[\"https:\/\/paracherkaoui.ma\/index.php\/produit\/beter-3-rasoirs-a-sourcils-ref-22006\/\"]}]},{\"@type\":\"ImageObject\",\"inLanguage\":\"fr-FR\",\"@id\":\"https:\/\/paracherkaoui.ma\/index.php\/produit\/beter-3-rasoirs-a-sourcils-ref-22006\/#primaryimage\",\"url\":\"https:\/\/paracherkaoui.ma\/wp-content\/uploads\/2025\/12\/beter-beter-3-rasoirs-a-sourcils-ref-22006-accessoires.jpg\",\"contentUrl\":\"https:\/\/paracherkaoui.ma\/wp-content\/uploads\/2025\/12\/beter-beter-3-rasoirs-a-sourcils-ref-22006-accessoires.jpg\",\"width\":700,\"height\":700},{\"@type\":\"BreadcrumbList\",\"@id\":\"https:\/\/paracherkaoui.ma\/index.php\/produit\/beter-3-rasoirs-a-sourcils-ref-22006\/#breadcrumb\",\"itemListElement\":[{\"@type\":\"ListItem\",\"position\":1,\"name\":\"Accueil\",\"item\":\"https:\/\/paracherkaoui.ma\/\"},{\"@type\":\"ListItem\",\"position\":2,\"name\":\"Boutique\",\"item\":\"https:\/\/paracherkaoui.ma\/index.php\/boutique\/\"},{\"@type\":\"ListItem\",\"position\":3,\"name\":\"BETER 3 RASOIRS A SOURCILS REF 22006\"}]},{\"@type\":\"WebSite\",\"@id\":\"https:\/\/paracherkaoui.ma\/#website\",\"url\":\"https:\/\/paracherkaoui.ma\/\",\"name\":\"Paracherkaoui.ma\",\"description\":\"Achetez en ligne sur Paracherkaoui.ma\",\"potentialAction\":[{\"@type\":\"SearchAction\",\"target\":{\"@type\":\"EntryPoint\",\"urlTemplate\":\"https:\/\/paracherkaoui.ma\/?s={search_term_string}\"},\"query-input\":{\"@type\":\"PropertyValueSpecification\",\"valueRequired\":true,\"valueName\":\"search_term_string\"}}],\"inLanguage\":\"fr-FR\"}]}<\/script>\r\n<!-- \/ Yoast SEO plugin. -->","yoast_head_json":{"title":"BETER 3 RASOIRS A SOURCILS REF 22006 - Paracherkaoui.ma","robots":{"index":"index","follow":"follow","max-snippet":"max-snippet:-1","max-image-preview":"max-image-preview:large","max-video-preview":"max-video-preview:-1"},"canonical":"https:\/\/paracherkaoui.ma\/index.php\/produit\/beter-3-rasoirs-a-sourcils-ref-22006\/","og_locale":"fr_FR","og_type":"article","og_title":"BETER 3 RASOIRS A SOURCILS REF 22006 - Paracherkaoui.ma","og_description":"Forme et \u00e9pile les sourcils ainsi que d\u2019autres zones d\u00e9licates du corps, d\u2019une mani\u00e8re propre, douce et confortable. Le rasoir","og_url":"https:\/\/paracherkaoui.ma\/index.php\/produit\/beter-3-rasoirs-a-sourcils-ref-22006\/","og_site_name":"Paracherkaoui.ma","article_modified_time":"2025-12-12T17:33:27+00:00","og_image":[{"width":700,"height":700,"url":"https:\/\/paracherkaoui.ma\/wp-content\/uploads\/2025\/12\/beter-beter-3-rasoirs-a-sourcils-ref-22006-accessoires.jpg","type":"image\/jpeg"}],"twitter_card":"summary_large_image","schema":{"@context":"https:\/\/schema.org","@graph":[{"@type":"WebPage","@id":"https:\/\/paracherkaoui.ma\/index.php\/produit\/beter-3-rasoirs-a-sourcils-ref-22006\/","url":"https:\/\/paracherkaoui.ma\/index.php\/produit\/beter-3-rasoirs-a-sourcils-ref-22006\/","name":"BETER 3 RASOIRS A SOURCILS REF 22006 - Paracherkaoui.ma","isPartOf":{"@id":"https:\/\/paracherkaoui.ma\/#website"},"primaryImageOfPage":{"@id":"https:\/\/paracherkaoui.ma\/index.php\/produit\/beter-3-rasoirs-a-sourcils-ref-22006\/#primaryimage"},"image":{"@id":"https:\/\/paracherkaoui.ma\/index.php\/produit\/beter-3-rasoirs-a-sourcils-ref-22006\/#primaryimage"},"thumbnailUrl":"https:\/\/paracherkaoui.ma\/wp-content\/uploads\/2025\/12\/beter-beter-3-rasoirs-a-sourcils-ref-22006-accessoires.jpg","datePublished":"2025-12-12T17:33:24+00:00","dateModified":"2025-12-12T17:33:27+00:00","breadcrumb":{"@id":"https:\/\/paracherkaoui.ma\/index.php\/produit\/beter-3-rasoirs-a-sourcils-ref-22006\/#breadcrumb"},"inLanguage":"fr-FR","potentialAction":[{"@type":"ReadAction","target":["https:\/\/paracherkaoui.ma\/index.php\/produit\/beter-3-rasoirs-a-sourcils-ref-22006\/"]}]},{"@type":"ImageObject","inLanguage":"fr-FR","@id":"https:\/\/paracherkaoui.ma\/index.php\/produit\/beter-3-rasoirs-a-sourcils-ref-22006\/#primaryimage","url":"https:\/\/paracherkaoui.ma\/wp-content\/uploads\/2025\/12\/beter-beter-3-rasoirs-a-sourcils-ref-22006-accessoires.jpg","contentUrl":"https:\/\/paracherkaoui.ma\/wp-content\/uploads\/2025\/12\/beter-beter-3-rasoirs-a-sourcils-ref-22006-accessoires.jpg","width":700,"height":700},{"@type":"BreadcrumbList","@id":"https:\/\/paracherkaoui.ma\/index.php\/produit\/beter-3-rasoirs-a-sourcils-ref-22006\/#breadcrumb","itemListElement":[{"@type":"ListItem","position":1,"name":"Accueil","item":"https:\/\/paracherkaoui.ma\/"},{"@type":"ListItem","position":2,"name":"Boutique","item":"https:\/\/paracherkaoui.ma\/index.php\/boutique\/"},{"@type":"ListItem","position":3,"name":"BETER 3 RASOIRS A SOURCILS REF 22006"}]},{"@type":"WebSite","@id":"https:\/\/paracherkaoui.ma\/#website","url":"https:\/\/paracherkaoui.ma\/","name":"Paracherkaoui.ma","description":"Achetez en ligne sur Paracherkaoui.ma","potentialAction":[{"@type":"SearchAction","target":{"@type":"EntryPoint","urlTemplate":"https:\/\/paracherkaoui.ma\/?s={search_term_string}"},"query-input":{"@type":"PropertyValueSpecification","valueRequired":true,"valueName":"search_term_string"}}],"inLanguage":"fr-FR"}]}},"_links":{"self":[{"href":"https:\/\/paracherkaoui.ma\/index.php\/wp-json\/wp\/v2\/product\/30704","targetHints":{"allow":["GET"]}}],"collection":[{"href":"https:\/\/paracherkaoui.ma\/index.php\/wp-json\/wp\/v2\/product"}],"about":[{"href":"https:\/\/paracherkaoui.ma\/index.php\/wp-json\/wp\/v2\/types\/product"}],"replies":[{"embeddable":true,"href":"https:\/\/paracherkaoui.ma\/index.php\/wp-json\/wp\/v2\/comments?post=30704"}],"version-history":[{"count":1,"href":"https:\/\/paracherkaoui.ma\/index.php\/wp-json\/wp\/v2\/product\/30704\/revisions"}],"predecessor-version":[{"id":30732,"href":"https:\/\/paracherkaoui.ma\/index.php\/wp-json\/wp\/v2\/product\/30704\/revisions\/30732"}],"wp:featuredmedia":[{"embeddable":true,"href":"https:\/\/paracherkaoui.ma\/index.php\/wp-json\/wp\/v2\/media\/30731"}],"wp:attachment":[{"href":"https:\/\/paracherkaoui.ma\/index.php\/wp-json\/wp\/v2\/media?parent=30704"}],"wp:term":[{"taxonomy":"product_brand","embeddable":true,"href":"https:\/\/paracherkaoui.ma\/index.php\/wp-json\/wp\/v2\/product_brand?post=30704"},{"taxonomy":"product_cat","embeddable":true,"href":"https:\/\/paracherkaoui.ma\/index.php\/wp-json\/wp\/v2\/product_cat?post=30704"},{"taxonomy":"product_tag","embeddable":true,"href":"https:\/\/paracherkaoui.ma\/index.php\/wp-json\/wp\/v2\/product_tag?post=30704"}],"curies":[{"name":"wp","href":"https:\/\/api.w.org\/{rel}","templated":true}]}}