{"id":30702,"date":"2025-12-12T18:33:24","date_gmt":"2025-12-12T17:33:24","guid":{"rendered":"https:\/\/test.ecbeaute.com\/?post_type=product&#038;p=30702"},"modified":"2025-12-12T18:33:27","modified_gmt":"2025-12-12T17:33:27","slug":"sterilux-disque-demaquillant-visage-70-unites-2","status":"publish","type":"product","link":"https:\/\/paracherkaoui.ma\/index.php\/produit\/sterilux-disque-demaquillant-visage-70-unites-2\/","title":{"rendered":"STERILUX DISQUE DEMAQUILLANT VISAGE 70 UNITES"},"content":{"rendered":"<p>Les disques de coton St\u00e9rilux\u00a0ont \u00e9t\u00e9 formul\u00e9s sp\u00e9cialement pour\u00a0d\u00e9maquiller le visage\u00a0et procurer un\u00a0soin de peau irr\u00e9prochable. Doux et respectueux de tous les types de peaux, m\u00eame les plus sensibles, ils apportent une\u00a0sensation de confort\u00a0lors du d\u00e9maquillage quotidien. Test\u00e9s dermatologiquement, ils peuvent \u00e9galement \u00eatre utilis\u00e9s pour les\u00a0soins du nourrisson, notamment pour nettoyer le visage du b\u00e9b\u00e9 apr\u00e8s le repas. Ce dernier poss\u00e8de une peau fragile, il est donc important d\u2019utiliser un produit doux et agr\u00e9able, afin d\u2019\u00e9viter toute irritation.<br \/>\nCes disques de coton St\u00e9rilux permettent de\u00a0nettoyer facilement et efficacement la peau. Leur\u00a0format \u00e9conomique et pratique\u00a0vous permet de les emmener dans vos bagages partout o\u00f9 vous allez. Ils ont \u00e9galement pour particularit\u00e9 de ne pas prendre de place non plus dans votre trousse \u00e0 pharmacie.<br \/>\nDe plus, ces cotons dermatologiques\u00a0ne laissent aucune peluche ni trace de r\u00e9sidus\u00a0sur l\u2019\u00e9piderme apr\u00e8s utilisation. Ils \u00e9liminent le maquillage, mais aussi les impuret\u00e9s li\u00e9es \u00e0 la pollution et \u00e0 l\u2019exc\u00e8s de s\u00e9bum.<br \/>\nLe d\u00e9maquillage est une \u00e9tape indispensable lors de votre routine quotidienne ! En \u00e9liminant votre maquillage, vos cils, et la peau autour de vos yeux, tout comme celle du visage respirent et resteront visiblement plus jeunes. Les cotons St\u00e9rilux apaisent et procurent une sensation de bien-\u00eatre.<br \/>\nN\u2019h\u00e9sitez plus et optez pour ces cotons d\u00e9maquillants, pour un soin du visage r\u00e9ussi !<br \/>\nConditionnement\u00a0: 70 disques dermatologiques.<\/p>\n","protected":false},"excerpt":{"rendered":"<p>Les disques de coton St\u00e9rilux\u00a0ont \u00e9t\u00e9 formul\u00e9s sp\u00e9cialement pour\u00a0d\u00e9maquiller le visage\u00a0et procurer un\u00a0soin de peau irr\u00e9prochable. Doux et respectueux de<\/p>\n","protected":false},"featured_media":19802,"comment_status":"open","ping_status":"closed","template":"","meta":[],"product_brand":[350],"product_cat":[557],"product_tag":[],"class_list":{"0":"post-30702","1":"product","2":"type-product","3":"status-publish","4":"has-post-thumbnail","6":"product_brand-sterilux","7":"product_cat-accessoires-de-soins-visage","9":"first","10":"instock","11":"sale","12":"shipping-taxable","13":"purchasable","14":"product-type-simple"},"yoast_head":"<!-- This site is optimized with the Yoast SEO plugin v26.6 - https:\/\/yoast.com\/wordpress\/plugins\/seo\/ -->\r\n<title>STERILUX DISQUE DEMAQUILLANT VISAGE 70 UNITES - Paracherkaoui.ma<\/title>\r\n<meta name=\"robots\" content=\"index, follow, max-snippet:-1, max-image-preview:large, max-video-preview:-1\" \/>\r\n<link rel=\"canonical\" href=\"https:\/\/paracherkaoui.ma\/index.php\/produit\/sterilux-disque-demaquillant-visage-70-unites-2\/\" \/>\r\n<meta property=\"og:locale\" content=\"fr_FR\" \/>\r\n<meta property=\"og:type\" content=\"article\" \/>\r\n<meta property=\"og:title\" content=\"STERILUX DISQUE DEMAQUILLANT VISAGE 70 UNITES - Paracherkaoui.ma\" \/>\r\n<meta property=\"og:description\" content=\"Les disques de coton St\u00e9rilux\u00a0ont \u00e9t\u00e9 formul\u00e9s sp\u00e9cialement pour\u00a0d\u00e9maquiller le visage\u00a0et procurer un\u00a0soin de peau irr\u00e9prochable. Doux et respectueux de\" \/>\r\n<meta property=\"og:url\" content=\"https:\/\/paracherkaoui.ma\/index.php\/produit\/sterilux-disque-demaquillant-visage-70-unites-2\/\" \/>\r\n<meta property=\"og:site_name\" content=\"Paracherkaoui.ma\" \/>\r\n<meta property=\"article:modified_time\" content=\"2025-12-12T17:33:27+00:00\" \/>\r\n<meta property=\"og:image\" content=\"https:\/\/paracherkaoui.ma\/wp-content\/uploads\/2025\/12\/sterilux-sterilux-disque-demaquillant-visage-70-unites-accessoires.jpg\" \/>\r\n\t<meta property=\"og:image:width\" content=\"700\" \/>\r\n\t<meta property=\"og:image:height\" content=\"700\" \/>\r\n\t<meta property=\"og:image:type\" content=\"image\/jpeg\" \/>\r\n<meta name=\"twitter:card\" content=\"summary_large_image\" \/>\r\n<meta name=\"twitter:label1\" content=\"Dur\u00e9e de lecture estim\u00e9e\" \/>\n\t<meta name=\"twitter:data1\" content=\"1 minute\" \/>\r\n<script type=\"application\/ld+json\" class=\"yoast-schema-graph\">{\"@context\":\"https:\/\/schema.org\",\"@graph\":[{\"@type\":\"WebPage\",\"@id\":\"https:\/\/paracherkaoui.ma\/index.php\/produit\/sterilux-disque-demaquillant-visage-70-unites-2\/\",\"url\":\"https:\/\/paracherkaoui.ma\/index.php\/produit\/sterilux-disque-demaquillant-visage-70-unites-2\/\",\"name\":\"STERILUX DISQUE DEMAQUILLANT VISAGE 70 UNITES - Paracherkaoui.ma\",\"isPartOf\":{\"@id\":\"https:\/\/paracherkaoui.ma\/#website\"},\"primaryImageOfPage\":{\"@id\":\"https:\/\/paracherkaoui.ma\/index.php\/produit\/sterilux-disque-demaquillant-visage-70-unites-2\/#primaryimage\"},\"image\":{\"@id\":\"https:\/\/paracherkaoui.ma\/index.php\/produit\/sterilux-disque-demaquillant-visage-70-unites-2\/#primaryimage\"},\"thumbnailUrl\":\"https:\/\/paracherkaoui.ma\/wp-content\/uploads\/2025\/12\/sterilux-sterilux-disque-demaquillant-visage-70-unites-accessoires.jpg\",\"datePublished\":\"2025-12-12T17:33:24+00:00\",\"dateModified\":\"2025-12-12T17:33:27+00:00\",\"breadcrumb\":{\"@id\":\"https:\/\/paracherkaoui.ma\/index.php\/produit\/sterilux-disque-demaquillant-visage-70-unites-2\/#breadcrumb\"},\"inLanguage\":\"fr-FR\",\"potentialAction\":[{\"@type\":\"ReadAction\",\"target\":[\"https:\/\/paracherkaoui.ma\/index.php\/produit\/sterilux-disque-demaquillant-visage-70-unites-2\/\"]}]},{\"@type\":\"ImageObject\",\"inLanguage\":\"fr-FR\",\"@id\":\"https:\/\/paracherkaoui.ma\/index.php\/produit\/sterilux-disque-demaquillant-visage-70-unites-2\/#primaryimage\",\"url\":\"https:\/\/paracherkaoui.ma\/wp-content\/uploads\/2025\/12\/sterilux-sterilux-disque-demaquillant-visage-70-unites-accessoires.jpg\",\"contentUrl\":\"https:\/\/paracherkaoui.ma\/wp-content\/uploads\/2025\/12\/sterilux-sterilux-disque-demaquillant-visage-70-unites-accessoires.jpg\",\"width\":700,\"height\":700},{\"@type\":\"BreadcrumbList\",\"@id\":\"https:\/\/paracherkaoui.ma\/index.php\/produit\/sterilux-disque-demaquillant-visage-70-unites-2\/#breadcrumb\",\"itemListElement\":[{\"@type\":\"ListItem\",\"position\":1,\"name\":\"Accueil\",\"item\":\"https:\/\/paracherkaoui.ma\/\"},{\"@type\":\"ListItem\",\"position\":2,\"name\":\"Boutique\",\"item\":\"https:\/\/paracherkaoui.ma\/index.php\/boutique\/\"},{\"@type\":\"ListItem\",\"position\":3,\"name\":\"STERILUX DISQUE DEMAQUILLANT VISAGE 70 UNITES\"}]},{\"@type\":\"WebSite\",\"@id\":\"https:\/\/paracherkaoui.ma\/#website\",\"url\":\"https:\/\/paracherkaoui.ma\/\",\"name\":\"Paracherkaoui.ma\",\"description\":\"Achetez en ligne sur Paracherkaoui.ma\",\"potentialAction\":[{\"@type\":\"SearchAction\",\"target\":{\"@type\":\"EntryPoint\",\"urlTemplate\":\"https:\/\/paracherkaoui.ma\/?s={search_term_string}\"},\"query-input\":{\"@type\":\"PropertyValueSpecification\",\"valueRequired\":true,\"valueName\":\"search_term_string\"}}],\"inLanguage\":\"fr-FR\"}]}<\/script>\r\n<!-- \/ Yoast SEO plugin. -->","yoast_head_json":{"title":"STERILUX DISQUE DEMAQUILLANT VISAGE 70 UNITES - Paracherkaoui.ma","robots":{"index":"index","follow":"follow","max-snippet":"max-snippet:-1","max-image-preview":"max-image-preview:large","max-video-preview":"max-video-preview:-1"},"canonical":"https:\/\/paracherkaoui.ma\/index.php\/produit\/sterilux-disque-demaquillant-visage-70-unites-2\/","og_locale":"fr_FR","og_type":"article","og_title":"STERILUX DISQUE DEMAQUILLANT VISAGE 70 UNITES - Paracherkaoui.ma","og_description":"Les disques de coton St\u00e9rilux\u00a0ont \u00e9t\u00e9 formul\u00e9s sp\u00e9cialement pour\u00a0d\u00e9maquiller le visage\u00a0et procurer un\u00a0soin de peau irr\u00e9prochable. Doux et respectueux de","og_url":"https:\/\/paracherkaoui.ma\/index.php\/produit\/sterilux-disque-demaquillant-visage-70-unites-2\/","og_site_name":"Paracherkaoui.ma","article_modified_time":"2025-12-12T17:33:27+00:00","og_image":[{"width":700,"height":700,"url":"https:\/\/paracherkaoui.ma\/wp-content\/uploads\/2025\/12\/sterilux-sterilux-disque-demaquillant-visage-70-unites-accessoires.jpg","type":"image\/jpeg"}],"twitter_card":"summary_large_image","twitter_misc":{"Dur\u00e9e de lecture estim\u00e9e":"1 minute"},"schema":{"@context":"https:\/\/schema.org","@graph":[{"@type":"WebPage","@id":"https:\/\/paracherkaoui.ma\/index.php\/produit\/sterilux-disque-demaquillant-visage-70-unites-2\/","url":"https:\/\/paracherkaoui.ma\/index.php\/produit\/sterilux-disque-demaquillant-visage-70-unites-2\/","name":"STERILUX DISQUE DEMAQUILLANT VISAGE 70 UNITES - Paracherkaoui.ma","isPartOf":{"@id":"https:\/\/paracherkaoui.ma\/#website"},"primaryImageOfPage":{"@id":"https:\/\/paracherkaoui.ma\/index.php\/produit\/sterilux-disque-demaquillant-visage-70-unites-2\/#primaryimage"},"image":{"@id":"https:\/\/paracherkaoui.ma\/index.php\/produit\/sterilux-disque-demaquillant-visage-70-unites-2\/#primaryimage"},"thumbnailUrl":"https:\/\/paracherkaoui.ma\/wp-content\/uploads\/2025\/12\/sterilux-sterilux-disque-demaquillant-visage-70-unites-accessoires.jpg","datePublished":"2025-12-12T17:33:24+00:00","dateModified":"2025-12-12T17:33:27+00:00","breadcrumb":{"@id":"https:\/\/paracherkaoui.ma\/index.php\/produit\/sterilux-disque-demaquillant-visage-70-unites-2\/#breadcrumb"},"inLanguage":"fr-FR","potentialAction":[{"@type":"ReadAction","target":["https:\/\/paracherkaoui.ma\/index.php\/produit\/sterilux-disque-demaquillant-visage-70-unites-2\/"]}]},{"@type":"ImageObject","inLanguage":"fr-FR","@id":"https:\/\/paracherkaoui.ma\/index.php\/produit\/sterilux-disque-demaquillant-visage-70-unites-2\/#primaryimage","url":"https:\/\/paracherkaoui.ma\/wp-content\/uploads\/2025\/12\/sterilux-sterilux-disque-demaquillant-visage-70-unites-accessoires.jpg","contentUrl":"https:\/\/paracherkaoui.ma\/wp-content\/uploads\/2025\/12\/sterilux-sterilux-disque-demaquillant-visage-70-unites-accessoires.jpg","width":700,"height":700},{"@type":"BreadcrumbList","@id":"https:\/\/paracherkaoui.ma\/index.php\/produit\/sterilux-disque-demaquillant-visage-70-unites-2\/#breadcrumb","itemListElement":[{"@type":"ListItem","position":1,"name":"Accueil","item":"https:\/\/paracherkaoui.ma\/"},{"@type":"ListItem","position":2,"name":"Boutique","item":"https:\/\/paracherkaoui.ma\/index.php\/boutique\/"},{"@type":"ListItem","position":3,"name":"STERILUX DISQUE DEMAQUILLANT VISAGE 70 UNITES"}]},{"@type":"WebSite","@id":"https:\/\/paracherkaoui.ma\/#website","url":"https:\/\/paracherkaoui.ma\/","name":"Paracherkaoui.ma","description":"Achetez en ligne sur Paracherkaoui.ma","potentialAction":[{"@type":"SearchAction","target":{"@type":"EntryPoint","urlTemplate":"https:\/\/paracherkaoui.ma\/?s={search_term_string}"},"query-input":{"@type":"PropertyValueSpecification","valueRequired":true,"valueName":"search_term_string"}}],"inLanguage":"fr-FR"}]}},"_links":{"self":[{"href":"https:\/\/paracherkaoui.ma\/index.php\/wp-json\/wp\/v2\/product\/30702","targetHints":{"allow":["GET"]}}],"collection":[{"href":"https:\/\/paracherkaoui.ma\/index.php\/wp-json\/wp\/v2\/product"}],"about":[{"href":"https:\/\/paracherkaoui.ma\/index.php\/wp-json\/wp\/v2\/types\/product"}],"replies":[{"embeddable":true,"href":"https:\/\/paracherkaoui.ma\/index.php\/wp-json\/wp\/v2\/comments?post=30702"}],"version-history":[{"count":1,"href":"https:\/\/paracherkaoui.ma\/index.php\/wp-json\/wp\/v2\/product\/30702\/revisions"}],"predecessor-version":[{"id":30729,"href":"https:\/\/paracherkaoui.ma\/index.php\/wp-json\/wp\/v2\/product\/30702\/revisions\/30729"}],"wp:featuredmedia":[{"embeddable":true,"href":"https:\/\/paracherkaoui.ma\/index.php\/wp-json\/wp\/v2\/media\/19802"}],"wp:attachment":[{"href":"https:\/\/paracherkaoui.ma\/index.php\/wp-json\/wp\/v2\/media?parent=30702"}],"wp:term":[{"taxonomy":"product_brand","embeddable":true,"href":"https:\/\/paracherkaoui.ma\/index.php\/wp-json\/wp\/v2\/product_brand?post=30702"},{"taxonomy":"product_cat","embeddable":true,"href":"https:\/\/paracherkaoui.ma\/index.php\/wp-json\/wp\/v2\/product_cat?post=30702"},{"taxonomy":"product_tag","embeddable":true,"href":"https:\/\/paracherkaoui.ma\/index.php\/wp-json\/wp\/v2\/product_tag?post=30702"}],"curies":[{"name":"wp","href":"https:\/\/api.w.org\/{rel}","templated":true}]}}