{"id":30700,"date":"2025-12-12T18:33:24","date_gmt":"2025-12-12T17:33:24","guid":{"rendered":"https:\/\/test.ecbeaute.com\/?post_type=product&#038;p=30700"},"modified":"2025-12-12T18:33:26","modified_gmt":"2025-12-12T17:33:26","slug":"gilbert-liniderm-pads-bio-rectangles-de-coton-biodegradables-1802","status":"publish","type":"product","link":"https:\/\/paracherkaoui.ma\/index.php\/produit\/gilbert-liniderm-pads-bio-rectangles-de-coton-biodegradables-1802\/","title":{"rendered":"GILBERT LINIDERM PADS BIO RECTANGLES DE COTON BIODEGRADABLES 180*2"},"content":{"rendered":"<p>Fabriqu\u00e9s par les laboratoires Gilbert, les rectangles de coton bio Coton Pads poss\u00e8dent deux faces identiques non tiss\u00e9es, ce qui vous conf\u00e8re une extr\u00eame douceur dans toutes les utilisations. Gr\u00e2ce \u00e0 leur mati\u00e8re qui ne peluche pas, vous pourrez vous en servir aussi bien pour vous d\u00e9maquiller que pour le nettoyage du si\u00e8ge de votre b\u00e9b\u00e9 qui m\u00e9rite douceur et confort. De plus, son sachet refermable contient 180 rectangles de coton bio Gilbert, une grande contenance qui lui permet d\u2019\u00eatre utilis\u00e9 pour toute la famille. Le coton bio est id\u00e9al pour les peaux sensibles de part sa grande douceur et sa particularit\u00e9 \u00e0 \u00eatre anallergique.<\/p>\n","protected":false},"excerpt":{"rendered":"<p>Fabriqu\u00e9s par les laboratoires Gilbert, les rectangles de coton bio Coton Pads poss\u00e8dent deux faces identiques non tiss\u00e9es, ce qui<\/p>\n","protected":false},"featured_media":30725,"comment_status":"open","ping_status":"closed","template":"","meta":[],"product_brand":[200],"product_cat":[557],"product_tag":[],"class_list":{"0":"post-30700","1":"product","2":"type-product","3":"status-publish","4":"has-post-thumbnail","6":"product_brand-gilbert","7":"product_cat-accessoires-de-soins-visage","9":"first","10":"instock","11":"sale","12":"shipping-taxable","13":"purchasable","14":"product-type-simple"},"yoast_head":"<!-- This site is optimized with the Yoast SEO plugin v26.6 - https:\/\/yoast.com\/wordpress\/plugins\/seo\/ -->\r\n<title>GILBERT LINIDERM PADS BIO RECTANGLES DE COTON BIODEGRADABLES 180*2 - Paracherkaoui.ma<\/title>\r\n<meta name=\"robots\" content=\"index, follow, max-snippet:-1, max-image-preview:large, max-video-preview:-1\" \/>\r\n<link rel=\"canonical\" href=\"https:\/\/paracherkaoui.ma\/index.php\/produit\/gilbert-liniderm-pads-bio-rectangles-de-coton-biodegradables-1802\/\" \/>\r\n<meta property=\"og:locale\" content=\"fr_FR\" \/>\r\n<meta property=\"og:type\" content=\"article\" \/>\r\n<meta property=\"og:title\" content=\"GILBERT LINIDERM PADS BIO RECTANGLES DE COTON BIODEGRADABLES 180*2 - Paracherkaoui.ma\" \/>\r\n<meta property=\"og:description\" content=\"Fabriqu\u00e9s par les laboratoires Gilbert, les rectangles de coton bio Coton Pads poss\u00e8dent deux faces identiques non tiss\u00e9es, ce qui\" \/>\r\n<meta property=\"og:url\" content=\"https:\/\/paracherkaoui.ma\/index.php\/produit\/gilbert-liniderm-pads-bio-rectangles-de-coton-biodegradables-1802\/\" \/>\r\n<meta property=\"og:site_name\" content=\"Paracherkaoui.ma\" \/>\r\n<meta property=\"article:modified_time\" content=\"2025-12-12T17:33:26+00:00\" \/>\r\n<meta property=\"og:image\" content=\"https:\/\/paracherkaoui.ma\/wp-content\/uploads\/2025\/12\/gilbert-gilbert-liniderm-pads-bio-rectangles-de-coton-biodegradables-1802-accessoires-de-soins-visage.jpg\" \/>\r\n\t<meta property=\"og:image:width\" content=\"700\" \/>\r\n\t<meta property=\"og:image:height\" content=\"700\" \/>\r\n\t<meta property=\"og:image:type\" content=\"image\/jpeg\" \/>\r\n<meta name=\"twitter:card\" content=\"summary_large_image\" \/>\r\n<meta name=\"twitter:label1\" content=\"Dur\u00e9e de lecture estim\u00e9e\" \/>\n\t<meta name=\"twitter:data1\" content=\"1 minute\" \/>\r\n<script type=\"application\/ld+json\" class=\"yoast-schema-graph\">{\"@context\":\"https:\/\/schema.org\",\"@graph\":[{\"@type\":\"WebPage\",\"@id\":\"https:\/\/paracherkaoui.ma\/index.php\/produit\/gilbert-liniderm-pads-bio-rectangles-de-coton-biodegradables-1802\/\",\"url\":\"https:\/\/paracherkaoui.ma\/index.php\/produit\/gilbert-liniderm-pads-bio-rectangles-de-coton-biodegradables-1802\/\",\"name\":\"GILBERT LINIDERM PADS BIO RECTANGLES DE COTON BIODEGRADABLES 180*2 - Paracherkaoui.ma\",\"isPartOf\":{\"@id\":\"https:\/\/paracherkaoui.ma\/#website\"},\"primaryImageOfPage\":{\"@id\":\"https:\/\/paracherkaoui.ma\/index.php\/produit\/gilbert-liniderm-pads-bio-rectangles-de-coton-biodegradables-1802\/#primaryimage\"},\"image\":{\"@id\":\"https:\/\/paracherkaoui.ma\/index.php\/produit\/gilbert-liniderm-pads-bio-rectangles-de-coton-biodegradables-1802\/#primaryimage\"},\"thumbnailUrl\":\"https:\/\/paracherkaoui.ma\/wp-content\/uploads\/2025\/12\/gilbert-gilbert-liniderm-pads-bio-rectangles-de-coton-biodegradables-1802-accessoires-de-soins-visage.jpg\",\"datePublished\":\"2025-12-12T17:33:24+00:00\",\"dateModified\":\"2025-12-12T17:33:26+00:00\",\"breadcrumb\":{\"@id\":\"https:\/\/paracherkaoui.ma\/index.php\/produit\/gilbert-liniderm-pads-bio-rectangles-de-coton-biodegradables-1802\/#breadcrumb\"},\"inLanguage\":\"fr-FR\",\"potentialAction\":[{\"@type\":\"ReadAction\",\"target\":[\"https:\/\/paracherkaoui.ma\/index.php\/produit\/gilbert-liniderm-pads-bio-rectangles-de-coton-biodegradables-1802\/\"]}]},{\"@type\":\"ImageObject\",\"inLanguage\":\"fr-FR\",\"@id\":\"https:\/\/paracherkaoui.ma\/index.php\/produit\/gilbert-liniderm-pads-bio-rectangles-de-coton-biodegradables-1802\/#primaryimage\",\"url\":\"https:\/\/paracherkaoui.ma\/wp-content\/uploads\/2025\/12\/gilbert-gilbert-liniderm-pads-bio-rectangles-de-coton-biodegradables-1802-accessoires-de-soins-visage.jpg\",\"contentUrl\":\"https:\/\/paracherkaoui.ma\/wp-content\/uploads\/2025\/12\/gilbert-gilbert-liniderm-pads-bio-rectangles-de-coton-biodegradables-1802-accessoires-de-soins-visage.jpg\",\"width\":700,\"height\":700},{\"@type\":\"BreadcrumbList\",\"@id\":\"https:\/\/paracherkaoui.ma\/index.php\/produit\/gilbert-liniderm-pads-bio-rectangles-de-coton-biodegradables-1802\/#breadcrumb\",\"itemListElement\":[{\"@type\":\"ListItem\",\"position\":1,\"name\":\"Accueil\",\"item\":\"https:\/\/paracherkaoui.ma\/\"},{\"@type\":\"ListItem\",\"position\":2,\"name\":\"Boutique\",\"item\":\"https:\/\/paracherkaoui.ma\/index.php\/boutique\/\"},{\"@type\":\"ListItem\",\"position\":3,\"name\":\"GILBERT LINIDERM PADS BIO RECTANGLES DE COTON BIODEGRADABLES 180*2\"}]},{\"@type\":\"WebSite\",\"@id\":\"https:\/\/paracherkaoui.ma\/#website\",\"url\":\"https:\/\/paracherkaoui.ma\/\",\"name\":\"Paracherkaoui.ma\",\"description\":\"Achetez en ligne sur Paracherkaoui.ma\",\"potentialAction\":[{\"@type\":\"SearchAction\",\"target\":{\"@type\":\"EntryPoint\",\"urlTemplate\":\"https:\/\/paracherkaoui.ma\/?s={search_term_string}\"},\"query-input\":{\"@type\":\"PropertyValueSpecification\",\"valueRequired\":true,\"valueName\":\"search_term_string\"}}],\"inLanguage\":\"fr-FR\"}]}<\/script>\r\n<!-- \/ Yoast SEO plugin. -->","yoast_head_json":{"title":"GILBERT LINIDERM PADS BIO RECTANGLES DE COTON BIODEGRADABLES 180*2 - Paracherkaoui.ma","robots":{"index":"index","follow":"follow","max-snippet":"max-snippet:-1","max-image-preview":"max-image-preview:large","max-video-preview":"max-video-preview:-1"},"canonical":"https:\/\/paracherkaoui.ma\/index.php\/produit\/gilbert-liniderm-pads-bio-rectangles-de-coton-biodegradables-1802\/","og_locale":"fr_FR","og_type":"article","og_title":"GILBERT LINIDERM PADS BIO RECTANGLES DE COTON BIODEGRADABLES 180*2 - Paracherkaoui.ma","og_description":"Fabriqu\u00e9s par les laboratoires Gilbert, les rectangles de coton bio Coton Pads poss\u00e8dent deux faces identiques non tiss\u00e9es, ce qui","og_url":"https:\/\/paracherkaoui.ma\/index.php\/produit\/gilbert-liniderm-pads-bio-rectangles-de-coton-biodegradables-1802\/","og_site_name":"Paracherkaoui.ma","article_modified_time":"2025-12-12T17:33:26+00:00","og_image":[{"width":700,"height":700,"url":"https:\/\/paracherkaoui.ma\/wp-content\/uploads\/2025\/12\/gilbert-gilbert-liniderm-pads-bio-rectangles-de-coton-biodegradables-1802-accessoires-de-soins-visage.jpg","type":"image\/jpeg"}],"twitter_card":"summary_large_image","twitter_misc":{"Dur\u00e9e de lecture estim\u00e9e":"1 minute"},"schema":{"@context":"https:\/\/schema.org","@graph":[{"@type":"WebPage","@id":"https:\/\/paracherkaoui.ma\/index.php\/produit\/gilbert-liniderm-pads-bio-rectangles-de-coton-biodegradables-1802\/","url":"https:\/\/paracherkaoui.ma\/index.php\/produit\/gilbert-liniderm-pads-bio-rectangles-de-coton-biodegradables-1802\/","name":"GILBERT LINIDERM PADS BIO RECTANGLES DE COTON BIODEGRADABLES 180*2 - Paracherkaoui.ma","isPartOf":{"@id":"https:\/\/paracherkaoui.ma\/#website"},"primaryImageOfPage":{"@id":"https:\/\/paracherkaoui.ma\/index.php\/produit\/gilbert-liniderm-pads-bio-rectangles-de-coton-biodegradables-1802\/#primaryimage"},"image":{"@id":"https:\/\/paracherkaoui.ma\/index.php\/produit\/gilbert-liniderm-pads-bio-rectangles-de-coton-biodegradables-1802\/#primaryimage"},"thumbnailUrl":"https:\/\/paracherkaoui.ma\/wp-content\/uploads\/2025\/12\/gilbert-gilbert-liniderm-pads-bio-rectangles-de-coton-biodegradables-1802-accessoires-de-soins-visage.jpg","datePublished":"2025-12-12T17:33:24+00:00","dateModified":"2025-12-12T17:33:26+00:00","breadcrumb":{"@id":"https:\/\/paracherkaoui.ma\/index.php\/produit\/gilbert-liniderm-pads-bio-rectangles-de-coton-biodegradables-1802\/#breadcrumb"},"inLanguage":"fr-FR","potentialAction":[{"@type":"ReadAction","target":["https:\/\/paracherkaoui.ma\/index.php\/produit\/gilbert-liniderm-pads-bio-rectangles-de-coton-biodegradables-1802\/"]}]},{"@type":"ImageObject","inLanguage":"fr-FR","@id":"https:\/\/paracherkaoui.ma\/index.php\/produit\/gilbert-liniderm-pads-bio-rectangles-de-coton-biodegradables-1802\/#primaryimage","url":"https:\/\/paracherkaoui.ma\/wp-content\/uploads\/2025\/12\/gilbert-gilbert-liniderm-pads-bio-rectangles-de-coton-biodegradables-1802-accessoires-de-soins-visage.jpg","contentUrl":"https:\/\/paracherkaoui.ma\/wp-content\/uploads\/2025\/12\/gilbert-gilbert-liniderm-pads-bio-rectangles-de-coton-biodegradables-1802-accessoires-de-soins-visage.jpg","width":700,"height":700},{"@type":"BreadcrumbList","@id":"https:\/\/paracherkaoui.ma\/index.php\/produit\/gilbert-liniderm-pads-bio-rectangles-de-coton-biodegradables-1802\/#breadcrumb","itemListElement":[{"@type":"ListItem","position":1,"name":"Accueil","item":"https:\/\/paracherkaoui.ma\/"},{"@type":"ListItem","position":2,"name":"Boutique","item":"https:\/\/paracherkaoui.ma\/index.php\/boutique\/"},{"@type":"ListItem","position":3,"name":"GILBERT LINIDERM PADS BIO RECTANGLES DE COTON BIODEGRADABLES 180*2"}]},{"@type":"WebSite","@id":"https:\/\/paracherkaoui.ma\/#website","url":"https:\/\/paracherkaoui.ma\/","name":"Paracherkaoui.ma","description":"Achetez en ligne sur Paracherkaoui.ma","potentialAction":[{"@type":"SearchAction","target":{"@type":"EntryPoint","urlTemplate":"https:\/\/paracherkaoui.ma\/?s={search_term_string}"},"query-input":{"@type":"PropertyValueSpecification","valueRequired":true,"valueName":"search_term_string"}}],"inLanguage":"fr-FR"}]}},"_links":{"self":[{"href":"https:\/\/paracherkaoui.ma\/index.php\/wp-json\/wp\/v2\/product\/30700","targetHints":{"allow":["GET"]}}],"collection":[{"href":"https:\/\/paracherkaoui.ma\/index.php\/wp-json\/wp\/v2\/product"}],"about":[{"href":"https:\/\/paracherkaoui.ma\/index.php\/wp-json\/wp\/v2\/types\/product"}],"replies":[{"embeddable":true,"href":"https:\/\/paracherkaoui.ma\/index.php\/wp-json\/wp\/v2\/comments?post=30700"}],"version-history":[{"count":1,"href":"https:\/\/paracherkaoui.ma\/index.php\/wp-json\/wp\/v2\/product\/30700\/revisions"}],"predecessor-version":[{"id":30726,"href":"https:\/\/paracherkaoui.ma\/index.php\/wp-json\/wp\/v2\/product\/30700\/revisions\/30726"}],"wp:featuredmedia":[{"embeddable":true,"href":"https:\/\/paracherkaoui.ma\/index.php\/wp-json\/wp\/v2\/media\/30725"}],"wp:attachment":[{"href":"https:\/\/paracherkaoui.ma\/index.php\/wp-json\/wp\/v2\/media?parent=30700"}],"wp:term":[{"taxonomy":"product_brand","embeddable":true,"href":"https:\/\/paracherkaoui.ma\/index.php\/wp-json\/wp\/v2\/product_brand?post=30700"},{"taxonomy":"product_cat","embeddable":true,"href":"https:\/\/paracherkaoui.ma\/index.php\/wp-json\/wp\/v2\/product_cat?post=30700"},{"taxonomy":"product_tag","embeddable":true,"href":"https:\/\/paracherkaoui.ma\/index.php\/wp-json\/wp\/v2\/product_tag?post=30700"}],"curies":[{"name":"wp","href":"https:\/\/api.w.org\/{rel}","templated":true}]}}