{"id":30550,"date":"2025-12-12T18:33:09","date_gmt":"2025-12-12T17:33:09","guid":{"rendered":"https:\/\/test.ecbeaute.com\/?post_type=product&#038;p=30550"},"modified":"2025-12-12T18:33:15","modified_gmt":"2025-12-12T17:33:15","slug":"ecladerm-luxe-night-glow-serum-eclat-30-ml","status":"publish","type":"product","link":"https:\/\/paracherkaoui.ma\/index.php\/produit\/ecladerm-luxe-night-glow-serum-eclat-30-ml\/","title":{"rendered":"ECLADERM LUXE NIGHT GLOW SERUM ECLAT 30 ML"},"content":{"rendered":"<p>Ce s\u00e9rum de nuit concentr\u00e9 est votre alli\u00e9 incontournable pour un teint frais et repos\u00e9, m\u00eame apr\u00e8s les journ\u00e9es les plus intenses.<br \/>\nD\u00e8s la premi\u00e8re application, vous sentirez sa texture l\u00e9g\u00e8re, non irritante et facilement absorb\u00e9e, glisser sur votre peau. Oubliez les s\u00e9rums collants ou lourds : Ecladerm Night Glow est con\u00e7u pour une sensation de confort imm\u00e9diat, laissant votre peau respirer tout en agissant en profondeur. Sa formule innovante est un v\u00e9ritable cocktail d&rsquo;actifs puissants, choisis pour leur capacit\u00e9 \u00e0 raviver l&rsquo;\u00e9clat de votre teint.<br \/>\nAu c\u0153ur de cette formule, la niacinamide (vitamine B3) joue un r\u00f4le cl\u00e9. Reconnue pour ses multiples bienfaits, elle aide \u00e0 renforcer la barri\u00e8re cutan\u00e9e, \u00e0 r\u00e9duire l&rsquo;apparence des pores, et surtout, \u00e0 unifier le teint en att\u00e9nuant les taches pigmentaires et les rougeurs. Associ\u00e9e \u00e0 l&rsquo;extrait de r\u00e9glisse, un ingr\u00e9dient naturel puissant connu pour ses propri\u00e9t\u00e9s \u00e9claircissantes et apaisantes, la niacinamide travaille en synergie pour raviver l&rsquo;\u00e9clat de votre peau et att\u00e9nuer les signes visibles de fatigue. Les cernes s&rsquo;estompent, le teint terne dispara\u00eet, laissant place \u00e0 une luminosit\u00e9 incroyable.<br \/>\nLe s\u00e9rum Ecladerm Night Glow ne se contente pas d&rsquo;\u00e9claircir : il revitalise la peau en lui apportant l&rsquo;\u00e9nergie dont elle a besoin pour se r\u00e9g\u00e9n\u00e9rer pendant la nuit. Au r\u00e9veil, votre peau est douce, lumineuse et rafra\u00eechie, pr\u00eate \u00e0 affronter une nouvelle journ\u00e9e. Sa formule a \u00e9t\u00e9 pens\u00e9e pour convenir \u00e0 tous les types de peau, m\u00eame les plus sensibles, gr\u00e2ce \u00e0 l&rsquo;absence de conservateurs, de silicone et de paraffine. C&rsquo;est la garantie d&rsquo;un soin pur, respectueux de votre \u00e9piderme, qui optimise les processus naturels de r\u00e9g\u00e9n\u00e9ration nocturne de la peau. Offrez \u00e0 votre visage ce rituel nocturne et r\u00e9veillez-vous avec un teint transform\u00e9, \u00e9clatant de sant\u00e9 et de vitalit\u00e9.<br \/>\nConseils d&rsquo;utilisation :<br \/>\nUtilisez le S\u00e9rum Ecladerm Night Glow chaque soir, avant votre cr\u00e8me de nuit. C&rsquo;est pendant la nuit que la peau se r\u00e9g\u00e9n\u00e8re le plus efficacement.<\/p>\n","protected":false},"excerpt":{"rendered":"<p>Ce s\u00e9rum de nuit concentr\u00e9 est votre alli\u00e9 incontournable pour un teint frais et repos\u00e9, m\u00eame apr\u00e8s les journ\u00e9es les<\/p>\n","protected":false},"featured_media":30602,"comment_status":"open","ping_status":"closed","template":"","meta":[],"product_brand":[392],"product_cat":[553],"product_tag":[],"class_list":{"0":"post-30550","1":"product","2":"type-product","3":"status-publish","4":"has-post-thumbnail","6":"product_brand-ecladerm","7":"product_cat-cremes-eclats","9":"first","10":"instock","11":"sale","12":"shipping-taxable","13":"purchasable","14":"product-type-simple"},"yoast_head":"<!-- This site is optimized with the Yoast SEO plugin v26.6 - https:\/\/yoast.com\/wordpress\/plugins\/seo\/ -->\r\n<title>ECLADERM LUXE NIGHT GLOW SERUM ECLAT 30 ML - Paracherkaoui.ma<\/title>\r\n<meta name=\"robots\" content=\"index, follow, max-snippet:-1, max-image-preview:large, max-video-preview:-1\" \/>\r\n<link rel=\"canonical\" href=\"https:\/\/paracherkaoui.ma\/index.php\/produit\/ecladerm-luxe-night-glow-serum-eclat-30-ml\/\" \/>\r\n<meta property=\"og:locale\" content=\"fr_FR\" \/>\r\n<meta property=\"og:type\" content=\"article\" \/>\r\n<meta property=\"og:title\" content=\"ECLADERM LUXE NIGHT GLOW SERUM ECLAT 30 ML - Paracherkaoui.ma\" \/>\r\n<meta property=\"og:description\" content=\"Ce s\u00e9rum de nuit concentr\u00e9 est votre alli\u00e9 incontournable pour un teint frais et repos\u00e9, m\u00eame apr\u00e8s les journ\u00e9es les\" \/>\r\n<meta property=\"og:url\" content=\"https:\/\/paracherkaoui.ma\/index.php\/produit\/ecladerm-luxe-night-glow-serum-eclat-30-ml\/\" \/>\r\n<meta property=\"og:site_name\" content=\"Paracherkaoui.ma\" \/>\r\n<meta property=\"article:modified_time\" content=\"2025-12-12T17:33:15+00:00\" \/>\r\n<meta property=\"og:image\" content=\"https:\/\/paracherkaoui.ma\/wp-content\/uploads\/2025\/12\/ecladerm-luxe-night-glow-serum-eclat-30-ml.jpg\" \/>\r\n\t<meta property=\"og:image:width\" content=\"700\" \/>\r\n\t<meta property=\"og:image:height\" content=\"700\" \/>\r\n\t<meta property=\"og:image:type\" content=\"image\/jpeg\" \/>\r\n<meta name=\"twitter:card\" content=\"summary_large_image\" \/>\r\n<meta name=\"twitter:label1\" content=\"Dur\u00e9e de lecture estim\u00e9e\" \/>\n\t<meta name=\"twitter:data1\" content=\"2 minutes\" \/>\r\n<script type=\"application\/ld+json\" class=\"yoast-schema-graph\">{\"@context\":\"https:\/\/schema.org\",\"@graph\":[{\"@type\":\"WebPage\",\"@id\":\"https:\/\/paracherkaoui.ma\/index.php\/produit\/ecladerm-luxe-night-glow-serum-eclat-30-ml\/\",\"url\":\"https:\/\/paracherkaoui.ma\/index.php\/produit\/ecladerm-luxe-night-glow-serum-eclat-30-ml\/\",\"name\":\"ECLADERM LUXE NIGHT GLOW SERUM ECLAT 30 ML - Paracherkaoui.ma\",\"isPartOf\":{\"@id\":\"https:\/\/paracherkaoui.ma\/#website\"},\"primaryImageOfPage\":{\"@id\":\"https:\/\/paracherkaoui.ma\/index.php\/produit\/ecladerm-luxe-night-glow-serum-eclat-30-ml\/#primaryimage\"},\"image\":{\"@id\":\"https:\/\/paracherkaoui.ma\/index.php\/produit\/ecladerm-luxe-night-glow-serum-eclat-30-ml\/#primaryimage\"},\"thumbnailUrl\":\"https:\/\/paracherkaoui.ma\/wp-content\/uploads\/2025\/12\/ecladerm-luxe-night-glow-serum-eclat-30-ml.jpg\",\"datePublished\":\"2025-12-12T17:33:09+00:00\",\"dateModified\":\"2025-12-12T17:33:15+00:00\",\"breadcrumb\":{\"@id\":\"https:\/\/paracherkaoui.ma\/index.php\/produit\/ecladerm-luxe-night-glow-serum-eclat-30-ml\/#breadcrumb\"},\"inLanguage\":\"fr-FR\",\"potentialAction\":[{\"@type\":\"ReadAction\",\"target\":[\"https:\/\/paracherkaoui.ma\/index.php\/produit\/ecladerm-luxe-night-glow-serum-eclat-30-ml\/\"]}]},{\"@type\":\"ImageObject\",\"inLanguage\":\"fr-FR\",\"@id\":\"https:\/\/paracherkaoui.ma\/index.php\/produit\/ecladerm-luxe-night-glow-serum-eclat-30-ml\/#primaryimage\",\"url\":\"https:\/\/paracherkaoui.ma\/wp-content\/uploads\/2025\/12\/ecladerm-luxe-night-glow-serum-eclat-30-ml.jpg\",\"contentUrl\":\"https:\/\/paracherkaoui.ma\/wp-content\/uploads\/2025\/12\/ecladerm-luxe-night-glow-serum-eclat-30-ml.jpg\",\"width\":700,\"height\":700},{\"@type\":\"BreadcrumbList\",\"@id\":\"https:\/\/paracherkaoui.ma\/index.php\/produit\/ecladerm-luxe-night-glow-serum-eclat-30-ml\/#breadcrumb\",\"itemListElement\":[{\"@type\":\"ListItem\",\"position\":1,\"name\":\"Accueil\",\"item\":\"https:\/\/paracherkaoui.ma\/\"},{\"@type\":\"ListItem\",\"position\":2,\"name\":\"Boutique\",\"item\":\"https:\/\/paracherkaoui.ma\/index.php\/boutique\/\"},{\"@type\":\"ListItem\",\"position\":3,\"name\":\"ECLADERM LUXE NIGHT GLOW SERUM ECLAT 30 ML\"}]},{\"@type\":\"WebSite\",\"@id\":\"https:\/\/paracherkaoui.ma\/#website\",\"url\":\"https:\/\/paracherkaoui.ma\/\",\"name\":\"Paracherkaoui.ma\",\"description\":\"Achetez en ligne sur Paracherkaoui.ma\",\"potentialAction\":[{\"@type\":\"SearchAction\",\"target\":{\"@type\":\"EntryPoint\",\"urlTemplate\":\"https:\/\/paracherkaoui.ma\/?s={search_term_string}\"},\"query-input\":{\"@type\":\"PropertyValueSpecification\",\"valueRequired\":true,\"valueName\":\"search_term_string\"}}],\"inLanguage\":\"fr-FR\"}]}<\/script>\r\n<!-- \/ Yoast SEO plugin. -->","yoast_head_json":{"title":"ECLADERM LUXE NIGHT GLOW SERUM ECLAT 30 ML - Paracherkaoui.ma","robots":{"index":"index","follow":"follow","max-snippet":"max-snippet:-1","max-image-preview":"max-image-preview:large","max-video-preview":"max-video-preview:-1"},"canonical":"https:\/\/paracherkaoui.ma\/index.php\/produit\/ecladerm-luxe-night-glow-serum-eclat-30-ml\/","og_locale":"fr_FR","og_type":"article","og_title":"ECLADERM LUXE NIGHT GLOW SERUM ECLAT 30 ML - Paracherkaoui.ma","og_description":"Ce s\u00e9rum de nuit concentr\u00e9 est votre alli\u00e9 incontournable pour un teint frais et repos\u00e9, m\u00eame apr\u00e8s les journ\u00e9es les","og_url":"https:\/\/paracherkaoui.ma\/index.php\/produit\/ecladerm-luxe-night-glow-serum-eclat-30-ml\/","og_site_name":"Paracherkaoui.ma","article_modified_time":"2025-12-12T17:33:15+00:00","og_image":[{"width":700,"height":700,"url":"https:\/\/paracherkaoui.ma\/wp-content\/uploads\/2025\/12\/ecladerm-luxe-night-glow-serum-eclat-30-ml.jpg","type":"image\/jpeg"}],"twitter_card":"summary_large_image","twitter_misc":{"Dur\u00e9e de lecture estim\u00e9e":"2 minutes"},"schema":{"@context":"https:\/\/schema.org","@graph":[{"@type":"WebPage","@id":"https:\/\/paracherkaoui.ma\/index.php\/produit\/ecladerm-luxe-night-glow-serum-eclat-30-ml\/","url":"https:\/\/paracherkaoui.ma\/index.php\/produit\/ecladerm-luxe-night-glow-serum-eclat-30-ml\/","name":"ECLADERM LUXE NIGHT GLOW SERUM ECLAT 30 ML - Paracherkaoui.ma","isPartOf":{"@id":"https:\/\/paracherkaoui.ma\/#website"},"primaryImageOfPage":{"@id":"https:\/\/paracherkaoui.ma\/index.php\/produit\/ecladerm-luxe-night-glow-serum-eclat-30-ml\/#primaryimage"},"image":{"@id":"https:\/\/paracherkaoui.ma\/index.php\/produit\/ecladerm-luxe-night-glow-serum-eclat-30-ml\/#primaryimage"},"thumbnailUrl":"https:\/\/paracherkaoui.ma\/wp-content\/uploads\/2025\/12\/ecladerm-luxe-night-glow-serum-eclat-30-ml.jpg","datePublished":"2025-12-12T17:33:09+00:00","dateModified":"2025-12-12T17:33:15+00:00","breadcrumb":{"@id":"https:\/\/paracherkaoui.ma\/index.php\/produit\/ecladerm-luxe-night-glow-serum-eclat-30-ml\/#breadcrumb"},"inLanguage":"fr-FR","potentialAction":[{"@type":"ReadAction","target":["https:\/\/paracherkaoui.ma\/index.php\/produit\/ecladerm-luxe-night-glow-serum-eclat-30-ml\/"]}]},{"@type":"ImageObject","inLanguage":"fr-FR","@id":"https:\/\/paracherkaoui.ma\/index.php\/produit\/ecladerm-luxe-night-glow-serum-eclat-30-ml\/#primaryimage","url":"https:\/\/paracherkaoui.ma\/wp-content\/uploads\/2025\/12\/ecladerm-luxe-night-glow-serum-eclat-30-ml.jpg","contentUrl":"https:\/\/paracherkaoui.ma\/wp-content\/uploads\/2025\/12\/ecladerm-luxe-night-glow-serum-eclat-30-ml.jpg","width":700,"height":700},{"@type":"BreadcrumbList","@id":"https:\/\/paracherkaoui.ma\/index.php\/produit\/ecladerm-luxe-night-glow-serum-eclat-30-ml\/#breadcrumb","itemListElement":[{"@type":"ListItem","position":1,"name":"Accueil","item":"https:\/\/paracherkaoui.ma\/"},{"@type":"ListItem","position":2,"name":"Boutique","item":"https:\/\/paracherkaoui.ma\/index.php\/boutique\/"},{"@type":"ListItem","position":3,"name":"ECLADERM LUXE NIGHT GLOW SERUM ECLAT 30 ML"}]},{"@type":"WebSite","@id":"https:\/\/paracherkaoui.ma\/#website","url":"https:\/\/paracherkaoui.ma\/","name":"Paracherkaoui.ma","description":"Achetez en ligne sur Paracherkaoui.ma","potentialAction":[{"@type":"SearchAction","target":{"@type":"EntryPoint","urlTemplate":"https:\/\/paracherkaoui.ma\/?s={search_term_string}"},"query-input":{"@type":"PropertyValueSpecification","valueRequired":true,"valueName":"search_term_string"}}],"inLanguage":"fr-FR"}]}},"_links":{"self":[{"href":"https:\/\/paracherkaoui.ma\/index.php\/wp-json\/wp\/v2\/product\/30550","targetHints":{"allow":["GET"]}}],"collection":[{"href":"https:\/\/paracherkaoui.ma\/index.php\/wp-json\/wp\/v2\/product"}],"about":[{"href":"https:\/\/paracherkaoui.ma\/index.php\/wp-json\/wp\/v2\/types\/product"}],"replies":[{"embeddable":true,"href":"https:\/\/paracherkaoui.ma\/index.php\/wp-json\/wp\/v2\/comments?post=30550"}],"version-history":[{"count":1,"href":"https:\/\/paracherkaoui.ma\/index.php\/wp-json\/wp\/v2\/product\/30550\/revisions"}],"predecessor-version":[{"id":30603,"href":"https:\/\/paracherkaoui.ma\/index.php\/wp-json\/wp\/v2\/product\/30550\/revisions\/30603"}],"wp:featuredmedia":[{"embeddable":true,"href":"https:\/\/paracherkaoui.ma\/index.php\/wp-json\/wp\/v2\/media\/30602"}],"wp:attachment":[{"href":"https:\/\/paracherkaoui.ma\/index.php\/wp-json\/wp\/v2\/media?parent=30550"}],"wp:term":[{"taxonomy":"product_brand","embeddable":true,"href":"https:\/\/paracherkaoui.ma\/index.php\/wp-json\/wp\/v2\/product_brand?post=30550"},{"taxonomy":"product_cat","embeddable":true,"href":"https:\/\/paracherkaoui.ma\/index.php\/wp-json\/wp\/v2\/product_cat?post=30550"},{"taxonomy":"product_tag","embeddable":true,"href":"https:\/\/paracherkaoui.ma\/index.php\/wp-json\/wp\/v2\/product_tag?post=30550"}],"curies":[{"name":"wp","href":"https:\/\/api.w.org\/{rel}","templated":true}]}}