{"id":30549,"date":"2025-12-12T18:33:09","date_gmt":"2025-12-12T17:33:09","guid":{"rendered":"https:\/\/test.ecbeaute.com\/?post_type=product&#038;p=30549"},"modified":"2025-12-12T18:33:15","modified_gmt":"2025-12-12T17:33:15","slug":"neostrata-firming-skinactive-puissant-complexe-au-retinol-30ml","status":"publish","type":"product","link":"https:\/\/paracherkaoui.ma\/index.php\/produit\/neostrata-firming-skinactive-puissant-complexe-au-retinol-30ml\/","title":{"rendered":"NEOSTRATA FIRMING SKINACTIVE PUISSANT COMPLEXE AU RETINOL 30ML"},"content":{"rendered":"<p>Neostrata, expert en dermo-cosm\u00e9tique, a formul\u00e9 ce s\u00e9rum puissant pour une action compl\u00e8te et une efficacit\u00e9 prouv\u00e9e, m\u00eame sur les peaux sensibles :<br \/>\nL&rsquo;\u00c9quation Parfaite : R\u00e9tinol + Nutrition + Hydratation ! Ce puissant complexe a r\u00e9solu le dilemme du r\u00e9tinol. Son secret r\u00e9side dans une formule intelligente qui associe la force du r\u00e9tinol \u00e0 des actifs apaisants et hydratants :<br \/>\nR\u00e9tinol : Un actif star, reconnu pour son action de minimiser l&rsquo;apparence des rides et ridules et d&rsquo;am\u00e9liorer la texture de la peau.<br \/>\nCentella Asiatica : Un ingr\u00e9dient nourrissant et apaisant, qui agit pour minimiser les risques d&rsquo;irritation g\u00e9n\u00e9ralement associ\u00e9s \u00e0 l&rsquo;utilisation du r\u00e9tinol.<br \/>\nAcide Hyaluronique : Un actif hydratant puissant qui retient l&rsquo;eau dans la peau, garantissant une hydratation en profondeur et un confort optimal.<br \/>\nUne Transformation Visible sans les Inconv\u00e9nients : Ce s\u00e9rum est con\u00e7u pour vous offrir tous les b\u00e9n\u00e9fices du r\u00e9tinol, sans ses d\u00e9sagr\u00e9ments. Le r\u00e9sultat est une sensation in\u00e9dite : votre peau se renouvelle activement pendant la nuit sans les rougeurs, les picotements ou la s\u00e9cheresse. Vous vous r\u00e9veillez avec une peau plus lisse, plus souple et parfaitement confortable.<br \/>\nLe R\u00e9sultat : Une Peau Lisse et Uniforme ! En agissant sur le renouvellement cellulaire, le s\u00e9rum Neostrata r\u00e9v\u00e8le une peau plus lisse et plus uniforme. Les imperfections, les taches et le grain de peau irr\u00e9gulier s&rsquo;estompent pour laisser place \u00e0 un teint plus clair et plus homog\u00e8ne. Les rides et ridules sont visiblement att\u00e9nu\u00e9es, pour un visage qui rayonne de jeunesse et de vitalit\u00e9.<br \/>\nSoin de Nuit Cibl\u00e9 : L&rsquo;Action pendant votre Sommeil ! Le s\u00e9rum au r\u00e9tinol est un soin de nuit. C&rsquo;est durant la nuit que la r\u00e9g\u00e9n\u00e9ration cellulaire est la plus intense. En l&rsquo;appliquant le soir, vous permettez \u00e0 ses actifs de travailler en synergie avec les processus naturels de votre peau pour des r\u00e9sultats spectaculaires.<br \/>\nTexture L\u00e9g\u00e8re et Absorption Rapide : Sa texture l\u00e9g\u00e8re et son absorption rapide en font un plaisir \u00e0 utiliser chaque soir. Il ne laisse pas de fini gras, mais une sensation de douceur qui pr\u00e9pare votre peau \u00e0 la suite de votre routine nocturne.<br \/>\nConseils d&rsquo;utilisation :<br \/>\nLe soir, appliquer sur une peau propre une \u00e0 deux fois par semaine, puis chaque jour selon la tol\u00e9rance. Recommand\u00e9 pour une utilisation en soir\u00e9e. Appliquer ensuite votre cr\u00e8me contour des yeux et votre cr\u00e8me hydratante NEOSTRATA pr\u00e9f\u00e9r\u00e9es.<br \/>\nComposition :<br \/>\naqua\/water\/eau, pentaerythrityl tetraethylhexanoate, glycerin, caprylyl methicone, ppg-15 stearyl ether,, niacinamide, stearyl alcohol, cetearyl alcohol, acetyl glucosamine, butylene glycol, ceteareth-20, isohexadecane, cellulose, retinol, centella asiatica leaf extract, citric acid (aha\/bha), ascorbic acid (vitamin c), sodium hyaluronate, bisabolol, c13-14 isoparaffin, glyceryl dilaurat, glyceryl dilaurate, laureth-7, polysorbate 20, caprylyl glycol, steareth-10,, ammonium acryloyldimethyltaurate\/vp copolymer, polyacrylamide, disodium edta, sodium hydroxide, xanthan gum, phenoxyethanol, chlorphenesin.<\/p>\n","protected":false},"excerpt":{"rendered":"<p>Neostrata, expert en dermo-cosm\u00e9tique, a formul\u00e9 ce s\u00e9rum puissant pour une action compl\u00e8te et une efficacit\u00e9 prouv\u00e9e, m\u00eame sur les<\/p>\n","protected":false},"featured_media":30600,"comment_status":"open","ping_status":"closed","template":"","meta":[],"product_brand":[404],"product_cat":[553],"product_tag":[],"class_list":{"0":"post-30549","1":"product","2":"type-product","3":"status-publish","4":"has-post-thumbnail","6":"product_brand-neostrata","7":"product_cat-cremes-eclats","9":"first","10":"instock","11":"sale","12":"shipping-taxable","13":"purchasable","14":"product-type-simple"},"yoast_head":"<!-- This site is optimized with the Yoast SEO plugin v26.6 - https:\/\/yoast.com\/wordpress\/plugins\/seo\/ -->\r\n<title>NEOSTRATA FIRMING SKINACTIVE PUISSANT COMPLEXE AU RETINOL 30ML - Paracherkaoui.ma<\/title>\r\n<meta name=\"robots\" content=\"index, follow, max-snippet:-1, max-image-preview:large, max-video-preview:-1\" \/>\r\n<link rel=\"canonical\" href=\"https:\/\/paracherkaoui.ma\/index.php\/produit\/neostrata-firming-skinactive-puissant-complexe-au-retinol-30ml\/\" \/>\r\n<meta property=\"og:locale\" content=\"fr_FR\" \/>\r\n<meta property=\"og:type\" content=\"article\" \/>\r\n<meta property=\"og:title\" content=\"NEOSTRATA FIRMING SKINACTIVE PUISSANT COMPLEXE AU RETINOL 30ML - Paracherkaoui.ma\" \/>\r\n<meta property=\"og:description\" content=\"Neostrata, expert en dermo-cosm\u00e9tique, a formul\u00e9 ce s\u00e9rum puissant pour une action compl\u00e8te et une efficacit\u00e9 prouv\u00e9e, m\u00eame sur les\" \/>\r\n<meta property=\"og:url\" content=\"https:\/\/paracherkaoui.ma\/index.php\/produit\/neostrata-firming-skinactive-puissant-complexe-au-retinol-30ml\/\" \/>\r\n<meta property=\"og:site_name\" content=\"Paracherkaoui.ma\" \/>\r\n<meta property=\"article:modified_time\" content=\"2025-12-12T17:33:15+00:00\" \/>\r\n<meta property=\"og:image\" content=\"https:\/\/paracherkaoui.ma\/wp-content\/uploads\/2025\/12\/neostrata-firming-skinactive-puissant-complexe-au-retinol-30ml.jpg\" \/>\r\n\t<meta property=\"og:image:width\" content=\"700\" \/>\r\n\t<meta property=\"og:image:height\" content=\"700\" \/>\r\n\t<meta property=\"og:image:type\" content=\"image\/jpeg\" \/>\r\n<meta name=\"twitter:card\" content=\"summary_large_image\" \/>\r\n<meta name=\"twitter:label1\" content=\"Dur\u00e9e de lecture estim\u00e9e\" \/>\n\t<meta name=\"twitter:data1\" content=\"2 minutes\" \/>\r\n<script type=\"application\/ld+json\" class=\"yoast-schema-graph\">{\"@context\":\"https:\/\/schema.org\",\"@graph\":[{\"@type\":\"WebPage\",\"@id\":\"https:\/\/paracherkaoui.ma\/index.php\/produit\/neostrata-firming-skinactive-puissant-complexe-au-retinol-30ml\/\",\"url\":\"https:\/\/paracherkaoui.ma\/index.php\/produit\/neostrata-firming-skinactive-puissant-complexe-au-retinol-30ml\/\",\"name\":\"NEOSTRATA FIRMING SKINACTIVE PUISSANT COMPLEXE AU RETINOL 30ML - Paracherkaoui.ma\",\"isPartOf\":{\"@id\":\"https:\/\/paracherkaoui.ma\/#website\"},\"primaryImageOfPage\":{\"@id\":\"https:\/\/paracherkaoui.ma\/index.php\/produit\/neostrata-firming-skinactive-puissant-complexe-au-retinol-30ml\/#primaryimage\"},\"image\":{\"@id\":\"https:\/\/paracherkaoui.ma\/index.php\/produit\/neostrata-firming-skinactive-puissant-complexe-au-retinol-30ml\/#primaryimage\"},\"thumbnailUrl\":\"https:\/\/paracherkaoui.ma\/wp-content\/uploads\/2025\/12\/neostrata-firming-skinactive-puissant-complexe-au-retinol-30ml.jpg\",\"datePublished\":\"2025-12-12T17:33:09+00:00\",\"dateModified\":\"2025-12-12T17:33:15+00:00\",\"breadcrumb\":{\"@id\":\"https:\/\/paracherkaoui.ma\/index.php\/produit\/neostrata-firming-skinactive-puissant-complexe-au-retinol-30ml\/#breadcrumb\"},\"inLanguage\":\"fr-FR\",\"potentialAction\":[{\"@type\":\"ReadAction\",\"target\":[\"https:\/\/paracherkaoui.ma\/index.php\/produit\/neostrata-firming-skinactive-puissant-complexe-au-retinol-30ml\/\"]}]},{\"@type\":\"ImageObject\",\"inLanguage\":\"fr-FR\",\"@id\":\"https:\/\/paracherkaoui.ma\/index.php\/produit\/neostrata-firming-skinactive-puissant-complexe-au-retinol-30ml\/#primaryimage\",\"url\":\"https:\/\/paracherkaoui.ma\/wp-content\/uploads\/2025\/12\/neostrata-firming-skinactive-puissant-complexe-au-retinol-30ml.jpg\",\"contentUrl\":\"https:\/\/paracherkaoui.ma\/wp-content\/uploads\/2025\/12\/neostrata-firming-skinactive-puissant-complexe-au-retinol-30ml.jpg\",\"width\":700,\"height\":700},{\"@type\":\"BreadcrumbList\",\"@id\":\"https:\/\/paracherkaoui.ma\/index.php\/produit\/neostrata-firming-skinactive-puissant-complexe-au-retinol-30ml\/#breadcrumb\",\"itemListElement\":[{\"@type\":\"ListItem\",\"position\":1,\"name\":\"Accueil\",\"item\":\"https:\/\/paracherkaoui.ma\/\"},{\"@type\":\"ListItem\",\"position\":2,\"name\":\"Boutique\",\"item\":\"https:\/\/paracherkaoui.ma\/index.php\/boutique\/\"},{\"@type\":\"ListItem\",\"position\":3,\"name\":\"NEOSTRATA FIRMING SKINACTIVE PUISSANT COMPLEXE AU RETINOL 30ML\"}]},{\"@type\":\"WebSite\",\"@id\":\"https:\/\/paracherkaoui.ma\/#website\",\"url\":\"https:\/\/paracherkaoui.ma\/\",\"name\":\"Paracherkaoui.ma\",\"description\":\"Achetez en ligne sur Paracherkaoui.ma\",\"potentialAction\":[{\"@type\":\"SearchAction\",\"target\":{\"@type\":\"EntryPoint\",\"urlTemplate\":\"https:\/\/paracherkaoui.ma\/?s={search_term_string}\"},\"query-input\":{\"@type\":\"PropertyValueSpecification\",\"valueRequired\":true,\"valueName\":\"search_term_string\"}}],\"inLanguage\":\"fr-FR\"}]}<\/script>\r\n<!-- \/ Yoast SEO plugin. -->","yoast_head_json":{"title":"NEOSTRATA FIRMING SKINACTIVE PUISSANT COMPLEXE AU RETINOL 30ML - Paracherkaoui.ma","robots":{"index":"index","follow":"follow","max-snippet":"max-snippet:-1","max-image-preview":"max-image-preview:large","max-video-preview":"max-video-preview:-1"},"canonical":"https:\/\/paracherkaoui.ma\/index.php\/produit\/neostrata-firming-skinactive-puissant-complexe-au-retinol-30ml\/","og_locale":"fr_FR","og_type":"article","og_title":"NEOSTRATA FIRMING SKINACTIVE PUISSANT COMPLEXE AU RETINOL 30ML - Paracherkaoui.ma","og_description":"Neostrata, expert en dermo-cosm\u00e9tique, a formul\u00e9 ce s\u00e9rum puissant pour une action compl\u00e8te et une efficacit\u00e9 prouv\u00e9e, m\u00eame sur les","og_url":"https:\/\/paracherkaoui.ma\/index.php\/produit\/neostrata-firming-skinactive-puissant-complexe-au-retinol-30ml\/","og_site_name":"Paracherkaoui.ma","article_modified_time":"2025-12-12T17:33:15+00:00","og_image":[{"width":700,"height":700,"url":"https:\/\/paracherkaoui.ma\/wp-content\/uploads\/2025\/12\/neostrata-firming-skinactive-puissant-complexe-au-retinol-30ml.jpg","type":"image\/jpeg"}],"twitter_card":"summary_large_image","twitter_misc":{"Dur\u00e9e de lecture estim\u00e9e":"2 minutes"},"schema":{"@context":"https:\/\/schema.org","@graph":[{"@type":"WebPage","@id":"https:\/\/paracherkaoui.ma\/index.php\/produit\/neostrata-firming-skinactive-puissant-complexe-au-retinol-30ml\/","url":"https:\/\/paracherkaoui.ma\/index.php\/produit\/neostrata-firming-skinactive-puissant-complexe-au-retinol-30ml\/","name":"NEOSTRATA FIRMING SKINACTIVE PUISSANT COMPLEXE AU RETINOL 30ML - Paracherkaoui.ma","isPartOf":{"@id":"https:\/\/paracherkaoui.ma\/#website"},"primaryImageOfPage":{"@id":"https:\/\/paracherkaoui.ma\/index.php\/produit\/neostrata-firming-skinactive-puissant-complexe-au-retinol-30ml\/#primaryimage"},"image":{"@id":"https:\/\/paracherkaoui.ma\/index.php\/produit\/neostrata-firming-skinactive-puissant-complexe-au-retinol-30ml\/#primaryimage"},"thumbnailUrl":"https:\/\/paracherkaoui.ma\/wp-content\/uploads\/2025\/12\/neostrata-firming-skinactive-puissant-complexe-au-retinol-30ml.jpg","datePublished":"2025-12-12T17:33:09+00:00","dateModified":"2025-12-12T17:33:15+00:00","breadcrumb":{"@id":"https:\/\/paracherkaoui.ma\/index.php\/produit\/neostrata-firming-skinactive-puissant-complexe-au-retinol-30ml\/#breadcrumb"},"inLanguage":"fr-FR","potentialAction":[{"@type":"ReadAction","target":["https:\/\/paracherkaoui.ma\/index.php\/produit\/neostrata-firming-skinactive-puissant-complexe-au-retinol-30ml\/"]}]},{"@type":"ImageObject","inLanguage":"fr-FR","@id":"https:\/\/paracherkaoui.ma\/index.php\/produit\/neostrata-firming-skinactive-puissant-complexe-au-retinol-30ml\/#primaryimage","url":"https:\/\/paracherkaoui.ma\/wp-content\/uploads\/2025\/12\/neostrata-firming-skinactive-puissant-complexe-au-retinol-30ml.jpg","contentUrl":"https:\/\/paracherkaoui.ma\/wp-content\/uploads\/2025\/12\/neostrata-firming-skinactive-puissant-complexe-au-retinol-30ml.jpg","width":700,"height":700},{"@type":"BreadcrumbList","@id":"https:\/\/paracherkaoui.ma\/index.php\/produit\/neostrata-firming-skinactive-puissant-complexe-au-retinol-30ml\/#breadcrumb","itemListElement":[{"@type":"ListItem","position":1,"name":"Accueil","item":"https:\/\/paracherkaoui.ma\/"},{"@type":"ListItem","position":2,"name":"Boutique","item":"https:\/\/paracherkaoui.ma\/index.php\/boutique\/"},{"@type":"ListItem","position":3,"name":"NEOSTRATA FIRMING SKINACTIVE PUISSANT COMPLEXE AU RETINOL 30ML"}]},{"@type":"WebSite","@id":"https:\/\/paracherkaoui.ma\/#website","url":"https:\/\/paracherkaoui.ma\/","name":"Paracherkaoui.ma","description":"Achetez en ligne sur Paracherkaoui.ma","potentialAction":[{"@type":"SearchAction","target":{"@type":"EntryPoint","urlTemplate":"https:\/\/paracherkaoui.ma\/?s={search_term_string}"},"query-input":{"@type":"PropertyValueSpecification","valueRequired":true,"valueName":"search_term_string"}}],"inLanguage":"fr-FR"}]}},"_links":{"self":[{"href":"https:\/\/paracherkaoui.ma\/index.php\/wp-json\/wp\/v2\/product\/30549","targetHints":{"allow":["GET"]}}],"collection":[{"href":"https:\/\/paracherkaoui.ma\/index.php\/wp-json\/wp\/v2\/product"}],"about":[{"href":"https:\/\/paracherkaoui.ma\/index.php\/wp-json\/wp\/v2\/types\/product"}],"replies":[{"embeddable":true,"href":"https:\/\/paracherkaoui.ma\/index.php\/wp-json\/wp\/v2\/comments?post=30549"}],"version-history":[{"count":1,"href":"https:\/\/paracherkaoui.ma\/index.php\/wp-json\/wp\/v2\/product\/30549\/revisions"}],"predecessor-version":[{"id":30601,"href":"https:\/\/paracherkaoui.ma\/index.php\/wp-json\/wp\/v2\/product\/30549\/revisions\/30601"}],"wp:featuredmedia":[{"embeddable":true,"href":"https:\/\/paracherkaoui.ma\/index.php\/wp-json\/wp\/v2\/media\/30600"}],"wp:attachment":[{"href":"https:\/\/paracherkaoui.ma\/index.php\/wp-json\/wp\/v2\/media?parent=30549"}],"wp:term":[{"taxonomy":"product_brand","embeddable":true,"href":"https:\/\/paracherkaoui.ma\/index.php\/wp-json\/wp\/v2\/product_brand?post=30549"},{"taxonomy":"product_cat","embeddable":true,"href":"https:\/\/paracherkaoui.ma\/index.php\/wp-json\/wp\/v2\/product_cat?post=30549"},{"taxonomy":"product_tag","embeddable":true,"href":"https:\/\/paracherkaoui.ma\/index.php\/wp-json\/wp\/v2\/product_tag?post=30549"}],"curies":[{"name":"wp","href":"https:\/\/api.w.org\/{rel}","templated":true}]}}