{"id":30540,"date":"2025-12-12T18:33:09","date_gmt":"2025-12-12T17:33:09","guid":{"rendered":"https:\/\/test.ecbeaute.com\/?post_type=product&#038;p=30540"},"modified":"2025-12-12T18:33:13","modified_gmt":"2025-12-12T17:33:13","slug":"caudalie-vinoperfect-serum-eclat-anti-taches-50ml","status":"publish","type":"product","link":"https:\/\/paracherkaoui.ma\/index.php\/produit\/caudalie-vinoperfect-serum-eclat-anti-taches-50ml\/","title":{"rendered":"CAUDALIE VINOPERFECT SERUM ECLAT ANTI TACHES 50ML"},"content":{"rendered":"<p>Enrichi en vinif\u00e9rine, un actif brevet\u00e9 issu de la s\u00e8ve de vigne et 62 fois plus efficace que la vitamine C, ce s\u00e9rum offre un teint plus uniforme et lumineux tout en respectant les peaux les plus sensibles. Il est non com\u00e9dog\u00e8ne, sans huile, vegan et test\u00e9 sous contr\u00f4le dermatologique pour une tol\u00e9rance optimale.<br \/>\nGr\u00e2ce \u00e0 sa texture fluide et non grasse, il p\u00e9n\u00e8tre rapidement et laisse la peau douce, hydrat\u00e9e et \u00e9clatante. Apr\u00e8s seulement quelques semaines d\u2019utilisation, les r\u00e9sultats sont visibles : une diminution moyenne de 63 % de la coloration des taches apr\u00e8s un flacon* (*\u00e9tude clinique r\u00e9alis\u00e9e sur 65 volontaires pendant 56 jours).<br \/>\nConvient \u00e0 tous les types de peaux, ce s\u00e9rum peut \u00eatre int\u00e9gr\u00e9 \u00e0 votre routine quotidienne, seul ou sous votre soin hydratant, pour un teint naturellement radieux.<br \/>\nConseils d&rsquo;utilisation :<br \/>\nInt\u00e9grez ce s\u00e9rum \u00e0 votre routine beaut\u00e9. Appliquez le S\u00e9rum Anti-taches Vinoperfect matin et soir sur le visage, le cou et le d\u00e9collet\u00e9 pour r\u00e9duire la coloration des taches. Laissez p\u00e9n\u00e9trer avant d&rsquo;appliquer votre cr\u00e8me.<br \/>\nComposition :<br \/>\nAQUA\/WATER\/EAU, BUTYLENE GLYCOL, GLYCERIN, COCOCAPRYLATE\/CAPRATE, SQUALANE, PALMITOYL GRAPEVINE SHOOT EXTRACT,POLYGLYCERYL-3 DISTEARATE, BISABOLOL, GLYCERYL STEARATE, XANTHAN GUM, CAPRYLYL GLYCOL, MICROCRYSTALLINE CELLULOSE, POLYACRYLATE CROSSPOLYMER-6, POTASSIUM SORBATE, GLYCERYL STEARATE CITRATE, CITRIC ACID, SODIUM PHYTATE, SODIUM HYDROXIDE, PARFUM (FRAGRANCE).(243\/032)<\/p>\n","protected":false},"excerpt":{"rendered":"<p>Enrichi en vinif\u00e9rine, un actif brevet\u00e9 issu de la s\u00e8ve de vigne et 62 fois plus efficace que la vitamine<\/p>\n","protected":false},"featured_media":30582,"comment_status":"open","ping_status":"closed","template":"","meta":[],"product_brand":[358],"product_cat":[553],"product_tag":[],"class_list":{"0":"post-30540","1":"product","2":"type-product","3":"status-publish","4":"has-post-thumbnail","6":"product_brand-caudalie","7":"product_cat-cremes-eclats","9":"first","10":"instock","11":"shipping-taxable","12":"purchasable","13":"product-type-simple"},"yoast_head":"<!-- This site is optimized with the Yoast SEO plugin v26.6 - https:\/\/yoast.com\/wordpress\/plugins\/seo\/ -->\r\n<title>CAUDALIE VINOPERFECT SERUM ECLAT ANTI TACHES 50ML - Paracherkaoui.ma<\/title>\r\n<meta name=\"robots\" content=\"index, follow, max-snippet:-1, max-image-preview:large, max-video-preview:-1\" \/>\r\n<link rel=\"canonical\" href=\"https:\/\/paracherkaoui.ma\/index.php\/produit\/caudalie-vinoperfect-serum-eclat-anti-taches-50ml\/\" \/>\r\n<meta property=\"og:locale\" content=\"fr_FR\" \/>\r\n<meta property=\"og:type\" content=\"article\" \/>\r\n<meta property=\"og:title\" content=\"CAUDALIE VINOPERFECT SERUM ECLAT ANTI TACHES 50ML - Paracherkaoui.ma\" \/>\r\n<meta property=\"og:description\" content=\"Enrichi en vinif\u00e9rine, un actif brevet\u00e9 issu de la s\u00e8ve de vigne et 62 fois plus efficace que la vitamine\" \/>\r\n<meta property=\"og:url\" content=\"https:\/\/paracherkaoui.ma\/index.php\/produit\/caudalie-vinoperfect-serum-eclat-anti-taches-50ml\/\" \/>\r\n<meta property=\"og:site_name\" content=\"Paracherkaoui.ma\" \/>\r\n<meta property=\"article:modified_time\" content=\"2025-12-12T17:33:13+00:00\" \/>\r\n<meta property=\"og:image\" content=\"https:\/\/paracherkaoui.ma\/wp-content\/uploads\/2025\/12\/caudalie-vinoperfect-serum-eclat-anti-taches-50ml.jpg\" \/>\r\n\t<meta property=\"og:image:width\" content=\"700\" \/>\r\n\t<meta property=\"og:image:height\" content=\"700\" \/>\r\n\t<meta property=\"og:image:type\" content=\"image\/jpeg\" \/>\r\n<meta name=\"twitter:card\" content=\"summary_large_image\" \/>\r\n<meta name=\"twitter:label1\" content=\"Dur\u00e9e de lecture estim\u00e9e\" \/>\n\t<meta name=\"twitter:data1\" content=\"1 minute\" \/>\r\n<script type=\"application\/ld+json\" class=\"yoast-schema-graph\">{\"@context\":\"https:\/\/schema.org\",\"@graph\":[{\"@type\":\"WebPage\",\"@id\":\"https:\/\/paracherkaoui.ma\/index.php\/produit\/caudalie-vinoperfect-serum-eclat-anti-taches-50ml\/\",\"url\":\"https:\/\/paracherkaoui.ma\/index.php\/produit\/caudalie-vinoperfect-serum-eclat-anti-taches-50ml\/\",\"name\":\"CAUDALIE VINOPERFECT SERUM ECLAT ANTI TACHES 50ML - Paracherkaoui.ma\",\"isPartOf\":{\"@id\":\"https:\/\/paracherkaoui.ma\/#website\"},\"primaryImageOfPage\":{\"@id\":\"https:\/\/paracherkaoui.ma\/index.php\/produit\/caudalie-vinoperfect-serum-eclat-anti-taches-50ml\/#primaryimage\"},\"image\":{\"@id\":\"https:\/\/paracherkaoui.ma\/index.php\/produit\/caudalie-vinoperfect-serum-eclat-anti-taches-50ml\/#primaryimage\"},\"thumbnailUrl\":\"https:\/\/paracherkaoui.ma\/wp-content\/uploads\/2025\/12\/caudalie-vinoperfect-serum-eclat-anti-taches-50ml.jpg\",\"datePublished\":\"2025-12-12T17:33:09+00:00\",\"dateModified\":\"2025-12-12T17:33:13+00:00\",\"breadcrumb\":{\"@id\":\"https:\/\/paracherkaoui.ma\/index.php\/produit\/caudalie-vinoperfect-serum-eclat-anti-taches-50ml\/#breadcrumb\"},\"inLanguage\":\"fr-FR\",\"potentialAction\":[{\"@type\":\"ReadAction\",\"target\":[\"https:\/\/paracherkaoui.ma\/index.php\/produit\/caudalie-vinoperfect-serum-eclat-anti-taches-50ml\/\"]}]},{\"@type\":\"ImageObject\",\"inLanguage\":\"fr-FR\",\"@id\":\"https:\/\/paracherkaoui.ma\/index.php\/produit\/caudalie-vinoperfect-serum-eclat-anti-taches-50ml\/#primaryimage\",\"url\":\"https:\/\/paracherkaoui.ma\/wp-content\/uploads\/2025\/12\/caudalie-vinoperfect-serum-eclat-anti-taches-50ml.jpg\",\"contentUrl\":\"https:\/\/paracherkaoui.ma\/wp-content\/uploads\/2025\/12\/caudalie-vinoperfect-serum-eclat-anti-taches-50ml.jpg\",\"width\":700,\"height\":700},{\"@type\":\"BreadcrumbList\",\"@id\":\"https:\/\/paracherkaoui.ma\/index.php\/produit\/caudalie-vinoperfect-serum-eclat-anti-taches-50ml\/#breadcrumb\",\"itemListElement\":[{\"@type\":\"ListItem\",\"position\":1,\"name\":\"Accueil\",\"item\":\"https:\/\/paracherkaoui.ma\/\"},{\"@type\":\"ListItem\",\"position\":2,\"name\":\"Boutique\",\"item\":\"https:\/\/paracherkaoui.ma\/index.php\/boutique\/\"},{\"@type\":\"ListItem\",\"position\":3,\"name\":\"CAUDALIE VINOPERFECT SERUM ECLAT ANTI TACHES 50ML\"}]},{\"@type\":\"WebSite\",\"@id\":\"https:\/\/paracherkaoui.ma\/#website\",\"url\":\"https:\/\/paracherkaoui.ma\/\",\"name\":\"Paracherkaoui.ma\",\"description\":\"Achetez en ligne sur Paracherkaoui.ma\",\"potentialAction\":[{\"@type\":\"SearchAction\",\"target\":{\"@type\":\"EntryPoint\",\"urlTemplate\":\"https:\/\/paracherkaoui.ma\/?s={search_term_string}\"},\"query-input\":{\"@type\":\"PropertyValueSpecification\",\"valueRequired\":true,\"valueName\":\"search_term_string\"}}],\"inLanguage\":\"fr-FR\"}]}<\/script>\r\n<!-- \/ Yoast SEO plugin. -->","yoast_head_json":{"title":"CAUDALIE VINOPERFECT SERUM ECLAT ANTI TACHES 50ML - Paracherkaoui.ma","robots":{"index":"index","follow":"follow","max-snippet":"max-snippet:-1","max-image-preview":"max-image-preview:large","max-video-preview":"max-video-preview:-1"},"canonical":"https:\/\/paracherkaoui.ma\/index.php\/produit\/caudalie-vinoperfect-serum-eclat-anti-taches-50ml\/","og_locale":"fr_FR","og_type":"article","og_title":"CAUDALIE VINOPERFECT SERUM ECLAT ANTI TACHES 50ML - Paracherkaoui.ma","og_description":"Enrichi en vinif\u00e9rine, un actif brevet\u00e9 issu de la s\u00e8ve de vigne et 62 fois plus efficace que la vitamine","og_url":"https:\/\/paracherkaoui.ma\/index.php\/produit\/caudalie-vinoperfect-serum-eclat-anti-taches-50ml\/","og_site_name":"Paracherkaoui.ma","article_modified_time":"2025-12-12T17:33:13+00:00","og_image":[{"width":700,"height":700,"url":"https:\/\/paracherkaoui.ma\/wp-content\/uploads\/2025\/12\/caudalie-vinoperfect-serum-eclat-anti-taches-50ml.jpg","type":"image\/jpeg"}],"twitter_card":"summary_large_image","twitter_misc":{"Dur\u00e9e de lecture estim\u00e9e":"1 minute"},"schema":{"@context":"https:\/\/schema.org","@graph":[{"@type":"WebPage","@id":"https:\/\/paracherkaoui.ma\/index.php\/produit\/caudalie-vinoperfect-serum-eclat-anti-taches-50ml\/","url":"https:\/\/paracherkaoui.ma\/index.php\/produit\/caudalie-vinoperfect-serum-eclat-anti-taches-50ml\/","name":"CAUDALIE VINOPERFECT SERUM ECLAT ANTI TACHES 50ML - Paracherkaoui.ma","isPartOf":{"@id":"https:\/\/paracherkaoui.ma\/#website"},"primaryImageOfPage":{"@id":"https:\/\/paracherkaoui.ma\/index.php\/produit\/caudalie-vinoperfect-serum-eclat-anti-taches-50ml\/#primaryimage"},"image":{"@id":"https:\/\/paracherkaoui.ma\/index.php\/produit\/caudalie-vinoperfect-serum-eclat-anti-taches-50ml\/#primaryimage"},"thumbnailUrl":"https:\/\/paracherkaoui.ma\/wp-content\/uploads\/2025\/12\/caudalie-vinoperfect-serum-eclat-anti-taches-50ml.jpg","datePublished":"2025-12-12T17:33:09+00:00","dateModified":"2025-12-12T17:33:13+00:00","breadcrumb":{"@id":"https:\/\/paracherkaoui.ma\/index.php\/produit\/caudalie-vinoperfect-serum-eclat-anti-taches-50ml\/#breadcrumb"},"inLanguage":"fr-FR","potentialAction":[{"@type":"ReadAction","target":["https:\/\/paracherkaoui.ma\/index.php\/produit\/caudalie-vinoperfect-serum-eclat-anti-taches-50ml\/"]}]},{"@type":"ImageObject","inLanguage":"fr-FR","@id":"https:\/\/paracherkaoui.ma\/index.php\/produit\/caudalie-vinoperfect-serum-eclat-anti-taches-50ml\/#primaryimage","url":"https:\/\/paracherkaoui.ma\/wp-content\/uploads\/2025\/12\/caudalie-vinoperfect-serum-eclat-anti-taches-50ml.jpg","contentUrl":"https:\/\/paracherkaoui.ma\/wp-content\/uploads\/2025\/12\/caudalie-vinoperfect-serum-eclat-anti-taches-50ml.jpg","width":700,"height":700},{"@type":"BreadcrumbList","@id":"https:\/\/paracherkaoui.ma\/index.php\/produit\/caudalie-vinoperfect-serum-eclat-anti-taches-50ml\/#breadcrumb","itemListElement":[{"@type":"ListItem","position":1,"name":"Accueil","item":"https:\/\/paracherkaoui.ma\/"},{"@type":"ListItem","position":2,"name":"Boutique","item":"https:\/\/paracherkaoui.ma\/index.php\/boutique\/"},{"@type":"ListItem","position":3,"name":"CAUDALIE VINOPERFECT SERUM ECLAT ANTI TACHES 50ML"}]},{"@type":"WebSite","@id":"https:\/\/paracherkaoui.ma\/#website","url":"https:\/\/paracherkaoui.ma\/","name":"Paracherkaoui.ma","description":"Achetez en ligne sur Paracherkaoui.ma","potentialAction":[{"@type":"SearchAction","target":{"@type":"EntryPoint","urlTemplate":"https:\/\/paracherkaoui.ma\/?s={search_term_string}"},"query-input":{"@type":"PropertyValueSpecification","valueRequired":true,"valueName":"search_term_string"}}],"inLanguage":"fr-FR"}]}},"_links":{"self":[{"href":"https:\/\/paracherkaoui.ma\/index.php\/wp-json\/wp\/v2\/product\/30540","targetHints":{"allow":["GET"]}}],"collection":[{"href":"https:\/\/paracherkaoui.ma\/index.php\/wp-json\/wp\/v2\/product"}],"about":[{"href":"https:\/\/paracherkaoui.ma\/index.php\/wp-json\/wp\/v2\/types\/product"}],"replies":[{"embeddable":true,"href":"https:\/\/paracherkaoui.ma\/index.php\/wp-json\/wp\/v2\/comments?post=30540"}],"version-history":[{"count":1,"href":"https:\/\/paracherkaoui.ma\/index.php\/wp-json\/wp\/v2\/product\/30540\/revisions"}],"predecessor-version":[{"id":30583,"href":"https:\/\/paracherkaoui.ma\/index.php\/wp-json\/wp\/v2\/product\/30540\/revisions\/30583"}],"wp:featuredmedia":[{"embeddable":true,"href":"https:\/\/paracherkaoui.ma\/index.php\/wp-json\/wp\/v2\/media\/30582"}],"wp:attachment":[{"href":"https:\/\/paracherkaoui.ma\/index.php\/wp-json\/wp\/v2\/media?parent=30540"}],"wp:term":[{"taxonomy":"product_brand","embeddable":true,"href":"https:\/\/paracherkaoui.ma\/index.php\/wp-json\/wp\/v2\/product_brand?post=30540"},{"taxonomy":"product_cat","embeddable":true,"href":"https:\/\/paracherkaoui.ma\/index.php\/wp-json\/wp\/v2\/product_cat?post=30540"},{"taxonomy":"product_tag","embeddable":true,"href":"https:\/\/paracherkaoui.ma\/index.php\/wp-json\/wp\/v2\/product_tag?post=30540"}],"curies":[{"name":"wp","href":"https:\/\/api.w.org\/{rel}","templated":true}]}}