{"id":30535,"date":"2025-12-12T18:33:08","date_gmt":"2025-12-12T17:33:08","guid":{"rendered":"https:\/\/test.ecbeaute.com\/?post_type=product&#038;p=30535"},"modified":"2025-12-12T18:33:12","modified_gmt":"2025-12-12T17:33:12","slug":"mdc-brilliance-vc-33-serum-30ml","status":"publish","type":"product","link":"https:\/\/paracherkaoui.ma\/index.php\/produit\/mdc-brilliance-vc-33-serum-30ml\/","title":{"rendered":"MDC BRILLIANCE VC 33 SERUM 30ML"},"content":{"rendered":"<p>Que vous soyez jeune adulte soucieux de pr\u00e9venir les premiers signes du temps, ou que vous cherchiez \u00e0 revitaliser une peau plus mature, ce s\u00e9rum est fait pour vous.<br \/>\nAu c\u0153ur de sa puissance se trouve la Vitamine C, un ingr\u00e9dient star en dermatologie, reconnue pour ses multiples bienfaits. C&rsquo;est un puissant antioxydant qui prot\u00e8ge la peau des agressions ext\u00e9rieures (pollution, UV) et des radicaux libres, principaux responsables du vieillissement cutan\u00e9. Mais la Vitamine C, c&rsquo;est aussi un formidable illuminateur de teint. Elle agit pour r\u00e9duire l&rsquo;apparence des taches pigmentaires, unifier le teint et stimuler la production de collag\u00e8ne, essentielle pour la fermet\u00e9 et l&rsquo;\u00e9lasticit\u00e9 de la peau.<br \/>\nLa particularit\u00e9 du MDC Brilliance VC 33 Serum r\u00e9side dans sa composition riche en extraits naturels. Ces ingr\u00e9dients, puis\u00e9s au c\u0153ur de la nature, travaillent en synergie avec la Vitamine C pour offrir un soin complet et respectueux. La pr\u00e9sence d&rsquo;extraits naturels garantit une formule douce, minimisant les risques d&rsquo;irritation tout en maximisant les bienfaits pour la peau.<br \/>\nCe s\u00e9rum multifonctionnel agit sur plusieurs fronts pour sublimer votre teint :<br \/>\nBooster d&rsquo;\u00e9clat : Il redonne de la luminosit\u00e9 aux teints ternes et fatigu\u00e9s, r\u00e9v\u00e9lant un glow naturel et une fra\u00eecheur instantan\u00e9e.<br \/>\nAction anti-\u00e2ge pr\u00e9ventive et corrective : En prot\u00e9geant la peau du stress oxydatif et en stimulant le collag\u00e8ne, il aide \u00e0 pr\u00e9venir l&rsquo;apparition des ridules et \u00e0 estomper celles d\u00e9j\u00e0 existantes.<br \/>\nUniformisation du teint : La Vitamine C contribue \u00e0 r\u00e9duire les irr\u00e9gularit\u00e9s de pigmentation, pour un teint plus homog\u00e8ne et sans taches.<br \/>\nHydratation et confort : Sa formule nourrit la peau en profondeur, la laissant douce, souple et confortable, sans sensation de dess\u00e8chement.<br \/>\nConseils d&rsquo;utilisation :<br \/>\nAppliquez ce s\u00e9rum matin et\/ou soir, apr\u00e8s avoir nettoy\u00e9 et tonifi\u00e9 votre visage. L&rsquo;application matinale est particuli\u00e8rement recommand\u00e9e pour b\u00e9n\u00e9ficier de ses propri\u00e9t\u00e9s antioxydantes protectrices.<\/p>\n","protected":false},"excerpt":{"rendered":"<p>Que vous soyez jeune adulte soucieux de pr\u00e9venir les premiers signes du temps, ou que vous cherchiez \u00e0 revitaliser une<\/p>\n","protected":false},"featured_media":30572,"comment_status":"open","ping_status":"closed","template":"","meta":[],"product_brand":[277],"product_cat":[553],"product_tag":[],"class_list":{"0":"post-30535","1":"product","2":"type-product","3":"status-publish","4":"has-post-thumbnail","6":"product_brand-mdc","7":"product_cat-cremes-eclats","9":"first","10":"instock","11":"sale","12":"shipping-taxable","13":"purchasable","14":"product-type-simple"},"yoast_head":"<!-- This site is optimized with the Yoast SEO plugin v26.6 - https:\/\/yoast.com\/wordpress\/plugins\/seo\/ -->\r\n<title>MDC BRILLIANCE VC 33 SERUM 30ML - Paracherkaoui.ma<\/title>\r\n<meta name=\"robots\" content=\"index, follow, max-snippet:-1, max-image-preview:large, max-video-preview:-1\" \/>\r\n<link rel=\"canonical\" href=\"https:\/\/paracherkaoui.ma\/index.php\/produit\/mdc-brilliance-vc-33-serum-30ml\/\" \/>\r\n<meta property=\"og:locale\" content=\"fr_FR\" \/>\r\n<meta property=\"og:type\" content=\"article\" \/>\r\n<meta property=\"og:title\" content=\"MDC BRILLIANCE VC 33 SERUM 30ML - Paracherkaoui.ma\" \/>\r\n<meta property=\"og:description\" content=\"Que vous soyez jeune adulte soucieux de pr\u00e9venir les premiers signes du temps, ou que vous cherchiez \u00e0 revitaliser une\" \/>\r\n<meta property=\"og:url\" content=\"https:\/\/paracherkaoui.ma\/index.php\/produit\/mdc-brilliance-vc-33-serum-30ml\/\" \/>\r\n<meta property=\"og:site_name\" content=\"Paracherkaoui.ma\" \/>\r\n<meta property=\"article:modified_time\" content=\"2025-12-12T17:33:12+00:00\" \/>\r\n<meta property=\"og:image\" content=\"https:\/\/paracherkaoui.ma\/wp-content\/uploads\/2025\/12\/mdc-brilliance-vc-33-serum-30ml.jpg\" \/>\r\n\t<meta property=\"og:image:width\" content=\"700\" \/>\r\n\t<meta property=\"og:image:height\" content=\"700\" \/>\r\n\t<meta property=\"og:image:type\" content=\"image\/jpeg\" \/>\r\n<meta name=\"twitter:card\" content=\"summary_large_image\" \/>\r\n<meta name=\"twitter:label1\" content=\"Dur\u00e9e de lecture estim\u00e9e\" \/>\n\t<meta name=\"twitter:data1\" content=\"2 minutes\" \/>\r\n<script type=\"application\/ld+json\" class=\"yoast-schema-graph\">{\"@context\":\"https:\/\/schema.org\",\"@graph\":[{\"@type\":\"WebPage\",\"@id\":\"https:\/\/paracherkaoui.ma\/index.php\/produit\/mdc-brilliance-vc-33-serum-30ml\/\",\"url\":\"https:\/\/paracherkaoui.ma\/index.php\/produit\/mdc-brilliance-vc-33-serum-30ml\/\",\"name\":\"MDC BRILLIANCE VC 33 SERUM 30ML - Paracherkaoui.ma\",\"isPartOf\":{\"@id\":\"https:\/\/paracherkaoui.ma\/#website\"},\"primaryImageOfPage\":{\"@id\":\"https:\/\/paracherkaoui.ma\/index.php\/produit\/mdc-brilliance-vc-33-serum-30ml\/#primaryimage\"},\"image\":{\"@id\":\"https:\/\/paracherkaoui.ma\/index.php\/produit\/mdc-brilliance-vc-33-serum-30ml\/#primaryimage\"},\"thumbnailUrl\":\"https:\/\/paracherkaoui.ma\/wp-content\/uploads\/2025\/12\/mdc-brilliance-vc-33-serum-30ml.jpg\",\"datePublished\":\"2025-12-12T17:33:08+00:00\",\"dateModified\":\"2025-12-12T17:33:12+00:00\",\"breadcrumb\":{\"@id\":\"https:\/\/paracherkaoui.ma\/index.php\/produit\/mdc-brilliance-vc-33-serum-30ml\/#breadcrumb\"},\"inLanguage\":\"fr-FR\",\"potentialAction\":[{\"@type\":\"ReadAction\",\"target\":[\"https:\/\/paracherkaoui.ma\/index.php\/produit\/mdc-brilliance-vc-33-serum-30ml\/\"]}]},{\"@type\":\"ImageObject\",\"inLanguage\":\"fr-FR\",\"@id\":\"https:\/\/paracherkaoui.ma\/index.php\/produit\/mdc-brilliance-vc-33-serum-30ml\/#primaryimage\",\"url\":\"https:\/\/paracherkaoui.ma\/wp-content\/uploads\/2025\/12\/mdc-brilliance-vc-33-serum-30ml.jpg\",\"contentUrl\":\"https:\/\/paracherkaoui.ma\/wp-content\/uploads\/2025\/12\/mdc-brilliance-vc-33-serum-30ml.jpg\",\"width\":700,\"height\":700},{\"@type\":\"BreadcrumbList\",\"@id\":\"https:\/\/paracherkaoui.ma\/index.php\/produit\/mdc-brilliance-vc-33-serum-30ml\/#breadcrumb\",\"itemListElement\":[{\"@type\":\"ListItem\",\"position\":1,\"name\":\"Accueil\",\"item\":\"https:\/\/paracherkaoui.ma\/\"},{\"@type\":\"ListItem\",\"position\":2,\"name\":\"Boutique\",\"item\":\"https:\/\/paracherkaoui.ma\/index.php\/boutique\/\"},{\"@type\":\"ListItem\",\"position\":3,\"name\":\"MDC BRILLIANCE VC 33 SERUM 30ML\"}]},{\"@type\":\"WebSite\",\"@id\":\"https:\/\/paracherkaoui.ma\/#website\",\"url\":\"https:\/\/paracherkaoui.ma\/\",\"name\":\"Paracherkaoui.ma\",\"description\":\"Achetez en ligne sur Paracherkaoui.ma\",\"potentialAction\":[{\"@type\":\"SearchAction\",\"target\":{\"@type\":\"EntryPoint\",\"urlTemplate\":\"https:\/\/paracherkaoui.ma\/?s={search_term_string}\"},\"query-input\":{\"@type\":\"PropertyValueSpecification\",\"valueRequired\":true,\"valueName\":\"search_term_string\"}}],\"inLanguage\":\"fr-FR\"}]}<\/script>\r\n<!-- \/ Yoast SEO plugin. -->","yoast_head_json":{"title":"MDC BRILLIANCE VC 33 SERUM 30ML - Paracherkaoui.ma","robots":{"index":"index","follow":"follow","max-snippet":"max-snippet:-1","max-image-preview":"max-image-preview:large","max-video-preview":"max-video-preview:-1"},"canonical":"https:\/\/paracherkaoui.ma\/index.php\/produit\/mdc-brilliance-vc-33-serum-30ml\/","og_locale":"fr_FR","og_type":"article","og_title":"MDC BRILLIANCE VC 33 SERUM 30ML - Paracherkaoui.ma","og_description":"Que vous soyez jeune adulte soucieux de pr\u00e9venir les premiers signes du temps, ou que vous cherchiez \u00e0 revitaliser une","og_url":"https:\/\/paracherkaoui.ma\/index.php\/produit\/mdc-brilliance-vc-33-serum-30ml\/","og_site_name":"Paracherkaoui.ma","article_modified_time":"2025-12-12T17:33:12+00:00","og_image":[{"width":700,"height":700,"url":"https:\/\/paracherkaoui.ma\/wp-content\/uploads\/2025\/12\/mdc-brilliance-vc-33-serum-30ml.jpg","type":"image\/jpeg"}],"twitter_card":"summary_large_image","twitter_misc":{"Dur\u00e9e de lecture estim\u00e9e":"2 minutes"},"schema":{"@context":"https:\/\/schema.org","@graph":[{"@type":"WebPage","@id":"https:\/\/paracherkaoui.ma\/index.php\/produit\/mdc-brilliance-vc-33-serum-30ml\/","url":"https:\/\/paracherkaoui.ma\/index.php\/produit\/mdc-brilliance-vc-33-serum-30ml\/","name":"MDC BRILLIANCE VC 33 SERUM 30ML - Paracherkaoui.ma","isPartOf":{"@id":"https:\/\/paracherkaoui.ma\/#website"},"primaryImageOfPage":{"@id":"https:\/\/paracherkaoui.ma\/index.php\/produit\/mdc-brilliance-vc-33-serum-30ml\/#primaryimage"},"image":{"@id":"https:\/\/paracherkaoui.ma\/index.php\/produit\/mdc-brilliance-vc-33-serum-30ml\/#primaryimage"},"thumbnailUrl":"https:\/\/paracherkaoui.ma\/wp-content\/uploads\/2025\/12\/mdc-brilliance-vc-33-serum-30ml.jpg","datePublished":"2025-12-12T17:33:08+00:00","dateModified":"2025-12-12T17:33:12+00:00","breadcrumb":{"@id":"https:\/\/paracherkaoui.ma\/index.php\/produit\/mdc-brilliance-vc-33-serum-30ml\/#breadcrumb"},"inLanguage":"fr-FR","potentialAction":[{"@type":"ReadAction","target":["https:\/\/paracherkaoui.ma\/index.php\/produit\/mdc-brilliance-vc-33-serum-30ml\/"]}]},{"@type":"ImageObject","inLanguage":"fr-FR","@id":"https:\/\/paracherkaoui.ma\/index.php\/produit\/mdc-brilliance-vc-33-serum-30ml\/#primaryimage","url":"https:\/\/paracherkaoui.ma\/wp-content\/uploads\/2025\/12\/mdc-brilliance-vc-33-serum-30ml.jpg","contentUrl":"https:\/\/paracherkaoui.ma\/wp-content\/uploads\/2025\/12\/mdc-brilliance-vc-33-serum-30ml.jpg","width":700,"height":700},{"@type":"BreadcrumbList","@id":"https:\/\/paracherkaoui.ma\/index.php\/produit\/mdc-brilliance-vc-33-serum-30ml\/#breadcrumb","itemListElement":[{"@type":"ListItem","position":1,"name":"Accueil","item":"https:\/\/paracherkaoui.ma\/"},{"@type":"ListItem","position":2,"name":"Boutique","item":"https:\/\/paracherkaoui.ma\/index.php\/boutique\/"},{"@type":"ListItem","position":3,"name":"MDC BRILLIANCE VC 33 SERUM 30ML"}]},{"@type":"WebSite","@id":"https:\/\/paracherkaoui.ma\/#website","url":"https:\/\/paracherkaoui.ma\/","name":"Paracherkaoui.ma","description":"Achetez en ligne sur Paracherkaoui.ma","potentialAction":[{"@type":"SearchAction","target":{"@type":"EntryPoint","urlTemplate":"https:\/\/paracherkaoui.ma\/?s={search_term_string}"},"query-input":{"@type":"PropertyValueSpecification","valueRequired":true,"valueName":"search_term_string"}}],"inLanguage":"fr-FR"}]}},"_links":{"self":[{"href":"https:\/\/paracherkaoui.ma\/index.php\/wp-json\/wp\/v2\/product\/30535","targetHints":{"allow":["GET"]}}],"collection":[{"href":"https:\/\/paracherkaoui.ma\/index.php\/wp-json\/wp\/v2\/product"}],"about":[{"href":"https:\/\/paracherkaoui.ma\/index.php\/wp-json\/wp\/v2\/types\/product"}],"replies":[{"embeddable":true,"href":"https:\/\/paracherkaoui.ma\/index.php\/wp-json\/wp\/v2\/comments?post=30535"}],"version-history":[{"count":1,"href":"https:\/\/paracherkaoui.ma\/index.php\/wp-json\/wp\/v2\/product\/30535\/revisions"}],"predecessor-version":[{"id":30573,"href":"https:\/\/paracherkaoui.ma\/index.php\/wp-json\/wp\/v2\/product\/30535\/revisions\/30573"}],"wp:featuredmedia":[{"embeddable":true,"href":"https:\/\/paracherkaoui.ma\/index.php\/wp-json\/wp\/v2\/media\/30572"}],"wp:attachment":[{"href":"https:\/\/paracherkaoui.ma\/index.php\/wp-json\/wp\/v2\/media?parent=30535"}],"wp:term":[{"taxonomy":"product_brand","embeddable":true,"href":"https:\/\/paracherkaoui.ma\/index.php\/wp-json\/wp\/v2\/product_brand?post=30535"},{"taxonomy":"product_cat","embeddable":true,"href":"https:\/\/paracherkaoui.ma\/index.php\/wp-json\/wp\/v2\/product_cat?post=30535"},{"taxonomy":"product_tag","embeddable":true,"href":"https:\/\/paracherkaoui.ma\/index.php\/wp-json\/wp\/v2\/product_tag?post=30535"}],"curies":[{"name":"wp","href":"https:\/\/api.w.org\/{rel}","templated":true}]}}