{"id":30524,"date":"2025-12-12T18:33:07","date_gmt":"2025-12-12T17:33:07","guid":{"rendered":"https:\/\/test.ecbeaute.com\/?post_type=product&#038;p=30524"},"modified":"2025-12-12T18:33:10","modified_gmt":"2025-12-12T17:33:10","slug":"covermark-luminous-serum-systeme-polyvalent-eclaircissant-pour-visage-et-yeux-20-ml","status":"publish","type":"product","link":"https:\/\/paracherkaoui.ma\/index.php\/produit\/covermark-luminous-serum-systeme-polyvalent-eclaircissant-pour-visage-et-yeux-20-ml\/","title":{"rendered":"COVERMARK LUMINOUS SERUM SYSTEME POLYVALENT ECLAIRCISSANT POUR VISAGE ET YEUX 20 ML"},"content":{"rendered":"<p>Covermark Luminous Serum \u00e9claircissant pour visage est sp\u00e9cialement formul\u00e9 Pour les taches pigmentaire tr\u00e9s fonc\u00e9es 82% des volontaires ont montr\u00e9 diminution significative de la pigmentation apr\u00e8s 12 semaines! Concentr\u00e9, extra-fort formul\u00e9 pour le visage, \u00e9limine de fa\u00e7on drastique les Hyperpigmentations sur les zones de peau sombre et fortement pigment\u00e9es. Il s\u00e9curise les R\u00e9sultats de peau optimale de blanchiment!<br \/>\nConseils d&rsquo;utilisation:<br \/>\nAppliquer sur une peau propre<\/p>\n","protected":false},"excerpt":{"rendered":"<p>Covermark Luminous Serum \u00e9claircissant pour visage est sp\u00e9cialement formul\u00e9 Pour les taches pigmentaire tr\u00e9s fonc\u00e9es 82% des volontaires ont montr\u00e9<\/p>\n","protected":false},"featured_media":30554,"comment_status":"open","ping_status":"closed","template":"","meta":[],"product_brand":[507],"product_cat":[553],"product_tag":[],"class_list":{"0":"post-30524","1":"product","2":"type-product","3":"status-publish","4":"has-post-thumbnail","6":"product_brand-covermark","7":"product_cat-cremes-eclats","9":"first","10":"instock","11":"sale","12":"shipping-taxable","13":"purchasable","14":"product-type-simple"},"yoast_head":"<!-- This site is optimized with the Yoast SEO plugin v26.6 - https:\/\/yoast.com\/wordpress\/plugins\/seo\/ -->\r\n<title>COVERMARK LUMINOUS SERUM SYSTEME POLYVALENT ECLAIRCISSANT POUR VISAGE ET YEUX 20 ML - Paracherkaoui.ma<\/title>\r\n<meta name=\"robots\" content=\"index, follow, max-snippet:-1, max-image-preview:large, max-video-preview:-1\" \/>\r\n<link rel=\"canonical\" href=\"https:\/\/paracherkaoui.ma\/index.php\/produit\/covermark-luminous-serum-systeme-polyvalent-eclaircissant-pour-visage-et-yeux-20-ml\/\" \/>\r\n<meta property=\"og:locale\" content=\"fr_FR\" \/>\r\n<meta property=\"og:type\" content=\"article\" \/>\r\n<meta property=\"og:title\" content=\"COVERMARK LUMINOUS SERUM SYSTEME POLYVALENT ECLAIRCISSANT POUR VISAGE ET YEUX 20 ML - Paracherkaoui.ma\" \/>\r\n<meta property=\"og:description\" content=\"Covermark Luminous Serum \u00e9claircissant pour visage est sp\u00e9cialement formul\u00e9 Pour les taches pigmentaire tr\u00e9s fonc\u00e9es 82% des volontaires ont montr\u00e9\" \/>\r\n<meta property=\"og:url\" content=\"https:\/\/paracherkaoui.ma\/index.php\/produit\/covermark-luminous-serum-systeme-polyvalent-eclaircissant-pour-visage-et-yeux-20-ml\/\" \/>\r\n<meta property=\"og:site_name\" content=\"Paracherkaoui.ma\" \/>\r\n<meta property=\"article:modified_time\" content=\"2025-12-12T17:33:10+00:00\" \/>\r\n<meta property=\"og:image\" content=\"https:\/\/paracherkaoui.ma\/wp-content\/uploads\/2025\/12\/covermark-covermark-luminous-serum-systeme-polyvalent-eclaircissant-pour-visage-et-yeux-20-ml-cremes-eclats.jpg\" \/>\r\n\t<meta property=\"og:image:width\" content=\"700\" \/>\r\n\t<meta property=\"og:image:height\" content=\"700\" \/>\r\n\t<meta property=\"og:image:type\" content=\"image\/jpeg\" \/>\r\n<meta name=\"twitter:card\" content=\"summary_large_image\" \/>\r\n<script type=\"application\/ld+json\" class=\"yoast-schema-graph\">{\"@context\":\"https:\/\/schema.org\",\"@graph\":[{\"@type\":\"WebPage\",\"@id\":\"https:\/\/paracherkaoui.ma\/index.php\/produit\/covermark-luminous-serum-systeme-polyvalent-eclaircissant-pour-visage-et-yeux-20-ml\/\",\"url\":\"https:\/\/paracherkaoui.ma\/index.php\/produit\/covermark-luminous-serum-systeme-polyvalent-eclaircissant-pour-visage-et-yeux-20-ml\/\",\"name\":\"COVERMARK LUMINOUS SERUM SYSTEME POLYVALENT ECLAIRCISSANT POUR VISAGE ET YEUX 20 ML - Paracherkaoui.ma\",\"isPartOf\":{\"@id\":\"https:\/\/paracherkaoui.ma\/#website\"},\"primaryImageOfPage\":{\"@id\":\"https:\/\/paracherkaoui.ma\/index.php\/produit\/covermark-luminous-serum-systeme-polyvalent-eclaircissant-pour-visage-et-yeux-20-ml\/#primaryimage\"},\"image\":{\"@id\":\"https:\/\/paracherkaoui.ma\/index.php\/produit\/covermark-luminous-serum-systeme-polyvalent-eclaircissant-pour-visage-et-yeux-20-ml\/#primaryimage\"},\"thumbnailUrl\":\"https:\/\/paracherkaoui.ma\/wp-content\/uploads\/2025\/12\/covermark-covermark-luminous-serum-systeme-polyvalent-eclaircissant-pour-visage-et-yeux-20-ml-cremes-eclats.jpg\",\"datePublished\":\"2025-12-12T17:33:07+00:00\",\"dateModified\":\"2025-12-12T17:33:10+00:00\",\"breadcrumb\":{\"@id\":\"https:\/\/paracherkaoui.ma\/index.php\/produit\/covermark-luminous-serum-systeme-polyvalent-eclaircissant-pour-visage-et-yeux-20-ml\/#breadcrumb\"},\"inLanguage\":\"fr-FR\",\"potentialAction\":[{\"@type\":\"ReadAction\",\"target\":[\"https:\/\/paracherkaoui.ma\/index.php\/produit\/covermark-luminous-serum-systeme-polyvalent-eclaircissant-pour-visage-et-yeux-20-ml\/\"]}]},{\"@type\":\"ImageObject\",\"inLanguage\":\"fr-FR\",\"@id\":\"https:\/\/paracherkaoui.ma\/index.php\/produit\/covermark-luminous-serum-systeme-polyvalent-eclaircissant-pour-visage-et-yeux-20-ml\/#primaryimage\",\"url\":\"https:\/\/paracherkaoui.ma\/wp-content\/uploads\/2025\/12\/covermark-covermark-luminous-serum-systeme-polyvalent-eclaircissant-pour-visage-et-yeux-20-ml-cremes-eclats.jpg\",\"contentUrl\":\"https:\/\/paracherkaoui.ma\/wp-content\/uploads\/2025\/12\/covermark-covermark-luminous-serum-systeme-polyvalent-eclaircissant-pour-visage-et-yeux-20-ml-cremes-eclats.jpg\",\"width\":700,\"height\":700},{\"@type\":\"BreadcrumbList\",\"@id\":\"https:\/\/paracherkaoui.ma\/index.php\/produit\/covermark-luminous-serum-systeme-polyvalent-eclaircissant-pour-visage-et-yeux-20-ml\/#breadcrumb\",\"itemListElement\":[{\"@type\":\"ListItem\",\"position\":1,\"name\":\"Accueil\",\"item\":\"https:\/\/paracherkaoui.ma\/\"},{\"@type\":\"ListItem\",\"position\":2,\"name\":\"Boutique\",\"item\":\"https:\/\/paracherkaoui.ma\/index.php\/boutique\/\"},{\"@type\":\"ListItem\",\"position\":3,\"name\":\"COVERMARK LUMINOUS SERUM SYSTEME POLYVALENT ECLAIRCISSANT POUR VISAGE ET YEUX 20 ML\"}]},{\"@type\":\"WebSite\",\"@id\":\"https:\/\/paracherkaoui.ma\/#website\",\"url\":\"https:\/\/paracherkaoui.ma\/\",\"name\":\"Paracherkaoui.ma\",\"description\":\"Achetez en ligne sur Paracherkaoui.ma\",\"potentialAction\":[{\"@type\":\"SearchAction\",\"target\":{\"@type\":\"EntryPoint\",\"urlTemplate\":\"https:\/\/paracherkaoui.ma\/?s={search_term_string}\"},\"query-input\":{\"@type\":\"PropertyValueSpecification\",\"valueRequired\":true,\"valueName\":\"search_term_string\"}}],\"inLanguage\":\"fr-FR\"}]}<\/script>\r\n<!-- \/ Yoast SEO plugin. -->","yoast_head_json":{"title":"COVERMARK LUMINOUS SERUM SYSTEME POLYVALENT ECLAIRCISSANT POUR VISAGE ET YEUX 20 ML - Paracherkaoui.ma","robots":{"index":"index","follow":"follow","max-snippet":"max-snippet:-1","max-image-preview":"max-image-preview:large","max-video-preview":"max-video-preview:-1"},"canonical":"https:\/\/paracherkaoui.ma\/index.php\/produit\/covermark-luminous-serum-systeme-polyvalent-eclaircissant-pour-visage-et-yeux-20-ml\/","og_locale":"fr_FR","og_type":"article","og_title":"COVERMARK LUMINOUS SERUM SYSTEME POLYVALENT ECLAIRCISSANT POUR VISAGE ET YEUX 20 ML - Paracherkaoui.ma","og_description":"Covermark Luminous Serum \u00e9claircissant pour visage est sp\u00e9cialement formul\u00e9 Pour les taches pigmentaire tr\u00e9s fonc\u00e9es 82% des volontaires ont montr\u00e9","og_url":"https:\/\/paracherkaoui.ma\/index.php\/produit\/covermark-luminous-serum-systeme-polyvalent-eclaircissant-pour-visage-et-yeux-20-ml\/","og_site_name":"Paracherkaoui.ma","article_modified_time":"2025-12-12T17:33:10+00:00","og_image":[{"width":700,"height":700,"url":"https:\/\/paracherkaoui.ma\/wp-content\/uploads\/2025\/12\/covermark-covermark-luminous-serum-systeme-polyvalent-eclaircissant-pour-visage-et-yeux-20-ml-cremes-eclats.jpg","type":"image\/jpeg"}],"twitter_card":"summary_large_image","schema":{"@context":"https:\/\/schema.org","@graph":[{"@type":"WebPage","@id":"https:\/\/paracherkaoui.ma\/index.php\/produit\/covermark-luminous-serum-systeme-polyvalent-eclaircissant-pour-visage-et-yeux-20-ml\/","url":"https:\/\/paracherkaoui.ma\/index.php\/produit\/covermark-luminous-serum-systeme-polyvalent-eclaircissant-pour-visage-et-yeux-20-ml\/","name":"COVERMARK LUMINOUS SERUM SYSTEME POLYVALENT ECLAIRCISSANT POUR VISAGE ET YEUX 20 ML - Paracherkaoui.ma","isPartOf":{"@id":"https:\/\/paracherkaoui.ma\/#website"},"primaryImageOfPage":{"@id":"https:\/\/paracherkaoui.ma\/index.php\/produit\/covermark-luminous-serum-systeme-polyvalent-eclaircissant-pour-visage-et-yeux-20-ml\/#primaryimage"},"image":{"@id":"https:\/\/paracherkaoui.ma\/index.php\/produit\/covermark-luminous-serum-systeme-polyvalent-eclaircissant-pour-visage-et-yeux-20-ml\/#primaryimage"},"thumbnailUrl":"https:\/\/paracherkaoui.ma\/wp-content\/uploads\/2025\/12\/covermark-covermark-luminous-serum-systeme-polyvalent-eclaircissant-pour-visage-et-yeux-20-ml-cremes-eclats.jpg","datePublished":"2025-12-12T17:33:07+00:00","dateModified":"2025-12-12T17:33:10+00:00","breadcrumb":{"@id":"https:\/\/paracherkaoui.ma\/index.php\/produit\/covermark-luminous-serum-systeme-polyvalent-eclaircissant-pour-visage-et-yeux-20-ml\/#breadcrumb"},"inLanguage":"fr-FR","potentialAction":[{"@type":"ReadAction","target":["https:\/\/paracherkaoui.ma\/index.php\/produit\/covermark-luminous-serum-systeme-polyvalent-eclaircissant-pour-visage-et-yeux-20-ml\/"]}]},{"@type":"ImageObject","inLanguage":"fr-FR","@id":"https:\/\/paracherkaoui.ma\/index.php\/produit\/covermark-luminous-serum-systeme-polyvalent-eclaircissant-pour-visage-et-yeux-20-ml\/#primaryimage","url":"https:\/\/paracherkaoui.ma\/wp-content\/uploads\/2025\/12\/covermark-covermark-luminous-serum-systeme-polyvalent-eclaircissant-pour-visage-et-yeux-20-ml-cremes-eclats.jpg","contentUrl":"https:\/\/paracherkaoui.ma\/wp-content\/uploads\/2025\/12\/covermark-covermark-luminous-serum-systeme-polyvalent-eclaircissant-pour-visage-et-yeux-20-ml-cremes-eclats.jpg","width":700,"height":700},{"@type":"BreadcrumbList","@id":"https:\/\/paracherkaoui.ma\/index.php\/produit\/covermark-luminous-serum-systeme-polyvalent-eclaircissant-pour-visage-et-yeux-20-ml\/#breadcrumb","itemListElement":[{"@type":"ListItem","position":1,"name":"Accueil","item":"https:\/\/paracherkaoui.ma\/"},{"@type":"ListItem","position":2,"name":"Boutique","item":"https:\/\/paracherkaoui.ma\/index.php\/boutique\/"},{"@type":"ListItem","position":3,"name":"COVERMARK LUMINOUS SERUM SYSTEME POLYVALENT ECLAIRCISSANT POUR VISAGE ET YEUX 20 ML"}]},{"@type":"WebSite","@id":"https:\/\/paracherkaoui.ma\/#website","url":"https:\/\/paracherkaoui.ma\/","name":"Paracherkaoui.ma","description":"Achetez en ligne sur Paracherkaoui.ma","potentialAction":[{"@type":"SearchAction","target":{"@type":"EntryPoint","urlTemplate":"https:\/\/paracherkaoui.ma\/?s={search_term_string}"},"query-input":{"@type":"PropertyValueSpecification","valueRequired":true,"valueName":"search_term_string"}}],"inLanguage":"fr-FR"}]}},"_links":{"self":[{"href":"https:\/\/paracherkaoui.ma\/index.php\/wp-json\/wp\/v2\/product\/30524","targetHints":{"allow":["GET"]}}],"collection":[{"href":"https:\/\/paracherkaoui.ma\/index.php\/wp-json\/wp\/v2\/product"}],"about":[{"href":"https:\/\/paracherkaoui.ma\/index.php\/wp-json\/wp\/v2\/types\/product"}],"replies":[{"embeddable":true,"href":"https:\/\/paracherkaoui.ma\/index.php\/wp-json\/wp\/v2\/comments?post=30524"}],"version-history":[{"count":1,"href":"https:\/\/paracherkaoui.ma\/index.php\/wp-json\/wp\/v2\/product\/30524\/revisions"}],"predecessor-version":[{"id":30555,"href":"https:\/\/paracherkaoui.ma\/index.php\/wp-json\/wp\/v2\/product\/30524\/revisions\/30555"}],"wp:featuredmedia":[{"embeddable":true,"href":"https:\/\/paracherkaoui.ma\/index.php\/wp-json\/wp\/v2\/media\/30554"}],"wp:attachment":[{"href":"https:\/\/paracherkaoui.ma\/index.php\/wp-json\/wp\/v2\/media?parent=30524"}],"wp:term":[{"taxonomy":"product_brand","embeddable":true,"href":"https:\/\/paracherkaoui.ma\/index.php\/wp-json\/wp\/v2\/product_brand?post=30524"},{"taxonomy":"product_cat","embeddable":true,"href":"https:\/\/paracherkaoui.ma\/index.php\/wp-json\/wp\/v2\/product_cat?post=30524"},{"taxonomy":"product_tag","embeddable":true,"href":"https:\/\/paracherkaoui.ma\/index.php\/wp-json\/wp\/v2\/product_tag?post=30524"}],"curies":[{"name":"wp","href":"https:\/\/api.w.org\/{rel}","templated":true}]}}