{"id":30469,"date":"2025-12-12T18:33:00","date_gmt":"2025-12-12T17:33:00","guid":{"rendered":"https:\/\/test.ecbeaute.com\/?post_type=product&#038;p=30469"},"modified":"2025-12-12T18:33:06","modified_gmt":"2025-12-12T17:33:06","slug":"eclin-c20-serum-renovateur-eclat-30-ml","status":"publish","type":"product","link":"https:\/\/paracherkaoui.ma\/index.php\/produit\/eclin-c20-serum-renovateur-eclat-30-ml\/","title":{"rendered":"ECLIN C20 SERUM RENOVATEUR ECLAT 30 ML"},"content":{"rendered":"<p>Recommand\u00e9e par les dermatologues ,le s\u00e9rum ECLIN C20 est un booster quotidien activateur d\u2019\u00e9clat.<br \/>\nGrace a sa formule innovante en vitamine C anti oxydante et son absorption rapide, les d\u00e9fenses cellulaires contre le vieillissement pr\u00e9matur\u00e9 sont renforc\u00e9es, les taches pigmentaires sont att\u00e9nu\u00e9es, le teint est unifi\u00e9, la fermet\u00e9 et l\u2019\u00e9lasticit\u00e9 de la peau s\u2019am\u00e9liorent.<br \/>\nla peau est imm\u00e9diatement rajeunie, lumineuse et retrouve un toucher velours.<br \/>\nCONSEILS D&rsquo;UTILISATION :<br \/>\nAppliquer le s\u00e9rum \u00e0 la vitamine c20 le soir sur l\u2019ensemble du visage et du cou.<\/p>\n","protected":false},"excerpt":{"rendered":"<p>Recommand\u00e9e par les dermatologues ,le s\u00e9rum ECLIN C20 est un booster quotidien activateur d\u2019\u00e9clat. Grace a sa formule innovante en<\/p>\n","protected":false},"featured_media":30519,"comment_status":"open","ping_status":"closed","template":"","meta":[],"product_brand":[293],"product_cat":[553],"product_tag":[],"class_list":{"0":"post-30469","1":"product","2":"type-product","3":"status-publish","4":"has-post-thumbnail","6":"product_brand-eclin","7":"product_cat-cremes-eclats","9":"first","10":"instock","11":"sale","12":"shipping-taxable","13":"purchasable","14":"product-type-simple"},"yoast_head":"<!-- This site is optimized with the Yoast SEO plugin v26.6 - https:\/\/yoast.com\/wordpress\/plugins\/seo\/ -->\r\n<title>ECLIN C20 SERUM RENOVATEUR ECLAT 30 ML - Paracherkaoui.ma<\/title>\r\n<meta name=\"robots\" content=\"index, follow, max-snippet:-1, max-image-preview:large, max-video-preview:-1\" \/>\r\n<link rel=\"canonical\" href=\"https:\/\/paracherkaoui.ma\/index.php\/produit\/eclin-c20-serum-renovateur-eclat-30-ml\/\" \/>\r\n<meta property=\"og:locale\" content=\"fr_FR\" \/>\r\n<meta property=\"og:type\" content=\"article\" \/>\r\n<meta property=\"og:title\" content=\"ECLIN C20 SERUM RENOVATEUR ECLAT 30 ML - Paracherkaoui.ma\" \/>\r\n<meta property=\"og:description\" content=\"Recommand\u00e9e par les dermatologues ,le s\u00e9rum ECLIN C20 est un booster quotidien activateur d\u2019\u00e9clat. Grace a sa formule innovante en\" \/>\r\n<meta property=\"og:url\" content=\"https:\/\/paracherkaoui.ma\/index.php\/produit\/eclin-c20-serum-renovateur-eclat-30-ml\/\" \/>\r\n<meta property=\"og:site_name\" content=\"Paracherkaoui.ma\" \/>\r\n<meta property=\"article:modified_time\" content=\"2025-12-12T17:33:06+00:00\" \/>\r\n<meta property=\"og:image\" content=\"https:\/\/paracherkaoui.ma\/wp-content\/uploads\/2025\/12\/eclin-eclin-c20-serum-renovateur-eclat-30-ml-cremes-eclats.jpg\" \/>\r\n\t<meta property=\"og:image:width\" content=\"700\" \/>\r\n\t<meta property=\"og:image:height\" content=\"700\" \/>\r\n\t<meta property=\"og:image:type\" content=\"image\/jpeg\" \/>\r\n<meta name=\"twitter:card\" content=\"summary_large_image\" \/>\r\n<script type=\"application\/ld+json\" class=\"yoast-schema-graph\">{\"@context\":\"https:\/\/schema.org\",\"@graph\":[{\"@type\":\"WebPage\",\"@id\":\"https:\/\/paracherkaoui.ma\/index.php\/produit\/eclin-c20-serum-renovateur-eclat-30-ml\/\",\"url\":\"https:\/\/paracherkaoui.ma\/index.php\/produit\/eclin-c20-serum-renovateur-eclat-30-ml\/\",\"name\":\"ECLIN C20 SERUM RENOVATEUR ECLAT 30 ML - Paracherkaoui.ma\",\"isPartOf\":{\"@id\":\"https:\/\/paracherkaoui.ma\/#website\"},\"primaryImageOfPage\":{\"@id\":\"https:\/\/paracherkaoui.ma\/index.php\/produit\/eclin-c20-serum-renovateur-eclat-30-ml\/#primaryimage\"},\"image\":{\"@id\":\"https:\/\/paracherkaoui.ma\/index.php\/produit\/eclin-c20-serum-renovateur-eclat-30-ml\/#primaryimage\"},\"thumbnailUrl\":\"https:\/\/paracherkaoui.ma\/wp-content\/uploads\/2025\/12\/eclin-eclin-c20-serum-renovateur-eclat-30-ml-cremes-eclats.jpg\",\"datePublished\":\"2025-12-12T17:33:00+00:00\",\"dateModified\":\"2025-12-12T17:33:06+00:00\",\"breadcrumb\":{\"@id\":\"https:\/\/paracherkaoui.ma\/index.php\/produit\/eclin-c20-serum-renovateur-eclat-30-ml\/#breadcrumb\"},\"inLanguage\":\"fr-FR\",\"potentialAction\":[{\"@type\":\"ReadAction\",\"target\":[\"https:\/\/paracherkaoui.ma\/index.php\/produit\/eclin-c20-serum-renovateur-eclat-30-ml\/\"]}]},{\"@type\":\"ImageObject\",\"inLanguage\":\"fr-FR\",\"@id\":\"https:\/\/paracherkaoui.ma\/index.php\/produit\/eclin-c20-serum-renovateur-eclat-30-ml\/#primaryimage\",\"url\":\"https:\/\/paracherkaoui.ma\/wp-content\/uploads\/2025\/12\/eclin-eclin-c20-serum-renovateur-eclat-30-ml-cremes-eclats.jpg\",\"contentUrl\":\"https:\/\/paracherkaoui.ma\/wp-content\/uploads\/2025\/12\/eclin-eclin-c20-serum-renovateur-eclat-30-ml-cremes-eclats.jpg\",\"width\":700,\"height\":700},{\"@type\":\"BreadcrumbList\",\"@id\":\"https:\/\/paracherkaoui.ma\/index.php\/produit\/eclin-c20-serum-renovateur-eclat-30-ml\/#breadcrumb\",\"itemListElement\":[{\"@type\":\"ListItem\",\"position\":1,\"name\":\"Accueil\",\"item\":\"https:\/\/paracherkaoui.ma\/\"},{\"@type\":\"ListItem\",\"position\":2,\"name\":\"Boutique\",\"item\":\"https:\/\/paracherkaoui.ma\/index.php\/boutique\/\"},{\"@type\":\"ListItem\",\"position\":3,\"name\":\"ECLIN C20 SERUM RENOVATEUR ECLAT 30 ML\"}]},{\"@type\":\"WebSite\",\"@id\":\"https:\/\/paracherkaoui.ma\/#website\",\"url\":\"https:\/\/paracherkaoui.ma\/\",\"name\":\"Paracherkaoui.ma\",\"description\":\"Achetez en ligne sur Paracherkaoui.ma\",\"potentialAction\":[{\"@type\":\"SearchAction\",\"target\":{\"@type\":\"EntryPoint\",\"urlTemplate\":\"https:\/\/paracherkaoui.ma\/?s={search_term_string}\"},\"query-input\":{\"@type\":\"PropertyValueSpecification\",\"valueRequired\":true,\"valueName\":\"search_term_string\"}}],\"inLanguage\":\"fr-FR\"}]}<\/script>\r\n<!-- \/ Yoast SEO plugin. -->","yoast_head_json":{"title":"ECLIN C20 SERUM RENOVATEUR ECLAT 30 ML - Paracherkaoui.ma","robots":{"index":"index","follow":"follow","max-snippet":"max-snippet:-1","max-image-preview":"max-image-preview:large","max-video-preview":"max-video-preview:-1"},"canonical":"https:\/\/paracherkaoui.ma\/index.php\/produit\/eclin-c20-serum-renovateur-eclat-30-ml\/","og_locale":"fr_FR","og_type":"article","og_title":"ECLIN C20 SERUM RENOVATEUR ECLAT 30 ML - Paracherkaoui.ma","og_description":"Recommand\u00e9e par les dermatologues ,le s\u00e9rum ECLIN C20 est un booster quotidien activateur d\u2019\u00e9clat. Grace a sa formule innovante en","og_url":"https:\/\/paracherkaoui.ma\/index.php\/produit\/eclin-c20-serum-renovateur-eclat-30-ml\/","og_site_name":"Paracherkaoui.ma","article_modified_time":"2025-12-12T17:33:06+00:00","og_image":[{"width":700,"height":700,"url":"https:\/\/paracherkaoui.ma\/wp-content\/uploads\/2025\/12\/eclin-eclin-c20-serum-renovateur-eclat-30-ml-cremes-eclats.jpg","type":"image\/jpeg"}],"twitter_card":"summary_large_image","schema":{"@context":"https:\/\/schema.org","@graph":[{"@type":"WebPage","@id":"https:\/\/paracherkaoui.ma\/index.php\/produit\/eclin-c20-serum-renovateur-eclat-30-ml\/","url":"https:\/\/paracherkaoui.ma\/index.php\/produit\/eclin-c20-serum-renovateur-eclat-30-ml\/","name":"ECLIN C20 SERUM RENOVATEUR ECLAT 30 ML - Paracherkaoui.ma","isPartOf":{"@id":"https:\/\/paracherkaoui.ma\/#website"},"primaryImageOfPage":{"@id":"https:\/\/paracherkaoui.ma\/index.php\/produit\/eclin-c20-serum-renovateur-eclat-30-ml\/#primaryimage"},"image":{"@id":"https:\/\/paracherkaoui.ma\/index.php\/produit\/eclin-c20-serum-renovateur-eclat-30-ml\/#primaryimage"},"thumbnailUrl":"https:\/\/paracherkaoui.ma\/wp-content\/uploads\/2025\/12\/eclin-eclin-c20-serum-renovateur-eclat-30-ml-cremes-eclats.jpg","datePublished":"2025-12-12T17:33:00+00:00","dateModified":"2025-12-12T17:33:06+00:00","breadcrumb":{"@id":"https:\/\/paracherkaoui.ma\/index.php\/produit\/eclin-c20-serum-renovateur-eclat-30-ml\/#breadcrumb"},"inLanguage":"fr-FR","potentialAction":[{"@type":"ReadAction","target":["https:\/\/paracherkaoui.ma\/index.php\/produit\/eclin-c20-serum-renovateur-eclat-30-ml\/"]}]},{"@type":"ImageObject","inLanguage":"fr-FR","@id":"https:\/\/paracherkaoui.ma\/index.php\/produit\/eclin-c20-serum-renovateur-eclat-30-ml\/#primaryimage","url":"https:\/\/paracherkaoui.ma\/wp-content\/uploads\/2025\/12\/eclin-eclin-c20-serum-renovateur-eclat-30-ml-cremes-eclats.jpg","contentUrl":"https:\/\/paracherkaoui.ma\/wp-content\/uploads\/2025\/12\/eclin-eclin-c20-serum-renovateur-eclat-30-ml-cremes-eclats.jpg","width":700,"height":700},{"@type":"BreadcrumbList","@id":"https:\/\/paracherkaoui.ma\/index.php\/produit\/eclin-c20-serum-renovateur-eclat-30-ml\/#breadcrumb","itemListElement":[{"@type":"ListItem","position":1,"name":"Accueil","item":"https:\/\/paracherkaoui.ma\/"},{"@type":"ListItem","position":2,"name":"Boutique","item":"https:\/\/paracherkaoui.ma\/index.php\/boutique\/"},{"@type":"ListItem","position":3,"name":"ECLIN C20 SERUM RENOVATEUR ECLAT 30 ML"}]},{"@type":"WebSite","@id":"https:\/\/paracherkaoui.ma\/#website","url":"https:\/\/paracherkaoui.ma\/","name":"Paracherkaoui.ma","description":"Achetez en ligne sur Paracherkaoui.ma","potentialAction":[{"@type":"SearchAction","target":{"@type":"EntryPoint","urlTemplate":"https:\/\/paracherkaoui.ma\/?s={search_term_string}"},"query-input":{"@type":"PropertyValueSpecification","valueRequired":true,"valueName":"search_term_string"}}],"inLanguage":"fr-FR"}]}},"_links":{"self":[{"href":"https:\/\/paracherkaoui.ma\/index.php\/wp-json\/wp\/v2\/product\/30469","targetHints":{"allow":["GET"]}}],"collection":[{"href":"https:\/\/paracherkaoui.ma\/index.php\/wp-json\/wp\/v2\/product"}],"about":[{"href":"https:\/\/paracherkaoui.ma\/index.php\/wp-json\/wp\/v2\/types\/product"}],"replies":[{"embeddable":true,"href":"https:\/\/paracherkaoui.ma\/index.php\/wp-json\/wp\/v2\/comments?post=30469"}],"version-history":[{"count":1,"href":"https:\/\/paracherkaoui.ma\/index.php\/wp-json\/wp\/v2\/product\/30469\/revisions"}],"predecessor-version":[{"id":30520,"href":"https:\/\/paracherkaoui.ma\/index.php\/wp-json\/wp\/v2\/product\/30469\/revisions\/30520"}],"wp:featuredmedia":[{"embeddable":true,"href":"https:\/\/paracherkaoui.ma\/index.php\/wp-json\/wp\/v2\/media\/30519"}],"wp:attachment":[{"href":"https:\/\/paracherkaoui.ma\/index.php\/wp-json\/wp\/v2\/media?parent=30469"}],"wp:term":[{"taxonomy":"product_brand","embeddable":true,"href":"https:\/\/paracherkaoui.ma\/index.php\/wp-json\/wp\/v2\/product_brand?post=30469"},{"taxonomy":"product_cat","embeddable":true,"href":"https:\/\/paracherkaoui.ma\/index.php\/wp-json\/wp\/v2\/product_cat?post=30469"},{"taxonomy":"product_tag","embeddable":true,"href":"https:\/\/paracherkaoui.ma\/index.php\/wp-json\/wp\/v2\/product_tag?post=30469"}],"curies":[{"name":"wp","href":"https:\/\/api.w.org\/{rel}","templated":true}]}}