{"id":30443,"date":"2025-12-12T18:32:58","date_gmt":"2025-12-12T17:32:58","guid":{"rendered":"https:\/\/test.ecbeaute.com\/?post_type=product&#038;p=30443"},"modified":"2025-12-12T18:33:01","modified_gmt":"2025-12-12T17:33:01","slug":"palmers-huile-lumineuse-visage-30-ml","status":"publish","type":"product","link":"https:\/\/paracherkaoui.ma\/index.php\/produit\/palmers-huile-lumineuse-visage-30-ml\/","title":{"rendered":"PALMERS HUILE LUMINEUSE VISAGE 30 ML"},"content":{"rendered":"<p>L\u2019huile de poisson Palmer\u2019s Hydratation Hydratante \u00e0 huile de noix de coco combine l\u2019huile de coco extra-vierge de commerce \u00e9quitable et 9 autres huiles pr\u00e9cieuses pures pour stimuler profond\u00e9ment l\u2019hydratation, la reconstitution et la revitalisation de la peau jusqu\u2019\u00e0 son \u00e9tat naturel, radiant et sain. Aide \u00e0 maintenir le niveau d\u2019humidit\u00e9 optimal de la peau, de sorte que la peau est \u00e9quilibr\u00e9e et ne g\u00e8re jamais ou ne produit pas d\u2019huile pour compenser la s\u00e9cheresse.<br \/>\nHypoallerg\u00e9nique \u2022 Test de dermatologue \u2022 Sans huile min\u00e9rale \u2022 Huile de coco \u00e0 commerce \u00e9quitable \u2022 Huiles \u00e9th\u00e9r\u00e9es et durables<\/p>\n","protected":false},"excerpt":{"rendered":"<p>L\u2019huile de poisson Palmer\u2019s Hydratation Hydratante \u00e0 huile de noix de coco combine l\u2019huile de coco extra-vierge de commerce \u00e9quitable<\/p>\n","protected":false},"featured_media":30474,"comment_status":"open","ping_status":"closed","template":"","meta":[],"product_brand":[266],"product_cat":[553],"product_tag":[],"class_list":{"0":"post-30443","1":"product","2":"type-product","3":"status-publish","4":"has-post-thumbnail","6":"product_brand-palmers","7":"product_cat-cremes-eclats","9":"first","10":"instock","11":"sale","12":"shipping-taxable","13":"purchasable","14":"product-type-simple"},"yoast_head":"<!-- This site is optimized with the Yoast SEO plugin v26.6 - https:\/\/yoast.com\/wordpress\/plugins\/seo\/ -->\r\n<title>PALMERS HUILE LUMINEUSE VISAGE 30 ML - Paracherkaoui.ma<\/title>\r\n<meta name=\"robots\" content=\"index, follow, max-snippet:-1, max-image-preview:large, max-video-preview:-1\" \/>\r\n<link rel=\"canonical\" href=\"https:\/\/paracherkaoui.ma\/index.php\/produit\/palmers-huile-lumineuse-visage-30-ml\/\" \/>\r\n<meta property=\"og:locale\" content=\"fr_FR\" \/>\r\n<meta property=\"og:type\" content=\"article\" \/>\r\n<meta property=\"og:title\" content=\"PALMERS HUILE LUMINEUSE VISAGE 30 ML - Paracherkaoui.ma\" \/>\r\n<meta property=\"og:description\" content=\"L\u2019huile de poisson Palmer\u2019s Hydratation Hydratante \u00e0 huile de noix de coco combine l\u2019huile de coco extra-vierge de commerce \u00e9quitable\" \/>\r\n<meta property=\"og:url\" content=\"https:\/\/paracherkaoui.ma\/index.php\/produit\/palmers-huile-lumineuse-visage-30-ml\/\" \/>\r\n<meta property=\"og:site_name\" content=\"Paracherkaoui.ma\" \/>\r\n<meta property=\"article:modified_time\" content=\"2025-12-12T17:33:01+00:00\" \/>\r\n<meta property=\"og:image\" content=\"https:\/\/paracherkaoui.ma\/wp-content\/uploads\/2025\/12\/palmers-huile-lumineuse-visage-30-ml.jpg\" \/>\r\n\t<meta property=\"og:image:width\" content=\"700\" \/>\r\n\t<meta property=\"og:image:height\" content=\"700\" \/>\r\n\t<meta property=\"og:image:type\" content=\"image\/jpeg\" \/>\r\n<meta name=\"twitter:card\" content=\"summary_large_image\" \/>\r\n<meta name=\"twitter:label1\" content=\"Dur\u00e9e de lecture estim\u00e9e\" \/>\n\t<meta name=\"twitter:data1\" content=\"1 minute\" \/>\r\n<script type=\"application\/ld+json\" class=\"yoast-schema-graph\">{\"@context\":\"https:\/\/schema.org\",\"@graph\":[{\"@type\":\"WebPage\",\"@id\":\"https:\/\/paracherkaoui.ma\/index.php\/produit\/palmers-huile-lumineuse-visage-30-ml\/\",\"url\":\"https:\/\/paracherkaoui.ma\/index.php\/produit\/palmers-huile-lumineuse-visage-30-ml\/\",\"name\":\"PALMERS HUILE LUMINEUSE VISAGE 30 ML - Paracherkaoui.ma\",\"isPartOf\":{\"@id\":\"https:\/\/paracherkaoui.ma\/#website\"},\"primaryImageOfPage\":{\"@id\":\"https:\/\/paracherkaoui.ma\/index.php\/produit\/palmers-huile-lumineuse-visage-30-ml\/#primaryimage\"},\"image\":{\"@id\":\"https:\/\/paracherkaoui.ma\/index.php\/produit\/palmers-huile-lumineuse-visage-30-ml\/#primaryimage\"},\"thumbnailUrl\":\"https:\/\/paracherkaoui.ma\/wp-content\/uploads\/2025\/12\/palmers-huile-lumineuse-visage-30-ml.jpg\",\"datePublished\":\"2025-12-12T17:32:58+00:00\",\"dateModified\":\"2025-12-12T17:33:01+00:00\",\"breadcrumb\":{\"@id\":\"https:\/\/paracherkaoui.ma\/index.php\/produit\/palmers-huile-lumineuse-visage-30-ml\/#breadcrumb\"},\"inLanguage\":\"fr-FR\",\"potentialAction\":[{\"@type\":\"ReadAction\",\"target\":[\"https:\/\/paracherkaoui.ma\/index.php\/produit\/palmers-huile-lumineuse-visage-30-ml\/\"]}]},{\"@type\":\"ImageObject\",\"inLanguage\":\"fr-FR\",\"@id\":\"https:\/\/paracherkaoui.ma\/index.php\/produit\/palmers-huile-lumineuse-visage-30-ml\/#primaryimage\",\"url\":\"https:\/\/paracherkaoui.ma\/wp-content\/uploads\/2025\/12\/palmers-huile-lumineuse-visage-30-ml.jpg\",\"contentUrl\":\"https:\/\/paracherkaoui.ma\/wp-content\/uploads\/2025\/12\/palmers-huile-lumineuse-visage-30-ml.jpg\",\"width\":700,\"height\":700},{\"@type\":\"BreadcrumbList\",\"@id\":\"https:\/\/paracherkaoui.ma\/index.php\/produit\/palmers-huile-lumineuse-visage-30-ml\/#breadcrumb\",\"itemListElement\":[{\"@type\":\"ListItem\",\"position\":1,\"name\":\"Accueil\",\"item\":\"https:\/\/paracherkaoui.ma\/\"},{\"@type\":\"ListItem\",\"position\":2,\"name\":\"Boutique\",\"item\":\"https:\/\/paracherkaoui.ma\/index.php\/boutique\/\"},{\"@type\":\"ListItem\",\"position\":3,\"name\":\"PALMERS HUILE LUMINEUSE VISAGE 30 ML\"}]},{\"@type\":\"WebSite\",\"@id\":\"https:\/\/paracherkaoui.ma\/#website\",\"url\":\"https:\/\/paracherkaoui.ma\/\",\"name\":\"Paracherkaoui.ma\",\"description\":\"Achetez en ligne sur Paracherkaoui.ma\",\"potentialAction\":[{\"@type\":\"SearchAction\",\"target\":{\"@type\":\"EntryPoint\",\"urlTemplate\":\"https:\/\/paracherkaoui.ma\/?s={search_term_string}\"},\"query-input\":{\"@type\":\"PropertyValueSpecification\",\"valueRequired\":true,\"valueName\":\"search_term_string\"}}],\"inLanguage\":\"fr-FR\"}]}<\/script>\r\n<!-- \/ Yoast SEO plugin. -->","yoast_head_json":{"title":"PALMERS HUILE LUMINEUSE VISAGE 30 ML - Paracherkaoui.ma","robots":{"index":"index","follow":"follow","max-snippet":"max-snippet:-1","max-image-preview":"max-image-preview:large","max-video-preview":"max-video-preview:-1"},"canonical":"https:\/\/paracherkaoui.ma\/index.php\/produit\/palmers-huile-lumineuse-visage-30-ml\/","og_locale":"fr_FR","og_type":"article","og_title":"PALMERS HUILE LUMINEUSE VISAGE 30 ML - Paracherkaoui.ma","og_description":"L\u2019huile de poisson Palmer\u2019s Hydratation Hydratante \u00e0 huile de noix de coco combine l\u2019huile de coco extra-vierge de commerce \u00e9quitable","og_url":"https:\/\/paracherkaoui.ma\/index.php\/produit\/palmers-huile-lumineuse-visage-30-ml\/","og_site_name":"Paracherkaoui.ma","article_modified_time":"2025-12-12T17:33:01+00:00","og_image":[{"width":700,"height":700,"url":"https:\/\/paracherkaoui.ma\/wp-content\/uploads\/2025\/12\/palmers-huile-lumineuse-visage-30-ml.jpg","type":"image\/jpeg"}],"twitter_card":"summary_large_image","twitter_misc":{"Dur\u00e9e de lecture estim\u00e9e":"1 minute"},"schema":{"@context":"https:\/\/schema.org","@graph":[{"@type":"WebPage","@id":"https:\/\/paracherkaoui.ma\/index.php\/produit\/palmers-huile-lumineuse-visage-30-ml\/","url":"https:\/\/paracherkaoui.ma\/index.php\/produit\/palmers-huile-lumineuse-visage-30-ml\/","name":"PALMERS HUILE LUMINEUSE VISAGE 30 ML - Paracherkaoui.ma","isPartOf":{"@id":"https:\/\/paracherkaoui.ma\/#website"},"primaryImageOfPage":{"@id":"https:\/\/paracherkaoui.ma\/index.php\/produit\/palmers-huile-lumineuse-visage-30-ml\/#primaryimage"},"image":{"@id":"https:\/\/paracherkaoui.ma\/index.php\/produit\/palmers-huile-lumineuse-visage-30-ml\/#primaryimage"},"thumbnailUrl":"https:\/\/paracherkaoui.ma\/wp-content\/uploads\/2025\/12\/palmers-huile-lumineuse-visage-30-ml.jpg","datePublished":"2025-12-12T17:32:58+00:00","dateModified":"2025-12-12T17:33:01+00:00","breadcrumb":{"@id":"https:\/\/paracherkaoui.ma\/index.php\/produit\/palmers-huile-lumineuse-visage-30-ml\/#breadcrumb"},"inLanguage":"fr-FR","potentialAction":[{"@type":"ReadAction","target":["https:\/\/paracherkaoui.ma\/index.php\/produit\/palmers-huile-lumineuse-visage-30-ml\/"]}]},{"@type":"ImageObject","inLanguage":"fr-FR","@id":"https:\/\/paracherkaoui.ma\/index.php\/produit\/palmers-huile-lumineuse-visage-30-ml\/#primaryimage","url":"https:\/\/paracherkaoui.ma\/wp-content\/uploads\/2025\/12\/palmers-huile-lumineuse-visage-30-ml.jpg","contentUrl":"https:\/\/paracherkaoui.ma\/wp-content\/uploads\/2025\/12\/palmers-huile-lumineuse-visage-30-ml.jpg","width":700,"height":700},{"@type":"BreadcrumbList","@id":"https:\/\/paracherkaoui.ma\/index.php\/produit\/palmers-huile-lumineuse-visage-30-ml\/#breadcrumb","itemListElement":[{"@type":"ListItem","position":1,"name":"Accueil","item":"https:\/\/paracherkaoui.ma\/"},{"@type":"ListItem","position":2,"name":"Boutique","item":"https:\/\/paracherkaoui.ma\/index.php\/boutique\/"},{"@type":"ListItem","position":3,"name":"PALMERS HUILE LUMINEUSE VISAGE 30 ML"}]},{"@type":"WebSite","@id":"https:\/\/paracherkaoui.ma\/#website","url":"https:\/\/paracherkaoui.ma\/","name":"Paracherkaoui.ma","description":"Achetez en ligne sur Paracherkaoui.ma","potentialAction":[{"@type":"SearchAction","target":{"@type":"EntryPoint","urlTemplate":"https:\/\/paracherkaoui.ma\/?s={search_term_string}"},"query-input":{"@type":"PropertyValueSpecification","valueRequired":true,"valueName":"search_term_string"}}],"inLanguage":"fr-FR"}]}},"_links":{"self":[{"href":"https:\/\/paracherkaoui.ma\/index.php\/wp-json\/wp\/v2\/product\/30443","targetHints":{"allow":["GET"]}}],"collection":[{"href":"https:\/\/paracherkaoui.ma\/index.php\/wp-json\/wp\/v2\/product"}],"about":[{"href":"https:\/\/paracherkaoui.ma\/index.php\/wp-json\/wp\/v2\/types\/product"}],"replies":[{"embeddable":true,"href":"https:\/\/paracherkaoui.ma\/index.php\/wp-json\/wp\/v2\/comments?post=30443"}],"version-history":[{"count":1,"href":"https:\/\/paracherkaoui.ma\/index.php\/wp-json\/wp\/v2\/product\/30443\/revisions"}],"predecessor-version":[{"id":30475,"href":"https:\/\/paracherkaoui.ma\/index.php\/wp-json\/wp\/v2\/product\/30443\/revisions\/30475"}],"wp:featuredmedia":[{"embeddable":true,"href":"https:\/\/paracherkaoui.ma\/index.php\/wp-json\/wp\/v2\/media\/30474"}],"wp:attachment":[{"href":"https:\/\/paracherkaoui.ma\/index.php\/wp-json\/wp\/v2\/media?parent=30443"}],"wp:term":[{"taxonomy":"product_brand","embeddable":true,"href":"https:\/\/paracherkaoui.ma\/index.php\/wp-json\/wp\/v2\/product_brand?post=30443"},{"taxonomy":"product_cat","embeddable":true,"href":"https:\/\/paracherkaoui.ma\/index.php\/wp-json\/wp\/v2\/product_cat?post=30443"},{"taxonomy":"product_tag","embeddable":true,"href":"https:\/\/paracherkaoui.ma\/index.php\/wp-json\/wp\/v2\/product_tag?post=30443"}],"curies":[{"name":"wp","href":"https:\/\/api.w.org\/{rel}","templated":true}]}}