{"id":30442,"date":"2025-12-12T18:32:58","date_gmt":"2025-12-12T17:32:58","guid":{"rendered":"https:\/\/test.ecbeaute.com\/?post_type=product&#038;p=30442"},"modified":"2025-12-12T18:33:01","modified_gmt":"2025-12-12T17:33:01","slug":"onagrine-visibly-pure-fluide-matifiant-jour","status":"publish","type":"product","link":"https:\/\/paracherkaoui.ma\/index.php\/produit\/onagrine-visibly-pure-fluide-matifiant-jour\/","title":{"rendered":"ONAGRINE VISIBLY PURE Fluide Matifiant Jour"},"content":{"rendered":"<p>DESCRIPTION<br \/>\nV\u00e9ritable r\u00e9v\u00e9lateur d\u2019\u00e9clat, ce soin r\u00e9\u00e9quilibre et matifie la peau jour apr\u00e8s jour. Le grain de peau est liss\u00e9, la peau est visiblement plus nette, le teint retrouve son \u00e9clat.\u00a0Anti-brillance R\u00e9\u00e9quilibre Hydrate<br \/>\nCONSEILS D\u2019APPLICATION<br \/>\nS\u2019applique le matin sur le visage et sur le cou. C&rsquo;est une tr\u00e8s bonne base de maquillage.<br \/>\nLISTE DES INGR\u00c9DIENTS<br \/>\nIngr\u00e9dients : AQUA (WATER), CYCLOPENTASILOXANE, C12-15 ALKYL BENZOATE, BUTYLENE GLYCOL, CETYL PEG\/PPG-10\/1 DIMETHICONE, METHYL METHACRYLATE CROSSPOLYMER, PARFUM (FRAGRANCE), SODIUM CHLORIDE, TOCOPHERYL ACETATE, BISABOLOL, CAPRYLYL GLYCOL, SODIUM BENZOATE, DIMETHICONE CROSSPOLYMER, DISTEARDIMONIUM HECTORITE, POTASSIUM SORBATE, CHLORPHENESIN, DISODIUM EDTA, ARGANIA SPINOSA KERNEL OIL, SODIUM LAUROYL LACTYLATE, GLYCERIN, CAPRYLHYDROXAMIC ACID, XANTHAN GUM, PROPYLENE CARBONATE, CITRIC ACID, SESAMUM INDICUM (SESAME) SEED OIL, CERAMIDE NP, PHENOXYETHANOL, CERAMIDE AP, PHYTOSPHINGOSINE, CHOLESTEROL, SERENOA SERRULATA FRUIT EXTRACT, BETA-SITOSTEROL, CARBOMER, ETHYLHEXYLGLYCERIN, OENOTHERA BIENNIS (EVENING PRIMROSE) LEAF CELL EXTRACT, TOCOPHEROL, NELUMBO NUCIFERA FLOWER EXTRACT, PENTAERYTHRITYL TETRA-DI-T-BUTYL HYDROXYHYDROCINNAMATE, CERAMIDE EOP<\/p>\n","protected":false},"excerpt":{"rendered":"<p>DESCRIPTION V\u00e9ritable r\u00e9v\u00e9lateur d\u2019\u00e9clat, ce soin r\u00e9\u00e9quilibre et matifie la peau jour apr\u00e8s jour. Le grain de peau est liss\u00e9,<\/p>\n","protected":false},"featured_media":30472,"comment_status":"open","ping_status":"closed","template":"","meta":[],"product_brand":[396],"product_cat":[553],"product_tag":[],"class_list":{"0":"post-30442","1":"product","2":"type-product","3":"status-publish","4":"has-post-thumbnail","6":"product_brand-onagrine","7":"product_cat-cremes-eclats","9":"first","10":"instock","11":"sale","12":"shipping-taxable","13":"purchasable","14":"product-type-simple"},"yoast_head":"<!-- This site is optimized with the Yoast SEO plugin v26.6 - https:\/\/yoast.com\/wordpress\/plugins\/seo\/ -->\r\n<title>ONAGRINE VISIBLY PURE Fluide Matifiant Jour - Paracherkaoui.ma<\/title>\r\n<meta name=\"robots\" content=\"index, follow, max-snippet:-1, max-image-preview:large, max-video-preview:-1\" \/>\r\n<link rel=\"canonical\" href=\"https:\/\/paracherkaoui.ma\/index.php\/produit\/onagrine-visibly-pure-fluide-matifiant-jour\/\" \/>\r\n<meta property=\"og:locale\" content=\"fr_FR\" \/>\r\n<meta property=\"og:type\" content=\"article\" \/>\r\n<meta property=\"og:title\" content=\"ONAGRINE VISIBLY PURE Fluide Matifiant Jour - Paracherkaoui.ma\" \/>\r\n<meta property=\"og:description\" content=\"DESCRIPTION V\u00e9ritable r\u00e9v\u00e9lateur d\u2019\u00e9clat, ce soin r\u00e9\u00e9quilibre et matifie la peau jour apr\u00e8s jour. Le grain de peau est liss\u00e9,\" \/>\r\n<meta property=\"og:url\" content=\"https:\/\/paracherkaoui.ma\/index.php\/produit\/onagrine-visibly-pure-fluide-matifiant-jour\/\" \/>\r\n<meta property=\"og:site_name\" content=\"Paracherkaoui.ma\" \/>\r\n<meta property=\"article:modified_time\" content=\"2025-12-12T17:33:01+00:00\" \/>\r\n<meta property=\"og:image\" content=\"https:\/\/paracherkaoui.ma\/wp-content\/uploads\/2025\/12\/onagrine-onagrine-visibly-pure-fluide-matifiant-jour-hydratants-toutes-peaux.jpg\" \/>\r\n\t<meta property=\"og:image:width\" content=\"700\" \/>\r\n\t<meta property=\"og:image:height\" content=\"700\" \/>\r\n\t<meta property=\"og:image:type\" content=\"image\/jpeg\" \/>\r\n<meta name=\"twitter:card\" content=\"summary_large_image\" \/>\r\n<meta name=\"twitter:label1\" content=\"Dur\u00e9e de lecture estim\u00e9e\" \/>\n\t<meta name=\"twitter:data1\" content=\"1 minute\" \/>\r\n<script type=\"application\/ld+json\" class=\"yoast-schema-graph\">{\"@context\":\"https:\/\/schema.org\",\"@graph\":[{\"@type\":\"WebPage\",\"@id\":\"https:\/\/paracherkaoui.ma\/index.php\/produit\/onagrine-visibly-pure-fluide-matifiant-jour\/\",\"url\":\"https:\/\/paracherkaoui.ma\/index.php\/produit\/onagrine-visibly-pure-fluide-matifiant-jour\/\",\"name\":\"ONAGRINE VISIBLY PURE Fluide Matifiant Jour - Paracherkaoui.ma\",\"isPartOf\":{\"@id\":\"https:\/\/paracherkaoui.ma\/#website\"},\"primaryImageOfPage\":{\"@id\":\"https:\/\/paracherkaoui.ma\/index.php\/produit\/onagrine-visibly-pure-fluide-matifiant-jour\/#primaryimage\"},\"image\":{\"@id\":\"https:\/\/paracherkaoui.ma\/index.php\/produit\/onagrine-visibly-pure-fluide-matifiant-jour\/#primaryimage\"},\"thumbnailUrl\":\"https:\/\/paracherkaoui.ma\/wp-content\/uploads\/2025\/12\/onagrine-onagrine-visibly-pure-fluide-matifiant-jour-hydratants-toutes-peaux.jpg\",\"datePublished\":\"2025-12-12T17:32:58+00:00\",\"dateModified\":\"2025-12-12T17:33:01+00:00\",\"breadcrumb\":{\"@id\":\"https:\/\/paracherkaoui.ma\/index.php\/produit\/onagrine-visibly-pure-fluide-matifiant-jour\/#breadcrumb\"},\"inLanguage\":\"fr-FR\",\"potentialAction\":[{\"@type\":\"ReadAction\",\"target\":[\"https:\/\/paracherkaoui.ma\/index.php\/produit\/onagrine-visibly-pure-fluide-matifiant-jour\/\"]}]},{\"@type\":\"ImageObject\",\"inLanguage\":\"fr-FR\",\"@id\":\"https:\/\/paracherkaoui.ma\/index.php\/produit\/onagrine-visibly-pure-fluide-matifiant-jour\/#primaryimage\",\"url\":\"https:\/\/paracherkaoui.ma\/wp-content\/uploads\/2025\/12\/onagrine-onagrine-visibly-pure-fluide-matifiant-jour-hydratants-toutes-peaux.jpg\",\"contentUrl\":\"https:\/\/paracherkaoui.ma\/wp-content\/uploads\/2025\/12\/onagrine-onagrine-visibly-pure-fluide-matifiant-jour-hydratants-toutes-peaux.jpg\",\"width\":700,\"height\":700},{\"@type\":\"BreadcrumbList\",\"@id\":\"https:\/\/paracherkaoui.ma\/index.php\/produit\/onagrine-visibly-pure-fluide-matifiant-jour\/#breadcrumb\",\"itemListElement\":[{\"@type\":\"ListItem\",\"position\":1,\"name\":\"Accueil\",\"item\":\"https:\/\/paracherkaoui.ma\/\"},{\"@type\":\"ListItem\",\"position\":2,\"name\":\"Boutique\",\"item\":\"https:\/\/paracherkaoui.ma\/index.php\/boutique\/\"},{\"@type\":\"ListItem\",\"position\":3,\"name\":\"ONAGRINE VISIBLY PURE Fluide Matifiant Jour\"}]},{\"@type\":\"WebSite\",\"@id\":\"https:\/\/paracherkaoui.ma\/#website\",\"url\":\"https:\/\/paracherkaoui.ma\/\",\"name\":\"Paracherkaoui.ma\",\"description\":\"Achetez en ligne sur Paracherkaoui.ma\",\"potentialAction\":[{\"@type\":\"SearchAction\",\"target\":{\"@type\":\"EntryPoint\",\"urlTemplate\":\"https:\/\/paracherkaoui.ma\/?s={search_term_string}\"},\"query-input\":{\"@type\":\"PropertyValueSpecification\",\"valueRequired\":true,\"valueName\":\"search_term_string\"}}],\"inLanguage\":\"fr-FR\"}]}<\/script>\r\n<!-- \/ Yoast SEO plugin. -->","yoast_head_json":{"title":"ONAGRINE VISIBLY PURE Fluide Matifiant Jour - Paracherkaoui.ma","robots":{"index":"index","follow":"follow","max-snippet":"max-snippet:-1","max-image-preview":"max-image-preview:large","max-video-preview":"max-video-preview:-1"},"canonical":"https:\/\/paracherkaoui.ma\/index.php\/produit\/onagrine-visibly-pure-fluide-matifiant-jour\/","og_locale":"fr_FR","og_type":"article","og_title":"ONAGRINE VISIBLY PURE Fluide Matifiant Jour - Paracherkaoui.ma","og_description":"DESCRIPTION V\u00e9ritable r\u00e9v\u00e9lateur d\u2019\u00e9clat, ce soin r\u00e9\u00e9quilibre et matifie la peau jour apr\u00e8s jour. Le grain de peau est liss\u00e9,","og_url":"https:\/\/paracherkaoui.ma\/index.php\/produit\/onagrine-visibly-pure-fluide-matifiant-jour\/","og_site_name":"Paracherkaoui.ma","article_modified_time":"2025-12-12T17:33:01+00:00","og_image":[{"width":700,"height":700,"url":"https:\/\/paracherkaoui.ma\/wp-content\/uploads\/2025\/12\/onagrine-onagrine-visibly-pure-fluide-matifiant-jour-hydratants-toutes-peaux.jpg","type":"image\/jpeg"}],"twitter_card":"summary_large_image","twitter_misc":{"Dur\u00e9e de lecture estim\u00e9e":"1 minute"},"schema":{"@context":"https:\/\/schema.org","@graph":[{"@type":"WebPage","@id":"https:\/\/paracherkaoui.ma\/index.php\/produit\/onagrine-visibly-pure-fluide-matifiant-jour\/","url":"https:\/\/paracherkaoui.ma\/index.php\/produit\/onagrine-visibly-pure-fluide-matifiant-jour\/","name":"ONAGRINE VISIBLY PURE Fluide Matifiant Jour - Paracherkaoui.ma","isPartOf":{"@id":"https:\/\/paracherkaoui.ma\/#website"},"primaryImageOfPage":{"@id":"https:\/\/paracherkaoui.ma\/index.php\/produit\/onagrine-visibly-pure-fluide-matifiant-jour\/#primaryimage"},"image":{"@id":"https:\/\/paracherkaoui.ma\/index.php\/produit\/onagrine-visibly-pure-fluide-matifiant-jour\/#primaryimage"},"thumbnailUrl":"https:\/\/paracherkaoui.ma\/wp-content\/uploads\/2025\/12\/onagrine-onagrine-visibly-pure-fluide-matifiant-jour-hydratants-toutes-peaux.jpg","datePublished":"2025-12-12T17:32:58+00:00","dateModified":"2025-12-12T17:33:01+00:00","breadcrumb":{"@id":"https:\/\/paracherkaoui.ma\/index.php\/produit\/onagrine-visibly-pure-fluide-matifiant-jour\/#breadcrumb"},"inLanguage":"fr-FR","potentialAction":[{"@type":"ReadAction","target":["https:\/\/paracherkaoui.ma\/index.php\/produit\/onagrine-visibly-pure-fluide-matifiant-jour\/"]}]},{"@type":"ImageObject","inLanguage":"fr-FR","@id":"https:\/\/paracherkaoui.ma\/index.php\/produit\/onagrine-visibly-pure-fluide-matifiant-jour\/#primaryimage","url":"https:\/\/paracherkaoui.ma\/wp-content\/uploads\/2025\/12\/onagrine-onagrine-visibly-pure-fluide-matifiant-jour-hydratants-toutes-peaux.jpg","contentUrl":"https:\/\/paracherkaoui.ma\/wp-content\/uploads\/2025\/12\/onagrine-onagrine-visibly-pure-fluide-matifiant-jour-hydratants-toutes-peaux.jpg","width":700,"height":700},{"@type":"BreadcrumbList","@id":"https:\/\/paracherkaoui.ma\/index.php\/produit\/onagrine-visibly-pure-fluide-matifiant-jour\/#breadcrumb","itemListElement":[{"@type":"ListItem","position":1,"name":"Accueil","item":"https:\/\/paracherkaoui.ma\/"},{"@type":"ListItem","position":2,"name":"Boutique","item":"https:\/\/paracherkaoui.ma\/index.php\/boutique\/"},{"@type":"ListItem","position":3,"name":"ONAGRINE VISIBLY PURE Fluide Matifiant Jour"}]},{"@type":"WebSite","@id":"https:\/\/paracherkaoui.ma\/#website","url":"https:\/\/paracherkaoui.ma\/","name":"Paracherkaoui.ma","description":"Achetez en ligne sur Paracherkaoui.ma","potentialAction":[{"@type":"SearchAction","target":{"@type":"EntryPoint","urlTemplate":"https:\/\/paracherkaoui.ma\/?s={search_term_string}"},"query-input":{"@type":"PropertyValueSpecification","valueRequired":true,"valueName":"search_term_string"}}],"inLanguage":"fr-FR"}]}},"_links":{"self":[{"href":"https:\/\/paracherkaoui.ma\/index.php\/wp-json\/wp\/v2\/product\/30442","targetHints":{"allow":["GET"]}}],"collection":[{"href":"https:\/\/paracherkaoui.ma\/index.php\/wp-json\/wp\/v2\/product"}],"about":[{"href":"https:\/\/paracherkaoui.ma\/index.php\/wp-json\/wp\/v2\/types\/product"}],"replies":[{"embeddable":true,"href":"https:\/\/paracherkaoui.ma\/index.php\/wp-json\/wp\/v2\/comments?post=30442"}],"version-history":[{"count":1,"href":"https:\/\/paracherkaoui.ma\/index.php\/wp-json\/wp\/v2\/product\/30442\/revisions"}],"predecessor-version":[{"id":30473,"href":"https:\/\/paracherkaoui.ma\/index.php\/wp-json\/wp\/v2\/product\/30442\/revisions\/30473"}],"wp:featuredmedia":[{"embeddable":true,"href":"https:\/\/paracherkaoui.ma\/index.php\/wp-json\/wp\/v2\/media\/30472"}],"wp:attachment":[{"href":"https:\/\/paracherkaoui.ma\/index.php\/wp-json\/wp\/v2\/media?parent=30442"}],"wp:term":[{"taxonomy":"product_brand","embeddable":true,"href":"https:\/\/paracherkaoui.ma\/index.php\/wp-json\/wp\/v2\/product_brand?post=30442"},{"taxonomy":"product_cat","embeddable":true,"href":"https:\/\/paracherkaoui.ma\/index.php\/wp-json\/wp\/v2\/product_cat?post=30442"},{"taxonomy":"product_tag","embeddable":true,"href":"https:\/\/paracherkaoui.ma\/index.php\/wp-json\/wp\/v2\/product_tag?post=30442"}],"curies":[{"name":"wp","href":"https:\/\/api.w.org\/{rel}","templated":true}]}}