{"id":30387,"date":"2025-12-12T18:32:52","date_gmt":"2025-12-12T17:32:52","guid":{"rendered":"https:\/\/test.ecbeaute.com\/?post_type=product&#038;p=30387"},"modified":"2025-12-12T18:32:57","modified_gmt":"2025-12-12T17:32:57","slug":"mdc-offre-tone-corrector-serum-eclaircissant-30-mlmdc-hydra-max-30ml-trousse-offerts","status":"publish","type":"product","link":"https:\/\/paracherkaoui.ma\/index.php\/produit\/mdc-offre-tone-corrector-serum-eclaircissant-30-mlmdc-hydra-max-30ml-trousse-offerts\/","title":{"rendered":"MDC OFFRE TONE CORRECTOR SERUM ECLAIRCISSANT 30 ML+MDC HYDRA MAX 30ML + TROUSSE OFFERTS"},"content":{"rendered":"<p>Le S\u00e9rum Blanchissant Tone Corrector soutient la r\u00e9gulation des in\u00e9galit\u00e9s de teint et l\u2019\u00e9limination des imperfections. Il aide la peau \u00e0 avoir une apparence plus dynamique et lumineuse tout en maintenant l\u2019\u00e9quilibre hydrique.<\/p>\n","protected":false},"excerpt":{"rendered":"<p>Le S\u00e9rum Blanchissant Tone Corrector soutient la r\u00e9gulation des in\u00e9galit\u00e9s de teint et l\u2019\u00e9limination des imperfections. Il aide la peau<\/p>\n","protected":false},"featured_media":30434,"comment_status":"open","ping_status":"closed","template":"","meta":[],"product_brand":[277],"product_cat":[553],"product_tag":[],"class_list":{"0":"post-30387","1":"product","2":"type-product","3":"status-publish","4":"has-post-thumbnail","6":"product_brand-mdc","7":"product_cat-cremes-eclats","9":"first","10":"instock","11":"sale","12":"shipping-taxable","13":"purchasable","14":"product-type-simple"},"yoast_head":"<!-- This site is optimized with the Yoast SEO plugin v26.6 - https:\/\/yoast.com\/wordpress\/plugins\/seo\/ -->\r\n<title>MDC OFFRE TONE CORRECTOR SERUM ECLAIRCISSANT 30 ML+MDC HYDRA MAX 30ML + TROUSSE OFFERTS - Paracherkaoui.ma<\/title>\r\n<meta name=\"robots\" content=\"index, follow, max-snippet:-1, max-image-preview:large, max-video-preview:-1\" \/>\r\n<link rel=\"canonical\" href=\"https:\/\/paracherkaoui.ma\/index.php\/produit\/mdc-offre-tone-corrector-serum-eclaircissant-30-mlmdc-hydra-max-30ml-trousse-offerts\/\" \/>\r\n<meta property=\"og:locale\" content=\"fr_FR\" \/>\r\n<meta property=\"og:type\" content=\"article\" \/>\r\n<meta property=\"og:title\" content=\"MDC OFFRE TONE CORRECTOR SERUM ECLAIRCISSANT 30 ML+MDC HYDRA MAX 30ML + TROUSSE OFFERTS - Paracherkaoui.ma\" \/>\r\n<meta property=\"og:description\" content=\"Le S\u00e9rum Blanchissant Tone Corrector soutient la r\u00e9gulation des in\u00e9galit\u00e9s de teint et l\u2019\u00e9limination des imperfections. Il aide la peau\" \/>\r\n<meta property=\"og:url\" content=\"https:\/\/paracherkaoui.ma\/index.php\/produit\/mdc-offre-tone-corrector-serum-eclaircissant-30-mlmdc-hydra-max-30ml-trousse-offerts\/\" \/>\r\n<meta property=\"og:site_name\" content=\"Paracherkaoui.ma\" \/>\r\n<meta property=\"article:modified_time\" content=\"2025-12-12T17:32:57+00:00\" \/>\r\n<meta property=\"og:image\" content=\"https:\/\/paracherkaoui.ma\/wp-content\/uploads\/2025\/12\/mdc-offre-tone-corrector-serum-eclaircissant-30-mlmdc-hydra-max-30ml-trousse-offerts.jpg\" \/>\r\n\t<meta property=\"og:image:width\" content=\"700\" \/>\r\n\t<meta property=\"og:image:height\" content=\"700\" \/>\r\n\t<meta property=\"og:image:type\" content=\"image\/jpeg\" \/>\r\n<meta name=\"twitter:card\" content=\"summary_large_image\" \/>\r\n<script type=\"application\/ld+json\" class=\"yoast-schema-graph\">{\"@context\":\"https:\/\/schema.org\",\"@graph\":[{\"@type\":\"WebPage\",\"@id\":\"https:\/\/paracherkaoui.ma\/index.php\/produit\/mdc-offre-tone-corrector-serum-eclaircissant-30-mlmdc-hydra-max-30ml-trousse-offerts\/\",\"url\":\"https:\/\/paracherkaoui.ma\/index.php\/produit\/mdc-offre-tone-corrector-serum-eclaircissant-30-mlmdc-hydra-max-30ml-trousse-offerts\/\",\"name\":\"MDC OFFRE TONE CORRECTOR SERUM ECLAIRCISSANT 30 ML+MDC HYDRA MAX 30ML + TROUSSE OFFERTS - Paracherkaoui.ma\",\"isPartOf\":{\"@id\":\"https:\/\/paracherkaoui.ma\/#website\"},\"primaryImageOfPage\":{\"@id\":\"https:\/\/paracherkaoui.ma\/index.php\/produit\/mdc-offre-tone-corrector-serum-eclaircissant-30-mlmdc-hydra-max-30ml-trousse-offerts\/#primaryimage\"},\"image\":{\"@id\":\"https:\/\/paracherkaoui.ma\/index.php\/produit\/mdc-offre-tone-corrector-serum-eclaircissant-30-mlmdc-hydra-max-30ml-trousse-offerts\/#primaryimage\"},\"thumbnailUrl\":\"https:\/\/paracherkaoui.ma\/wp-content\/uploads\/2025\/12\/mdc-offre-tone-corrector-serum-eclaircissant-30-mlmdc-hydra-max-30ml-trousse-offerts.jpg\",\"datePublished\":\"2025-12-12T17:32:52+00:00\",\"dateModified\":\"2025-12-12T17:32:57+00:00\",\"breadcrumb\":{\"@id\":\"https:\/\/paracherkaoui.ma\/index.php\/produit\/mdc-offre-tone-corrector-serum-eclaircissant-30-mlmdc-hydra-max-30ml-trousse-offerts\/#breadcrumb\"},\"inLanguage\":\"fr-FR\",\"potentialAction\":[{\"@type\":\"ReadAction\",\"target\":[\"https:\/\/paracherkaoui.ma\/index.php\/produit\/mdc-offre-tone-corrector-serum-eclaircissant-30-mlmdc-hydra-max-30ml-trousse-offerts\/\"]}]},{\"@type\":\"ImageObject\",\"inLanguage\":\"fr-FR\",\"@id\":\"https:\/\/paracherkaoui.ma\/index.php\/produit\/mdc-offre-tone-corrector-serum-eclaircissant-30-mlmdc-hydra-max-30ml-trousse-offerts\/#primaryimage\",\"url\":\"https:\/\/paracherkaoui.ma\/wp-content\/uploads\/2025\/12\/mdc-offre-tone-corrector-serum-eclaircissant-30-mlmdc-hydra-max-30ml-trousse-offerts.jpg\",\"contentUrl\":\"https:\/\/paracherkaoui.ma\/wp-content\/uploads\/2025\/12\/mdc-offre-tone-corrector-serum-eclaircissant-30-mlmdc-hydra-max-30ml-trousse-offerts.jpg\",\"width\":700,\"height\":700},{\"@type\":\"BreadcrumbList\",\"@id\":\"https:\/\/paracherkaoui.ma\/index.php\/produit\/mdc-offre-tone-corrector-serum-eclaircissant-30-mlmdc-hydra-max-30ml-trousse-offerts\/#breadcrumb\",\"itemListElement\":[{\"@type\":\"ListItem\",\"position\":1,\"name\":\"Accueil\",\"item\":\"https:\/\/paracherkaoui.ma\/\"},{\"@type\":\"ListItem\",\"position\":2,\"name\":\"Boutique\",\"item\":\"https:\/\/paracherkaoui.ma\/index.php\/boutique\/\"},{\"@type\":\"ListItem\",\"position\":3,\"name\":\"MDC OFFRE TONE CORRECTOR SERUM ECLAIRCISSANT 30 ML+MDC HYDRA MAX 30ML + TROUSSE OFFERTS\"}]},{\"@type\":\"WebSite\",\"@id\":\"https:\/\/paracherkaoui.ma\/#website\",\"url\":\"https:\/\/paracherkaoui.ma\/\",\"name\":\"Paracherkaoui.ma\",\"description\":\"Achetez en ligne sur Paracherkaoui.ma\",\"potentialAction\":[{\"@type\":\"SearchAction\",\"target\":{\"@type\":\"EntryPoint\",\"urlTemplate\":\"https:\/\/paracherkaoui.ma\/?s={search_term_string}\"},\"query-input\":{\"@type\":\"PropertyValueSpecification\",\"valueRequired\":true,\"valueName\":\"search_term_string\"}}],\"inLanguage\":\"fr-FR\"}]}<\/script>\r\n<!-- \/ Yoast SEO plugin. -->","yoast_head_json":{"title":"MDC OFFRE TONE CORRECTOR SERUM ECLAIRCISSANT 30 ML+MDC HYDRA MAX 30ML + TROUSSE OFFERTS - Paracherkaoui.ma","robots":{"index":"index","follow":"follow","max-snippet":"max-snippet:-1","max-image-preview":"max-image-preview:large","max-video-preview":"max-video-preview:-1"},"canonical":"https:\/\/paracherkaoui.ma\/index.php\/produit\/mdc-offre-tone-corrector-serum-eclaircissant-30-mlmdc-hydra-max-30ml-trousse-offerts\/","og_locale":"fr_FR","og_type":"article","og_title":"MDC OFFRE TONE CORRECTOR SERUM ECLAIRCISSANT 30 ML+MDC HYDRA MAX 30ML + TROUSSE OFFERTS - Paracherkaoui.ma","og_description":"Le S\u00e9rum Blanchissant Tone Corrector soutient la r\u00e9gulation des in\u00e9galit\u00e9s de teint et l\u2019\u00e9limination des imperfections. Il aide la peau","og_url":"https:\/\/paracherkaoui.ma\/index.php\/produit\/mdc-offre-tone-corrector-serum-eclaircissant-30-mlmdc-hydra-max-30ml-trousse-offerts\/","og_site_name":"Paracherkaoui.ma","article_modified_time":"2025-12-12T17:32:57+00:00","og_image":[{"width":700,"height":700,"url":"https:\/\/paracherkaoui.ma\/wp-content\/uploads\/2025\/12\/mdc-offre-tone-corrector-serum-eclaircissant-30-mlmdc-hydra-max-30ml-trousse-offerts.jpg","type":"image\/jpeg"}],"twitter_card":"summary_large_image","schema":{"@context":"https:\/\/schema.org","@graph":[{"@type":"WebPage","@id":"https:\/\/paracherkaoui.ma\/index.php\/produit\/mdc-offre-tone-corrector-serum-eclaircissant-30-mlmdc-hydra-max-30ml-trousse-offerts\/","url":"https:\/\/paracherkaoui.ma\/index.php\/produit\/mdc-offre-tone-corrector-serum-eclaircissant-30-mlmdc-hydra-max-30ml-trousse-offerts\/","name":"MDC OFFRE TONE CORRECTOR SERUM ECLAIRCISSANT 30 ML+MDC HYDRA MAX 30ML + TROUSSE OFFERTS - Paracherkaoui.ma","isPartOf":{"@id":"https:\/\/paracherkaoui.ma\/#website"},"primaryImageOfPage":{"@id":"https:\/\/paracherkaoui.ma\/index.php\/produit\/mdc-offre-tone-corrector-serum-eclaircissant-30-mlmdc-hydra-max-30ml-trousse-offerts\/#primaryimage"},"image":{"@id":"https:\/\/paracherkaoui.ma\/index.php\/produit\/mdc-offre-tone-corrector-serum-eclaircissant-30-mlmdc-hydra-max-30ml-trousse-offerts\/#primaryimage"},"thumbnailUrl":"https:\/\/paracherkaoui.ma\/wp-content\/uploads\/2025\/12\/mdc-offre-tone-corrector-serum-eclaircissant-30-mlmdc-hydra-max-30ml-trousse-offerts.jpg","datePublished":"2025-12-12T17:32:52+00:00","dateModified":"2025-12-12T17:32:57+00:00","breadcrumb":{"@id":"https:\/\/paracherkaoui.ma\/index.php\/produit\/mdc-offre-tone-corrector-serum-eclaircissant-30-mlmdc-hydra-max-30ml-trousse-offerts\/#breadcrumb"},"inLanguage":"fr-FR","potentialAction":[{"@type":"ReadAction","target":["https:\/\/paracherkaoui.ma\/index.php\/produit\/mdc-offre-tone-corrector-serum-eclaircissant-30-mlmdc-hydra-max-30ml-trousse-offerts\/"]}]},{"@type":"ImageObject","inLanguage":"fr-FR","@id":"https:\/\/paracherkaoui.ma\/index.php\/produit\/mdc-offre-tone-corrector-serum-eclaircissant-30-mlmdc-hydra-max-30ml-trousse-offerts\/#primaryimage","url":"https:\/\/paracherkaoui.ma\/wp-content\/uploads\/2025\/12\/mdc-offre-tone-corrector-serum-eclaircissant-30-mlmdc-hydra-max-30ml-trousse-offerts.jpg","contentUrl":"https:\/\/paracherkaoui.ma\/wp-content\/uploads\/2025\/12\/mdc-offre-tone-corrector-serum-eclaircissant-30-mlmdc-hydra-max-30ml-trousse-offerts.jpg","width":700,"height":700},{"@type":"BreadcrumbList","@id":"https:\/\/paracherkaoui.ma\/index.php\/produit\/mdc-offre-tone-corrector-serum-eclaircissant-30-mlmdc-hydra-max-30ml-trousse-offerts\/#breadcrumb","itemListElement":[{"@type":"ListItem","position":1,"name":"Accueil","item":"https:\/\/paracherkaoui.ma\/"},{"@type":"ListItem","position":2,"name":"Boutique","item":"https:\/\/paracherkaoui.ma\/index.php\/boutique\/"},{"@type":"ListItem","position":3,"name":"MDC OFFRE TONE CORRECTOR SERUM ECLAIRCISSANT 30 ML+MDC HYDRA MAX 30ML + TROUSSE OFFERTS"}]},{"@type":"WebSite","@id":"https:\/\/paracherkaoui.ma\/#website","url":"https:\/\/paracherkaoui.ma\/","name":"Paracherkaoui.ma","description":"Achetez en ligne sur Paracherkaoui.ma","potentialAction":[{"@type":"SearchAction","target":{"@type":"EntryPoint","urlTemplate":"https:\/\/paracherkaoui.ma\/?s={search_term_string}"},"query-input":{"@type":"PropertyValueSpecification","valueRequired":true,"valueName":"search_term_string"}}],"inLanguage":"fr-FR"}]}},"_links":{"self":[{"href":"https:\/\/paracherkaoui.ma\/index.php\/wp-json\/wp\/v2\/product\/30387","targetHints":{"allow":["GET"]}}],"collection":[{"href":"https:\/\/paracherkaoui.ma\/index.php\/wp-json\/wp\/v2\/product"}],"about":[{"href":"https:\/\/paracherkaoui.ma\/index.php\/wp-json\/wp\/v2\/types\/product"}],"replies":[{"embeddable":true,"href":"https:\/\/paracherkaoui.ma\/index.php\/wp-json\/wp\/v2\/comments?post=30387"}],"version-history":[{"count":1,"href":"https:\/\/paracherkaoui.ma\/index.php\/wp-json\/wp\/v2\/product\/30387\/revisions"}],"predecessor-version":[{"id":30435,"href":"https:\/\/paracherkaoui.ma\/index.php\/wp-json\/wp\/v2\/product\/30387\/revisions\/30435"}],"wp:featuredmedia":[{"embeddable":true,"href":"https:\/\/paracherkaoui.ma\/index.php\/wp-json\/wp\/v2\/media\/30434"}],"wp:attachment":[{"href":"https:\/\/paracherkaoui.ma\/index.php\/wp-json\/wp\/v2\/media?parent=30387"}],"wp:term":[{"taxonomy":"product_brand","embeddable":true,"href":"https:\/\/paracherkaoui.ma\/index.php\/wp-json\/wp\/v2\/product_brand?post=30387"},{"taxonomy":"product_cat","embeddable":true,"href":"https:\/\/paracherkaoui.ma\/index.php\/wp-json\/wp\/v2\/product_cat?post=30387"},{"taxonomy":"product_tag","embeddable":true,"href":"https:\/\/paracherkaoui.ma\/index.php\/wp-json\/wp\/v2\/product_tag?post=30387"}],"curies":[{"name":"wp","href":"https:\/\/api.w.org\/{rel}","templated":true}]}}