{"id":30384,"date":"2025-12-12T18:32:52","date_gmt":"2025-12-12T17:32:52","guid":{"rendered":"https:\/\/test.ecbeaute.com\/?post_type=product&#038;p=30384"},"modified":"2025-12-12T18:32:56","modified_gmt":"2025-12-12T17:32:56","slug":"lendan-vitamin-forza-c-creme-fluide-50-ml-spf-20","status":"publish","type":"product","link":"https:\/\/paracherkaoui.ma\/index.php\/produit\/lendan-vitamin-forza-c-creme-fluide-50-ml-spf-20\/","title":{"rendered":"LENDAN VITAMIN FORZA C CREME FLUIDE 50 ML SPF 20"},"content":{"rendered":"<p>ADAPT\u00c9 \u00c0 TOUS LES TYPES DE PEAU:<br \/>\nUne formule fluide pour le visage \u00e0 base de Concentr\u00e9 d\u2019orange (vitamines C, A, B1, B2, B6, H, PP, acides amin\u00e9s et sucres), et enrichie en huile essentielle d\u2019\u00e9corce d\u2019orange. Il conf\u00e8re \u00e0 la peau des propri\u00e9t\u00e9s r\u00e9g\u00e9n\u00e9rantes et r\u00e9paratrices et prot\u00e8ge des agressions quotidiennes.<\/p>\n<p>LA TECHNOLOGIE:<br \/>\nCette formule hautement concentr\u00e9e assure: Action anti-radicalaire (ralentit le vieillissement), gr\u00e2ce \u00e0 l\u2019association du Concentr\u00e9 d\u2019Orange, de la vitamine C, de la vitamine E et de l\u2019huile essentielle d\u2019\u00e9corce d\u2019orange. Action hydratante, gr\u00e2ce \u00e0 la Provitamine B5 et aux esters gras AHA, renforc\u00e9e par des c\u00e9ramides actifs qui renforcent la capacit\u00e9 de r\u00e9tention d\u2019eau de la peau.<\/p>\n<p>Conseils d&rsquo;utilisation:<br \/>\nAppliquer matin et soir apr\u00e8s un nettoyage complet de la peau.<br \/>\nPour une plus grande efficacit\u00e9, nous recommandons l&rsquo;application de quelques gouttes du traitement r\u00e9parateur intensif avant d&rsquo;appliquer la cr\u00e8mF<\/p>\n","protected":false},"excerpt":{"rendered":"<p>ADAPT\u00c9 \u00c0 TOUS LES TYPES DE PEAU: Une formule fluide pour le visage \u00e0 base de Concentr\u00e9 d\u2019orange (vitamines C,<\/p>\n","protected":false},"featured_media":30428,"comment_status":"open","ping_status":"closed","template":"","meta":[],"product_brand":[474],"product_cat":[553],"product_tag":[],"class_list":{"0":"post-30384","1":"product","2":"type-product","3":"status-publish","4":"has-post-thumbnail","6":"product_brand-lendan","7":"product_cat-cremes-eclats","9":"first","10":"instock","11":"sale","12":"shipping-taxable","13":"purchasable","14":"product-type-simple"},"yoast_head":"<!-- This site is optimized with the Yoast SEO plugin v26.6 - https:\/\/yoast.com\/wordpress\/plugins\/seo\/ -->\r\n<title>LENDAN VITAMIN FORZA C CREME FLUIDE 50 ML SPF 20 - Paracherkaoui.ma<\/title>\r\n<meta name=\"robots\" content=\"index, follow, max-snippet:-1, max-image-preview:large, max-video-preview:-1\" \/>\r\n<link rel=\"canonical\" href=\"https:\/\/paracherkaoui.ma\/index.php\/produit\/lendan-vitamin-forza-c-creme-fluide-50-ml-spf-20\/\" \/>\r\n<meta property=\"og:locale\" content=\"fr_FR\" \/>\r\n<meta property=\"og:type\" content=\"article\" \/>\r\n<meta property=\"og:title\" content=\"LENDAN VITAMIN FORZA C CREME FLUIDE 50 ML SPF 20 - Paracherkaoui.ma\" \/>\r\n<meta property=\"og:description\" content=\"ADAPT\u00c9 \u00c0 TOUS LES TYPES DE PEAU: Une formule fluide pour le visage \u00e0 base de Concentr\u00e9 d\u2019orange (vitamines C,\" \/>\r\n<meta property=\"og:url\" content=\"https:\/\/paracherkaoui.ma\/index.php\/produit\/lendan-vitamin-forza-c-creme-fluide-50-ml-spf-20\/\" \/>\r\n<meta property=\"og:site_name\" content=\"Paracherkaoui.ma\" \/>\r\n<meta property=\"article:modified_time\" content=\"2025-12-12T17:32:56+00:00\" \/>\r\n<meta property=\"og:image\" content=\"https:\/\/paracherkaoui.ma\/wp-content\/uploads\/2025\/12\/lendan-lendan-vitamin-forza-c-creme-fluide-50-ml-spf-20-cremes-eclats.jpg\" \/>\r\n\t<meta property=\"og:image:width\" content=\"700\" \/>\r\n\t<meta property=\"og:image:height\" content=\"700\" \/>\r\n\t<meta property=\"og:image:type\" content=\"image\/jpeg\" \/>\r\n<meta name=\"twitter:card\" content=\"summary_large_image\" \/>\r\n<meta name=\"twitter:label1\" content=\"Dur\u00e9e de lecture estim\u00e9e\" \/>\n\t<meta name=\"twitter:data1\" content=\"1 minute\" \/>\r\n<script type=\"application\/ld+json\" class=\"yoast-schema-graph\">{\"@context\":\"https:\/\/schema.org\",\"@graph\":[{\"@type\":\"WebPage\",\"@id\":\"https:\/\/paracherkaoui.ma\/index.php\/produit\/lendan-vitamin-forza-c-creme-fluide-50-ml-spf-20\/\",\"url\":\"https:\/\/paracherkaoui.ma\/index.php\/produit\/lendan-vitamin-forza-c-creme-fluide-50-ml-spf-20\/\",\"name\":\"LENDAN VITAMIN FORZA C CREME FLUIDE 50 ML SPF 20 - Paracherkaoui.ma\",\"isPartOf\":{\"@id\":\"https:\/\/paracherkaoui.ma\/#website\"},\"primaryImageOfPage\":{\"@id\":\"https:\/\/paracherkaoui.ma\/index.php\/produit\/lendan-vitamin-forza-c-creme-fluide-50-ml-spf-20\/#primaryimage\"},\"image\":{\"@id\":\"https:\/\/paracherkaoui.ma\/index.php\/produit\/lendan-vitamin-forza-c-creme-fluide-50-ml-spf-20\/#primaryimage\"},\"thumbnailUrl\":\"https:\/\/paracherkaoui.ma\/wp-content\/uploads\/2025\/12\/lendan-lendan-vitamin-forza-c-creme-fluide-50-ml-spf-20-cremes-eclats.jpg\",\"datePublished\":\"2025-12-12T17:32:52+00:00\",\"dateModified\":\"2025-12-12T17:32:56+00:00\",\"breadcrumb\":{\"@id\":\"https:\/\/paracherkaoui.ma\/index.php\/produit\/lendan-vitamin-forza-c-creme-fluide-50-ml-spf-20\/#breadcrumb\"},\"inLanguage\":\"fr-FR\",\"potentialAction\":[{\"@type\":\"ReadAction\",\"target\":[\"https:\/\/paracherkaoui.ma\/index.php\/produit\/lendan-vitamin-forza-c-creme-fluide-50-ml-spf-20\/\"]}]},{\"@type\":\"ImageObject\",\"inLanguage\":\"fr-FR\",\"@id\":\"https:\/\/paracherkaoui.ma\/index.php\/produit\/lendan-vitamin-forza-c-creme-fluide-50-ml-spf-20\/#primaryimage\",\"url\":\"https:\/\/paracherkaoui.ma\/wp-content\/uploads\/2025\/12\/lendan-lendan-vitamin-forza-c-creme-fluide-50-ml-spf-20-cremes-eclats.jpg\",\"contentUrl\":\"https:\/\/paracherkaoui.ma\/wp-content\/uploads\/2025\/12\/lendan-lendan-vitamin-forza-c-creme-fluide-50-ml-spf-20-cremes-eclats.jpg\",\"width\":700,\"height\":700},{\"@type\":\"BreadcrumbList\",\"@id\":\"https:\/\/paracherkaoui.ma\/index.php\/produit\/lendan-vitamin-forza-c-creme-fluide-50-ml-spf-20\/#breadcrumb\",\"itemListElement\":[{\"@type\":\"ListItem\",\"position\":1,\"name\":\"Accueil\",\"item\":\"https:\/\/paracherkaoui.ma\/\"},{\"@type\":\"ListItem\",\"position\":2,\"name\":\"Boutique\",\"item\":\"https:\/\/paracherkaoui.ma\/index.php\/boutique\/\"},{\"@type\":\"ListItem\",\"position\":3,\"name\":\"LENDAN VITAMIN FORZA C CREME FLUIDE 50 ML SPF 20\"}]},{\"@type\":\"WebSite\",\"@id\":\"https:\/\/paracherkaoui.ma\/#website\",\"url\":\"https:\/\/paracherkaoui.ma\/\",\"name\":\"Paracherkaoui.ma\",\"description\":\"Achetez en ligne sur Paracherkaoui.ma\",\"potentialAction\":[{\"@type\":\"SearchAction\",\"target\":{\"@type\":\"EntryPoint\",\"urlTemplate\":\"https:\/\/paracherkaoui.ma\/?s={search_term_string}\"},\"query-input\":{\"@type\":\"PropertyValueSpecification\",\"valueRequired\":true,\"valueName\":\"search_term_string\"}}],\"inLanguage\":\"fr-FR\"}]}<\/script>\r\n<!-- \/ Yoast SEO plugin. -->","yoast_head_json":{"title":"LENDAN VITAMIN FORZA C CREME FLUIDE 50 ML SPF 20 - Paracherkaoui.ma","robots":{"index":"index","follow":"follow","max-snippet":"max-snippet:-1","max-image-preview":"max-image-preview:large","max-video-preview":"max-video-preview:-1"},"canonical":"https:\/\/paracherkaoui.ma\/index.php\/produit\/lendan-vitamin-forza-c-creme-fluide-50-ml-spf-20\/","og_locale":"fr_FR","og_type":"article","og_title":"LENDAN VITAMIN FORZA C CREME FLUIDE 50 ML SPF 20 - Paracherkaoui.ma","og_description":"ADAPT\u00c9 \u00c0 TOUS LES TYPES DE PEAU: Une formule fluide pour le visage \u00e0 base de Concentr\u00e9 d\u2019orange (vitamines C,","og_url":"https:\/\/paracherkaoui.ma\/index.php\/produit\/lendan-vitamin-forza-c-creme-fluide-50-ml-spf-20\/","og_site_name":"Paracherkaoui.ma","article_modified_time":"2025-12-12T17:32:56+00:00","og_image":[{"width":700,"height":700,"url":"https:\/\/paracherkaoui.ma\/wp-content\/uploads\/2025\/12\/lendan-lendan-vitamin-forza-c-creme-fluide-50-ml-spf-20-cremes-eclats.jpg","type":"image\/jpeg"}],"twitter_card":"summary_large_image","twitter_misc":{"Dur\u00e9e de lecture estim\u00e9e":"1 minute"},"schema":{"@context":"https:\/\/schema.org","@graph":[{"@type":"WebPage","@id":"https:\/\/paracherkaoui.ma\/index.php\/produit\/lendan-vitamin-forza-c-creme-fluide-50-ml-spf-20\/","url":"https:\/\/paracherkaoui.ma\/index.php\/produit\/lendan-vitamin-forza-c-creme-fluide-50-ml-spf-20\/","name":"LENDAN VITAMIN FORZA C CREME FLUIDE 50 ML SPF 20 - Paracherkaoui.ma","isPartOf":{"@id":"https:\/\/paracherkaoui.ma\/#website"},"primaryImageOfPage":{"@id":"https:\/\/paracherkaoui.ma\/index.php\/produit\/lendan-vitamin-forza-c-creme-fluide-50-ml-spf-20\/#primaryimage"},"image":{"@id":"https:\/\/paracherkaoui.ma\/index.php\/produit\/lendan-vitamin-forza-c-creme-fluide-50-ml-spf-20\/#primaryimage"},"thumbnailUrl":"https:\/\/paracherkaoui.ma\/wp-content\/uploads\/2025\/12\/lendan-lendan-vitamin-forza-c-creme-fluide-50-ml-spf-20-cremes-eclats.jpg","datePublished":"2025-12-12T17:32:52+00:00","dateModified":"2025-12-12T17:32:56+00:00","breadcrumb":{"@id":"https:\/\/paracherkaoui.ma\/index.php\/produit\/lendan-vitamin-forza-c-creme-fluide-50-ml-spf-20\/#breadcrumb"},"inLanguage":"fr-FR","potentialAction":[{"@type":"ReadAction","target":["https:\/\/paracherkaoui.ma\/index.php\/produit\/lendan-vitamin-forza-c-creme-fluide-50-ml-spf-20\/"]}]},{"@type":"ImageObject","inLanguage":"fr-FR","@id":"https:\/\/paracherkaoui.ma\/index.php\/produit\/lendan-vitamin-forza-c-creme-fluide-50-ml-spf-20\/#primaryimage","url":"https:\/\/paracherkaoui.ma\/wp-content\/uploads\/2025\/12\/lendan-lendan-vitamin-forza-c-creme-fluide-50-ml-spf-20-cremes-eclats.jpg","contentUrl":"https:\/\/paracherkaoui.ma\/wp-content\/uploads\/2025\/12\/lendan-lendan-vitamin-forza-c-creme-fluide-50-ml-spf-20-cremes-eclats.jpg","width":700,"height":700},{"@type":"BreadcrumbList","@id":"https:\/\/paracherkaoui.ma\/index.php\/produit\/lendan-vitamin-forza-c-creme-fluide-50-ml-spf-20\/#breadcrumb","itemListElement":[{"@type":"ListItem","position":1,"name":"Accueil","item":"https:\/\/paracherkaoui.ma\/"},{"@type":"ListItem","position":2,"name":"Boutique","item":"https:\/\/paracherkaoui.ma\/index.php\/boutique\/"},{"@type":"ListItem","position":3,"name":"LENDAN VITAMIN FORZA C CREME FLUIDE 50 ML SPF 20"}]},{"@type":"WebSite","@id":"https:\/\/paracherkaoui.ma\/#website","url":"https:\/\/paracherkaoui.ma\/","name":"Paracherkaoui.ma","description":"Achetez en ligne sur Paracherkaoui.ma","potentialAction":[{"@type":"SearchAction","target":{"@type":"EntryPoint","urlTemplate":"https:\/\/paracherkaoui.ma\/?s={search_term_string}"},"query-input":{"@type":"PropertyValueSpecification","valueRequired":true,"valueName":"search_term_string"}}],"inLanguage":"fr-FR"}]}},"_links":{"self":[{"href":"https:\/\/paracherkaoui.ma\/index.php\/wp-json\/wp\/v2\/product\/30384","targetHints":{"allow":["GET"]}}],"collection":[{"href":"https:\/\/paracherkaoui.ma\/index.php\/wp-json\/wp\/v2\/product"}],"about":[{"href":"https:\/\/paracherkaoui.ma\/index.php\/wp-json\/wp\/v2\/types\/product"}],"replies":[{"embeddable":true,"href":"https:\/\/paracherkaoui.ma\/index.php\/wp-json\/wp\/v2\/comments?post=30384"}],"version-history":[{"count":1,"href":"https:\/\/paracherkaoui.ma\/index.php\/wp-json\/wp\/v2\/product\/30384\/revisions"}],"predecessor-version":[{"id":30429,"href":"https:\/\/paracherkaoui.ma\/index.php\/wp-json\/wp\/v2\/product\/30384\/revisions\/30429"}],"wp:featuredmedia":[{"embeddable":true,"href":"https:\/\/paracherkaoui.ma\/index.php\/wp-json\/wp\/v2\/media\/30428"}],"wp:attachment":[{"href":"https:\/\/paracherkaoui.ma\/index.php\/wp-json\/wp\/v2\/media?parent=30384"}],"wp:term":[{"taxonomy":"product_brand","embeddable":true,"href":"https:\/\/paracherkaoui.ma\/index.php\/wp-json\/wp\/v2\/product_brand?post=30384"},{"taxonomy":"product_cat","embeddable":true,"href":"https:\/\/paracherkaoui.ma\/index.php\/wp-json\/wp\/v2\/product_cat?post=30384"},{"taxonomy":"product_tag","embeddable":true,"href":"https:\/\/paracherkaoui.ma\/index.php\/wp-json\/wp\/v2\/product_tag?post=30384"}],"curies":[{"name":"wp","href":"https:\/\/api.w.org\/{rel}","templated":true}]}}