{"id":30368,"date":"2025-12-12T18:32:52","date_gmt":"2025-12-12T17:32:52","guid":{"rendered":"https:\/\/test.ecbeaute.com\/?post_type=product&#038;p=30368"},"modified":"2025-12-12T18:32:54","modified_gmt":"2025-12-12T17:32:54","slug":"dermagor-creme-unifiante-vitamine-c-40-ml","status":"publish","type":"product","link":"https:\/\/paracherkaoui.ma\/index.php\/produit\/dermagor-creme-unifiante-vitamine-c-40-ml\/","title":{"rendered":"DERMAGOR CREME UNIFIANTE VITAMINE C 40 ML"},"content":{"rendered":"<p>Cr\u00e8me blanchissante 24 heures \u00e0 la texture fra\u00eeche, sp\u00e9cialement con\u00e7ue pour le soin quotidien des peaux sensibles \u00e0 tendance \u00e0 l\u2019hyperpigmentation . La formule enrichie du complexe anti-\u00e2ge brevet\u00e9 de Meiritage, de la vitamine C et des extraits antioxydants v\u00e9g\u00e9taux, cible et am\u00e9liore visiblement les d\u00e9colorations et les signes du photovieillissement (taches de rousseur, taches, teint irr\u00e9gulier) tout en emp\u00eachant leur r\u00e9apparition. Il favorise la biosynth\u00e8se du collag\u00e8ne , r\u00e9duit l\u2019apparence des rides , hydrate et redonne progressivement \u00e0 la peau son uniformit\u00e9 et son \u00e9clat naturel.<br \/>\nComplexe Meiritage<br \/>\nIngr\u00e9dient brevet\u00e9. Une pr\u00e9cieuse combinaison d\u2019extraits de plantes \u00e0 forte action anti-\u00e2ge et anti-inflammatoire. Il cible trois signes de l\u2019\u00e2ge : l\u2019hyperpigmentation, la d\u00e9shydratation et les rides. Il stimule la biosynth\u00e8se du collag\u00e8ne, apaise les irritations et prot\u00e8ge la peau des radicaux libres et du photovieillissement. \u00c9quilibre le teint, d\u00e9pigmente les taches de vieillesse qui se forment en raison d\u2019une exposition chronique et cumulative aux rayons UV.<br \/>\nDisponible dans votre parapharmacie en ligne www.cotema<br \/>\nVitamine C<br \/>\nForte action antioxydante qui prot\u00e8ge la peau des effets n\u00e9fastes des radicaux libres et du vieillissement pr\u00e9matur\u00e9. Il favorise la biosynth\u00e8se du collag\u00e8ne et contribue \u00e0 l\u2019hydratation et \u00e0 la r\u00e9duction des rides et ridules. Am\u00e9liore la d\u00e9coloration et les signes de photovieillissement, donnant un teint plus uniforme et plus \u00e9clatant.<br \/>\nExtrait d\u2019Enanthia Chloranthia<br \/>\n\u00c9quilibre la s\u00e9cr\u00e9tion de s\u00e9bum en r\u00e9duisant l\u2019apparence des pores dilat\u00e9s. Apaise, nourrit et r\u00e9g\u00e9n\u00e8re la peau. Unifie le ton de la couleur en am\u00e9liorant l\u2019apparence g\u00e9n\u00e9rale de la peau.<br \/>\nAcides Alpha Hydroxy<br \/>\nPrincipes actifs d\u00e9riv\u00e9s d\u2019acides ou de sucres de fruits. Ils augmentent l\u2019\u00e9lasticit\u00e9 de la peau, am\u00e9liorent les rides et ridules tout en \u00e9liminant les cellules mortes et en favorisant la r\u00e9g\u00e9n\u00e9ration cutan\u00e9e.<br \/>\nProduit test\u00e9 sous contr\u00f4le dermatologique.<br \/>\nParfum discret<br \/>\nCONSEILS D&rsquo;UTILISATION:<br \/>\nAppliquer matin et soir<\/p>\n","protected":false},"excerpt":{"rendered":"<p>Cr\u00e8me blanchissante 24 heures \u00e0 la texture fra\u00eeche, sp\u00e9cialement con\u00e7ue pour le soin quotidien des peaux sensibles \u00e0 tendance \u00e0<\/p>\n","protected":false},"featured_media":30401,"comment_status":"open","ping_status":"closed","template":"","meta":[],"product_brand":[388],"product_cat":[553],"product_tag":[],"class_list":{"0":"post-30368","1":"product","2":"type-product","3":"status-publish","4":"has-post-thumbnail","6":"product_brand-dermagor","7":"product_cat-cremes-eclats","9":"first","10":"instock","11":"sale","12":"shipping-taxable","13":"purchasable","14":"product-type-simple"},"yoast_head":"<!-- This site is optimized with the Yoast SEO plugin v26.6 - https:\/\/yoast.com\/wordpress\/plugins\/seo\/ -->\r\n<title>DERMAGOR CREME UNIFIANTE VITAMINE C 40 ML - Paracherkaoui.ma<\/title>\r\n<meta name=\"robots\" content=\"index, follow, max-snippet:-1, max-image-preview:large, max-video-preview:-1\" \/>\r\n<link rel=\"canonical\" href=\"https:\/\/paracherkaoui.ma\/index.php\/produit\/dermagor-creme-unifiante-vitamine-c-40-ml\/\" \/>\r\n<meta property=\"og:locale\" content=\"fr_FR\" \/>\r\n<meta property=\"og:type\" content=\"article\" \/>\r\n<meta property=\"og:title\" content=\"DERMAGOR CREME UNIFIANTE VITAMINE C 40 ML - Paracherkaoui.ma\" \/>\r\n<meta property=\"og:description\" content=\"Cr\u00e8me blanchissante 24 heures \u00e0 la texture fra\u00eeche, sp\u00e9cialement con\u00e7ue pour le soin quotidien des peaux sensibles \u00e0 tendance \u00e0\" \/>\r\n<meta property=\"og:url\" content=\"https:\/\/paracherkaoui.ma\/index.php\/produit\/dermagor-creme-unifiante-vitamine-c-40-ml\/\" \/>\r\n<meta property=\"og:site_name\" content=\"Paracherkaoui.ma\" \/>\r\n<meta property=\"article:modified_time\" content=\"2025-12-12T17:32:54+00:00\" \/>\r\n<meta property=\"og:image\" content=\"https:\/\/paracherkaoui.ma\/wp-content\/uploads\/2025\/12\/dermagor-dermagor-creme-unifiante-vitamine-c-40-ml-cremes-eclats.jpg\" \/>\r\n\t<meta property=\"og:image:width\" content=\"700\" \/>\r\n\t<meta property=\"og:image:height\" content=\"700\" \/>\r\n\t<meta property=\"og:image:type\" content=\"image\/jpeg\" \/>\r\n<meta name=\"twitter:card\" content=\"summary_large_image\" \/>\r\n<meta name=\"twitter:label1\" content=\"Dur\u00e9e de lecture estim\u00e9e\" \/>\n\t<meta name=\"twitter:data1\" content=\"2 minutes\" \/>\r\n<script type=\"application\/ld+json\" class=\"yoast-schema-graph\">{\"@context\":\"https:\/\/schema.org\",\"@graph\":[{\"@type\":\"WebPage\",\"@id\":\"https:\/\/paracherkaoui.ma\/index.php\/produit\/dermagor-creme-unifiante-vitamine-c-40-ml\/\",\"url\":\"https:\/\/paracherkaoui.ma\/index.php\/produit\/dermagor-creme-unifiante-vitamine-c-40-ml\/\",\"name\":\"DERMAGOR CREME UNIFIANTE VITAMINE C 40 ML - Paracherkaoui.ma\",\"isPartOf\":{\"@id\":\"https:\/\/paracherkaoui.ma\/#website\"},\"primaryImageOfPage\":{\"@id\":\"https:\/\/paracherkaoui.ma\/index.php\/produit\/dermagor-creme-unifiante-vitamine-c-40-ml\/#primaryimage\"},\"image\":{\"@id\":\"https:\/\/paracherkaoui.ma\/index.php\/produit\/dermagor-creme-unifiante-vitamine-c-40-ml\/#primaryimage\"},\"thumbnailUrl\":\"https:\/\/paracherkaoui.ma\/wp-content\/uploads\/2025\/12\/dermagor-dermagor-creme-unifiante-vitamine-c-40-ml-cremes-eclats.jpg\",\"datePublished\":\"2025-12-12T17:32:52+00:00\",\"dateModified\":\"2025-12-12T17:32:54+00:00\",\"breadcrumb\":{\"@id\":\"https:\/\/paracherkaoui.ma\/index.php\/produit\/dermagor-creme-unifiante-vitamine-c-40-ml\/#breadcrumb\"},\"inLanguage\":\"fr-FR\",\"potentialAction\":[{\"@type\":\"ReadAction\",\"target\":[\"https:\/\/paracherkaoui.ma\/index.php\/produit\/dermagor-creme-unifiante-vitamine-c-40-ml\/\"]}]},{\"@type\":\"ImageObject\",\"inLanguage\":\"fr-FR\",\"@id\":\"https:\/\/paracherkaoui.ma\/index.php\/produit\/dermagor-creme-unifiante-vitamine-c-40-ml\/#primaryimage\",\"url\":\"https:\/\/paracherkaoui.ma\/wp-content\/uploads\/2025\/12\/dermagor-dermagor-creme-unifiante-vitamine-c-40-ml-cremes-eclats.jpg\",\"contentUrl\":\"https:\/\/paracherkaoui.ma\/wp-content\/uploads\/2025\/12\/dermagor-dermagor-creme-unifiante-vitamine-c-40-ml-cremes-eclats.jpg\",\"width\":700,\"height\":700},{\"@type\":\"BreadcrumbList\",\"@id\":\"https:\/\/paracherkaoui.ma\/index.php\/produit\/dermagor-creme-unifiante-vitamine-c-40-ml\/#breadcrumb\",\"itemListElement\":[{\"@type\":\"ListItem\",\"position\":1,\"name\":\"Accueil\",\"item\":\"https:\/\/paracherkaoui.ma\/\"},{\"@type\":\"ListItem\",\"position\":2,\"name\":\"Boutique\",\"item\":\"https:\/\/paracherkaoui.ma\/index.php\/boutique\/\"},{\"@type\":\"ListItem\",\"position\":3,\"name\":\"DERMAGOR CREME UNIFIANTE VITAMINE C 40 ML\"}]},{\"@type\":\"WebSite\",\"@id\":\"https:\/\/paracherkaoui.ma\/#website\",\"url\":\"https:\/\/paracherkaoui.ma\/\",\"name\":\"Paracherkaoui.ma\",\"description\":\"Achetez en ligne sur Paracherkaoui.ma\",\"potentialAction\":[{\"@type\":\"SearchAction\",\"target\":{\"@type\":\"EntryPoint\",\"urlTemplate\":\"https:\/\/paracherkaoui.ma\/?s={search_term_string}\"},\"query-input\":{\"@type\":\"PropertyValueSpecification\",\"valueRequired\":true,\"valueName\":\"search_term_string\"}}],\"inLanguage\":\"fr-FR\"}]}<\/script>\r\n<!-- \/ Yoast SEO plugin. -->","yoast_head_json":{"title":"DERMAGOR CREME UNIFIANTE VITAMINE C 40 ML - Paracherkaoui.ma","robots":{"index":"index","follow":"follow","max-snippet":"max-snippet:-1","max-image-preview":"max-image-preview:large","max-video-preview":"max-video-preview:-1"},"canonical":"https:\/\/paracherkaoui.ma\/index.php\/produit\/dermagor-creme-unifiante-vitamine-c-40-ml\/","og_locale":"fr_FR","og_type":"article","og_title":"DERMAGOR CREME UNIFIANTE VITAMINE C 40 ML - Paracherkaoui.ma","og_description":"Cr\u00e8me blanchissante 24 heures \u00e0 la texture fra\u00eeche, sp\u00e9cialement con\u00e7ue pour le soin quotidien des peaux sensibles \u00e0 tendance \u00e0","og_url":"https:\/\/paracherkaoui.ma\/index.php\/produit\/dermagor-creme-unifiante-vitamine-c-40-ml\/","og_site_name":"Paracherkaoui.ma","article_modified_time":"2025-12-12T17:32:54+00:00","og_image":[{"width":700,"height":700,"url":"https:\/\/paracherkaoui.ma\/wp-content\/uploads\/2025\/12\/dermagor-dermagor-creme-unifiante-vitamine-c-40-ml-cremes-eclats.jpg","type":"image\/jpeg"}],"twitter_card":"summary_large_image","twitter_misc":{"Dur\u00e9e de lecture estim\u00e9e":"2 minutes"},"schema":{"@context":"https:\/\/schema.org","@graph":[{"@type":"WebPage","@id":"https:\/\/paracherkaoui.ma\/index.php\/produit\/dermagor-creme-unifiante-vitamine-c-40-ml\/","url":"https:\/\/paracherkaoui.ma\/index.php\/produit\/dermagor-creme-unifiante-vitamine-c-40-ml\/","name":"DERMAGOR CREME UNIFIANTE VITAMINE C 40 ML - Paracherkaoui.ma","isPartOf":{"@id":"https:\/\/paracherkaoui.ma\/#website"},"primaryImageOfPage":{"@id":"https:\/\/paracherkaoui.ma\/index.php\/produit\/dermagor-creme-unifiante-vitamine-c-40-ml\/#primaryimage"},"image":{"@id":"https:\/\/paracherkaoui.ma\/index.php\/produit\/dermagor-creme-unifiante-vitamine-c-40-ml\/#primaryimage"},"thumbnailUrl":"https:\/\/paracherkaoui.ma\/wp-content\/uploads\/2025\/12\/dermagor-dermagor-creme-unifiante-vitamine-c-40-ml-cremes-eclats.jpg","datePublished":"2025-12-12T17:32:52+00:00","dateModified":"2025-12-12T17:32:54+00:00","breadcrumb":{"@id":"https:\/\/paracherkaoui.ma\/index.php\/produit\/dermagor-creme-unifiante-vitamine-c-40-ml\/#breadcrumb"},"inLanguage":"fr-FR","potentialAction":[{"@type":"ReadAction","target":["https:\/\/paracherkaoui.ma\/index.php\/produit\/dermagor-creme-unifiante-vitamine-c-40-ml\/"]}]},{"@type":"ImageObject","inLanguage":"fr-FR","@id":"https:\/\/paracherkaoui.ma\/index.php\/produit\/dermagor-creme-unifiante-vitamine-c-40-ml\/#primaryimage","url":"https:\/\/paracherkaoui.ma\/wp-content\/uploads\/2025\/12\/dermagor-dermagor-creme-unifiante-vitamine-c-40-ml-cremes-eclats.jpg","contentUrl":"https:\/\/paracherkaoui.ma\/wp-content\/uploads\/2025\/12\/dermagor-dermagor-creme-unifiante-vitamine-c-40-ml-cremes-eclats.jpg","width":700,"height":700},{"@type":"BreadcrumbList","@id":"https:\/\/paracherkaoui.ma\/index.php\/produit\/dermagor-creme-unifiante-vitamine-c-40-ml\/#breadcrumb","itemListElement":[{"@type":"ListItem","position":1,"name":"Accueil","item":"https:\/\/paracherkaoui.ma\/"},{"@type":"ListItem","position":2,"name":"Boutique","item":"https:\/\/paracherkaoui.ma\/index.php\/boutique\/"},{"@type":"ListItem","position":3,"name":"DERMAGOR CREME UNIFIANTE VITAMINE C 40 ML"}]},{"@type":"WebSite","@id":"https:\/\/paracherkaoui.ma\/#website","url":"https:\/\/paracherkaoui.ma\/","name":"Paracherkaoui.ma","description":"Achetez en ligne sur Paracherkaoui.ma","potentialAction":[{"@type":"SearchAction","target":{"@type":"EntryPoint","urlTemplate":"https:\/\/paracherkaoui.ma\/?s={search_term_string}"},"query-input":{"@type":"PropertyValueSpecification","valueRequired":true,"valueName":"search_term_string"}}],"inLanguage":"fr-FR"}]}},"_links":{"self":[{"href":"https:\/\/paracherkaoui.ma\/index.php\/wp-json\/wp\/v2\/product\/30368","targetHints":{"allow":["GET"]}}],"collection":[{"href":"https:\/\/paracherkaoui.ma\/index.php\/wp-json\/wp\/v2\/product"}],"about":[{"href":"https:\/\/paracherkaoui.ma\/index.php\/wp-json\/wp\/v2\/types\/product"}],"replies":[{"embeddable":true,"href":"https:\/\/paracherkaoui.ma\/index.php\/wp-json\/wp\/v2\/comments?post=30368"}],"version-history":[{"count":1,"href":"https:\/\/paracherkaoui.ma\/index.php\/wp-json\/wp\/v2\/product\/30368\/revisions"}],"predecessor-version":[{"id":30402,"href":"https:\/\/paracherkaoui.ma\/index.php\/wp-json\/wp\/v2\/product\/30368\/revisions\/30402"}],"wp:featuredmedia":[{"embeddable":true,"href":"https:\/\/paracherkaoui.ma\/index.php\/wp-json\/wp\/v2\/media\/30401"}],"wp:attachment":[{"href":"https:\/\/paracherkaoui.ma\/index.php\/wp-json\/wp\/v2\/media?parent=30368"}],"wp:term":[{"taxonomy":"product_brand","embeddable":true,"href":"https:\/\/paracherkaoui.ma\/index.php\/wp-json\/wp\/v2\/product_brand?post=30368"},{"taxonomy":"product_cat","embeddable":true,"href":"https:\/\/paracherkaoui.ma\/index.php\/wp-json\/wp\/v2\/product_cat?post=30368"},{"taxonomy":"product_tag","embeddable":true,"href":"https:\/\/paracherkaoui.ma\/index.php\/wp-json\/wp\/v2\/product_tag?post=30368"}],"curies":[{"name":"wp","href":"https:\/\/api.w.org\/{rel}","templated":true}]}}