{"id":30301,"date":"2025-12-12T18:32:44","date_gmt":"2025-12-12T17:32:44","guid":{"rendered":"https:\/\/test.ecbeaute.com\/?post_type=product&#038;p=30301"},"modified":"2025-12-12T18:32:49","modified_gmt":"2025-12-12T17:32:49","slug":"svr-c20-biotic-creme-regenerante-eclat-50ml-3","status":"publish","type":"product","link":"https:\/\/paracherkaoui.ma\/index.php\/produit\/svr-c20-biotic-creme-regenerante-eclat-50ml-3\/","title":{"rendered":"SVR C20 BIOTIC CREME REGENERANTE ECLAT 50ML"},"content":{"rendered":"<p>Description:<br \/>\nSVR Biotic C20 Cr\u00e8me R\u00e9g\u00e9n\u00e9rante \u00c9clat 50 ml est faite pour r\u00e9g\u00e9n\u00e9rer votre peau gr\u00e2ce \u00e0 une combinaison de 3 actifs essentiels \u00e0 la fonction de la peau\u00a0:<br \/>\nles probiotiques pasteuris\u00e9s : ils prot\u00e8gent et renforcent la barri\u00e8re cutan\u00e9e. l&rsquo;acide hyaluronique : il lisse les rides, les ridules et hydrate. vitamine C, stabilis\u00e9e 20% : prot\u00e8ge des radicaux libres, uniformise, raffermie, d\u00e9fatigue et illumine le teint. Jour apr\u00e8s jour, la peau est lisse, tonique, les signes de fatigue sont moins marqu\u00e9s. Pollution, UV, stress, tabac et bien d&rsquo;autres g\u00e9n\u00e8rent un stress oxydatif et engendrent un vieillissement cellulaire pr\u00e9matur\u00e9. Ce ph\u00e9nom\u00e8ne fragilise la peau \u00e0 ses trois niveaux : Microbiote, \u00e9piderme, et derme.<br \/>\nConseils d&rsquo;utilisation:<br \/>\nAppliquer sur peau propre et non-irrit\u00e9e matin et\/ou soir sur le visage et le cou. Excellente base de maquillage. Lors de la premi\u00e8re utilisation, appliquer sur peau propre une petite quantit\u00e9 le soir et attendre 48H minimum avant la seconde application. En cas de picotements, rougeurs ou autre manifestation cutan\u00e9es, arr\u00eater l&rsquo;utilisation du produit. Une fois la peau habitu\u00e9e vous pouvez appliquer le produit quotidiennement, 1 \u00e0 2 fois par jours selon vos besoins.<\/p>\n","protected":false},"excerpt":{"rendered":"<p>Description: SVR Biotic C20 Cr\u00e8me R\u00e9g\u00e9n\u00e9rante \u00c9clat 50 ml est faite pour r\u00e9g\u00e9n\u00e9rer votre peau gr\u00e2ce \u00e0 une combinaison de<\/p>\n","protected":false},"featured_media":11855,"comment_status":"open","ping_status":"closed","template":"","meta":[],"product_brand":[133],"product_cat":[553],"product_tag":[],"class_list":{"0":"post-30301","1":"product","2":"type-product","3":"status-publish","4":"has-post-thumbnail","6":"product_brand-svr","7":"product_cat-cremes-eclats","9":"first","10":"instock","11":"sale","12":"shipping-taxable","13":"purchasable","14":"product-type-simple"},"yoast_head":"<!-- This site is optimized with the Yoast SEO plugin v26.6 - https:\/\/yoast.com\/wordpress\/plugins\/seo\/ -->\r\n<title>SVR C20 BIOTIC CREME REGENERANTE ECLAT 50ML - Paracherkaoui.ma<\/title>\r\n<meta name=\"robots\" content=\"index, follow, max-snippet:-1, max-image-preview:large, max-video-preview:-1\" \/>\r\n<link rel=\"canonical\" href=\"https:\/\/paracherkaoui.ma\/index.php\/produit\/svr-c20-biotic-creme-regenerante-eclat-50ml-3\/\" \/>\r\n<meta property=\"og:locale\" content=\"fr_FR\" \/>\r\n<meta property=\"og:type\" content=\"article\" \/>\r\n<meta property=\"og:title\" content=\"SVR C20 BIOTIC CREME REGENERANTE ECLAT 50ML - Paracherkaoui.ma\" \/>\r\n<meta property=\"og:description\" content=\"Description: SVR Biotic C20 Cr\u00e8me R\u00e9g\u00e9n\u00e9rante \u00c9clat 50 ml est faite pour r\u00e9g\u00e9n\u00e9rer votre peau gr\u00e2ce \u00e0 une combinaison de\" \/>\r\n<meta property=\"og:url\" content=\"https:\/\/paracherkaoui.ma\/index.php\/produit\/svr-c20-biotic-creme-regenerante-eclat-50ml-3\/\" \/>\r\n<meta property=\"og:site_name\" content=\"Paracherkaoui.ma\" \/>\r\n<meta property=\"article:modified_time\" content=\"2025-12-12T17:32:49+00:00\" \/>\r\n<meta property=\"og:image\" content=\"https:\/\/paracherkaoui.ma\/wp-content\/uploads\/2025\/12\/svr-c20-biotic-creme-regenerante-eclat-50ml.jpg\" \/>\r\n\t<meta property=\"og:image:width\" content=\"700\" \/>\r\n\t<meta property=\"og:image:height\" content=\"700\" \/>\r\n\t<meta property=\"og:image:type\" content=\"image\/jpeg\" \/>\r\n<meta name=\"twitter:card\" content=\"summary_large_image\" \/>\r\n<meta name=\"twitter:label1\" content=\"Dur\u00e9e de lecture estim\u00e9e\" \/>\n\t<meta name=\"twitter:data1\" content=\"1 minute\" \/>\r\n<script type=\"application\/ld+json\" class=\"yoast-schema-graph\">{\"@context\":\"https:\/\/schema.org\",\"@graph\":[{\"@type\":\"WebPage\",\"@id\":\"https:\/\/paracherkaoui.ma\/index.php\/produit\/svr-c20-biotic-creme-regenerante-eclat-50ml-3\/\",\"url\":\"https:\/\/paracherkaoui.ma\/index.php\/produit\/svr-c20-biotic-creme-regenerante-eclat-50ml-3\/\",\"name\":\"SVR C20 BIOTIC CREME REGENERANTE ECLAT 50ML - Paracherkaoui.ma\",\"isPartOf\":{\"@id\":\"https:\/\/paracherkaoui.ma\/#website\"},\"primaryImageOfPage\":{\"@id\":\"https:\/\/paracherkaoui.ma\/index.php\/produit\/svr-c20-biotic-creme-regenerante-eclat-50ml-3\/#primaryimage\"},\"image\":{\"@id\":\"https:\/\/paracherkaoui.ma\/index.php\/produit\/svr-c20-biotic-creme-regenerante-eclat-50ml-3\/#primaryimage\"},\"thumbnailUrl\":\"https:\/\/paracherkaoui.ma\/wp-content\/uploads\/2025\/12\/svr-c20-biotic-creme-regenerante-eclat-50ml.jpg\",\"datePublished\":\"2025-12-12T17:32:44+00:00\",\"dateModified\":\"2025-12-12T17:32:49+00:00\",\"breadcrumb\":{\"@id\":\"https:\/\/paracherkaoui.ma\/index.php\/produit\/svr-c20-biotic-creme-regenerante-eclat-50ml-3\/#breadcrumb\"},\"inLanguage\":\"fr-FR\",\"potentialAction\":[{\"@type\":\"ReadAction\",\"target\":[\"https:\/\/paracherkaoui.ma\/index.php\/produit\/svr-c20-biotic-creme-regenerante-eclat-50ml-3\/\"]}]},{\"@type\":\"ImageObject\",\"inLanguage\":\"fr-FR\",\"@id\":\"https:\/\/paracherkaoui.ma\/index.php\/produit\/svr-c20-biotic-creme-regenerante-eclat-50ml-3\/#primaryimage\",\"url\":\"https:\/\/paracherkaoui.ma\/wp-content\/uploads\/2025\/12\/svr-c20-biotic-creme-regenerante-eclat-50ml.jpg\",\"contentUrl\":\"https:\/\/paracherkaoui.ma\/wp-content\/uploads\/2025\/12\/svr-c20-biotic-creme-regenerante-eclat-50ml.jpg\",\"width\":700,\"height\":700},{\"@type\":\"BreadcrumbList\",\"@id\":\"https:\/\/paracherkaoui.ma\/index.php\/produit\/svr-c20-biotic-creme-regenerante-eclat-50ml-3\/#breadcrumb\",\"itemListElement\":[{\"@type\":\"ListItem\",\"position\":1,\"name\":\"Accueil\",\"item\":\"https:\/\/paracherkaoui.ma\/\"},{\"@type\":\"ListItem\",\"position\":2,\"name\":\"Boutique\",\"item\":\"https:\/\/paracherkaoui.ma\/index.php\/boutique\/\"},{\"@type\":\"ListItem\",\"position\":3,\"name\":\"SVR C20 BIOTIC CREME REGENERANTE ECLAT 50ML\"}]},{\"@type\":\"WebSite\",\"@id\":\"https:\/\/paracherkaoui.ma\/#website\",\"url\":\"https:\/\/paracherkaoui.ma\/\",\"name\":\"Paracherkaoui.ma\",\"description\":\"Achetez en ligne sur Paracherkaoui.ma\",\"potentialAction\":[{\"@type\":\"SearchAction\",\"target\":{\"@type\":\"EntryPoint\",\"urlTemplate\":\"https:\/\/paracherkaoui.ma\/?s={search_term_string}\"},\"query-input\":{\"@type\":\"PropertyValueSpecification\",\"valueRequired\":true,\"valueName\":\"search_term_string\"}}],\"inLanguage\":\"fr-FR\"}]}<\/script>\r\n<!-- \/ Yoast SEO plugin. -->","yoast_head_json":{"title":"SVR C20 BIOTIC CREME REGENERANTE ECLAT 50ML - Paracherkaoui.ma","robots":{"index":"index","follow":"follow","max-snippet":"max-snippet:-1","max-image-preview":"max-image-preview:large","max-video-preview":"max-video-preview:-1"},"canonical":"https:\/\/paracherkaoui.ma\/index.php\/produit\/svr-c20-biotic-creme-regenerante-eclat-50ml-3\/","og_locale":"fr_FR","og_type":"article","og_title":"SVR C20 BIOTIC CREME REGENERANTE ECLAT 50ML - Paracherkaoui.ma","og_description":"Description: SVR Biotic C20 Cr\u00e8me R\u00e9g\u00e9n\u00e9rante \u00c9clat 50 ml est faite pour r\u00e9g\u00e9n\u00e9rer votre peau gr\u00e2ce \u00e0 une combinaison de","og_url":"https:\/\/paracherkaoui.ma\/index.php\/produit\/svr-c20-biotic-creme-regenerante-eclat-50ml-3\/","og_site_name":"Paracherkaoui.ma","article_modified_time":"2025-12-12T17:32:49+00:00","og_image":[{"width":700,"height":700,"url":"https:\/\/paracherkaoui.ma\/wp-content\/uploads\/2025\/12\/svr-c20-biotic-creme-regenerante-eclat-50ml.jpg","type":"image\/jpeg"}],"twitter_card":"summary_large_image","twitter_misc":{"Dur\u00e9e de lecture estim\u00e9e":"1 minute"},"schema":{"@context":"https:\/\/schema.org","@graph":[{"@type":"WebPage","@id":"https:\/\/paracherkaoui.ma\/index.php\/produit\/svr-c20-biotic-creme-regenerante-eclat-50ml-3\/","url":"https:\/\/paracherkaoui.ma\/index.php\/produit\/svr-c20-biotic-creme-regenerante-eclat-50ml-3\/","name":"SVR C20 BIOTIC CREME REGENERANTE ECLAT 50ML - Paracherkaoui.ma","isPartOf":{"@id":"https:\/\/paracherkaoui.ma\/#website"},"primaryImageOfPage":{"@id":"https:\/\/paracherkaoui.ma\/index.php\/produit\/svr-c20-biotic-creme-regenerante-eclat-50ml-3\/#primaryimage"},"image":{"@id":"https:\/\/paracherkaoui.ma\/index.php\/produit\/svr-c20-biotic-creme-regenerante-eclat-50ml-3\/#primaryimage"},"thumbnailUrl":"https:\/\/paracherkaoui.ma\/wp-content\/uploads\/2025\/12\/svr-c20-biotic-creme-regenerante-eclat-50ml.jpg","datePublished":"2025-12-12T17:32:44+00:00","dateModified":"2025-12-12T17:32:49+00:00","breadcrumb":{"@id":"https:\/\/paracherkaoui.ma\/index.php\/produit\/svr-c20-biotic-creme-regenerante-eclat-50ml-3\/#breadcrumb"},"inLanguage":"fr-FR","potentialAction":[{"@type":"ReadAction","target":["https:\/\/paracherkaoui.ma\/index.php\/produit\/svr-c20-biotic-creme-regenerante-eclat-50ml-3\/"]}]},{"@type":"ImageObject","inLanguage":"fr-FR","@id":"https:\/\/paracherkaoui.ma\/index.php\/produit\/svr-c20-biotic-creme-regenerante-eclat-50ml-3\/#primaryimage","url":"https:\/\/paracherkaoui.ma\/wp-content\/uploads\/2025\/12\/svr-c20-biotic-creme-regenerante-eclat-50ml.jpg","contentUrl":"https:\/\/paracherkaoui.ma\/wp-content\/uploads\/2025\/12\/svr-c20-biotic-creme-regenerante-eclat-50ml.jpg","width":700,"height":700},{"@type":"BreadcrumbList","@id":"https:\/\/paracherkaoui.ma\/index.php\/produit\/svr-c20-biotic-creme-regenerante-eclat-50ml-3\/#breadcrumb","itemListElement":[{"@type":"ListItem","position":1,"name":"Accueil","item":"https:\/\/paracherkaoui.ma\/"},{"@type":"ListItem","position":2,"name":"Boutique","item":"https:\/\/paracherkaoui.ma\/index.php\/boutique\/"},{"@type":"ListItem","position":3,"name":"SVR C20 BIOTIC CREME REGENERANTE ECLAT 50ML"}]},{"@type":"WebSite","@id":"https:\/\/paracherkaoui.ma\/#website","url":"https:\/\/paracherkaoui.ma\/","name":"Paracherkaoui.ma","description":"Achetez en ligne sur Paracherkaoui.ma","potentialAction":[{"@type":"SearchAction","target":{"@type":"EntryPoint","urlTemplate":"https:\/\/paracherkaoui.ma\/?s={search_term_string}"},"query-input":{"@type":"PropertyValueSpecification","valueRequired":true,"valueName":"search_term_string"}}],"inLanguage":"fr-FR"}]}},"_links":{"self":[{"href":"https:\/\/paracherkaoui.ma\/index.php\/wp-json\/wp\/v2\/product\/30301","targetHints":{"allow":["GET"]}}],"collection":[{"href":"https:\/\/paracherkaoui.ma\/index.php\/wp-json\/wp\/v2\/product"}],"about":[{"href":"https:\/\/paracherkaoui.ma\/index.php\/wp-json\/wp\/v2\/types\/product"}],"replies":[{"embeddable":true,"href":"https:\/\/paracherkaoui.ma\/index.php\/wp-json\/wp\/v2\/comments?post=30301"}],"version-history":[{"count":1,"href":"https:\/\/paracherkaoui.ma\/index.php\/wp-json\/wp\/v2\/product\/30301\/revisions"}],"predecessor-version":[{"id":30345,"href":"https:\/\/paracherkaoui.ma\/index.php\/wp-json\/wp\/v2\/product\/30301\/revisions\/30345"}],"wp:featuredmedia":[{"embeddable":true,"href":"https:\/\/paracherkaoui.ma\/index.php\/wp-json\/wp\/v2\/media\/11855"}],"wp:attachment":[{"href":"https:\/\/paracherkaoui.ma\/index.php\/wp-json\/wp\/v2\/media?parent=30301"}],"wp:term":[{"taxonomy":"product_brand","embeddable":true,"href":"https:\/\/paracherkaoui.ma\/index.php\/wp-json\/wp\/v2\/product_brand?post=30301"},{"taxonomy":"product_cat","embeddable":true,"href":"https:\/\/paracherkaoui.ma\/index.php\/wp-json\/wp\/v2\/product_cat?post=30301"},{"taxonomy":"product_tag","embeddable":true,"href":"https:\/\/paracherkaoui.ma\/index.php\/wp-json\/wp\/v2\/product_tag?post=30301"}],"curies":[{"name":"wp","href":"https:\/\/api.w.org\/{rel}","templated":true}]}}