{"id":30297,"date":"2025-12-12T18:32:44","date_gmt":"2025-12-12T17:32:44","guid":{"rendered":"https:\/\/test.ecbeaute.com\/?post_type=product&#038;p=30297"},"modified":"2025-12-12T18:32:48","modified_gmt":"2025-12-12T17:32:48","slug":"eneomey-stim-renew-8-soin-nuit-anti-age-matifiant-50-ml","status":"publish","type":"product","link":"https:\/\/paracherkaoui.ma\/index.php\/produit\/eneomey-stim-renew-8-soin-nuit-anti-age-matifiant-50-ml\/","title":{"rendered":"ENEOMEY STIM RENEW 8 SOIN NUIT ANTI AGE MATIFIANT 50 ML"},"content":{"rendered":"<p>La cr\u00e8me de nuit Stim Renew 8 agit sur les premiers signes du vieillissement cutan\u00e9. Gr\u00e2ce \u00e0 sa formulation enrichie en Acide glycolique et en Acide phytique, Stim Renew 8 stimule la synth\u00e8se de collag\u00e8ne et d&rsquo;\u00e9lastine, affine votre grain de peau et r\u00e9gule la synth\u00e8se de m\u00e9lanine.\u00a0Apr\u00e8s utilisation, votre teint est ainsi unifi\u00e9 et liss\u00e9, et la peau retrouve sa tonicit\u00e9.\u00a0Stim renew 8 est indiqu\u00e9e pour les peaux sensibles, teint terne et d\u00e9sordres pigmentaires.<br \/>\nIl est recommand\u00e9 d&rsquo;utiliser STIM RENEW 8 apr\u00e8s avoir nettoy\u00e9 votre peau avec SOFT CLEANSER. Une couche fine sur le visage et le cou suffit. Pour garantir une bonne p\u00e9n\u00e9tration du soin nous vous recommandons de masser le poduit sur votre visage de fa\u00e7on d\u00e9licate. Pour une routine efficace veuillez appliquer DAYLIGHT C20 le matin.<\/p>\n","protected":false},"excerpt":{"rendered":"<p>La cr\u00e8me de nuit Stim Renew 8 agit sur les premiers signes du vieillissement cutan\u00e9. Gr\u00e2ce \u00e0 sa formulation enrichie<\/p>\n","protected":false},"featured_media":30337,"comment_status":"open","ping_status":"closed","template":"","meta":[],"product_brand":[412],"product_cat":[553],"product_tag":[],"class_list":{"0":"post-30297","1":"product","2":"type-product","3":"status-publish","4":"has-post-thumbnail","6":"product_brand-eneomey","7":"product_cat-cremes-eclats","9":"first","10":"instock","11":"sale","12":"shipping-taxable","13":"purchasable","14":"product-type-simple"},"yoast_head":"<!-- This site is optimized with the Yoast SEO plugin v26.6 - https:\/\/yoast.com\/wordpress\/plugins\/seo\/ -->\r\n<title>ENEOMEY STIM RENEW 8 SOIN NUIT ANTI AGE MATIFIANT 50 ML - Paracherkaoui.ma<\/title>\r\n<meta name=\"robots\" content=\"index, follow, max-snippet:-1, max-image-preview:large, max-video-preview:-1\" \/>\r\n<link rel=\"canonical\" href=\"https:\/\/paracherkaoui.ma\/index.php\/produit\/eneomey-stim-renew-8-soin-nuit-anti-age-matifiant-50-ml\/\" \/>\r\n<meta property=\"og:locale\" content=\"fr_FR\" \/>\r\n<meta property=\"og:type\" content=\"article\" \/>\r\n<meta property=\"og:title\" content=\"ENEOMEY STIM RENEW 8 SOIN NUIT ANTI AGE MATIFIANT 50 ML - Paracherkaoui.ma\" \/>\r\n<meta property=\"og:description\" content=\"La cr\u00e8me de nuit Stim Renew 8 agit sur les premiers signes du vieillissement cutan\u00e9. Gr\u00e2ce \u00e0 sa formulation enrichie\" \/>\r\n<meta property=\"og:url\" content=\"https:\/\/paracherkaoui.ma\/index.php\/produit\/eneomey-stim-renew-8-soin-nuit-anti-age-matifiant-50-ml\/\" \/>\r\n<meta property=\"og:site_name\" content=\"Paracherkaoui.ma\" \/>\r\n<meta property=\"article:modified_time\" content=\"2025-12-12T17:32:48+00:00\" \/>\r\n<meta property=\"og:image\" content=\"https:\/\/paracherkaoui.ma\/wp-content\/uploads\/2025\/12\/eneomey-stim-renew-8-soin-nuit-anti-age-matifiant-50-ml.jpg\" \/>\r\n\t<meta property=\"og:image:width\" content=\"700\" \/>\r\n\t<meta property=\"og:image:height\" content=\"700\" \/>\r\n\t<meta property=\"og:image:type\" content=\"image\/jpeg\" \/>\r\n<meta name=\"twitter:card\" content=\"summary_large_image\" \/>\r\n<meta name=\"twitter:label1\" content=\"Dur\u00e9e de lecture estim\u00e9e\" \/>\n\t<meta name=\"twitter:data1\" content=\"1 minute\" \/>\r\n<script type=\"application\/ld+json\" class=\"yoast-schema-graph\">{\"@context\":\"https:\/\/schema.org\",\"@graph\":[{\"@type\":\"WebPage\",\"@id\":\"https:\/\/paracherkaoui.ma\/index.php\/produit\/eneomey-stim-renew-8-soin-nuit-anti-age-matifiant-50-ml\/\",\"url\":\"https:\/\/paracherkaoui.ma\/index.php\/produit\/eneomey-stim-renew-8-soin-nuit-anti-age-matifiant-50-ml\/\",\"name\":\"ENEOMEY STIM RENEW 8 SOIN NUIT ANTI AGE MATIFIANT 50 ML - Paracherkaoui.ma\",\"isPartOf\":{\"@id\":\"https:\/\/paracherkaoui.ma\/#website\"},\"primaryImageOfPage\":{\"@id\":\"https:\/\/paracherkaoui.ma\/index.php\/produit\/eneomey-stim-renew-8-soin-nuit-anti-age-matifiant-50-ml\/#primaryimage\"},\"image\":{\"@id\":\"https:\/\/paracherkaoui.ma\/index.php\/produit\/eneomey-stim-renew-8-soin-nuit-anti-age-matifiant-50-ml\/#primaryimage\"},\"thumbnailUrl\":\"https:\/\/paracherkaoui.ma\/wp-content\/uploads\/2025\/12\/eneomey-stim-renew-8-soin-nuit-anti-age-matifiant-50-ml.jpg\",\"datePublished\":\"2025-12-12T17:32:44+00:00\",\"dateModified\":\"2025-12-12T17:32:48+00:00\",\"breadcrumb\":{\"@id\":\"https:\/\/paracherkaoui.ma\/index.php\/produit\/eneomey-stim-renew-8-soin-nuit-anti-age-matifiant-50-ml\/#breadcrumb\"},\"inLanguage\":\"fr-FR\",\"potentialAction\":[{\"@type\":\"ReadAction\",\"target\":[\"https:\/\/paracherkaoui.ma\/index.php\/produit\/eneomey-stim-renew-8-soin-nuit-anti-age-matifiant-50-ml\/\"]}]},{\"@type\":\"ImageObject\",\"inLanguage\":\"fr-FR\",\"@id\":\"https:\/\/paracherkaoui.ma\/index.php\/produit\/eneomey-stim-renew-8-soin-nuit-anti-age-matifiant-50-ml\/#primaryimage\",\"url\":\"https:\/\/paracherkaoui.ma\/wp-content\/uploads\/2025\/12\/eneomey-stim-renew-8-soin-nuit-anti-age-matifiant-50-ml.jpg\",\"contentUrl\":\"https:\/\/paracherkaoui.ma\/wp-content\/uploads\/2025\/12\/eneomey-stim-renew-8-soin-nuit-anti-age-matifiant-50-ml.jpg\",\"width\":700,\"height\":700},{\"@type\":\"BreadcrumbList\",\"@id\":\"https:\/\/paracherkaoui.ma\/index.php\/produit\/eneomey-stim-renew-8-soin-nuit-anti-age-matifiant-50-ml\/#breadcrumb\",\"itemListElement\":[{\"@type\":\"ListItem\",\"position\":1,\"name\":\"Accueil\",\"item\":\"https:\/\/paracherkaoui.ma\/\"},{\"@type\":\"ListItem\",\"position\":2,\"name\":\"Boutique\",\"item\":\"https:\/\/paracherkaoui.ma\/index.php\/boutique\/\"},{\"@type\":\"ListItem\",\"position\":3,\"name\":\"ENEOMEY STIM RENEW 8 SOIN NUIT ANTI AGE MATIFIANT 50 ML\"}]},{\"@type\":\"WebSite\",\"@id\":\"https:\/\/paracherkaoui.ma\/#website\",\"url\":\"https:\/\/paracherkaoui.ma\/\",\"name\":\"Paracherkaoui.ma\",\"description\":\"Achetez en ligne sur Paracherkaoui.ma\",\"potentialAction\":[{\"@type\":\"SearchAction\",\"target\":{\"@type\":\"EntryPoint\",\"urlTemplate\":\"https:\/\/paracherkaoui.ma\/?s={search_term_string}\"},\"query-input\":{\"@type\":\"PropertyValueSpecification\",\"valueRequired\":true,\"valueName\":\"search_term_string\"}}],\"inLanguage\":\"fr-FR\"}]}<\/script>\r\n<!-- \/ Yoast SEO plugin. -->","yoast_head_json":{"title":"ENEOMEY STIM RENEW 8 SOIN NUIT ANTI AGE MATIFIANT 50 ML - Paracherkaoui.ma","robots":{"index":"index","follow":"follow","max-snippet":"max-snippet:-1","max-image-preview":"max-image-preview:large","max-video-preview":"max-video-preview:-1"},"canonical":"https:\/\/paracherkaoui.ma\/index.php\/produit\/eneomey-stim-renew-8-soin-nuit-anti-age-matifiant-50-ml\/","og_locale":"fr_FR","og_type":"article","og_title":"ENEOMEY STIM RENEW 8 SOIN NUIT ANTI AGE MATIFIANT 50 ML - Paracherkaoui.ma","og_description":"La cr\u00e8me de nuit Stim Renew 8 agit sur les premiers signes du vieillissement cutan\u00e9. Gr\u00e2ce \u00e0 sa formulation enrichie","og_url":"https:\/\/paracherkaoui.ma\/index.php\/produit\/eneomey-stim-renew-8-soin-nuit-anti-age-matifiant-50-ml\/","og_site_name":"Paracherkaoui.ma","article_modified_time":"2025-12-12T17:32:48+00:00","og_image":[{"width":700,"height":700,"url":"https:\/\/paracherkaoui.ma\/wp-content\/uploads\/2025\/12\/eneomey-stim-renew-8-soin-nuit-anti-age-matifiant-50-ml.jpg","type":"image\/jpeg"}],"twitter_card":"summary_large_image","twitter_misc":{"Dur\u00e9e de lecture estim\u00e9e":"1 minute"},"schema":{"@context":"https:\/\/schema.org","@graph":[{"@type":"WebPage","@id":"https:\/\/paracherkaoui.ma\/index.php\/produit\/eneomey-stim-renew-8-soin-nuit-anti-age-matifiant-50-ml\/","url":"https:\/\/paracherkaoui.ma\/index.php\/produit\/eneomey-stim-renew-8-soin-nuit-anti-age-matifiant-50-ml\/","name":"ENEOMEY STIM RENEW 8 SOIN NUIT ANTI AGE MATIFIANT 50 ML - Paracherkaoui.ma","isPartOf":{"@id":"https:\/\/paracherkaoui.ma\/#website"},"primaryImageOfPage":{"@id":"https:\/\/paracherkaoui.ma\/index.php\/produit\/eneomey-stim-renew-8-soin-nuit-anti-age-matifiant-50-ml\/#primaryimage"},"image":{"@id":"https:\/\/paracherkaoui.ma\/index.php\/produit\/eneomey-stim-renew-8-soin-nuit-anti-age-matifiant-50-ml\/#primaryimage"},"thumbnailUrl":"https:\/\/paracherkaoui.ma\/wp-content\/uploads\/2025\/12\/eneomey-stim-renew-8-soin-nuit-anti-age-matifiant-50-ml.jpg","datePublished":"2025-12-12T17:32:44+00:00","dateModified":"2025-12-12T17:32:48+00:00","breadcrumb":{"@id":"https:\/\/paracherkaoui.ma\/index.php\/produit\/eneomey-stim-renew-8-soin-nuit-anti-age-matifiant-50-ml\/#breadcrumb"},"inLanguage":"fr-FR","potentialAction":[{"@type":"ReadAction","target":["https:\/\/paracherkaoui.ma\/index.php\/produit\/eneomey-stim-renew-8-soin-nuit-anti-age-matifiant-50-ml\/"]}]},{"@type":"ImageObject","inLanguage":"fr-FR","@id":"https:\/\/paracherkaoui.ma\/index.php\/produit\/eneomey-stim-renew-8-soin-nuit-anti-age-matifiant-50-ml\/#primaryimage","url":"https:\/\/paracherkaoui.ma\/wp-content\/uploads\/2025\/12\/eneomey-stim-renew-8-soin-nuit-anti-age-matifiant-50-ml.jpg","contentUrl":"https:\/\/paracherkaoui.ma\/wp-content\/uploads\/2025\/12\/eneomey-stim-renew-8-soin-nuit-anti-age-matifiant-50-ml.jpg","width":700,"height":700},{"@type":"BreadcrumbList","@id":"https:\/\/paracherkaoui.ma\/index.php\/produit\/eneomey-stim-renew-8-soin-nuit-anti-age-matifiant-50-ml\/#breadcrumb","itemListElement":[{"@type":"ListItem","position":1,"name":"Accueil","item":"https:\/\/paracherkaoui.ma\/"},{"@type":"ListItem","position":2,"name":"Boutique","item":"https:\/\/paracherkaoui.ma\/index.php\/boutique\/"},{"@type":"ListItem","position":3,"name":"ENEOMEY STIM RENEW 8 SOIN NUIT ANTI AGE MATIFIANT 50 ML"}]},{"@type":"WebSite","@id":"https:\/\/paracherkaoui.ma\/#website","url":"https:\/\/paracherkaoui.ma\/","name":"Paracherkaoui.ma","description":"Achetez en ligne sur Paracherkaoui.ma","potentialAction":[{"@type":"SearchAction","target":{"@type":"EntryPoint","urlTemplate":"https:\/\/paracherkaoui.ma\/?s={search_term_string}"},"query-input":{"@type":"PropertyValueSpecification","valueRequired":true,"valueName":"search_term_string"}}],"inLanguage":"fr-FR"}]}},"_links":{"self":[{"href":"https:\/\/paracherkaoui.ma\/index.php\/wp-json\/wp\/v2\/product\/30297","targetHints":{"allow":["GET"]}}],"collection":[{"href":"https:\/\/paracherkaoui.ma\/index.php\/wp-json\/wp\/v2\/product"}],"about":[{"href":"https:\/\/paracherkaoui.ma\/index.php\/wp-json\/wp\/v2\/types\/product"}],"replies":[{"embeddable":true,"href":"https:\/\/paracherkaoui.ma\/index.php\/wp-json\/wp\/v2\/comments?post=30297"}],"version-history":[{"count":1,"href":"https:\/\/paracherkaoui.ma\/index.php\/wp-json\/wp\/v2\/product\/30297\/revisions"}],"predecessor-version":[{"id":30338,"href":"https:\/\/paracherkaoui.ma\/index.php\/wp-json\/wp\/v2\/product\/30297\/revisions\/30338"}],"wp:featuredmedia":[{"embeddable":true,"href":"https:\/\/paracherkaoui.ma\/index.php\/wp-json\/wp\/v2\/media\/30337"}],"wp:attachment":[{"href":"https:\/\/paracherkaoui.ma\/index.php\/wp-json\/wp\/v2\/media?parent=30297"}],"wp:term":[{"taxonomy":"product_brand","embeddable":true,"href":"https:\/\/paracherkaoui.ma\/index.php\/wp-json\/wp\/v2\/product_brand?post=30297"},{"taxonomy":"product_cat","embeddable":true,"href":"https:\/\/paracherkaoui.ma\/index.php\/wp-json\/wp\/v2\/product_cat?post=30297"},{"taxonomy":"product_tag","embeddable":true,"href":"https:\/\/paracherkaoui.ma\/index.php\/wp-json\/wp\/v2\/product_tag?post=30297"}],"curies":[{"name":"wp","href":"https:\/\/api.w.org\/{rel}","templated":true}]}}