{"id":30291,"date":"2025-12-12T18:32:44","date_gmt":"2025-12-12T17:32:44","guid":{"rendered":"https:\/\/test.ecbeaute.com\/?post_type=product&#038;p=30291"},"modified":"2025-12-12T18:32:47","modified_gmt":"2025-12-12T17:32:47","slug":"nuxe-prodigieuse-boost-la-base-lissante-multi-perfection-30-ml","status":"publish","type":"product","link":"https:\/\/paracherkaoui.ma\/index.php\/produit\/nuxe-prodigieuse-boost-la-base-lissante-multi-perfection-30-ml\/","title":{"rendered":"NUXE PRODIGIEUSE BOOST LA BASE LISSANTE MULTI PERFECTION 30 ML"},"content":{"rendered":"<p>La Base Lissante Multi-Perfection Prodigieuse Boost de NUXE est la solution innovante et compl\u00e8te pour offrir \u00e0 votre peau un bouclier et un coup d&rsquo;\u00e9clat instantan\u00e9.<br \/>\nCette base est un v\u00e9ritable concentr\u00e9 d&rsquo;efficacit\u00e9 gr\u00e2ce \u00e0 ses 5 actions cibl\u00e9es, qui r\u00e9pondent aux pr\u00e9occupations majeures des peaux actives :<br \/>\nLes 1ers signes de l&rsquo;\u00e2ge : Elle aide \u00e0 lisser l&rsquo;apparence des ridules, offrant un aspect plus jeune et plus frais \u00e0 la peau.<br \/>\nLes marques de fatigue : Le teint est instantan\u00e9ment revitalis\u00e9, les signes de nuits courtes ou de stress s&rsquo;estompent pour laisser place \u00e0 une mine repos\u00e9e.<br \/>\nLe teint terne : Sa formule agit pour raviver la luminosit\u00e9 naturelle de la peau, lui conf\u00e9rant un \u00e9clat sain et une fra\u00eecheur retrouv\u00e9e.<br \/>\nLes imperfections : Elle contribue \u00e0 unifier le teint en floutant l&rsquo;apparence des petites imperfections, pour une peau visiblement plus homog\u00e8ne.<br \/>\nLes zones de brillances : Elle matifie les zones sujettes \u00e0 l&rsquo;exc\u00e8s de s\u00e9bum, garantissant un fini velout\u00e9 et non gras tout au long de la journ\u00e9e.<br \/>\nLe r\u00e9sultat ? Une peau sublim\u00e9e sans effet maquillage. C&rsquo;est la promesse d&rsquo;un teint parfaitement unifi\u00e9 et lumineux, avec une sensation de \u00ab\u00a0peau nue\u00a0\u00bb tellement agr\u00e9able. D\u00e8s l&rsquo;application, l&rsquo;effet est imm\u00e9diat : la peau est liss\u00e9e pour 100% des femmes\u207d\u00b9\u207e, preuve d&rsquo;une efficacit\u00e9 bluffante.<br \/>\nSa texture l\u00e9g\u00e8re non teint\u00e9e est un atout majeur. Elle se fond parfaitement \u00e0 la peau, sans laisser de film ou de sensation lourde, et surtout, sans aucun effet masque. C&rsquo;est la base id\u00e9ale pour pr\u00e9parer votre peau au maquillage, assurant une meilleure tenue et un fini impeccable. Mais elle est aussi parfaite pour les retouches tout au long de la journ\u00e9e, permettant de rafra\u00eechir le teint et de ma\u00eetriser les brillances en un clin d&rsquo;\u0153il, sans surcharger la peau.<br \/>\nEnrichie de poudres perfectrices d&rsquo;origine naturelle et d&rsquo;un extrait anti-oxydant de jasmin, sa formule prend soin de votre peau tout en la sublimant. Le jasmin, reconnu pour ses vertus protectrices, aide \u00e0 pr\u00e9server la jeunesse de l&rsquo;\u00e9piderme.<br \/>\nComposition :<br \/>\nAQUA\/WATER, DIMETHICONE, SILICA [NANO], GLYCERIN, ALCOHOL DENAT., SQUALANE, DIMETHICONE CROSSPOLYMER, C14-22 ALCOHOLS, SODIUM ACRYLATES COPOLYMER, C12-20 ALKYL GLUCOSIDE, PARFUM\/FRAGRANCE, PHENOXYETHANOL, ETHYLHEXYLGLYCERIN, ACRYLATES\/C10-30 ALKYL ACRYLATE CROSSPOLYMER, LECITHIN, RIBOSE, SODIUM GLUCONATE, BUTYLENE GLYCOL, PENTYLENE GLYCOL, JASMINUM OFFICINALE (JASMINE) FLOWER EXTRACT, SODIUM HYDROXIDE, FAEX EXTRACT\/YEAST EXTRACT, BIOSACCHARIDE GUM-1, CITRIC ACID, MICA, CI 77491\/IRON OXIDES, CALENDULA OFFICINALIS FLOWER EXTRACT, TOCOPHEROL, BENZYL SALICYLATE, LINALOOL, CITRONELLOL, ALPHA-ISOMETHYL IONONE, GERANIOL [N3906\/B].<\/p>\n","protected":false},"excerpt":{"rendered":"<p>La Base Lissante Multi-Perfection Prodigieuse Boost de NUXE est la solution innovante et compl\u00e8te pour offrir \u00e0 votre peau un<\/p>\n","protected":false},"featured_media":30327,"comment_status":"open","ping_status":"closed","template":"","meta":[],"product_brand":[230],"product_cat":[553],"product_tag":[],"class_list":{"0":"post-30291","1":"product","2":"type-product","3":"status-publish","4":"has-post-thumbnail","6":"product_brand-nuxe","7":"product_cat-cremes-eclats","9":"first","10":"instock","11":"sale","12":"shipping-taxable","13":"purchasable","14":"product-type-simple"},"yoast_head":"<!-- This site is optimized with the Yoast SEO plugin v26.6 - https:\/\/yoast.com\/wordpress\/plugins\/seo\/ -->\r\n<title>NUXE PRODIGIEUSE BOOST LA BASE LISSANTE MULTI PERFECTION 30 ML - Paracherkaoui.ma<\/title>\r\n<meta name=\"robots\" content=\"index, follow, max-snippet:-1, max-image-preview:large, max-video-preview:-1\" \/>\r\n<link rel=\"canonical\" href=\"https:\/\/paracherkaoui.ma\/index.php\/produit\/nuxe-prodigieuse-boost-la-base-lissante-multi-perfection-30-ml\/\" \/>\r\n<meta property=\"og:locale\" content=\"fr_FR\" \/>\r\n<meta property=\"og:type\" content=\"article\" \/>\r\n<meta property=\"og:title\" content=\"NUXE PRODIGIEUSE BOOST LA BASE LISSANTE MULTI PERFECTION 30 ML - Paracherkaoui.ma\" \/>\r\n<meta property=\"og:description\" content=\"La Base Lissante Multi-Perfection Prodigieuse Boost de NUXE est la solution innovante et compl\u00e8te pour offrir \u00e0 votre peau un\" \/>\r\n<meta property=\"og:url\" content=\"https:\/\/paracherkaoui.ma\/index.php\/produit\/nuxe-prodigieuse-boost-la-base-lissante-multi-perfection-30-ml\/\" \/>\r\n<meta property=\"og:site_name\" content=\"Paracherkaoui.ma\" \/>\r\n<meta property=\"article:modified_time\" content=\"2025-12-12T17:32:47+00:00\" \/>\r\n<meta property=\"og:image\" content=\"https:\/\/paracherkaoui.ma\/wp-content\/uploads\/2025\/12\/nuxe-nuxe-prodigieuse-boost-la-base-lissante-multi-perfection-30-ml-cremes-eclats.jpg\" \/>\r\n\t<meta property=\"og:image:width\" content=\"700\" \/>\r\n\t<meta property=\"og:image:height\" content=\"700\" \/>\r\n\t<meta property=\"og:image:type\" content=\"image\/jpeg\" \/>\r\n<meta name=\"twitter:card\" content=\"summary_large_image\" \/>\r\n<meta name=\"twitter:label1\" content=\"Dur\u00e9e de lecture estim\u00e9e\" \/>\n\t<meta name=\"twitter:data1\" content=\"2 minutes\" \/>\r\n<script type=\"application\/ld+json\" class=\"yoast-schema-graph\">{\"@context\":\"https:\/\/schema.org\",\"@graph\":[{\"@type\":\"WebPage\",\"@id\":\"https:\/\/paracherkaoui.ma\/index.php\/produit\/nuxe-prodigieuse-boost-la-base-lissante-multi-perfection-30-ml\/\",\"url\":\"https:\/\/paracherkaoui.ma\/index.php\/produit\/nuxe-prodigieuse-boost-la-base-lissante-multi-perfection-30-ml\/\",\"name\":\"NUXE PRODIGIEUSE BOOST LA BASE LISSANTE MULTI PERFECTION 30 ML - Paracherkaoui.ma\",\"isPartOf\":{\"@id\":\"https:\/\/paracherkaoui.ma\/#website\"},\"primaryImageOfPage\":{\"@id\":\"https:\/\/paracherkaoui.ma\/index.php\/produit\/nuxe-prodigieuse-boost-la-base-lissante-multi-perfection-30-ml\/#primaryimage\"},\"image\":{\"@id\":\"https:\/\/paracherkaoui.ma\/index.php\/produit\/nuxe-prodigieuse-boost-la-base-lissante-multi-perfection-30-ml\/#primaryimage\"},\"thumbnailUrl\":\"https:\/\/paracherkaoui.ma\/wp-content\/uploads\/2025\/12\/nuxe-nuxe-prodigieuse-boost-la-base-lissante-multi-perfection-30-ml-cremes-eclats.jpg\",\"datePublished\":\"2025-12-12T17:32:44+00:00\",\"dateModified\":\"2025-12-12T17:32:47+00:00\",\"breadcrumb\":{\"@id\":\"https:\/\/paracherkaoui.ma\/index.php\/produit\/nuxe-prodigieuse-boost-la-base-lissante-multi-perfection-30-ml\/#breadcrumb\"},\"inLanguage\":\"fr-FR\",\"potentialAction\":[{\"@type\":\"ReadAction\",\"target\":[\"https:\/\/paracherkaoui.ma\/index.php\/produit\/nuxe-prodigieuse-boost-la-base-lissante-multi-perfection-30-ml\/\"]}]},{\"@type\":\"ImageObject\",\"inLanguage\":\"fr-FR\",\"@id\":\"https:\/\/paracherkaoui.ma\/index.php\/produit\/nuxe-prodigieuse-boost-la-base-lissante-multi-perfection-30-ml\/#primaryimage\",\"url\":\"https:\/\/paracherkaoui.ma\/wp-content\/uploads\/2025\/12\/nuxe-nuxe-prodigieuse-boost-la-base-lissante-multi-perfection-30-ml-cremes-eclats.jpg\",\"contentUrl\":\"https:\/\/paracherkaoui.ma\/wp-content\/uploads\/2025\/12\/nuxe-nuxe-prodigieuse-boost-la-base-lissante-multi-perfection-30-ml-cremes-eclats.jpg\",\"width\":700,\"height\":700},{\"@type\":\"BreadcrumbList\",\"@id\":\"https:\/\/paracherkaoui.ma\/index.php\/produit\/nuxe-prodigieuse-boost-la-base-lissante-multi-perfection-30-ml\/#breadcrumb\",\"itemListElement\":[{\"@type\":\"ListItem\",\"position\":1,\"name\":\"Accueil\",\"item\":\"https:\/\/paracherkaoui.ma\/\"},{\"@type\":\"ListItem\",\"position\":2,\"name\":\"Boutique\",\"item\":\"https:\/\/paracherkaoui.ma\/index.php\/boutique\/\"},{\"@type\":\"ListItem\",\"position\":3,\"name\":\"NUXE PRODIGIEUSE BOOST LA BASE LISSANTE MULTI PERFECTION 30 ML\"}]},{\"@type\":\"WebSite\",\"@id\":\"https:\/\/paracherkaoui.ma\/#website\",\"url\":\"https:\/\/paracherkaoui.ma\/\",\"name\":\"Paracherkaoui.ma\",\"description\":\"Achetez en ligne sur Paracherkaoui.ma\",\"potentialAction\":[{\"@type\":\"SearchAction\",\"target\":{\"@type\":\"EntryPoint\",\"urlTemplate\":\"https:\/\/paracherkaoui.ma\/?s={search_term_string}\"},\"query-input\":{\"@type\":\"PropertyValueSpecification\",\"valueRequired\":true,\"valueName\":\"search_term_string\"}}],\"inLanguage\":\"fr-FR\"}]}<\/script>\r\n<!-- \/ Yoast SEO plugin. -->","yoast_head_json":{"title":"NUXE PRODIGIEUSE BOOST LA BASE LISSANTE MULTI PERFECTION 30 ML - Paracherkaoui.ma","robots":{"index":"index","follow":"follow","max-snippet":"max-snippet:-1","max-image-preview":"max-image-preview:large","max-video-preview":"max-video-preview:-1"},"canonical":"https:\/\/paracherkaoui.ma\/index.php\/produit\/nuxe-prodigieuse-boost-la-base-lissante-multi-perfection-30-ml\/","og_locale":"fr_FR","og_type":"article","og_title":"NUXE PRODIGIEUSE BOOST LA BASE LISSANTE MULTI PERFECTION 30 ML - Paracherkaoui.ma","og_description":"La Base Lissante Multi-Perfection Prodigieuse Boost de NUXE est la solution innovante et compl\u00e8te pour offrir \u00e0 votre peau un","og_url":"https:\/\/paracherkaoui.ma\/index.php\/produit\/nuxe-prodigieuse-boost-la-base-lissante-multi-perfection-30-ml\/","og_site_name":"Paracherkaoui.ma","article_modified_time":"2025-12-12T17:32:47+00:00","og_image":[{"width":700,"height":700,"url":"https:\/\/paracherkaoui.ma\/wp-content\/uploads\/2025\/12\/nuxe-nuxe-prodigieuse-boost-la-base-lissante-multi-perfection-30-ml-cremes-eclats.jpg","type":"image\/jpeg"}],"twitter_card":"summary_large_image","twitter_misc":{"Dur\u00e9e de lecture estim\u00e9e":"2 minutes"},"schema":{"@context":"https:\/\/schema.org","@graph":[{"@type":"WebPage","@id":"https:\/\/paracherkaoui.ma\/index.php\/produit\/nuxe-prodigieuse-boost-la-base-lissante-multi-perfection-30-ml\/","url":"https:\/\/paracherkaoui.ma\/index.php\/produit\/nuxe-prodigieuse-boost-la-base-lissante-multi-perfection-30-ml\/","name":"NUXE PRODIGIEUSE BOOST LA BASE LISSANTE MULTI PERFECTION 30 ML - Paracherkaoui.ma","isPartOf":{"@id":"https:\/\/paracherkaoui.ma\/#website"},"primaryImageOfPage":{"@id":"https:\/\/paracherkaoui.ma\/index.php\/produit\/nuxe-prodigieuse-boost-la-base-lissante-multi-perfection-30-ml\/#primaryimage"},"image":{"@id":"https:\/\/paracherkaoui.ma\/index.php\/produit\/nuxe-prodigieuse-boost-la-base-lissante-multi-perfection-30-ml\/#primaryimage"},"thumbnailUrl":"https:\/\/paracherkaoui.ma\/wp-content\/uploads\/2025\/12\/nuxe-nuxe-prodigieuse-boost-la-base-lissante-multi-perfection-30-ml-cremes-eclats.jpg","datePublished":"2025-12-12T17:32:44+00:00","dateModified":"2025-12-12T17:32:47+00:00","breadcrumb":{"@id":"https:\/\/paracherkaoui.ma\/index.php\/produit\/nuxe-prodigieuse-boost-la-base-lissante-multi-perfection-30-ml\/#breadcrumb"},"inLanguage":"fr-FR","potentialAction":[{"@type":"ReadAction","target":["https:\/\/paracherkaoui.ma\/index.php\/produit\/nuxe-prodigieuse-boost-la-base-lissante-multi-perfection-30-ml\/"]}]},{"@type":"ImageObject","inLanguage":"fr-FR","@id":"https:\/\/paracherkaoui.ma\/index.php\/produit\/nuxe-prodigieuse-boost-la-base-lissante-multi-perfection-30-ml\/#primaryimage","url":"https:\/\/paracherkaoui.ma\/wp-content\/uploads\/2025\/12\/nuxe-nuxe-prodigieuse-boost-la-base-lissante-multi-perfection-30-ml-cremes-eclats.jpg","contentUrl":"https:\/\/paracherkaoui.ma\/wp-content\/uploads\/2025\/12\/nuxe-nuxe-prodigieuse-boost-la-base-lissante-multi-perfection-30-ml-cremes-eclats.jpg","width":700,"height":700},{"@type":"BreadcrumbList","@id":"https:\/\/paracherkaoui.ma\/index.php\/produit\/nuxe-prodigieuse-boost-la-base-lissante-multi-perfection-30-ml\/#breadcrumb","itemListElement":[{"@type":"ListItem","position":1,"name":"Accueil","item":"https:\/\/paracherkaoui.ma\/"},{"@type":"ListItem","position":2,"name":"Boutique","item":"https:\/\/paracherkaoui.ma\/index.php\/boutique\/"},{"@type":"ListItem","position":3,"name":"NUXE PRODIGIEUSE BOOST LA BASE LISSANTE MULTI PERFECTION 30 ML"}]},{"@type":"WebSite","@id":"https:\/\/paracherkaoui.ma\/#website","url":"https:\/\/paracherkaoui.ma\/","name":"Paracherkaoui.ma","description":"Achetez en ligne sur Paracherkaoui.ma","potentialAction":[{"@type":"SearchAction","target":{"@type":"EntryPoint","urlTemplate":"https:\/\/paracherkaoui.ma\/?s={search_term_string}"},"query-input":{"@type":"PropertyValueSpecification","valueRequired":true,"valueName":"search_term_string"}}],"inLanguage":"fr-FR"}]}},"_links":{"self":[{"href":"https:\/\/paracherkaoui.ma\/index.php\/wp-json\/wp\/v2\/product\/30291","targetHints":{"allow":["GET"]}}],"collection":[{"href":"https:\/\/paracherkaoui.ma\/index.php\/wp-json\/wp\/v2\/product"}],"about":[{"href":"https:\/\/paracherkaoui.ma\/index.php\/wp-json\/wp\/v2\/types\/product"}],"replies":[{"embeddable":true,"href":"https:\/\/paracherkaoui.ma\/index.php\/wp-json\/wp\/v2\/comments?post=30291"}],"version-history":[{"count":1,"href":"https:\/\/paracherkaoui.ma\/index.php\/wp-json\/wp\/v2\/product\/30291\/revisions"}],"predecessor-version":[{"id":30328,"href":"https:\/\/paracherkaoui.ma\/index.php\/wp-json\/wp\/v2\/product\/30291\/revisions\/30328"}],"wp:featuredmedia":[{"embeddable":true,"href":"https:\/\/paracherkaoui.ma\/index.php\/wp-json\/wp\/v2\/media\/30327"}],"wp:attachment":[{"href":"https:\/\/paracherkaoui.ma\/index.php\/wp-json\/wp\/v2\/media?parent=30291"}],"wp:term":[{"taxonomy":"product_brand","embeddable":true,"href":"https:\/\/paracherkaoui.ma\/index.php\/wp-json\/wp\/v2\/product_brand?post=30291"},{"taxonomy":"product_cat","embeddable":true,"href":"https:\/\/paracherkaoui.ma\/index.php\/wp-json\/wp\/v2\/product_cat?post=30291"},{"taxonomy":"product_tag","embeddable":true,"href":"https:\/\/paracherkaoui.ma\/index.php\/wp-json\/wp\/v2\/product_tag?post=30291"}],"curies":[{"name":"wp","href":"https:\/\/api.w.org\/{rel}","templated":true}]}}