{"id":30286,"date":"2025-12-12T18:32:43","date_gmt":"2025-12-12T17:32:43","guid":{"rendered":"https:\/\/test.ecbeaute.com\/?post_type=product&#038;p=30286"},"modified":"2025-12-12T18:32:46","modified_gmt":"2025-12-12T17:32:46","slug":"heliabrine-ampoules-au-collagene-marin-cure-anti-age-28-jours-2","status":"publish","type":"product","link":"https:\/\/paracherkaoui.ma\/index.php\/produit\/heliabrine-ampoules-au-collagene-marin-cure-anti-age-28-jours-2\/","title":{"rendered":"HELIABRINE AMPOULES AU COLLAGENE MARIN CURE ANTI AGE 28 JOURS"},"content":{"rendered":"<p>Cure anti-\u00e2ge intensive pour repulper, raffermir et revitaliser les peaux matures, fatigu\u00e9es ou d\u00e9vitalis\u00e9es.<br \/>\nHautement concentr\u00e9es en Collag\u00e8ne Marin et Peptides anti-\u00e2ge tr\u00e8s actifs, ces ampoules stimulent la fabrication de collag\u00e8ne et d\u2019\u00e9lastine dont la production diminue avec l\u2019\u00e2ge.<\/p>\n<p>L\u2019effet jeunesse est remarquable : d\u00e8s le 6\u00e8me jour, la peau est redensifi\u00e9e , le taux de collag\u00e8ne dermique pr\u00e9sent dans la peau augmente de 186%.<br \/>\nApr\u00e8s 12 jours de cure seulement, la peau est comme repulp\u00e9e : visiblement plus ferme, elle retrouve \u00e9clat et vitalit\u00e9.<\/p>\n","protected":false},"excerpt":{"rendered":"<p>Cure anti-\u00e2ge intensive pour repulper, raffermir et revitaliser les peaux matures, fatigu\u00e9es ou d\u00e9vitalis\u00e9es. Hautement concentr\u00e9es en Collag\u00e8ne Marin et<\/p>\n","protected":false},"featured_media":23154,"comment_status":"open","ping_status":"closed","template":"","meta":[],"product_brand":[360],"product_cat":[553],"product_tag":[],"class_list":{"0":"post-30286","1":"product","2":"type-product","3":"status-publish","4":"has-post-thumbnail","6":"product_brand-heliabrine","7":"product_cat-cremes-eclats","9":"first","10":"instock","11":"sale","12":"shipping-taxable","13":"purchasable","14":"product-type-simple"},"yoast_head":"<!-- This site is optimized with the Yoast SEO plugin v26.6 - https:\/\/yoast.com\/wordpress\/plugins\/seo\/ -->\r\n<title>HELIABRINE AMPOULES AU COLLAGENE MARIN CURE ANTI AGE 28 JOURS - Paracherkaoui.ma<\/title>\r\n<meta name=\"robots\" content=\"index, follow, max-snippet:-1, max-image-preview:large, max-video-preview:-1\" \/>\r\n<link rel=\"canonical\" href=\"https:\/\/paracherkaoui.ma\/index.php\/produit\/heliabrine-ampoules-au-collagene-marin-cure-anti-age-28-jours-2\/\" \/>\r\n<meta property=\"og:locale\" content=\"fr_FR\" \/>\r\n<meta property=\"og:type\" content=\"article\" \/>\r\n<meta property=\"og:title\" content=\"HELIABRINE AMPOULES AU COLLAGENE MARIN CURE ANTI AGE 28 JOURS - Paracherkaoui.ma\" \/>\r\n<meta property=\"og:description\" content=\"Cure anti-\u00e2ge intensive pour repulper, raffermir et revitaliser les peaux matures, fatigu\u00e9es ou d\u00e9vitalis\u00e9es. Hautement concentr\u00e9es en Collag\u00e8ne Marin et\" \/>\r\n<meta property=\"og:url\" content=\"https:\/\/paracherkaoui.ma\/index.php\/produit\/heliabrine-ampoules-au-collagene-marin-cure-anti-age-28-jours-2\/\" \/>\r\n<meta property=\"og:site_name\" content=\"Paracherkaoui.ma\" \/>\r\n<meta property=\"article:modified_time\" content=\"2025-12-12T17:32:46+00:00\" \/>\r\n<meta property=\"og:image\" content=\"https:\/\/paracherkaoui.ma\/wp-content\/uploads\/2025\/12\/heliabrine-ampoules-au-collagene-marin-cure-anti-age-28-jours.jpg\" \/>\r\n\t<meta property=\"og:image:width\" content=\"700\" \/>\r\n\t<meta property=\"og:image:height\" content=\"700\" \/>\r\n\t<meta property=\"og:image:type\" content=\"image\/jpeg\" \/>\r\n<meta name=\"twitter:card\" content=\"summary_large_image\" \/>\r\n<script type=\"application\/ld+json\" class=\"yoast-schema-graph\">{\"@context\":\"https:\/\/schema.org\",\"@graph\":[{\"@type\":\"WebPage\",\"@id\":\"https:\/\/paracherkaoui.ma\/index.php\/produit\/heliabrine-ampoules-au-collagene-marin-cure-anti-age-28-jours-2\/\",\"url\":\"https:\/\/paracherkaoui.ma\/index.php\/produit\/heliabrine-ampoules-au-collagene-marin-cure-anti-age-28-jours-2\/\",\"name\":\"HELIABRINE AMPOULES AU COLLAGENE MARIN CURE ANTI AGE 28 JOURS - Paracherkaoui.ma\",\"isPartOf\":{\"@id\":\"https:\/\/paracherkaoui.ma\/#website\"},\"primaryImageOfPage\":{\"@id\":\"https:\/\/paracherkaoui.ma\/index.php\/produit\/heliabrine-ampoules-au-collagene-marin-cure-anti-age-28-jours-2\/#primaryimage\"},\"image\":{\"@id\":\"https:\/\/paracherkaoui.ma\/index.php\/produit\/heliabrine-ampoules-au-collagene-marin-cure-anti-age-28-jours-2\/#primaryimage\"},\"thumbnailUrl\":\"https:\/\/paracherkaoui.ma\/wp-content\/uploads\/2025\/12\/heliabrine-ampoules-au-collagene-marin-cure-anti-age-28-jours.jpg\",\"datePublished\":\"2025-12-12T17:32:43+00:00\",\"dateModified\":\"2025-12-12T17:32:46+00:00\",\"breadcrumb\":{\"@id\":\"https:\/\/paracherkaoui.ma\/index.php\/produit\/heliabrine-ampoules-au-collagene-marin-cure-anti-age-28-jours-2\/#breadcrumb\"},\"inLanguage\":\"fr-FR\",\"potentialAction\":[{\"@type\":\"ReadAction\",\"target\":[\"https:\/\/paracherkaoui.ma\/index.php\/produit\/heliabrine-ampoules-au-collagene-marin-cure-anti-age-28-jours-2\/\"]}]},{\"@type\":\"ImageObject\",\"inLanguage\":\"fr-FR\",\"@id\":\"https:\/\/paracherkaoui.ma\/index.php\/produit\/heliabrine-ampoules-au-collagene-marin-cure-anti-age-28-jours-2\/#primaryimage\",\"url\":\"https:\/\/paracherkaoui.ma\/wp-content\/uploads\/2025\/12\/heliabrine-ampoules-au-collagene-marin-cure-anti-age-28-jours.jpg\",\"contentUrl\":\"https:\/\/paracherkaoui.ma\/wp-content\/uploads\/2025\/12\/heliabrine-ampoules-au-collagene-marin-cure-anti-age-28-jours.jpg\",\"width\":700,\"height\":700},{\"@type\":\"BreadcrumbList\",\"@id\":\"https:\/\/paracherkaoui.ma\/index.php\/produit\/heliabrine-ampoules-au-collagene-marin-cure-anti-age-28-jours-2\/#breadcrumb\",\"itemListElement\":[{\"@type\":\"ListItem\",\"position\":1,\"name\":\"Accueil\",\"item\":\"https:\/\/paracherkaoui.ma\/\"},{\"@type\":\"ListItem\",\"position\":2,\"name\":\"Boutique\",\"item\":\"https:\/\/paracherkaoui.ma\/index.php\/boutique\/\"},{\"@type\":\"ListItem\",\"position\":3,\"name\":\"HELIABRINE AMPOULES AU COLLAGENE MARIN CURE ANTI AGE 28 JOURS\"}]},{\"@type\":\"WebSite\",\"@id\":\"https:\/\/paracherkaoui.ma\/#website\",\"url\":\"https:\/\/paracherkaoui.ma\/\",\"name\":\"Paracherkaoui.ma\",\"description\":\"Achetez en ligne sur Paracherkaoui.ma\",\"potentialAction\":[{\"@type\":\"SearchAction\",\"target\":{\"@type\":\"EntryPoint\",\"urlTemplate\":\"https:\/\/paracherkaoui.ma\/?s={search_term_string}\"},\"query-input\":{\"@type\":\"PropertyValueSpecification\",\"valueRequired\":true,\"valueName\":\"search_term_string\"}}],\"inLanguage\":\"fr-FR\"}]}<\/script>\r\n<!-- \/ Yoast SEO plugin. -->","yoast_head_json":{"title":"HELIABRINE AMPOULES AU COLLAGENE MARIN CURE ANTI AGE 28 JOURS - Paracherkaoui.ma","robots":{"index":"index","follow":"follow","max-snippet":"max-snippet:-1","max-image-preview":"max-image-preview:large","max-video-preview":"max-video-preview:-1"},"canonical":"https:\/\/paracherkaoui.ma\/index.php\/produit\/heliabrine-ampoules-au-collagene-marin-cure-anti-age-28-jours-2\/","og_locale":"fr_FR","og_type":"article","og_title":"HELIABRINE AMPOULES AU COLLAGENE MARIN CURE ANTI AGE 28 JOURS - Paracherkaoui.ma","og_description":"Cure anti-\u00e2ge intensive pour repulper, raffermir et revitaliser les peaux matures, fatigu\u00e9es ou d\u00e9vitalis\u00e9es. Hautement concentr\u00e9es en Collag\u00e8ne Marin et","og_url":"https:\/\/paracherkaoui.ma\/index.php\/produit\/heliabrine-ampoules-au-collagene-marin-cure-anti-age-28-jours-2\/","og_site_name":"Paracherkaoui.ma","article_modified_time":"2025-12-12T17:32:46+00:00","og_image":[{"width":700,"height":700,"url":"https:\/\/paracherkaoui.ma\/wp-content\/uploads\/2025\/12\/heliabrine-ampoules-au-collagene-marin-cure-anti-age-28-jours.jpg","type":"image\/jpeg"}],"twitter_card":"summary_large_image","schema":{"@context":"https:\/\/schema.org","@graph":[{"@type":"WebPage","@id":"https:\/\/paracherkaoui.ma\/index.php\/produit\/heliabrine-ampoules-au-collagene-marin-cure-anti-age-28-jours-2\/","url":"https:\/\/paracherkaoui.ma\/index.php\/produit\/heliabrine-ampoules-au-collagene-marin-cure-anti-age-28-jours-2\/","name":"HELIABRINE AMPOULES AU COLLAGENE MARIN CURE ANTI AGE 28 JOURS - Paracherkaoui.ma","isPartOf":{"@id":"https:\/\/paracherkaoui.ma\/#website"},"primaryImageOfPage":{"@id":"https:\/\/paracherkaoui.ma\/index.php\/produit\/heliabrine-ampoules-au-collagene-marin-cure-anti-age-28-jours-2\/#primaryimage"},"image":{"@id":"https:\/\/paracherkaoui.ma\/index.php\/produit\/heliabrine-ampoules-au-collagene-marin-cure-anti-age-28-jours-2\/#primaryimage"},"thumbnailUrl":"https:\/\/paracherkaoui.ma\/wp-content\/uploads\/2025\/12\/heliabrine-ampoules-au-collagene-marin-cure-anti-age-28-jours.jpg","datePublished":"2025-12-12T17:32:43+00:00","dateModified":"2025-12-12T17:32:46+00:00","breadcrumb":{"@id":"https:\/\/paracherkaoui.ma\/index.php\/produit\/heliabrine-ampoules-au-collagene-marin-cure-anti-age-28-jours-2\/#breadcrumb"},"inLanguage":"fr-FR","potentialAction":[{"@type":"ReadAction","target":["https:\/\/paracherkaoui.ma\/index.php\/produit\/heliabrine-ampoules-au-collagene-marin-cure-anti-age-28-jours-2\/"]}]},{"@type":"ImageObject","inLanguage":"fr-FR","@id":"https:\/\/paracherkaoui.ma\/index.php\/produit\/heliabrine-ampoules-au-collagene-marin-cure-anti-age-28-jours-2\/#primaryimage","url":"https:\/\/paracherkaoui.ma\/wp-content\/uploads\/2025\/12\/heliabrine-ampoules-au-collagene-marin-cure-anti-age-28-jours.jpg","contentUrl":"https:\/\/paracherkaoui.ma\/wp-content\/uploads\/2025\/12\/heliabrine-ampoules-au-collagene-marin-cure-anti-age-28-jours.jpg","width":700,"height":700},{"@type":"BreadcrumbList","@id":"https:\/\/paracherkaoui.ma\/index.php\/produit\/heliabrine-ampoules-au-collagene-marin-cure-anti-age-28-jours-2\/#breadcrumb","itemListElement":[{"@type":"ListItem","position":1,"name":"Accueil","item":"https:\/\/paracherkaoui.ma\/"},{"@type":"ListItem","position":2,"name":"Boutique","item":"https:\/\/paracherkaoui.ma\/index.php\/boutique\/"},{"@type":"ListItem","position":3,"name":"HELIABRINE AMPOULES AU COLLAGENE MARIN CURE ANTI AGE 28 JOURS"}]},{"@type":"WebSite","@id":"https:\/\/paracherkaoui.ma\/#website","url":"https:\/\/paracherkaoui.ma\/","name":"Paracherkaoui.ma","description":"Achetez en ligne sur Paracherkaoui.ma","potentialAction":[{"@type":"SearchAction","target":{"@type":"EntryPoint","urlTemplate":"https:\/\/paracherkaoui.ma\/?s={search_term_string}"},"query-input":{"@type":"PropertyValueSpecification","valueRequired":true,"valueName":"search_term_string"}}],"inLanguage":"fr-FR"}]}},"_links":{"self":[{"href":"https:\/\/paracherkaoui.ma\/index.php\/wp-json\/wp\/v2\/product\/30286","targetHints":{"allow":["GET"]}}],"collection":[{"href":"https:\/\/paracherkaoui.ma\/index.php\/wp-json\/wp\/v2\/product"}],"about":[{"href":"https:\/\/paracherkaoui.ma\/index.php\/wp-json\/wp\/v2\/types\/product"}],"replies":[{"embeddable":true,"href":"https:\/\/paracherkaoui.ma\/index.php\/wp-json\/wp\/v2\/comments?post=30286"}],"version-history":[{"count":1,"href":"https:\/\/paracherkaoui.ma\/index.php\/wp-json\/wp\/v2\/product\/30286\/revisions"}],"predecessor-version":[{"id":30320,"href":"https:\/\/paracherkaoui.ma\/index.php\/wp-json\/wp\/v2\/product\/30286\/revisions\/30320"}],"wp:featuredmedia":[{"embeddable":true,"href":"https:\/\/paracherkaoui.ma\/index.php\/wp-json\/wp\/v2\/media\/23154"}],"wp:attachment":[{"href":"https:\/\/paracherkaoui.ma\/index.php\/wp-json\/wp\/v2\/media?parent=30286"}],"wp:term":[{"taxonomy":"product_brand","embeddable":true,"href":"https:\/\/paracherkaoui.ma\/index.php\/wp-json\/wp\/v2\/product_brand?post=30286"},{"taxonomy":"product_cat","embeddable":true,"href":"https:\/\/paracherkaoui.ma\/index.php\/wp-json\/wp\/v2\/product_cat?post=30286"},{"taxonomy":"product_tag","embeddable":true,"href":"https:\/\/paracherkaoui.ma\/index.php\/wp-json\/wp\/v2\/product_tag?post=30286"}],"curies":[{"name":"wp","href":"https:\/\/api.w.org\/{rel}","templated":true}]}}