{"id":30285,"date":"2025-12-12T18:32:43","date_gmt":"2025-12-12T17:32:43","guid":{"rendered":"https:\/\/test.ecbeaute.com\/?post_type=product&#038;p=30285"},"modified":"2025-12-12T18:32:46","modified_gmt":"2025-12-12T17:32:46","slug":"caudalie-vinoperfect-creme-anti-taches-niacinamide-recharge-50-ml","status":"publish","type":"product","link":"https:\/\/paracherkaoui.ma\/index.php\/produit\/caudalie-vinoperfect-creme-anti-taches-niacinamide-recharge-50-ml\/","title":{"rendered":"CAUDALIE VINOPERFECT CREME ANTI TACHES NIACINAMIDE RECHARGE 50 ML"},"content":{"rendered":"<p>R\u00e9v\u00e9lez l\u2019\u00e9clat naturel de votre peau avec la Cr\u00e8me Anti-Taches Vinoperfect ! Inspir\u00e9e du c\u00e9l\u00e8bre S\u00e9rum Vinoperfect, N\u00b01 de l\u2019anti-taches en France*, cette cr\u00e8me est votre alli\u00e9e pour un teint unifi\u00e9 et lumineux. Con\u00e7ue pour toutes les femmes, elle agit efficacement sur tous types de taches pigmentaires : taches de soleil, marques d\u2019acn\u00e9, taches li\u00e9es \u00e0 l\u2019\u00e2ge ou \u00e0 la grossesse.<br \/>\nGr\u00e2ce \u00e0 sa formule enrichie en niacinamide, cette cr\u00e8me r\u00e9duit visiblement les taches existantes tout en pr\u00e9venant l\u2019apparition de nouvelles imperfections. Son extrait de pivoine blanche illumine instantan\u00e9ment le teint, tandis que sa texture fondante hydrate la peau en profondeur sans effet gras. R\u00e9sultat : une peau visiblement plus \u00e9clatante, uniforme et hydrat\u00e9e jour apr\u00e8s jour.<br \/>\nCette recharge \u00e9coresponsable vous permet de pr\u00e9server l\u2019environnement tout en profitant des bienfaits de cette cr\u00e8me incontournable. Adoptez-la dans votre routine beaut\u00e9 pour un teint lumineux et homog\u00e8ne sans compromis !<br \/>\nConseils d\u2019utilisation :<br \/>\nAppliquez matin et soir sur peau propre et s\u00e8che.<br \/>\nMassez d\u00e9licatement jusqu\u2019\u00e0 absorption compl\u00e8te.<br \/>\nComposition :<br \/>\nAQUA\/WATER\/EAU, GLYCERIN, DICAPRYLYL CARBONATE, SQUALANE, OCTYLDODECYL MYRISTATE, C20-22 ALKYL PHOSPHATE, C20-22 ALCOHOLS, PALMITOYL GRAPEVINE SHOOT EXTRACT, CITRUS AURANTIUM AMARA (BITTER ORANGE) FLOWER WATER, BISABOLOL, SACCHARIDE ISOMERATE, NIACINAMIDE, CARBOMER, SILICA, CI 77891 (TITANIUM DIOXIDE), ETHYLHEXYLGLYCERIN, MICA, SODIUM HYDROXIDE, SODIUM BENZOATE, PAEONIA LACTIFLORA ROOT EXTRACT, SODIUM HYALURONATE, SODIUM PHYTATE, CITRIC ACID, TIN OXIDE, SODIUM CITRATE, TOCOPHEROL, POTASSIUM SORBATE, PARFUM (FRAGRANCE).(238\/030)<\/p>\n","protected":false},"excerpt":{"rendered":"<p>R\u00e9v\u00e9lez l\u2019\u00e9clat naturel de votre peau avec la Cr\u00e8me Anti-Taches Vinoperfect ! Inspir\u00e9e du c\u00e9l\u00e8bre S\u00e9rum Vinoperfect, N\u00b01 de l\u2019anti-taches<\/p>\n","protected":false},"featured_media":30318,"comment_status":"open","ping_status":"closed","template":"","meta":[],"product_brand":[358],"product_cat":[553],"product_tag":[],"class_list":{"0":"post-30285","1":"product","2":"type-product","3":"status-publish","4":"has-post-thumbnail","6":"product_brand-caudalie","7":"product_cat-cremes-eclats","9":"first","10":"instock","11":"shipping-taxable","12":"purchasable","13":"product-type-simple"},"yoast_head":"<!-- This site is optimized with the Yoast SEO plugin v26.6 - https:\/\/yoast.com\/wordpress\/plugins\/seo\/ -->\r\n<title>CAUDALIE VINOPERFECT CREME ANTI TACHES NIACINAMIDE RECHARGE 50 ML - Paracherkaoui.ma<\/title>\r\n<meta name=\"robots\" content=\"index, follow, max-snippet:-1, max-image-preview:large, max-video-preview:-1\" \/>\r\n<link rel=\"canonical\" href=\"https:\/\/paracherkaoui.ma\/index.php\/produit\/caudalie-vinoperfect-creme-anti-taches-niacinamide-recharge-50-ml\/\" \/>\r\n<meta property=\"og:locale\" content=\"fr_FR\" \/>\r\n<meta property=\"og:type\" content=\"article\" \/>\r\n<meta property=\"og:title\" content=\"CAUDALIE VINOPERFECT CREME ANTI TACHES NIACINAMIDE RECHARGE 50 ML - Paracherkaoui.ma\" \/>\r\n<meta property=\"og:description\" content=\"R\u00e9v\u00e9lez l\u2019\u00e9clat naturel de votre peau avec la Cr\u00e8me Anti-Taches Vinoperfect ! Inspir\u00e9e du c\u00e9l\u00e8bre S\u00e9rum Vinoperfect, N\u00b01 de l\u2019anti-taches\" \/>\r\n<meta property=\"og:url\" content=\"https:\/\/paracherkaoui.ma\/index.php\/produit\/caudalie-vinoperfect-creme-anti-taches-niacinamide-recharge-50-ml\/\" \/>\r\n<meta property=\"og:site_name\" content=\"Paracherkaoui.ma\" \/>\r\n<meta property=\"article:modified_time\" content=\"2025-12-12T17:32:46+00:00\" \/>\r\n<meta property=\"og:image\" content=\"https:\/\/paracherkaoui.ma\/wp-content\/uploads\/2025\/12\/caudalie-vinoperfect-creme-anti-taches-niacinamide-recharge-50-ml.jpg\" \/>\r\n\t<meta property=\"og:image:width\" content=\"700\" \/>\r\n\t<meta property=\"og:image:height\" content=\"700\" \/>\r\n\t<meta property=\"og:image:type\" content=\"image\/jpeg\" \/>\r\n<meta name=\"twitter:card\" content=\"summary_large_image\" \/>\r\n<meta name=\"twitter:label1\" content=\"Dur\u00e9e de lecture estim\u00e9e\" \/>\n\t<meta name=\"twitter:data1\" content=\"1 minute\" \/>\r\n<script type=\"application\/ld+json\" class=\"yoast-schema-graph\">{\"@context\":\"https:\/\/schema.org\",\"@graph\":[{\"@type\":\"WebPage\",\"@id\":\"https:\/\/paracherkaoui.ma\/index.php\/produit\/caudalie-vinoperfect-creme-anti-taches-niacinamide-recharge-50-ml\/\",\"url\":\"https:\/\/paracherkaoui.ma\/index.php\/produit\/caudalie-vinoperfect-creme-anti-taches-niacinamide-recharge-50-ml\/\",\"name\":\"CAUDALIE VINOPERFECT CREME ANTI TACHES NIACINAMIDE RECHARGE 50 ML - Paracherkaoui.ma\",\"isPartOf\":{\"@id\":\"https:\/\/paracherkaoui.ma\/#website\"},\"primaryImageOfPage\":{\"@id\":\"https:\/\/paracherkaoui.ma\/index.php\/produit\/caudalie-vinoperfect-creme-anti-taches-niacinamide-recharge-50-ml\/#primaryimage\"},\"image\":{\"@id\":\"https:\/\/paracherkaoui.ma\/index.php\/produit\/caudalie-vinoperfect-creme-anti-taches-niacinamide-recharge-50-ml\/#primaryimage\"},\"thumbnailUrl\":\"https:\/\/paracherkaoui.ma\/wp-content\/uploads\/2025\/12\/caudalie-vinoperfect-creme-anti-taches-niacinamide-recharge-50-ml.jpg\",\"datePublished\":\"2025-12-12T17:32:43+00:00\",\"dateModified\":\"2025-12-12T17:32:46+00:00\",\"breadcrumb\":{\"@id\":\"https:\/\/paracherkaoui.ma\/index.php\/produit\/caudalie-vinoperfect-creme-anti-taches-niacinamide-recharge-50-ml\/#breadcrumb\"},\"inLanguage\":\"fr-FR\",\"potentialAction\":[{\"@type\":\"ReadAction\",\"target\":[\"https:\/\/paracherkaoui.ma\/index.php\/produit\/caudalie-vinoperfect-creme-anti-taches-niacinamide-recharge-50-ml\/\"]}]},{\"@type\":\"ImageObject\",\"inLanguage\":\"fr-FR\",\"@id\":\"https:\/\/paracherkaoui.ma\/index.php\/produit\/caudalie-vinoperfect-creme-anti-taches-niacinamide-recharge-50-ml\/#primaryimage\",\"url\":\"https:\/\/paracherkaoui.ma\/wp-content\/uploads\/2025\/12\/caudalie-vinoperfect-creme-anti-taches-niacinamide-recharge-50-ml.jpg\",\"contentUrl\":\"https:\/\/paracherkaoui.ma\/wp-content\/uploads\/2025\/12\/caudalie-vinoperfect-creme-anti-taches-niacinamide-recharge-50-ml.jpg\",\"width\":700,\"height\":700},{\"@type\":\"BreadcrumbList\",\"@id\":\"https:\/\/paracherkaoui.ma\/index.php\/produit\/caudalie-vinoperfect-creme-anti-taches-niacinamide-recharge-50-ml\/#breadcrumb\",\"itemListElement\":[{\"@type\":\"ListItem\",\"position\":1,\"name\":\"Accueil\",\"item\":\"https:\/\/paracherkaoui.ma\/\"},{\"@type\":\"ListItem\",\"position\":2,\"name\":\"Boutique\",\"item\":\"https:\/\/paracherkaoui.ma\/index.php\/boutique\/\"},{\"@type\":\"ListItem\",\"position\":3,\"name\":\"CAUDALIE VINOPERFECT CREME ANTI TACHES NIACINAMIDE RECHARGE 50 ML\"}]},{\"@type\":\"WebSite\",\"@id\":\"https:\/\/paracherkaoui.ma\/#website\",\"url\":\"https:\/\/paracherkaoui.ma\/\",\"name\":\"Paracherkaoui.ma\",\"description\":\"Achetez en ligne sur Paracherkaoui.ma\",\"potentialAction\":[{\"@type\":\"SearchAction\",\"target\":{\"@type\":\"EntryPoint\",\"urlTemplate\":\"https:\/\/paracherkaoui.ma\/?s={search_term_string}\"},\"query-input\":{\"@type\":\"PropertyValueSpecification\",\"valueRequired\":true,\"valueName\":\"search_term_string\"}}],\"inLanguage\":\"fr-FR\"}]}<\/script>\r\n<!-- \/ Yoast SEO plugin. -->","yoast_head_json":{"title":"CAUDALIE VINOPERFECT CREME ANTI TACHES NIACINAMIDE RECHARGE 50 ML - Paracherkaoui.ma","robots":{"index":"index","follow":"follow","max-snippet":"max-snippet:-1","max-image-preview":"max-image-preview:large","max-video-preview":"max-video-preview:-1"},"canonical":"https:\/\/paracherkaoui.ma\/index.php\/produit\/caudalie-vinoperfect-creme-anti-taches-niacinamide-recharge-50-ml\/","og_locale":"fr_FR","og_type":"article","og_title":"CAUDALIE VINOPERFECT CREME ANTI TACHES NIACINAMIDE RECHARGE 50 ML - Paracherkaoui.ma","og_description":"R\u00e9v\u00e9lez l\u2019\u00e9clat naturel de votre peau avec la Cr\u00e8me Anti-Taches Vinoperfect ! Inspir\u00e9e du c\u00e9l\u00e8bre S\u00e9rum Vinoperfect, N\u00b01 de l\u2019anti-taches","og_url":"https:\/\/paracherkaoui.ma\/index.php\/produit\/caudalie-vinoperfect-creme-anti-taches-niacinamide-recharge-50-ml\/","og_site_name":"Paracherkaoui.ma","article_modified_time":"2025-12-12T17:32:46+00:00","og_image":[{"width":700,"height":700,"url":"https:\/\/paracherkaoui.ma\/wp-content\/uploads\/2025\/12\/caudalie-vinoperfect-creme-anti-taches-niacinamide-recharge-50-ml.jpg","type":"image\/jpeg"}],"twitter_card":"summary_large_image","twitter_misc":{"Dur\u00e9e de lecture estim\u00e9e":"1 minute"},"schema":{"@context":"https:\/\/schema.org","@graph":[{"@type":"WebPage","@id":"https:\/\/paracherkaoui.ma\/index.php\/produit\/caudalie-vinoperfect-creme-anti-taches-niacinamide-recharge-50-ml\/","url":"https:\/\/paracherkaoui.ma\/index.php\/produit\/caudalie-vinoperfect-creme-anti-taches-niacinamide-recharge-50-ml\/","name":"CAUDALIE VINOPERFECT CREME ANTI TACHES NIACINAMIDE RECHARGE 50 ML - Paracherkaoui.ma","isPartOf":{"@id":"https:\/\/paracherkaoui.ma\/#website"},"primaryImageOfPage":{"@id":"https:\/\/paracherkaoui.ma\/index.php\/produit\/caudalie-vinoperfect-creme-anti-taches-niacinamide-recharge-50-ml\/#primaryimage"},"image":{"@id":"https:\/\/paracherkaoui.ma\/index.php\/produit\/caudalie-vinoperfect-creme-anti-taches-niacinamide-recharge-50-ml\/#primaryimage"},"thumbnailUrl":"https:\/\/paracherkaoui.ma\/wp-content\/uploads\/2025\/12\/caudalie-vinoperfect-creme-anti-taches-niacinamide-recharge-50-ml.jpg","datePublished":"2025-12-12T17:32:43+00:00","dateModified":"2025-12-12T17:32:46+00:00","breadcrumb":{"@id":"https:\/\/paracherkaoui.ma\/index.php\/produit\/caudalie-vinoperfect-creme-anti-taches-niacinamide-recharge-50-ml\/#breadcrumb"},"inLanguage":"fr-FR","potentialAction":[{"@type":"ReadAction","target":["https:\/\/paracherkaoui.ma\/index.php\/produit\/caudalie-vinoperfect-creme-anti-taches-niacinamide-recharge-50-ml\/"]}]},{"@type":"ImageObject","inLanguage":"fr-FR","@id":"https:\/\/paracherkaoui.ma\/index.php\/produit\/caudalie-vinoperfect-creme-anti-taches-niacinamide-recharge-50-ml\/#primaryimage","url":"https:\/\/paracherkaoui.ma\/wp-content\/uploads\/2025\/12\/caudalie-vinoperfect-creme-anti-taches-niacinamide-recharge-50-ml.jpg","contentUrl":"https:\/\/paracherkaoui.ma\/wp-content\/uploads\/2025\/12\/caudalie-vinoperfect-creme-anti-taches-niacinamide-recharge-50-ml.jpg","width":700,"height":700},{"@type":"BreadcrumbList","@id":"https:\/\/paracherkaoui.ma\/index.php\/produit\/caudalie-vinoperfect-creme-anti-taches-niacinamide-recharge-50-ml\/#breadcrumb","itemListElement":[{"@type":"ListItem","position":1,"name":"Accueil","item":"https:\/\/paracherkaoui.ma\/"},{"@type":"ListItem","position":2,"name":"Boutique","item":"https:\/\/paracherkaoui.ma\/index.php\/boutique\/"},{"@type":"ListItem","position":3,"name":"CAUDALIE VINOPERFECT CREME ANTI TACHES NIACINAMIDE RECHARGE 50 ML"}]},{"@type":"WebSite","@id":"https:\/\/paracherkaoui.ma\/#website","url":"https:\/\/paracherkaoui.ma\/","name":"Paracherkaoui.ma","description":"Achetez en ligne sur Paracherkaoui.ma","potentialAction":[{"@type":"SearchAction","target":{"@type":"EntryPoint","urlTemplate":"https:\/\/paracherkaoui.ma\/?s={search_term_string}"},"query-input":{"@type":"PropertyValueSpecification","valueRequired":true,"valueName":"search_term_string"}}],"inLanguage":"fr-FR"}]}},"_links":{"self":[{"href":"https:\/\/paracherkaoui.ma\/index.php\/wp-json\/wp\/v2\/product\/30285","targetHints":{"allow":["GET"]}}],"collection":[{"href":"https:\/\/paracherkaoui.ma\/index.php\/wp-json\/wp\/v2\/product"}],"about":[{"href":"https:\/\/paracherkaoui.ma\/index.php\/wp-json\/wp\/v2\/types\/product"}],"replies":[{"embeddable":true,"href":"https:\/\/paracherkaoui.ma\/index.php\/wp-json\/wp\/v2\/comments?post=30285"}],"version-history":[{"count":1,"href":"https:\/\/paracherkaoui.ma\/index.php\/wp-json\/wp\/v2\/product\/30285\/revisions"}],"predecessor-version":[{"id":30319,"href":"https:\/\/paracherkaoui.ma\/index.php\/wp-json\/wp\/v2\/product\/30285\/revisions\/30319"}],"wp:featuredmedia":[{"embeddable":true,"href":"https:\/\/paracherkaoui.ma\/index.php\/wp-json\/wp\/v2\/media\/30318"}],"wp:attachment":[{"href":"https:\/\/paracherkaoui.ma\/index.php\/wp-json\/wp\/v2\/media?parent=30285"}],"wp:term":[{"taxonomy":"product_brand","embeddable":true,"href":"https:\/\/paracherkaoui.ma\/index.php\/wp-json\/wp\/v2\/product_brand?post=30285"},{"taxonomy":"product_cat","embeddable":true,"href":"https:\/\/paracherkaoui.ma\/index.php\/wp-json\/wp\/v2\/product_cat?post=30285"},{"taxonomy":"product_tag","embeddable":true,"href":"https:\/\/paracherkaoui.ma\/index.php\/wp-json\/wp\/v2\/product_tag?post=30285"}],"curies":[{"name":"wp","href":"https:\/\/api.w.org\/{rel}","templated":true}]}}