{"id":30232,"date":"2025-12-12T18:32:37","date_gmt":"2025-12-12T17:32:37","guid":{"rendered":"https:\/\/test.ecbeaute.com\/?post_type=product&#038;p=30232"},"modified":"2025-12-12T18:32:43","modified_gmt":"2025-12-12T17:32:43","slug":"photo-white-c20-serum-a-la-vitamine-c-30-ml-3","status":"publish","type":"product","link":"https:\/\/paracherkaoui.ma\/index.php\/produit\/photo-white-c20-serum-a-la-vitamine-c-30-ml-3\/","title":{"rendered":"PHOTO WHITE C20 SERUM A LA VITAMINE C 30 ML"},"content":{"rendered":"<p>Ce s\u00e9rum concentr\u00e9 \u00e0 base de vitamine C avec une intense activit\u00e9 anti-\u00e2ge et anti-taches aide \u00e0 contrer les signes du vieillissement cutan\u00e9.\u00a0Il donne \u00e0 la peau de notre visage plus de tonicit\u00e9, de douceur et d&rsquo;uniformit\u00e9;\u00a0aidant \u00e9galement \u00e0 corriger la d\u00e9coloration et l&rsquo;hyperpigmentation.<br \/>\nCaract\u00e9ristiques:<br \/>\nAction antioxydante, prot\u00e8ge la peau du vieillissement d\u00fb au stress oxydatif.<br \/>\nAction d\u00e9pigmentante, contraste et pr\u00e9vient les taches cutan\u00e9es<br \/>\nAction tonifiante, maintient une densit\u00e9 optimale de collag\u00e8ne<br \/>\nConseil d&rsquo;utilisation:<br \/>\nAppliquer matin et soir sur le visage apr\u00e8s le nettoyage et masser doucement<\/p>\n","protected":false},"excerpt":{"rendered":"<p>Ce s\u00e9rum concentr\u00e9 \u00e0 base de vitamine C avec une intense activit\u00e9 anti-\u00e2ge et anti-taches aide \u00e0 contrer les signes<\/p>\n","protected":false},"featured_media":25094,"comment_status":"open","ping_status":"closed","template":"","meta":[],"product_brand":[377],"product_cat":[553],"product_tag":[],"class_list":{"0":"post-30232","1":"product","2":"type-product","3":"status-publish","4":"has-post-thumbnail","6":"product_brand-photo-white","7":"product_cat-cremes-eclats","9":"first","10":"instock","11":"sale","12":"shipping-taxable","13":"purchasable","14":"product-type-simple"},"yoast_head":"<!-- This site is optimized with the Yoast SEO plugin v26.6 - https:\/\/yoast.com\/wordpress\/plugins\/seo\/ -->\r\n<title>PHOTO WHITE C20 SERUM A LA VITAMINE C 30 ML - Paracherkaoui.ma<\/title>\r\n<meta name=\"robots\" content=\"index, follow, max-snippet:-1, max-image-preview:large, max-video-preview:-1\" \/>\r\n<link rel=\"canonical\" href=\"https:\/\/paracherkaoui.ma\/index.php\/produit\/photo-white-c20-serum-a-la-vitamine-c-30-ml-3\/\" \/>\r\n<meta property=\"og:locale\" content=\"fr_FR\" \/>\r\n<meta property=\"og:type\" content=\"article\" \/>\r\n<meta property=\"og:title\" content=\"PHOTO WHITE C20 SERUM A LA VITAMINE C 30 ML - Paracherkaoui.ma\" \/>\r\n<meta property=\"og:description\" content=\"Ce s\u00e9rum concentr\u00e9 \u00e0 base de vitamine C avec une intense activit\u00e9 anti-\u00e2ge et anti-taches aide \u00e0 contrer les signes\" \/>\r\n<meta property=\"og:url\" content=\"https:\/\/paracherkaoui.ma\/index.php\/produit\/photo-white-c20-serum-a-la-vitamine-c-30-ml-3\/\" \/>\r\n<meta property=\"og:site_name\" content=\"Paracherkaoui.ma\" \/>\r\n<meta property=\"article:modified_time\" content=\"2025-12-12T17:32:43+00:00\" \/>\r\n<meta property=\"og:image\" content=\"https:\/\/paracherkaoui.ma\/wp-content\/uploads\/2025\/12\/photo-white-c20-serum-a-la-vitamine-c-30-ml.jpg\" \/>\r\n\t<meta property=\"og:image:width\" content=\"700\" \/>\r\n\t<meta property=\"og:image:height\" content=\"700\" \/>\r\n\t<meta property=\"og:image:type\" content=\"image\/jpeg\" \/>\r\n<meta name=\"twitter:card\" content=\"summary_large_image\" \/>\r\n<script type=\"application\/ld+json\" class=\"yoast-schema-graph\">{\"@context\":\"https:\/\/schema.org\",\"@graph\":[{\"@type\":\"WebPage\",\"@id\":\"https:\/\/paracherkaoui.ma\/index.php\/produit\/photo-white-c20-serum-a-la-vitamine-c-30-ml-3\/\",\"url\":\"https:\/\/paracherkaoui.ma\/index.php\/produit\/photo-white-c20-serum-a-la-vitamine-c-30-ml-3\/\",\"name\":\"PHOTO WHITE C20 SERUM A LA VITAMINE C 30 ML - Paracherkaoui.ma\",\"isPartOf\":{\"@id\":\"https:\/\/paracherkaoui.ma\/#website\"},\"primaryImageOfPage\":{\"@id\":\"https:\/\/paracherkaoui.ma\/index.php\/produit\/photo-white-c20-serum-a-la-vitamine-c-30-ml-3\/#primaryimage\"},\"image\":{\"@id\":\"https:\/\/paracherkaoui.ma\/index.php\/produit\/photo-white-c20-serum-a-la-vitamine-c-30-ml-3\/#primaryimage\"},\"thumbnailUrl\":\"https:\/\/paracherkaoui.ma\/wp-content\/uploads\/2025\/12\/photo-white-c20-serum-a-la-vitamine-c-30-ml.jpg\",\"datePublished\":\"2025-12-12T17:32:37+00:00\",\"dateModified\":\"2025-12-12T17:32:43+00:00\",\"breadcrumb\":{\"@id\":\"https:\/\/paracherkaoui.ma\/index.php\/produit\/photo-white-c20-serum-a-la-vitamine-c-30-ml-3\/#breadcrumb\"},\"inLanguage\":\"fr-FR\",\"potentialAction\":[{\"@type\":\"ReadAction\",\"target\":[\"https:\/\/paracherkaoui.ma\/index.php\/produit\/photo-white-c20-serum-a-la-vitamine-c-30-ml-3\/\"]}]},{\"@type\":\"ImageObject\",\"inLanguage\":\"fr-FR\",\"@id\":\"https:\/\/paracherkaoui.ma\/index.php\/produit\/photo-white-c20-serum-a-la-vitamine-c-30-ml-3\/#primaryimage\",\"url\":\"https:\/\/paracherkaoui.ma\/wp-content\/uploads\/2025\/12\/photo-white-c20-serum-a-la-vitamine-c-30-ml.jpg\",\"contentUrl\":\"https:\/\/paracherkaoui.ma\/wp-content\/uploads\/2025\/12\/photo-white-c20-serum-a-la-vitamine-c-30-ml.jpg\",\"width\":700,\"height\":700},{\"@type\":\"BreadcrumbList\",\"@id\":\"https:\/\/paracherkaoui.ma\/index.php\/produit\/photo-white-c20-serum-a-la-vitamine-c-30-ml-3\/#breadcrumb\",\"itemListElement\":[{\"@type\":\"ListItem\",\"position\":1,\"name\":\"Accueil\",\"item\":\"https:\/\/paracherkaoui.ma\/\"},{\"@type\":\"ListItem\",\"position\":2,\"name\":\"Boutique\",\"item\":\"https:\/\/paracherkaoui.ma\/index.php\/boutique\/\"},{\"@type\":\"ListItem\",\"position\":3,\"name\":\"PHOTO WHITE C20 SERUM A LA VITAMINE C 30 ML\"}]},{\"@type\":\"WebSite\",\"@id\":\"https:\/\/paracherkaoui.ma\/#website\",\"url\":\"https:\/\/paracherkaoui.ma\/\",\"name\":\"Paracherkaoui.ma\",\"description\":\"Achetez en ligne sur Paracherkaoui.ma\",\"potentialAction\":[{\"@type\":\"SearchAction\",\"target\":{\"@type\":\"EntryPoint\",\"urlTemplate\":\"https:\/\/paracherkaoui.ma\/?s={search_term_string}\"},\"query-input\":{\"@type\":\"PropertyValueSpecification\",\"valueRequired\":true,\"valueName\":\"search_term_string\"}}],\"inLanguage\":\"fr-FR\"}]}<\/script>\r\n<!-- \/ Yoast SEO plugin. -->","yoast_head_json":{"title":"PHOTO WHITE C20 SERUM A LA VITAMINE C 30 ML - Paracherkaoui.ma","robots":{"index":"index","follow":"follow","max-snippet":"max-snippet:-1","max-image-preview":"max-image-preview:large","max-video-preview":"max-video-preview:-1"},"canonical":"https:\/\/paracherkaoui.ma\/index.php\/produit\/photo-white-c20-serum-a-la-vitamine-c-30-ml-3\/","og_locale":"fr_FR","og_type":"article","og_title":"PHOTO WHITE C20 SERUM A LA VITAMINE C 30 ML - Paracherkaoui.ma","og_description":"Ce s\u00e9rum concentr\u00e9 \u00e0 base de vitamine C avec une intense activit\u00e9 anti-\u00e2ge et anti-taches aide \u00e0 contrer les signes","og_url":"https:\/\/paracherkaoui.ma\/index.php\/produit\/photo-white-c20-serum-a-la-vitamine-c-30-ml-3\/","og_site_name":"Paracherkaoui.ma","article_modified_time":"2025-12-12T17:32:43+00:00","og_image":[{"width":700,"height":700,"url":"https:\/\/paracherkaoui.ma\/wp-content\/uploads\/2025\/12\/photo-white-c20-serum-a-la-vitamine-c-30-ml.jpg","type":"image\/jpeg"}],"twitter_card":"summary_large_image","schema":{"@context":"https:\/\/schema.org","@graph":[{"@type":"WebPage","@id":"https:\/\/paracherkaoui.ma\/index.php\/produit\/photo-white-c20-serum-a-la-vitamine-c-30-ml-3\/","url":"https:\/\/paracherkaoui.ma\/index.php\/produit\/photo-white-c20-serum-a-la-vitamine-c-30-ml-3\/","name":"PHOTO WHITE C20 SERUM A LA VITAMINE C 30 ML - Paracherkaoui.ma","isPartOf":{"@id":"https:\/\/paracherkaoui.ma\/#website"},"primaryImageOfPage":{"@id":"https:\/\/paracherkaoui.ma\/index.php\/produit\/photo-white-c20-serum-a-la-vitamine-c-30-ml-3\/#primaryimage"},"image":{"@id":"https:\/\/paracherkaoui.ma\/index.php\/produit\/photo-white-c20-serum-a-la-vitamine-c-30-ml-3\/#primaryimage"},"thumbnailUrl":"https:\/\/paracherkaoui.ma\/wp-content\/uploads\/2025\/12\/photo-white-c20-serum-a-la-vitamine-c-30-ml.jpg","datePublished":"2025-12-12T17:32:37+00:00","dateModified":"2025-12-12T17:32:43+00:00","breadcrumb":{"@id":"https:\/\/paracherkaoui.ma\/index.php\/produit\/photo-white-c20-serum-a-la-vitamine-c-30-ml-3\/#breadcrumb"},"inLanguage":"fr-FR","potentialAction":[{"@type":"ReadAction","target":["https:\/\/paracherkaoui.ma\/index.php\/produit\/photo-white-c20-serum-a-la-vitamine-c-30-ml-3\/"]}]},{"@type":"ImageObject","inLanguage":"fr-FR","@id":"https:\/\/paracherkaoui.ma\/index.php\/produit\/photo-white-c20-serum-a-la-vitamine-c-30-ml-3\/#primaryimage","url":"https:\/\/paracherkaoui.ma\/wp-content\/uploads\/2025\/12\/photo-white-c20-serum-a-la-vitamine-c-30-ml.jpg","contentUrl":"https:\/\/paracherkaoui.ma\/wp-content\/uploads\/2025\/12\/photo-white-c20-serum-a-la-vitamine-c-30-ml.jpg","width":700,"height":700},{"@type":"BreadcrumbList","@id":"https:\/\/paracherkaoui.ma\/index.php\/produit\/photo-white-c20-serum-a-la-vitamine-c-30-ml-3\/#breadcrumb","itemListElement":[{"@type":"ListItem","position":1,"name":"Accueil","item":"https:\/\/paracherkaoui.ma\/"},{"@type":"ListItem","position":2,"name":"Boutique","item":"https:\/\/paracherkaoui.ma\/index.php\/boutique\/"},{"@type":"ListItem","position":3,"name":"PHOTO WHITE C20 SERUM A LA VITAMINE C 30 ML"}]},{"@type":"WebSite","@id":"https:\/\/paracherkaoui.ma\/#website","url":"https:\/\/paracherkaoui.ma\/","name":"Paracherkaoui.ma","description":"Achetez en ligne sur Paracherkaoui.ma","potentialAction":[{"@type":"SearchAction","target":{"@type":"EntryPoint","urlTemplate":"https:\/\/paracherkaoui.ma\/?s={search_term_string}"},"query-input":{"@type":"PropertyValueSpecification","valueRequired":true,"valueName":"search_term_string"}}],"inLanguage":"fr-FR"}]}},"_links":{"self":[{"href":"https:\/\/paracherkaoui.ma\/index.php\/wp-json\/wp\/v2\/product\/30232","targetHints":{"allow":["GET"]}}],"collection":[{"href":"https:\/\/paracherkaoui.ma\/index.php\/wp-json\/wp\/v2\/product"}],"about":[{"href":"https:\/\/paracherkaoui.ma\/index.php\/wp-json\/wp\/v2\/types\/product"}],"replies":[{"embeddable":true,"href":"https:\/\/paracherkaoui.ma\/index.php\/wp-json\/wp\/v2\/comments?post=30232"}],"version-history":[{"count":1,"href":"https:\/\/paracherkaoui.ma\/index.php\/wp-json\/wp\/v2\/product\/30232\/revisions"}],"predecessor-version":[{"id":30280,"href":"https:\/\/paracherkaoui.ma\/index.php\/wp-json\/wp\/v2\/product\/30232\/revisions\/30280"}],"wp:featuredmedia":[{"embeddable":true,"href":"https:\/\/paracherkaoui.ma\/index.php\/wp-json\/wp\/v2\/media\/25094"}],"wp:attachment":[{"href":"https:\/\/paracherkaoui.ma\/index.php\/wp-json\/wp\/v2\/media?parent=30232"}],"wp:term":[{"taxonomy":"product_brand","embeddable":true,"href":"https:\/\/paracherkaoui.ma\/index.php\/wp-json\/wp\/v2\/product_brand?post=30232"},{"taxonomy":"product_cat","embeddable":true,"href":"https:\/\/paracherkaoui.ma\/index.php\/wp-json\/wp\/v2\/product_cat?post=30232"},{"taxonomy":"product_tag","embeddable":true,"href":"https:\/\/paracherkaoui.ma\/index.php\/wp-json\/wp\/v2\/product_tag?post=30232"}],"curies":[{"name":"wp","href":"https:\/\/api.w.org\/{rel}","templated":true}]}}