{"id":30222,"date":"2025-12-12T18:32:37","date_gmt":"2025-12-12T17:32:37","guid":{"rendered":"https:\/\/test.ecbeaute.com\/?post_type=product&#038;p=30222"},"modified":"2025-12-12T18:32:41","modified_gmt":"2025-12-12T17:32:41","slug":"filorga-oxygen-glow-creme-super-perfectrice-eclat-2","status":"publish","type":"product","link":"https:\/\/paracherkaoui.ma\/index.php\/produit\/filorga-oxygen-glow-creme-super-perfectrice-eclat-2\/","title":{"rendered":"FILORGA OXYGEN GLOW CREME SUPER PERFECTRICE ECLAT"},"content":{"rendered":"<p>DESCRIPTION<br \/>\nLa cr\u00e8me \u00ab miracle \u00bb qui parfait la peau en temps r\u00e9el et booste l&rsquo;\u00e9clat instantan\u00e9ment pour une belle peau au naturel !<\/p>\n<p>Avec la cr\u00e8me OXYGEN-GLOW, r\u00e9v\u00e9lez une peau parfait sans tricher(1)\u00a0!<br \/>\nComplexe Super-Skin Boosting Factors, technologie Photoperfector HD, peptide color-control(2), d\u00e9couvrez une formule puissante \u00e0 l&rsquo;efficacit\u00e9 imm\u00e9diate.<\/p>\n<p>3 b\u00e9n\u00e9fices pour ma peau<br \/>\n&#8211; Peau revitalis\u00e9e et illumin\u00e9e<br \/>\n&#8211; Peau liss\u00e9e et repulp\u00e9e<br \/>\n&#8211; Peau d\u00e9toxifi\u00e9e et unifi\u00e9e<\/p>\n<p>Les cl\u00e9s de l&rsquo;efficacit\u00e9<br \/>\n&#8211; Le complexe Super-Skin Boosting Factors combine un booster d&rsquo;oxyg\u00e8ne \u00e9nergisant, de l&rsquo;acide hyaluronique lissant et la Life-enzyme d\u00e9toxifiante pour un effet perfecteur intensif.<br \/>\n&#8211; La technologie Photoperfector HD associe des flouteurs optiques et des nacres illuminatrices dos\u00e9es minutieusement pour un effet peau sublim\u00e9e instantan\u00e9.<br \/>\n&#8211; Le peptide color-control(2) favorise le renouvellement cellulaire et la transparence du teint pour une action unifiante renforc\u00e9e.<\/p>\n<p>Zoom sur la sensorialit\u00e9 : La cr\u00e8me OXYGEN-GLOW est dot\u00e9e d&rsquo;une texture ros\u00e9e perfectrice, qui fusionne imm\u00e9diatement avec la peau, l&rsquo;hydrate et r\u00e9v\u00e8le son \u00e9clat.<\/p>\n<p>(1) Sans maquillage. (2) Peptide r\u00e9gulateur de couleur. (3) Ultra-lumineuse.<br \/>\nCONSEILS D&rsquo;UTILISATION<br \/>\nEtape 1 : Appliquez matin et soir sur l&rsquo;ensemble du visage.<br \/>\nEtape 2 : Effectuez quelques petits pincements.<br \/>\nEtape 3 : R\u00e9appliquez en cours de journ\u00e9e pour une retouche ultra-glowy(3)\u00a0express.<\/p>\n","protected":false},"excerpt":{"rendered":"<p>DESCRIPTION La cr\u00e8me \u00ab miracle \u00bb qui parfait la peau en temps r\u00e9el et booste l&rsquo;\u00e9clat instantan\u00e9ment pour une belle<\/p>\n","protected":false},"featured_media":13742,"comment_status":"open","ping_status":"closed","template":"","meta":[],"product_brand":[141],"product_cat":[553],"product_tag":[],"class_list":{"0":"post-30222","1":"product","2":"type-product","3":"status-publish","4":"has-post-thumbnail","6":"product_brand-filorga","7":"product_cat-cremes-eclats","9":"first","10":"instock","11":"sale","12":"shipping-taxable","13":"purchasable","14":"product-type-simple"},"yoast_head":"<!-- This site is optimized with the Yoast SEO plugin v26.6 - https:\/\/yoast.com\/wordpress\/plugins\/seo\/ -->\r\n<title>FILORGA OXYGEN GLOW CREME SUPER PERFECTRICE ECLAT - Paracherkaoui.ma<\/title>\r\n<meta name=\"robots\" content=\"index, follow, max-snippet:-1, max-image-preview:large, max-video-preview:-1\" \/>\r\n<link rel=\"canonical\" href=\"https:\/\/paracherkaoui.ma\/index.php\/produit\/filorga-oxygen-glow-creme-super-perfectrice-eclat-2\/\" \/>\r\n<meta property=\"og:locale\" content=\"fr_FR\" \/>\r\n<meta property=\"og:type\" content=\"article\" \/>\r\n<meta property=\"og:title\" content=\"FILORGA OXYGEN GLOW CREME SUPER PERFECTRICE ECLAT - Paracherkaoui.ma\" \/>\r\n<meta property=\"og:description\" content=\"DESCRIPTION La cr\u00e8me \u00ab miracle \u00bb qui parfait la peau en temps r\u00e9el et booste l&rsquo;\u00e9clat instantan\u00e9ment pour une belle\" \/>\r\n<meta property=\"og:url\" content=\"https:\/\/paracherkaoui.ma\/index.php\/produit\/filorga-oxygen-glow-creme-super-perfectrice-eclat-2\/\" \/>\r\n<meta property=\"og:site_name\" content=\"Paracherkaoui.ma\" \/>\r\n<meta property=\"article:modified_time\" content=\"2025-12-12T17:32:41+00:00\" \/>\r\n<meta property=\"og:image\" content=\"https:\/\/paracherkaoui.ma\/wp-content\/uploads\/2025\/12\/filorga-oxygen-glow-creme-super-perfectrice-eclat.jpg\" \/>\r\n\t<meta property=\"og:image:width\" content=\"700\" \/>\r\n\t<meta property=\"og:image:height\" content=\"700\" \/>\r\n\t<meta property=\"og:image:type\" content=\"image\/jpeg\" \/>\r\n<meta name=\"twitter:card\" content=\"summary_large_image\" \/>\r\n<meta name=\"twitter:label1\" content=\"Dur\u00e9e de lecture estim\u00e9e\" \/>\n\t<meta name=\"twitter:data1\" content=\"1 minute\" \/>\r\n<script type=\"application\/ld+json\" class=\"yoast-schema-graph\">{\"@context\":\"https:\/\/schema.org\",\"@graph\":[{\"@type\":\"WebPage\",\"@id\":\"https:\/\/paracherkaoui.ma\/index.php\/produit\/filorga-oxygen-glow-creme-super-perfectrice-eclat-2\/\",\"url\":\"https:\/\/paracherkaoui.ma\/index.php\/produit\/filorga-oxygen-glow-creme-super-perfectrice-eclat-2\/\",\"name\":\"FILORGA OXYGEN GLOW CREME SUPER PERFECTRICE ECLAT - Paracherkaoui.ma\",\"isPartOf\":{\"@id\":\"https:\/\/paracherkaoui.ma\/#website\"},\"primaryImageOfPage\":{\"@id\":\"https:\/\/paracherkaoui.ma\/index.php\/produit\/filorga-oxygen-glow-creme-super-perfectrice-eclat-2\/#primaryimage\"},\"image\":{\"@id\":\"https:\/\/paracherkaoui.ma\/index.php\/produit\/filorga-oxygen-glow-creme-super-perfectrice-eclat-2\/#primaryimage\"},\"thumbnailUrl\":\"https:\/\/paracherkaoui.ma\/wp-content\/uploads\/2025\/12\/filorga-oxygen-glow-creme-super-perfectrice-eclat.jpg\",\"datePublished\":\"2025-12-12T17:32:37+00:00\",\"dateModified\":\"2025-12-12T17:32:41+00:00\",\"breadcrumb\":{\"@id\":\"https:\/\/paracherkaoui.ma\/index.php\/produit\/filorga-oxygen-glow-creme-super-perfectrice-eclat-2\/#breadcrumb\"},\"inLanguage\":\"fr-FR\",\"potentialAction\":[{\"@type\":\"ReadAction\",\"target\":[\"https:\/\/paracherkaoui.ma\/index.php\/produit\/filorga-oxygen-glow-creme-super-perfectrice-eclat-2\/\"]}]},{\"@type\":\"ImageObject\",\"inLanguage\":\"fr-FR\",\"@id\":\"https:\/\/paracherkaoui.ma\/index.php\/produit\/filorga-oxygen-glow-creme-super-perfectrice-eclat-2\/#primaryimage\",\"url\":\"https:\/\/paracherkaoui.ma\/wp-content\/uploads\/2025\/12\/filorga-oxygen-glow-creme-super-perfectrice-eclat.jpg\",\"contentUrl\":\"https:\/\/paracherkaoui.ma\/wp-content\/uploads\/2025\/12\/filorga-oxygen-glow-creme-super-perfectrice-eclat.jpg\",\"width\":700,\"height\":700},{\"@type\":\"BreadcrumbList\",\"@id\":\"https:\/\/paracherkaoui.ma\/index.php\/produit\/filorga-oxygen-glow-creme-super-perfectrice-eclat-2\/#breadcrumb\",\"itemListElement\":[{\"@type\":\"ListItem\",\"position\":1,\"name\":\"Accueil\",\"item\":\"https:\/\/paracherkaoui.ma\/\"},{\"@type\":\"ListItem\",\"position\":2,\"name\":\"Boutique\",\"item\":\"https:\/\/paracherkaoui.ma\/index.php\/boutique\/\"},{\"@type\":\"ListItem\",\"position\":3,\"name\":\"FILORGA OXYGEN GLOW CREME SUPER PERFECTRICE ECLAT\"}]},{\"@type\":\"WebSite\",\"@id\":\"https:\/\/paracherkaoui.ma\/#website\",\"url\":\"https:\/\/paracherkaoui.ma\/\",\"name\":\"Paracherkaoui.ma\",\"description\":\"Achetez en ligne sur Paracherkaoui.ma\",\"potentialAction\":[{\"@type\":\"SearchAction\",\"target\":{\"@type\":\"EntryPoint\",\"urlTemplate\":\"https:\/\/paracherkaoui.ma\/?s={search_term_string}\"},\"query-input\":{\"@type\":\"PropertyValueSpecification\",\"valueRequired\":true,\"valueName\":\"search_term_string\"}}],\"inLanguage\":\"fr-FR\"}]}<\/script>\r\n<!-- \/ Yoast SEO plugin. -->","yoast_head_json":{"title":"FILORGA OXYGEN GLOW CREME SUPER PERFECTRICE ECLAT - Paracherkaoui.ma","robots":{"index":"index","follow":"follow","max-snippet":"max-snippet:-1","max-image-preview":"max-image-preview:large","max-video-preview":"max-video-preview:-1"},"canonical":"https:\/\/paracherkaoui.ma\/index.php\/produit\/filorga-oxygen-glow-creme-super-perfectrice-eclat-2\/","og_locale":"fr_FR","og_type":"article","og_title":"FILORGA OXYGEN GLOW CREME SUPER PERFECTRICE ECLAT - Paracherkaoui.ma","og_description":"DESCRIPTION La cr\u00e8me \u00ab miracle \u00bb qui parfait la peau en temps r\u00e9el et booste l&rsquo;\u00e9clat instantan\u00e9ment pour une belle","og_url":"https:\/\/paracherkaoui.ma\/index.php\/produit\/filorga-oxygen-glow-creme-super-perfectrice-eclat-2\/","og_site_name":"Paracherkaoui.ma","article_modified_time":"2025-12-12T17:32:41+00:00","og_image":[{"width":700,"height":700,"url":"https:\/\/paracherkaoui.ma\/wp-content\/uploads\/2025\/12\/filorga-oxygen-glow-creme-super-perfectrice-eclat.jpg","type":"image\/jpeg"}],"twitter_card":"summary_large_image","twitter_misc":{"Dur\u00e9e de lecture estim\u00e9e":"1 minute"},"schema":{"@context":"https:\/\/schema.org","@graph":[{"@type":"WebPage","@id":"https:\/\/paracherkaoui.ma\/index.php\/produit\/filorga-oxygen-glow-creme-super-perfectrice-eclat-2\/","url":"https:\/\/paracherkaoui.ma\/index.php\/produit\/filorga-oxygen-glow-creme-super-perfectrice-eclat-2\/","name":"FILORGA OXYGEN GLOW CREME SUPER PERFECTRICE ECLAT - Paracherkaoui.ma","isPartOf":{"@id":"https:\/\/paracherkaoui.ma\/#website"},"primaryImageOfPage":{"@id":"https:\/\/paracherkaoui.ma\/index.php\/produit\/filorga-oxygen-glow-creme-super-perfectrice-eclat-2\/#primaryimage"},"image":{"@id":"https:\/\/paracherkaoui.ma\/index.php\/produit\/filorga-oxygen-glow-creme-super-perfectrice-eclat-2\/#primaryimage"},"thumbnailUrl":"https:\/\/paracherkaoui.ma\/wp-content\/uploads\/2025\/12\/filorga-oxygen-glow-creme-super-perfectrice-eclat.jpg","datePublished":"2025-12-12T17:32:37+00:00","dateModified":"2025-12-12T17:32:41+00:00","breadcrumb":{"@id":"https:\/\/paracherkaoui.ma\/index.php\/produit\/filorga-oxygen-glow-creme-super-perfectrice-eclat-2\/#breadcrumb"},"inLanguage":"fr-FR","potentialAction":[{"@type":"ReadAction","target":["https:\/\/paracherkaoui.ma\/index.php\/produit\/filorga-oxygen-glow-creme-super-perfectrice-eclat-2\/"]}]},{"@type":"ImageObject","inLanguage":"fr-FR","@id":"https:\/\/paracherkaoui.ma\/index.php\/produit\/filorga-oxygen-glow-creme-super-perfectrice-eclat-2\/#primaryimage","url":"https:\/\/paracherkaoui.ma\/wp-content\/uploads\/2025\/12\/filorga-oxygen-glow-creme-super-perfectrice-eclat.jpg","contentUrl":"https:\/\/paracherkaoui.ma\/wp-content\/uploads\/2025\/12\/filorga-oxygen-glow-creme-super-perfectrice-eclat.jpg","width":700,"height":700},{"@type":"BreadcrumbList","@id":"https:\/\/paracherkaoui.ma\/index.php\/produit\/filorga-oxygen-glow-creme-super-perfectrice-eclat-2\/#breadcrumb","itemListElement":[{"@type":"ListItem","position":1,"name":"Accueil","item":"https:\/\/paracherkaoui.ma\/"},{"@type":"ListItem","position":2,"name":"Boutique","item":"https:\/\/paracherkaoui.ma\/index.php\/boutique\/"},{"@type":"ListItem","position":3,"name":"FILORGA OXYGEN GLOW CREME SUPER PERFECTRICE ECLAT"}]},{"@type":"WebSite","@id":"https:\/\/paracherkaoui.ma\/#website","url":"https:\/\/paracherkaoui.ma\/","name":"Paracherkaoui.ma","description":"Achetez en ligne sur Paracherkaoui.ma","potentialAction":[{"@type":"SearchAction","target":{"@type":"EntryPoint","urlTemplate":"https:\/\/paracherkaoui.ma\/?s={search_term_string}"},"query-input":{"@type":"PropertyValueSpecification","valueRequired":true,"valueName":"search_term_string"}}],"inLanguage":"fr-FR"}]}},"_links":{"self":[{"href":"https:\/\/paracherkaoui.ma\/index.php\/wp-json\/wp\/v2\/product\/30222","targetHints":{"allow":["GET"]}}],"collection":[{"href":"https:\/\/paracherkaoui.ma\/index.php\/wp-json\/wp\/v2\/product"}],"about":[{"href":"https:\/\/paracherkaoui.ma\/index.php\/wp-json\/wp\/v2\/types\/product"}],"replies":[{"embeddable":true,"href":"https:\/\/paracherkaoui.ma\/index.php\/wp-json\/wp\/v2\/comments?post=30222"}],"version-history":[{"count":1,"href":"https:\/\/paracherkaoui.ma\/index.php\/wp-json\/wp\/v2\/product\/30222\/revisions"}],"predecessor-version":[{"id":30266,"href":"https:\/\/paracherkaoui.ma\/index.php\/wp-json\/wp\/v2\/product\/30222\/revisions\/30266"}],"wp:featuredmedia":[{"embeddable":true,"href":"https:\/\/paracherkaoui.ma\/index.php\/wp-json\/wp\/v2\/media\/13742"}],"wp:attachment":[{"href":"https:\/\/paracherkaoui.ma\/index.php\/wp-json\/wp\/v2\/media?parent=30222"}],"wp:term":[{"taxonomy":"product_brand","embeddable":true,"href":"https:\/\/paracherkaoui.ma\/index.php\/wp-json\/wp\/v2\/product_brand?post=30222"},{"taxonomy":"product_cat","embeddable":true,"href":"https:\/\/paracherkaoui.ma\/index.php\/wp-json\/wp\/v2\/product_cat?post=30222"},{"taxonomy":"product_tag","embeddable":true,"href":"https:\/\/paracherkaoui.ma\/index.php\/wp-json\/wp\/v2\/product_tag?post=30222"}],"curies":[{"name":"wp","href":"https:\/\/api.w.org\/{rel}","templated":true}]}}