{"id":30212,"date":"2025-12-12T18:32:36","date_gmt":"2025-12-12T17:32:36","guid":{"rendered":"https:\/\/test.ecbeaute.com\/?post_type=product&#038;p=30212"},"modified":"2025-12-12T18:32:39","modified_gmt":"2025-12-12T17:32:39","slug":"martiderm-the-originals-flash-5-ampoules-x-2ml","status":"publish","type":"product","link":"https:\/\/paracherkaoui.ma\/index.php\/produit\/martiderm-the-originals-flash-5-ampoules-x-2ml\/","title":{"rendered":"MARTIDERM THE ORIGINALS FLASH 5 AMPOULES X 2ML"},"content":{"rendered":"<p>Avec une formule antifatigue imm\u00e9diate,LES AMPOULES FLASH ORIGINALES de Mariderm camoufle les rides et les imperfections, permettant d\u2019obtenir une peau instantan\u00e9ment \u00e9clatante.<br \/>\nLes ampoules FLASH effacent instantan\u00e9ment les signes de fatigue et de stress quotidien, elles hydratent et r\u00e9affirment visiblement tous les types de peau gr\u00e2ce \u00e0 leur teneur en acide hyaluronique et en silicium. Il contient \u00e9galement des prot\u00e9ines raffermissantes d&rsquo;origine v\u00e9g\u00e9tale qui r\u00e9duisent la rugosit\u00e9 de la peau et apportent une douceur imm\u00e9diate, cr\u00e9ant un film \u00e9lastique sur la peau avec un effet remodelant.<br \/>\nConseils d&rsquo;utilisation:<br \/>\nChaque ampoule comprend deux doses. L&rsquo;ampoule doit \u00eatre agit\u00e9e doucement, en la posant sur la base incluse sur une surface lisse et en l&rsquo;ouvrant \u00e0 l&rsquo;aide de l&rsquo;EASY OPEN. Retirez l&rsquo;EASY OPEN et placez le distributeur jusqu&rsquo;\u00e0 la ligne marqu\u00e9e. Verser une demi-ampoule sur les mains et \u00e9taler sur le visage, le cou et le d\u00e9collet\u00e9 en lissant les mouvements. Pour conserver l&rsquo;ampoule et l&rsquo;exc\u00e9dent de produit avec le bouchon sur le distributeur.<\/p>\n","protected":false},"excerpt":{"rendered":"<p>Avec une formule antifatigue imm\u00e9diate,LES AMPOULES FLASH ORIGINALES de Mariderm camoufle les rides et les imperfections, permettant d\u2019obtenir une peau<\/p>\n","protected":false},"featured_media":30248,"comment_status":"open","ping_status":"closed","template":"","meta":[],"product_brand":[291],"product_cat":[553],"product_tag":[],"class_list":{"0":"post-30212","1":"product","2":"type-product","3":"status-publish","4":"has-post-thumbnail","6":"product_brand-martiderm","7":"product_cat-cremes-eclats","9":"first","10":"instock","11":"sale","12":"shipping-taxable","13":"purchasable","14":"product-type-simple"},"yoast_head":"<!-- This site is optimized with the Yoast SEO plugin v26.6 - https:\/\/yoast.com\/wordpress\/plugins\/seo\/ -->\r\n<title>MARTIDERM THE ORIGINALS FLASH 5 AMPOULES X 2ML - Paracherkaoui.ma<\/title>\r\n<meta name=\"robots\" content=\"index, follow, max-snippet:-1, max-image-preview:large, max-video-preview:-1\" \/>\r\n<link rel=\"canonical\" href=\"https:\/\/paracherkaoui.ma\/index.php\/produit\/martiderm-the-originals-flash-5-ampoules-x-2ml\/\" \/>\r\n<meta property=\"og:locale\" content=\"fr_FR\" \/>\r\n<meta property=\"og:type\" content=\"article\" \/>\r\n<meta property=\"og:title\" content=\"MARTIDERM THE ORIGINALS FLASH 5 AMPOULES X 2ML - Paracherkaoui.ma\" \/>\r\n<meta property=\"og:description\" content=\"Avec une formule antifatigue imm\u00e9diate,LES AMPOULES FLASH ORIGINALES de Mariderm camoufle les rides et les imperfections, permettant d\u2019obtenir une peau\" \/>\r\n<meta property=\"og:url\" content=\"https:\/\/paracherkaoui.ma\/index.php\/produit\/martiderm-the-originals-flash-5-ampoules-x-2ml\/\" \/>\r\n<meta property=\"og:site_name\" content=\"Paracherkaoui.ma\" \/>\r\n<meta property=\"article:modified_time\" content=\"2025-12-12T17:32:39+00:00\" \/>\r\n<meta property=\"og:image\" content=\"https:\/\/paracherkaoui.ma\/wp-content\/uploads\/2025\/12\/martiderm-martiderm-the-originals-flash-5-ampoules-x-2ml-cremes-eclats.jpg\" \/>\r\n\t<meta property=\"og:image:width\" content=\"700\" \/>\r\n\t<meta property=\"og:image:height\" content=\"700\" \/>\r\n\t<meta property=\"og:image:type\" content=\"image\/jpeg\" \/>\r\n<meta name=\"twitter:card\" content=\"summary_large_image\" \/>\r\n<meta name=\"twitter:label1\" content=\"Dur\u00e9e de lecture estim\u00e9e\" \/>\n\t<meta name=\"twitter:data1\" content=\"1 minute\" \/>\r\n<script type=\"application\/ld+json\" class=\"yoast-schema-graph\">{\"@context\":\"https:\/\/schema.org\",\"@graph\":[{\"@type\":\"WebPage\",\"@id\":\"https:\/\/paracherkaoui.ma\/index.php\/produit\/martiderm-the-originals-flash-5-ampoules-x-2ml\/\",\"url\":\"https:\/\/paracherkaoui.ma\/index.php\/produit\/martiderm-the-originals-flash-5-ampoules-x-2ml\/\",\"name\":\"MARTIDERM THE ORIGINALS FLASH 5 AMPOULES X 2ML - Paracherkaoui.ma\",\"isPartOf\":{\"@id\":\"https:\/\/paracherkaoui.ma\/#website\"},\"primaryImageOfPage\":{\"@id\":\"https:\/\/paracherkaoui.ma\/index.php\/produit\/martiderm-the-originals-flash-5-ampoules-x-2ml\/#primaryimage\"},\"image\":{\"@id\":\"https:\/\/paracherkaoui.ma\/index.php\/produit\/martiderm-the-originals-flash-5-ampoules-x-2ml\/#primaryimage\"},\"thumbnailUrl\":\"https:\/\/paracherkaoui.ma\/wp-content\/uploads\/2025\/12\/martiderm-martiderm-the-originals-flash-5-ampoules-x-2ml-cremes-eclats.jpg\",\"datePublished\":\"2025-12-12T17:32:36+00:00\",\"dateModified\":\"2025-12-12T17:32:39+00:00\",\"breadcrumb\":{\"@id\":\"https:\/\/paracherkaoui.ma\/index.php\/produit\/martiderm-the-originals-flash-5-ampoules-x-2ml\/#breadcrumb\"},\"inLanguage\":\"fr-FR\",\"potentialAction\":[{\"@type\":\"ReadAction\",\"target\":[\"https:\/\/paracherkaoui.ma\/index.php\/produit\/martiderm-the-originals-flash-5-ampoules-x-2ml\/\"]}]},{\"@type\":\"ImageObject\",\"inLanguage\":\"fr-FR\",\"@id\":\"https:\/\/paracherkaoui.ma\/index.php\/produit\/martiderm-the-originals-flash-5-ampoules-x-2ml\/#primaryimage\",\"url\":\"https:\/\/paracherkaoui.ma\/wp-content\/uploads\/2025\/12\/martiderm-martiderm-the-originals-flash-5-ampoules-x-2ml-cremes-eclats.jpg\",\"contentUrl\":\"https:\/\/paracherkaoui.ma\/wp-content\/uploads\/2025\/12\/martiderm-martiderm-the-originals-flash-5-ampoules-x-2ml-cremes-eclats.jpg\",\"width\":700,\"height\":700},{\"@type\":\"BreadcrumbList\",\"@id\":\"https:\/\/paracherkaoui.ma\/index.php\/produit\/martiderm-the-originals-flash-5-ampoules-x-2ml\/#breadcrumb\",\"itemListElement\":[{\"@type\":\"ListItem\",\"position\":1,\"name\":\"Accueil\",\"item\":\"https:\/\/paracherkaoui.ma\/\"},{\"@type\":\"ListItem\",\"position\":2,\"name\":\"Boutique\",\"item\":\"https:\/\/paracherkaoui.ma\/index.php\/boutique\/\"},{\"@type\":\"ListItem\",\"position\":3,\"name\":\"MARTIDERM THE ORIGINALS FLASH 5 AMPOULES X 2ML\"}]},{\"@type\":\"WebSite\",\"@id\":\"https:\/\/paracherkaoui.ma\/#website\",\"url\":\"https:\/\/paracherkaoui.ma\/\",\"name\":\"Paracherkaoui.ma\",\"description\":\"Achetez en ligne sur Paracherkaoui.ma\",\"potentialAction\":[{\"@type\":\"SearchAction\",\"target\":{\"@type\":\"EntryPoint\",\"urlTemplate\":\"https:\/\/paracherkaoui.ma\/?s={search_term_string}\"},\"query-input\":{\"@type\":\"PropertyValueSpecification\",\"valueRequired\":true,\"valueName\":\"search_term_string\"}}],\"inLanguage\":\"fr-FR\"}]}<\/script>\r\n<!-- \/ Yoast SEO plugin. -->","yoast_head_json":{"title":"MARTIDERM THE ORIGINALS FLASH 5 AMPOULES X 2ML - Paracherkaoui.ma","robots":{"index":"index","follow":"follow","max-snippet":"max-snippet:-1","max-image-preview":"max-image-preview:large","max-video-preview":"max-video-preview:-1"},"canonical":"https:\/\/paracherkaoui.ma\/index.php\/produit\/martiderm-the-originals-flash-5-ampoules-x-2ml\/","og_locale":"fr_FR","og_type":"article","og_title":"MARTIDERM THE ORIGINALS FLASH 5 AMPOULES X 2ML - Paracherkaoui.ma","og_description":"Avec une formule antifatigue imm\u00e9diate,LES AMPOULES FLASH ORIGINALES de Mariderm camoufle les rides et les imperfections, permettant d\u2019obtenir une peau","og_url":"https:\/\/paracherkaoui.ma\/index.php\/produit\/martiderm-the-originals-flash-5-ampoules-x-2ml\/","og_site_name":"Paracherkaoui.ma","article_modified_time":"2025-12-12T17:32:39+00:00","og_image":[{"width":700,"height":700,"url":"https:\/\/paracherkaoui.ma\/wp-content\/uploads\/2025\/12\/martiderm-martiderm-the-originals-flash-5-ampoules-x-2ml-cremes-eclats.jpg","type":"image\/jpeg"}],"twitter_card":"summary_large_image","twitter_misc":{"Dur\u00e9e de lecture estim\u00e9e":"1 minute"},"schema":{"@context":"https:\/\/schema.org","@graph":[{"@type":"WebPage","@id":"https:\/\/paracherkaoui.ma\/index.php\/produit\/martiderm-the-originals-flash-5-ampoules-x-2ml\/","url":"https:\/\/paracherkaoui.ma\/index.php\/produit\/martiderm-the-originals-flash-5-ampoules-x-2ml\/","name":"MARTIDERM THE ORIGINALS FLASH 5 AMPOULES X 2ML - Paracherkaoui.ma","isPartOf":{"@id":"https:\/\/paracherkaoui.ma\/#website"},"primaryImageOfPage":{"@id":"https:\/\/paracherkaoui.ma\/index.php\/produit\/martiderm-the-originals-flash-5-ampoules-x-2ml\/#primaryimage"},"image":{"@id":"https:\/\/paracherkaoui.ma\/index.php\/produit\/martiderm-the-originals-flash-5-ampoules-x-2ml\/#primaryimage"},"thumbnailUrl":"https:\/\/paracherkaoui.ma\/wp-content\/uploads\/2025\/12\/martiderm-martiderm-the-originals-flash-5-ampoules-x-2ml-cremes-eclats.jpg","datePublished":"2025-12-12T17:32:36+00:00","dateModified":"2025-12-12T17:32:39+00:00","breadcrumb":{"@id":"https:\/\/paracherkaoui.ma\/index.php\/produit\/martiderm-the-originals-flash-5-ampoules-x-2ml\/#breadcrumb"},"inLanguage":"fr-FR","potentialAction":[{"@type":"ReadAction","target":["https:\/\/paracherkaoui.ma\/index.php\/produit\/martiderm-the-originals-flash-5-ampoules-x-2ml\/"]}]},{"@type":"ImageObject","inLanguage":"fr-FR","@id":"https:\/\/paracherkaoui.ma\/index.php\/produit\/martiderm-the-originals-flash-5-ampoules-x-2ml\/#primaryimage","url":"https:\/\/paracherkaoui.ma\/wp-content\/uploads\/2025\/12\/martiderm-martiderm-the-originals-flash-5-ampoules-x-2ml-cremes-eclats.jpg","contentUrl":"https:\/\/paracherkaoui.ma\/wp-content\/uploads\/2025\/12\/martiderm-martiderm-the-originals-flash-5-ampoules-x-2ml-cremes-eclats.jpg","width":700,"height":700},{"@type":"BreadcrumbList","@id":"https:\/\/paracherkaoui.ma\/index.php\/produit\/martiderm-the-originals-flash-5-ampoules-x-2ml\/#breadcrumb","itemListElement":[{"@type":"ListItem","position":1,"name":"Accueil","item":"https:\/\/paracherkaoui.ma\/"},{"@type":"ListItem","position":2,"name":"Boutique","item":"https:\/\/paracherkaoui.ma\/index.php\/boutique\/"},{"@type":"ListItem","position":3,"name":"MARTIDERM THE ORIGINALS FLASH 5 AMPOULES X 2ML"}]},{"@type":"WebSite","@id":"https:\/\/paracherkaoui.ma\/#website","url":"https:\/\/paracherkaoui.ma\/","name":"Paracherkaoui.ma","description":"Achetez en ligne sur Paracherkaoui.ma","potentialAction":[{"@type":"SearchAction","target":{"@type":"EntryPoint","urlTemplate":"https:\/\/paracherkaoui.ma\/?s={search_term_string}"},"query-input":{"@type":"PropertyValueSpecification","valueRequired":true,"valueName":"search_term_string"}}],"inLanguage":"fr-FR"}]}},"_links":{"self":[{"href":"https:\/\/paracherkaoui.ma\/index.php\/wp-json\/wp\/v2\/product\/30212","targetHints":{"allow":["GET"]}}],"collection":[{"href":"https:\/\/paracherkaoui.ma\/index.php\/wp-json\/wp\/v2\/product"}],"about":[{"href":"https:\/\/paracherkaoui.ma\/index.php\/wp-json\/wp\/v2\/types\/product"}],"replies":[{"embeddable":true,"href":"https:\/\/paracherkaoui.ma\/index.php\/wp-json\/wp\/v2\/comments?post=30212"}],"version-history":[{"count":1,"href":"https:\/\/paracherkaoui.ma\/index.php\/wp-json\/wp\/v2\/product\/30212\/revisions"}],"predecessor-version":[{"id":30249,"href":"https:\/\/paracherkaoui.ma\/index.php\/wp-json\/wp\/v2\/product\/30212\/revisions\/30249"}],"wp:featuredmedia":[{"embeddable":true,"href":"https:\/\/paracherkaoui.ma\/index.php\/wp-json\/wp\/v2\/media\/30248"}],"wp:attachment":[{"href":"https:\/\/paracherkaoui.ma\/index.php\/wp-json\/wp\/v2\/media?parent=30212"}],"wp:term":[{"taxonomy":"product_brand","embeddable":true,"href":"https:\/\/paracherkaoui.ma\/index.php\/wp-json\/wp\/v2\/product_brand?post=30212"},{"taxonomy":"product_cat","embeddable":true,"href":"https:\/\/paracherkaoui.ma\/index.php\/wp-json\/wp\/v2\/product_cat?post=30212"},{"taxonomy":"product_tag","embeddable":true,"href":"https:\/\/paracherkaoui.ma\/index.php\/wp-json\/wp\/v2\/product_tag?post=30212"}],"curies":[{"name":"wp","href":"https:\/\/api.w.org\/{rel}","templated":true}]}}