{"id":30166,"date":"2025-12-12T18:32:21","date_gmt":"2025-12-12T17:32:21","guid":{"rendered":"https:\/\/test.ecbeaute.com\/?post_type=product&#038;p=30166"},"modified":"2025-12-12T18:32:23","modified_gmt":"2025-12-12T17:32:23","slug":"vichy-mineral-89-serum-fortifiant-50-ml-2","status":"publish","type":"product","link":"https:\/\/paracherkaoui.ma\/index.php\/produit\/vichy-mineral-89-serum-fortifiant-50-ml-2\/","title":{"rendered":"VICHY MINERAL 89 SERUM FORTIFIANT 50 ML"},"content":{"rendered":"<p>.elementor-61 .elementor-element.elementor-element-6cc723d1 .elementor-tab-title, .elementor-61 .elementor-element.elementor-element-6cc723d1 .elementor-tab-title:before, .elementor-61 .elementor-element.elementor-element-6cc723d1 .elementor-tab-title:after, .elementor-61 .elementor-element.elementor-element-6cc723d1 .elementor-tab-content, .elementor-61 .elementor-element.elementor-element-6cc723d1 .elementor-tabs-content-wrapper{border-width:0.5px;}.elementor-61 .elementor-element.elementor-element-6cc723d1 .elementor-tab-title{color:#000000;}.elementor-61 .elementor-element.elementor-element-6cc723d1 .elementor-tab-title.elementor-active{color:#00a28d;}.elementor-61 .elementor-element.elementor-element-6cc723d1 .elementor-tab-content{color:#000000;}.elementor-61 .elementor-element.elementor-element-7c26f838 .axps-swiper-slider .swiper-slide img{width:auto;}.elementor-61 .elementor-element.elementor-element-7c26f838 .wrapper-items:not(.swiper-container-initialized) .item{-ms-flex:0 0 calc(100%\/1);flex:0 0 calc(100%\/1);max-width:calc(100%\/1);}.elementor-61 .elementor-element.elementor-element-7c26f838 .wrapper-items .swiper-slide{padding-left:calc(30px\/2);padding-right:calc(30px\/2);}.elementor-61 .elementor-element.elementor-element-7c26f838 .wrapper-items .swiper-slide .item-inner{margin-bottom:30px;}.elementor-61 .elementor-element.elementor-element-7c26f838 .wrapper-items{margin-left:calc(-30px\/2);margin-right:calc(-30px\/2);}.elementor-61 .elementor-element.elementor-element-7c26f838 .swiper-wrapper .item-inner{text-align:center;}.elementor-61 .elementor-element.elementor-element-7c26f838 .swiper-slide img{border-style:solid;border-color:#e8e8e8;border-radius:1px 1px 1px 1px;}.elementor-61 .elementor-element.elementor-element-7c26f838 .axps-swiper-slider .axps-swiper-arrow{width:77px;height:0px;}.elementor-61 .elementor-element.elementor-element-7c26f838 .axps-swiper-slider .axps-swiper-arrow i{font-size:39px;}.elementor-61 .elementor-element.elementor-element-7c26f838 .axps-swiper-slider .axps-swiper-arrow svg{width:39px;height:39px;}.elementor-61 .elementor-element.elementor-element-7c26f838 .axps-swiper-slider .swiper-dots .swiper-pagination-bullet:hover, .elementor-61 .elementor-element.elementor-element-7c26f838 .axps-swiper-slider .swiper-dots .swiper-pagination-bullet.swiper-pagination-bullet-active{background-color:#2dd8a5;}.elementor-61 .elementor-element.elementor-element-403e315{text-align:center;}.elementor-61 .elementor-element.elementor-element-403e315.elementor-widget-heading .elementor-heading-title{color:#0a0a0a;}.elementor-61 .elementor-element.elementor-element-403e315 .elementor-heading-title{font-size:28px;}.elementor-61 .elementor-element.elementor-element-b09b878{margin-top:-16px;margin-bottom:0px;}.elementor-61 .elementor-element.elementor-element-9df3d84 > .elementor-widget-container{margin:0px 0px -20px 0px;}.elementor-61 .elementor-element.elementor-element-739ded9d .elementor-text-editor{text-align:left;}.elementor-61 .elementor-element.elementor-element-739ded9d, .elementor-61 .elementor-element.elementor-element-739ded9d a, .elementor-61 .elementor-element.elementor-element-739ded9d p{font-weight:600;}.elementor-61 .elementor-element.elementor-element-739ded9d > .elementor-widget-container{margin:0px 0px 0px 0px;}.elementor-61 .elementor-element.elementor-element-32223a7 > .elementor-widget-container{margin:0px 0px -20px 0px;}.elementor-61 .elementor-element.elementor-element-6535bee .elementor-text-editor{text-align:left;}.elementor-61 .elementor-element.elementor-element-d44ff2a > .elementor-widget-container{margin:0px 0px -20px 0px;}.elementor-61 .elementor-element.elementor-element-80f1b43 .elementor-text-editor{text-align:left;}.elementor-61 .elementor-element.elementor-element-41b02ae5 > .elementor-widget-container{margin:0px 0px -20px 0px;}.elementor-61 .elementor-element.elementor-element-39c02fd .elementor-text-editor{text-align:left;}@media(max-width:1024px){.elementor-61 .elementor-element.elementor-element-7c26f838 .wrapper-items:not(.swiper-container-initialized) .item{-ms-flex:0 0 calc(100%\/1);flex:0 0 calc(100%\/1);max-width:calc(100%\/1);}.elementor-61 .elementor-element.elementor-element-7c26f838 .wrapper-items .swiper-slide{padding-left:calc(20px\/2);padding-right:calc(20px\/2);}.elementor-61 .elementor-element.elementor-element-7c26f838 .wrapper-items .swiper-slide .item-inner{margin-bottom:20px;}.elementor-61 .elementor-element.elementor-element-7c26f838 .wrapper-items{margin-left:calc(-20px\/2);margin-right:calc(-20px\/2);}.elementor-61 .elementor-element.elementor-element-403e315 > .elementor-widget-container{margin:-17px 0px 0px 0px;}.elementor-61 .elementor-element.elementor-element-9df3d84 > .elementor-widget-container{margin:0px 0px -12px 0px;}.elementor-61 .elementor-element.elementor-element-32223a7 > .elementor-widget-container{margin:0px 0px -12px 0px;}.elementor-61 .elementor-element.elementor-element-d44ff2a > .elementor-widget-container{margin:0px 0px -12px 0px;}.elementor-61 .elementor-element.elementor-element-41b02ae5 > .elementor-widget-container{margin:0px 0px -12px 0px;}}@media(max-width:767px){.elementor-61 .elementor-element.elementor-element-7c26f838 .wrapper-items:not(.swiper-container-initialized) .item{-ms-flex:0 0 calc(100%\/1);flex:0 0 calc(100%\/1);max-width:calc(100%\/1);}.elementor-61 .elementor-element.elementor-element-7c26f838 .wrapper-items .swiper-slide{padding-left:calc(10px\/2);padding-right:calc(10px\/2);}.elementor-61 .elementor-element.elementor-element-7c26f838 .wrapper-items .swiper-slide .item-inner{margin-bottom:10px;}.elementor-61 .elementor-element.elementor-element-7c26f838 .wrapper-items{margin-left:calc(-10px\/2);margin-right:calc(-10px\/2);}.elementor-61 .elementor-element.elementor-element-7c26f838 .axps-swiper-slider .axps-swiper-arrow{width:39px;}.elementor-61 .elementor-element.elementor-element-7c26f838 .axps-swiper-slider .axps-swiper-arrow i{font-size:15px;}.elementor-61 .elementor-element.elementor-element-7c26f838 .axps-swiper-slider .axps-swiper-arrow svg{width:15px;height:15px;}.elementor-61 .elementor-element.elementor-element-7c26f838 .axps-swiper-slider .swiper-dots{margin-top:-3px;}.elementor-61 .elementor-element.elementor-element-7c26f838 .axps-swiper-slider .swiper-dots .swiper-pagination-bullet, .elementor-61 .elementor-element.elementor-element-7c26f838 .axps-swiper-slider .swiper-dots .swiper-pagination-bullet::before{border-radius:-1px -1px -1px -1px;}.elementor-61 .elementor-element.elementor-element-403e315 .elementor-heading-title{font-size:23px;}.elementor-61 .elementor-element.elementor-element-403e315 > .elementor-widget-container{margin:7px 0px 0px 0px;}.elementor-61 .elementor-element.elementor-element-726895d{width:50%;}.elementor-61 .elementor-element.elementor-element-9f0edf0{width:50%;}.elementor-61 .elementor-element.elementor-element-29bb5b5{width:50%;}.elementor-61 .elementor-element.elementor-element-74b97163{width:50%;}}<br \/>\nDescription<br \/>\nConseils d&rsquo;utilisation<br \/>\nComposition<br \/>\nDescription<br \/>\nSa formule\u00a0hypoallerg\u00e9nique, sans parfum, sans alcool, sans parab\u00e8nes, ni silicone, respecte parfaitement l\u2019\u00e9quilibre de la peau tout en offrant une tol\u00e9rance optimale. Gr\u00e2ce \u00e0 sa texture fluide, non collante et fra\u00eeche, il p\u00e9n\u00e8tre rapidement, laissant la peau douce, fra\u00eeche et lumineuse.<br \/>\nLes r\u00e9sultats sont visibles d\u00e8s les premi\u00e8res applications\u00a0: une peau plus lisse, hydrat\u00e9e et tonifi\u00e9e. Apr\u00e8s un mois d\u2019utilisation, les femmes constatent un teint plus clair (+21%), plus homog\u00e8ne (+20%) et une peau visiblement repulp\u00e9e (+83%). Ce s\u00e9rum fortifiant agit en profondeur pour une\u00a0peau \u00e9clatante de sant\u00e9, visiblement plus jeune.<br \/>\nConseils d&rsquo;utilisation<br \/>\nNettoyez votre visage avec un nettoyant doux et appliquez un tonique pour \u00e9liminer les impuret\u00e9s r\u00e9siduelles.<br \/>\nD\u00e9posez 1 \u00e0 2 pressions de\u00a0Min\u00e9ral 89\u00a0dans le creux de votre main.<br \/>\nAppliquez sur l\u2019ensemble du visage, du cou et du d\u00e9collet\u00e9, en tapotant doucement avec les doigts.<br \/>\nUtilisez matin et soir, seul ou avant votre cr\u00e8me hydratante pour maximiser les bienfaits.<br \/>\nComposition<br \/>\nAqua \/ Water, PEG\/PPG\/Polybutylene Glycol-8\/5\/3 Glycerin, Glycerin, Butylene Glycol, Methyl Gluceth-20, Carbomer, Sodium Hyaluronate, Phenoxyethanol, Caprylyl Glycol, Citric Acid, Biosaccharide Gum-1<br \/>\nCompl\u00e9tez votre routine<br \/>\nAjouter au panier<br \/>\nAjouter au panier<br \/>\nAjouter au panier<br \/>\nAjouter au panier<\/p>\n","protected":false},"excerpt":{"rendered":"<p>.elementor-61 .elementor-element.elementor-element-6cc723d1 .elementor-tab-title, .elementor-61 .elementor-element.elementor-element-6cc723d1 .elementor-tab-title:before, .elementor-61 .elementor-element.elementor-element-6cc723d1 .elementor-tab-title:after, .elementor-61 .elementor-element.elementor-element-6cc723d1 .elementor-tab-content, .elementor-61 .elementor-element.elementor-element-6cc723d1 .elementor-tabs-content-wrapper{border-width:0.5px;}.elementor-61 .elementor-element.elementor-element-6cc723d1 .elementor-tab-title{color:#000000;}.elementor-61 .elementor-element.elementor-element-6cc723d1 .elementor-tab-title.elementor-active{color:#00a28d;}.elementor-61 .elementor-element.elementor-element-6cc723d1<\/p>\n","protected":false},"featured_media":13219,"comment_status":"open","ping_status":"closed","template":"","meta":[],"product_brand":[139],"product_cat":[553],"product_tag":[],"class_list":{"0":"post-30166","1":"product","2":"type-product","3":"status-publish","4":"has-post-thumbnail","6":"product_brand-vichy","7":"product_cat-cremes-eclats","9":"first","10":"instock","11":"sale","12":"shipping-taxable","13":"purchasable","14":"product-type-simple"},"yoast_head":"<!-- This site is optimized with the Yoast SEO plugin v26.6 - https:\/\/yoast.com\/wordpress\/plugins\/seo\/ -->\r\n<title>VICHY MINERAL 89 SERUM FORTIFIANT 50 ML - Paracherkaoui.ma<\/title>\r\n<meta name=\"robots\" content=\"index, follow, max-snippet:-1, max-image-preview:large, max-video-preview:-1\" \/>\r\n<link rel=\"canonical\" href=\"https:\/\/paracherkaoui.ma\/index.php\/produit\/vichy-mineral-89-serum-fortifiant-50-ml-2\/\" \/>\r\n<meta property=\"og:locale\" content=\"fr_FR\" \/>\r\n<meta property=\"og:type\" content=\"article\" \/>\r\n<meta property=\"og:title\" content=\"VICHY MINERAL 89 SERUM FORTIFIANT 50 ML - Paracherkaoui.ma\" \/>\r\n<meta property=\"og:description\" content=\".elementor-61 .elementor-element.elementor-element-6cc723d1 .elementor-tab-title, .elementor-61 .elementor-element.elementor-element-6cc723d1 .elementor-tab-title:before, .elementor-61 .elementor-element.elementor-element-6cc723d1 .elementor-tab-title:after, .elementor-61 .elementor-element.elementor-element-6cc723d1 .elementor-tab-content, .elementor-61 .elementor-element.elementor-element-6cc723d1 .elementor-tabs-content-wrapper{border-width:0.5px;}.elementor-61 .elementor-element.elementor-element-6cc723d1 .elementor-tab-title{color:#000000;}.elementor-61 .elementor-element.elementor-element-6cc723d1 .elementor-tab-title.elementor-active{color:#00a28d;}.elementor-61 .elementor-element.elementor-element-6cc723d1\" \/>\r\n<meta property=\"og:url\" content=\"https:\/\/paracherkaoui.ma\/index.php\/produit\/vichy-mineral-89-serum-fortifiant-50-ml-2\/\" \/>\r\n<meta property=\"og:site_name\" content=\"Paracherkaoui.ma\" \/>\r\n<meta property=\"article:modified_time\" content=\"2025-12-12T17:32:23+00:00\" \/>\r\n<meta property=\"og:image\" content=\"https:\/\/paracherkaoui.ma\/wp-content\/uploads\/2025\/12\/vichy-vichy-mineral-89-serum-fortifiant-50-ml-cremes-eclats.jpg\" \/>\r\n\t<meta property=\"og:image:width\" content=\"700\" \/>\r\n\t<meta property=\"og:image:height\" content=\"700\" \/>\r\n\t<meta property=\"og:image:type\" content=\"image\/jpeg\" \/>\r\n<meta name=\"twitter:card\" content=\"summary_large_image\" \/>\r\n<meta name=\"twitter:label1\" content=\"Dur\u00e9e de lecture estim\u00e9e\" \/>\n\t<meta name=\"twitter:data1\" content=\"4 minutes\" \/>\r\n<script type=\"application\/ld+json\" class=\"yoast-schema-graph\">{\"@context\":\"https:\/\/schema.org\",\"@graph\":[{\"@type\":\"WebPage\",\"@id\":\"https:\/\/paracherkaoui.ma\/index.php\/produit\/vichy-mineral-89-serum-fortifiant-50-ml-2\/\",\"url\":\"https:\/\/paracherkaoui.ma\/index.php\/produit\/vichy-mineral-89-serum-fortifiant-50-ml-2\/\",\"name\":\"VICHY MINERAL 89 SERUM FORTIFIANT 50 ML - Paracherkaoui.ma\",\"isPartOf\":{\"@id\":\"https:\/\/paracherkaoui.ma\/#website\"},\"primaryImageOfPage\":{\"@id\":\"https:\/\/paracherkaoui.ma\/index.php\/produit\/vichy-mineral-89-serum-fortifiant-50-ml-2\/#primaryimage\"},\"image\":{\"@id\":\"https:\/\/paracherkaoui.ma\/index.php\/produit\/vichy-mineral-89-serum-fortifiant-50-ml-2\/#primaryimage\"},\"thumbnailUrl\":\"https:\/\/paracherkaoui.ma\/wp-content\/uploads\/2025\/12\/vichy-vichy-mineral-89-serum-fortifiant-50-ml-cremes-eclats.jpg\",\"datePublished\":\"2025-12-12T17:32:21+00:00\",\"dateModified\":\"2025-12-12T17:32:23+00:00\",\"breadcrumb\":{\"@id\":\"https:\/\/paracherkaoui.ma\/index.php\/produit\/vichy-mineral-89-serum-fortifiant-50-ml-2\/#breadcrumb\"},\"inLanguage\":\"fr-FR\",\"potentialAction\":[{\"@type\":\"ReadAction\",\"target\":[\"https:\/\/paracherkaoui.ma\/index.php\/produit\/vichy-mineral-89-serum-fortifiant-50-ml-2\/\"]}]},{\"@type\":\"ImageObject\",\"inLanguage\":\"fr-FR\",\"@id\":\"https:\/\/paracherkaoui.ma\/index.php\/produit\/vichy-mineral-89-serum-fortifiant-50-ml-2\/#primaryimage\",\"url\":\"https:\/\/paracherkaoui.ma\/wp-content\/uploads\/2025\/12\/vichy-vichy-mineral-89-serum-fortifiant-50-ml-cremes-eclats.jpg\",\"contentUrl\":\"https:\/\/paracherkaoui.ma\/wp-content\/uploads\/2025\/12\/vichy-vichy-mineral-89-serum-fortifiant-50-ml-cremes-eclats.jpg\",\"width\":700,\"height\":700},{\"@type\":\"BreadcrumbList\",\"@id\":\"https:\/\/paracherkaoui.ma\/index.php\/produit\/vichy-mineral-89-serum-fortifiant-50-ml-2\/#breadcrumb\",\"itemListElement\":[{\"@type\":\"ListItem\",\"position\":1,\"name\":\"Accueil\",\"item\":\"https:\/\/paracherkaoui.ma\/\"},{\"@type\":\"ListItem\",\"position\":2,\"name\":\"Boutique\",\"item\":\"https:\/\/paracherkaoui.ma\/index.php\/boutique\/\"},{\"@type\":\"ListItem\",\"position\":3,\"name\":\"VICHY MINERAL 89 SERUM FORTIFIANT 50 ML\"}]},{\"@type\":\"WebSite\",\"@id\":\"https:\/\/paracherkaoui.ma\/#website\",\"url\":\"https:\/\/paracherkaoui.ma\/\",\"name\":\"Paracherkaoui.ma\",\"description\":\"Achetez en ligne sur Paracherkaoui.ma\",\"potentialAction\":[{\"@type\":\"SearchAction\",\"target\":{\"@type\":\"EntryPoint\",\"urlTemplate\":\"https:\/\/paracherkaoui.ma\/?s={search_term_string}\"},\"query-input\":{\"@type\":\"PropertyValueSpecification\",\"valueRequired\":true,\"valueName\":\"search_term_string\"}}],\"inLanguage\":\"fr-FR\"}]}<\/script>\r\n<!-- \/ Yoast SEO plugin. -->","yoast_head_json":{"title":"VICHY MINERAL 89 SERUM FORTIFIANT 50 ML - Paracherkaoui.ma","robots":{"index":"index","follow":"follow","max-snippet":"max-snippet:-1","max-image-preview":"max-image-preview:large","max-video-preview":"max-video-preview:-1"},"canonical":"https:\/\/paracherkaoui.ma\/index.php\/produit\/vichy-mineral-89-serum-fortifiant-50-ml-2\/","og_locale":"fr_FR","og_type":"article","og_title":"VICHY MINERAL 89 SERUM FORTIFIANT 50 ML - Paracherkaoui.ma","og_description":".elementor-61 .elementor-element.elementor-element-6cc723d1 .elementor-tab-title, .elementor-61 .elementor-element.elementor-element-6cc723d1 .elementor-tab-title:before, .elementor-61 .elementor-element.elementor-element-6cc723d1 .elementor-tab-title:after, .elementor-61 .elementor-element.elementor-element-6cc723d1 .elementor-tab-content, .elementor-61 .elementor-element.elementor-element-6cc723d1 .elementor-tabs-content-wrapper{border-width:0.5px;}.elementor-61 .elementor-element.elementor-element-6cc723d1 .elementor-tab-title{color:#000000;}.elementor-61 .elementor-element.elementor-element-6cc723d1 .elementor-tab-title.elementor-active{color:#00a28d;}.elementor-61 .elementor-element.elementor-element-6cc723d1","og_url":"https:\/\/paracherkaoui.ma\/index.php\/produit\/vichy-mineral-89-serum-fortifiant-50-ml-2\/","og_site_name":"Paracherkaoui.ma","article_modified_time":"2025-12-12T17:32:23+00:00","og_image":[{"width":700,"height":700,"url":"https:\/\/paracherkaoui.ma\/wp-content\/uploads\/2025\/12\/vichy-vichy-mineral-89-serum-fortifiant-50-ml-cremes-eclats.jpg","type":"image\/jpeg"}],"twitter_card":"summary_large_image","twitter_misc":{"Dur\u00e9e de lecture estim\u00e9e":"4 minutes"},"schema":{"@context":"https:\/\/schema.org","@graph":[{"@type":"WebPage","@id":"https:\/\/paracherkaoui.ma\/index.php\/produit\/vichy-mineral-89-serum-fortifiant-50-ml-2\/","url":"https:\/\/paracherkaoui.ma\/index.php\/produit\/vichy-mineral-89-serum-fortifiant-50-ml-2\/","name":"VICHY MINERAL 89 SERUM FORTIFIANT 50 ML - Paracherkaoui.ma","isPartOf":{"@id":"https:\/\/paracherkaoui.ma\/#website"},"primaryImageOfPage":{"@id":"https:\/\/paracherkaoui.ma\/index.php\/produit\/vichy-mineral-89-serum-fortifiant-50-ml-2\/#primaryimage"},"image":{"@id":"https:\/\/paracherkaoui.ma\/index.php\/produit\/vichy-mineral-89-serum-fortifiant-50-ml-2\/#primaryimage"},"thumbnailUrl":"https:\/\/paracherkaoui.ma\/wp-content\/uploads\/2025\/12\/vichy-vichy-mineral-89-serum-fortifiant-50-ml-cremes-eclats.jpg","datePublished":"2025-12-12T17:32:21+00:00","dateModified":"2025-12-12T17:32:23+00:00","breadcrumb":{"@id":"https:\/\/paracherkaoui.ma\/index.php\/produit\/vichy-mineral-89-serum-fortifiant-50-ml-2\/#breadcrumb"},"inLanguage":"fr-FR","potentialAction":[{"@type":"ReadAction","target":["https:\/\/paracherkaoui.ma\/index.php\/produit\/vichy-mineral-89-serum-fortifiant-50-ml-2\/"]}]},{"@type":"ImageObject","inLanguage":"fr-FR","@id":"https:\/\/paracherkaoui.ma\/index.php\/produit\/vichy-mineral-89-serum-fortifiant-50-ml-2\/#primaryimage","url":"https:\/\/paracherkaoui.ma\/wp-content\/uploads\/2025\/12\/vichy-vichy-mineral-89-serum-fortifiant-50-ml-cremes-eclats.jpg","contentUrl":"https:\/\/paracherkaoui.ma\/wp-content\/uploads\/2025\/12\/vichy-vichy-mineral-89-serum-fortifiant-50-ml-cremes-eclats.jpg","width":700,"height":700},{"@type":"BreadcrumbList","@id":"https:\/\/paracherkaoui.ma\/index.php\/produit\/vichy-mineral-89-serum-fortifiant-50-ml-2\/#breadcrumb","itemListElement":[{"@type":"ListItem","position":1,"name":"Accueil","item":"https:\/\/paracherkaoui.ma\/"},{"@type":"ListItem","position":2,"name":"Boutique","item":"https:\/\/paracherkaoui.ma\/index.php\/boutique\/"},{"@type":"ListItem","position":3,"name":"VICHY MINERAL 89 SERUM FORTIFIANT 50 ML"}]},{"@type":"WebSite","@id":"https:\/\/paracherkaoui.ma\/#website","url":"https:\/\/paracherkaoui.ma\/","name":"Paracherkaoui.ma","description":"Achetez en ligne sur Paracherkaoui.ma","potentialAction":[{"@type":"SearchAction","target":{"@type":"EntryPoint","urlTemplate":"https:\/\/paracherkaoui.ma\/?s={search_term_string}"},"query-input":{"@type":"PropertyValueSpecification","valueRequired":true,"valueName":"search_term_string"}}],"inLanguage":"fr-FR"}]}},"_links":{"self":[{"href":"https:\/\/paracherkaoui.ma\/index.php\/wp-json\/wp\/v2\/product\/30166","targetHints":{"allow":["GET"]}}],"collection":[{"href":"https:\/\/paracherkaoui.ma\/index.php\/wp-json\/wp\/v2\/product"}],"about":[{"href":"https:\/\/paracherkaoui.ma\/index.php\/wp-json\/wp\/v2\/types\/product"}],"replies":[{"embeddable":true,"href":"https:\/\/paracherkaoui.ma\/index.php\/wp-json\/wp\/v2\/comments?post=30166"}],"version-history":[{"count":1,"href":"https:\/\/paracherkaoui.ma\/index.php\/wp-json\/wp\/v2\/product\/30166\/revisions"}],"predecessor-version":[{"id":30186,"href":"https:\/\/paracherkaoui.ma\/index.php\/wp-json\/wp\/v2\/product\/30166\/revisions\/30186"}],"wp:featuredmedia":[{"embeddable":true,"href":"https:\/\/paracherkaoui.ma\/index.php\/wp-json\/wp\/v2\/media\/13219"}],"wp:attachment":[{"href":"https:\/\/paracherkaoui.ma\/index.php\/wp-json\/wp\/v2\/media?parent=30166"}],"wp:term":[{"taxonomy":"product_brand","embeddable":true,"href":"https:\/\/paracherkaoui.ma\/index.php\/wp-json\/wp\/v2\/product_brand?post=30166"},{"taxonomy":"product_cat","embeddable":true,"href":"https:\/\/paracherkaoui.ma\/index.php\/wp-json\/wp\/v2\/product_cat?post=30166"},{"taxonomy":"product_tag","embeddable":true,"href":"https:\/\/paracherkaoui.ma\/index.php\/wp-json\/wp\/v2\/product_tag?post=30166"}],"curies":[{"name":"wp","href":"https:\/\/api.w.org\/{rel}","templated":true}]}}