{"id":30106,"date":"2025-12-12T18:32:16","date_gmt":"2025-12-12T17:32:16","guid":{"rendered":"https:\/\/test.ecbeaute.com\/?post_type=product&#038;p=30106"},"modified":"2025-12-12T18:32:18","modified_gmt":"2025-12-12T17:32:18","slug":"penta-skin-ultra-creme-depigmentante-jour-spf-50-50-ml","status":"publish","type":"product","link":"https:\/\/paracherkaoui.ma\/index.php\/produit\/penta-skin-ultra-creme-depigmentante-jour-spf-50-50-ml\/","title":{"rendered":"PENTA SKIN ULTRA CREME DEPIGMENTANTE JOUR SPF 50+ 50 ML"},"content":{"rendered":"<p>La Penta Skin Ultra Cr\u00e8me D\u00e9pigmentante Jour SPF 50+ est la solution id\u00e9ale pour toutes celles et ceux qui cherchent \u00e0 r\u00e9duire efficacement les taches brunes et \u00e0 unifier leur teint. Formul\u00e9e avec des actifs puissants tels que l\u2019arbutine, cette cr\u00e8me de jour cible les zones hyperpigment\u00e9es, tout en offrant une protection solaire SPF 50+ pour pr\u00e9venir les dommages caus\u00e9s par les UV. Gr\u00e2ce \u00e0 son effet d\u00e9pigmentant, elle \u00e9claircit progressivement les taches, laissant votre peau plus lumineuse, uniforme et prot\u00e9g\u00e9e.<br \/>\nSa texture l\u00e9g\u00e8re et non grasse permet une application facile au quotidien, que ce soit en tant que cr\u00e8me de jour hydratante ou comme base de maquillage. Utilis\u00e9e r\u00e9guli\u00e8rement, la Penta Skin Ultra promet une att\u00e9nuation visible des taches pigmentaires en 30 \u00e0 60 jours, avec des r\u00e9sultats qui continuent de s\u2019am\u00e9liorer au fil du temps.<br \/>\nCe soin allie protection et efficacit\u00e9 gr\u00e2ce \u00e0 son filtre SPF 50+, essentiel pour pr\u00e9venir la r\u00e9apparition des taches pigmentaires li\u00e9es \u00e0 l\u2019exposition au soleil. Un teint plus \u00e9clatant et plus uniforme n&rsquo;a jamais \u00e9t\u00e9 aussi facile \u00e0 atteindre !<br \/>\nConseils d&rsquo;utilisation :<br \/>\nApplication quotidienne : Appliquez une petite quantit\u00e9 de la cr\u00e8me chaque matin sur une peau propre et s\u00e8che, en insistant sur les zones \u00e0 probl\u00e8mes.<br \/>\nProtection solaire : Utilisez-la avant toute exposition au soleil pour une protection optimale contre les rayons UV.<\/p>\n","protected":false},"excerpt":{"rendered":"<p>La Penta Skin Ultra Cr\u00e8me D\u00e9pigmentante Jour SPF 50+ est la solution id\u00e9ale pour toutes celles et ceux qui cherchent<\/p>\n","protected":false},"featured_media":30137,"comment_status":"open","ping_status":"closed","template":"","meta":[],"product_brand":[508],"product_cat":[549],"product_tag":[],"class_list":{"0":"post-30106","1":"product","2":"type-product","3":"status-publish","4":"has-post-thumbnail","6":"product_brand-pentamedical","7":"product_cat-cremes-depigmentantes","9":"first","10":"instock","11":"sale","12":"shipping-taxable","13":"purchasable","14":"product-type-simple"},"yoast_head":"<!-- This site is optimized with the Yoast SEO plugin v26.6 - https:\/\/yoast.com\/wordpress\/plugins\/seo\/ -->\r\n<title>PENTA SKIN ULTRA CREME DEPIGMENTANTE JOUR SPF 50+ 50 ML - Paracherkaoui.ma<\/title>\r\n<meta name=\"robots\" content=\"index, follow, max-snippet:-1, max-image-preview:large, max-video-preview:-1\" \/>\r\n<link rel=\"canonical\" href=\"https:\/\/paracherkaoui.ma\/index.php\/produit\/penta-skin-ultra-creme-depigmentante-jour-spf-50-50-ml\/\" \/>\r\n<meta property=\"og:locale\" content=\"fr_FR\" \/>\r\n<meta property=\"og:type\" content=\"article\" \/>\r\n<meta property=\"og:title\" content=\"PENTA SKIN ULTRA CREME DEPIGMENTANTE JOUR SPF 50+ 50 ML - Paracherkaoui.ma\" \/>\r\n<meta property=\"og:description\" content=\"La Penta Skin Ultra Cr\u00e8me D\u00e9pigmentante Jour SPF 50+ est la solution id\u00e9ale pour toutes celles et ceux qui cherchent\" \/>\r\n<meta property=\"og:url\" content=\"https:\/\/paracherkaoui.ma\/index.php\/produit\/penta-skin-ultra-creme-depigmentante-jour-spf-50-50-ml\/\" \/>\r\n<meta property=\"og:site_name\" content=\"Paracherkaoui.ma\" \/>\r\n<meta property=\"article:modified_time\" content=\"2025-12-12T17:32:18+00:00\" \/>\r\n<meta property=\"og:image\" content=\"https:\/\/paracherkaoui.ma\/wp-content\/uploads\/2025\/12\/penta-skin-ultra-creme-depigmentante-jour-spf-50-50-ml.jpg\" \/>\r\n\t<meta property=\"og:image:width\" content=\"700\" \/>\r\n\t<meta property=\"og:image:height\" content=\"700\" \/>\r\n\t<meta property=\"og:image:type\" content=\"image\/jpeg\" \/>\r\n<meta name=\"twitter:card\" content=\"summary_large_image\" \/>\r\n<meta name=\"twitter:label1\" content=\"Dur\u00e9e de lecture estim\u00e9e\" \/>\n\t<meta name=\"twitter:data1\" content=\"1 minute\" \/>\r\n<script type=\"application\/ld+json\" class=\"yoast-schema-graph\">{\"@context\":\"https:\/\/schema.org\",\"@graph\":[{\"@type\":\"WebPage\",\"@id\":\"https:\/\/paracherkaoui.ma\/index.php\/produit\/penta-skin-ultra-creme-depigmentante-jour-spf-50-50-ml\/\",\"url\":\"https:\/\/paracherkaoui.ma\/index.php\/produit\/penta-skin-ultra-creme-depigmentante-jour-spf-50-50-ml\/\",\"name\":\"PENTA SKIN ULTRA CREME DEPIGMENTANTE JOUR SPF 50+ 50 ML - Paracherkaoui.ma\",\"isPartOf\":{\"@id\":\"https:\/\/paracherkaoui.ma\/#website\"},\"primaryImageOfPage\":{\"@id\":\"https:\/\/paracherkaoui.ma\/index.php\/produit\/penta-skin-ultra-creme-depigmentante-jour-spf-50-50-ml\/#primaryimage\"},\"image\":{\"@id\":\"https:\/\/paracherkaoui.ma\/index.php\/produit\/penta-skin-ultra-creme-depigmentante-jour-spf-50-50-ml\/#primaryimage\"},\"thumbnailUrl\":\"https:\/\/paracherkaoui.ma\/wp-content\/uploads\/2025\/12\/penta-skin-ultra-creme-depigmentante-jour-spf-50-50-ml.jpg\",\"datePublished\":\"2025-12-12T17:32:16+00:00\",\"dateModified\":\"2025-12-12T17:32:18+00:00\",\"breadcrumb\":{\"@id\":\"https:\/\/paracherkaoui.ma\/index.php\/produit\/penta-skin-ultra-creme-depigmentante-jour-spf-50-50-ml\/#breadcrumb\"},\"inLanguage\":\"fr-FR\",\"potentialAction\":[{\"@type\":\"ReadAction\",\"target\":[\"https:\/\/paracherkaoui.ma\/index.php\/produit\/penta-skin-ultra-creme-depigmentante-jour-spf-50-50-ml\/\"]}]},{\"@type\":\"ImageObject\",\"inLanguage\":\"fr-FR\",\"@id\":\"https:\/\/paracherkaoui.ma\/index.php\/produit\/penta-skin-ultra-creme-depigmentante-jour-spf-50-50-ml\/#primaryimage\",\"url\":\"https:\/\/paracherkaoui.ma\/wp-content\/uploads\/2025\/12\/penta-skin-ultra-creme-depigmentante-jour-spf-50-50-ml.jpg\",\"contentUrl\":\"https:\/\/paracherkaoui.ma\/wp-content\/uploads\/2025\/12\/penta-skin-ultra-creme-depigmentante-jour-spf-50-50-ml.jpg\",\"width\":700,\"height\":700},{\"@type\":\"BreadcrumbList\",\"@id\":\"https:\/\/paracherkaoui.ma\/index.php\/produit\/penta-skin-ultra-creme-depigmentante-jour-spf-50-50-ml\/#breadcrumb\",\"itemListElement\":[{\"@type\":\"ListItem\",\"position\":1,\"name\":\"Accueil\",\"item\":\"https:\/\/paracherkaoui.ma\/\"},{\"@type\":\"ListItem\",\"position\":2,\"name\":\"Boutique\",\"item\":\"https:\/\/paracherkaoui.ma\/index.php\/boutique\/\"},{\"@type\":\"ListItem\",\"position\":3,\"name\":\"PENTA SKIN ULTRA CREME DEPIGMENTANTE JOUR SPF 50+ 50 ML\"}]},{\"@type\":\"WebSite\",\"@id\":\"https:\/\/paracherkaoui.ma\/#website\",\"url\":\"https:\/\/paracherkaoui.ma\/\",\"name\":\"Paracherkaoui.ma\",\"description\":\"Achetez en ligne sur Paracherkaoui.ma\",\"potentialAction\":[{\"@type\":\"SearchAction\",\"target\":{\"@type\":\"EntryPoint\",\"urlTemplate\":\"https:\/\/paracherkaoui.ma\/?s={search_term_string}\"},\"query-input\":{\"@type\":\"PropertyValueSpecification\",\"valueRequired\":true,\"valueName\":\"search_term_string\"}}],\"inLanguage\":\"fr-FR\"}]}<\/script>\r\n<!-- \/ Yoast SEO plugin. -->","yoast_head_json":{"title":"PENTA SKIN ULTRA CREME DEPIGMENTANTE JOUR SPF 50+ 50 ML - Paracherkaoui.ma","robots":{"index":"index","follow":"follow","max-snippet":"max-snippet:-1","max-image-preview":"max-image-preview:large","max-video-preview":"max-video-preview:-1"},"canonical":"https:\/\/paracherkaoui.ma\/index.php\/produit\/penta-skin-ultra-creme-depigmentante-jour-spf-50-50-ml\/","og_locale":"fr_FR","og_type":"article","og_title":"PENTA SKIN ULTRA CREME DEPIGMENTANTE JOUR SPF 50+ 50 ML - Paracherkaoui.ma","og_description":"La Penta Skin Ultra Cr\u00e8me D\u00e9pigmentante Jour SPF 50+ est la solution id\u00e9ale pour toutes celles et ceux qui cherchent","og_url":"https:\/\/paracherkaoui.ma\/index.php\/produit\/penta-skin-ultra-creme-depigmentante-jour-spf-50-50-ml\/","og_site_name":"Paracherkaoui.ma","article_modified_time":"2025-12-12T17:32:18+00:00","og_image":[{"width":700,"height":700,"url":"https:\/\/paracherkaoui.ma\/wp-content\/uploads\/2025\/12\/penta-skin-ultra-creme-depigmentante-jour-spf-50-50-ml.jpg","type":"image\/jpeg"}],"twitter_card":"summary_large_image","twitter_misc":{"Dur\u00e9e de lecture estim\u00e9e":"1 minute"},"schema":{"@context":"https:\/\/schema.org","@graph":[{"@type":"WebPage","@id":"https:\/\/paracherkaoui.ma\/index.php\/produit\/penta-skin-ultra-creme-depigmentante-jour-spf-50-50-ml\/","url":"https:\/\/paracherkaoui.ma\/index.php\/produit\/penta-skin-ultra-creme-depigmentante-jour-spf-50-50-ml\/","name":"PENTA SKIN ULTRA CREME DEPIGMENTANTE JOUR SPF 50+ 50 ML - Paracherkaoui.ma","isPartOf":{"@id":"https:\/\/paracherkaoui.ma\/#website"},"primaryImageOfPage":{"@id":"https:\/\/paracherkaoui.ma\/index.php\/produit\/penta-skin-ultra-creme-depigmentante-jour-spf-50-50-ml\/#primaryimage"},"image":{"@id":"https:\/\/paracherkaoui.ma\/index.php\/produit\/penta-skin-ultra-creme-depigmentante-jour-spf-50-50-ml\/#primaryimage"},"thumbnailUrl":"https:\/\/paracherkaoui.ma\/wp-content\/uploads\/2025\/12\/penta-skin-ultra-creme-depigmentante-jour-spf-50-50-ml.jpg","datePublished":"2025-12-12T17:32:16+00:00","dateModified":"2025-12-12T17:32:18+00:00","breadcrumb":{"@id":"https:\/\/paracherkaoui.ma\/index.php\/produit\/penta-skin-ultra-creme-depigmentante-jour-spf-50-50-ml\/#breadcrumb"},"inLanguage":"fr-FR","potentialAction":[{"@type":"ReadAction","target":["https:\/\/paracherkaoui.ma\/index.php\/produit\/penta-skin-ultra-creme-depigmentante-jour-spf-50-50-ml\/"]}]},{"@type":"ImageObject","inLanguage":"fr-FR","@id":"https:\/\/paracherkaoui.ma\/index.php\/produit\/penta-skin-ultra-creme-depigmentante-jour-spf-50-50-ml\/#primaryimage","url":"https:\/\/paracherkaoui.ma\/wp-content\/uploads\/2025\/12\/penta-skin-ultra-creme-depigmentante-jour-spf-50-50-ml.jpg","contentUrl":"https:\/\/paracherkaoui.ma\/wp-content\/uploads\/2025\/12\/penta-skin-ultra-creme-depigmentante-jour-spf-50-50-ml.jpg","width":700,"height":700},{"@type":"BreadcrumbList","@id":"https:\/\/paracherkaoui.ma\/index.php\/produit\/penta-skin-ultra-creme-depigmentante-jour-spf-50-50-ml\/#breadcrumb","itemListElement":[{"@type":"ListItem","position":1,"name":"Accueil","item":"https:\/\/paracherkaoui.ma\/"},{"@type":"ListItem","position":2,"name":"Boutique","item":"https:\/\/paracherkaoui.ma\/index.php\/boutique\/"},{"@type":"ListItem","position":3,"name":"PENTA SKIN ULTRA CREME DEPIGMENTANTE JOUR SPF 50+ 50 ML"}]},{"@type":"WebSite","@id":"https:\/\/paracherkaoui.ma\/#website","url":"https:\/\/paracherkaoui.ma\/","name":"Paracherkaoui.ma","description":"Achetez en ligne sur Paracherkaoui.ma","potentialAction":[{"@type":"SearchAction","target":{"@type":"EntryPoint","urlTemplate":"https:\/\/paracherkaoui.ma\/?s={search_term_string}"},"query-input":{"@type":"PropertyValueSpecification","valueRequired":true,"valueName":"search_term_string"}}],"inLanguage":"fr-FR"}]}},"_links":{"self":[{"href":"https:\/\/paracherkaoui.ma\/index.php\/wp-json\/wp\/v2\/product\/30106","targetHints":{"allow":["GET"]}}],"collection":[{"href":"https:\/\/paracherkaoui.ma\/index.php\/wp-json\/wp\/v2\/product"}],"about":[{"href":"https:\/\/paracherkaoui.ma\/index.php\/wp-json\/wp\/v2\/types\/product"}],"replies":[{"embeddable":true,"href":"https:\/\/paracherkaoui.ma\/index.php\/wp-json\/wp\/v2\/comments?post=30106"}],"version-history":[{"count":1,"href":"https:\/\/paracherkaoui.ma\/index.php\/wp-json\/wp\/v2\/product\/30106\/revisions"}],"predecessor-version":[{"id":30138,"href":"https:\/\/paracherkaoui.ma\/index.php\/wp-json\/wp\/v2\/product\/30106\/revisions\/30138"}],"wp:featuredmedia":[{"embeddable":true,"href":"https:\/\/paracherkaoui.ma\/index.php\/wp-json\/wp\/v2\/media\/30137"}],"wp:attachment":[{"href":"https:\/\/paracherkaoui.ma\/index.php\/wp-json\/wp\/v2\/media?parent=30106"}],"wp:term":[{"taxonomy":"product_brand","embeddable":true,"href":"https:\/\/paracherkaoui.ma\/index.php\/wp-json\/wp\/v2\/product_brand?post=30106"},{"taxonomy":"product_cat","embeddable":true,"href":"https:\/\/paracherkaoui.ma\/index.php\/wp-json\/wp\/v2\/product_cat?post=30106"},{"taxonomy":"product_tag","embeddable":true,"href":"https:\/\/paracherkaoui.ma\/index.php\/wp-json\/wp\/v2\/product_tag?post=30106"}],"curies":[{"name":"wp","href":"https:\/\/api.w.org\/{rel}","templated":true}]}}