{"id":30049,"date":"2025-12-12T18:32:09","date_gmt":"2025-12-12T17:32:09","guid":{"rendered":"https:\/\/test.ecbeaute.com\/?post_type=product&#038;p=30049"},"modified":"2025-12-12T18:32:13","modified_gmt":"2025-12-12T17:32:13","slug":"novaskin-melaslow-creme-eclaicissante-anti-taches-spf-15-30ml-2","status":"publish","type":"product","link":"https:\/\/paracherkaoui.ma\/index.php\/produit\/novaskin-melaslow-creme-eclaicissante-anti-taches-spf-15-30ml-2\/","title":{"rendered":"NOVASKIN MELASLOW CREME ECLAICISSANTE ANTI TACHES SPF 15 30ml"},"content":{"rendered":"<p>Novaskin Melaslow cr\u00e8me Anti-Tachesest un soin intensif d\u00e9pigmentant,qui \u00e9clairci la peau et traite les t\u00e2ches. Son peptide actif brevet\u00e9 Melaslow, diminue la synth\u00e8se de la m\u00e9lanine r\u00e9sponsable de la pigmentation anarchique de la peau. Il affine le grain de la peau et r\u00e9veille l&rsquo;\u00e9clat du teint.<\/p>\n<p>Melaslow est un extrait de citrus insihiu originaire du japan. C&rsquo;est un excellent inhibiteur de la m\u00e9lanogen\u00e8se. Il \u00e9clairci le teint pour le rendre plus transparent, pur et lumineux<\/p>\n<p>Conseils d&rsquo;utilisation:<\/p>\n<p>appliquez Novaskin 2 fois par jour matin et soir sur une peau parfaitement nettoy\u00e9e<\/p>\n","protected":false},"excerpt":{"rendered":"<p>Novaskin Melaslow cr\u00e8me Anti-Tachesest un soin intensif d\u00e9pigmentant,qui \u00e9clairci la peau et traite les t\u00e2ches. Son peptide actif brevet\u00e9 Melaslow,<\/p>\n","protected":false},"featured_media":25892,"comment_status":"open","ping_status":"closed","template":"","meta":[],"product_brand":[446],"product_cat":[549],"product_tag":[],"class_list":{"0":"post-30049","1":"product","2":"type-product","3":"status-publish","4":"has-post-thumbnail","6":"product_brand-novaskin","7":"product_cat-cremes-depigmentantes","9":"first","10":"instock","11":"sale","12":"shipping-taxable","13":"purchasable","14":"product-type-simple"},"yoast_head":"<!-- This site is optimized with the Yoast SEO plugin v26.6 - https:\/\/yoast.com\/wordpress\/plugins\/seo\/ -->\r\n<title>NOVASKIN MELASLOW CREME ECLAICISSANTE ANTI TACHES SPF 15 30ml - Paracherkaoui.ma<\/title>\r\n<meta name=\"robots\" content=\"index, follow, max-snippet:-1, max-image-preview:large, max-video-preview:-1\" \/>\r\n<link rel=\"canonical\" href=\"https:\/\/paracherkaoui.ma\/index.php\/produit\/novaskin-melaslow-creme-eclaicissante-anti-taches-spf-15-30ml-2\/\" \/>\r\n<meta property=\"og:locale\" content=\"fr_FR\" \/>\r\n<meta property=\"og:type\" content=\"article\" \/>\r\n<meta property=\"og:title\" content=\"NOVASKIN MELASLOW CREME ECLAICISSANTE ANTI TACHES SPF 15 30ml - Paracherkaoui.ma\" \/>\r\n<meta property=\"og:description\" content=\"Novaskin Melaslow cr\u00e8me Anti-Tachesest un soin intensif d\u00e9pigmentant,qui \u00e9clairci la peau et traite les t\u00e2ches. Son peptide actif brevet\u00e9 Melaslow,\" \/>\r\n<meta property=\"og:url\" content=\"https:\/\/paracherkaoui.ma\/index.php\/produit\/novaskin-melaslow-creme-eclaicissante-anti-taches-spf-15-30ml-2\/\" \/>\r\n<meta property=\"og:site_name\" content=\"Paracherkaoui.ma\" \/>\r\n<meta property=\"article:modified_time\" content=\"2025-12-12T17:32:13+00:00\" \/>\r\n<meta property=\"og:image\" content=\"https:\/\/paracherkaoui.ma\/wp-content\/uploads\/2025\/12\/novaskin-novaskin-melaslow-creme-eclaicissante-anti-taches-spf-15-30ml-creme-depigmentantes.jpg\" \/>\r\n\t<meta property=\"og:image:width\" content=\"700\" \/>\r\n\t<meta property=\"og:image:height\" content=\"700\" \/>\r\n\t<meta property=\"og:image:type\" content=\"image\/jpeg\" \/>\r\n<meta name=\"twitter:card\" content=\"summary_large_image\" \/>\r\n<meta name=\"twitter:label1\" content=\"Dur\u00e9e de lecture estim\u00e9e\" \/>\n\t<meta name=\"twitter:data1\" content=\"1 minute\" \/>\r\n<script type=\"application\/ld+json\" class=\"yoast-schema-graph\">{\"@context\":\"https:\/\/schema.org\",\"@graph\":[{\"@type\":\"WebPage\",\"@id\":\"https:\/\/paracherkaoui.ma\/index.php\/produit\/novaskin-melaslow-creme-eclaicissante-anti-taches-spf-15-30ml-2\/\",\"url\":\"https:\/\/paracherkaoui.ma\/index.php\/produit\/novaskin-melaslow-creme-eclaicissante-anti-taches-spf-15-30ml-2\/\",\"name\":\"NOVASKIN MELASLOW CREME ECLAICISSANTE ANTI TACHES SPF 15 30ml - Paracherkaoui.ma\",\"isPartOf\":{\"@id\":\"https:\/\/paracherkaoui.ma\/#website\"},\"primaryImageOfPage\":{\"@id\":\"https:\/\/paracherkaoui.ma\/index.php\/produit\/novaskin-melaslow-creme-eclaicissante-anti-taches-spf-15-30ml-2\/#primaryimage\"},\"image\":{\"@id\":\"https:\/\/paracherkaoui.ma\/index.php\/produit\/novaskin-melaslow-creme-eclaicissante-anti-taches-spf-15-30ml-2\/#primaryimage\"},\"thumbnailUrl\":\"https:\/\/paracherkaoui.ma\/wp-content\/uploads\/2025\/12\/novaskin-novaskin-melaslow-creme-eclaicissante-anti-taches-spf-15-30ml-creme-depigmentantes.jpg\",\"datePublished\":\"2025-12-12T17:32:09+00:00\",\"dateModified\":\"2025-12-12T17:32:13+00:00\",\"breadcrumb\":{\"@id\":\"https:\/\/paracherkaoui.ma\/index.php\/produit\/novaskin-melaslow-creme-eclaicissante-anti-taches-spf-15-30ml-2\/#breadcrumb\"},\"inLanguage\":\"fr-FR\",\"potentialAction\":[{\"@type\":\"ReadAction\",\"target\":[\"https:\/\/paracherkaoui.ma\/index.php\/produit\/novaskin-melaslow-creme-eclaicissante-anti-taches-spf-15-30ml-2\/\"]}]},{\"@type\":\"ImageObject\",\"inLanguage\":\"fr-FR\",\"@id\":\"https:\/\/paracherkaoui.ma\/index.php\/produit\/novaskin-melaslow-creme-eclaicissante-anti-taches-spf-15-30ml-2\/#primaryimage\",\"url\":\"https:\/\/paracherkaoui.ma\/wp-content\/uploads\/2025\/12\/novaskin-novaskin-melaslow-creme-eclaicissante-anti-taches-spf-15-30ml-creme-depigmentantes.jpg\",\"contentUrl\":\"https:\/\/paracherkaoui.ma\/wp-content\/uploads\/2025\/12\/novaskin-novaskin-melaslow-creme-eclaicissante-anti-taches-spf-15-30ml-creme-depigmentantes.jpg\",\"width\":700,\"height\":700},{\"@type\":\"BreadcrumbList\",\"@id\":\"https:\/\/paracherkaoui.ma\/index.php\/produit\/novaskin-melaslow-creme-eclaicissante-anti-taches-spf-15-30ml-2\/#breadcrumb\",\"itemListElement\":[{\"@type\":\"ListItem\",\"position\":1,\"name\":\"Accueil\",\"item\":\"https:\/\/paracherkaoui.ma\/\"},{\"@type\":\"ListItem\",\"position\":2,\"name\":\"Boutique\",\"item\":\"https:\/\/paracherkaoui.ma\/index.php\/boutique\/\"},{\"@type\":\"ListItem\",\"position\":3,\"name\":\"NOVASKIN MELASLOW CREME ECLAICISSANTE ANTI TACHES SPF 15 30ml\"}]},{\"@type\":\"WebSite\",\"@id\":\"https:\/\/paracherkaoui.ma\/#website\",\"url\":\"https:\/\/paracherkaoui.ma\/\",\"name\":\"Paracherkaoui.ma\",\"description\":\"Achetez en ligne sur Paracherkaoui.ma\",\"potentialAction\":[{\"@type\":\"SearchAction\",\"target\":{\"@type\":\"EntryPoint\",\"urlTemplate\":\"https:\/\/paracherkaoui.ma\/?s={search_term_string}\"},\"query-input\":{\"@type\":\"PropertyValueSpecification\",\"valueRequired\":true,\"valueName\":\"search_term_string\"}}],\"inLanguage\":\"fr-FR\"}]}<\/script>\r\n<!-- \/ Yoast SEO plugin. -->","yoast_head_json":{"title":"NOVASKIN MELASLOW CREME ECLAICISSANTE ANTI TACHES SPF 15 30ml - Paracherkaoui.ma","robots":{"index":"index","follow":"follow","max-snippet":"max-snippet:-1","max-image-preview":"max-image-preview:large","max-video-preview":"max-video-preview:-1"},"canonical":"https:\/\/paracherkaoui.ma\/index.php\/produit\/novaskin-melaslow-creme-eclaicissante-anti-taches-spf-15-30ml-2\/","og_locale":"fr_FR","og_type":"article","og_title":"NOVASKIN MELASLOW CREME ECLAICISSANTE ANTI TACHES SPF 15 30ml - Paracherkaoui.ma","og_description":"Novaskin Melaslow cr\u00e8me Anti-Tachesest un soin intensif d\u00e9pigmentant,qui \u00e9clairci la peau et traite les t\u00e2ches. Son peptide actif brevet\u00e9 Melaslow,","og_url":"https:\/\/paracherkaoui.ma\/index.php\/produit\/novaskin-melaslow-creme-eclaicissante-anti-taches-spf-15-30ml-2\/","og_site_name":"Paracherkaoui.ma","article_modified_time":"2025-12-12T17:32:13+00:00","og_image":[{"width":700,"height":700,"url":"https:\/\/paracherkaoui.ma\/wp-content\/uploads\/2025\/12\/novaskin-novaskin-melaslow-creme-eclaicissante-anti-taches-spf-15-30ml-creme-depigmentantes.jpg","type":"image\/jpeg"}],"twitter_card":"summary_large_image","twitter_misc":{"Dur\u00e9e de lecture estim\u00e9e":"1 minute"},"schema":{"@context":"https:\/\/schema.org","@graph":[{"@type":"WebPage","@id":"https:\/\/paracherkaoui.ma\/index.php\/produit\/novaskin-melaslow-creme-eclaicissante-anti-taches-spf-15-30ml-2\/","url":"https:\/\/paracherkaoui.ma\/index.php\/produit\/novaskin-melaslow-creme-eclaicissante-anti-taches-spf-15-30ml-2\/","name":"NOVASKIN MELASLOW CREME ECLAICISSANTE ANTI TACHES SPF 15 30ml - Paracherkaoui.ma","isPartOf":{"@id":"https:\/\/paracherkaoui.ma\/#website"},"primaryImageOfPage":{"@id":"https:\/\/paracherkaoui.ma\/index.php\/produit\/novaskin-melaslow-creme-eclaicissante-anti-taches-spf-15-30ml-2\/#primaryimage"},"image":{"@id":"https:\/\/paracherkaoui.ma\/index.php\/produit\/novaskin-melaslow-creme-eclaicissante-anti-taches-spf-15-30ml-2\/#primaryimage"},"thumbnailUrl":"https:\/\/paracherkaoui.ma\/wp-content\/uploads\/2025\/12\/novaskin-novaskin-melaslow-creme-eclaicissante-anti-taches-spf-15-30ml-creme-depigmentantes.jpg","datePublished":"2025-12-12T17:32:09+00:00","dateModified":"2025-12-12T17:32:13+00:00","breadcrumb":{"@id":"https:\/\/paracherkaoui.ma\/index.php\/produit\/novaskin-melaslow-creme-eclaicissante-anti-taches-spf-15-30ml-2\/#breadcrumb"},"inLanguage":"fr-FR","potentialAction":[{"@type":"ReadAction","target":["https:\/\/paracherkaoui.ma\/index.php\/produit\/novaskin-melaslow-creme-eclaicissante-anti-taches-spf-15-30ml-2\/"]}]},{"@type":"ImageObject","inLanguage":"fr-FR","@id":"https:\/\/paracherkaoui.ma\/index.php\/produit\/novaskin-melaslow-creme-eclaicissante-anti-taches-spf-15-30ml-2\/#primaryimage","url":"https:\/\/paracherkaoui.ma\/wp-content\/uploads\/2025\/12\/novaskin-novaskin-melaslow-creme-eclaicissante-anti-taches-spf-15-30ml-creme-depigmentantes.jpg","contentUrl":"https:\/\/paracherkaoui.ma\/wp-content\/uploads\/2025\/12\/novaskin-novaskin-melaslow-creme-eclaicissante-anti-taches-spf-15-30ml-creme-depigmentantes.jpg","width":700,"height":700},{"@type":"BreadcrumbList","@id":"https:\/\/paracherkaoui.ma\/index.php\/produit\/novaskin-melaslow-creme-eclaicissante-anti-taches-spf-15-30ml-2\/#breadcrumb","itemListElement":[{"@type":"ListItem","position":1,"name":"Accueil","item":"https:\/\/paracherkaoui.ma\/"},{"@type":"ListItem","position":2,"name":"Boutique","item":"https:\/\/paracherkaoui.ma\/index.php\/boutique\/"},{"@type":"ListItem","position":3,"name":"NOVASKIN MELASLOW CREME ECLAICISSANTE ANTI TACHES SPF 15 30ml"}]},{"@type":"WebSite","@id":"https:\/\/paracherkaoui.ma\/#website","url":"https:\/\/paracherkaoui.ma\/","name":"Paracherkaoui.ma","description":"Achetez en ligne sur Paracherkaoui.ma","potentialAction":[{"@type":"SearchAction","target":{"@type":"EntryPoint","urlTemplate":"https:\/\/paracherkaoui.ma\/?s={search_term_string}"},"query-input":{"@type":"PropertyValueSpecification","valueRequired":true,"valueName":"search_term_string"}}],"inLanguage":"fr-FR"}]}},"_links":{"self":[{"href":"https:\/\/paracherkaoui.ma\/index.php\/wp-json\/wp\/v2\/product\/30049","targetHints":{"allow":["GET"]}}],"collection":[{"href":"https:\/\/paracherkaoui.ma\/index.php\/wp-json\/wp\/v2\/product"}],"about":[{"href":"https:\/\/paracherkaoui.ma\/index.php\/wp-json\/wp\/v2\/types\/product"}],"replies":[{"embeddable":true,"href":"https:\/\/paracherkaoui.ma\/index.php\/wp-json\/wp\/v2\/comments?post=30049"}],"version-history":[{"count":1,"href":"https:\/\/paracherkaoui.ma\/index.php\/wp-json\/wp\/v2\/product\/30049\/revisions"}],"predecessor-version":[{"id":30086,"href":"https:\/\/paracherkaoui.ma\/index.php\/wp-json\/wp\/v2\/product\/30049\/revisions\/30086"}],"wp:featuredmedia":[{"embeddable":true,"href":"https:\/\/paracherkaoui.ma\/index.php\/wp-json\/wp\/v2\/media\/25892"}],"wp:attachment":[{"href":"https:\/\/paracherkaoui.ma\/index.php\/wp-json\/wp\/v2\/media?parent=30049"}],"wp:term":[{"taxonomy":"product_brand","embeddable":true,"href":"https:\/\/paracherkaoui.ma\/index.php\/wp-json\/wp\/v2\/product_brand?post=30049"},{"taxonomy":"product_cat","embeddable":true,"href":"https:\/\/paracherkaoui.ma\/index.php\/wp-json\/wp\/v2\/product_cat?post=30049"},{"taxonomy":"product_tag","embeddable":true,"href":"https:\/\/paracherkaoui.ma\/index.php\/wp-json\/wp\/v2\/product_tag?post=30049"}],"curies":[{"name":"wp","href":"https:\/\/api.w.org\/{rel}","templated":true}]}}