{"id":30042,"date":"2025-12-12T18:32:08","date_gmt":"2025-12-12T17:32:08","guid":{"rendered":"https:\/\/test.ecbeaute.com\/?post_type=product&#038;p=30042"},"modified":"2025-12-12T18:32:12","modified_gmt":"2025-12-12T17:32:12","slug":"dominance-creme-clarifiante-3","status":"publish","type":"product","link":"https:\/\/paracherkaoui.ma\/index.php\/produit\/dominance-creme-clarifiante-3\/","title":{"rendered":"DOMINANCE CREME CLARIFIANTE"},"content":{"rendered":"<p>Description:<br \/>\nAssoci\u00e9e aux extraits de citron elle favorise l\u2019\u00e9claircissement du teint et le ralentissement du vieillissement cutan\u00e9,La pr\u00e9sence du filtres UVA et UVB prot\u00e8ge l\u2019\u00e9piderme des effets nocifs du soleil en limitant la prolif\u00e9ration des radicaux libres, la cr\u00e8me CLARITY C poss\u00e8de poss\u00e8de \u00e9galement des actifs \u00e0 fort pouvoir hydratent, assouplissant et raffermissant qui laissent la peau lisse et le teint plus lumineux, de texture l\u00e9g\u00e8re, elle s\u2019av\u00e8re une excellente base de maquillage,<br \/>\nConseils d\u2019Utilisation :<br \/>\nAppliquer g\u00e9n\u00e9reusement sur le visage et le cou apr\u00e8s avoir soigneusement nettoy\u00e9 la peau.<\/p>\n","protected":false},"excerpt":{"rendered":"<p>Description: Associ\u00e9e aux extraits de citron elle favorise l\u2019\u00e9claircissement du teint et le ralentissement du vieillissement cutan\u00e9,La pr\u00e9sence du filtres<\/p>\n","protected":false},"featured_media":25842,"comment_status":"open","ping_status":"closed","template":"","meta":[],"product_brand":[427],"product_cat":[549],"product_tag":[],"class_list":{"0":"post-30042","1":"product","2":"type-product","3":"status-publish","4":"has-post-thumbnail","6":"product_brand-dominance","7":"product_cat-cremes-depigmentantes","9":"first","10":"instock","11":"sale","12":"shipping-taxable","13":"purchasable","14":"product-type-simple"},"yoast_head":"<!-- This site is optimized with the Yoast SEO plugin v26.6 - https:\/\/yoast.com\/wordpress\/plugins\/seo\/ -->\r\n<title>DOMINANCE CREME CLARIFIANTE - Paracherkaoui.ma<\/title>\r\n<meta name=\"robots\" content=\"index, follow, max-snippet:-1, max-image-preview:large, max-video-preview:-1\" \/>\r\n<link rel=\"canonical\" href=\"https:\/\/paracherkaoui.ma\/index.php\/produit\/dominance-creme-clarifiante-3\/\" \/>\r\n<meta property=\"og:locale\" content=\"fr_FR\" \/>\r\n<meta property=\"og:type\" content=\"article\" \/>\r\n<meta property=\"og:title\" content=\"DOMINANCE CREME CLARIFIANTE - Paracherkaoui.ma\" \/>\r\n<meta property=\"og:description\" content=\"Description: Associ\u00e9e aux extraits de citron elle favorise l\u2019\u00e9claircissement du teint et le ralentissement du vieillissement cutan\u00e9,La pr\u00e9sence du filtres\" \/>\r\n<meta property=\"og:url\" content=\"https:\/\/paracherkaoui.ma\/index.php\/produit\/dominance-creme-clarifiante-3\/\" \/>\r\n<meta property=\"og:site_name\" content=\"Paracherkaoui.ma\" \/>\r\n<meta property=\"article:modified_time\" content=\"2025-12-12T17:32:12+00:00\" \/>\r\n<meta property=\"og:image\" content=\"https:\/\/paracherkaoui.ma\/wp-content\/uploads\/2025\/12\/dominance-dominance-creme-clarifiante-soins-anti-imperfections.jpg\" \/>\r\n\t<meta property=\"og:image:width\" content=\"700\" \/>\r\n\t<meta property=\"og:image:height\" content=\"700\" \/>\r\n\t<meta property=\"og:image:type\" content=\"image\/jpeg\" \/>\r\n<meta name=\"twitter:card\" content=\"summary_large_image\" \/>\r\n<meta name=\"twitter:label1\" content=\"Dur\u00e9e de lecture estim\u00e9e\" \/>\n\t<meta name=\"twitter:data1\" content=\"1 minute\" \/>\r\n<script type=\"application\/ld+json\" class=\"yoast-schema-graph\">{\"@context\":\"https:\/\/schema.org\",\"@graph\":[{\"@type\":\"WebPage\",\"@id\":\"https:\/\/paracherkaoui.ma\/index.php\/produit\/dominance-creme-clarifiante-3\/\",\"url\":\"https:\/\/paracherkaoui.ma\/index.php\/produit\/dominance-creme-clarifiante-3\/\",\"name\":\"DOMINANCE CREME CLARIFIANTE - Paracherkaoui.ma\",\"isPartOf\":{\"@id\":\"https:\/\/paracherkaoui.ma\/#website\"},\"primaryImageOfPage\":{\"@id\":\"https:\/\/paracherkaoui.ma\/index.php\/produit\/dominance-creme-clarifiante-3\/#primaryimage\"},\"image\":{\"@id\":\"https:\/\/paracherkaoui.ma\/index.php\/produit\/dominance-creme-clarifiante-3\/#primaryimage\"},\"thumbnailUrl\":\"https:\/\/paracherkaoui.ma\/wp-content\/uploads\/2025\/12\/dominance-dominance-creme-clarifiante-soins-anti-imperfections.jpg\",\"datePublished\":\"2025-12-12T17:32:08+00:00\",\"dateModified\":\"2025-12-12T17:32:12+00:00\",\"breadcrumb\":{\"@id\":\"https:\/\/paracherkaoui.ma\/index.php\/produit\/dominance-creme-clarifiante-3\/#breadcrumb\"},\"inLanguage\":\"fr-FR\",\"potentialAction\":[{\"@type\":\"ReadAction\",\"target\":[\"https:\/\/paracherkaoui.ma\/index.php\/produit\/dominance-creme-clarifiante-3\/\"]}]},{\"@type\":\"ImageObject\",\"inLanguage\":\"fr-FR\",\"@id\":\"https:\/\/paracherkaoui.ma\/index.php\/produit\/dominance-creme-clarifiante-3\/#primaryimage\",\"url\":\"https:\/\/paracherkaoui.ma\/wp-content\/uploads\/2025\/12\/dominance-dominance-creme-clarifiante-soins-anti-imperfections.jpg\",\"contentUrl\":\"https:\/\/paracherkaoui.ma\/wp-content\/uploads\/2025\/12\/dominance-dominance-creme-clarifiante-soins-anti-imperfections.jpg\",\"width\":700,\"height\":700},{\"@type\":\"BreadcrumbList\",\"@id\":\"https:\/\/paracherkaoui.ma\/index.php\/produit\/dominance-creme-clarifiante-3\/#breadcrumb\",\"itemListElement\":[{\"@type\":\"ListItem\",\"position\":1,\"name\":\"Accueil\",\"item\":\"https:\/\/paracherkaoui.ma\/\"},{\"@type\":\"ListItem\",\"position\":2,\"name\":\"Boutique\",\"item\":\"https:\/\/paracherkaoui.ma\/index.php\/boutique\/\"},{\"@type\":\"ListItem\",\"position\":3,\"name\":\"DOMINANCE CREME CLARIFIANTE\"}]},{\"@type\":\"WebSite\",\"@id\":\"https:\/\/paracherkaoui.ma\/#website\",\"url\":\"https:\/\/paracherkaoui.ma\/\",\"name\":\"Paracherkaoui.ma\",\"description\":\"Achetez en ligne sur Paracherkaoui.ma\",\"potentialAction\":[{\"@type\":\"SearchAction\",\"target\":{\"@type\":\"EntryPoint\",\"urlTemplate\":\"https:\/\/paracherkaoui.ma\/?s={search_term_string}\"},\"query-input\":{\"@type\":\"PropertyValueSpecification\",\"valueRequired\":true,\"valueName\":\"search_term_string\"}}],\"inLanguage\":\"fr-FR\"}]}<\/script>\r\n<!-- \/ Yoast SEO plugin. -->","yoast_head_json":{"title":"DOMINANCE CREME CLARIFIANTE - Paracherkaoui.ma","robots":{"index":"index","follow":"follow","max-snippet":"max-snippet:-1","max-image-preview":"max-image-preview:large","max-video-preview":"max-video-preview:-1"},"canonical":"https:\/\/paracherkaoui.ma\/index.php\/produit\/dominance-creme-clarifiante-3\/","og_locale":"fr_FR","og_type":"article","og_title":"DOMINANCE CREME CLARIFIANTE - Paracherkaoui.ma","og_description":"Description: Associ\u00e9e aux extraits de citron elle favorise l\u2019\u00e9claircissement du teint et le ralentissement du vieillissement cutan\u00e9,La pr\u00e9sence du filtres","og_url":"https:\/\/paracherkaoui.ma\/index.php\/produit\/dominance-creme-clarifiante-3\/","og_site_name":"Paracherkaoui.ma","article_modified_time":"2025-12-12T17:32:12+00:00","og_image":[{"width":700,"height":700,"url":"https:\/\/paracherkaoui.ma\/wp-content\/uploads\/2025\/12\/dominance-dominance-creme-clarifiante-soins-anti-imperfections.jpg","type":"image\/jpeg"}],"twitter_card":"summary_large_image","twitter_misc":{"Dur\u00e9e de lecture estim\u00e9e":"1 minute"},"schema":{"@context":"https:\/\/schema.org","@graph":[{"@type":"WebPage","@id":"https:\/\/paracherkaoui.ma\/index.php\/produit\/dominance-creme-clarifiante-3\/","url":"https:\/\/paracherkaoui.ma\/index.php\/produit\/dominance-creme-clarifiante-3\/","name":"DOMINANCE CREME CLARIFIANTE - Paracherkaoui.ma","isPartOf":{"@id":"https:\/\/paracherkaoui.ma\/#website"},"primaryImageOfPage":{"@id":"https:\/\/paracherkaoui.ma\/index.php\/produit\/dominance-creme-clarifiante-3\/#primaryimage"},"image":{"@id":"https:\/\/paracherkaoui.ma\/index.php\/produit\/dominance-creme-clarifiante-3\/#primaryimage"},"thumbnailUrl":"https:\/\/paracherkaoui.ma\/wp-content\/uploads\/2025\/12\/dominance-dominance-creme-clarifiante-soins-anti-imperfections.jpg","datePublished":"2025-12-12T17:32:08+00:00","dateModified":"2025-12-12T17:32:12+00:00","breadcrumb":{"@id":"https:\/\/paracherkaoui.ma\/index.php\/produit\/dominance-creme-clarifiante-3\/#breadcrumb"},"inLanguage":"fr-FR","potentialAction":[{"@type":"ReadAction","target":["https:\/\/paracherkaoui.ma\/index.php\/produit\/dominance-creme-clarifiante-3\/"]}]},{"@type":"ImageObject","inLanguage":"fr-FR","@id":"https:\/\/paracherkaoui.ma\/index.php\/produit\/dominance-creme-clarifiante-3\/#primaryimage","url":"https:\/\/paracherkaoui.ma\/wp-content\/uploads\/2025\/12\/dominance-dominance-creme-clarifiante-soins-anti-imperfections.jpg","contentUrl":"https:\/\/paracherkaoui.ma\/wp-content\/uploads\/2025\/12\/dominance-dominance-creme-clarifiante-soins-anti-imperfections.jpg","width":700,"height":700},{"@type":"BreadcrumbList","@id":"https:\/\/paracherkaoui.ma\/index.php\/produit\/dominance-creme-clarifiante-3\/#breadcrumb","itemListElement":[{"@type":"ListItem","position":1,"name":"Accueil","item":"https:\/\/paracherkaoui.ma\/"},{"@type":"ListItem","position":2,"name":"Boutique","item":"https:\/\/paracherkaoui.ma\/index.php\/boutique\/"},{"@type":"ListItem","position":3,"name":"DOMINANCE CREME CLARIFIANTE"}]},{"@type":"WebSite","@id":"https:\/\/paracherkaoui.ma\/#website","url":"https:\/\/paracherkaoui.ma\/","name":"Paracherkaoui.ma","description":"Achetez en ligne sur Paracherkaoui.ma","potentialAction":[{"@type":"SearchAction","target":{"@type":"EntryPoint","urlTemplate":"https:\/\/paracherkaoui.ma\/?s={search_term_string}"},"query-input":{"@type":"PropertyValueSpecification","valueRequired":true,"valueName":"search_term_string"}}],"inLanguage":"fr-FR"}]}},"_links":{"self":[{"href":"https:\/\/paracherkaoui.ma\/index.php\/wp-json\/wp\/v2\/product\/30042","targetHints":{"allow":["GET"]}}],"collection":[{"href":"https:\/\/paracherkaoui.ma\/index.php\/wp-json\/wp\/v2\/product"}],"about":[{"href":"https:\/\/paracherkaoui.ma\/index.php\/wp-json\/wp\/v2\/types\/product"}],"replies":[{"embeddable":true,"href":"https:\/\/paracherkaoui.ma\/index.php\/wp-json\/wp\/v2\/comments?post=30042"}],"version-history":[{"count":1,"href":"https:\/\/paracherkaoui.ma\/index.php\/wp-json\/wp\/v2\/product\/30042\/revisions"}],"predecessor-version":[{"id":30079,"href":"https:\/\/paracherkaoui.ma\/index.php\/wp-json\/wp\/v2\/product\/30042\/revisions\/30079"}],"wp:featuredmedia":[{"embeddable":true,"href":"https:\/\/paracherkaoui.ma\/index.php\/wp-json\/wp\/v2\/media\/25842"}],"wp:attachment":[{"href":"https:\/\/paracherkaoui.ma\/index.php\/wp-json\/wp\/v2\/media?parent=30042"}],"wp:term":[{"taxonomy":"product_brand","embeddable":true,"href":"https:\/\/paracherkaoui.ma\/index.php\/wp-json\/wp\/v2\/product_brand?post=30042"},{"taxonomy":"product_cat","embeddable":true,"href":"https:\/\/paracherkaoui.ma\/index.php\/wp-json\/wp\/v2\/product_cat?post=30042"},{"taxonomy":"product_tag","embeddable":true,"href":"https:\/\/paracherkaoui.ma\/index.php\/wp-json\/wp\/v2\/product_tag?post=30042"}],"curies":[{"name":"wp","href":"https:\/\/api.w.org\/{rel}","templated":true}]}}