{"id":30032,"date":"2025-12-12T18:32:08","date_gmt":"2025-12-12T17:32:08","guid":{"rendered":"https:\/\/test.ecbeaute.com\/?post_type=product&#038;p=30032"},"modified":"2025-12-12T18:32:10","modified_gmt":"2025-12-12T17:32:10","slug":"isispharma-glyco-a-12-medium-peeling-4","status":"publish","type":"product","link":"https:\/\/paracherkaoui.ma\/index.php\/produit\/isispharma-glyco-a-12-medium-peeling-4\/","title":{"rendered":"ISISPHARMA GLYCO-A 12% MEDIUM PEELING"},"content":{"rendered":"<p>ISISPHARMA GLYCO-A 12 % (30 ml) SOIN PEELING COSMETIQUE<\/p>\n<p>INDICATIONS<br \/>\nPeeling cosm\u00e9tique<br \/>\nAcide glycolique \u2013 Cr\u00e8me r\u00e9novatrice de peau<\/p>\n<p>UTILISATION<br \/>\nAppliquer GLYCO-A 12% tous les deux jours, de pr\u00e9f\u00e9rence le soir, pendant les 2 premi\u00e8res semaines et chaque jour apr\u00e8s cette p\u00e9riode. Il peut \u00eatre utilis\u00e9 avec d&rsquo;autres cr\u00e8mes cosm\u00e9tiques.<\/p>\n<p>PROPRI\u00c9T\u00c9S<br \/>\nGr\u00e2ce \u00e0 sa haute concentration en Acide glycolique, GLYCO-A 12 % :<\/p>\n<p>1. R\u00e9duit les rides, en exfoliant la couche d&rsquo;\u00e9piderme et activant le renouvellement des cellules<\/p>\n<p>2. Lisse la peau<\/p>\n<p>3. \u00c9claircit le teint et resserre les pores<\/p>\n<p>INGR\u00c9DIENTS<br \/>\nAQUA (WATER), GLYCOLIC ACID, CETYL ALCOHOL, PARAFFINUM LIQUIDUM (MINERAL OIL), CETETH-20, STEARIC ACID, STEARETH-20, AMMONIUM HYDROXIDE, PARFUM (FRAGRANCE), METHYCHLOROISOTHIAZOLINONE, METHYLISOTHIAZOLINONE, BUTYLPHENYL METHYLPROPIONAL, GERANIOL, LIMONENE, LINALOOL, HEXYL CINNAMAL, CITRONELLOL, ALPHA-ISOMETHYL IONONE, CITRAL<\/p>\n","protected":false},"excerpt":{"rendered":"<p>ISISPHARMA GLYCO-A 12 % (30 ml) SOIN PEELING COSMETIQUE INDICATIONS Peeling cosm\u00e9tique Acide glycolique \u2013 Cr\u00e8me r\u00e9novatrice de peau UTILISATION<\/p>\n","protected":false},"featured_media":23426,"comment_status":"open","ping_status":"closed","template":"","meta":[],"product_brand":[321],"product_cat":[549],"product_tag":[],"class_list":{"0":"post-30032","1":"product","2":"type-product","3":"status-publish","4":"has-post-thumbnail","6":"product_brand-isispharma","7":"product_cat-cremes-depigmentantes","9":"first","10":"instock","11":"sale","12":"shipping-taxable","13":"purchasable","14":"product-type-simple"},"yoast_head":"<!-- This site is optimized with the Yoast SEO plugin v26.6 - https:\/\/yoast.com\/wordpress\/plugins\/seo\/ -->\r\n<title>ISISPHARMA GLYCO-A 12% MEDIUM PEELING - Paracherkaoui.ma<\/title>\r\n<meta name=\"robots\" content=\"index, follow, max-snippet:-1, max-image-preview:large, max-video-preview:-1\" \/>\r\n<link rel=\"canonical\" href=\"https:\/\/paracherkaoui.ma\/index.php\/produit\/isispharma-glyco-a-12-medium-peeling-4\/\" \/>\r\n<meta property=\"og:locale\" content=\"fr_FR\" \/>\r\n<meta property=\"og:type\" content=\"article\" \/>\r\n<meta property=\"og:title\" content=\"ISISPHARMA GLYCO-A 12% MEDIUM PEELING - Paracherkaoui.ma\" \/>\r\n<meta property=\"og:description\" content=\"ISISPHARMA GLYCO-A 12 % (30 ml) SOIN PEELING COSMETIQUE INDICATIONS Peeling cosm\u00e9tique Acide glycolique \u2013 Cr\u00e8me r\u00e9novatrice de peau UTILISATION\" \/>\r\n<meta property=\"og:url\" content=\"https:\/\/paracherkaoui.ma\/index.php\/produit\/isispharma-glyco-a-12-medium-peeling-4\/\" \/>\r\n<meta property=\"og:site_name\" content=\"Paracherkaoui.ma\" \/>\r\n<meta property=\"article:modified_time\" content=\"2025-12-12T17:32:10+00:00\" \/>\r\n<meta property=\"og:image\" content=\"https:\/\/paracherkaoui.ma\/wp-content\/uploads\/2025\/12\/isispharma-isispharma-glyco-a-12-medium-peeling-peaux-matures.jpg\" \/>\r\n\t<meta property=\"og:image:width\" content=\"700\" \/>\r\n\t<meta property=\"og:image:height\" content=\"700\" \/>\r\n\t<meta property=\"og:image:type\" content=\"image\/jpeg\" \/>\r\n<meta name=\"twitter:card\" content=\"summary_large_image\" \/>\r\n<meta name=\"twitter:label1\" content=\"Dur\u00e9e de lecture estim\u00e9e\" \/>\n\t<meta name=\"twitter:data1\" content=\"1 minute\" \/>\r\n<script type=\"application\/ld+json\" class=\"yoast-schema-graph\">{\"@context\":\"https:\/\/schema.org\",\"@graph\":[{\"@type\":\"WebPage\",\"@id\":\"https:\/\/paracherkaoui.ma\/index.php\/produit\/isispharma-glyco-a-12-medium-peeling-4\/\",\"url\":\"https:\/\/paracherkaoui.ma\/index.php\/produit\/isispharma-glyco-a-12-medium-peeling-4\/\",\"name\":\"ISISPHARMA GLYCO-A 12% MEDIUM PEELING - Paracherkaoui.ma\",\"isPartOf\":{\"@id\":\"https:\/\/paracherkaoui.ma\/#website\"},\"primaryImageOfPage\":{\"@id\":\"https:\/\/paracherkaoui.ma\/index.php\/produit\/isispharma-glyco-a-12-medium-peeling-4\/#primaryimage\"},\"image\":{\"@id\":\"https:\/\/paracherkaoui.ma\/index.php\/produit\/isispharma-glyco-a-12-medium-peeling-4\/#primaryimage\"},\"thumbnailUrl\":\"https:\/\/paracherkaoui.ma\/wp-content\/uploads\/2025\/12\/isispharma-isispharma-glyco-a-12-medium-peeling-peaux-matures.jpg\",\"datePublished\":\"2025-12-12T17:32:08+00:00\",\"dateModified\":\"2025-12-12T17:32:10+00:00\",\"breadcrumb\":{\"@id\":\"https:\/\/paracherkaoui.ma\/index.php\/produit\/isispharma-glyco-a-12-medium-peeling-4\/#breadcrumb\"},\"inLanguage\":\"fr-FR\",\"potentialAction\":[{\"@type\":\"ReadAction\",\"target\":[\"https:\/\/paracherkaoui.ma\/index.php\/produit\/isispharma-glyco-a-12-medium-peeling-4\/\"]}]},{\"@type\":\"ImageObject\",\"inLanguage\":\"fr-FR\",\"@id\":\"https:\/\/paracherkaoui.ma\/index.php\/produit\/isispharma-glyco-a-12-medium-peeling-4\/#primaryimage\",\"url\":\"https:\/\/paracherkaoui.ma\/wp-content\/uploads\/2025\/12\/isispharma-isispharma-glyco-a-12-medium-peeling-peaux-matures.jpg\",\"contentUrl\":\"https:\/\/paracherkaoui.ma\/wp-content\/uploads\/2025\/12\/isispharma-isispharma-glyco-a-12-medium-peeling-peaux-matures.jpg\",\"width\":700,\"height\":700},{\"@type\":\"BreadcrumbList\",\"@id\":\"https:\/\/paracherkaoui.ma\/index.php\/produit\/isispharma-glyco-a-12-medium-peeling-4\/#breadcrumb\",\"itemListElement\":[{\"@type\":\"ListItem\",\"position\":1,\"name\":\"Accueil\",\"item\":\"https:\/\/paracherkaoui.ma\/\"},{\"@type\":\"ListItem\",\"position\":2,\"name\":\"Boutique\",\"item\":\"https:\/\/paracherkaoui.ma\/index.php\/boutique\/\"},{\"@type\":\"ListItem\",\"position\":3,\"name\":\"ISISPHARMA GLYCO-A 12% MEDIUM PEELING\"}]},{\"@type\":\"WebSite\",\"@id\":\"https:\/\/paracherkaoui.ma\/#website\",\"url\":\"https:\/\/paracherkaoui.ma\/\",\"name\":\"Paracherkaoui.ma\",\"description\":\"Achetez en ligne sur Paracherkaoui.ma\",\"potentialAction\":[{\"@type\":\"SearchAction\",\"target\":{\"@type\":\"EntryPoint\",\"urlTemplate\":\"https:\/\/paracherkaoui.ma\/?s={search_term_string}\"},\"query-input\":{\"@type\":\"PropertyValueSpecification\",\"valueRequired\":true,\"valueName\":\"search_term_string\"}}],\"inLanguage\":\"fr-FR\"}]}<\/script>\r\n<!-- \/ Yoast SEO plugin. -->","yoast_head_json":{"title":"ISISPHARMA GLYCO-A 12% MEDIUM PEELING - Paracherkaoui.ma","robots":{"index":"index","follow":"follow","max-snippet":"max-snippet:-1","max-image-preview":"max-image-preview:large","max-video-preview":"max-video-preview:-1"},"canonical":"https:\/\/paracherkaoui.ma\/index.php\/produit\/isispharma-glyco-a-12-medium-peeling-4\/","og_locale":"fr_FR","og_type":"article","og_title":"ISISPHARMA GLYCO-A 12% MEDIUM PEELING - Paracherkaoui.ma","og_description":"ISISPHARMA GLYCO-A 12 % (30 ml) SOIN PEELING COSMETIQUE INDICATIONS Peeling cosm\u00e9tique Acide glycolique \u2013 Cr\u00e8me r\u00e9novatrice de peau UTILISATION","og_url":"https:\/\/paracherkaoui.ma\/index.php\/produit\/isispharma-glyco-a-12-medium-peeling-4\/","og_site_name":"Paracherkaoui.ma","article_modified_time":"2025-12-12T17:32:10+00:00","og_image":[{"width":700,"height":700,"url":"https:\/\/paracherkaoui.ma\/wp-content\/uploads\/2025\/12\/isispharma-isispharma-glyco-a-12-medium-peeling-peaux-matures.jpg","type":"image\/jpeg"}],"twitter_card":"summary_large_image","twitter_misc":{"Dur\u00e9e de lecture estim\u00e9e":"1 minute"},"schema":{"@context":"https:\/\/schema.org","@graph":[{"@type":"WebPage","@id":"https:\/\/paracherkaoui.ma\/index.php\/produit\/isispharma-glyco-a-12-medium-peeling-4\/","url":"https:\/\/paracherkaoui.ma\/index.php\/produit\/isispharma-glyco-a-12-medium-peeling-4\/","name":"ISISPHARMA GLYCO-A 12% MEDIUM PEELING - Paracherkaoui.ma","isPartOf":{"@id":"https:\/\/paracherkaoui.ma\/#website"},"primaryImageOfPage":{"@id":"https:\/\/paracherkaoui.ma\/index.php\/produit\/isispharma-glyco-a-12-medium-peeling-4\/#primaryimage"},"image":{"@id":"https:\/\/paracherkaoui.ma\/index.php\/produit\/isispharma-glyco-a-12-medium-peeling-4\/#primaryimage"},"thumbnailUrl":"https:\/\/paracherkaoui.ma\/wp-content\/uploads\/2025\/12\/isispharma-isispharma-glyco-a-12-medium-peeling-peaux-matures.jpg","datePublished":"2025-12-12T17:32:08+00:00","dateModified":"2025-12-12T17:32:10+00:00","breadcrumb":{"@id":"https:\/\/paracherkaoui.ma\/index.php\/produit\/isispharma-glyco-a-12-medium-peeling-4\/#breadcrumb"},"inLanguage":"fr-FR","potentialAction":[{"@type":"ReadAction","target":["https:\/\/paracherkaoui.ma\/index.php\/produit\/isispharma-glyco-a-12-medium-peeling-4\/"]}]},{"@type":"ImageObject","inLanguage":"fr-FR","@id":"https:\/\/paracherkaoui.ma\/index.php\/produit\/isispharma-glyco-a-12-medium-peeling-4\/#primaryimage","url":"https:\/\/paracherkaoui.ma\/wp-content\/uploads\/2025\/12\/isispharma-isispharma-glyco-a-12-medium-peeling-peaux-matures.jpg","contentUrl":"https:\/\/paracherkaoui.ma\/wp-content\/uploads\/2025\/12\/isispharma-isispharma-glyco-a-12-medium-peeling-peaux-matures.jpg","width":700,"height":700},{"@type":"BreadcrumbList","@id":"https:\/\/paracherkaoui.ma\/index.php\/produit\/isispharma-glyco-a-12-medium-peeling-4\/#breadcrumb","itemListElement":[{"@type":"ListItem","position":1,"name":"Accueil","item":"https:\/\/paracherkaoui.ma\/"},{"@type":"ListItem","position":2,"name":"Boutique","item":"https:\/\/paracherkaoui.ma\/index.php\/boutique\/"},{"@type":"ListItem","position":3,"name":"ISISPHARMA GLYCO-A 12% MEDIUM PEELING"}]},{"@type":"WebSite","@id":"https:\/\/paracherkaoui.ma\/#website","url":"https:\/\/paracherkaoui.ma\/","name":"Paracherkaoui.ma","description":"Achetez en ligne sur Paracherkaoui.ma","potentialAction":[{"@type":"SearchAction","target":{"@type":"EntryPoint","urlTemplate":"https:\/\/paracherkaoui.ma\/?s={search_term_string}"},"query-input":{"@type":"PropertyValueSpecification","valueRequired":true,"valueName":"search_term_string"}}],"inLanguage":"fr-FR"}]}},"_links":{"self":[{"href":"https:\/\/paracherkaoui.ma\/index.php\/wp-json\/wp\/v2\/product\/30032","targetHints":{"allow":["GET"]}}],"collection":[{"href":"https:\/\/paracherkaoui.ma\/index.php\/wp-json\/wp\/v2\/product"}],"about":[{"href":"https:\/\/paracherkaoui.ma\/index.php\/wp-json\/wp\/v2\/types\/product"}],"replies":[{"embeddable":true,"href":"https:\/\/paracherkaoui.ma\/index.php\/wp-json\/wp\/v2\/comments?post=30032"}],"version-history":[{"count":1,"href":"https:\/\/paracherkaoui.ma\/index.php\/wp-json\/wp\/v2\/product\/30032\/revisions"}],"predecessor-version":[{"id":30067,"href":"https:\/\/paracherkaoui.ma\/index.php\/wp-json\/wp\/v2\/product\/30032\/revisions\/30067"}],"wp:featuredmedia":[{"embeddable":true,"href":"https:\/\/paracherkaoui.ma\/index.php\/wp-json\/wp\/v2\/media\/23426"}],"wp:attachment":[{"href":"https:\/\/paracherkaoui.ma\/index.php\/wp-json\/wp\/v2\/media?parent=30032"}],"wp:term":[{"taxonomy":"product_brand","embeddable":true,"href":"https:\/\/paracherkaoui.ma\/index.php\/wp-json\/wp\/v2\/product_brand?post=30032"},{"taxonomy":"product_cat","embeddable":true,"href":"https:\/\/paracherkaoui.ma\/index.php\/wp-json\/wp\/v2\/product_cat?post=30032"},{"taxonomy":"product_tag","embeddable":true,"href":"https:\/\/paracherkaoui.ma\/index.php\/wp-json\/wp\/v2\/product_tag?post=30032"}],"curies":[{"name":"wp","href":"https:\/\/api.w.org\/{rel}","templated":true}]}}