{"id":30031,"date":"2025-12-12T18:32:08","date_gmt":"2025-12-12T17:32:08","guid":{"rendered":"https:\/\/test.ecbeaute.com\/?post_type=product&#038;p=30031"},"modified":"2025-12-12T18:32:10","modified_gmt":"2025-12-12T17:32:10","slug":"nuhanciam-serum-eclaircissant-anti-taches-30ml","status":"publish","type":"product","link":"https:\/\/paracherkaoui.ma\/index.php\/produit\/nuhanciam-serum-eclaircissant-anti-taches-30ml\/","title":{"rendered":"NUHANCIAM SERUM ECLAIRCISSANT ANTI TACHES 30ML"},"content":{"rendered":"<p>Nuhanciam, expert des soins d&rsquo;exception, a formul\u00e9 ce s\u00e9rum innovant pour une action compl\u00e8te et une efficacit\u00e9 prouv\u00e9e :<br \/>\nTriple Action Anti-Taches : Le Concentr\u00e9 de Puissance ! Ce s\u00e9rum est une v\u00e9ritable prouesse de formulation. Il associe trois actifs puissants pour une action cibl\u00e9e et compl\u00e8te :<br \/>\nL&rsquo;extrait d&rsquo;algues Arc-en-ciel : Un concentr\u00e9 cellulaire aux propri\u00e9t\u00e9s \u00e9claircissantes, il agit en profondeur pour r\u00e9duire la pigmentation des taches existantes.<br \/>\nL&rsquo;extrait de Fleur de nopal : Cet actif v\u00e9g\u00e9tal acc\u00e9l\u00e8re l&rsquo;exfoliation naturelle de la peau, favorisant le renouvellement cellulaire pour un grain de peau plus lisse et un teint plus frais.<br \/>\nLa niacinamide : Un ingr\u00e9dient reconnu qui r\u00e9duit la surproduction de m\u00e9lanine, le pigment responsable des taches, agissant ainsi \u00e0 la source du probl\u00e8me.<br \/>\nEfficacit\u00e9 Cliniquement Prouv\u00e9e : Des R\u00e9sultats Visibles ! L&rsquo;efficacit\u00e9 de ce s\u00e9rum ne repose pas sur de simples promesses, mais sur des r\u00e9sultats concrets. Des tests cliniques rigoureux ont prouv\u00e9 une r\u00e9duction significative de 27,4% de l&rsquo;intensit\u00e9 de la couleur des taches apr\u00e8s 56 jours d&rsquo;utilisation. De plus, une am\u00e9lioration de l&rsquo;\u00e9clat de 13,2% a \u00e9t\u00e9 observ\u00e9e sur les phototypes VI, d\u00e9montrant son efficacit\u00e9 sur les peaux les plus sujettes \u00e0 l&rsquo;hyperpigmentation.<br \/>\nSoin Quotidien et Pr\u00e9ventif : L&rsquo;Alli\u00e9 de Votre Peau ! Le s\u00e9rum anti-taches Nuhanciam est con\u00e7u pour \u00eatre un soin quotidien qui agit non seulement pour r\u00e9duire les taches existantes, mais aussi pour pr\u00e9venir leur apparition face aux agressions ext\u00e9rieures comme la pollution et les rayons UV. C&rsquo;est le bouclier invisible de votre peau pour un teint uniforme et lumineux durablement.<br \/>\nTexture L\u00e9g\u00e8re et Absorption Rapide : Le Plaisir d&rsquo;Utilisation ! Sa texture l\u00e9g\u00e8re et fondante est un pur plaisir \u00e0 appliquer. Elle p\u00e9n\u00e8tre rapidement sans effet gras, laissant une sensation de douceur et de confort imm\u00e9diats. C&rsquo;est la base parfaite pour l&rsquo;application de votre cr\u00e8me hydratante et de votre maquillage. Le r\u00e9sultat ? Une peau visiblement plus unifi\u00e9e, lumineuse et \u00e9clatante jour apr\u00e8s jour.<br \/>\nConseils d&rsquo;utilisation :<br \/>\nAppliquer matin et soir, 2 \u00e0 3 gouttes sur le visage, le cou et le d\u00e9collet\u00e9 avant votre Cr\u00e8me \u00c9claircissante Taches. La texture fine et fondante p\u00e9n\u00e8tre facilement, sans effet gras ni collant.<br \/>\nComposition :<br \/>\nAQUA (WATER), NIACINAMIDE, GLYCERIN, PROPANEDIOL, ACETYL GLUCOSAMINE, SQUALANE, SODIUM POLYACRYLATE, POLYGLYCERYL-2 STEARATE, HYDROXYACETOPHENONE, GLYCERYL STEARATE, STEARYL ALCOHOL, XANTHAN GUM, 1,2-HEXANEDIOL, CAPRYLYL GLYCOL, HYDROLYZED OPUNTIA FICUS-INDICA FLOWER EXTRACT, CITRIC ACID,TOCOPHEROL, CYSTOSEIRA TAMARISCIFOLIA EXTRACT, GLYCINE SOJA (SOYBEAN) OIL, PHENETHYL ALCOHOL, SACCHARIDE ISOMERATE.<\/p>\n","protected":false},"excerpt":{"rendered":"<p>Nuhanciam, expert des soins d&rsquo;exception, a formul\u00e9 ce s\u00e9rum innovant pour une action compl\u00e8te et une efficacit\u00e9 prouv\u00e9e : Triple<\/p>\n","protected":false},"featured_media":30065,"comment_status":"open","ping_status":"closed","template":"","meta":[],"product_brand":[311],"product_cat":[549],"product_tag":[],"class_list":{"0":"post-30031","1":"product","2":"type-product","3":"status-publish","4":"has-post-thumbnail","6":"product_brand-nuhanciam","7":"product_cat-cremes-depigmentantes","9":"first","10":"instock","11":"sale","12":"shipping-taxable","13":"purchasable","14":"product-type-simple"},"yoast_head":"<!-- This site is optimized with the Yoast SEO plugin v26.6 - https:\/\/yoast.com\/wordpress\/plugins\/seo\/ -->\r\n<title>NUHANCIAM SERUM ECLAIRCISSANT ANTI TACHES 30ML - Paracherkaoui.ma<\/title>\r\n<meta name=\"robots\" content=\"index, follow, max-snippet:-1, max-image-preview:large, max-video-preview:-1\" \/>\r\n<link rel=\"canonical\" href=\"https:\/\/paracherkaoui.ma\/index.php\/produit\/nuhanciam-serum-eclaircissant-anti-taches-30ml\/\" \/>\r\n<meta property=\"og:locale\" content=\"fr_FR\" \/>\r\n<meta property=\"og:type\" content=\"article\" \/>\r\n<meta property=\"og:title\" content=\"NUHANCIAM SERUM ECLAIRCISSANT ANTI TACHES 30ML - Paracherkaoui.ma\" \/>\r\n<meta property=\"og:description\" content=\"Nuhanciam, expert des soins d&rsquo;exception, a formul\u00e9 ce s\u00e9rum innovant pour une action compl\u00e8te et une efficacit\u00e9 prouv\u00e9e : Triple\" \/>\r\n<meta property=\"og:url\" content=\"https:\/\/paracherkaoui.ma\/index.php\/produit\/nuhanciam-serum-eclaircissant-anti-taches-30ml\/\" \/>\r\n<meta property=\"og:site_name\" content=\"Paracherkaoui.ma\" \/>\r\n<meta property=\"article:modified_time\" content=\"2025-12-12T17:32:10+00:00\" \/>\r\n<meta property=\"og:image\" content=\"https:\/\/paracherkaoui.ma\/wp-content\/uploads\/2025\/12\/nuhanciam-serum-eclaircissant-anti-taches-30ml.jpg\" \/>\r\n\t<meta property=\"og:image:width\" content=\"700\" \/>\r\n\t<meta property=\"og:image:height\" content=\"700\" \/>\r\n\t<meta property=\"og:image:type\" content=\"image\/jpeg\" \/>\r\n<meta name=\"twitter:card\" content=\"summary_large_image\" \/>\r\n<meta name=\"twitter:label1\" content=\"Dur\u00e9e de lecture estim\u00e9e\" \/>\n\t<meta name=\"twitter:data1\" content=\"2 minutes\" \/>\r\n<script type=\"application\/ld+json\" class=\"yoast-schema-graph\">{\"@context\":\"https:\/\/schema.org\",\"@graph\":[{\"@type\":\"WebPage\",\"@id\":\"https:\/\/paracherkaoui.ma\/index.php\/produit\/nuhanciam-serum-eclaircissant-anti-taches-30ml\/\",\"url\":\"https:\/\/paracherkaoui.ma\/index.php\/produit\/nuhanciam-serum-eclaircissant-anti-taches-30ml\/\",\"name\":\"NUHANCIAM SERUM ECLAIRCISSANT ANTI TACHES 30ML - Paracherkaoui.ma\",\"isPartOf\":{\"@id\":\"https:\/\/paracherkaoui.ma\/#website\"},\"primaryImageOfPage\":{\"@id\":\"https:\/\/paracherkaoui.ma\/index.php\/produit\/nuhanciam-serum-eclaircissant-anti-taches-30ml\/#primaryimage\"},\"image\":{\"@id\":\"https:\/\/paracherkaoui.ma\/index.php\/produit\/nuhanciam-serum-eclaircissant-anti-taches-30ml\/#primaryimage\"},\"thumbnailUrl\":\"https:\/\/paracherkaoui.ma\/wp-content\/uploads\/2025\/12\/nuhanciam-serum-eclaircissant-anti-taches-30ml.jpg\",\"datePublished\":\"2025-12-12T17:32:08+00:00\",\"dateModified\":\"2025-12-12T17:32:10+00:00\",\"breadcrumb\":{\"@id\":\"https:\/\/paracherkaoui.ma\/index.php\/produit\/nuhanciam-serum-eclaircissant-anti-taches-30ml\/#breadcrumb\"},\"inLanguage\":\"fr-FR\",\"potentialAction\":[{\"@type\":\"ReadAction\",\"target\":[\"https:\/\/paracherkaoui.ma\/index.php\/produit\/nuhanciam-serum-eclaircissant-anti-taches-30ml\/\"]}]},{\"@type\":\"ImageObject\",\"inLanguage\":\"fr-FR\",\"@id\":\"https:\/\/paracherkaoui.ma\/index.php\/produit\/nuhanciam-serum-eclaircissant-anti-taches-30ml\/#primaryimage\",\"url\":\"https:\/\/paracherkaoui.ma\/wp-content\/uploads\/2025\/12\/nuhanciam-serum-eclaircissant-anti-taches-30ml.jpg\",\"contentUrl\":\"https:\/\/paracherkaoui.ma\/wp-content\/uploads\/2025\/12\/nuhanciam-serum-eclaircissant-anti-taches-30ml.jpg\",\"width\":700,\"height\":700},{\"@type\":\"BreadcrumbList\",\"@id\":\"https:\/\/paracherkaoui.ma\/index.php\/produit\/nuhanciam-serum-eclaircissant-anti-taches-30ml\/#breadcrumb\",\"itemListElement\":[{\"@type\":\"ListItem\",\"position\":1,\"name\":\"Accueil\",\"item\":\"https:\/\/paracherkaoui.ma\/\"},{\"@type\":\"ListItem\",\"position\":2,\"name\":\"Boutique\",\"item\":\"https:\/\/paracherkaoui.ma\/index.php\/boutique\/\"},{\"@type\":\"ListItem\",\"position\":3,\"name\":\"NUHANCIAM SERUM ECLAIRCISSANT ANTI TACHES 30ML\"}]},{\"@type\":\"WebSite\",\"@id\":\"https:\/\/paracherkaoui.ma\/#website\",\"url\":\"https:\/\/paracherkaoui.ma\/\",\"name\":\"Paracherkaoui.ma\",\"description\":\"Achetez en ligne sur Paracherkaoui.ma\",\"potentialAction\":[{\"@type\":\"SearchAction\",\"target\":{\"@type\":\"EntryPoint\",\"urlTemplate\":\"https:\/\/paracherkaoui.ma\/?s={search_term_string}\"},\"query-input\":{\"@type\":\"PropertyValueSpecification\",\"valueRequired\":true,\"valueName\":\"search_term_string\"}}],\"inLanguage\":\"fr-FR\"}]}<\/script>\r\n<!-- \/ Yoast SEO plugin. -->","yoast_head_json":{"title":"NUHANCIAM SERUM ECLAIRCISSANT ANTI TACHES 30ML - Paracherkaoui.ma","robots":{"index":"index","follow":"follow","max-snippet":"max-snippet:-1","max-image-preview":"max-image-preview:large","max-video-preview":"max-video-preview:-1"},"canonical":"https:\/\/paracherkaoui.ma\/index.php\/produit\/nuhanciam-serum-eclaircissant-anti-taches-30ml\/","og_locale":"fr_FR","og_type":"article","og_title":"NUHANCIAM SERUM ECLAIRCISSANT ANTI TACHES 30ML - Paracherkaoui.ma","og_description":"Nuhanciam, expert des soins d&rsquo;exception, a formul\u00e9 ce s\u00e9rum innovant pour une action compl\u00e8te et une efficacit\u00e9 prouv\u00e9e : Triple","og_url":"https:\/\/paracherkaoui.ma\/index.php\/produit\/nuhanciam-serum-eclaircissant-anti-taches-30ml\/","og_site_name":"Paracherkaoui.ma","article_modified_time":"2025-12-12T17:32:10+00:00","og_image":[{"width":700,"height":700,"url":"https:\/\/paracherkaoui.ma\/wp-content\/uploads\/2025\/12\/nuhanciam-serum-eclaircissant-anti-taches-30ml.jpg","type":"image\/jpeg"}],"twitter_card":"summary_large_image","twitter_misc":{"Dur\u00e9e de lecture estim\u00e9e":"2 minutes"},"schema":{"@context":"https:\/\/schema.org","@graph":[{"@type":"WebPage","@id":"https:\/\/paracherkaoui.ma\/index.php\/produit\/nuhanciam-serum-eclaircissant-anti-taches-30ml\/","url":"https:\/\/paracherkaoui.ma\/index.php\/produit\/nuhanciam-serum-eclaircissant-anti-taches-30ml\/","name":"NUHANCIAM SERUM ECLAIRCISSANT ANTI TACHES 30ML - Paracherkaoui.ma","isPartOf":{"@id":"https:\/\/paracherkaoui.ma\/#website"},"primaryImageOfPage":{"@id":"https:\/\/paracherkaoui.ma\/index.php\/produit\/nuhanciam-serum-eclaircissant-anti-taches-30ml\/#primaryimage"},"image":{"@id":"https:\/\/paracherkaoui.ma\/index.php\/produit\/nuhanciam-serum-eclaircissant-anti-taches-30ml\/#primaryimage"},"thumbnailUrl":"https:\/\/paracherkaoui.ma\/wp-content\/uploads\/2025\/12\/nuhanciam-serum-eclaircissant-anti-taches-30ml.jpg","datePublished":"2025-12-12T17:32:08+00:00","dateModified":"2025-12-12T17:32:10+00:00","breadcrumb":{"@id":"https:\/\/paracherkaoui.ma\/index.php\/produit\/nuhanciam-serum-eclaircissant-anti-taches-30ml\/#breadcrumb"},"inLanguage":"fr-FR","potentialAction":[{"@type":"ReadAction","target":["https:\/\/paracherkaoui.ma\/index.php\/produit\/nuhanciam-serum-eclaircissant-anti-taches-30ml\/"]}]},{"@type":"ImageObject","inLanguage":"fr-FR","@id":"https:\/\/paracherkaoui.ma\/index.php\/produit\/nuhanciam-serum-eclaircissant-anti-taches-30ml\/#primaryimage","url":"https:\/\/paracherkaoui.ma\/wp-content\/uploads\/2025\/12\/nuhanciam-serum-eclaircissant-anti-taches-30ml.jpg","contentUrl":"https:\/\/paracherkaoui.ma\/wp-content\/uploads\/2025\/12\/nuhanciam-serum-eclaircissant-anti-taches-30ml.jpg","width":700,"height":700},{"@type":"BreadcrumbList","@id":"https:\/\/paracherkaoui.ma\/index.php\/produit\/nuhanciam-serum-eclaircissant-anti-taches-30ml\/#breadcrumb","itemListElement":[{"@type":"ListItem","position":1,"name":"Accueil","item":"https:\/\/paracherkaoui.ma\/"},{"@type":"ListItem","position":2,"name":"Boutique","item":"https:\/\/paracherkaoui.ma\/index.php\/boutique\/"},{"@type":"ListItem","position":3,"name":"NUHANCIAM SERUM ECLAIRCISSANT ANTI TACHES 30ML"}]},{"@type":"WebSite","@id":"https:\/\/paracherkaoui.ma\/#website","url":"https:\/\/paracherkaoui.ma\/","name":"Paracherkaoui.ma","description":"Achetez en ligne sur Paracherkaoui.ma","potentialAction":[{"@type":"SearchAction","target":{"@type":"EntryPoint","urlTemplate":"https:\/\/paracherkaoui.ma\/?s={search_term_string}"},"query-input":{"@type":"PropertyValueSpecification","valueRequired":true,"valueName":"search_term_string"}}],"inLanguage":"fr-FR"}]}},"_links":{"self":[{"href":"https:\/\/paracherkaoui.ma\/index.php\/wp-json\/wp\/v2\/product\/30031","targetHints":{"allow":["GET"]}}],"collection":[{"href":"https:\/\/paracherkaoui.ma\/index.php\/wp-json\/wp\/v2\/product"}],"about":[{"href":"https:\/\/paracherkaoui.ma\/index.php\/wp-json\/wp\/v2\/types\/product"}],"replies":[{"embeddable":true,"href":"https:\/\/paracherkaoui.ma\/index.php\/wp-json\/wp\/v2\/comments?post=30031"}],"version-history":[{"count":1,"href":"https:\/\/paracherkaoui.ma\/index.php\/wp-json\/wp\/v2\/product\/30031\/revisions"}],"predecessor-version":[{"id":30066,"href":"https:\/\/paracherkaoui.ma\/index.php\/wp-json\/wp\/v2\/product\/30031\/revisions\/30066"}],"wp:featuredmedia":[{"embeddable":true,"href":"https:\/\/paracherkaoui.ma\/index.php\/wp-json\/wp\/v2\/media\/30065"}],"wp:attachment":[{"href":"https:\/\/paracherkaoui.ma\/index.php\/wp-json\/wp\/v2\/media?parent=30031"}],"wp:term":[{"taxonomy":"product_brand","embeddable":true,"href":"https:\/\/paracherkaoui.ma\/index.php\/wp-json\/wp\/v2\/product_brand?post=30031"},{"taxonomy":"product_cat","embeddable":true,"href":"https:\/\/paracherkaoui.ma\/index.php\/wp-json\/wp\/v2\/product_cat?post=30031"},{"taxonomy":"product_tag","embeddable":true,"href":"https:\/\/paracherkaoui.ma\/index.php\/wp-json\/wp\/v2\/product_tag?post=30031"}],"curies":[{"name":"wp","href":"https:\/\/api.w.org\/{rel}","templated":true}]}}