{"id":29986,"date":"2025-12-12T18:32:01","date_gmt":"2025-12-12T17:32:01","guid":{"rendered":"https:\/\/test.ecbeaute.com\/?post_type=product&#038;p=29986"},"modified":"2025-12-12T18:32:06","modified_gmt":"2025-12-12T17:32:06","slug":"dermina-sensi-blanc-creme-hydratante-eclaircisante-pot-50-ml-3","status":"publish","type":"product","link":"https:\/\/paracherkaoui.ma\/index.php\/produit\/dermina-sensi-blanc-creme-hydratante-eclaircisante-pot-50-ml-3\/","title":{"rendered":"DERMINA SENSI BLANC CREME HYDRATANTE ECLAIRCISANTE POT 50 ML"},"content":{"rendered":"<p>Dermina Sensi Blanc Cr\u00e8me Hydratante Eclaircissante 50ml dispose d&rsquo;une texture \u00e0 la fois riche et fondante afin de traiter les peaux normales \u00e0 s\u00e8ches.<br \/>\nSa formule \u00e0 base d&rsquo;extrait de Licorice et de Vitamine C* hydrate et r\u00e9v\u00e8le l&rsquo;\u00e9clat du teint tout en agissant sur les dommages caus\u00e9s par les UV.<\/p>\n<p>Ce soin apporte toute l&rsquo;eau n\u00e9cessaire au bon maintien de l\u2019\u00e9piderme.<br \/>\nComposition :<br \/>\n&#8211; Vitamine C (ascorbyl tetraisopalmitate) : \u00c9claircissante et anti-oxydante<br \/>\n&#8211; Extrait de licorice : \u00c9claircissant et anti-oxydant<br \/>\n&#8211; Biosaccharide gum-1 : Hydratant<br \/>\n&#8211; Sodium PCA : Hydratant<br \/>\n&#8211; Glyc\u00e9rine : Humectant<\/p>\n<p>Conseils d&rsquo;utilisation :<br \/>\nAppliquez Dermina Sensi Blanc Cr\u00e8me Hydratante Eclaircissante 50ml matin et soir sur votre peau parfaitement nettoy\u00e9e<\/p>\n","protected":false},"excerpt":{"rendered":"<p>Dermina Sensi Blanc Cr\u00e8me Hydratante Eclaircissante 50ml dispose d&rsquo;une texture \u00e0 la fois riche et fondante afin de traiter les<\/p>\n","protected":false},"featured_media":25720,"comment_status":"open","ping_status":"closed","template":"","meta":[],"product_brand":[386],"product_cat":[549],"product_tag":[],"class_list":{"0":"post-29986","1":"product","2":"type-product","3":"status-publish","4":"has-post-thumbnail","6":"product_brand-dermina","7":"product_cat-cremes-depigmentantes","9":"first","10":"instock","11":"sale","12":"shipping-taxable","13":"purchasable","14":"product-type-simple"},"yoast_head":"<!-- This site is optimized with the Yoast SEO plugin v26.6 - https:\/\/yoast.com\/wordpress\/plugins\/seo\/ -->\r\n<title>DERMINA SENSI BLANC CREME HYDRATANTE ECLAIRCISANTE POT 50 ML - Paracherkaoui.ma<\/title>\r\n<meta name=\"robots\" content=\"index, follow, max-snippet:-1, max-image-preview:large, max-video-preview:-1\" \/>\r\n<link rel=\"canonical\" href=\"https:\/\/paracherkaoui.ma\/index.php\/produit\/dermina-sensi-blanc-creme-hydratante-eclaircisante-pot-50-ml-3\/\" \/>\r\n<meta property=\"og:locale\" content=\"fr_FR\" \/>\r\n<meta property=\"og:type\" content=\"article\" \/>\r\n<meta property=\"og:title\" content=\"DERMINA SENSI BLANC CREME HYDRATANTE ECLAIRCISANTE POT 50 ML - Paracherkaoui.ma\" \/>\r\n<meta property=\"og:description\" content=\"Dermina Sensi Blanc Cr\u00e8me Hydratante Eclaircissante 50ml dispose d&rsquo;une texture \u00e0 la fois riche et fondante afin de traiter les\" \/>\r\n<meta property=\"og:url\" content=\"https:\/\/paracherkaoui.ma\/index.php\/produit\/dermina-sensi-blanc-creme-hydratante-eclaircisante-pot-50-ml-3\/\" \/>\r\n<meta property=\"og:site_name\" content=\"Paracherkaoui.ma\" \/>\r\n<meta property=\"article:modified_time\" content=\"2025-12-12T17:32:06+00:00\" \/>\r\n<meta property=\"og:image\" content=\"https:\/\/paracherkaoui.ma\/wp-content\/uploads\/2025\/12\/dermina-sensi-blanc-creme-hydratante-eclaircisante-pot-50-ml.jpg\" \/>\r\n\t<meta property=\"og:image:width\" content=\"700\" \/>\r\n\t<meta property=\"og:image:height\" content=\"700\" \/>\r\n\t<meta property=\"og:image:type\" content=\"image\/jpeg\" \/>\r\n<meta name=\"twitter:card\" content=\"summary_large_image\" \/>\r\n<meta name=\"twitter:label1\" content=\"Dur\u00e9e de lecture estim\u00e9e\" \/>\n\t<meta name=\"twitter:data1\" content=\"1 minute\" \/>\r\n<script type=\"application\/ld+json\" class=\"yoast-schema-graph\">{\"@context\":\"https:\/\/schema.org\",\"@graph\":[{\"@type\":\"WebPage\",\"@id\":\"https:\/\/paracherkaoui.ma\/index.php\/produit\/dermina-sensi-blanc-creme-hydratante-eclaircisante-pot-50-ml-3\/\",\"url\":\"https:\/\/paracherkaoui.ma\/index.php\/produit\/dermina-sensi-blanc-creme-hydratante-eclaircisante-pot-50-ml-3\/\",\"name\":\"DERMINA SENSI BLANC CREME HYDRATANTE ECLAIRCISANTE POT 50 ML - Paracherkaoui.ma\",\"isPartOf\":{\"@id\":\"https:\/\/paracherkaoui.ma\/#website\"},\"primaryImageOfPage\":{\"@id\":\"https:\/\/paracherkaoui.ma\/index.php\/produit\/dermina-sensi-blanc-creme-hydratante-eclaircisante-pot-50-ml-3\/#primaryimage\"},\"image\":{\"@id\":\"https:\/\/paracherkaoui.ma\/index.php\/produit\/dermina-sensi-blanc-creme-hydratante-eclaircisante-pot-50-ml-3\/#primaryimage\"},\"thumbnailUrl\":\"https:\/\/paracherkaoui.ma\/wp-content\/uploads\/2025\/12\/dermina-sensi-blanc-creme-hydratante-eclaircisante-pot-50-ml.jpg\",\"datePublished\":\"2025-12-12T17:32:01+00:00\",\"dateModified\":\"2025-12-12T17:32:06+00:00\",\"breadcrumb\":{\"@id\":\"https:\/\/paracherkaoui.ma\/index.php\/produit\/dermina-sensi-blanc-creme-hydratante-eclaircisante-pot-50-ml-3\/#breadcrumb\"},\"inLanguage\":\"fr-FR\",\"potentialAction\":[{\"@type\":\"ReadAction\",\"target\":[\"https:\/\/paracherkaoui.ma\/index.php\/produit\/dermina-sensi-blanc-creme-hydratante-eclaircisante-pot-50-ml-3\/\"]}]},{\"@type\":\"ImageObject\",\"inLanguage\":\"fr-FR\",\"@id\":\"https:\/\/paracherkaoui.ma\/index.php\/produit\/dermina-sensi-blanc-creme-hydratante-eclaircisante-pot-50-ml-3\/#primaryimage\",\"url\":\"https:\/\/paracherkaoui.ma\/wp-content\/uploads\/2025\/12\/dermina-sensi-blanc-creme-hydratante-eclaircisante-pot-50-ml.jpg\",\"contentUrl\":\"https:\/\/paracherkaoui.ma\/wp-content\/uploads\/2025\/12\/dermina-sensi-blanc-creme-hydratante-eclaircisante-pot-50-ml.jpg\",\"width\":700,\"height\":700},{\"@type\":\"BreadcrumbList\",\"@id\":\"https:\/\/paracherkaoui.ma\/index.php\/produit\/dermina-sensi-blanc-creme-hydratante-eclaircisante-pot-50-ml-3\/#breadcrumb\",\"itemListElement\":[{\"@type\":\"ListItem\",\"position\":1,\"name\":\"Accueil\",\"item\":\"https:\/\/paracherkaoui.ma\/\"},{\"@type\":\"ListItem\",\"position\":2,\"name\":\"Boutique\",\"item\":\"https:\/\/paracherkaoui.ma\/index.php\/boutique\/\"},{\"@type\":\"ListItem\",\"position\":3,\"name\":\"DERMINA SENSI BLANC CREME HYDRATANTE ECLAIRCISANTE POT 50 ML\"}]},{\"@type\":\"WebSite\",\"@id\":\"https:\/\/paracherkaoui.ma\/#website\",\"url\":\"https:\/\/paracherkaoui.ma\/\",\"name\":\"Paracherkaoui.ma\",\"description\":\"Achetez en ligne sur Paracherkaoui.ma\",\"potentialAction\":[{\"@type\":\"SearchAction\",\"target\":{\"@type\":\"EntryPoint\",\"urlTemplate\":\"https:\/\/paracherkaoui.ma\/?s={search_term_string}\"},\"query-input\":{\"@type\":\"PropertyValueSpecification\",\"valueRequired\":true,\"valueName\":\"search_term_string\"}}],\"inLanguage\":\"fr-FR\"}]}<\/script>\r\n<!-- \/ Yoast SEO plugin. -->","yoast_head_json":{"title":"DERMINA SENSI BLANC CREME HYDRATANTE ECLAIRCISANTE POT 50 ML - Paracherkaoui.ma","robots":{"index":"index","follow":"follow","max-snippet":"max-snippet:-1","max-image-preview":"max-image-preview:large","max-video-preview":"max-video-preview:-1"},"canonical":"https:\/\/paracherkaoui.ma\/index.php\/produit\/dermina-sensi-blanc-creme-hydratante-eclaircisante-pot-50-ml-3\/","og_locale":"fr_FR","og_type":"article","og_title":"DERMINA SENSI BLANC CREME HYDRATANTE ECLAIRCISANTE POT 50 ML - Paracherkaoui.ma","og_description":"Dermina Sensi Blanc Cr\u00e8me Hydratante Eclaircissante 50ml dispose d&rsquo;une texture \u00e0 la fois riche et fondante afin de traiter les","og_url":"https:\/\/paracherkaoui.ma\/index.php\/produit\/dermina-sensi-blanc-creme-hydratante-eclaircisante-pot-50-ml-3\/","og_site_name":"Paracherkaoui.ma","article_modified_time":"2025-12-12T17:32:06+00:00","og_image":[{"width":700,"height":700,"url":"https:\/\/paracherkaoui.ma\/wp-content\/uploads\/2025\/12\/dermina-sensi-blanc-creme-hydratante-eclaircisante-pot-50-ml.jpg","type":"image\/jpeg"}],"twitter_card":"summary_large_image","twitter_misc":{"Dur\u00e9e de lecture estim\u00e9e":"1 minute"},"schema":{"@context":"https:\/\/schema.org","@graph":[{"@type":"WebPage","@id":"https:\/\/paracherkaoui.ma\/index.php\/produit\/dermina-sensi-blanc-creme-hydratante-eclaircisante-pot-50-ml-3\/","url":"https:\/\/paracherkaoui.ma\/index.php\/produit\/dermina-sensi-blanc-creme-hydratante-eclaircisante-pot-50-ml-3\/","name":"DERMINA SENSI BLANC CREME HYDRATANTE ECLAIRCISANTE POT 50 ML - Paracherkaoui.ma","isPartOf":{"@id":"https:\/\/paracherkaoui.ma\/#website"},"primaryImageOfPage":{"@id":"https:\/\/paracherkaoui.ma\/index.php\/produit\/dermina-sensi-blanc-creme-hydratante-eclaircisante-pot-50-ml-3\/#primaryimage"},"image":{"@id":"https:\/\/paracherkaoui.ma\/index.php\/produit\/dermina-sensi-blanc-creme-hydratante-eclaircisante-pot-50-ml-3\/#primaryimage"},"thumbnailUrl":"https:\/\/paracherkaoui.ma\/wp-content\/uploads\/2025\/12\/dermina-sensi-blanc-creme-hydratante-eclaircisante-pot-50-ml.jpg","datePublished":"2025-12-12T17:32:01+00:00","dateModified":"2025-12-12T17:32:06+00:00","breadcrumb":{"@id":"https:\/\/paracherkaoui.ma\/index.php\/produit\/dermina-sensi-blanc-creme-hydratante-eclaircisante-pot-50-ml-3\/#breadcrumb"},"inLanguage":"fr-FR","potentialAction":[{"@type":"ReadAction","target":["https:\/\/paracherkaoui.ma\/index.php\/produit\/dermina-sensi-blanc-creme-hydratante-eclaircisante-pot-50-ml-3\/"]}]},{"@type":"ImageObject","inLanguage":"fr-FR","@id":"https:\/\/paracherkaoui.ma\/index.php\/produit\/dermina-sensi-blanc-creme-hydratante-eclaircisante-pot-50-ml-3\/#primaryimage","url":"https:\/\/paracherkaoui.ma\/wp-content\/uploads\/2025\/12\/dermina-sensi-blanc-creme-hydratante-eclaircisante-pot-50-ml.jpg","contentUrl":"https:\/\/paracherkaoui.ma\/wp-content\/uploads\/2025\/12\/dermina-sensi-blanc-creme-hydratante-eclaircisante-pot-50-ml.jpg","width":700,"height":700},{"@type":"BreadcrumbList","@id":"https:\/\/paracherkaoui.ma\/index.php\/produit\/dermina-sensi-blanc-creme-hydratante-eclaircisante-pot-50-ml-3\/#breadcrumb","itemListElement":[{"@type":"ListItem","position":1,"name":"Accueil","item":"https:\/\/paracherkaoui.ma\/"},{"@type":"ListItem","position":2,"name":"Boutique","item":"https:\/\/paracherkaoui.ma\/index.php\/boutique\/"},{"@type":"ListItem","position":3,"name":"DERMINA SENSI BLANC CREME HYDRATANTE ECLAIRCISANTE POT 50 ML"}]},{"@type":"WebSite","@id":"https:\/\/paracherkaoui.ma\/#website","url":"https:\/\/paracherkaoui.ma\/","name":"Paracherkaoui.ma","description":"Achetez en ligne sur Paracherkaoui.ma","potentialAction":[{"@type":"SearchAction","target":{"@type":"EntryPoint","urlTemplate":"https:\/\/paracherkaoui.ma\/?s={search_term_string}"},"query-input":{"@type":"PropertyValueSpecification","valueRequired":true,"valueName":"search_term_string"}}],"inLanguage":"fr-FR"}]}},"_links":{"self":[{"href":"https:\/\/paracherkaoui.ma\/index.php\/wp-json\/wp\/v2\/product\/29986","targetHints":{"allow":["GET"]}}],"collection":[{"href":"https:\/\/paracherkaoui.ma\/index.php\/wp-json\/wp\/v2\/product"}],"about":[{"href":"https:\/\/paracherkaoui.ma\/index.php\/wp-json\/wp\/v2\/types\/product"}],"replies":[{"embeddable":true,"href":"https:\/\/paracherkaoui.ma\/index.php\/wp-json\/wp\/v2\/comments?post=29986"}],"version-history":[{"count":1,"href":"https:\/\/paracherkaoui.ma\/index.php\/wp-json\/wp\/v2\/product\/29986\/revisions"}],"predecessor-version":[{"id":30023,"href":"https:\/\/paracherkaoui.ma\/index.php\/wp-json\/wp\/v2\/product\/29986\/revisions\/30023"}],"wp:featuredmedia":[{"embeddable":true,"href":"https:\/\/paracherkaoui.ma\/index.php\/wp-json\/wp\/v2\/media\/25720"}],"wp:attachment":[{"href":"https:\/\/paracherkaoui.ma\/index.php\/wp-json\/wp\/v2\/media?parent=29986"}],"wp:term":[{"taxonomy":"product_brand","embeddable":true,"href":"https:\/\/paracherkaoui.ma\/index.php\/wp-json\/wp\/v2\/product_brand?post=29986"},{"taxonomy":"product_cat","embeddable":true,"href":"https:\/\/paracherkaoui.ma\/index.php\/wp-json\/wp\/v2\/product_cat?post=29986"},{"taxonomy":"product_tag","embeddable":true,"href":"https:\/\/paracherkaoui.ma\/index.php\/wp-json\/wp\/v2\/product_tag?post=29986"}],"curies":[{"name":"wp","href":"https:\/\/api.w.org\/{rel}","templated":true}]}}