{"id":29980,"date":"2025-12-12T18:32:00","date_gmt":"2025-12-12T17:32:00","guid":{"rendered":"https:\/\/test.ecbeaute.com\/?post_type=product&#038;p=29980"},"modified":"2025-12-12T18:32:05","modified_gmt":"2025-12-12T17:32:05","slug":"inoderm-lait-eclaircissant-100-ml-3","status":"publish","type":"product","link":"https:\/\/paracherkaoui.ma\/index.php\/produit\/inoderm-lait-eclaircissant-100-ml-3\/","title":{"rendered":"INODERM LAIT ECLAIRCISSANT 100 ML"},"content":{"rendered":"<p>Inoderm lait \u00e9claircissant anti-t\u00e2ches brunes aux soins hydratants et nourrissants avec Hydroquinone comme principal actif.<\/p>\n<p>Actifs principaux :<\/p>\n<p>&#8211; L\u2019Alo\u00e9 Vera, est un excellent r\u00e9g\u00e9n\u00e9rateur de la peau<\/p>\n<p>&#8211; La caf\u00e9ine, son usage accro\u00eet l\u2019action de l\u2019Hydroquinone<\/p>\n<p>&#8211; L\u2019Huile de Rose Musqu\u00e9e, est employ\u00e9e par sa capacit\u00e9 d\u2019hydratation et de r\u00e9g\u00e9n\u00e9ration. Att\u00e9nue l\u2019expression des rides.<\/p>\n<p>&#8211; L\u2019Huile de Jojoba, est une huile d\u2019une excellente qualit\u00e9 nourrissante pour la peau.<\/p>\n<p>&#8211; L\u2019Hydroquinone, actif qui intervient dans le processus de production de m\u00e9lanine, l\u2019hormone responsable de la pigmentation de la peau.<\/p>\n<p>UTILISATION<\/p>\n<p>&#8211; Appliquer une fine couche de lait uniquement dans les zones hyper pigment\u00e9es, en \u00e9vitant le contact avec les yeux et les muqueuses.<\/p>\n<p>&#8211; D\u00e8s le lever, rincer les zones expos\u00e9es.<\/p>\n<p>&#8211; Prot\u00e9ger la peau du soleil en la couvrant avec des v\u00eatements et en appliquant une cr\u00e8me solaire \u00e0 tr\u00e8s haute protection.<\/p>\n<p>&#8211; Renfermer soigneusement apr\u00e8s chaque usage.<\/p>\n<p>&#8211; Stocker \u00e0 l\u2019abri de toute source de chaleur et de lumi\u00e8re.<\/p>\n<p>MISE EN GARDE<\/p>\n<p>Avant de commencer le traitement, il est pr\u00e9f\u00e9rable de tester si le lait corporel pourrait entra\u00eener une irritation dermique, en l\u2019appliquant sur une petite r\u00e9gion intacte de la peau. En l\u2019absence d\u2019irritation dans les 24 heures suivantes, commencer le traitement.<\/p>\n<p>Pendant le traitement, il est tout \u00e0 fait d\u00e9conseill\u00e9 de s\u2019exposer au soleil.<\/p>\n<p>L\u2019Hydroquinone peut provoquer des r\u00e9actions d\u2019hypersensibilit\u00e9 cutan\u00e9es et des maladies de peaux. Si vous constatez une r\u00e9action anormale sur votre peau, dans ce cas l\u00e0, il est recommand\u00e9 de consulter le m\u00e9decin.<\/p>\n<p>La cr\u00e8me ne peut pas s\u2019appliquer chez les personnes moins de 12 ans, femmes enceintes et allaitantes<\/p>\n","protected":false},"excerpt":{"rendered":"<p>Inoderm lait \u00e9claircissant anti-t\u00e2ches brunes aux soins hydratants et nourrissants avec Hydroquinone comme principal actif. Actifs principaux : &#8211; L\u2019Alo\u00e9<\/p>\n","protected":false},"featured_media":25678,"comment_status":"open","ping_status":"closed","template":"","meta":[],"product_brand":[514],"product_cat":[549],"product_tag":[],"class_list":{"0":"post-29980","1":"product","2":"type-product","3":"status-publish","4":"has-post-thumbnail","6":"product_brand-inoderm","7":"product_cat-cremes-depigmentantes","9":"first","10":"instock","11":"sale","12":"shipping-taxable","13":"purchasable","14":"product-type-simple"},"yoast_head":"<!-- This site is optimized with the Yoast SEO plugin v26.6 - https:\/\/yoast.com\/wordpress\/plugins\/seo\/ -->\r\n<title>INODERM LAIT ECLAIRCISSANT 100 ML - Paracherkaoui.ma<\/title>\r\n<meta name=\"robots\" content=\"index, follow, max-snippet:-1, max-image-preview:large, max-video-preview:-1\" \/>\r\n<link rel=\"canonical\" href=\"https:\/\/paracherkaoui.ma\/index.php\/produit\/inoderm-lait-eclaircissant-100-ml-3\/\" \/>\r\n<meta property=\"og:locale\" content=\"fr_FR\" \/>\r\n<meta property=\"og:type\" content=\"article\" \/>\r\n<meta property=\"og:title\" content=\"INODERM LAIT ECLAIRCISSANT 100 ML - Paracherkaoui.ma\" \/>\r\n<meta property=\"og:description\" content=\"Inoderm lait \u00e9claircissant anti-t\u00e2ches brunes aux soins hydratants et nourrissants avec Hydroquinone comme principal actif. Actifs principaux : &#8211; L\u2019Alo\u00e9\" \/>\r\n<meta property=\"og:url\" content=\"https:\/\/paracherkaoui.ma\/index.php\/produit\/inoderm-lait-eclaircissant-100-ml-3\/\" \/>\r\n<meta property=\"og:site_name\" content=\"Paracherkaoui.ma\" \/>\r\n<meta property=\"article:modified_time\" content=\"2025-12-12T17:32:05+00:00\" \/>\r\n<meta property=\"og:image\" content=\"https:\/\/paracherkaoui.ma\/wp-content\/uploads\/2025\/12\/inoderm-inoderm-lait-eclaircissant-100-ml-cremes-depigmentantes.jpg\" \/>\r\n\t<meta property=\"og:image:width\" content=\"700\" \/>\r\n\t<meta property=\"og:image:height\" content=\"700\" \/>\r\n\t<meta property=\"og:image:type\" content=\"image\/jpeg\" \/>\r\n<meta name=\"twitter:card\" content=\"summary_large_image\" \/>\r\n<meta name=\"twitter:label1\" content=\"Dur\u00e9e de lecture estim\u00e9e\" \/>\n\t<meta name=\"twitter:data1\" content=\"2 minutes\" \/>\r\n<script type=\"application\/ld+json\" class=\"yoast-schema-graph\">{\"@context\":\"https:\/\/schema.org\",\"@graph\":[{\"@type\":\"WebPage\",\"@id\":\"https:\/\/paracherkaoui.ma\/index.php\/produit\/inoderm-lait-eclaircissant-100-ml-3\/\",\"url\":\"https:\/\/paracherkaoui.ma\/index.php\/produit\/inoderm-lait-eclaircissant-100-ml-3\/\",\"name\":\"INODERM LAIT ECLAIRCISSANT 100 ML - Paracherkaoui.ma\",\"isPartOf\":{\"@id\":\"https:\/\/paracherkaoui.ma\/#website\"},\"primaryImageOfPage\":{\"@id\":\"https:\/\/paracherkaoui.ma\/index.php\/produit\/inoderm-lait-eclaircissant-100-ml-3\/#primaryimage\"},\"image\":{\"@id\":\"https:\/\/paracherkaoui.ma\/index.php\/produit\/inoderm-lait-eclaircissant-100-ml-3\/#primaryimage\"},\"thumbnailUrl\":\"https:\/\/paracherkaoui.ma\/wp-content\/uploads\/2025\/12\/inoderm-inoderm-lait-eclaircissant-100-ml-cremes-depigmentantes.jpg\",\"datePublished\":\"2025-12-12T17:32:00+00:00\",\"dateModified\":\"2025-12-12T17:32:05+00:00\",\"breadcrumb\":{\"@id\":\"https:\/\/paracherkaoui.ma\/index.php\/produit\/inoderm-lait-eclaircissant-100-ml-3\/#breadcrumb\"},\"inLanguage\":\"fr-FR\",\"potentialAction\":[{\"@type\":\"ReadAction\",\"target\":[\"https:\/\/paracherkaoui.ma\/index.php\/produit\/inoderm-lait-eclaircissant-100-ml-3\/\"]}]},{\"@type\":\"ImageObject\",\"inLanguage\":\"fr-FR\",\"@id\":\"https:\/\/paracherkaoui.ma\/index.php\/produit\/inoderm-lait-eclaircissant-100-ml-3\/#primaryimage\",\"url\":\"https:\/\/paracherkaoui.ma\/wp-content\/uploads\/2025\/12\/inoderm-inoderm-lait-eclaircissant-100-ml-cremes-depigmentantes.jpg\",\"contentUrl\":\"https:\/\/paracherkaoui.ma\/wp-content\/uploads\/2025\/12\/inoderm-inoderm-lait-eclaircissant-100-ml-cremes-depigmentantes.jpg\",\"width\":700,\"height\":700},{\"@type\":\"BreadcrumbList\",\"@id\":\"https:\/\/paracherkaoui.ma\/index.php\/produit\/inoderm-lait-eclaircissant-100-ml-3\/#breadcrumb\",\"itemListElement\":[{\"@type\":\"ListItem\",\"position\":1,\"name\":\"Accueil\",\"item\":\"https:\/\/paracherkaoui.ma\/\"},{\"@type\":\"ListItem\",\"position\":2,\"name\":\"Boutique\",\"item\":\"https:\/\/paracherkaoui.ma\/index.php\/boutique\/\"},{\"@type\":\"ListItem\",\"position\":3,\"name\":\"INODERM LAIT ECLAIRCISSANT 100 ML\"}]},{\"@type\":\"WebSite\",\"@id\":\"https:\/\/paracherkaoui.ma\/#website\",\"url\":\"https:\/\/paracherkaoui.ma\/\",\"name\":\"Paracherkaoui.ma\",\"description\":\"Achetez en ligne sur Paracherkaoui.ma\",\"potentialAction\":[{\"@type\":\"SearchAction\",\"target\":{\"@type\":\"EntryPoint\",\"urlTemplate\":\"https:\/\/paracherkaoui.ma\/?s={search_term_string}\"},\"query-input\":{\"@type\":\"PropertyValueSpecification\",\"valueRequired\":true,\"valueName\":\"search_term_string\"}}],\"inLanguage\":\"fr-FR\"}]}<\/script>\r\n<!-- \/ Yoast SEO plugin. -->","yoast_head_json":{"title":"INODERM LAIT ECLAIRCISSANT 100 ML - Paracherkaoui.ma","robots":{"index":"index","follow":"follow","max-snippet":"max-snippet:-1","max-image-preview":"max-image-preview:large","max-video-preview":"max-video-preview:-1"},"canonical":"https:\/\/paracherkaoui.ma\/index.php\/produit\/inoderm-lait-eclaircissant-100-ml-3\/","og_locale":"fr_FR","og_type":"article","og_title":"INODERM LAIT ECLAIRCISSANT 100 ML - Paracherkaoui.ma","og_description":"Inoderm lait \u00e9claircissant anti-t\u00e2ches brunes aux soins hydratants et nourrissants avec Hydroquinone comme principal actif. Actifs principaux : &#8211; L\u2019Alo\u00e9","og_url":"https:\/\/paracherkaoui.ma\/index.php\/produit\/inoderm-lait-eclaircissant-100-ml-3\/","og_site_name":"Paracherkaoui.ma","article_modified_time":"2025-12-12T17:32:05+00:00","og_image":[{"width":700,"height":700,"url":"https:\/\/paracherkaoui.ma\/wp-content\/uploads\/2025\/12\/inoderm-inoderm-lait-eclaircissant-100-ml-cremes-depigmentantes.jpg","type":"image\/jpeg"}],"twitter_card":"summary_large_image","twitter_misc":{"Dur\u00e9e de lecture estim\u00e9e":"2 minutes"},"schema":{"@context":"https:\/\/schema.org","@graph":[{"@type":"WebPage","@id":"https:\/\/paracherkaoui.ma\/index.php\/produit\/inoderm-lait-eclaircissant-100-ml-3\/","url":"https:\/\/paracherkaoui.ma\/index.php\/produit\/inoderm-lait-eclaircissant-100-ml-3\/","name":"INODERM LAIT ECLAIRCISSANT 100 ML - Paracherkaoui.ma","isPartOf":{"@id":"https:\/\/paracherkaoui.ma\/#website"},"primaryImageOfPage":{"@id":"https:\/\/paracherkaoui.ma\/index.php\/produit\/inoderm-lait-eclaircissant-100-ml-3\/#primaryimage"},"image":{"@id":"https:\/\/paracherkaoui.ma\/index.php\/produit\/inoderm-lait-eclaircissant-100-ml-3\/#primaryimage"},"thumbnailUrl":"https:\/\/paracherkaoui.ma\/wp-content\/uploads\/2025\/12\/inoderm-inoderm-lait-eclaircissant-100-ml-cremes-depigmentantes.jpg","datePublished":"2025-12-12T17:32:00+00:00","dateModified":"2025-12-12T17:32:05+00:00","breadcrumb":{"@id":"https:\/\/paracherkaoui.ma\/index.php\/produit\/inoderm-lait-eclaircissant-100-ml-3\/#breadcrumb"},"inLanguage":"fr-FR","potentialAction":[{"@type":"ReadAction","target":["https:\/\/paracherkaoui.ma\/index.php\/produit\/inoderm-lait-eclaircissant-100-ml-3\/"]}]},{"@type":"ImageObject","inLanguage":"fr-FR","@id":"https:\/\/paracherkaoui.ma\/index.php\/produit\/inoderm-lait-eclaircissant-100-ml-3\/#primaryimage","url":"https:\/\/paracherkaoui.ma\/wp-content\/uploads\/2025\/12\/inoderm-inoderm-lait-eclaircissant-100-ml-cremes-depigmentantes.jpg","contentUrl":"https:\/\/paracherkaoui.ma\/wp-content\/uploads\/2025\/12\/inoderm-inoderm-lait-eclaircissant-100-ml-cremes-depigmentantes.jpg","width":700,"height":700},{"@type":"BreadcrumbList","@id":"https:\/\/paracherkaoui.ma\/index.php\/produit\/inoderm-lait-eclaircissant-100-ml-3\/#breadcrumb","itemListElement":[{"@type":"ListItem","position":1,"name":"Accueil","item":"https:\/\/paracherkaoui.ma\/"},{"@type":"ListItem","position":2,"name":"Boutique","item":"https:\/\/paracherkaoui.ma\/index.php\/boutique\/"},{"@type":"ListItem","position":3,"name":"INODERM LAIT ECLAIRCISSANT 100 ML"}]},{"@type":"WebSite","@id":"https:\/\/paracherkaoui.ma\/#website","url":"https:\/\/paracherkaoui.ma\/","name":"Paracherkaoui.ma","description":"Achetez en ligne sur Paracherkaoui.ma","potentialAction":[{"@type":"SearchAction","target":{"@type":"EntryPoint","urlTemplate":"https:\/\/paracherkaoui.ma\/?s={search_term_string}"},"query-input":{"@type":"PropertyValueSpecification","valueRequired":true,"valueName":"search_term_string"}}],"inLanguage":"fr-FR"}]}},"_links":{"self":[{"href":"https:\/\/paracherkaoui.ma\/index.php\/wp-json\/wp\/v2\/product\/29980","targetHints":{"allow":["GET"]}}],"collection":[{"href":"https:\/\/paracherkaoui.ma\/index.php\/wp-json\/wp\/v2\/product"}],"about":[{"href":"https:\/\/paracherkaoui.ma\/index.php\/wp-json\/wp\/v2\/types\/product"}],"replies":[{"embeddable":true,"href":"https:\/\/paracherkaoui.ma\/index.php\/wp-json\/wp\/v2\/comments?post=29980"}],"version-history":[{"count":1,"href":"https:\/\/paracherkaoui.ma\/index.php\/wp-json\/wp\/v2\/product\/29980\/revisions"}],"predecessor-version":[{"id":30015,"href":"https:\/\/paracherkaoui.ma\/index.php\/wp-json\/wp\/v2\/product\/29980\/revisions\/30015"}],"wp:featuredmedia":[{"embeddable":true,"href":"https:\/\/paracherkaoui.ma\/index.php\/wp-json\/wp\/v2\/media\/25678"}],"wp:attachment":[{"href":"https:\/\/paracherkaoui.ma\/index.php\/wp-json\/wp\/v2\/media?parent=29980"}],"wp:term":[{"taxonomy":"product_brand","embeddable":true,"href":"https:\/\/paracherkaoui.ma\/index.php\/wp-json\/wp\/v2\/product_brand?post=29980"},{"taxonomy":"product_cat","embeddable":true,"href":"https:\/\/paracherkaoui.ma\/index.php\/wp-json\/wp\/v2\/product_cat?post=29980"},{"taxonomy":"product_tag","embeddable":true,"href":"https:\/\/paracherkaoui.ma\/index.php\/wp-json\/wp\/v2\/product_tag?post=29980"}],"curies":[{"name":"wp","href":"https:\/\/api.w.org\/{rel}","templated":true}]}}