{"id":29925,"date":"2025-12-12T18:31:54","date_gmt":"2025-12-12T17:31:54","guid":{"rendered":"https:\/\/test.ecbeaute.com\/?post_type=product&#038;p=29925"},"modified":"2025-12-12T18:31:58","modified_gmt":"2025-12-12T17:31:58","slug":"placentor-pads-anti-poches-anti-cernes-6x5-g-4","status":"publish","type":"product","link":"https:\/\/paracherkaoui.ma\/index.php\/produit\/placentor-pads-anti-poches-anti-cernes-6x5-g-4\/","title":{"rendered":"PLACENTOR PADS ANTI POCHES ANTI CERNES 6X5 G"},"content":{"rendered":"<p>Placentor V\u00e9g\u00e9tal Pads Anti-Cernes Anti-Poches 6 x 3 g sont des pads en tissus doux imbib\u00e9s d&rsquo;un gel gorg\u00e9 d&rsquo;actifs v\u00e9g\u00e9taux qui agissent sur tous les fronts pour att\u00e9nuer les cernes et les poches. La Camomille d&rsquo;Or et la Centella Asiatica activent la micro-circulation tandis que la caf\u00e9ine facilite le drainage et qu&rsquo;un extrait de levure r\u00e9duit l&rsquo;hyperpigmentation du contour de l&rsquo;oeil. L&rsquo;euphraise, associ\u00e9e \u00e0 un extrait de concombre frais, lisse les traits. Enfin, l&rsquo;eau florale de Bleuet Bio, apaise et apporte fra\u00eecheur au regard. Ils s&rsquo;utilisent en cure, en entretien ou en coup d&rsquo;\u00e9clat.Test\u00e9s sous contr\u00f4le dermatologique.0% Paraben.<br \/>\nConseille d&rsquo;utilisation:<br \/>\nBien nettoyer le visage. Ouvrir le sachet, s\u00e9parer les 2 pads.Les appliquer sous les yeux. Ils tiennent tout seuls.R\u00e9cup\u00e9rer la mati\u00e8re restante dans le sachet et la r\u00e9partir sur les pads.Laisser agir pendant 20 minutes.Retirer les pads en douceur et faire p\u00e9n\u00e9trer l&rsquo;\u00e9ventuel exc\u00e9dent de produit.En cure : une application par jour pendant 6 \u00e0 12 jours.En entretien : une application par semaine tout au long de l&rsquo;ann\u00e9e.En coup d&rsquo;\u00e9clat : application ponctuelle pour rafra\u00eechir le regard.<br \/>\nIndication\u00a0:\u00a0Pads anti-cernes et anti-poches \u00e0 usage unique.<br \/>\nAqua, Centaurea Cyanus Flower Water**, Glycerin**, Hydrolyzed Soy Protein**, Caffeine, Cucumis Sativus Fruit Extract**, Saccharomyces Cerevisiae Extract, Euphrasia Officinalis Extract**, Chrysanthellum Indicum Extract**, Ethylhexylglycerin, Carbomer, Propylene Glycol, Centella Asiatica Extract**, Benzyl Alcohol, Dehydroacetic Acid, Potassium Sorbate, Sodium Benzoate, Phenoxyethanol, Sorbic Acid, Sodium Hydroxide.Origine v\u00e9g\u00e9tale.<\/p>\n","protected":false},"excerpt":{"rendered":"<p>Placentor V\u00e9g\u00e9tal Pads Anti-Cernes Anti-Poches 6 x 3 g sont des pads en tissus doux imbib\u00e9s d&rsquo;un gel gorg\u00e9 d&rsquo;actifs<\/p>\n","protected":false},"featured_media":21098,"comment_status":"open","ping_status":"closed","template":"","meta":[],"product_brand":[244],"product_cat":[549],"product_tag":[],"class_list":{"0":"post-29925","1":"product","2":"type-product","3":"status-publish","4":"has-post-thumbnail","6":"product_brand-placentor","7":"product_cat-cremes-depigmentantes","9":"first","10":"instock","11":"sale","12":"shipping-taxable","13":"purchasable","14":"product-type-simple"},"yoast_head":"<!-- This site is optimized with the Yoast SEO plugin v26.6 - https:\/\/yoast.com\/wordpress\/plugins\/seo\/ -->\r\n<title>PLACENTOR PADS ANTI POCHES ANTI CERNES 6X5 G - Paracherkaoui.ma<\/title>\r\n<meta name=\"robots\" content=\"index, follow, max-snippet:-1, max-image-preview:large, max-video-preview:-1\" \/>\r\n<link rel=\"canonical\" href=\"https:\/\/paracherkaoui.ma\/index.php\/produit\/placentor-pads-anti-poches-anti-cernes-6x5-g-4\/\" \/>\r\n<meta property=\"og:locale\" content=\"fr_FR\" \/>\r\n<meta property=\"og:type\" content=\"article\" \/>\r\n<meta property=\"og:title\" content=\"PLACENTOR PADS ANTI POCHES ANTI CERNES 6X5 G - Paracherkaoui.ma\" \/>\r\n<meta property=\"og:description\" content=\"Placentor V\u00e9g\u00e9tal Pads Anti-Cernes Anti-Poches 6 x 3 g sont des pads en tissus doux imbib\u00e9s d&rsquo;un gel gorg\u00e9 d&rsquo;actifs\" \/>\r\n<meta property=\"og:url\" content=\"https:\/\/paracherkaoui.ma\/index.php\/produit\/placentor-pads-anti-poches-anti-cernes-6x5-g-4\/\" \/>\r\n<meta property=\"og:site_name\" content=\"Paracherkaoui.ma\" \/>\r\n<meta property=\"article:modified_time\" content=\"2025-12-12T17:31:58+00:00\" \/>\r\n<meta property=\"og:image\" content=\"https:\/\/paracherkaoui.ma\/wp-content\/uploads\/2025\/12\/placentor-placentor-pads-anti-poches-anti-cernes-6x5-g-yeux.jpg\" \/>\r\n\t<meta property=\"og:image:width\" content=\"700\" \/>\r\n\t<meta property=\"og:image:height\" content=\"700\" \/>\r\n\t<meta property=\"og:image:type\" content=\"image\/jpeg\" \/>\r\n<meta name=\"twitter:card\" content=\"summary_large_image\" \/>\r\n<meta name=\"twitter:label1\" content=\"Dur\u00e9e de lecture estim\u00e9e\" \/>\n\t<meta name=\"twitter:data1\" content=\"1 minute\" \/>\r\n<script type=\"application\/ld+json\" class=\"yoast-schema-graph\">{\"@context\":\"https:\/\/schema.org\",\"@graph\":[{\"@type\":\"WebPage\",\"@id\":\"https:\/\/paracherkaoui.ma\/index.php\/produit\/placentor-pads-anti-poches-anti-cernes-6x5-g-4\/\",\"url\":\"https:\/\/paracherkaoui.ma\/index.php\/produit\/placentor-pads-anti-poches-anti-cernes-6x5-g-4\/\",\"name\":\"PLACENTOR PADS ANTI POCHES ANTI CERNES 6X5 G - Paracherkaoui.ma\",\"isPartOf\":{\"@id\":\"https:\/\/paracherkaoui.ma\/#website\"},\"primaryImageOfPage\":{\"@id\":\"https:\/\/paracherkaoui.ma\/index.php\/produit\/placentor-pads-anti-poches-anti-cernes-6x5-g-4\/#primaryimage\"},\"image\":{\"@id\":\"https:\/\/paracherkaoui.ma\/index.php\/produit\/placentor-pads-anti-poches-anti-cernes-6x5-g-4\/#primaryimage\"},\"thumbnailUrl\":\"https:\/\/paracherkaoui.ma\/wp-content\/uploads\/2025\/12\/placentor-placentor-pads-anti-poches-anti-cernes-6x5-g-yeux.jpg\",\"datePublished\":\"2025-12-12T17:31:54+00:00\",\"dateModified\":\"2025-12-12T17:31:58+00:00\",\"breadcrumb\":{\"@id\":\"https:\/\/paracherkaoui.ma\/index.php\/produit\/placentor-pads-anti-poches-anti-cernes-6x5-g-4\/#breadcrumb\"},\"inLanguage\":\"fr-FR\",\"potentialAction\":[{\"@type\":\"ReadAction\",\"target\":[\"https:\/\/paracherkaoui.ma\/index.php\/produit\/placentor-pads-anti-poches-anti-cernes-6x5-g-4\/\"]}]},{\"@type\":\"ImageObject\",\"inLanguage\":\"fr-FR\",\"@id\":\"https:\/\/paracherkaoui.ma\/index.php\/produit\/placentor-pads-anti-poches-anti-cernes-6x5-g-4\/#primaryimage\",\"url\":\"https:\/\/paracherkaoui.ma\/wp-content\/uploads\/2025\/12\/placentor-placentor-pads-anti-poches-anti-cernes-6x5-g-yeux.jpg\",\"contentUrl\":\"https:\/\/paracherkaoui.ma\/wp-content\/uploads\/2025\/12\/placentor-placentor-pads-anti-poches-anti-cernes-6x5-g-yeux.jpg\",\"width\":700,\"height\":700},{\"@type\":\"BreadcrumbList\",\"@id\":\"https:\/\/paracherkaoui.ma\/index.php\/produit\/placentor-pads-anti-poches-anti-cernes-6x5-g-4\/#breadcrumb\",\"itemListElement\":[{\"@type\":\"ListItem\",\"position\":1,\"name\":\"Accueil\",\"item\":\"https:\/\/paracherkaoui.ma\/\"},{\"@type\":\"ListItem\",\"position\":2,\"name\":\"Boutique\",\"item\":\"https:\/\/paracherkaoui.ma\/index.php\/boutique\/\"},{\"@type\":\"ListItem\",\"position\":3,\"name\":\"PLACENTOR PADS ANTI POCHES ANTI CERNES 6X5 G\"}]},{\"@type\":\"WebSite\",\"@id\":\"https:\/\/paracherkaoui.ma\/#website\",\"url\":\"https:\/\/paracherkaoui.ma\/\",\"name\":\"Paracherkaoui.ma\",\"description\":\"Achetez en ligne sur Paracherkaoui.ma\",\"potentialAction\":[{\"@type\":\"SearchAction\",\"target\":{\"@type\":\"EntryPoint\",\"urlTemplate\":\"https:\/\/paracherkaoui.ma\/?s={search_term_string}\"},\"query-input\":{\"@type\":\"PropertyValueSpecification\",\"valueRequired\":true,\"valueName\":\"search_term_string\"}}],\"inLanguage\":\"fr-FR\"}]}<\/script>\r\n<!-- \/ Yoast SEO plugin. -->","yoast_head_json":{"title":"PLACENTOR PADS ANTI POCHES ANTI CERNES 6X5 G - Paracherkaoui.ma","robots":{"index":"index","follow":"follow","max-snippet":"max-snippet:-1","max-image-preview":"max-image-preview:large","max-video-preview":"max-video-preview:-1"},"canonical":"https:\/\/paracherkaoui.ma\/index.php\/produit\/placentor-pads-anti-poches-anti-cernes-6x5-g-4\/","og_locale":"fr_FR","og_type":"article","og_title":"PLACENTOR PADS ANTI POCHES ANTI CERNES 6X5 G - Paracherkaoui.ma","og_description":"Placentor V\u00e9g\u00e9tal Pads Anti-Cernes Anti-Poches 6 x 3 g sont des pads en tissus doux imbib\u00e9s d&rsquo;un gel gorg\u00e9 d&rsquo;actifs","og_url":"https:\/\/paracherkaoui.ma\/index.php\/produit\/placentor-pads-anti-poches-anti-cernes-6x5-g-4\/","og_site_name":"Paracherkaoui.ma","article_modified_time":"2025-12-12T17:31:58+00:00","og_image":[{"width":700,"height":700,"url":"https:\/\/paracherkaoui.ma\/wp-content\/uploads\/2025\/12\/placentor-placentor-pads-anti-poches-anti-cernes-6x5-g-yeux.jpg","type":"image\/jpeg"}],"twitter_card":"summary_large_image","twitter_misc":{"Dur\u00e9e de lecture estim\u00e9e":"1 minute"},"schema":{"@context":"https:\/\/schema.org","@graph":[{"@type":"WebPage","@id":"https:\/\/paracherkaoui.ma\/index.php\/produit\/placentor-pads-anti-poches-anti-cernes-6x5-g-4\/","url":"https:\/\/paracherkaoui.ma\/index.php\/produit\/placentor-pads-anti-poches-anti-cernes-6x5-g-4\/","name":"PLACENTOR PADS ANTI POCHES ANTI CERNES 6X5 G - Paracherkaoui.ma","isPartOf":{"@id":"https:\/\/paracherkaoui.ma\/#website"},"primaryImageOfPage":{"@id":"https:\/\/paracherkaoui.ma\/index.php\/produit\/placentor-pads-anti-poches-anti-cernes-6x5-g-4\/#primaryimage"},"image":{"@id":"https:\/\/paracherkaoui.ma\/index.php\/produit\/placentor-pads-anti-poches-anti-cernes-6x5-g-4\/#primaryimage"},"thumbnailUrl":"https:\/\/paracherkaoui.ma\/wp-content\/uploads\/2025\/12\/placentor-placentor-pads-anti-poches-anti-cernes-6x5-g-yeux.jpg","datePublished":"2025-12-12T17:31:54+00:00","dateModified":"2025-12-12T17:31:58+00:00","breadcrumb":{"@id":"https:\/\/paracherkaoui.ma\/index.php\/produit\/placentor-pads-anti-poches-anti-cernes-6x5-g-4\/#breadcrumb"},"inLanguage":"fr-FR","potentialAction":[{"@type":"ReadAction","target":["https:\/\/paracherkaoui.ma\/index.php\/produit\/placentor-pads-anti-poches-anti-cernes-6x5-g-4\/"]}]},{"@type":"ImageObject","inLanguage":"fr-FR","@id":"https:\/\/paracherkaoui.ma\/index.php\/produit\/placentor-pads-anti-poches-anti-cernes-6x5-g-4\/#primaryimage","url":"https:\/\/paracherkaoui.ma\/wp-content\/uploads\/2025\/12\/placentor-placentor-pads-anti-poches-anti-cernes-6x5-g-yeux.jpg","contentUrl":"https:\/\/paracherkaoui.ma\/wp-content\/uploads\/2025\/12\/placentor-placentor-pads-anti-poches-anti-cernes-6x5-g-yeux.jpg","width":700,"height":700},{"@type":"BreadcrumbList","@id":"https:\/\/paracherkaoui.ma\/index.php\/produit\/placentor-pads-anti-poches-anti-cernes-6x5-g-4\/#breadcrumb","itemListElement":[{"@type":"ListItem","position":1,"name":"Accueil","item":"https:\/\/paracherkaoui.ma\/"},{"@type":"ListItem","position":2,"name":"Boutique","item":"https:\/\/paracherkaoui.ma\/index.php\/boutique\/"},{"@type":"ListItem","position":3,"name":"PLACENTOR PADS ANTI POCHES ANTI CERNES 6X5 G"}]},{"@type":"WebSite","@id":"https:\/\/paracherkaoui.ma\/#website","url":"https:\/\/paracherkaoui.ma\/","name":"Paracherkaoui.ma","description":"Achetez en ligne sur Paracherkaoui.ma","potentialAction":[{"@type":"SearchAction","target":{"@type":"EntryPoint","urlTemplate":"https:\/\/paracherkaoui.ma\/?s={search_term_string}"},"query-input":{"@type":"PropertyValueSpecification","valueRequired":true,"valueName":"search_term_string"}}],"inLanguage":"fr-FR"}]}},"_links":{"self":[{"href":"https:\/\/paracherkaoui.ma\/index.php\/wp-json\/wp\/v2\/product\/29925","targetHints":{"allow":["GET"]}}],"collection":[{"href":"https:\/\/paracherkaoui.ma\/index.php\/wp-json\/wp\/v2\/product"}],"about":[{"href":"https:\/\/paracherkaoui.ma\/index.php\/wp-json\/wp\/v2\/types\/product"}],"replies":[{"embeddable":true,"href":"https:\/\/paracherkaoui.ma\/index.php\/wp-json\/wp\/v2\/comments?post=29925"}],"version-history":[{"count":1,"href":"https:\/\/paracherkaoui.ma\/index.php\/wp-json\/wp\/v2\/product\/29925\/revisions"}],"predecessor-version":[{"id":29957,"href":"https:\/\/paracherkaoui.ma\/index.php\/wp-json\/wp\/v2\/product\/29925\/revisions\/29957"}],"wp:featuredmedia":[{"embeddable":true,"href":"https:\/\/paracherkaoui.ma\/index.php\/wp-json\/wp\/v2\/media\/21098"}],"wp:attachment":[{"href":"https:\/\/paracherkaoui.ma\/index.php\/wp-json\/wp\/v2\/media?parent=29925"}],"wp:term":[{"taxonomy":"product_brand","embeddable":true,"href":"https:\/\/paracherkaoui.ma\/index.php\/wp-json\/wp\/v2\/product_brand?post=29925"},{"taxonomy":"product_cat","embeddable":true,"href":"https:\/\/paracherkaoui.ma\/index.php\/wp-json\/wp\/v2\/product_cat?post=29925"},{"taxonomy":"product_tag","embeddable":true,"href":"https:\/\/paracherkaoui.ma\/index.php\/wp-json\/wp\/v2\/product_tag?post=29925"}],"curies":[{"name":"wp","href":"https:\/\/api.w.org\/{rel}","templated":true}]}}