{"id":29923,"date":"2025-12-12T18:31:54","date_gmt":"2025-12-12T17:31:54","guid":{"rendered":"https:\/\/test.ecbeaute.com\/?post_type=product&#038;p=29923"},"modified":"2025-12-12T18:31:58","modified_gmt":"2025-12-12T17:31:58","slug":"noreva-trio-d-soin-depigmentant-unifiant-30-ml-2","status":"publish","type":"product","link":"https:\/\/paracherkaoui.ma\/index.php\/produit\/noreva-trio-d-soin-depigmentant-unifiant-30-ml-2\/","title":{"rendered":"NOREVA TRIO D SOIN DEPIGMENTANT UNIFIANT 30 ml"},"content":{"rendered":"<p>TRIO-D est un soin d\u00e9pigmentant d&rsquo;entretien qui b\u00e9n\u00e9ficie de : Licorice, concentr\u00e9 \u00e0 40 % de Glabridine.\u00a0Ce licorice bloque la synth\u00e8se de m\u00e9lanine, responsable de l&rsquo;hyperpigmentation.<br \/>\nLes AHA favorisent la p\u00e9n\u00e9tration du licorice et l&rsquo;exfoliation des cellules charg\u00e9es de pigments m\u00e9laniques.\u00a0La vitamine C, antiradicalaire, renforce l&rsquo;action d\u00e9pigmentante.<br \/>\nUtilis\u00e9 en relais de TRIO-A, TRIO-D diminue significativement l&rsquo;intensit\u00e9 des taches brunes, favoirse leur \u00e9limination.<br \/>\nConseil d&rsquo;utilisation<br \/>\nAppliquer matin et soir sur les zones concern\u00e9es.<br \/>\nComposition<br \/>\naqua (water), ammonium lactate, aluminium starch octenylsuccinate, c12-15 alkyl benzoate,<br \/>\nisopropyl palmitate, polymethyl methacrylate, glycereth-26, isostearyl isostearate,<br \/>\ntitanium dioxide, arachidyl alcohol, ascorbic acid polypeptide, citric acid, dimethicone,<br \/>\nbehenyl alcohol, glyceryl stearate, peg-100 stearate, cetyl alcohol, arachidyl glucoside,<br \/>\ndisodium edta, sodium metabisulfite, peg-15 hydroxystearate , peg-54 hydrogenated castor oil,\u00a0imidazolidinyl urea, parfum (fragrance), xanthan gum, methylparaben, propylparaben, tocopherol,\u00a0trimethoxycaprylylsilane, glycyrrhiza glabra (licorice extract), alpha-isomethyl ionone,\u00a0butylphenyl methylpropionate, benzyl salicylate, hexyl cinnamal,\u00a0linalool hydroxyisohexyl 3-cyclohexene carboxaldehyde, citronellol, geraniol, hydroxycitronnellal.<\/p>\n","protected":false},"excerpt":{"rendered":"<p>TRIO-D est un soin d\u00e9pigmentant d&rsquo;entretien qui b\u00e9n\u00e9ficie de : Licorice, concentr\u00e9 \u00e0 40 % de Glabridine.\u00a0Ce licorice bloque la<\/p>\n","protected":false},"featured_media":25576,"comment_status":"open","ping_status":"closed","template":"","meta":[],"product_brand":[403],"product_cat":[549],"product_tag":[],"class_list":{"0":"post-29923","1":"product","2":"type-product","3":"status-publish","4":"has-post-thumbnail","6":"product_brand-noreva","7":"product_cat-cremes-depigmentantes","9":"first","10":"instock","11":"sale","12":"shipping-taxable","13":"purchasable","14":"product-type-simple"},"yoast_head":"<!-- This site is optimized with the Yoast SEO plugin v26.6 - https:\/\/yoast.com\/wordpress\/plugins\/seo\/ -->\r\n<title>NOREVA TRIO D SOIN DEPIGMENTANT UNIFIANT 30 ml - Paracherkaoui.ma<\/title>\r\n<meta name=\"robots\" content=\"index, follow, max-snippet:-1, max-image-preview:large, max-video-preview:-1\" \/>\r\n<link rel=\"canonical\" href=\"https:\/\/paracherkaoui.ma\/index.php\/produit\/noreva-trio-d-soin-depigmentant-unifiant-30-ml-2\/\" \/>\r\n<meta property=\"og:locale\" content=\"fr_FR\" \/>\r\n<meta property=\"og:type\" content=\"article\" \/>\r\n<meta property=\"og:title\" content=\"NOREVA TRIO D SOIN DEPIGMENTANT UNIFIANT 30 ml - Paracherkaoui.ma\" \/>\r\n<meta property=\"og:description\" content=\"TRIO-D est un soin d\u00e9pigmentant d&rsquo;entretien qui b\u00e9n\u00e9ficie de : Licorice, concentr\u00e9 \u00e0 40 % de Glabridine.\u00a0Ce licorice bloque la\" \/>\r\n<meta property=\"og:url\" content=\"https:\/\/paracherkaoui.ma\/index.php\/produit\/noreva-trio-d-soin-depigmentant-unifiant-30-ml-2\/\" \/>\r\n<meta property=\"og:site_name\" content=\"Paracherkaoui.ma\" \/>\r\n<meta property=\"article:modified_time\" content=\"2025-12-12T17:31:58+00:00\" \/>\r\n<meta property=\"og:image\" content=\"https:\/\/paracherkaoui.ma\/wp-content\/uploads\/2025\/12\/noreva-noreva-trio-d-soin-depigmentant-unifiant-30-ml-soins-anti-taches-et-depigmentants.jpg\" \/>\r\n\t<meta property=\"og:image:width\" content=\"700\" \/>\r\n\t<meta property=\"og:image:height\" content=\"700\" \/>\r\n\t<meta property=\"og:image:type\" content=\"image\/jpeg\" \/>\r\n<meta name=\"twitter:card\" content=\"summary_large_image\" \/>\r\n<meta name=\"twitter:label1\" content=\"Dur\u00e9e de lecture estim\u00e9e\" \/>\n\t<meta name=\"twitter:data1\" content=\"1 minute\" \/>\r\n<script type=\"application\/ld+json\" class=\"yoast-schema-graph\">{\"@context\":\"https:\/\/schema.org\",\"@graph\":[{\"@type\":\"WebPage\",\"@id\":\"https:\/\/paracherkaoui.ma\/index.php\/produit\/noreva-trio-d-soin-depigmentant-unifiant-30-ml-2\/\",\"url\":\"https:\/\/paracherkaoui.ma\/index.php\/produit\/noreva-trio-d-soin-depigmentant-unifiant-30-ml-2\/\",\"name\":\"NOREVA TRIO D SOIN DEPIGMENTANT UNIFIANT 30 ml - Paracherkaoui.ma\",\"isPartOf\":{\"@id\":\"https:\/\/paracherkaoui.ma\/#website\"},\"primaryImageOfPage\":{\"@id\":\"https:\/\/paracherkaoui.ma\/index.php\/produit\/noreva-trio-d-soin-depigmentant-unifiant-30-ml-2\/#primaryimage\"},\"image\":{\"@id\":\"https:\/\/paracherkaoui.ma\/index.php\/produit\/noreva-trio-d-soin-depigmentant-unifiant-30-ml-2\/#primaryimage\"},\"thumbnailUrl\":\"https:\/\/paracherkaoui.ma\/wp-content\/uploads\/2025\/12\/noreva-noreva-trio-d-soin-depigmentant-unifiant-30-ml-soins-anti-taches-et-depigmentants.jpg\",\"datePublished\":\"2025-12-12T17:31:54+00:00\",\"dateModified\":\"2025-12-12T17:31:58+00:00\",\"breadcrumb\":{\"@id\":\"https:\/\/paracherkaoui.ma\/index.php\/produit\/noreva-trio-d-soin-depigmentant-unifiant-30-ml-2\/#breadcrumb\"},\"inLanguage\":\"fr-FR\",\"potentialAction\":[{\"@type\":\"ReadAction\",\"target\":[\"https:\/\/paracherkaoui.ma\/index.php\/produit\/noreva-trio-d-soin-depigmentant-unifiant-30-ml-2\/\"]}]},{\"@type\":\"ImageObject\",\"inLanguage\":\"fr-FR\",\"@id\":\"https:\/\/paracherkaoui.ma\/index.php\/produit\/noreva-trio-d-soin-depigmentant-unifiant-30-ml-2\/#primaryimage\",\"url\":\"https:\/\/paracherkaoui.ma\/wp-content\/uploads\/2025\/12\/noreva-noreva-trio-d-soin-depigmentant-unifiant-30-ml-soins-anti-taches-et-depigmentants.jpg\",\"contentUrl\":\"https:\/\/paracherkaoui.ma\/wp-content\/uploads\/2025\/12\/noreva-noreva-trio-d-soin-depigmentant-unifiant-30-ml-soins-anti-taches-et-depigmentants.jpg\",\"width\":700,\"height\":700},{\"@type\":\"BreadcrumbList\",\"@id\":\"https:\/\/paracherkaoui.ma\/index.php\/produit\/noreva-trio-d-soin-depigmentant-unifiant-30-ml-2\/#breadcrumb\",\"itemListElement\":[{\"@type\":\"ListItem\",\"position\":1,\"name\":\"Accueil\",\"item\":\"https:\/\/paracherkaoui.ma\/\"},{\"@type\":\"ListItem\",\"position\":2,\"name\":\"Boutique\",\"item\":\"https:\/\/paracherkaoui.ma\/index.php\/boutique\/\"},{\"@type\":\"ListItem\",\"position\":3,\"name\":\"NOREVA TRIO D SOIN DEPIGMENTANT UNIFIANT 30 ml\"}]},{\"@type\":\"WebSite\",\"@id\":\"https:\/\/paracherkaoui.ma\/#website\",\"url\":\"https:\/\/paracherkaoui.ma\/\",\"name\":\"Paracherkaoui.ma\",\"description\":\"Achetez en ligne sur Paracherkaoui.ma\",\"potentialAction\":[{\"@type\":\"SearchAction\",\"target\":{\"@type\":\"EntryPoint\",\"urlTemplate\":\"https:\/\/paracherkaoui.ma\/?s={search_term_string}\"},\"query-input\":{\"@type\":\"PropertyValueSpecification\",\"valueRequired\":true,\"valueName\":\"search_term_string\"}}],\"inLanguage\":\"fr-FR\"}]}<\/script>\r\n<!-- \/ Yoast SEO plugin. -->","yoast_head_json":{"title":"NOREVA TRIO D SOIN DEPIGMENTANT UNIFIANT 30 ml - Paracherkaoui.ma","robots":{"index":"index","follow":"follow","max-snippet":"max-snippet:-1","max-image-preview":"max-image-preview:large","max-video-preview":"max-video-preview:-1"},"canonical":"https:\/\/paracherkaoui.ma\/index.php\/produit\/noreva-trio-d-soin-depigmentant-unifiant-30-ml-2\/","og_locale":"fr_FR","og_type":"article","og_title":"NOREVA TRIO D SOIN DEPIGMENTANT UNIFIANT 30 ml - Paracherkaoui.ma","og_description":"TRIO-D est un soin d\u00e9pigmentant d&rsquo;entretien qui b\u00e9n\u00e9ficie de : Licorice, concentr\u00e9 \u00e0 40 % de Glabridine.\u00a0Ce licorice bloque la","og_url":"https:\/\/paracherkaoui.ma\/index.php\/produit\/noreva-trio-d-soin-depigmentant-unifiant-30-ml-2\/","og_site_name":"Paracherkaoui.ma","article_modified_time":"2025-12-12T17:31:58+00:00","og_image":[{"width":700,"height":700,"url":"https:\/\/paracherkaoui.ma\/wp-content\/uploads\/2025\/12\/noreva-noreva-trio-d-soin-depigmentant-unifiant-30-ml-soins-anti-taches-et-depigmentants.jpg","type":"image\/jpeg"}],"twitter_card":"summary_large_image","twitter_misc":{"Dur\u00e9e de lecture estim\u00e9e":"1 minute"},"schema":{"@context":"https:\/\/schema.org","@graph":[{"@type":"WebPage","@id":"https:\/\/paracherkaoui.ma\/index.php\/produit\/noreva-trio-d-soin-depigmentant-unifiant-30-ml-2\/","url":"https:\/\/paracherkaoui.ma\/index.php\/produit\/noreva-trio-d-soin-depigmentant-unifiant-30-ml-2\/","name":"NOREVA TRIO D SOIN DEPIGMENTANT UNIFIANT 30 ml - Paracherkaoui.ma","isPartOf":{"@id":"https:\/\/paracherkaoui.ma\/#website"},"primaryImageOfPage":{"@id":"https:\/\/paracherkaoui.ma\/index.php\/produit\/noreva-trio-d-soin-depigmentant-unifiant-30-ml-2\/#primaryimage"},"image":{"@id":"https:\/\/paracherkaoui.ma\/index.php\/produit\/noreva-trio-d-soin-depigmentant-unifiant-30-ml-2\/#primaryimage"},"thumbnailUrl":"https:\/\/paracherkaoui.ma\/wp-content\/uploads\/2025\/12\/noreva-noreva-trio-d-soin-depigmentant-unifiant-30-ml-soins-anti-taches-et-depigmentants.jpg","datePublished":"2025-12-12T17:31:54+00:00","dateModified":"2025-12-12T17:31:58+00:00","breadcrumb":{"@id":"https:\/\/paracherkaoui.ma\/index.php\/produit\/noreva-trio-d-soin-depigmentant-unifiant-30-ml-2\/#breadcrumb"},"inLanguage":"fr-FR","potentialAction":[{"@type":"ReadAction","target":["https:\/\/paracherkaoui.ma\/index.php\/produit\/noreva-trio-d-soin-depigmentant-unifiant-30-ml-2\/"]}]},{"@type":"ImageObject","inLanguage":"fr-FR","@id":"https:\/\/paracherkaoui.ma\/index.php\/produit\/noreva-trio-d-soin-depigmentant-unifiant-30-ml-2\/#primaryimage","url":"https:\/\/paracherkaoui.ma\/wp-content\/uploads\/2025\/12\/noreva-noreva-trio-d-soin-depigmentant-unifiant-30-ml-soins-anti-taches-et-depigmentants.jpg","contentUrl":"https:\/\/paracherkaoui.ma\/wp-content\/uploads\/2025\/12\/noreva-noreva-trio-d-soin-depigmentant-unifiant-30-ml-soins-anti-taches-et-depigmentants.jpg","width":700,"height":700},{"@type":"BreadcrumbList","@id":"https:\/\/paracherkaoui.ma\/index.php\/produit\/noreva-trio-d-soin-depigmentant-unifiant-30-ml-2\/#breadcrumb","itemListElement":[{"@type":"ListItem","position":1,"name":"Accueil","item":"https:\/\/paracherkaoui.ma\/"},{"@type":"ListItem","position":2,"name":"Boutique","item":"https:\/\/paracherkaoui.ma\/index.php\/boutique\/"},{"@type":"ListItem","position":3,"name":"NOREVA TRIO D SOIN DEPIGMENTANT UNIFIANT 30 ml"}]},{"@type":"WebSite","@id":"https:\/\/paracherkaoui.ma\/#website","url":"https:\/\/paracherkaoui.ma\/","name":"Paracherkaoui.ma","description":"Achetez en ligne sur Paracherkaoui.ma","potentialAction":[{"@type":"SearchAction","target":{"@type":"EntryPoint","urlTemplate":"https:\/\/paracherkaoui.ma\/?s={search_term_string}"},"query-input":{"@type":"PropertyValueSpecification","valueRequired":true,"valueName":"search_term_string"}}],"inLanguage":"fr-FR"}]}},"_links":{"self":[{"href":"https:\/\/paracherkaoui.ma\/index.php\/wp-json\/wp\/v2\/product\/29923","targetHints":{"allow":["GET"]}}],"collection":[{"href":"https:\/\/paracherkaoui.ma\/index.php\/wp-json\/wp\/v2\/product"}],"about":[{"href":"https:\/\/paracherkaoui.ma\/index.php\/wp-json\/wp\/v2\/types\/product"}],"replies":[{"embeddable":true,"href":"https:\/\/paracherkaoui.ma\/index.php\/wp-json\/wp\/v2\/comments?post=29923"}],"version-history":[{"count":1,"href":"https:\/\/paracherkaoui.ma\/index.php\/wp-json\/wp\/v2\/product\/29923\/revisions"}],"predecessor-version":[{"id":29955,"href":"https:\/\/paracherkaoui.ma\/index.php\/wp-json\/wp\/v2\/product\/29923\/revisions\/29955"}],"wp:featuredmedia":[{"embeddable":true,"href":"https:\/\/paracherkaoui.ma\/index.php\/wp-json\/wp\/v2\/media\/25576"}],"wp:attachment":[{"href":"https:\/\/paracherkaoui.ma\/index.php\/wp-json\/wp\/v2\/media?parent=29923"}],"wp:term":[{"taxonomy":"product_brand","embeddable":true,"href":"https:\/\/paracherkaoui.ma\/index.php\/wp-json\/wp\/v2\/product_brand?post=29923"},{"taxonomy":"product_cat","embeddable":true,"href":"https:\/\/paracherkaoui.ma\/index.php\/wp-json\/wp\/v2\/product_cat?post=29923"},{"taxonomy":"product_tag","embeddable":true,"href":"https:\/\/paracherkaoui.ma\/index.php\/wp-json\/wp\/v2\/product_tag?post=29923"}],"curies":[{"name":"wp","href":"https:\/\/api.w.org\/{rel}","templated":true}]}}