{"id":29907,"date":"2025-12-12T18:31:53","date_gmt":"2025-12-12T17:31:53","guid":{"rendered":"https:\/\/test.ecbeaute.com\/?post_type=product&#038;p=29907"},"modified":"2025-12-12T18:31:56","modified_gmt":"2025-12-12T17:31:56","slug":"mesoestetic-imperfection-control-2","status":"publish","type":"product","link":"https:\/\/paracherkaoui.ma\/index.php\/produit\/mesoestetic-imperfection-control-2\/","title":{"rendered":"MESOESTETIC IMPERFECTION CONTROL"},"content":{"rendered":"<p>Description:<br \/>\nParall\u00e8lement, les actifs compl\u00e9mentaires pr\u00e9sents dans le m.acne complex\u2122 lui permettent d\u2019inverser rapidement et efficacement le processus de rub\u00e9faction et de tum\u00e9faction des \u00e9ruptions acn\u00e9iques. L\u2019acn\u00e9 vulgaire est d\u00fb \u00e0 un exc\u00e8s d\u2019androg\u00e8nes qui favorise une augmentation de la k\u00e9ratinisation et de la desquamation folliculaire mais aussi la s\u00e9cr\u00e9tion de s\u00e9bum. Cela provoquera l\u2019obstruction du pore cutan\u00e9 et son inflammation ult\u00e9rieure par action opportuniste de la flore bact\u00e9rienne pr\u00e9sente sur la peau, conduisant aux l\u00e9sions acn\u00e9iques caract\u00e9ristiques sous forme de com\u00e9dons, de papules, de pustules et d\u2019hyperpigmentation r\u00e9siduelles.<br \/>\nConseils d\u2019utilisation :<br \/>\nAppliquer localement une petite quantit\u00e9 d\u2019imperfection control sur une peau propre et s\u00e8che, en effectuant un mouvement circulaire doux qui augmente l\u2019intensit\u00e9 de la couleur jusqu\u2019\u00e0 masquer de fa\u00e7on homog\u00e8ne la zone affect\u00e9e.<\/p>\n","protected":false},"excerpt":{"rendered":"<p>Description: Parall\u00e8lement, les actifs compl\u00e9mentaires pr\u00e9sents dans le m.acne complex\u2122 lui permettent d\u2019inverser rapidement et efficacement le processus de rub\u00e9faction<\/p>\n","protected":false},"featured_media":25492,"comment_status":"open","ping_status":"closed","template":"","meta":[],"product_brand":[399],"product_cat":[549],"product_tag":[],"class_list":{"0":"post-29907","1":"product","2":"type-product","3":"status-publish","4":"has-post-thumbnail","6":"product_brand-mesoestetic","7":"product_cat-cremes-depigmentantes","9":"first","10":"instock","11":"sale","12":"shipping-taxable","13":"purchasable","14":"product-type-simple"},"yoast_head":"<!-- This site is optimized with the Yoast SEO plugin v26.6 - https:\/\/yoast.com\/wordpress\/plugins\/seo\/ -->\r\n<title>MESOESTETIC IMPERFECTION CONTROL - Paracherkaoui.ma<\/title>\r\n<meta name=\"robots\" content=\"index, follow, max-snippet:-1, max-image-preview:large, max-video-preview:-1\" \/>\r\n<link rel=\"canonical\" href=\"https:\/\/paracherkaoui.ma\/index.php\/produit\/mesoestetic-imperfection-control-2\/\" \/>\r\n<meta property=\"og:locale\" content=\"fr_FR\" \/>\r\n<meta property=\"og:type\" content=\"article\" \/>\r\n<meta property=\"og:title\" content=\"MESOESTETIC IMPERFECTION CONTROL - Paracherkaoui.ma\" \/>\r\n<meta property=\"og:description\" content=\"Description: Parall\u00e8lement, les actifs compl\u00e9mentaires pr\u00e9sents dans le m.acne complex\u2122 lui permettent d\u2019inverser rapidement et efficacement le processus de rub\u00e9faction\" \/>\r\n<meta property=\"og:url\" content=\"https:\/\/paracherkaoui.ma\/index.php\/produit\/mesoestetic-imperfection-control-2\/\" \/>\r\n<meta property=\"og:site_name\" content=\"Paracherkaoui.ma\" \/>\r\n<meta property=\"article:modified_time\" content=\"2025-12-12T17:31:56+00:00\" \/>\r\n<meta property=\"og:image\" content=\"https:\/\/paracherkaoui.ma\/wp-content\/uploads\/2025\/12\/mesoestetic-mesoestetic-imperfection-control-cremes-depigmentant.jpg\" \/>\r\n\t<meta property=\"og:image:width\" content=\"700\" \/>\r\n\t<meta property=\"og:image:height\" content=\"700\" \/>\r\n\t<meta property=\"og:image:type\" content=\"image\/jpeg\" \/>\r\n<meta name=\"twitter:card\" content=\"summary_large_image\" \/>\r\n<meta name=\"twitter:label1\" content=\"Dur\u00e9e de lecture estim\u00e9e\" \/>\n\t<meta name=\"twitter:data1\" content=\"1 minute\" \/>\r\n<script type=\"application\/ld+json\" class=\"yoast-schema-graph\">{\"@context\":\"https:\/\/schema.org\",\"@graph\":[{\"@type\":\"WebPage\",\"@id\":\"https:\/\/paracherkaoui.ma\/index.php\/produit\/mesoestetic-imperfection-control-2\/\",\"url\":\"https:\/\/paracherkaoui.ma\/index.php\/produit\/mesoestetic-imperfection-control-2\/\",\"name\":\"MESOESTETIC IMPERFECTION CONTROL - Paracherkaoui.ma\",\"isPartOf\":{\"@id\":\"https:\/\/paracherkaoui.ma\/#website\"},\"primaryImageOfPage\":{\"@id\":\"https:\/\/paracherkaoui.ma\/index.php\/produit\/mesoestetic-imperfection-control-2\/#primaryimage\"},\"image\":{\"@id\":\"https:\/\/paracherkaoui.ma\/index.php\/produit\/mesoestetic-imperfection-control-2\/#primaryimage\"},\"thumbnailUrl\":\"https:\/\/paracherkaoui.ma\/wp-content\/uploads\/2025\/12\/mesoestetic-mesoestetic-imperfection-control-cremes-depigmentant.jpg\",\"datePublished\":\"2025-12-12T17:31:53+00:00\",\"dateModified\":\"2025-12-12T17:31:56+00:00\",\"breadcrumb\":{\"@id\":\"https:\/\/paracherkaoui.ma\/index.php\/produit\/mesoestetic-imperfection-control-2\/#breadcrumb\"},\"inLanguage\":\"fr-FR\",\"potentialAction\":[{\"@type\":\"ReadAction\",\"target\":[\"https:\/\/paracherkaoui.ma\/index.php\/produit\/mesoestetic-imperfection-control-2\/\"]}]},{\"@type\":\"ImageObject\",\"inLanguage\":\"fr-FR\",\"@id\":\"https:\/\/paracherkaoui.ma\/index.php\/produit\/mesoestetic-imperfection-control-2\/#primaryimage\",\"url\":\"https:\/\/paracherkaoui.ma\/wp-content\/uploads\/2025\/12\/mesoestetic-mesoestetic-imperfection-control-cremes-depigmentant.jpg\",\"contentUrl\":\"https:\/\/paracherkaoui.ma\/wp-content\/uploads\/2025\/12\/mesoestetic-mesoestetic-imperfection-control-cremes-depigmentant.jpg\",\"width\":700,\"height\":700},{\"@type\":\"BreadcrumbList\",\"@id\":\"https:\/\/paracherkaoui.ma\/index.php\/produit\/mesoestetic-imperfection-control-2\/#breadcrumb\",\"itemListElement\":[{\"@type\":\"ListItem\",\"position\":1,\"name\":\"Accueil\",\"item\":\"https:\/\/paracherkaoui.ma\/\"},{\"@type\":\"ListItem\",\"position\":2,\"name\":\"Boutique\",\"item\":\"https:\/\/paracherkaoui.ma\/index.php\/boutique\/\"},{\"@type\":\"ListItem\",\"position\":3,\"name\":\"MESOESTETIC IMPERFECTION CONTROL\"}]},{\"@type\":\"WebSite\",\"@id\":\"https:\/\/paracherkaoui.ma\/#website\",\"url\":\"https:\/\/paracherkaoui.ma\/\",\"name\":\"Paracherkaoui.ma\",\"description\":\"Achetez en ligne sur Paracherkaoui.ma\",\"potentialAction\":[{\"@type\":\"SearchAction\",\"target\":{\"@type\":\"EntryPoint\",\"urlTemplate\":\"https:\/\/paracherkaoui.ma\/?s={search_term_string}\"},\"query-input\":{\"@type\":\"PropertyValueSpecification\",\"valueRequired\":true,\"valueName\":\"search_term_string\"}}],\"inLanguage\":\"fr-FR\"}]}<\/script>\r\n<!-- \/ Yoast SEO plugin. -->","yoast_head_json":{"title":"MESOESTETIC IMPERFECTION CONTROL - Paracherkaoui.ma","robots":{"index":"index","follow":"follow","max-snippet":"max-snippet:-1","max-image-preview":"max-image-preview:large","max-video-preview":"max-video-preview:-1"},"canonical":"https:\/\/paracherkaoui.ma\/index.php\/produit\/mesoestetic-imperfection-control-2\/","og_locale":"fr_FR","og_type":"article","og_title":"MESOESTETIC IMPERFECTION CONTROL - Paracherkaoui.ma","og_description":"Description: Parall\u00e8lement, les actifs compl\u00e9mentaires pr\u00e9sents dans le m.acne complex\u2122 lui permettent d\u2019inverser rapidement et efficacement le processus de rub\u00e9faction","og_url":"https:\/\/paracherkaoui.ma\/index.php\/produit\/mesoestetic-imperfection-control-2\/","og_site_name":"Paracherkaoui.ma","article_modified_time":"2025-12-12T17:31:56+00:00","og_image":[{"width":700,"height":700,"url":"https:\/\/paracherkaoui.ma\/wp-content\/uploads\/2025\/12\/mesoestetic-mesoestetic-imperfection-control-cremes-depigmentant.jpg","type":"image\/jpeg"}],"twitter_card":"summary_large_image","twitter_misc":{"Dur\u00e9e de lecture estim\u00e9e":"1 minute"},"schema":{"@context":"https:\/\/schema.org","@graph":[{"@type":"WebPage","@id":"https:\/\/paracherkaoui.ma\/index.php\/produit\/mesoestetic-imperfection-control-2\/","url":"https:\/\/paracherkaoui.ma\/index.php\/produit\/mesoestetic-imperfection-control-2\/","name":"MESOESTETIC IMPERFECTION CONTROL - Paracherkaoui.ma","isPartOf":{"@id":"https:\/\/paracherkaoui.ma\/#website"},"primaryImageOfPage":{"@id":"https:\/\/paracherkaoui.ma\/index.php\/produit\/mesoestetic-imperfection-control-2\/#primaryimage"},"image":{"@id":"https:\/\/paracherkaoui.ma\/index.php\/produit\/mesoestetic-imperfection-control-2\/#primaryimage"},"thumbnailUrl":"https:\/\/paracherkaoui.ma\/wp-content\/uploads\/2025\/12\/mesoestetic-mesoestetic-imperfection-control-cremes-depigmentant.jpg","datePublished":"2025-12-12T17:31:53+00:00","dateModified":"2025-12-12T17:31:56+00:00","breadcrumb":{"@id":"https:\/\/paracherkaoui.ma\/index.php\/produit\/mesoestetic-imperfection-control-2\/#breadcrumb"},"inLanguage":"fr-FR","potentialAction":[{"@type":"ReadAction","target":["https:\/\/paracherkaoui.ma\/index.php\/produit\/mesoestetic-imperfection-control-2\/"]}]},{"@type":"ImageObject","inLanguage":"fr-FR","@id":"https:\/\/paracherkaoui.ma\/index.php\/produit\/mesoestetic-imperfection-control-2\/#primaryimage","url":"https:\/\/paracherkaoui.ma\/wp-content\/uploads\/2025\/12\/mesoestetic-mesoestetic-imperfection-control-cremes-depigmentant.jpg","contentUrl":"https:\/\/paracherkaoui.ma\/wp-content\/uploads\/2025\/12\/mesoestetic-mesoestetic-imperfection-control-cremes-depigmentant.jpg","width":700,"height":700},{"@type":"BreadcrumbList","@id":"https:\/\/paracherkaoui.ma\/index.php\/produit\/mesoestetic-imperfection-control-2\/#breadcrumb","itemListElement":[{"@type":"ListItem","position":1,"name":"Accueil","item":"https:\/\/paracherkaoui.ma\/"},{"@type":"ListItem","position":2,"name":"Boutique","item":"https:\/\/paracherkaoui.ma\/index.php\/boutique\/"},{"@type":"ListItem","position":3,"name":"MESOESTETIC IMPERFECTION CONTROL"}]},{"@type":"WebSite","@id":"https:\/\/paracherkaoui.ma\/#website","url":"https:\/\/paracherkaoui.ma\/","name":"Paracherkaoui.ma","description":"Achetez en ligne sur Paracherkaoui.ma","potentialAction":[{"@type":"SearchAction","target":{"@type":"EntryPoint","urlTemplate":"https:\/\/paracherkaoui.ma\/?s={search_term_string}"},"query-input":{"@type":"PropertyValueSpecification","valueRequired":true,"valueName":"search_term_string"}}],"inLanguage":"fr-FR"}]}},"_links":{"self":[{"href":"https:\/\/paracherkaoui.ma\/index.php\/wp-json\/wp\/v2\/product\/29907","targetHints":{"allow":["GET"]}}],"collection":[{"href":"https:\/\/paracherkaoui.ma\/index.php\/wp-json\/wp\/v2\/product"}],"about":[{"href":"https:\/\/paracherkaoui.ma\/index.php\/wp-json\/wp\/v2\/types\/product"}],"replies":[{"embeddable":true,"href":"https:\/\/paracherkaoui.ma\/index.php\/wp-json\/wp\/v2\/comments?post=29907"}],"version-history":[{"count":1,"href":"https:\/\/paracherkaoui.ma\/index.php\/wp-json\/wp\/v2\/product\/29907\/revisions"}],"predecessor-version":[{"id":29938,"href":"https:\/\/paracherkaoui.ma\/index.php\/wp-json\/wp\/v2\/product\/29907\/revisions\/29938"}],"wp:featuredmedia":[{"embeddable":true,"href":"https:\/\/paracherkaoui.ma\/index.php\/wp-json\/wp\/v2\/media\/25492"}],"wp:attachment":[{"href":"https:\/\/paracherkaoui.ma\/index.php\/wp-json\/wp\/v2\/media?parent=29907"}],"wp:term":[{"taxonomy":"product_brand","embeddable":true,"href":"https:\/\/paracherkaoui.ma\/index.php\/wp-json\/wp\/v2\/product_brand?post=29907"},{"taxonomy":"product_cat","embeddable":true,"href":"https:\/\/paracherkaoui.ma\/index.php\/wp-json\/wp\/v2\/product_cat?post=29907"},{"taxonomy":"product_tag","embeddable":true,"href":"https:\/\/paracherkaoui.ma\/index.php\/wp-json\/wp\/v2\/product_tag?post=29907"}],"curies":[{"name":"wp","href":"https:\/\/api.w.org\/{rel}","templated":true}]}}