{"id":29836,"date":"2025-12-12T18:31:46","date_gmt":"2025-12-12T17:31:46","guid":{"rendered":"https:\/\/test.ecbeaute.com\/?post_type=product&#038;p=29836"},"modified":"2025-12-12T18:31:48","modified_gmt":"2025-12-12T17:31:48","slug":"acm-boreade-sl-soin-lissant-40-ml-4","status":"publish","type":"product","link":"https:\/\/paracherkaoui.ma\/index.php\/produit\/acm-boreade-sl-soin-lissant-40-ml-4\/","title":{"rendered":"ACM BOREADE SL SOIN LISSANT 40 ML"},"content":{"rendered":"<p>Description:<br \/>\nCe soin lissant, \u00e0 la texture l\u00e9g\u00e8re et soyeuse, poss\u00e8de une double action anti-acn\u00e9ique et anti-\u00e2ge. Son complexe triple action S.M.A. resserre les pores dilat\u00e9s, diminue les points noirs et pr\u00e9vient l\u2019apparition des imperfections qui perdurent apr\u00e8s l\u2019adolescence.Le grain de peau est affin\u00e9 gr\u00e2ce aux AHA \u00e0 lib\u00e9ration prolong\u00e9e reconnus pour leur action exfoliante. Ce soin contient \u00e9galement une association d\u2019hydrolysat de maca, de vitamine E et de vitamine C qui lisse les rides, r\u00e9duit leur nombre, leur largeur et leur profondeur.<br \/>\nConseils d&rsquo;utilisation:<br \/>\nAppliquer matin et soir\u00a0sur le visage propre et sec. Peut-\u00eatre utilis\u00e9 seul ou en association \u00e0 des traitements anti-acn\u00e9iques. Peut servir de base de maquillage.<\/p>\n","protected":false},"excerpt":{"rendered":"<p>Description: Ce soin lissant, \u00e0 la texture l\u00e9g\u00e8re et soyeuse, poss\u00e8de une double action anti-acn\u00e9ique et anti-\u00e2ge. Son complexe triple<\/p>\n","protected":false},"featured_media":13823,"comment_status":"open","ping_status":"closed","template":"","meta":[],"product_brand":[142],"product_cat":[549],"product_tag":[],"class_list":{"0":"post-29836","1":"product","2":"type-product","3":"status-publish","4":"has-post-thumbnail","6":"product_brand-acm","7":"product_cat-cremes-depigmentantes","9":"first","10":"instock","11":"sale","12":"shipping-taxable","13":"purchasable","14":"product-type-simple"},"yoast_head":"<!-- This site is optimized with the Yoast SEO plugin v26.6 - https:\/\/yoast.com\/wordpress\/plugins\/seo\/ -->\r\n<title>ACM BOREADE SL SOIN LISSANT 40 ML - Paracherkaoui.ma<\/title>\r\n<meta name=\"robots\" content=\"index, follow, max-snippet:-1, max-image-preview:large, max-video-preview:-1\" \/>\r\n<link rel=\"canonical\" href=\"https:\/\/paracherkaoui.ma\/index.php\/produit\/acm-boreade-sl-soin-lissant-40-ml-4\/\" \/>\r\n<meta property=\"og:locale\" content=\"fr_FR\" \/>\r\n<meta property=\"og:type\" content=\"article\" \/>\r\n<meta property=\"og:title\" content=\"ACM BOREADE SL SOIN LISSANT 40 ML - Paracherkaoui.ma\" \/>\r\n<meta property=\"og:description\" content=\"Description: Ce soin lissant, \u00e0 la texture l\u00e9g\u00e8re et soyeuse, poss\u00e8de une double action anti-acn\u00e9ique et anti-\u00e2ge. Son complexe triple\" \/>\r\n<meta property=\"og:url\" content=\"https:\/\/paracherkaoui.ma\/index.php\/produit\/acm-boreade-sl-soin-lissant-40-ml-4\/\" \/>\r\n<meta property=\"og:site_name\" content=\"Paracherkaoui.ma\" \/>\r\n<meta property=\"article:modified_time\" content=\"2025-12-12T17:31:48+00:00\" \/>\r\n<meta property=\"og:image\" content=\"https:\/\/paracherkaoui.ma\/wp-content\/uploads\/2025\/12\/acm-acm-boreade-sl-soin-lissant-40-ml-cremes-depigmentantes.jpg\" \/>\r\n\t<meta property=\"og:image:width\" content=\"700\" \/>\r\n\t<meta property=\"og:image:height\" content=\"700\" \/>\r\n\t<meta property=\"og:image:type\" content=\"image\/jpeg\" \/>\r\n<meta name=\"twitter:card\" content=\"summary_large_image\" \/>\r\n<meta name=\"twitter:label1\" content=\"Dur\u00e9e de lecture estim\u00e9e\" \/>\n\t<meta name=\"twitter:data1\" content=\"1 minute\" \/>\r\n<script type=\"application\/ld+json\" class=\"yoast-schema-graph\">{\"@context\":\"https:\/\/schema.org\",\"@graph\":[{\"@type\":\"WebPage\",\"@id\":\"https:\/\/paracherkaoui.ma\/index.php\/produit\/acm-boreade-sl-soin-lissant-40-ml-4\/\",\"url\":\"https:\/\/paracherkaoui.ma\/index.php\/produit\/acm-boreade-sl-soin-lissant-40-ml-4\/\",\"name\":\"ACM BOREADE SL SOIN LISSANT 40 ML - Paracherkaoui.ma\",\"isPartOf\":{\"@id\":\"https:\/\/paracherkaoui.ma\/#website\"},\"primaryImageOfPage\":{\"@id\":\"https:\/\/paracherkaoui.ma\/index.php\/produit\/acm-boreade-sl-soin-lissant-40-ml-4\/#primaryimage\"},\"image\":{\"@id\":\"https:\/\/paracherkaoui.ma\/index.php\/produit\/acm-boreade-sl-soin-lissant-40-ml-4\/#primaryimage\"},\"thumbnailUrl\":\"https:\/\/paracherkaoui.ma\/wp-content\/uploads\/2025\/12\/acm-acm-boreade-sl-soin-lissant-40-ml-cremes-depigmentantes.jpg\",\"datePublished\":\"2025-12-12T17:31:46+00:00\",\"dateModified\":\"2025-12-12T17:31:48+00:00\",\"breadcrumb\":{\"@id\":\"https:\/\/paracherkaoui.ma\/index.php\/produit\/acm-boreade-sl-soin-lissant-40-ml-4\/#breadcrumb\"},\"inLanguage\":\"fr-FR\",\"potentialAction\":[{\"@type\":\"ReadAction\",\"target\":[\"https:\/\/paracherkaoui.ma\/index.php\/produit\/acm-boreade-sl-soin-lissant-40-ml-4\/\"]}]},{\"@type\":\"ImageObject\",\"inLanguage\":\"fr-FR\",\"@id\":\"https:\/\/paracherkaoui.ma\/index.php\/produit\/acm-boreade-sl-soin-lissant-40-ml-4\/#primaryimage\",\"url\":\"https:\/\/paracherkaoui.ma\/wp-content\/uploads\/2025\/12\/acm-acm-boreade-sl-soin-lissant-40-ml-cremes-depigmentantes.jpg\",\"contentUrl\":\"https:\/\/paracherkaoui.ma\/wp-content\/uploads\/2025\/12\/acm-acm-boreade-sl-soin-lissant-40-ml-cremes-depigmentantes.jpg\",\"width\":700,\"height\":700},{\"@type\":\"BreadcrumbList\",\"@id\":\"https:\/\/paracherkaoui.ma\/index.php\/produit\/acm-boreade-sl-soin-lissant-40-ml-4\/#breadcrumb\",\"itemListElement\":[{\"@type\":\"ListItem\",\"position\":1,\"name\":\"Accueil\",\"item\":\"https:\/\/paracherkaoui.ma\/\"},{\"@type\":\"ListItem\",\"position\":2,\"name\":\"Boutique\",\"item\":\"https:\/\/paracherkaoui.ma\/index.php\/boutique\/\"},{\"@type\":\"ListItem\",\"position\":3,\"name\":\"ACM BOREADE SL SOIN LISSANT 40 ML\"}]},{\"@type\":\"WebSite\",\"@id\":\"https:\/\/paracherkaoui.ma\/#website\",\"url\":\"https:\/\/paracherkaoui.ma\/\",\"name\":\"Paracherkaoui.ma\",\"description\":\"Achetez en ligne sur Paracherkaoui.ma\",\"potentialAction\":[{\"@type\":\"SearchAction\",\"target\":{\"@type\":\"EntryPoint\",\"urlTemplate\":\"https:\/\/paracherkaoui.ma\/?s={search_term_string}\"},\"query-input\":{\"@type\":\"PropertyValueSpecification\",\"valueRequired\":true,\"valueName\":\"search_term_string\"}}],\"inLanguage\":\"fr-FR\"}]}<\/script>\r\n<!-- \/ Yoast SEO plugin. -->","yoast_head_json":{"title":"ACM BOREADE SL SOIN LISSANT 40 ML - Paracherkaoui.ma","robots":{"index":"index","follow":"follow","max-snippet":"max-snippet:-1","max-image-preview":"max-image-preview:large","max-video-preview":"max-video-preview:-1"},"canonical":"https:\/\/paracherkaoui.ma\/index.php\/produit\/acm-boreade-sl-soin-lissant-40-ml-4\/","og_locale":"fr_FR","og_type":"article","og_title":"ACM BOREADE SL SOIN LISSANT 40 ML - Paracherkaoui.ma","og_description":"Description: Ce soin lissant, \u00e0 la texture l\u00e9g\u00e8re et soyeuse, poss\u00e8de une double action anti-acn\u00e9ique et anti-\u00e2ge. Son complexe triple","og_url":"https:\/\/paracherkaoui.ma\/index.php\/produit\/acm-boreade-sl-soin-lissant-40-ml-4\/","og_site_name":"Paracherkaoui.ma","article_modified_time":"2025-12-12T17:31:48+00:00","og_image":[{"width":700,"height":700,"url":"https:\/\/paracherkaoui.ma\/wp-content\/uploads\/2025\/12\/acm-acm-boreade-sl-soin-lissant-40-ml-cremes-depigmentantes.jpg","type":"image\/jpeg"}],"twitter_card":"summary_large_image","twitter_misc":{"Dur\u00e9e de lecture estim\u00e9e":"1 minute"},"schema":{"@context":"https:\/\/schema.org","@graph":[{"@type":"WebPage","@id":"https:\/\/paracherkaoui.ma\/index.php\/produit\/acm-boreade-sl-soin-lissant-40-ml-4\/","url":"https:\/\/paracherkaoui.ma\/index.php\/produit\/acm-boreade-sl-soin-lissant-40-ml-4\/","name":"ACM BOREADE SL SOIN LISSANT 40 ML - Paracherkaoui.ma","isPartOf":{"@id":"https:\/\/paracherkaoui.ma\/#website"},"primaryImageOfPage":{"@id":"https:\/\/paracherkaoui.ma\/index.php\/produit\/acm-boreade-sl-soin-lissant-40-ml-4\/#primaryimage"},"image":{"@id":"https:\/\/paracherkaoui.ma\/index.php\/produit\/acm-boreade-sl-soin-lissant-40-ml-4\/#primaryimage"},"thumbnailUrl":"https:\/\/paracherkaoui.ma\/wp-content\/uploads\/2025\/12\/acm-acm-boreade-sl-soin-lissant-40-ml-cremes-depigmentantes.jpg","datePublished":"2025-12-12T17:31:46+00:00","dateModified":"2025-12-12T17:31:48+00:00","breadcrumb":{"@id":"https:\/\/paracherkaoui.ma\/index.php\/produit\/acm-boreade-sl-soin-lissant-40-ml-4\/#breadcrumb"},"inLanguage":"fr-FR","potentialAction":[{"@type":"ReadAction","target":["https:\/\/paracherkaoui.ma\/index.php\/produit\/acm-boreade-sl-soin-lissant-40-ml-4\/"]}]},{"@type":"ImageObject","inLanguage":"fr-FR","@id":"https:\/\/paracherkaoui.ma\/index.php\/produit\/acm-boreade-sl-soin-lissant-40-ml-4\/#primaryimage","url":"https:\/\/paracherkaoui.ma\/wp-content\/uploads\/2025\/12\/acm-acm-boreade-sl-soin-lissant-40-ml-cremes-depigmentantes.jpg","contentUrl":"https:\/\/paracherkaoui.ma\/wp-content\/uploads\/2025\/12\/acm-acm-boreade-sl-soin-lissant-40-ml-cremes-depigmentantes.jpg","width":700,"height":700},{"@type":"BreadcrumbList","@id":"https:\/\/paracherkaoui.ma\/index.php\/produit\/acm-boreade-sl-soin-lissant-40-ml-4\/#breadcrumb","itemListElement":[{"@type":"ListItem","position":1,"name":"Accueil","item":"https:\/\/paracherkaoui.ma\/"},{"@type":"ListItem","position":2,"name":"Boutique","item":"https:\/\/paracherkaoui.ma\/index.php\/boutique\/"},{"@type":"ListItem","position":3,"name":"ACM BOREADE SL SOIN LISSANT 40 ML"}]},{"@type":"WebSite","@id":"https:\/\/paracherkaoui.ma\/#website","url":"https:\/\/paracherkaoui.ma\/","name":"Paracherkaoui.ma","description":"Achetez en ligne sur Paracherkaoui.ma","potentialAction":[{"@type":"SearchAction","target":{"@type":"EntryPoint","urlTemplate":"https:\/\/paracherkaoui.ma\/?s={search_term_string}"},"query-input":{"@type":"PropertyValueSpecification","valueRequired":true,"valueName":"search_term_string"}}],"inLanguage":"fr-FR"}]}},"_links":{"self":[{"href":"https:\/\/paracherkaoui.ma\/index.php\/wp-json\/wp\/v2\/product\/29836","targetHints":{"allow":["GET"]}}],"collection":[{"href":"https:\/\/paracherkaoui.ma\/index.php\/wp-json\/wp\/v2\/product"}],"about":[{"href":"https:\/\/paracherkaoui.ma\/index.php\/wp-json\/wp\/v2\/types\/product"}],"replies":[{"embeddable":true,"href":"https:\/\/paracherkaoui.ma\/index.php\/wp-json\/wp\/v2\/comments?post=29836"}],"version-history":[{"count":1,"href":"https:\/\/paracherkaoui.ma\/index.php\/wp-json\/wp\/v2\/product\/29836\/revisions"}],"predecessor-version":[{"id":29866,"href":"https:\/\/paracherkaoui.ma\/index.php\/wp-json\/wp\/v2\/product\/29836\/revisions\/29866"}],"wp:featuredmedia":[{"embeddable":true,"href":"https:\/\/paracherkaoui.ma\/index.php\/wp-json\/wp\/v2\/media\/13823"}],"wp:attachment":[{"href":"https:\/\/paracherkaoui.ma\/index.php\/wp-json\/wp\/v2\/media?parent=29836"}],"wp:term":[{"taxonomy":"product_brand","embeddable":true,"href":"https:\/\/paracherkaoui.ma\/index.php\/wp-json\/wp\/v2\/product_brand?post=29836"},{"taxonomy":"product_cat","embeddable":true,"href":"https:\/\/paracherkaoui.ma\/index.php\/wp-json\/wp\/v2\/product_cat?post=29836"},{"taxonomy":"product_tag","embeddable":true,"href":"https:\/\/paracherkaoui.ma\/index.php\/wp-json\/wp\/v2\/product_tag?post=29836"}],"curies":[{"name":"wp","href":"https:\/\/api.w.org\/{rel}","templated":true}]}}