{"id":29742,"date":"2025-12-12T18:31:22","date_gmt":"2025-12-12T17:31:22","guid":{"rendered":"https:\/\/test.ecbeaute.com\/?post_type=product&#038;p=29742"},"modified":"2025-12-12T18:31:24","modified_gmt":"2025-12-12T17:31:24","slug":"isispharma-geneskin-white-serum-eclaircissant-28-ml-3","status":"publish","type":"product","link":"https:\/\/paracherkaoui.ma\/index.php\/produit\/isispharma-geneskin-white-serum-eclaircissant-28-ml-3\/","title":{"rendered":"ISISPHARMA GENESKIN WHITE SERUM ECLAIRCISSANT 28 ML"},"content":{"rendered":"<p>Description:<br \/>\nGENESKIN White \u2013 S\u00e9rum \u00e9claircissant\u00a0agit simultan\u00e9ment sur l\u2019uniformit\u00e9 du teint et sur les taches pigmentaires gr\u00e2ce \u00e0 son action \u00e9claircissante.Les taches s\u2019estompent* et la peau retrouve son uniformit\u00e9.<br \/>\nUTILISATION<br \/>\nAppliquer trois gouttes de\u00a0GENESKIN White \u2013 S\u00e9rum \u00e9claircissant\u00a0matin et soir sur le visage et le cou avant la cr\u00e8me de soin. Ne pas s\u2019exposer au soleil directement apr\u00e8s application du produit. Utiliser une protection solaire la journ\u00e9e. \u00c9viter le contour des yeux.<\/p>\n","protected":false},"excerpt":{"rendered":"<p>Description: GENESKIN White \u2013 S\u00e9rum \u00e9claircissant\u00a0agit simultan\u00e9ment sur l\u2019uniformit\u00e9 du teint et sur les taches pigmentaires gr\u00e2ce \u00e0 son action<\/p>\n","protected":false},"featured_media":24957,"comment_status":"open","ping_status":"closed","template":"","meta":[],"product_brand":[321],"product_cat":[549],"product_tag":[],"class_list":{"0":"post-29742","1":"product","2":"type-product","3":"status-publish","4":"has-post-thumbnail","6":"product_brand-isispharma","7":"product_cat-cremes-depigmentantes","9":"first","10":"instock","11":"sale","12":"shipping-taxable","13":"purchasable","14":"product-type-simple"},"yoast_head":"<!-- This site is optimized with the Yoast SEO plugin v26.6 - https:\/\/yoast.com\/wordpress\/plugins\/seo\/ -->\r\n<title>ISISPHARMA GENESKIN WHITE SERUM ECLAIRCISSANT 28 ML - Paracherkaoui.ma<\/title>\r\n<meta name=\"robots\" content=\"index, follow, max-snippet:-1, max-image-preview:large, max-video-preview:-1\" \/>\r\n<link rel=\"canonical\" href=\"https:\/\/paracherkaoui.ma\/index.php\/produit\/isispharma-geneskin-white-serum-eclaircissant-28-ml-3\/\" \/>\r\n<meta property=\"og:locale\" content=\"fr_FR\" \/>\r\n<meta property=\"og:type\" content=\"article\" \/>\r\n<meta property=\"og:title\" content=\"ISISPHARMA GENESKIN WHITE SERUM ECLAIRCISSANT 28 ML - Paracherkaoui.ma\" \/>\r\n<meta property=\"og:description\" content=\"Description: GENESKIN White \u2013 S\u00e9rum \u00e9claircissant\u00a0agit simultan\u00e9ment sur l\u2019uniformit\u00e9 du teint et sur les taches pigmentaires gr\u00e2ce \u00e0 son action\" \/>\r\n<meta property=\"og:url\" content=\"https:\/\/paracherkaoui.ma\/index.php\/produit\/isispharma-geneskin-white-serum-eclaircissant-28-ml-3\/\" \/>\r\n<meta property=\"og:site_name\" content=\"Paracherkaoui.ma\" \/>\r\n<meta property=\"article:modified_time\" content=\"2025-12-12T17:31:24+00:00\" \/>\r\n<meta property=\"og:image\" content=\"https:\/\/paracherkaoui.ma\/wp-content\/uploads\/2025\/12\/isispharma-isispharma-geneskin-white-serum-eclaircissant-28-ml-cremes-depigmentantes.jpg\" \/>\r\n\t<meta property=\"og:image:width\" content=\"700\" \/>\r\n\t<meta property=\"og:image:height\" content=\"700\" \/>\r\n\t<meta property=\"og:image:type\" content=\"image\/jpeg\" \/>\r\n<meta name=\"twitter:card\" content=\"summary_large_image\" \/>\r\n<script type=\"application\/ld+json\" class=\"yoast-schema-graph\">{\"@context\":\"https:\/\/schema.org\",\"@graph\":[{\"@type\":\"WebPage\",\"@id\":\"https:\/\/paracherkaoui.ma\/index.php\/produit\/isispharma-geneskin-white-serum-eclaircissant-28-ml-3\/\",\"url\":\"https:\/\/paracherkaoui.ma\/index.php\/produit\/isispharma-geneskin-white-serum-eclaircissant-28-ml-3\/\",\"name\":\"ISISPHARMA GENESKIN WHITE SERUM ECLAIRCISSANT 28 ML - Paracherkaoui.ma\",\"isPartOf\":{\"@id\":\"https:\/\/paracherkaoui.ma\/#website\"},\"primaryImageOfPage\":{\"@id\":\"https:\/\/paracherkaoui.ma\/index.php\/produit\/isispharma-geneskin-white-serum-eclaircissant-28-ml-3\/#primaryimage\"},\"image\":{\"@id\":\"https:\/\/paracherkaoui.ma\/index.php\/produit\/isispharma-geneskin-white-serum-eclaircissant-28-ml-3\/#primaryimage\"},\"thumbnailUrl\":\"https:\/\/paracherkaoui.ma\/wp-content\/uploads\/2025\/12\/isispharma-isispharma-geneskin-white-serum-eclaircissant-28-ml-cremes-depigmentantes.jpg\",\"datePublished\":\"2025-12-12T17:31:22+00:00\",\"dateModified\":\"2025-12-12T17:31:24+00:00\",\"breadcrumb\":{\"@id\":\"https:\/\/paracherkaoui.ma\/index.php\/produit\/isispharma-geneskin-white-serum-eclaircissant-28-ml-3\/#breadcrumb\"},\"inLanguage\":\"fr-FR\",\"potentialAction\":[{\"@type\":\"ReadAction\",\"target\":[\"https:\/\/paracherkaoui.ma\/index.php\/produit\/isispharma-geneskin-white-serum-eclaircissant-28-ml-3\/\"]}]},{\"@type\":\"ImageObject\",\"inLanguage\":\"fr-FR\",\"@id\":\"https:\/\/paracherkaoui.ma\/index.php\/produit\/isispharma-geneskin-white-serum-eclaircissant-28-ml-3\/#primaryimage\",\"url\":\"https:\/\/paracherkaoui.ma\/wp-content\/uploads\/2025\/12\/isispharma-isispharma-geneskin-white-serum-eclaircissant-28-ml-cremes-depigmentantes.jpg\",\"contentUrl\":\"https:\/\/paracherkaoui.ma\/wp-content\/uploads\/2025\/12\/isispharma-isispharma-geneskin-white-serum-eclaircissant-28-ml-cremes-depigmentantes.jpg\",\"width\":700,\"height\":700},{\"@type\":\"BreadcrumbList\",\"@id\":\"https:\/\/paracherkaoui.ma\/index.php\/produit\/isispharma-geneskin-white-serum-eclaircissant-28-ml-3\/#breadcrumb\",\"itemListElement\":[{\"@type\":\"ListItem\",\"position\":1,\"name\":\"Accueil\",\"item\":\"https:\/\/paracherkaoui.ma\/\"},{\"@type\":\"ListItem\",\"position\":2,\"name\":\"Boutique\",\"item\":\"https:\/\/paracherkaoui.ma\/index.php\/boutique\/\"},{\"@type\":\"ListItem\",\"position\":3,\"name\":\"ISISPHARMA GENESKIN WHITE SERUM ECLAIRCISSANT 28 ML\"}]},{\"@type\":\"WebSite\",\"@id\":\"https:\/\/paracherkaoui.ma\/#website\",\"url\":\"https:\/\/paracherkaoui.ma\/\",\"name\":\"Paracherkaoui.ma\",\"description\":\"Achetez en ligne sur Paracherkaoui.ma\",\"potentialAction\":[{\"@type\":\"SearchAction\",\"target\":{\"@type\":\"EntryPoint\",\"urlTemplate\":\"https:\/\/paracherkaoui.ma\/?s={search_term_string}\"},\"query-input\":{\"@type\":\"PropertyValueSpecification\",\"valueRequired\":true,\"valueName\":\"search_term_string\"}}],\"inLanguage\":\"fr-FR\"}]}<\/script>\r\n<!-- \/ Yoast SEO plugin. -->","yoast_head_json":{"title":"ISISPHARMA GENESKIN WHITE SERUM ECLAIRCISSANT 28 ML - Paracherkaoui.ma","robots":{"index":"index","follow":"follow","max-snippet":"max-snippet:-1","max-image-preview":"max-image-preview:large","max-video-preview":"max-video-preview:-1"},"canonical":"https:\/\/paracherkaoui.ma\/index.php\/produit\/isispharma-geneskin-white-serum-eclaircissant-28-ml-3\/","og_locale":"fr_FR","og_type":"article","og_title":"ISISPHARMA GENESKIN WHITE SERUM ECLAIRCISSANT 28 ML - Paracherkaoui.ma","og_description":"Description: GENESKIN White \u2013 S\u00e9rum \u00e9claircissant\u00a0agit simultan\u00e9ment sur l\u2019uniformit\u00e9 du teint et sur les taches pigmentaires gr\u00e2ce \u00e0 son action","og_url":"https:\/\/paracherkaoui.ma\/index.php\/produit\/isispharma-geneskin-white-serum-eclaircissant-28-ml-3\/","og_site_name":"Paracherkaoui.ma","article_modified_time":"2025-12-12T17:31:24+00:00","og_image":[{"width":700,"height":700,"url":"https:\/\/paracherkaoui.ma\/wp-content\/uploads\/2025\/12\/isispharma-isispharma-geneskin-white-serum-eclaircissant-28-ml-cremes-depigmentantes.jpg","type":"image\/jpeg"}],"twitter_card":"summary_large_image","schema":{"@context":"https:\/\/schema.org","@graph":[{"@type":"WebPage","@id":"https:\/\/paracherkaoui.ma\/index.php\/produit\/isispharma-geneskin-white-serum-eclaircissant-28-ml-3\/","url":"https:\/\/paracherkaoui.ma\/index.php\/produit\/isispharma-geneskin-white-serum-eclaircissant-28-ml-3\/","name":"ISISPHARMA GENESKIN WHITE SERUM ECLAIRCISSANT 28 ML - Paracherkaoui.ma","isPartOf":{"@id":"https:\/\/paracherkaoui.ma\/#website"},"primaryImageOfPage":{"@id":"https:\/\/paracherkaoui.ma\/index.php\/produit\/isispharma-geneskin-white-serum-eclaircissant-28-ml-3\/#primaryimage"},"image":{"@id":"https:\/\/paracherkaoui.ma\/index.php\/produit\/isispharma-geneskin-white-serum-eclaircissant-28-ml-3\/#primaryimage"},"thumbnailUrl":"https:\/\/paracherkaoui.ma\/wp-content\/uploads\/2025\/12\/isispharma-isispharma-geneskin-white-serum-eclaircissant-28-ml-cremes-depigmentantes.jpg","datePublished":"2025-12-12T17:31:22+00:00","dateModified":"2025-12-12T17:31:24+00:00","breadcrumb":{"@id":"https:\/\/paracherkaoui.ma\/index.php\/produit\/isispharma-geneskin-white-serum-eclaircissant-28-ml-3\/#breadcrumb"},"inLanguage":"fr-FR","potentialAction":[{"@type":"ReadAction","target":["https:\/\/paracherkaoui.ma\/index.php\/produit\/isispharma-geneskin-white-serum-eclaircissant-28-ml-3\/"]}]},{"@type":"ImageObject","inLanguage":"fr-FR","@id":"https:\/\/paracherkaoui.ma\/index.php\/produit\/isispharma-geneskin-white-serum-eclaircissant-28-ml-3\/#primaryimage","url":"https:\/\/paracherkaoui.ma\/wp-content\/uploads\/2025\/12\/isispharma-isispharma-geneskin-white-serum-eclaircissant-28-ml-cremes-depigmentantes.jpg","contentUrl":"https:\/\/paracherkaoui.ma\/wp-content\/uploads\/2025\/12\/isispharma-isispharma-geneskin-white-serum-eclaircissant-28-ml-cremes-depigmentantes.jpg","width":700,"height":700},{"@type":"BreadcrumbList","@id":"https:\/\/paracherkaoui.ma\/index.php\/produit\/isispharma-geneskin-white-serum-eclaircissant-28-ml-3\/#breadcrumb","itemListElement":[{"@type":"ListItem","position":1,"name":"Accueil","item":"https:\/\/paracherkaoui.ma\/"},{"@type":"ListItem","position":2,"name":"Boutique","item":"https:\/\/paracherkaoui.ma\/index.php\/boutique\/"},{"@type":"ListItem","position":3,"name":"ISISPHARMA GENESKIN WHITE SERUM ECLAIRCISSANT 28 ML"}]},{"@type":"WebSite","@id":"https:\/\/paracherkaoui.ma\/#website","url":"https:\/\/paracherkaoui.ma\/","name":"Paracherkaoui.ma","description":"Achetez en ligne sur Paracherkaoui.ma","potentialAction":[{"@type":"SearchAction","target":{"@type":"EntryPoint","urlTemplate":"https:\/\/paracherkaoui.ma\/?s={search_term_string}"},"query-input":{"@type":"PropertyValueSpecification","valueRequired":true,"valueName":"search_term_string"}}],"inLanguage":"fr-FR"}]}},"_links":{"self":[{"href":"https:\/\/paracherkaoui.ma\/index.php\/wp-json\/wp\/v2\/product\/29742","targetHints":{"allow":["GET"]}}],"collection":[{"href":"https:\/\/paracherkaoui.ma\/index.php\/wp-json\/wp\/v2\/product"}],"about":[{"href":"https:\/\/paracherkaoui.ma\/index.php\/wp-json\/wp\/v2\/types\/product"}],"replies":[{"embeddable":true,"href":"https:\/\/paracherkaoui.ma\/index.php\/wp-json\/wp\/v2\/comments?post=29742"}],"version-history":[{"count":1,"href":"https:\/\/paracherkaoui.ma\/index.php\/wp-json\/wp\/v2\/product\/29742\/revisions"}],"predecessor-version":[{"id":29763,"href":"https:\/\/paracherkaoui.ma\/index.php\/wp-json\/wp\/v2\/product\/29742\/revisions\/29763"}],"wp:featuredmedia":[{"embeddable":true,"href":"https:\/\/paracherkaoui.ma\/index.php\/wp-json\/wp\/v2\/media\/24957"}],"wp:attachment":[{"href":"https:\/\/paracherkaoui.ma\/index.php\/wp-json\/wp\/v2\/media?parent=29742"}],"wp:term":[{"taxonomy":"product_brand","embeddable":true,"href":"https:\/\/paracherkaoui.ma\/index.php\/wp-json\/wp\/v2\/product_brand?post=29742"},{"taxonomy":"product_cat","embeddable":true,"href":"https:\/\/paracherkaoui.ma\/index.php\/wp-json\/wp\/v2\/product_cat?post=29742"},{"taxonomy":"product_tag","embeddable":true,"href":"https:\/\/paracherkaoui.ma\/index.php\/wp-json\/wp\/v2\/product_tag?post=29742"}],"curies":[{"name":"wp","href":"https:\/\/api.w.org\/{rel}","templated":true}]}}