{"id":29740,"date":"2025-12-12T18:31:22","date_gmt":"2025-12-12T17:31:22","guid":{"rendered":"https:\/\/test.ecbeaute.com\/?post_type=product&#038;p=29740"},"modified":"2025-12-12T18:31:23","modified_gmt":"2025-12-12T17:31:23","slug":"isispharma-neotone-aqua-solution-micellaire-demaquillante-eclat-250-ml-4","status":"publish","type":"product","link":"https:\/\/paracherkaoui.ma\/index.php\/produit\/isispharma-neotone-aqua-solution-micellaire-demaquillante-eclat-250-ml-4\/","title":{"rendered":"ISISPHARMA NEOTONE AQUA SOLUTION MICELLAIRE DEMAQUILLANTE ECLAT 250 ML"},"content":{"rendered":"<p>Description:<br \/>\nSp\u00e9cialement d\u00e9velopp\u00e9 pour les peaux sensibles sujettes aux taches pigmentaires,\u00a0NEOTONE\u00a0Aqua\u00a0nettoie et d\u00e9maquille en douceur le visage et les yeux. Gr\u00e2ce \u00e0 ses actifs \u00e9claircissants, cette eau micellaire aide \u00e0 r\u00e9duire l\u2019intensit\u00e9 des taches et unifie le teint, pour une peau \u00e9clatante et nette. Convient aux femmes enceintes.<br \/>\nUTILISATION<br \/>\nAppliquer quotidiennement matin et soir, \u00e0 l\u2019aide d\u2019un coton sur l\u2019ensemble du visage et du cou. Sans rin\u00e7age. TEST\u00c9 SOUS CONTR\u00d4LE DERMATOLOGIQUE<\/p>\n","protected":false},"excerpt":{"rendered":"<p>Description: Sp\u00e9cialement d\u00e9velopp\u00e9 pour les peaux sensibles sujettes aux taches pigmentaires,\u00a0NEOTONE\u00a0Aqua\u00a0nettoie et d\u00e9maquille en douceur le visage et les yeux.<\/p>\n","protected":false},"featured_media":20314,"comment_status":"open","ping_status":"closed","template":"","meta":[],"product_brand":[321],"product_cat":[549],"product_tag":[],"class_list":{"0":"post-29740","1":"product","2":"type-product","3":"status-publish","4":"has-post-thumbnail","6":"product_brand-isispharma","7":"product_cat-cremes-depigmentantes","9":"first","10":"instock","11":"sale","12":"shipping-taxable","13":"purchasable","14":"product-type-simple"},"yoast_head":"<!-- This site is optimized with the Yoast SEO plugin v26.6 - https:\/\/yoast.com\/wordpress\/plugins\/seo\/ -->\r\n<title>ISISPHARMA NEOTONE AQUA SOLUTION MICELLAIRE DEMAQUILLANTE ECLAT 250 ML - Paracherkaoui.ma<\/title>\r\n<meta name=\"robots\" content=\"index, follow, max-snippet:-1, max-image-preview:large, max-video-preview:-1\" \/>\r\n<link rel=\"canonical\" href=\"https:\/\/paracherkaoui.ma\/index.php\/produit\/isispharma-neotone-aqua-solution-micellaire-demaquillante-eclat-250-ml-4\/\" \/>\r\n<meta property=\"og:locale\" content=\"fr_FR\" \/>\r\n<meta property=\"og:type\" content=\"article\" \/>\r\n<meta property=\"og:title\" content=\"ISISPHARMA NEOTONE AQUA SOLUTION MICELLAIRE DEMAQUILLANTE ECLAT 250 ML - Paracherkaoui.ma\" \/>\r\n<meta property=\"og:description\" content=\"Description: Sp\u00e9cialement d\u00e9velopp\u00e9 pour les peaux sensibles sujettes aux taches pigmentaires,\u00a0NEOTONE\u00a0Aqua\u00a0nettoie et d\u00e9maquille en douceur le visage et les yeux.\" \/>\r\n<meta property=\"og:url\" content=\"https:\/\/paracherkaoui.ma\/index.php\/produit\/isispharma-neotone-aqua-solution-micellaire-demaquillante-eclat-250-ml-4\/\" \/>\r\n<meta property=\"og:site_name\" content=\"Paracherkaoui.ma\" \/>\r\n<meta property=\"article:modified_time\" content=\"2025-12-12T17:31:23+00:00\" \/>\r\n<meta property=\"og:image\" content=\"https:\/\/paracherkaoui.ma\/wp-content\/uploads\/2025\/12\/isispharma-isispharma-neotone-aqua-solution-micellaire-demaquillante-eclat-250-ml-cremes-depigmentantes.jpg\" \/>\r\n\t<meta property=\"og:image:width\" content=\"700\" \/>\r\n\t<meta property=\"og:image:height\" content=\"700\" \/>\r\n\t<meta property=\"og:image:type\" content=\"image\/jpeg\" \/>\r\n<meta name=\"twitter:card\" content=\"summary_large_image\" \/>\r\n<script type=\"application\/ld+json\" class=\"yoast-schema-graph\">{\"@context\":\"https:\/\/schema.org\",\"@graph\":[{\"@type\":\"WebPage\",\"@id\":\"https:\/\/paracherkaoui.ma\/index.php\/produit\/isispharma-neotone-aqua-solution-micellaire-demaquillante-eclat-250-ml-4\/\",\"url\":\"https:\/\/paracherkaoui.ma\/index.php\/produit\/isispharma-neotone-aqua-solution-micellaire-demaquillante-eclat-250-ml-4\/\",\"name\":\"ISISPHARMA NEOTONE AQUA SOLUTION MICELLAIRE DEMAQUILLANTE ECLAT 250 ML - Paracherkaoui.ma\",\"isPartOf\":{\"@id\":\"https:\/\/paracherkaoui.ma\/#website\"},\"primaryImageOfPage\":{\"@id\":\"https:\/\/paracherkaoui.ma\/index.php\/produit\/isispharma-neotone-aqua-solution-micellaire-demaquillante-eclat-250-ml-4\/#primaryimage\"},\"image\":{\"@id\":\"https:\/\/paracherkaoui.ma\/index.php\/produit\/isispharma-neotone-aqua-solution-micellaire-demaquillante-eclat-250-ml-4\/#primaryimage\"},\"thumbnailUrl\":\"https:\/\/paracherkaoui.ma\/wp-content\/uploads\/2025\/12\/isispharma-isispharma-neotone-aqua-solution-micellaire-demaquillante-eclat-250-ml-cremes-depigmentantes.jpg\",\"datePublished\":\"2025-12-12T17:31:22+00:00\",\"dateModified\":\"2025-12-12T17:31:23+00:00\",\"breadcrumb\":{\"@id\":\"https:\/\/paracherkaoui.ma\/index.php\/produit\/isispharma-neotone-aqua-solution-micellaire-demaquillante-eclat-250-ml-4\/#breadcrumb\"},\"inLanguage\":\"fr-FR\",\"potentialAction\":[{\"@type\":\"ReadAction\",\"target\":[\"https:\/\/paracherkaoui.ma\/index.php\/produit\/isispharma-neotone-aqua-solution-micellaire-demaquillante-eclat-250-ml-4\/\"]}]},{\"@type\":\"ImageObject\",\"inLanguage\":\"fr-FR\",\"@id\":\"https:\/\/paracherkaoui.ma\/index.php\/produit\/isispharma-neotone-aqua-solution-micellaire-demaquillante-eclat-250-ml-4\/#primaryimage\",\"url\":\"https:\/\/paracherkaoui.ma\/wp-content\/uploads\/2025\/12\/isispharma-isispharma-neotone-aqua-solution-micellaire-demaquillante-eclat-250-ml-cremes-depigmentantes.jpg\",\"contentUrl\":\"https:\/\/paracherkaoui.ma\/wp-content\/uploads\/2025\/12\/isispharma-isispharma-neotone-aqua-solution-micellaire-demaquillante-eclat-250-ml-cremes-depigmentantes.jpg\",\"width\":700,\"height\":700},{\"@type\":\"BreadcrumbList\",\"@id\":\"https:\/\/paracherkaoui.ma\/index.php\/produit\/isispharma-neotone-aqua-solution-micellaire-demaquillante-eclat-250-ml-4\/#breadcrumb\",\"itemListElement\":[{\"@type\":\"ListItem\",\"position\":1,\"name\":\"Accueil\",\"item\":\"https:\/\/paracherkaoui.ma\/\"},{\"@type\":\"ListItem\",\"position\":2,\"name\":\"Boutique\",\"item\":\"https:\/\/paracherkaoui.ma\/index.php\/boutique\/\"},{\"@type\":\"ListItem\",\"position\":3,\"name\":\"ISISPHARMA NEOTONE AQUA SOLUTION MICELLAIRE DEMAQUILLANTE ECLAT 250 ML\"}]},{\"@type\":\"WebSite\",\"@id\":\"https:\/\/paracherkaoui.ma\/#website\",\"url\":\"https:\/\/paracherkaoui.ma\/\",\"name\":\"Paracherkaoui.ma\",\"description\":\"Achetez en ligne sur Paracherkaoui.ma\",\"potentialAction\":[{\"@type\":\"SearchAction\",\"target\":{\"@type\":\"EntryPoint\",\"urlTemplate\":\"https:\/\/paracherkaoui.ma\/?s={search_term_string}\"},\"query-input\":{\"@type\":\"PropertyValueSpecification\",\"valueRequired\":true,\"valueName\":\"search_term_string\"}}],\"inLanguage\":\"fr-FR\"}]}<\/script>\r\n<!-- \/ Yoast SEO plugin. -->","yoast_head_json":{"title":"ISISPHARMA NEOTONE AQUA SOLUTION MICELLAIRE DEMAQUILLANTE ECLAT 250 ML - Paracherkaoui.ma","robots":{"index":"index","follow":"follow","max-snippet":"max-snippet:-1","max-image-preview":"max-image-preview:large","max-video-preview":"max-video-preview:-1"},"canonical":"https:\/\/paracherkaoui.ma\/index.php\/produit\/isispharma-neotone-aqua-solution-micellaire-demaquillante-eclat-250-ml-4\/","og_locale":"fr_FR","og_type":"article","og_title":"ISISPHARMA NEOTONE AQUA SOLUTION MICELLAIRE DEMAQUILLANTE ECLAT 250 ML - Paracherkaoui.ma","og_description":"Description: Sp\u00e9cialement d\u00e9velopp\u00e9 pour les peaux sensibles sujettes aux taches pigmentaires,\u00a0NEOTONE\u00a0Aqua\u00a0nettoie et d\u00e9maquille en douceur le visage et les yeux.","og_url":"https:\/\/paracherkaoui.ma\/index.php\/produit\/isispharma-neotone-aqua-solution-micellaire-demaquillante-eclat-250-ml-4\/","og_site_name":"Paracherkaoui.ma","article_modified_time":"2025-12-12T17:31:23+00:00","og_image":[{"width":700,"height":700,"url":"https:\/\/paracherkaoui.ma\/wp-content\/uploads\/2025\/12\/isispharma-isispharma-neotone-aqua-solution-micellaire-demaquillante-eclat-250-ml-cremes-depigmentantes.jpg","type":"image\/jpeg"}],"twitter_card":"summary_large_image","schema":{"@context":"https:\/\/schema.org","@graph":[{"@type":"WebPage","@id":"https:\/\/paracherkaoui.ma\/index.php\/produit\/isispharma-neotone-aqua-solution-micellaire-demaquillante-eclat-250-ml-4\/","url":"https:\/\/paracherkaoui.ma\/index.php\/produit\/isispharma-neotone-aqua-solution-micellaire-demaquillante-eclat-250-ml-4\/","name":"ISISPHARMA NEOTONE AQUA SOLUTION MICELLAIRE DEMAQUILLANTE ECLAT 250 ML - Paracherkaoui.ma","isPartOf":{"@id":"https:\/\/paracherkaoui.ma\/#website"},"primaryImageOfPage":{"@id":"https:\/\/paracherkaoui.ma\/index.php\/produit\/isispharma-neotone-aqua-solution-micellaire-demaquillante-eclat-250-ml-4\/#primaryimage"},"image":{"@id":"https:\/\/paracherkaoui.ma\/index.php\/produit\/isispharma-neotone-aqua-solution-micellaire-demaquillante-eclat-250-ml-4\/#primaryimage"},"thumbnailUrl":"https:\/\/paracherkaoui.ma\/wp-content\/uploads\/2025\/12\/isispharma-isispharma-neotone-aqua-solution-micellaire-demaquillante-eclat-250-ml-cremes-depigmentantes.jpg","datePublished":"2025-12-12T17:31:22+00:00","dateModified":"2025-12-12T17:31:23+00:00","breadcrumb":{"@id":"https:\/\/paracherkaoui.ma\/index.php\/produit\/isispharma-neotone-aqua-solution-micellaire-demaquillante-eclat-250-ml-4\/#breadcrumb"},"inLanguage":"fr-FR","potentialAction":[{"@type":"ReadAction","target":["https:\/\/paracherkaoui.ma\/index.php\/produit\/isispharma-neotone-aqua-solution-micellaire-demaquillante-eclat-250-ml-4\/"]}]},{"@type":"ImageObject","inLanguage":"fr-FR","@id":"https:\/\/paracherkaoui.ma\/index.php\/produit\/isispharma-neotone-aqua-solution-micellaire-demaquillante-eclat-250-ml-4\/#primaryimage","url":"https:\/\/paracherkaoui.ma\/wp-content\/uploads\/2025\/12\/isispharma-isispharma-neotone-aqua-solution-micellaire-demaquillante-eclat-250-ml-cremes-depigmentantes.jpg","contentUrl":"https:\/\/paracherkaoui.ma\/wp-content\/uploads\/2025\/12\/isispharma-isispharma-neotone-aqua-solution-micellaire-demaquillante-eclat-250-ml-cremes-depigmentantes.jpg","width":700,"height":700},{"@type":"BreadcrumbList","@id":"https:\/\/paracherkaoui.ma\/index.php\/produit\/isispharma-neotone-aqua-solution-micellaire-demaquillante-eclat-250-ml-4\/#breadcrumb","itemListElement":[{"@type":"ListItem","position":1,"name":"Accueil","item":"https:\/\/paracherkaoui.ma\/"},{"@type":"ListItem","position":2,"name":"Boutique","item":"https:\/\/paracherkaoui.ma\/index.php\/boutique\/"},{"@type":"ListItem","position":3,"name":"ISISPHARMA NEOTONE AQUA SOLUTION MICELLAIRE DEMAQUILLANTE ECLAT 250 ML"}]},{"@type":"WebSite","@id":"https:\/\/paracherkaoui.ma\/#website","url":"https:\/\/paracherkaoui.ma\/","name":"Paracherkaoui.ma","description":"Achetez en ligne sur Paracherkaoui.ma","potentialAction":[{"@type":"SearchAction","target":{"@type":"EntryPoint","urlTemplate":"https:\/\/paracherkaoui.ma\/?s={search_term_string}"},"query-input":{"@type":"PropertyValueSpecification","valueRequired":true,"valueName":"search_term_string"}}],"inLanguage":"fr-FR"}]}},"_links":{"self":[{"href":"https:\/\/paracherkaoui.ma\/index.php\/wp-json\/wp\/v2\/product\/29740","targetHints":{"allow":["GET"]}}],"collection":[{"href":"https:\/\/paracherkaoui.ma\/index.php\/wp-json\/wp\/v2\/product"}],"about":[{"href":"https:\/\/paracherkaoui.ma\/index.php\/wp-json\/wp\/v2\/types\/product"}],"replies":[{"embeddable":true,"href":"https:\/\/paracherkaoui.ma\/index.php\/wp-json\/wp\/v2\/comments?post=29740"}],"version-history":[{"count":1,"href":"https:\/\/paracherkaoui.ma\/index.php\/wp-json\/wp\/v2\/product\/29740\/revisions"}],"predecessor-version":[{"id":29761,"href":"https:\/\/paracherkaoui.ma\/index.php\/wp-json\/wp\/v2\/product\/29740\/revisions\/29761"}],"wp:featuredmedia":[{"embeddable":true,"href":"https:\/\/paracherkaoui.ma\/index.php\/wp-json\/wp\/v2\/media\/20314"}],"wp:attachment":[{"href":"https:\/\/paracherkaoui.ma\/index.php\/wp-json\/wp\/v2\/media?parent=29740"}],"wp:term":[{"taxonomy":"product_brand","embeddable":true,"href":"https:\/\/paracherkaoui.ma\/index.php\/wp-json\/wp\/v2\/product_brand?post=29740"},{"taxonomy":"product_cat","embeddable":true,"href":"https:\/\/paracherkaoui.ma\/index.php\/wp-json\/wp\/v2\/product_cat?post=29740"},{"taxonomy":"product_tag","embeddable":true,"href":"https:\/\/paracherkaoui.ma\/index.php\/wp-json\/wp\/v2\/product_tag?post=29740"}],"curies":[{"name":"wp","href":"https:\/\/api.w.org\/{rel}","templated":true}]}}