{"id":29733,"date":"2025-12-12T18:31:21","date_gmt":"2025-12-12T17:31:21","guid":{"rendered":"https:\/\/test.ecbeaute.com\/?post_type=product&#038;p=29733"},"modified":"2025-12-12T18:31:23","modified_gmt":"2025-12-12T17:31:23","slug":"floxia-savon-dermocosmetic-exfoliant-3","status":"publish","type":"product","link":"https:\/\/paracherkaoui.ma\/index.php\/produit\/floxia-savon-dermocosmetic-exfoliant-3\/","title":{"rendered":"FLOXIA SAVON DERMOCOSMETIC EXFOLIANT"},"content":{"rendered":"<p>Le Savon Exfoliant est un produit essentiel pour la beaut\u00e9 de la peau. Il offre une\u00a0quadruple action\u00a0tr\u00e8s efficace pour soulager tous les probl\u00e8mes de peau :<br \/>\nIl nettoie la peau du visage, des mains et du corps en douceur<br \/>\nIl a un effet peeling l\u00e9ger, indispensable pour activer la r\u00e9g\u00e9n\u00e9ration cellulaire (et faire peau neuve)<br \/>\nIl revitalise et illumine les teints ternes<br \/>\nIl unifie la peau et efface les taches pigmentaires brunes ou rouges<br \/>\nGr\u00e2ce \u00e0 son pouvoir\u00a0d\u00e9sincrustant\u00a0et\u00a0purifiant,\u00a0le savon exfoliant \u00e9limine les cellules mortes qui s\u2019accumulent sur la surface de la peau. Celles-ci bouchent les pores et emp\u00eachent le renouvellement cellulaire. Un nettoyage quotidien avec le Savon Exfoliant lib\u00e8re les pores et aide la peau \u00e0 retrouver un cycle naturel, favorable pour un teint lumineux et sans d\u00e9faut.<br \/>\nOptez pour une\u00a0peau lib\u00e9r\u00e9e\u00a0et qui respire avec le Savon Exfoliant ! Un\u00a0gommage d\u00e9licat\u00a0et efficace en un seul nettoyage\u2026 C\u2019est possible, et \u00e7a fait du bien \u00e0 votre peau !<\/p>\n","protected":false},"excerpt":{"rendered":"<p>Le Savon Exfoliant est un produit essentiel pour la beaut\u00e9 de la peau. Il offre une\u00a0quadruple action\u00a0tr\u00e8s efficace pour soulager<\/p>\n","protected":false},"featured_media":24963,"comment_status":"open","ping_status":"closed","template":"","meta":[],"product_brand":[300],"product_cat":[549],"product_tag":[],"class_list":{"0":"post-29733","1":"product","2":"type-product","3":"status-publish","4":"has-post-thumbnail","6":"product_brand-floxia","7":"product_cat-cremes-depigmentantes","9":"first","10":"instock","11":"sale","12":"shipping-taxable","13":"purchasable","14":"product-type-simple"},"yoast_head":"<!-- This site is optimized with the Yoast SEO plugin v26.6 - https:\/\/yoast.com\/wordpress\/plugins\/seo\/ -->\r\n<title>FLOXIA SAVON DERMOCOSMETIC EXFOLIANT - Paracherkaoui.ma<\/title>\r\n<meta name=\"robots\" content=\"index, follow, max-snippet:-1, max-image-preview:large, max-video-preview:-1\" \/>\r\n<link rel=\"canonical\" href=\"https:\/\/paracherkaoui.ma\/index.php\/produit\/floxia-savon-dermocosmetic-exfoliant-3\/\" \/>\r\n<meta property=\"og:locale\" content=\"fr_FR\" \/>\r\n<meta property=\"og:type\" content=\"article\" \/>\r\n<meta property=\"og:title\" content=\"FLOXIA SAVON DERMOCOSMETIC EXFOLIANT - Paracherkaoui.ma\" \/>\r\n<meta property=\"og:description\" content=\"Le Savon Exfoliant est un produit essentiel pour la beaut\u00e9 de la peau. Il offre une\u00a0quadruple action\u00a0tr\u00e8s efficace pour soulager\" \/>\r\n<meta property=\"og:url\" content=\"https:\/\/paracherkaoui.ma\/index.php\/produit\/floxia-savon-dermocosmetic-exfoliant-3\/\" \/>\r\n<meta property=\"og:site_name\" content=\"Paracherkaoui.ma\" \/>\r\n<meta property=\"article:modified_time\" content=\"2025-12-12T17:31:23+00:00\" \/>\r\n<meta property=\"og:image\" content=\"https:\/\/paracherkaoui.ma\/wp-content\/uploads\/2025\/12\/floxia-floxia-savon-dermocosmetic-exfoliant-cremes-depigmentantes.jpg\" \/>\r\n\t<meta property=\"og:image:width\" content=\"700\" \/>\r\n\t<meta property=\"og:image:height\" content=\"700\" \/>\r\n\t<meta property=\"og:image:type\" content=\"image\/jpeg\" \/>\r\n<meta name=\"twitter:card\" content=\"summary_large_image\" \/>\r\n<meta name=\"twitter:label1\" content=\"Dur\u00e9e de lecture estim\u00e9e\" \/>\n\t<meta name=\"twitter:data1\" content=\"1 minute\" \/>\r\n<script type=\"application\/ld+json\" class=\"yoast-schema-graph\">{\"@context\":\"https:\/\/schema.org\",\"@graph\":[{\"@type\":\"WebPage\",\"@id\":\"https:\/\/paracherkaoui.ma\/index.php\/produit\/floxia-savon-dermocosmetic-exfoliant-3\/\",\"url\":\"https:\/\/paracherkaoui.ma\/index.php\/produit\/floxia-savon-dermocosmetic-exfoliant-3\/\",\"name\":\"FLOXIA SAVON DERMOCOSMETIC EXFOLIANT - Paracherkaoui.ma\",\"isPartOf\":{\"@id\":\"https:\/\/paracherkaoui.ma\/#website\"},\"primaryImageOfPage\":{\"@id\":\"https:\/\/paracherkaoui.ma\/index.php\/produit\/floxia-savon-dermocosmetic-exfoliant-3\/#primaryimage\"},\"image\":{\"@id\":\"https:\/\/paracherkaoui.ma\/index.php\/produit\/floxia-savon-dermocosmetic-exfoliant-3\/#primaryimage\"},\"thumbnailUrl\":\"https:\/\/paracherkaoui.ma\/wp-content\/uploads\/2025\/12\/floxia-floxia-savon-dermocosmetic-exfoliant-cremes-depigmentantes.jpg\",\"datePublished\":\"2025-12-12T17:31:21+00:00\",\"dateModified\":\"2025-12-12T17:31:23+00:00\",\"breadcrumb\":{\"@id\":\"https:\/\/paracherkaoui.ma\/index.php\/produit\/floxia-savon-dermocosmetic-exfoliant-3\/#breadcrumb\"},\"inLanguage\":\"fr-FR\",\"potentialAction\":[{\"@type\":\"ReadAction\",\"target\":[\"https:\/\/paracherkaoui.ma\/index.php\/produit\/floxia-savon-dermocosmetic-exfoliant-3\/\"]}]},{\"@type\":\"ImageObject\",\"inLanguage\":\"fr-FR\",\"@id\":\"https:\/\/paracherkaoui.ma\/index.php\/produit\/floxia-savon-dermocosmetic-exfoliant-3\/#primaryimage\",\"url\":\"https:\/\/paracherkaoui.ma\/wp-content\/uploads\/2025\/12\/floxia-floxia-savon-dermocosmetic-exfoliant-cremes-depigmentantes.jpg\",\"contentUrl\":\"https:\/\/paracherkaoui.ma\/wp-content\/uploads\/2025\/12\/floxia-floxia-savon-dermocosmetic-exfoliant-cremes-depigmentantes.jpg\",\"width\":700,\"height\":700},{\"@type\":\"BreadcrumbList\",\"@id\":\"https:\/\/paracherkaoui.ma\/index.php\/produit\/floxia-savon-dermocosmetic-exfoliant-3\/#breadcrumb\",\"itemListElement\":[{\"@type\":\"ListItem\",\"position\":1,\"name\":\"Accueil\",\"item\":\"https:\/\/paracherkaoui.ma\/\"},{\"@type\":\"ListItem\",\"position\":2,\"name\":\"Boutique\",\"item\":\"https:\/\/paracherkaoui.ma\/index.php\/boutique\/\"},{\"@type\":\"ListItem\",\"position\":3,\"name\":\"FLOXIA SAVON DERMOCOSMETIC EXFOLIANT\"}]},{\"@type\":\"WebSite\",\"@id\":\"https:\/\/paracherkaoui.ma\/#website\",\"url\":\"https:\/\/paracherkaoui.ma\/\",\"name\":\"Paracherkaoui.ma\",\"description\":\"Achetez en ligne sur Paracherkaoui.ma\",\"potentialAction\":[{\"@type\":\"SearchAction\",\"target\":{\"@type\":\"EntryPoint\",\"urlTemplate\":\"https:\/\/paracherkaoui.ma\/?s={search_term_string}\"},\"query-input\":{\"@type\":\"PropertyValueSpecification\",\"valueRequired\":true,\"valueName\":\"search_term_string\"}}],\"inLanguage\":\"fr-FR\"}]}<\/script>\r\n<!-- \/ Yoast SEO plugin. -->","yoast_head_json":{"title":"FLOXIA SAVON DERMOCOSMETIC EXFOLIANT - Paracherkaoui.ma","robots":{"index":"index","follow":"follow","max-snippet":"max-snippet:-1","max-image-preview":"max-image-preview:large","max-video-preview":"max-video-preview:-1"},"canonical":"https:\/\/paracherkaoui.ma\/index.php\/produit\/floxia-savon-dermocosmetic-exfoliant-3\/","og_locale":"fr_FR","og_type":"article","og_title":"FLOXIA SAVON DERMOCOSMETIC EXFOLIANT - Paracherkaoui.ma","og_description":"Le Savon Exfoliant est un produit essentiel pour la beaut\u00e9 de la peau. Il offre une\u00a0quadruple action\u00a0tr\u00e8s efficace pour soulager","og_url":"https:\/\/paracherkaoui.ma\/index.php\/produit\/floxia-savon-dermocosmetic-exfoliant-3\/","og_site_name":"Paracherkaoui.ma","article_modified_time":"2025-12-12T17:31:23+00:00","og_image":[{"width":700,"height":700,"url":"https:\/\/paracherkaoui.ma\/wp-content\/uploads\/2025\/12\/floxia-floxia-savon-dermocosmetic-exfoliant-cremes-depigmentantes.jpg","type":"image\/jpeg"}],"twitter_card":"summary_large_image","twitter_misc":{"Dur\u00e9e de lecture estim\u00e9e":"1 minute"},"schema":{"@context":"https:\/\/schema.org","@graph":[{"@type":"WebPage","@id":"https:\/\/paracherkaoui.ma\/index.php\/produit\/floxia-savon-dermocosmetic-exfoliant-3\/","url":"https:\/\/paracherkaoui.ma\/index.php\/produit\/floxia-savon-dermocosmetic-exfoliant-3\/","name":"FLOXIA SAVON DERMOCOSMETIC EXFOLIANT - Paracherkaoui.ma","isPartOf":{"@id":"https:\/\/paracherkaoui.ma\/#website"},"primaryImageOfPage":{"@id":"https:\/\/paracherkaoui.ma\/index.php\/produit\/floxia-savon-dermocosmetic-exfoliant-3\/#primaryimage"},"image":{"@id":"https:\/\/paracherkaoui.ma\/index.php\/produit\/floxia-savon-dermocosmetic-exfoliant-3\/#primaryimage"},"thumbnailUrl":"https:\/\/paracherkaoui.ma\/wp-content\/uploads\/2025\/12\/floxia-floxia-savon-dermocosmetic-exfoliant-cremes-depigmentantes.jpg","datePublished":"2025-12-12T17:31:21+00:00","dateModified":"2025-12-12T17:31:23+00:00","breadcrumb":{"@id":"https:\/\/paracherkaoui.ma\/index.php\/produit\/floxia-savon-dermocosmetic-exfoliant-3\/#breadcrumb"},"inLanguage":"fr-FR","potentialAction":[{"@type":"ReadAction","target":["https:\/\/paracherkaoui.ma\/index.php\/produit\/floxia-savon-dermocosmetic-exfoliant-3\/"]}]},{"@type":"ImageObject","inLanguage":"fr-FR","@id":"https:\/\/paracherkaoui.ma\/index.php\/produit\/floxia-savon-dermocosmetic-exfoliant-3\/#primaryimage","url":"https:\/\/paracherkaoui.ma\/wp-content\/uploads\/2025\/12\/floxia-floxia-savon-dermocosmetic-exfoliant-cremes-depigmentantes.jpg","contentUrl":"https:\/\/paracherkaoui.ma\/wp-content\/uploads\/2025\/12\/floxia-floxia-savon-dermocosmetic-exfoliant-cremes-depigmentantes.jpg","width":700,"height":700},{"@type":"BreadcrumbList","@id":"https:\/\/paracherkaoui.ma\/index.php\/produit\/floxia-savon-dermocosmetic-exfoliant-3\/#breadcrumb","itemListElement":[{"@type":"ListItem","position":1,"name":"Accueil","item":"https:\/\/paracherkaoui.ma\/"},{"@type":"ListItem","position":2,"name":"Boutique","item":"https:\/\/paracherkaoui.ma\/index.php\/boutique\/"},{"@type":"ListItem","position":3,"name":"FLOXIA SAVON DERMOCOSMETIC EXFOLIANT"}]},{"@type":"WebSite","@id":"https:\/\/paracherkaoui.ma\/#website","url":"https:\/\/paracherkaoui.ma\/","name":"Paracherkaoui.ma","description":"Achetez en ligne sur Paracherkaoui.ma","potentialAction":[{"@type":"SearchAction","target":{"@type":"EntryPoint","urlTemplate":"https:\/\/paracherkaoui.ma\/?s={search_term_string}"},"query-input":{"@type":"PropertyValueSpecification","valueRequired":true,"valueName":"search_term_string"}}],"inLanguage":"fr-FR"}]}},"_links":{"self":[{"href":"https:\/\/paracherkaoui.ma\/index.php\/wp-json\/wp\/v2\/product\/29733","targetHints":{"allow":["GET"]}}],"collection":[{"href":"https:\/\/paracherkaoui.ma\/index.php\/wp-json\/wp\/v2\/product"}],"about":[{"href":"https:\/\/paracherkaoui.ma\/index.php\/wp-json\/wp\/v2\/types\/product"}],"replies":[{"embeddable":true,"href":"https:\/\/paracherkaoui.ma\/index.php\/wp-json\/wp\/v2\/comments?post=29733"}],"version-history":[{"count":1,"href":"https:\/\/paracherkaoui.ma\/index.php\/wp-json\/wp\/v2\/product\/29733\/revisions"}],"predecessor-version":[{"id":29753,"href":"https:\/\/paracherkaoui.ma\/index.php\/wp-json\/wp\/v2\/product\/29733\/revisions\/29753"}],"wp:featuredmedia":[{"embeddable":true,"href":"https:\/\/paracherkaoui.ma\/index.php\/wp-json\/wp\/v2\/media\/24963"}],"wp:attachment":[{"href":"https:\/\/paracherkaoui.ma\/index.php\/wp-json\/wp\/v2\/media?parent=29733"}],"wp:term":[{"taxonomy":"product_brand","embeddable":true,"href":"https:\/\/paracherkaoui.ma\/index.php\/wp-json\/wp\/v2\/product_brand?post=29733"},{"taxonomy":"product_cat","embeddable":true,"href":"https:\/\/paracherkaoui.ma\/index.php\/wp-json\/wp\/v2\/product_cat?post=29733"},{"taxonomy":"product_tag","embeddable":true,"href":"https:\/\/paracherkaoui.ma\/index.php\/wp-json\/wp\/v2\/product_tag?post=29733"}],"curies":[{"name":"wp","href":"https:\/\/api.w.org\/{rel}","templated":true}]}}