{"id":29677,"date":"2025-12-12T18:31:16","date_gmt":"2025-12-12T17:31:16","guid":{"rendered":"https:\/\/test.ecbeaute.com\/?post_type=product&#038;p=29677"},"modified":"2025-12-12T18:31:19","modified_gmt":"2025-12-12T17:31:19","slug":"codexial-enobright-radiance-intense-serum-anti-taches-3","status":"publish","type":"product","link":"https:\/\/paracherkaoui.ma\/index.php\/produit\/codexial-enobright-radiance-intense-serum-anti-taches-3\/","title":{"rendered":"CODEXIAL ENOBRIGHT RADIANCE INTENSE SERUM ANTI TACHES"},"content":{"rendered":"<p>S\u00e9rum intensif anti-taches concentr\u00e9 en alpha-arbutine. Il r\u00e9duit visiblement les taches pigmentaires (li\u00e9es au soleil, \u00e0 l\u2019\u00e2ge, \u00e0 la grossesse ou \u00e0 l\u2019acn\u00e9), pr\u00e9vient leur apparition, pour un teint unifi\u00e9 et \u00e9clatant. Best-seller de la gamme Enobright, le s\u00e9rum intensif anti-taches Radiance Intense est un soin d\u00e9pigmentant hautement concentr\u00e9 recommand\u00e9 par les dermatologues. Indiqu\u00e9 en v\u00e9ritable soin d\u2019attaque, il permet d\u2019att\u00e9nuer et de r\u00e9duire les marques pigmentaires disgracieuses et prononc\u00e9es visibles sur la peau, quelle que soit leur nature : d\u00e9r\u00e8glement hormonal, taches de vieillesse, taches de soleil ou encore taches post-acn\u00e9. Les taches brunes sont provoqu\u00e9es par une surproduction ou une mauvaise distribution de m\u00e9lanine, engendr\u00e9e par une surexposition de la peau au soleil.<br \/>\nConseils d&rsquo;utilisation:<br \/>\nPr\u00e9levez quelques gouttes de votre s\u00e9rum intensif radiance intense et appliquez localement sur vos taches du visage, en \u00e9vitant le contour des yeux.<\/p>\n","protected":false},"excerpt":{"rendered":"<p>S\u00e9rum intensif anti-taches concentr\u00e9 en alpha-arbutine. Il r\u00e9duit visiblement les taches pigmentaires (li\u00e9es au soleil, \u00e0 l\u2019\u00e2ge, \u00e0 la grossesse<\/p>\n","protected":false},"featured_media":24814,"comment_status":"open","ping_status":"closed","template":"","meta":[],"product_brand":[367],"product_cat":[549],"product_tag":[],"class_list":{"0":"post-29677","1":"product","2":"type-product","3":"status-publish","4":"has-post-thumbnail","6":"product_brand-codexial","7":"product_cat-cremes-depigmentantes","9":"first","10":"instock","11":"sale","12":"shipping-taxable","13":"purchasable","14":"product-type-simple"},"yoast_head":"<!-- This site is optimized with the Yoast SEO plugin v26.6 - https:\/\/yoast.com\/wordpress\/plugins\/seo\/ -->\r\n<title>CODEXIAL ENOBRIGHT RADIANCE INTENSE SERUM ANTI TACHES - Paracherkaoui.ma<\/title>\r\n<meta name=\"robots\" content=\"index, follow, max-snippet:-1, max-image-preview:large, max-video-preview:-1\" \/>\r\n<link rel=\"canonical\" href=\"https:\/\/paracherkaoui.ma\/index.php\/produit\/codexial-enobright-radiance-intense-serum-anti-taches-3\/\" \/>\r\n<meta property=\"og:locale\" content=\"fr_FR\" \/>\r\n<meta property=\"og:type\" content=\"article\" \/>\r\n<meta property=\"og:title\" content=\"CODEXIAL ENOBRIGHT RADIANCE INTENSE SERUM ANTI TACHES - Paracherkaoui.ma\" \/>\r\n<meta property=\"og:description\" content=\"S\u00e9rum intensif anti-taches concentr\u00e9 en alpha-arbutine. Il r\u00e9duit visiblement les taches pigmentaires (li\u00e9es au soleil, \u00e0 l\u2019\u00e2ge, \u00e0 la grossesse\" \/>\r\n<meta property=\"og:url\" content=\"https:\/\/paracherkaoui.ma\/index.php\/produit\/codexial-enobright-radiance-intense-serum-anti-taches-3\/\" \/>\r\n<meta property=\"og:site_name\" content=\"Paracherkaoui.ma\" \/>\r\n<meta property=\"article:modified_time\" content=\"2025-12-12T17:31:19+00:00\" \/>\r\n<meta property=\"og:image\" content=\"https:\/\/paracherkaoui.ma\/wp-content\/uploads\/2025\/12\/codexial-codexial-enobright-radiance-intense-serum-anti-taches-creme-depigmentantes.jpg\" \/>\r\n\t<meta property=\"og:image:width\" content=\"700\" \/>\r\n\t<meta property=\"og:image:height\" content=\"700\" \/>\r\n\t<meta property=\"og:image:type\" content=\"image\/jpeg\" \/>\r\n<meta name=\"twitter:card\" content=\"summary_large_image\" \/>\r\n<meta name=\"twitter:label1\" content=\"Dur\u00e9e de lecture estim\u00e9e\" \/>\n\t<meta name=\"twitter:data1\" content=\"1 minute\" \/>\r\n<script type=\"application\/ld+json\" class=\"yoast-schema-graph\">{\"@context\":\"https:\/\/schema.org\",\"@graph\":[{\"@type\":\"WebPage\",\"@id\":\"https:\/\/paracherkaoui.ma\/index.php\/produit\/codexial-enobright-radiance-intense-serum-anti-taches-3\/\",\"url\":\"https:\/\/paracherkaoui.ma\/index.php\/produit\/codexial-enobright-radiance-intense-serum-anti-taches-3\/\",\"name\":\"CODEXIAL ENOBRIGHT RADIANCE INTENSE SERUM ANTI TACHES - Paracherkaoui.ma\",\"isPartOf\":{\"@id\":\"https:\/\/paracherkaoui.ma\/#website\"},\"primaryImageOfPage\":{\"@id\":\"https:\/\/paracherkaoui.ma\/index.php\/produit\/codexial-enobright-radiance-intense-serum-anti-taches-3\/#primaryimage\"},\"image\":{\"@id\":\"https:\/\/paracherkaoui.ma\/index.php\/produit\/codexial-enobright-radiance-intense-serum-anti-taches-3\/#primaryimage\"},\"thumbnailUrl\":\"https:\/\/paracherkaoui.ma\/wp-content\/uploads\/2025\/12\/codexial-codexial-enobright-radiance-intense-serum-anti-taches-creme-depigmentantes.jpg\",\"datePublished\":\"2025-12-12T17:31:16+00:00\",\"dateModified\":\"2025-12-12T17:31:19+00:00\",\"breadcrumb\":{\"@id\":\"https:\/\/paracherkaoui.ma\/index.php\/produit\/codexial-enobright-radiance-intense-serum-anti-taches-3\/#breadcrumb\"},\"inLanguage\":\"fr-FR\",\"potentialAction\":[{\"@type\":\"ReadAction\",\"target\":[\"https:\/\/paracherkaoui.ma\/index.php\/produit\/codexial-enobright-radiance-intense-serum-anti-taches-3\/\"]}]},{\"@type\":\"ImageObject\",\"inLanguage\":\"fr-FR\",\"@id\":\"https:\/\/paracherkaoui.ma\/index.php\/produit\/codexial-enobright-radiance-intense-serum-anti-taches-3\/#primaryimage\",\"url\":\"https:\/\/paracherkaoui.ma\/wp-content\/uploads\/2025\/12\/codexial-codexial-enobright-radiance-intense-serum-anti-taches-creme-depigmentantes.jpg\",\"contentUrl\":\"https:\/\/paracherkaoui.ma\/wp-content\/uploads\/2025\/12\/codexial-codexial-enobright-radiance-intense-serum-anti-taches-creme-depigmentantes.jpg\",\"width\":700,\"height\":700},{\"@type\":\"BreadcrumbList\",\"@id\":\"https:\/\/paracherkaoui.ma\/index.php\/produit\/codexial-enobright-radiance-intense-serum-anti-taches-3\/#breadcrumb\",\"itemListElement\":[{\"@type\":\"ListItem\",\"position\":1,\"name\":\"Accueil\",\"item\":\"https:\/\/paracherkaoui.ma\/\"},{\"@type\":\"ListItem\",\"position\":2,\"name\":\"Boutique\",\"item\":\"https:\/\/paracherkaoui.ma\/index.php\/boutique\/\"},{\"@type\":\"ListItem\",\"position\":3,\"name\":\"CODEXIAL ENOBRIGHT RADIANCE INTENSE SERUM ANTI TACHES\"}]},{\"@type\":\"WebSite\",\"@id\":\"https:\/\/paracherkaoui.ma\/#website\",\"url\":\"https:\/\/paracherkaoui.ma\/\",\"name\":\"Paracherkaoui.ma\",\"description\":\"Achetez en ligne sur Paracherkaoui.ma\",\"potentialAction\":[{\"@type\":\"SearchAction\",\"target\":{\"@type\":\"EntryPoint\",\"urlTemplate\":\"https:\/\/paracherkaoui.ma\/?s={search_term_string}\"},\"query-input\":{\"@type\":\"PropertyValueSpecification\",\"valueRequired\":true,\"valueName\":\"search_term_string\"}}],\"inLanguage\":\"fr-FR\"}]}<\/script>\r\n<!-- \/ Yoast SEO plugin. -->","yoast_head_json":{"title":"CODEXIAL ENOBRIGHT RADIANCE INTENSE SERUM ANTI TACHES - Paracherkaoui.ma","robots":{"index":"index","follow":"follow","max-snippet":"max-snippet:-1","max-image-preview":"max-image-preview:large","max-video-preview":"max-video-preview:-1"},"canonical":"https:\/\/paracherkaoui.ma\/index.php\/produit\/codexial-enobright-radiance-intense-serum-anti-taches-3\/","og_locale":"fr_FR","og_type":"article","og_title":"CODEXIAL ENOBRIGHT RADIANCE INTENSE SERUM ANTI TACHES - Paracherkaoui.ma","og_description":"S\u00e9rum intensif anti-taches concentr\u00e9 en alpha-arbutine. Il r\u00e9duit visiblement les taches pigmentaires (li\u00e9es au soleil, \u00e0 l\u2019\u00e2ge, \u00e0 la grossesse","og_url":"https:\/\/paracherkaoui.ma\/index.php\/produit\/codexial-enobright-radiance-intense-serum-anti-taches-3\/","og_site_name":"Paracherkaoui.ma","article_modified_time":"2025-12-12T17:31:19+00:00","og_image":[{"width":700,"height":700,"url":"https:\/\/paracherkaoui.ma\/wp-content\/uploads\/2025\/12\/codexial-codexial-enobright-radiance-intense-serum-anti-taches-creme-depigmentantes.jpg","type":"image\/jpeg"}],"twitter_card":"summary_large_image","twitter_misc":{"Dur\u00e9e de lecture estim\u00e9e":"1 minute"},"schema":{"@context":"https:\/\/schema.org","@graph":[{"@type":"WebPage","@id":"https:\/\/paracherkaoui.ma\/index.php\/produit\/codexial-enobright-radiance-intense-serum-anti-taches-3\/","url":"https:\/\/paracherkaoui.ma\/index.php\/produit\/codexial-enobright-radiance-intense-serum-anti-taches-3\/","name":"CODEXIAL ENOBRIGHT RADIANCE INTENSE SERUM ANTI TACHES - Paracherkaoui.ma","isPartOf":{"@id":"https:\/\/paracherkaoui.ma\/#website"},"primaryImageOfPage":{"@id":"https:\/\/paracherkaoui.ma\/index.php\/produit\/codexial-enobright-radiance-intense-serum-anti-taches-3\/#primaryimage"},"image":{"@id":"https:\/\/paracherkaoui.ma\/index.php\/produit\/codexial-enobright-radiance-intense-serum-anti-taches-3\/#primaryimage"},"thumbnailUrl":"https:\/\/paracherkaoui.ma\/wp-content\/uploads\/2025\/12\/codexial-codexial-enobright-radiance-intense-serum-anti-taches-creme-depigmentantes.jpg","datePublished":"2025-12-12T17:31:16+00:00","dateModified":"2025-12-12T17:31:19+00:00","breadcrumb":{"@id":"https:\/\/paracherkaoui.ma\/index.php\/produit\/codexial-enobright-radiance-intense-serum-anti-taches-3\/#breadcrumb"},"inLanguage":"fr-FR","potentialAction":[{"@type":"ReadAction","target":["https:\/\/paracherkaoui.ma\/index.php\/produit\/codexial-enobright-radiance-intense-serum-anti-taches-3\/"]}]},{"@type":"ImageObject","inLanguage":"fr-FR","@id":"https:\/\/paracherkaoui.ma\/index.php\/produit\/codexial-enobright-radiance-intense-serum-anti-taches-3\/#primaryimage","url":"https:\/\/paracherkaoui.ma\/wp-content\/uploads\/2025\/12\/codexial-codexial-enobright-radiance-intense-serum-anti-taches-creme-depigmentantes.jpg","contentUrl":"https:\/\/paracherkaoui.ma\/wp-content\/uploads\/2025\/12\/codexial-codexial-enobright-radiance-intense-serum-anti-taches-creme-depigmentantes.jpg","width":700,"height":700},{"@type":"BreadcrumbList","@id":"https:\/\/paracherkaoui.ma\/index.php\/produit\/codexial-enobright-radiance-intense-serum-anti-taches-3\/#breadcrumb","itemListElement":[{"@type":"ListItem","position":1,"name":"Accueil","item":"https:\/\/paracherkaoui.ma\/"},{"@type":"ListItem","position":2,"name":"Boutique","item":"https:\/\/paracherkaoui.ma\/index.php\/boutique\/"},{"@type":"ListItem","position":3,"name":"CODEXIAL ENOBRIGHT RADIANCE INTENSE SERUM ANTI TACHES"}]},{"@type":"WebSite","@id":"https:\/\/paracherkaoui.ma\/#website","url":"https:\/\/paracherkaoui.ma\/","name":"Paracherkaoui.ma","description":"Achetez en ligne sur Paracherkaoui.ma","potentialAction":[{"@type":"SearchAction","target":{"@type":"EntryPoint","urlTemplate":"https:\/\/paracherkaoui.ma\/?s={search_term_string}"},"query-input":{"@type":"PropertyValueSpecification","valueRequired":true,"valueName":"search_term_string"}}],"inLanguage":"fr-FR"}]}},"_links":{"self":[{"href":"https:\/\/paracherkaoui.ma\/index.php\/wp-json\/wp\/v2\/product\/29677","targetHints":{"allow":["GET"]}}],"collection":[{"href":"https:\/\/paracherkaoui.ma\/index.php\/wp-json\/wp\/v2\/product"}],"about":[{"href":"https:\/\/paracherkaoui.ma\/index.php\/wp-json\/wp\/v2\/types\/product"}],"replies":[{"embeddable":true,"href":"https:\/\/paracherkaoui.ma\/index.php\/wp-json\/wp\/v2\/comments?post=29677"}],"version-history":[{"count":1,"href":"https:\/\/paracherkaoui.ma\/index.php\/wp-json\/wp\/v2\/product\/29677\/revisions"}],"predecessor-version":[{"id":29711,"href":"https:\/\/paracherkaoui.ma\/index.php\/wp-json\/wp\/v2\/product\/29677\/revisions\/29711"}],"wp:featuredmedia":[{"embeddable":true,"href":"https:\/\/paracherkaoui.ma\/index.php\/wp-json\/wp\/v2\/media\/24814"}],"wp:attachment":[{"href":"https:\/\/paracherkaoui.ma\/index.php\/wp-json\/wp\/v2\/media?parent=29677"}],"wp:term":[{"taxonomy":"product_brand","embeddable":true,"href":"https:\/\/paracherkaoui.ma\/index.php\/wp-json\/wp\/v2\/product_brand?post=29677"},{"taxonomy":"product_cat","embeddable":true,"href":"https:\/\/paracherkaoui.ma\/index.php\/wp-json\/wp\/v2\/product_cat?post=29677"},{"taxonomy":"product_tag","embeddable":true,"href":"https:\/\/paracherkaoui.ma\/index.php\/wp-json\/wp\/v2\/product_tag?post=29677"}],"curies":[{"name":"wp","href":"https:\/\/api.w.org\/{rel}","templated":true}]}}