{"id":29674,"date":"2025-12-12T18:31:16","date_gmt":"2025-12-12T17:31:16","guid":{"rendered":"https:\/\/test.ecbeaute.com\/?post_type=product&#038;p=29674"},"modified":"2025-12-12T18:31:18","modified_gmt":"2025-12-12T17:31:18","slug":"mesoestetic-melan-gel-creme-tran-3x-50-ml-2","status":"publish","type":"product","link":"https:\/\/paracherkaoui.ma\/index.php\/produit\/mesoestetic-melan-gel-creme-tran-3x-50-ml-2\/","title":{"rendered":"MESOESTETIC MELAN GEL CREME TRAN 3X 50 ML"},"content":{"rendered":"<p>Description:<br \/>\nCr\u00e8me d\u00e9pigmentante \u00e0 usage quotidien qui agit progressivement sur les t\u00e2ches \u00e9pidermiques pour apporter un teint de peau plus homog\u00e8ne.<br \/>\nConseils d&rsquo;utilisation:<br \/>\nUsage topique. Utiliser quotidiennement, matin et soir. Appliquer 3 \u00e0 4 gouttes de melan tran3x concentrate sur une peau propre, s\u00e8che et intacte et r\u00e9partir uniform\u00e9ment. Appliquer ensuite melan tran3x gel cream et masser jusqu\u2019\u00e0 absorption compl\u00e8te. Ne pas rincer. En cas d\u2019exposition directe au soleil, appliquer une protection solaire \u00e0 fort pouvoir photoprotecteur et n\u2019utiliser melan tran3x concentrate que le soir.<\/p>\n","protected":false},"excerpt":{"rendered":"<p>Description: Cr\u00e8me d\u00e9pigmentante \u00e0 usage quotidien qui agit progressivement sur les t\u00e2ches \u00e9pidermiques pour apporter un teint de peau plus<\/p>\n","protected":false},"featured_media":24796,"comment_status":"open","ping_status":"closed","template":"","meta":[],"product_brand":[399],"product_cat":[549],"product_tag":[],"class_list":{"0":"post-29674","1":"product","2":"type-product","3":"status-publish","4":"has-post-thumbnail","6":"product_brand-mesoestetic","7":"product_cat-cremes-depigmentantes","9":"first","10":"instock","11":"sale","12":"shipping-taxable","13":"purchasable","14":"product-type-simple"},"yoast_head":"<!-- This site is optimized with the Yoast SEO plugin v26.6 - https:\/\/yoast.com\/wordpress\/plugins\/seo\/ -->\r\n<title>MESOESTETIC MELAN GEL CREME TRAN 3X 50 ML - Paracherkaoui.ma<\/title>\r\n<meta name=\"robots\" content=\"index, follow, max-snippet:-1, max-image-preview:large, max-video-preview:-1\" \/>\r\n<link rel=\"canonical\" href=\"https:\/\/paracherkaoui.ma\/index.php\/produit\/mesoestetic-melan-gel-creme-tran-3x-50-ml-2\/\" \/>\r\n<meta property=\"og:locale\" content=\"fr_FR\" \/>\r\n<meta property=\"og:type\" content=\"article\" \/>\r\n<meta property=\"og:title\" content=\"MESOESTETIC MELAN GEL CREME TRAN 3X 50 ML - Paracherkaoui.ma\" \/>\r\n<meta property=\"og:description\" content=\"Description: Cr\u00e8me d\u00e9pigmentante \u00e0 usage quotidien qui agit progressivement sur les t\u00e2ches \u00e9pidermiques pour apporter un teint de peau plus\" \/>\r\n<meta property=\"og:url\" content=\"https:\/\/paracherkaoui.ma\/index.php\/produit\/mesoestetic-melan-gel-creme-tran-3x-50-ml-2\/\" \/>\r\n<meta property=\"og:site_name\" content=\"Paracherkaoui.ma\" \/>\r\n<meta property=\"article:modified_time\" content=\"2025-12-12T17:31:18+00:00\" \/>\r\n<meta property=\"og:image\" content=\"https:\/\/paracherkaoui.ma\/wp-content\/uploads\/2025\/12\/mesoestetic-melan-gel-creme-tran-3x-50-ml.jpg\" \/>\r\n\t<meta property=\"og:image:width\" content=\"700\" \/>\r\n\t<meta property=\"og:image:height\" content=\"700\" \/>\r\n\t<meta property=\"og:image:type\" content=\"image\/jpeg\" \/>\r\n<meta name=\"twitter:card\" content=\"summary_large_image\" \/>\r\n<script type=\"application\/ld+json\" class=\"yoast-schema-graph\">{\"@context\":\"https:\/\/schema.org\",\"@graph\":[{\"@type\":\"WebPage\",\"@id\":\"https:\/\/paracherkaoui.ma\/index.php\/produit\/mesoestetic-melan-gel-creme-tran-3x-50-ml-2\/\",\"url\":\"https:\/\/paracherkaoui.ma\/index.php\/produit\/mesoestetic-melan-gel-creme-tran-3x-50-ml-2\/\",\"name\":\"MESOESTETIC MELAN GEL CREME TRAN 3X 50 ML - Paracherkaoui.ma\",\"isPartOf\":{\"@id\":\"https:\/\/paracherkaoui.ma\/#website\"},\"primaryImageOfPage\":{\"@id\":\"https:\/\/paracherkaoui.ma\/index.php\/produit\/mesoestetic-melan-gel-creme-tran-3x-50-ml-2\/#primaryimage\"},\"image\":{\"@id\":\"https:\/\/paracherkaoui.ma\/index.php\/produit\/mesoestetic-melan-gel-creme-tran-3x-50-ml-2\/#primaryimage\"},\"thumbnailUrl\":\"https:\/\/paracherkaoui.ma\/wp-content\/uploads\/2025\/12\/mesoestetic-melan-gel-creme-tran-3x-50-ml.jpg\",\"datePublished\":\"2025-12-12T17:31:16+00:00\",\"dateModified\":\"2025-12-12T17:31:18+00:00\",\"breadcrumb\":{\"@id\":\"https:\/\/paracherkaoui.ma\/index.php\/produit\/mesoestetic-melan-gel-creme-tran-3x-50-ml-2\/#breadcrumb\"},\"inLanguage\":\"fr-FR\",\"potentialAction\":[{\"@type\":\"ReadAction\",\"target\":[\"https:\/\/paracherkaoui.ma\/index.php\/produit\/mesoestetic-melan-gel-creme-tran-3x-50-ml-2\/\"]}]},{\"@type\":\"ImageObject\",\"inLanguage\":\"fr-FR\",\"@id\":\"https:\/\/paracherkaoui.ma\/index.php\/produit\/mesoestetic-melan-gel-creme-tran-3x-50-ml-2\/#primaryimage\",\"url\":\"https:\/\/paracherkaoui.ma\/wp-content\/uploads\/2025\/12\/mesoestetic-melan-gel-creme-tran-3x-50-ml.jpg\",\"contentUrl\":\"https:\/\/paracherkaoui.ma\/wp-content\/uploads\/2025\/12\/mesoestetic-melan-gel-creme-tran-3x-50-ml.jpg\",\"width\":700,\"height\":700},{\"@type\":\"BreadcrumbList\",\"@id\":\"https:\/\/paracherkaoui.ma\/index.php\/produit\/mesoestetic-melan-gel-creme-tran-3x-50-ml-2\/#breadcrumb\",\"itemListElement\":[{\"@type\":\"ListItem\",\"position\":1,\"name\":\"Accueil\",\"item\":\"https:\/\/paracherkaoui.ma\/\"},{\"@type\":\"ListItem\",\"position\":2,\"name\":\"Boutique\",\"item\":\"https:\/\/paracherkaoui.ma\/index.php\/boutique\/\"},{\"@type\":\"ListItem\",\"position\":3,\"name\":\"MESOESTETIC MELAN GEL CREME TRAN 3X 50 ML\"}]},{\"@type\":\"WebSite\",\"@id\":\"https:\/\/paracherkaoui.ma\/#website\",\"url\":\"https:\/\/paracherkaoui.ma\/\",\"name\":\"Paracherkaoui.ma\",\"description\":\"Achetez en ligne sur Paracherkaoui.ma\",\"potentialAction\":[{\"@type\":\"SearchAction\",\"target\":{\"@type\":\"EntryPoint\",\"urlTemplate\":\"https:\/\/paracherkaoui.ma\/?s={search_term_string}\"},\"query-input\":{\"@type\":\"PropertyValueSpecification\",\"valueRequired\":true,\"valueName\":\"search_term_string\"}}],\"inLanguage\":\"fr-FR\"}]}<\/script>\r\n<!-- \/ Yoast SEO plugin. -->","yoast_head_json":{"title":"MESOESTETIC MELAN GEL CREME TRAN 3X 50 ML - Paracherkaoui.ma","robots":{"index":"index","follow":"follow","max-snippet":"max-snippet:-1","max-image-preview":"max-image-preview:large","max-video-preview":"max-video-preview:-1"},"canonical":"https:\/\/paracherkaoui.ma\/index.php\/produit\/mesoestetic-melan-gel-creme-tran-3x-50-ml-2\/","og_locale":"fr_FR","og_type":"article","og_title":"MESOESTETIC MELAN GEL CREME TRAN 3X 50 ML - Paracherkaoui.ma","og_description":"Description: Cr\u00e8me d\u00e9pigmentante \u00e0 usage quotidien qui agit progressivement sur les t\u00e2ches \u00e9pidermiques pour apporter un teint de peau plus","og_url":"https:\/\/paracherkaoui.ma\/index.php\/produit\/mesoestetic-melan-gel-creme-tran-3x-50-ml-2\/","og_site_name":"Paracherkaoui.ma","article_modified_time":"2025-12-12T17:31:18+00:00","og_image":[{"width":700,"height":700,"url":"https:\/\/paracherkaoui.ma\/wp-content\/uploads\/2025\/12\/mesoestetic-melan-gel-creme-tran-3x-50-ml.jpg","type":"image\/jpeg"}],"twitter_card":"summary_large_image","schema":{"@context":"https:\/\/schema.org","@graph":[{"@type":"WebPage","@id":"https:\/\/paracherkaoui.ma\/index.php\/produit\/mesoestetic-melan-gel-creme-tran-3x-50-ml-2\/","url":"https:\/\/paracherkaoui.ma\/index.php\/produit\/mesoestetic-melan-gel-creme-tran-3x-50-ml-2\/","name":"MESOESTETIC MELAN GEL CREME TRAN 3X 50 ML - Paracherkaoui.ma","isPartOf":{"@id":"https:\/\/paracherkaoui.ma\/#website"},"primaryImageOfPage":{"@id":"https:\/\/paracherkaoui.ma\/index.php\/produit\/mesoestetic-melan-gel-creme-tran-3x-50-ml-2\/#primaryimage"},"image":{"@id":"https:\/\/paracherkaoui.ma\/index.php\/produit\/mesoestetic-melan-gel-creme-tran-3x-50-ml-2\/#primaryimage"},"thumbnailUrl":"https:\/\/paracherkaoui.ma\/wp-content\/uploads\/2025\/12\/mesoestetic-melan-gel-creme-tran-3x-50-ml.jpg","datePublished":"2025-12-12T17:31:16+00:00","dateModified":"2025-12-12T17:31:18+00:00","breadcrumb":{"@id":"https:\/\/paracherkaoui.ma\/index.php\/produit\/mesoestetic-melan-gel-creme-tran-3x-50-ml-2\/#breadcrumb"},"inLanguage":"fr-FR","potentialAction":[{"@type":"ReadAction","target":["https:\/\/paracherkaoui.ma\/index.php\/produit\/mesoestetic-melan-gel-creme-tran-3x-50-ml-2\/"]}]},{"@type":"ImageObject","inLanguage":"fr-FR","@id":"https:\/\/paracherkaoui.ma\/index.php\/produit\/mesoestetic-melan-gel-creme-tran-3x-50-ml-2\/#primaryimage","url":"https:\/\/paracherkaoui.ma\/wp-content\/uploads\/2025\/12\/mesoestetic-melan-gel-creme-tran-3x-50-ml.jpg","contentUrl":"https:\/\/paracherkaoui.ma\/wp-content\/uploads\/2025\/12\/mesoestetic-melan-gel-creme-tran-3x-50-ml.jpg","width":700,"height":700},{"@type":"BreadcrumbList","@id":"https:\/\/paracherkaoui.ma\/index.php\/produit\/mesoestetic-melan-gel-creme-tran-3x-50-ml-2\/#breadcrumb","itemListElement":[{"@type":"ListItem","position":1,"name":"Accueil","item":"https:\/\/paracherkaoui.ma\/"},{"@type":"ListItem","position":2,"name":"Boutique","item":"https:\/\/paracherkaoui.ma\/index.php\/boutique\/"},{"@type":"ListItem","position":3,"name":"MESOESTETIC MELAN GEL CREME TRAN 3X 50 ML"}]},{"@type":"WebSite","@id":"https:\/\/paracherkaoui.ma\/#website","url":"https:\/\/paracherkaoui.ma\/","name":"Paracherkaoui.ma","description":"Achetez en ligne sur Paracherkaoui.ma","potentialAction":[{"@type":"SearchAction","target":{"@type":"EntryPoint","urlTemplate":"https:\/\/paracherkaoui.ma\/?s={search_term_string}"},"query-input":{"@type":"PropertyValueSpecification","valueRequired":true,"valueName":"search_term_string"}}],"inLanguage":"fr-FR"}]}},"_links":{"self":[{"href":"https:\/\/paracherkaoui.ma\/index.php\/wp-json\/wp\/v2\/product\/29674","targetHints":{"allow":["GET"]}}],"collection":[{"href":"https:\/\/paracherkaoui.ma\/index.php\/wp-json\/wp\/v2\/product"}],"about":[{"href":"https:\/\/paracherkaoui.ma\/index.php\/wp-json\/wp\/v2\/types\/product"}],"replies":[{"embeddable":true,"href":"https:\/\/paracherkaoui.ma\/index.php\/wp-json\/wp\/v2\/comments?post=29674"}],"version-history":[{"count":1,"href":"https:\/\/paracherkaoui.ma\/index.php\/wp-json\/wp\/v2\/product\/29674\/revisions"}],"predecessor-version":[{"id":29708,"href":"https:\/\/paracherkaoui.ma\/index.php\/wp-json\/wp\/v2\/product\/29674\/revisions\/29708"}],"wp:featuredmedia":[{"embeddable":true,"href":"https:\/\/paracherkaoui.ma\/index.php\/wp-json\/wp\/v2\/media\/24796"}],"wp:attachment":[{"href":"https:\/\/paracherkaoui.ma\/index.php\/wp-json\/wp\/v2\/media?parent=29674"}],"wp:term":[{"taxonomy":"product_brand","embeddable":true,"href":"https:\/\/paracherkaoui.ma\/index.php\/wp-json\/wp\/v2\/product_brand?post=29674"},{"taxonomy":"product_cat","embeddable":true,"href":"https:\/\/paracherkaoui.ma\/index.php\/wp-json\/wp\/v2\/product_cat?post=29674"},{"taxonomy":"product_tag","embeddable":true,"href":"https:\/\/paracherkaoui.ma\/index.php\/wp-json\/wp\/v2\/product_tag?post=29674"}],"curies":[{"name":"wp","href":"https:\/\/api.w.org\/{rel}","templated":true}]}}