{"id":29663,"date":"2025-12-12T18:31:15","date_gmt":"2025-12-12T17:31:15","guid":{"rendered":"https:\/\/test.ecbeaute.com\/?post_type=product&#038;p=29663"},"modified":"2025-12-12T18:31:17","modified_gmt":"2025-12-12T17:31:17","slug":"bioderma-offre-pigmentbio-c-concentrate-15-ml-pigmentbio-nettoyant-200ml-5","status":"publish","type":"product","link":"https:\/\/paracherkaoui.ma\/index.php\/produit\/bioderma-offre-pigmentbio-c-concentrate-15-ml-pigmentbio-nettoyant-200ml-5\/","title":{"rendered":"BIODERMA OFFRE PIGMENTBIO C CONCENTRATE 15 ML +PIGMENTBIO NETTOYANT 200ML"},"content":{"rendered":"<p>Description:<br \/>\nLe s\u00e9rum PigmentBio C-Concentrate de la marque Bioderma est un s\u00e9rum pour lutter contre les t\u00e2ches pigmentaires, booster le renouvellement cellulaire (effet \u00e9claircissant) et pr\u00e9venir le vieillissement de la peau gr\u00e2ce \u00e0 la pr\u00e9sence de vitamine C fra\u00eeche anti-oxydante.Sa formule contient une technologie nouvelle pour un effet anti-oxydant ultra-efficace par la pr\u00e9sence de vitamine C fra\u00eeche que l\u2019on active par le bouchon au moment de l\u2019application. Elle contient \u00e9galement de l\u2019acide glycolique qui permet d\u2019obtenir un effet peeling, \u00e9claircissant et anti-teint terne.<br \/>\nConseils d&rsquo;utilisation:<br \/>\n5 gouttes \u00e0 appliquer sur le visage, le soir \u00e0 l\u2019aide d\u2019une pipette sous forme de cure de 2 mois \u00e0 renouveler 2 \u00e0 3 fois par an.<\/p>\n","protected":false},"excerpt":{"rendered":"<p>Description: Le s\u00e9rum PigmentBio C-Concentrate de la marque Bioderma est un s\u00e9rum pour lutter contre les t\u00e2ches pigmentaires, booster le<\/p>\n","protected":false},"featured_media":11817,"comment_status":"open","ping_status":"closed","template":"","meta":[],"product_brand":[137],"product_cat":[549],"product_tag":[],"class_list":{"0":"post-29663","1":"product","2":"type-product","3":"status-publish","4":"has-post-thumbnail","6":"product_brand-bioderma","7":"product_cat-cremes-depigmentantes","9":"first","10":"instock","11":"sale","12":"shipping-taxable","13":"purchasable","14":"product-type-simple"},"yoast_head":"<!-- This site is optimized with the Yoast SEO plugin v26.6 - https:\/\/yoast.com\/wordpress\/plugins\/seo\/ -->\r\n<title>BIODERMA OFFRE PIGMENTBIO C CONCENTRATE 15 ML +PIGMENTBIO NETTOYANT 200ML - Paracherkaoui.ma<\/title>\r\n<meta name=\"robots\" content=\"index, follow, max-snippet:-1, max-image-preview:large, max-video-preview:-1\" \/>\r\n<link rel=\"canonical\" href=\"https:\/\/paracherkaoui.ma\/index.php\/produit\/bioderma-offre-pigmentbio-c-concentrate-15-ml-pigmentbio-nettoyant-200ml-5\/\" \/>\r\n<meta property=\"og:locale\" content=\"fr_FR\" \/>\r\n<meta property=\"og:type\" content=\"article\" \/>\r\n<meta property=\"og:title\" content=\"BIODERMA OFFRE PIGMENTBIO C CONCENTRATE 15 ML +PIGMENTBIO NETTOYANT 200ML - Paracherkaoui.ma\" \/>\r\n<meta property=\"og:description\" content=\"Description: Le s\u00e9rum PigmentBio C-Concentrate de la marque Bioderma est un s\u00e9rum pour lutter contre les t\u00e2ches pigmentaires, booster le\" \/>\r\n<meta property=\"og:url\" content=\"https:\/\/paracherkaoui.ma\/index.php\/produit\/bioderma-offre-pigmentbio-c-concentrate-15-ml-pigmentbio-nettoyant-200ml-5\/\" \/>\r\n<meta property=\"og:site_name\" content=\"Paracherkaoui.ma\" \/>\r\n<meta property=\"article:modified_time\" content=\"2025-12-12T17:31:17+00:00\" \/>\r\n<meta property=\"og:image\" content=\"https:\/\/paracherkaoui.ma\/wp-content\/uploads\/2025\/12\/bioderma-offre-pigmentbio-c-concentrate-15-ml-pigmentbio-nettoyant-200ml.jpg\" \/>\r\n\t<meta property=\"og:image:width\" content=\"700\" \/>\r\n\t<meta property=\"og:image:height\" content=\"700\" \/>\r\n\t<meta property=\"og:image:type\" content=\"image\/jpeg\" \/>\r\n<meta name=\"twitter:card\" content=\"summary_large_image\" \/>\r\n<meta name=\"twitter:label1\" content=\"Dur\u00e9e de lecture estim\u00e9e\" \/>\n\t<meta name=\"twitter:data1\" content=\"1 minute\" \/>\r\n<script type=\"application\/ld+json\" class=\"yoast-schema-graph\">{\"@context\":\"https:\/\/schema.org\",\"@graph\":[{\"@type\":\"WebPage\",\"@id\":\"https:\/\/paracherkaoui.ma\/index.php\/produit\/bioderma-offre-pigmentbio-c-concentrate-15-ml-pigmentbio-nettoyant-200ml-5\/\",\"url\":\"https:\/\/paracherkaoui.ma\/index.php\/produit\/bioderma-offre-pigmentbio-c-concentrate-15-ml-pigmentbio-nettoyant-200ml-5\/\",\"name\":\"BIODERMA OFFRE PIGMENTBIO C CONCENTRATE 15 ML +PIGMENTBIO NETTOYANT 200ML - Paracherkaoui.ma\",\"isPartOf\":{\"@id\":\"https:\/\/paracherkaoui.ma\/#website\"},\"primaryImageOfPage\":{\"@id\":\"https:\/\/paracherkaoui.ma\/index.php\/produit\/bioderma-offre-pigmentbio-c-concentrate-15-ml-pigmentbio-nettoyant-200ml-5\/#primaryimage\"},\"image\":{\"@id\":\"https:\/\/paracherkaoui.ma\/index.php\/produit\/bioderma-offre-pigmentbio-c-concentrate-15-ml-pigmentbio-nettoyant-200ml-5\/#primaryimage\"},\"thumbnailUrl\":\"https:\/\/paracherkaoui.ma\/wp-content\/uploads\/2025\/12\/bioderma-offre-pigmentbio-c-concentrate-15-ml-pigmentbio-nettoyant-200ml.jpg\",\"datePublished\":\"2025-12-12T17:31:15+00:00\",\"dateModified\":\"2025-12-12T17:31:17+00:00\",\"breadcrumb\":{\"@id\":\"https:\/\/paracherkaoui.ma\/index.php\/produit\/bioderma-offre-pigmentbio-c-concentrate-15-ml-pigmentbio-nettoyant-200ml-5\/#breadcrumb\"},\"inLanguage\":\"fr-FR\",\"potentialAction\":[{\"@type\":\"ReadAction\",\"target\":[\"https:\/\/paracherkaoui.ma\/index.php\/produit\/bioderma-offre-pigmentbio-c-concentrate-15-ml-pigmentbio-nettoyant-200ml-5\/\"]}]},{\"@type\":\"ImageObject\",\"inLanguage\":\"fr-FR\",\"@id\":\"https:\/\/paracherkaoui.ma\/index.php\/produit\/bioderma-offre-pigmentbio-c-concentrate-15-ml-pigmentbio-nettoyant-200ml-5\/#primaryimage\",\"url\":\"https:\/\/paracherkaoui.ma\/wp-content\/uploads\/2025\/12\/bioderma-offre-pigmentbio-c-concentrate-15-ml-pigmentbio-nettoyant-200ml.jpg\",\"contentUrl\":\"https:\/\/paracherkaoui.ma\/wp-content\/uploads\/2025\/12\/bioderma-offre-pigmentbio-c-concentrate-15-ml-pigmentbio-nettoyant-200ml.jpg\",\"width\":700,\"height\":700},{\"@type\":\"BreadcrumbList\",\"@id\":\"https:\/\/paracherkaoui.ma\/index.php\/produit\/bioderma-offre-pigmentbio-c-concentrate-15-ml-pigmentbio-nettoyant-200ml-5\/#breadcrumb\",\"itemListElement\":[{\"@type\":\"ListItem\",\"position\":1,\"name\":\"Accueil\",\"item\":\"https:\/\/paracherkaoui.ma\/\"},{\"@type\":\"ListItem\",\"position\":2,\"name\":\"Boutique\",\"item\":\"https:\/\/paracherkaoui.ma\/index.php\/boutique\/\"},{\"@type\":\"ListItem\",\"position\":3,\"name\":\"BIODERMA OFFRE PIGMENTBIO C CONCENTRATE 15 ML +PIGMENTBIO NETTOYANT 200ML\"}]},{\"@type\":\"WebSite\",\"@id\":\"https:\/\/paracherkaoui.ma\/#website\",\"url\":\"https:\/\/paracherkaoui.ma\/\",\"name\":\"Paracherkaoui.ma\",\"description\":\"Achetez en ligne sur Paracherkaoui.ma\",\"potentialAction\":[{\"@type\":\"SearchAction\",\"target\":{\"@type\":\"EntryPoint\",\"urlTemplate\":\"https:\/\/paracherkaoui.ma\/?s={search_term_string}\"},\"query-input\":{\"@type\":\"PropertyValueSpecification\",\"valueRequired\":true,\"valueName\":\"search_term_string\"}}],\"inLanguage\":\"fr-FR\"}]}<\/script>\r\n<!-- \/ Yoast SEO plugin. -->","yoast_head_json":{"title":"BIODERMA OFFRE PIGMENTBIO C CONCENTRATE 15 ML +PIGMENTBIO NETTOYANT 200ML - Paracherkaoui.ma","robots":{"index":"index","follow":"follow","max-snippet":"max-snippet:-1","max-image-preview":"max-image-preview:large","max-video-preview":"max-video-preview:-1"},"canonical":"https:\/\/paracherkaoui.ma\/index.php\/produit\/bioderma-offre-pigmentbio-c-concentrate-15-ml-pigmentbio-nettoyant-200ml-5\/","og_locale":"fr_FR","og_type":"article","og_title":"BIODERMA OFFRE PIGMENTBIO C CONCENTRATE 15 ML +PIGMENTBIO NETTOYANT 200ML - Paracherkaoui.ma","og_description":"Description: Le s\u00e9rum PigmentBio C-Concentrate de la marque Bioderma est un s\u00e9rum pour lutter contre les t\u00e2ches pigmentaires, booster le","og_url":"https:\/\/paracherkaoui.ma\/index.php\/produit\/bioderma-offre-pigmentbio-c-concentrate-15-ml-pigmentbio-nettoyant-200ml-5\/","og_site_name":"Paracherkaoui.ma","article_modified_time":"2025-12-12T17:31:17+00:00","og_image":[{"width":700,"height":700,"url":"https:\/\/paracherkaoui.ma\/wp-content\/uploads\/2025\/12\/bioderma-offre-pigmentbio-c-concentrate-15-ml-pigmentbio-nettoyant-200ml.jpg","type":"image\/jpeg"}],"twitter_card":"summary_large_image","twitter_misc":{"Dur\u00e9e de lecture estim\u00e9e":"1 minute"},"schema":{"@context":"https:\/\/schema.org","@graph":[{"@type":"WebPage","@id":"https:\/\/paracherkaoui.ma\/index.php\/produit\/bioderma-offre-pigmentbio-c-concentrate-15-ml-pigmentbio-nettoyant-200ml-5\/","url":"https:\/\/paracherkaoui.ma\/index.php\/produit\/bioderma-offre-pigmentbio-c-concentrate-15-ml-pigmentbio-nettoyant-200ml-5\/","name":"BIODERMA OFFRE PIGMENTBIO C CONCENTRATE 15 ML +PIGMENTBIO NETTOYANT 200ML - Paracherkaoui.ma","isPartOf":{"@id":"https:\/\/paracherkaoui.ma\/#website"},"primaryImageOfPage":{"@id":"https:\/\/paracherkaoui.ma\/index.php\/produit\/bioderma-offre-pigmentbio-c-concentrate-15-ml-pigmentbio-nettoyant-200ml-5\/#primaryimage"},"image":{"@id":"https:\/\/paracherkaoui.ma\/index.php\/produit\/bioderma-offre-pigmentbio-c-concentrate-15-ml-pigmentbio-nettoyant-200ml-5\/#primaryimage"},"thumbnailUrl":"https:\/\/paracherkaoui.ma\/wp-content\/uploads\/2025\/12\/bioderma-offre-pigmentbio-c-concentrate-15-ml-pigmentbio-nettoyant-200ml.jpg","datePublished":"2025-12-12T17:31:15+00:00","dateModified":"2025-12-12T17:31:17+00:00","breadcrumb":{"@id":"https:\/\/paracherkaoui.ma\/index.php\/produit\/bioderma-offre-pigmentbio-c-concentrate-15-ml-pigmentbio-nettoyant-200ml-5\/#breadcrumb"},"inLanguage":"fr-FR","potentialAction":[{"@type":"ReadAction","target":["https:\/\/paracherkaoui.ma\/index.php\/produit\/bioderma-offre-pigmentbio-c-concentrate-15-ml-pigmentbio-nettoyant-200ml-5\/"]}]},{"@type":"ImageObject","inLanguage":"fr-FR","@id":"https:\/\/paracherkaoui.ma\/index.php\/produit\/bioderma-offre-pigmentbio-c-concentrate-15-ml-pigmentbio-nettoyant-200ml-5\/#primaryimage","url":"https:\/\/paracherkaoui.ma\/wp-content\/uploads\/2025\/12\/bioderma-offre-pigmentbio-c-concentrate-15-ml-pigmentbio-nettoyant-200ml.jpg","contentUrl":"https:\/\/paracherkaoui.ma\/wp-content\/uploads\/2025\/12\/bioderma-offre-pigmentbio-c-concentrate-15-ml-pigmentbio-nettoyant-200ml.jpg","width":700,"height":700},{"@type":"BreadcrumbList","@id":"https:\/\/paracherkaoui.ma\/index.php\/produit\/bioderma-offre-pigmentbio-c-concentrate-15-ml-pigmentbio-nettoyant-200ml-5\/#breadcrumb","itemListElement":[{"@type":"ListItem","position":1,"name":"Accueil","item":"https:\/\/paracherkaoui.ma\/"},{"@type":"ListItem","position":2,"name":"Boutique","item":"https:\/\/paracherkaoui.ma\/index.php\/boutique\/"},{"@type":"ListItem","position":3,"name":"BIODERMA OFFRE PIGMENTBIO C CONCENTRATE 15 ML +PIGMENTBIO NETTOYANT 200ML"}]},{"@type":"WebSite","@id":"https:\/\/paracherkaoui.ma\/#website","url":"https:\/\/paracherkaoui.ma\/","name":"Paracherkaoui.ma","description":"Achetez en ligne sur Paracherkaoui.ma","potentialAction":[{"@type":"SearchAction","target":{"@type":"EntryPoint","urlTemplate":"https:\/\/paracherkaoui.ma\/?s={search_term_string}"},"query-input":{"@type":"PropertyValueSpecification","valueRequired":true,"valueName":"search_term_string"}}],"inLanguage":"fr-FR"}]}},"_links":{"self":[{"href":"https:\/\/paracherkaoui.ma\/index.php\/wp-json\/wp\/v2\/product\/29663","targetHints":{"allow":["GET"]}}],"collection":[{"href":"https:\/\/paracherkaoui.ma\/index.php\/wp-json\/wp\/v2\/product"}],"about":[{"href":"https:\/\/paracherkaoui.ma\/index.php\/wp-json\/wp\/v2\/types\/product"}],"replies":[{"embeddable":true,"href":"https:\/\/paracherkaoui.ma\/index.php\/wp-json\/wp\/v2\/comments?post=29663"}],"version-history":[{"count":1,"href":"https:\/\/paracherkaoui.ma\/index.php\/wp-json\/wp\/v2\/product\/29663\/revisions"}],"predecessor-version":[{"id":29693,"href":"https:\/\/paracherkaoui.ma\/index.php\/wp-json\/wp\/v2\/product\/29663\/revisions\/29693"}],"wp:featuredmedia":[{"embeddable":true,"href":"https:\/\/paracherkaoui.ma\/index.php\/wp-json\/wp\/v2\/media\/11817"}],"wp:attachment":[{"href":"https:\/\/paracherkaoui.ma\/index.php\/wp-json\/wp\/v2\/media?parent=29663"}],"wp:term":[{"taxonomy":"product_brand","embeddable":true,"href":"https:\/\/paracherkaoui.ma\/index.php\/wp-json\/wp\/v2\/product_brand?post=29663"},{"taxonomy":"product_cat","embeddable":true,"href":"https:\/\/paracherkaoui.ma\/index.php\/wp-json\/wp\/v2\/product_cat?post=29663"},{"taxonomy":"product_tag","embeddable":true,"href":"https:\/\/paracherkaoui.ma\/index.php\/wp-json\/wp\/v2\/product_tag?post=29663"}],"curies":[{"name":"wp","href":"https:\/\/api.w.org\/{rel}","templated":true}]}}