{"id":29613,"date":"2025-12-12T18:31:10","date_gmt":"2025-12-12T17:31:10","guid":{"rendered":"https:\/\/test.ecbeaute.com\/?post_type=product&#038;p=29613"},"modified":"2025-12-12T18:31:13","modified_gmt":"2025-12-12T17:31:13","slug":"dermaceutic-turnover-40-ml-3","status":"publish","type":"product","link":"https:\/\/paracherkaoui.ma\/index.php\/produit\/dermaceutic-turnover-40-ml-3\/","title":{"rendered":"DERMACEUTIC TURNOVER 40 ML"},"content":{"rendered":"<p>DESCRIPTION :<br \/>\nLe soin Turn Over de nuit de Mene et Moy est formul\u00e9 \u00e0 15% d\u2019acide glycolique, il favorise l\u2019exfoliation naturelle de la peau stimulant ainsi les synth\u00e8ses de collag\u00e8ne et d\u2019\u00e9lastine. La peau est plus jeune, plus souple et plus \u00e9clatante. Soin exfoliant, stimule le renouvellement cellulaire, relance la synth\u00e8se de collag\u00e8ne et d&rsquo;\u00e9lastine. Elimine les impuret\u00e9s et les cellules mortes, redonne \u00e9clat \u00e0 la peau. Sans parfum, sans paraben. Conditionnement : flacon pompe airless, \u00e9tui carton. P\u00e9remption apr\u00e8s ouverture : 12 mois.<br \/>\nCONSEILS D&rsquo;UTILISATION :<br \/>\nAppliquer le soir sur le visage et le cou.<\/p>\n","protected":false},"excerpt":{"rendered":"<p>DESCRIPTION : Le soin Turn Over de nuit de Mene et Moy est formul\u00e9 \u00e0 15% d\u2019acide glycolique, il favorise<\/p>\n","protected":false},"featured_media":24653,"comment_status":"open","ping_status":"closed","template":"","meta":[],"product_brand":[366],"product_cat":[549],"product_tag":[],"class_list":{"0":"post-29613","1":"product","2":"type-product","3":"status-publish","4":"has-post-thumbnail","6":"product_brand-dermaceutic","7":"product_cat-cremes-depigmentantes","9":"first","10":"instock","11":"sale","12":"shipping-taxable","13":"purchasable","14":"product-type-simple"},"yoast_head":"<!-- This site is optimized with the Yoast SEO plugin v26.6 - https:\/\/yoast.com\/wordpress\/plugins\/seo\/ -->\r\n<title>DERMACEUTIC TURNOVER 40 ML - Paracherkaoui.ma<\/title>\r\n<meta name=\"robots\" content=\"index, follow, max-snippet:-1, max-image-preview:large, max-video-preview:-1\" \/>\r\n<link rel=\"canonical\" href=\"https:\/\/paracherkaoui.ma\/index.php\/produit\/dermaceutic-turnover-40-ml-3\/\" \/>\r\n<meta property=\"og:locale\" content=\"fr_FR\" \/>\r\n<meta property=\"og:type\" content=\"article\" \/>\r\n<meta property=\"og:title\" content=\"DERMACEUTIC TURNOVER 40 ML - Paracherkaoui.ma\" \/>\r\n<meta property=\"og:description\" content=\"DESCRIPTION : Le soin Turn Over de nuit de Mene et Moy est formul\u00e9 \u00e0 15% d\u2019acide glycolique, il favorise\" \/>\r\n<meta property=\"og:url\" content=\"https:\/\/paracherkaoui.ma\/index.php\/produit\/dermaceutic-turnover-40-ml-3\/\" \/>\r\n<meta property=\"og:site_name\" content=\"Paracherkaoui.ma\" \/>\r\n<meta property=\"article:modified_time\" content=\"2025-12-12T17:31:13+00:00\" \/>\r\n<meta property=\"og:image\" content=\"https:\/\/paracherkaoui.ma\/wp-content\/uploads\/2025\/12\/dermaceutic-dermaceutic-turnover-40-ml-cremes-depigmentantes.jpg\" \/>\r\n\t<meta property=\"og:image:width\" content=\"700\" \/>\r\n\t<meta property=\"og:image:height\" content=\"700\" \/>\r\n\t<meta property=\"og:image:type\" content=\"image\/jpeg\" \/>\r\n<meta name=\"twitter:card\" content=\"summary_large_image\" \/>\r\n<meta name=\"twitter:label1\" content=\"Dur\u00e9e de lecture estim\u00e9e\" \/>\n\t<meta name=\"twitter:data1\" content=\"1 minute\" \/>\r\n<script type=\"application\/ld+json\" class=\"yoast-schema-graph\">{\"@context\":\"https:\/\/schema.org\",\"@graph\":[{\"@type\":\"WebPage\",\"@id\":\"https:\/\/paracherkaoui.ma\/index.php\/produit\/dermaceutic-turnover-40-ml-3\/\",\"url\":\"https:\/\/paracherkaoui.ma\/index.php\/produit\/dermaceutic-turnover-40-ml-3\/\",\"name\":\"DERMACEUTIC TURNOVER 40 ML - Paracherkaoui.ma\",\"isPartOf\":{\"@id\":\"https:\/\/paracherkaoui.ma\/#website\"},\"primaryImageOfPage\":{\"@id\":\"https:\/\/paracherkaoui.ma\/index.php\/produit\/dermaceutic-turnover-40-ml-3\/#primaryimage\"},\"image\":{\"@id\":\"https:\/\/paracherkaoui.ma\/index.php\/produit\/dermaceutic-turnover-40-ml-3\/#primaryimage\"},\"thumbnailUrl\":\"https:\/\/paracherkaoui.ma\/wp-content\/uploads\/2025\/12\/dermaceutic-dermaceutic-turnover-40-ml-cremes-depigmentantes.jpg\",\"datePublished\":\"2025-12-12T17:31:10+00:00\",\"dateModified\":\"2025-12-12T17:31:13+00:00\",\"breadcrumb\":{\"@id\":\"https:\/\/paracherkaoui.ma\/index.php\/produit\/dermaceutic-turnover-40-ml-3\/#breadcrumb\"},\"inLanguage\":\"fr-FR\",\"potentialAction\":[{\"@type\":\"ReadAction\",\"target\":[\"https:\/\/paracherkaoui.ma\/index.php\/produit\/dermaceutic-turnover-40-ml-3\/\"]}]},{\"@type\":\"ImageObject\",\"inLanguage\":\"fr-FR\",\"@id\":\"https:\/\/paracherkaoui.ma\/index.php\/produit\/dermaceutic-turnover-40-ml-3\/#primaryimage\",\"url\":\"https:\/\/paracherkaoui.ma\/wp-content\/uploads\/2025\/12\/dermaceutic-dermaceutic-turnover-40-ml-cremes-depigmentantes.jpg\",\"contentUrl\":\"https:\/\/paracherkaoui.ma\/wp-content\/uploads\/2025\/12\/dermaceutic-dermaceutic-turnover-40-ml-cremes-depigmentantes.jpg\",\"width\":700,\"height\":700},{\"@type\":\"BreadcrumbList\",\"@id\":\"https:\/\/paracherkaoui.ma\/index.php\/produit\/dermaceutic-turnover-40-ml-3\/#breadcrumb\",\"itemListElement\":[{\"@type\":\"ListItem\",\"position\":1,\"name\":\"Accueil\",\"item\":\"https:\/\/paracherkaoui.ma\/\"},{\"@type\":\"ListItem\",\"position\":2,\"name\":\"Boutique\",\"item\":\"https:\/\/paracherkaoui.ma\/index.php\/boutique\/\"},{\"@type\":\"ListItem\",\"position\":3,\"name\":\"DERMACEUTIC TURNOVER 40 ML\"}]},{\"@type\":\"WebSite\",\"@id\":\"https:\/\/paracherkaoui.ma\/#website\",\"url\":\"https:\/\/paracherkaoui.ma\/\",\"name\":\"Paracherkaoui.ma\",\"description\":\"Achetez en ligne sur Paracherkaoui.ma\",\"potentialAction\":[{\"@type\":\"SearchAction\",\"target\":{\"@type\":\"EntryPoint\",\"urlTemplate\":\"https:\/\/paracherkaoui.ma\/?s={search_term_string}\"},\"query-input\":{\"@type\":\"PropertyValueSpecification\",\"valueRequired\":true,\"valueName\":\"search_term_string\"}}],\"inLanguage\":\"fr-FR\"}]}<\/script>\r\n<!-- \/ Yoast SEO plugin. -->","yoast_head_json":{"title":"DERMACEUTIC TURNOVER 40 ML - Paracherkaoui.ma","robots":{"index":"index","follow":"follow","max-snippet":"max-snippet:-1","max-image-preview":"max-image-preview:large","max-video-preview":"max-video-preview:-1"},"canonical":"https:\/\/paracherkaoui.ma\/index.php\/produit\/dermaceutic-turnover-40-ml-3\/","og_locale":"fr_FR","og_type":"article","og_title":"DERMACEUTIC TURNOVER 40 ML - Paracherkaoui.ma","og_description":"DESCRIPTION : Le soin Turn Over de nuit de Mene et Moy est formul\u00e9 \u00e0 15% d\u2019acide glycolique, il favorise","og_url":"https:\/\/paracherkaoui.ma\/index.php\/produit\/dermaceutic-turnover-40-ml-3\/","og_site_name":"Paracherkaoui.ma","article_modified_time":"2025-12-12T17:31:13+00:00","og_image":[{"width":700,"height":700,"url":"https:\/\/paracherkaoui.ma\/wp-content\/uploads\/2025\/12\/dermaceutic-dermaceutic-turnover-40-ml-cremes-depigmentantes.jpg","type":"image\/jpeg"}],"twitter_card":"summary_large_image","twitter_misc":{"Dur\u00e9e de lecture estim\u00e9e":"1 minute"},"schema":{"@context":"https:\/\/schema.org","@graph":[{"@type":"WebPage","@id":"https:\/\/paracherkaoui.ma\/index.php\/produit\/dermaceutic-turnover-40-ml-3\/","url":"https:\/\/paracherkaoui.ma\/index.php\/produit\/dermaceutic-turnover-40-ml-3\/","name":"DERMACEUTIC TURNOVER 40 ML - Paracherkaoui.ma","isPartOf":{"@id":"https:\/\/paracherkaoui.ma\/#website"},"primaryImageOfPage":{"@id":"https:\/\/paracherkaoui.ma\/index.php\/produit\/dermaceutic-turnover-40-ml-3\/#primaryimage"},"image":{"@id":"https:\/\/paracherkaoui.ma\/index.php\/produit\/dermaceutic-turnover-40-ml-3\/#primaryimage"},"thumbnailUrl":"https:\/\/paracherkaoui.ma\/wp-content\/uploads\/2025\/12\/dermaceutic-dermaceutic-turnover-40-ml-cremes-depigmentantes.jpg","datePublished":"2025-12-12T17:31:10+00:00","dateModified":"2025-12-12T17:31:13+00:00","breadcrumb":{"@id":"https:\/\/paracherkaoui.ma\/index.php\/produit\/dermaceutic-turnover-40-ml-3\/#breadcrumb"},"inLanguage":"fr-FR","potentialAction":[{"@type":"ReadAction","target":["https:\/\/paracherkaoui.ma\/index.php\/produit\/dermaceutic-turnover-40-ml-3\/"]}]},{"@type":"ImageObject","inLanguage":"fr-FR","@id":"https:\/\/paracherkaoui.ma\/index.php\/produit\/dermaceutic-turnover-40-ml-3\/#primaryimage","url":"https:\/\/paracherkaoui.ma\/wp-content\/uploads\/2025\/12\/dermaceutic-dermaceutic-turnover-40-ml-cremes-depigmentantes.jpg","contentUrl":"https:\/\/paracherkaoui.ma\/wp-content\/uploads\/2025\/12\/dermaceutic-dermaceutic-turnover-40-ml-cremes-depigmentantes.jpg","width":700,"height":700},{"@type":"BreadcrumbList","@id":"https:\/\/paracherkaoui.ma\/index.php\/produit\/dermaceutic-turnover-40-ml-3\/#breadcrumb","itemListElement":[{"@type":"ListItem","position":1,"name":"Accueil","item":"https:\/\/paracherkaoui.ma\/"},{"@type":"ListItem","position":2,"name":"Boutique","item":"https:\/\/paracherkaoui.ma\/index.php\/boutique\/"},{"@type":"ListItem","position":3,"name":"DERMACEUTIC TURNOVER 40 ML"}]},{"@type":"WebSite","@id":"https:\/\/paracherkaoui.ma\/#website","url":"https:\/\/paracherkaoui.ma\/","name":"Paracherkaoui.ma","description":"Achetez en ligne sur Paracherkaoui.ma","potentialAction":[{"@type":"SearchAction","target":{"@type":"EntryPoint","urlTemplate":"https:\/\/paracherkaoui.ma\/?s={search_term_string}"},"query-input":{"@type":"PropertyValueSpecification","valueRequired":true,"valueName":"search_term_string"}}],"inLanguage":"fr-FR"}]}},"_links":{"self":[{"href":"https:\/\/paracherkaoui.ma\/index.php\/wp-json\/wp\/v2\/product\/29613","targetHints":{"allow":["GET"]}}],"collection":[{"href":"https:\/\/paracherkaoui.ma\/index.php\/wp-json\/wp\/v2\/product"}],"about":[{"href":"https:\/\/paracherkaoui.ma\/index.php\/wp-json\/wp\/v2\/types\/product"}],"replies":[{"embeddable":true,"href":"https:\/\/paracherkaoui.ma\/index.php\/wp-json\/wp\/v2\/comments?post=29613"}],"version-history":[{"count":1,"href":"https:\/\/paracherkaoui.ma\/index.php\/wp-json\/wp\/v2\/product\/29613\/revisions"}],"predecessor-version":[{"id":29645,"href":"https:\/\/paracherkaoui.ma\/index.php\/wp-json\/wp\/v2\/product\/29613\/revisions\/29645"}],"wp:featuredmedia":[{"embeddable":true,"href":"https:\/\/paracherkaoui.ma\/index.php\/wp-json\/wp\/v2\/media\/24653"}],"wp:attachment":[{"href":"https:\/\/paracherkaoui.ma\/index.php\/wp-json\/wp\/v2\/media?parent=29613"}],"wp:term":[{"taxonomy":"product_brand","embeddable":true,"href":"https:\/\/paracherkaoui.ma\/index.php\/wp-json\/wp\/v2\/product_brand?post=29613"},{"taxonomy":"product_cat","embeddable":true,"href":"https:\/\/paracherkaoui.ma\/index.php\/wp-json\/wp\/v2\/product_cat?post=29613"},{"taxonomy":"product_tag","embeddable":true,"href":"https:\/\/paracherkaoui.ma\/index.php\/wp-json\/wp\/v2\/product_tag?post=29613"}],"curies":[{"name":"wp","href":"https:\/\/api.w.org\/{rel}","templated":true}]}}